{"id":71729,"date":"2026-01-06T11:00:19","date_gmt":"2026-01-06T08:00:19","guid":{"rendered":"https:\/\/sakt.ee\/pood\/maaratlemata\/pt100-peaga-50-400c-6x300mm-b-klass-3-sooneline-r%c2%bd-2\/"},"modified":"2026-03-30T09:05:26","modified_gmt":"2026-03-30T06:05:26","slug":"pt100-peaga-50-400c-6x300mm-b-klass-3-sooneline-r%c2%bd-2","status":"publish","type":"product","link":"https:\/\/sakt.ee\/ru\/\u043c\u0430\u0433\u0430\u0437\u0438\u043d\/%d0%b4%d0%b0%d1%82%d1%87%d0%b8%d0%ba%d0%b8-%d0%bf%d1%80%d0%be%d1%86%d0%b5%d1%81%d1%81%d0%b0\/%d1%82%d0%b5%d0%bc%d0%bf%d0%b5%d1%80%d0%b0%d1%82%d1%83%d1%80%d0%bd%d1%8b%d0%b5-%d0%b4%d0%b0%d1%82%d1%87%d0%b8%d0%ba%d0%b8\/%d1%81-%d0%b7%d0%b0%d1%89%d0%b8%d1%82%d0%bd%d0%be%d0%b9-%d0%b3%d0%be%d0%bb%d0%be%d0%b2%d0%ba%d0%be%d0%b9\/pt100-peaga-50-400c-6x300mm-b-klass-3-sooneline-r%c2%bd-2\/","title":{"rendered":"PT100 \"peaga\"; -50&#8230;+400C; 6x300mm; B-klass; 3-sooneline; R\u00bd\u201d"},"content":{"rendered":"","protected":false},"excerpt":{"rendered":"","protected":false},"featured_media":64526,"template":"","meta":{"_acf_changed":false},"product_brand":[],"product_cat":[2947],"product_tag":[],"manufacturers":[7715],"class_list":{"0":"post-71729","1":"product","2":"type-product","3":"status-publish","4":"has-post-thumbnail","6":"product_cat-peaga-temperatuuriandurid","7":"pa_juhtmete-arv-891","8":"pa_kaitseklass-ip55","9":"pa_keere-labiviik-g","10":"pa_labimoot-6mm","11":"pa_mootepiirkond-50-400c","12":"pa_pikkus-300mm","13":"pa_tapsusklass-b","14":"pa_toode-pt100-andur","15":"pa_tootja-resitermica","16":"pa_uhendustuup-klemmliist","17":"manufacturers-resitermica","19":"first","20":"instock","21":"taxable","22":"shipping-taxable","23":"purchasable","24":"product-type-simple"},"acf":[],"yoast_head":"<!-- This site is optimized with the Yoast SEO Premium plugin v25.4 (Yoast SEO v25.4) - https:\/\/yoast.com\/wordpress\/plugins\/seo\/ -->\n<title>PT100 &quot;peaga&quot;; -50...+400C; 6x300mm; B-klass; 3-sooneline; R\u00bd\u201d - Sakala T\u00f6\u00f6stusautomaatika O\u00dc<\/title>\n<meta name=\"robots\" content=\"index, follow, max-snippet:-1, max-image-preview:large, max-video-preview:-1\" \/>\n<link rel=\"canonical\" href=\"https:\/\/sakt.ee\/pood\/andurid\/temperatuuriandurid\/peaga-temperatuuriandurid\/pt100-peaga-50-400c-6x300mm-b-klass-3-sooneline-r\u00bd-2\/\" \/>\n<meta property=\"og:locale\" content=\"ru_RU\" \/>\n<meta property=\"og:type\" content=\"article\" \/>\n<meta property=\"og:title\" content=\"PT100 &quot;peaga&quot;; -50...+400C; 6x300mm; B-klass; 3-sooneline; R\u00bd\u201d\" \/>\n<meta property=\"og:url\" content=\"https:\/\/sakt.ee\/pood\/andurid\/temperatuuriandurid\/peaga-temperatuuriandurid\/pt100-peaga-50-400c-6x300mm-b-klass-3-sooneline-r\u00bd-2\/\" \/>\n<meta property=\"og:site_name\" content=\"Sakala T\u00f6\u00f6stusautomaatika O\u00dc\" \/>\n<meta property=\"article:modified_time\" content=\"2026-03-30T06:05:26+00:00\" \/>\n<meta name=\"twitter:card\" content=\"summary_large_image\" \/>\n<meta name=\"twitter:label1\" content=\"\u0426\u0435\u043d\u0430\" \/>\n\t<meta name=\"twitter:data1\" content=\"63,00&euro; +KM\" \/>\n\t<meta name=\"twitter:label2\" content=\"\u0414\u043e\u0441\u0442\u0443\u043f\u043d\u043e\u0441\u0442\u044c\" \/>\n\t<meta name=\"twitter:data2\" content=\"\u0412 \u043d\u0430\u043b\u0438\u0447\u0438\u0438\" \/>\n<script type=\"application\/ld+json\" class=\"yoast-schema-graph\">{\"@context\":\"https:\/\/schema.org\",\"@graph\":[{\"@type\":\"WebPage\",\"@id\":\"https:\/\/sakt.ee\/pood\/andurid\/temperatuuriandurid\/peaga-temperatuuriandurid\/pt100-peaga-50-400c-6x300mm-b-klass-3-sooneline-r%c2%bd-2\/\",\"url\":\"https:\/\/sakt.ee\/pood\/andurid\/temperatuuriandurid\/peaga-temperatuuriandurid\/pt100-peaga-50-400c-6x300mm-b-klass-3-sooneline-r%c2%bd-2\/\",\"name\":\"PT100 \\\"peaga\\\"; -50...+400C; 6x300mm; B-klass; 3-sooneline; R\u00bd\u201d - Sakala T\u00f6\u00f6stusautomaatika O\u00dc\",\"isPartOf\":{\"@id\":\"https:\/\/sakt.ee\/en\/#website\"},\"primaryImageOfPage\":{\"@id\":\"https:\/\/sakt.ee\/pood\/andurid\/temperatuuriandurid\/peaga-temperatuuriandurid\/pt100-peaga-50-400c-6x300mm-b-klass-3-sooneline-r%c2%bd-2\/#primaryimage\"},\"image\":{\"@id\":\"https:\/\/sakt.ee\/pood\/andurid\/temperatuuriandurid\/peaga-temperatuuriandurid\/pt100-peaga-50-400c-6x300mm-b-klass-3-sooneline-r%c2%bd-2\/#primaryimage\"},\"thumbnailUrl\":\"https:\/\/sakt.ee\/wp-content\/uploads\/2025\/10\/PT100-Resitermica-scaled.jpg\",\"datePublished\":\"2026-01-06T08:00:19+00:00\",\"dateModified\":\"2026-03-30T06:05:26+00:00\",\"breadcrumb\":{\"@id\":\"https:\/\/sakt.ee\/pood\/andurid\/temperatuuriandurid\/peaga-temperatuuriandurid\/pt100-peaga-50-400c-6x300mm-b-klass-3-sooneline-r%c2%bd-2\/#breadcrumb\"},\"inLanguage\":\"ru-RU\",\"potentialAction\":[{\"@type\":\"ReadAction\",\"target\":[\"https:\/\/sakt.ee\/pood\/andurid\/temperatuuriandurid\/peaga-temperatuuriandurid\/pt100-peaga-50-400c-6x300mm-b-klass-3-sooneline-r%c2%bd-2\/\"]}]},{\"@type\":\"ImageObject\",\"inLanguage\":\"ru-RU\",\"@id\":\"https:\/\/sakt.ee\/pood\/andurid\/temperatuuriandurid\/peaga-temperatuuriandurid\/pt100-peaga-50-400c-6x300mm-b-klass-3-sooneline-r%c2%bd-2\/#primaryimage\",\"url\":\"https:\/\/sakt.ee\/wp-content\/uploads\/2025\/10\/PT100-Resitermica-scaled.jpg\",\"contentUrl\":\"https:\/\/sakt.ee\/wp-content\/uploads\/2025\/10\/PT100-Resitermica-scaled.jpg\",\"width\":1920,\"height\":2560},{\"@type\":\"BreadcrumbList\",\"@id\":\"https:\/\/sakt.ee\/pood\/andurid\/temperatuuriandurid\/peaga-temperatuuriandurid\/pt100-peaga-50-400c-6x300mm-b-klass-3-sooneline-r%c2%bd-2\/#breadcrumb\",\"itemListElement\":[{\"@type\":\"ListItem\",\"position\":1,\"name\":\"Home\",\"item\":\"https:\/\/sakt.ee\/\"},{\"@type\":\"ListItem\",\"position\":2,\"name\":\"\u041c\u0430\u0433\u0430\u0437\u0438\u043d\",\"item\":\"https:\/\/sakt.ee\/ru\/\u043c\u0430\u0433\u0430\u0437\u0438\u043d\/\"},{\"@type\":\"ListItem\",\"position\":3,\"name\":\"PT100 \\\"peaga\\\"; -50&#8230;+400C; 6x300mm; B-klass; 3-sooneline; R\u00bd\u201d\"}]},{\"@type\":\"WebSite\",\"@id\":\"https:\/\/sakt.ee\/en\/#website\",\"url\":\"https:\/\/sakt.ee\/en\/\",\"name\":\"Sakala T\u00f6\u00f6stusautomaatika O\u00dc\",\"description\":\"T\u00f6\u00f6stusautomaatika e-pood\",\"publisher\":{\"@id\":\"https:\/\/sakt.ee\/en\/#organization\"},\"potentialAction\":[{\"@type\":\"SearchAction\",\"target\":{\"@type\":\"EntryPoint\",\"urlTemplate\":\"https:\/\/sakt.ee\/en\/?s={search_term_string}\"},\"query-input\":{\"@type\":\"PropertyValueSpecification\",\"valueRequired\":true,\"valueName\":\"search_term_string\"}}],\"inLanguage\":\"ru-RU\"},{\"@type\":\"Organization\",\"@id\":\"https:\/\/sakt.ee\/en\/#organization\",\"name\":\"Sakala T\u00f6\u00f6stusautomaatika O\u00dc\",\"url\":\"https:\/\/sakt.ee\/en\/\",\"logo\":{\"@type\":\"ImageObject\",\"inLanguage\":\"ru-RU\",\"@id\":\"https:\/\/sakt.ee\/en\/#\/schema\/logo\/image\/\",\"url\":\"https:\/\/sakt.ee\/wp-content\/uploads\/2025\/05\/Sakala-Toostusautomaatika-favicon.png\",\"contentUrl\":\"https:\/\/sakt.ee\/wp-content\/uploads\/2025\/05\/Sakala-Toostusautomaatika-favicon.png\",\"width\":500,\"height\":500,\"caption\":\"Sakala T\u00f6\u00f6stusautomaatika O\u00dc\"},\"image\":{\"@id\":\"https:\/\/sakt.ee\/en\/#\/schema\/logo\/image\/\"}}]}<\/script>\n<meta property=\"product:price:amount\" content=\"63.00\" \/>\n<meta property=\"product:price:currency\" content=\"EUR\" \/>\n<meta property=\"og:availability\" content=\"instock\" \/>\n<meta property=\"product:availability\" content=\"instock\" \/>\n<meta property=\"product:retailer_item_id\" content=\"SPTCR12.6.300\/ALBN\" \/>\n<meta property=\"product:condition\" content=\"new\" \/>\n<!-- \/ Yoast SEO Premium plugin. -->","yoast_head_json":{"title":"PT100 \"peaga\"; -50...+400C; 6x300mm; B-klass; 3-sooneline; R\u00bd\u201d - Sakala T\u00f6\u00f6stusautomaatika O\u00dc","robots":{"index":"index","follow":"follow","max-snippet":"max-snippet:-1","max-image-preview":"max-image-preview:large","max-video-preview":"max-video-preview:-1"},"canonical":"https:\/\/sakt.ee\/pood\/andurid\/temperatuuriandurid\/peaga-temperatuuriandurid\/pt100-peaga-50-400c-6x300mm-b-klass-3-sooneline-r\u00bd-2\/","og_locale":"ru_RU","og_type":"article","og_title":"PT100 \"peaga\"; -50...+400C; 6x300mm; B-klass; 3-sooneline; R\u00bd\u201d","og_url":"https:\/\/sakt.ee\/pood\/andurid\/temperatuuriandurid\/peaga-temperatuuriandurid\/pt100-peaga-50-400c-6x300mm-b-klass-3-sooneline-r\u00bd-2\/","og_site_name":"Sakala T\u00f6\u00f6stusautomaatika O\u00dc","article_modified_time":"2026-03-30T06:05:26+00:00","twitter_card":"summary_large_image","twitter_misc":{"\u0426\u0435\u043d\u0430":"63,00&euro; +KM","\u0414\u043e\u0441\u0442\u0443\u043f\u043d\u043e\u0441\u0442\u044c":"\u0412 \u043d\u0430\u043b\u0438\u0447\u0438\u0438"},"schema":{"@context":"https:\/\/schema.org","@graph":[{"@type":"WebPage","@id":"https:\/\/sakt.ee\/pood\/andurid\/temperatuuriandurid\/peaga-temperatuuriandurid\/pt100-peaga-50-400c-6x300mm-b-klass-3-sooneline-r%c2%bd-2\/","url":"https:\/\/sakt.ee\/pood\/andurid\/temperatuuriandurid\/peaga-temperatuuriandurid\/pt100-peaga-50-400c-6x300mm-b-klass-3-sooneline-r%c2%bd-2\/","name":"PT100 \"peaga\"; -50...+400C; 6x300mm; B-klass; 3-sooneline; R\u00bd\u201d - Sakala T\u00f6\u00f6stusautomaatika O\u00dc","isPartOf":{"@id":"https:\/\/sakt.ee\/en\/#website"},"primaryImageOfPage":{"@id":"https:\/\/sakt.ee\/pood\/andurid\/temperatuuriandurid\/peaga-temperatuuriandurid\/pt100-peaga-50-400c-6x300mm-b-klass-3-sooneline-r%c2%bd-2\/#primaryimage"},"image":{"@id":"https:\/\/sakt.ee\/pood\/andurid\/temperatuuriandurid\/peaga-temperatuuriandurid\/pt100-peaga-50-400c-6x300mm-b-klass-3-sooneline-r%c2%bd-2\/#primaryimage"},"thumbnailUrl":"https:\/\/sakt.ee\/wp-content\/uploads\/2025\/10\/PT100-Resitermica-scaled.jpg","datePublished":"2026-01-06T08:00:19+00:00","dateModified":"2026-03-30T06:05:26+00:00","breadcrumb":{"@id":"https:\/\/sakt.ee\/pood\/andurid\/temperatuuriandurid\/peaga-temperatuuriandurid\/pt100-peaga-50-400c-6x300mm-b-klass-3-sooneline-r%c2%bd-2\/#breadcrumb"},"inLanguage":"ru-RU","potentialAction":[{"@type":"ReadAction","target":["https:\/\/sakt.ee\/pood\/andurid\/temperatuuriandurid\/peaga-temperatuuriandurid\/pt100-peaga-50-400c-6x300mm-b-klass-3-sooneline-r%c2%bd-2\/"]}]},{"@type":"ImageObject","inLanguage":"ru-RU","@id":"https:\/\/sakt.ee\/pood\/andurid\/temperatuuriandurid\/peaga-temperatuuriandurid\/pt100-peaga-50-400c-6x300mm-b-klass-3-sooneline-r%c2%bd-2\/#primaryimage","url":"https:\/\/sakt.ee\/wp-content\/uploads\/2025\/10\/PT100-Resitermica-scaled.jpg","contentUrl":"https:\/\/sakt.ee\/wp-content\/uploads\/2025\/10\/PT100-Resitermica-scaled.jpg","width":1920,"height":2560},{"@type":"BreadcrumbList","@id":"https:\/\/sakt.ee\/pood\/andurid\/temperatuuriandurid\/peaga-temperatuuriandurid\/pt100-peaga-50-400c-6x300mm-b-klass-3-sooneline-r%c2%bd-2\/#breadcrumb","itemListElement":[{"@type":"ListItem","position":1,"name":"Home","item":"https:\/\/sakt.ee\/"},{"@type":"ListItem","position":2,"name":"\u041c\u0430\u0433\u0430\u0437\u0438\u043d","item":"https:\/\/sakt.ee\/ru\/\u043c\u0430\u0433\u0430\u0437\u0438\u043d\/"},{"@type":"ListItem","position":3,"name":"PT100 \"peaga\"; -50&#8230;+400C; 6x300mm; B-klass; 3-sooneline; R\u00bd\u201d"}]},{"@type":"WebSite","@id":"https:\/\/sakt.ee\/en\/#website","url":"https:\/\/sakt.ee\/en\/","name":"Sakala T\u00f6\u00f6stusautomaatika O\u00dc","description":"T\u00f6\u00f6stusautomaatika e-pood","publisher":{"@id":"https:\/\/sakt.ee\/en\/#organization"},"potentialAction":[{"@type":"SearchAction","target":{"@type":"EntryPoint","urlTemplate":"https:\/\/sakt.ee\/en\/?s={search_term_string}"},"query-input":{"@type":"PropertyValueSpecification","valueRequired":true,"valueName":"search_term_string"}}],"inLanguage":"ru-RU"},{"@type":"Organization","@id":"https:\/\/sakt.ee\/en\/#organization","name":"Sakala T\u00f6\u00f6stusautomaatika O\u00dc","url":"https:\/\/sakt.ee\/en\/","logo":{"@type":"ImageObject","inLanguage":"ru-RU","@id":"https:\/\/sakt.ee\/en\/#\/schema\/logo\/image\/","url":"https:\/\/sakt.ee\/wp-content\/uploads\/2025\/05\/Sakala-Toostusautomaatika-favicon.png","contentUrl":"https:\/\/sakt.ee\/wp-content\/uploads\/2025\/05\/Sakala-Toostusautomaatika-favicon.png","width":500,"height":500,"caption":"Sakala T\u00f6\u00f6stusautomaatika O\u00dc"},"image":{"@id":"https:\/\/sakt.ee\/en\/#\/schema\/logo\/image\/"}}]},"product_price_amount":"63.00","product_price_currency":"EUR","og_availability":"instock","product_availability":"instock","product_retailer_item_id":"SPTCR12.6.300\/ALBN","product_condition":"new"},"_links":{"self":[{"href":"https:\/\/sakt.ee\/ru\/wp-json\/wp\/v2\/product\/71729","targetHints":{"allow":["GET"]}}],"collection":[{"href":"https:\/\/sakt.ee\/ru\/wp-json\/wp\/v2\/product"}],"about":[{"href":"https:\/\/sakt.ee\/ru\/wp-json\/wp\/v2\/types\/product"}],"version-history":[{"count":1,"href":"https:\/\/sakt.ee\/ru\/wp-json\/wp\/v2\/product\/71729\/revisions"}],"predecessor-version":[{"id":71730,"href":"https:\/\/sakt.ee\/ru\/wp-json\/wp\/v2\/product\/71729\/revisions\/71730"}],"wp:featuredmedia":[{"embeddable":true,"href":"https:\/\/sakt.ee\/ru\/wp-json\/wp\/v2\/media\/64526"}],"wp:attachment":[{"href":"https:\/\/sakt.ee\/ru\/wp-json\/wp\/v2\/media?parent=71729"}],"wp:term":[{"taxonomy":"product_brand","embeddable":true,"href":"https:\/\/sakt.ee\/ru\/wp-json\/wp\/v2\/product_brand?post=71729"},{"taxonomy":"product_cat","embeddable":true,"href":"https:\/\/sakt.ee\/ru\/wp-json\/wp\/v2\/product_cat?post=71729"},{"taxonomy":"product_tag","embeddable":true,"href":"https:\/\/sakt.ee\/ru\/wp-json\/wp\/v2\/product_tag?post=71729"},{"taxonomy":"manufacturers","embeddable":true,"href":"https:\/\/sakt.ee\/ru\/wp-json\/wp\/v2\/manufacturers?post=71729"}],"curies":[{"name":"wp","href":"https:\/\/api.w.org\/{rel}","templated":true}]}}