{"id":71569,"date":"2025-12-18T12:00:20","date_gmt":"2025-12-18T09:00:20","guid":{"rendered":"https:\/\/sakt.ee\/pood\/maaratlemata\/vn-a00ll-teekonnaluliti-reguleeritav-spiraalvedru\/"},"modified":"2025-12-29T14:52:10","modified_gmt":"2025-12-29T11:52:10","slug":"vn-a00ll-teekonnaluliti-reguleeritav-spiraalvedru","status":"publish","type":"product","link":"https:\/\/sakt.ee\/ru\/\u043c\u0430\u0433\u0430\u0437\u0438\u043d\/%d0%bf%d0%b5%d1%80%d0%b5%d0%ba%d0%bb%d1%8e%d1%87%d0%b0%d1%82%d0%b5%d0%bb%d0%b8\/%d0%ba%d0%be%d0%bd%d1%86%d0%b5%d0%b2%d1%8b%d0%b5-%d0%b2%d1%8b%d0%ba%d0%bb%d1%8e%d1%87%d0%b0%d1%82%d0%b5%d0%bb%d0%b8\/%d0%b0%d0%ba%d1%81%d0%b5%d1%81%d1%81%d1%83%d0%b0%d1%80%d1%8b-%d0%b4%d0%bb%d1%8f-%d0%ba%d0%be%d0%bd%d1%86%d0%b5%d0%b2%d1%8b%d0%b5-%d0%b2%d1%8b%d0%ba%d0%bb%d1%8e%d1%87%d0%b0%d1%82%d0%b5%d0%bb%d0%b8\/vn-a00ll-teekonnaluliti-reguleeritav-spiraalvedru\/","title":{"rendered":"VN A00LL teekonnal\u00fcliti reguleeritav spiraalvedru"},"content":{"rendered":"","protected":false},"excerpt":{"rendered":"","protected":false},"featured_media":71623,"template":"","meta":{"_acf_changed":false},"product_brand":[],"product_cat":[2951],"product_tag":[],"manufacturers":[7716],"class_list":{"0":"post-71569","1":"product","2":"type-product","3":"status-publish","4":"has-post-thumbnail","6":"product_cat-teekonnalulitite-lisatarvikud","7":"pa_mehhanism-rullik-ja-hoob","8":"pa_seeria-fc-fd-fk-fl-fm-fp-fr-fx-na-nb-nf","9":"manufacturers-pizzato","11":"first","12":"instock","13":"taxable","14":"shipping-taxable","15":"purchasable","16":"product-type-simple"},"acf":[],"yoast_head":"<!-- This site is optimized with the Yoast SEO Premium plugin v25.4 (Yoast SEO v25.4) - https:\/\/yoast.com\/wordpress\/plugins\/seo\/ -->\n<title>VN A00LL teekonnal\u00fcliti reguleeritav spiraalvedru - Sakala T\u00f6\u00f6stusautomaatika O\u00dc<\/title>\n<meta name=\"robots\" content=\"index, follow, max-snippet:-1, max-image-preview:large, max-video-preview:-1\" \/>\n<link rel=\"canonical\" href=\"https:\/\/sakt.ee\/pood\/lulitid\/teekonnalulitid\/teekonnalulitite-lisatarvikud\/vn-a00ll-teekonnaluliti-reguleeritav-spiraalvedru\/\" \/>\n<meta property=\"og:locale\" content=\"ru_RU\" \/>\n<meta property=\"og:type\" content=\"article\" \/>\n<meta property=\"og:title\" content=\"VN A00LL teekonnal\u00fcliti reguleeritav spiraalvedru\" \/>\n<meta property=\"og:url\" content=\"https:\/\/sakt.ee\/pood\/lulitid\/teekonnalulitid\/teekonnalulitite-lisatarvikud\/vn-a00ll-teekonnaluliti-reguleeritav-spiraalvedru\/\" \/>\n<meta property=\"og:site_name\" content=\"Sakala T\u00f6\u00f6stusautomaatika O\u00dc\" \/>\n<meta property=\"article:modified_time\" content=\"2025-12-29T11:52:10+00:00\" \/>\n<meta name=\"twitter:card\" content=\"summary_large_image\" \/>\n<meta name=\"twitter:label1\" content=\"\u0426\u0435\u043d\u0430\" \/>\n\t<meta name=\"twitter:data1\" content=\"3,40&euro; +KM\" \/>\n\t<meta name=\"twitter:label2\" content=\"\u0414\u043e\u0441\u0442\u0443\u043f\u043d\u043e\u0441\u0442\u044c\" \/>\n\t<meta name=\"twitter:data2\" content=\"\u0412 \u043d\u0430\u043b\u0438\u0447\u0438\u0438\" \/>\n<script type=\"application\/ld+json\" class=\"yoast-schema-graph\">{\"@context\":\"https:\/\/schema.org\",\"@graph\":[{\"@type\":\"WebPage\",\"@id\":\"https:\/\/sakt.ee\/pood\/lulitid\/teekonnalulitid\/teekonnalulitite-lisatarvikud\/vn-a00ll-teekonnaluliti-reguleeritav-spiraalvedru\/\",\"url\":\"https:\/\/sakt.ee\/pood\/lulitid\/teekonnalulitid\/teekonnalulitite-lisatarvikud\/vn-a00ll-teekonnaluliti-reguleeritav-spiraalvedru\/\",\"name\":\"VN A00LL teekonnal\u00fcliti reguleeritav spiraalvedru - Sakala T\u00f6\u00f6stusautomaatika O\u00dc\",\"isPartOf\":{\"@id\":\"https:\/\/sakt.ee\/en\/#website\"},\"primaryImageOfPage\":{\"@id\":\"https:\/\/sakt.ee\/pood\/lulitid\/teekonnalulitid\/teekonnalulitite-lisatarvikud\/vn-a00ll-teekonnaluliti-reguleeritav-spiraalvedru\/#primaryimage\"},\"image\":{\"@id\":\"https:\/\/sakt.ee\/pood\/lulitid\/teekonnalulitid\/teekonnalulitite-lisatarvikud\/vn-a00ll-teekonnaluliti-reguleeritav-spiraalvedru\/#primaryimage\"},\"thumbnailUrl\":\"https:\/\/sakt.ee\/wp-content\/uploads\/2025\/12\/VN-A00LL-pilt.png\",\"datePublished\":\"2025-12-18T09:00:20+00:00\",\"dateModified\":\"2025-12-29T11:52:10+00:00\",\"breadcrumb\":{\"@id\":\"https:\/\/sakt.ee\/pood\/lulitid\/teekonnalulitid\/teekonnalulitite-lisatarvikud\/vn-a00ll-teekonnaluliti-reguleeritav-spiraalvedru\/#breadcrumb\"},\"inLanguage\":\"ru-RU\",\"potentialAction\":[{\"@type\":\"ReadAction\",\"target\":[\"https:\/\/sakt.ee\/pood\/lulitid\/teekonnalulitid\/teekonnalulitite-lisatarvikud\/vn-a00ll-teekonnaluliti-reguleeritav-spiraalvedru\/\"]}]},{\"@type\":\"ImageObject\",\"inLanguage\":\"ru-RU\",\"@id\":\"https:\/\/sakt.ee\/pood\/lulitid\/teekonnalulitid\/teekonnalulitite-lisatarvikud\/vn-a00ll-teekonnaluliti-reguleeritav-spiraalvedru\/#primaryimage\",\"url\":\"https:\/\/sakt.ee\/wp-content\/uploads\/2025\/12\/VN-A00LL-pilt.png\",\"contentUrl\":\"https:\/\/sakt.ee\/wp-content\/uploads\/2025\/12\/VN-A00LL-pilt.png\",\"width\":364,\"height\":780},{\"@type\":\"BreadcrumbList\",\"@id\":\"https:\/\/sakt.ee\/pood\/lulitid\/teekonnalulitid\/teekonnalulitite-lisatarvikud\/vn-a00ll-teekonnaluliti-reguleeritav-spiraalvedru\/#breadcrumb\",\"itemListElement\":[{\"@type\":\"ListItem\",\"position\":1,\"name\":\"Home\",\"item\":\"https:\/\/sakt.ee\/\"},{\"@type\":\"ListItem\",\"position\":2,\"name\":\"\u041c\u0430\u0433\u0430\u0437\u0438\u043d\",\"item\":\"https:\/\/sakt.ee\/ru\/\u043c\u0430\u0433\u0430\u0437\u0438\u043d\/\"},{\"@type\":\"ListItem\",\"position\":3,\"name\":\"VN A00LL teekonnal\u00fcliti reguleeritav spiraalvedru\"}]},{\"@type\":\"WebSite\",\"@id\":\"https:\/\/sakt.ee\/en\/#website\",\"url\":\"https:\/\/sakt.ee\/en\/\",\"name\":\"Sakala T\u00f6\u00f6stusautomaatika O\u00dc\",\"description\":\"T\u00f6\u00f6stusautomaatika e-pood\",\"publisher\":{\"@id\":\"https:\/\/sakt.ee\/en\/#organization\"},\"potentialAction\":[{\"@type\":\"SearchAction\",\"target\":{\"@type\":\"EntryPoint\",\"urlTemplate\":\"https:\/\/sakt.ee\/en\/?s={search_term_string}\"},\"query-input\":{\"@type\":\"PropertyValueSpecification\",\"valueRequired\":true,\"valueName\":\"search_term_string\"}}],\"inLanguage\":\"ru-RU\"},{\"@type\":\"Organization\",\"@id\":\"https:\/\/sakt.ee\/en\/#organization\",\"name\":\"Sakala T\u00f6\u00f6stusautomaatika O\u00dc\",\"url\":\"https:\/\/sakt.ee\/en\/\",\"logo\":{\"@type\":\"ImageObject\",\"inLanguage\":\"ru-RU\",\"@id\":\"https:\/\/sakt.ee\/en\/#\/schema\/logo\/image\/\",\"url\":\"https:\/\/sakt.ee\/wp-content\/uploads\/2025\/05\/Sakala-Toostusautomaatika-favicon.png\",\"contentUrl\":\"https:\/\/sakt.ee\/wp-content\/uploads\/2025\/05\/Sakala-Toostusautomaatika-favicon.png\",\"width\":500,\"height\":500,\"caption\":\"Sakala T\u00f6\u00f6stusautomaatika O\u00dc\"},\"image\":{\"@id\":\"https:\/\/sakt.ee\/en\/#\/schema\/logo\/image\/\"}}]}<\/script>\n<meta property=\"product:price:amount\" content=\"3.40\" \/>\n<meta property=\"product:price:currency\" content=\"EUR\" \/>\n<meta property=\"og:availability\" content=\"instock\" \/>\n<meta property=\"product:availability\" content=\"instock\" \/>\n<meta property=\"product:retailer_item_id\" content=\"VN A00LL\" \/>\n<meta property=\"product:condition\" content=\"new\" \/>\n<!-- \/ Yoast SEO Premium plugin. -->","yoast_head_json":{"title":"VN A00LL teekonnal\u00fcliti reguleeritav spiraalvedru - Sakala T\u00f6\u00f6stusautomaatika O\u00dc","robots":{"index":"index","follow":"follow","max-snippet":"max-snippet:-1","max-image-preview":"max-image-preview:large","max-video-preview":"max-video-preview:-1"},"canonical":"https:\/\/sakt.ee\/pood\/lulitid\/teekonnalulitid\/teekonnalulitite-lisatarvikud\/vn-a00ll-teekonnaluliti-reguleeritav-spiraalvedru\/","og_locale":"ru_RU","og_type":"article","og_title":"VN A00LL teekonnal\u00fcliti reguleeritav spiraalvedru","og_url":"https:\/\/sakt.ee\/pood\/lulitid\/teekonnalulitid\/teekonnalulitite-lisatarvikud\/vn-a00ll-teekonnaluliti-reguleeritav-spiraalvedru\/","og_site_name":"Sakala T\u00f6\u00f6stusautomaatika O\u00dc","article_modified_time":"2025-12-29T11:52:10+00:00","twitter_card":"summary_large_image","twitter_misc":{"\u0426\u0435\u043d\u0430":"3,40&euro; +KM","\u0414\u043e\u0441\u0442\u0443\u043f\u043d\u043e\u0441\u0442\u044c":"\u0412 \u043d\u0430\u043b\u0438\u0447\u0438\u0438"},"schema":{"@context":"https:\/\/schema.org","@graph":[{"@type":"WebPage","@id":"https:\/\/sakt.ee\/pood\/lulitid\/teekonnalulitid\/teekonnalulitite-lisatarvikud\/vn-a00ll-teekonnaluliti-reguleeritav-spiraalvedru\/","url":"https:\/\/sakt.ee\/pood\/lulitid\/teekonnalulitid\/teekonnalulitite-lisatarvikud\/vn-a00ll-teekonnaluliti-reguleeritav-spiraalvedru\/","name":"VN A00LL teekonnal\u00fcliti reguleeritav spiraalvedru - Sakala T\u00f6\u00f6stusautomaatika O\u00dc","isPartOf":{"@id":"https:\/\/sakt.ee\/en\/#website"},"primaryImageOfPage":{"@id":"https:\/\/sakt.ee\/pood\/lulitid\/teekonnalulitid\/teekonnalulitite-lisatarvikud\/vn-a00ll-teekonnaluliti-reguleeritav-spiraalvedru\/#primaryimage"},"image":{"@id":"https:\/\/sakt.ee\/pood\/lulitid\/teekonnalulitid\/teekonnalulitite-lisatarvikud\/vn-a00ll-teekonnaluliti-reguleeritav-spiraalvedru\/#primaryimage"},"thumbnailUrl":"https:\/\/sakt.ee\/wp-content\/uploads\/2025\/12\/VN-A00LL-pilt.png","datePublished":"2025-12-18T09:00:20+00:00","dateModified":"2025-12-29T11:52:10+00:00","breadcrumb":{"@id":"https:\/\/sakt.ee\/pood\/lulitid\/teekonnalulitid\/teekonnalulitite-lisatarvikud\/vn-a00ll-teekonnaluliti-reguleeritav-spiraalvedru\/#breadcrumb"},"inLanguage":"ru-RU","potentialAction":[{"@type":"ReadAction","target":["https:\/\/sakt.ee\/pood\/lulitid\/teekonnalulitid\/teekonnalulitite-lisatarvikud\/vn-a00ll-teekonnaluliti-reguleeritav-spiraalvedru\/"]}]},{"@type":"ImageObject","inLanguage":"ru-RU","@id":"https:\/\/sakt.ee\/pood\/lulitid\/teekonnalulitid\/teekonnalulitite-lisatarvikud\/vn-a00ll-teekonnaluliti-reguleeritav-spiraalvedru\/#primaryimage","url":"https:\/\/sakt.ee\/wp-content\/uploads\/2025\/12\/VN-A00LL-pilt.png","contentUrl":"https:\/\/sakt.ee\/wp-content\/uploads\/2025\/12\/VN-A00LL-pilt.png","width":364,"height":780},{"@type":"BreadcrumbList","@id":"https:\/\/sakt.ee\/pood\/lulitid\/teekonnalulitid\/teekonnalulitite-lisatarvikud\/vn-a00ll-teekonnaluliti-reguleeritav-spiraalvedru\/#breadcrumb","itemListElement":[{"@type":"ListItem","position":1,"name":"Home","item":"https:\/\/sakt.ee\/"},{"@type":"ListItem","position":2,"name":"\u041c\u0430\u0433\u0430\u0437\u0438\u043d","item":"https:\/\/sakt.ee\/ru\/\u043c\u0430\u0433\u0430\u0437\u0438\u043d\/"},{"@type":"ListItem","position":3,"name":"VN A00LL teekonnal\u00fcliti reguleeritav spiraalvedru"}]},{"@type":"WebSite","@id":"https:\/\/sakt.ee\/en\/#website","url":"https:\/\/sakt.ee\/en\/","name":"Sakala T\u00f6\u00f6stusautomaatika O\u00dc","description":"T\u00f6\u00f6stusautomaatika e-pood","publisher":{"@id":"https:\/\/sakt.ee\/en\/#organization"},"potentialAction":[{"@type":"SearchAction","target":{"@type":"EntryPoint","urlTemplate":"https:\/\/sakt.ee\/en\/?s={search_term_string}"},"query-input":{"@type":"PropertyValueSpecification","valueRequired":true,"valueName":"search_term_string"}}],"inLanguage":"ru-RU"},{"@type":"Organization","@id":"https:\/\/sakt.ee\/en\/#organization","name":"Sakala T\u00f6\u00f6stusautomaatika O\u00dc","url":"https:\/\/sakt.ee\/en\/","logo":{"@type":"ImageObject","inLanguage":"ru-RU","@id":"https:\/\/sakt.ee\/en\/#\/schema\/logo\/image\/","url":"https:\/\/sakt.ee\/wp-content\/uploads\/2025\/05\/Sakala-Toostusautomaatika-favicon.png","contentUrl":"https:\/\/sakt.ee\/wp-content\/uploads\/2025\/05\/Sakala-Toostusautomaatika-favicon.png","width":500,"height":500,"caption":"Sakala T\u00f6\u00f6stusautomaatika O\u00dc"},"image":{"@id":"https:\/\/sakt.ee\/en\/#\/schema\/logo\/image\/"}}]},"product_price_amount":"3.40","product_price_currency":"EUR","og_availability":"instock","product_availability":"instock","product_retailer_item_id":"VN A00LL","product_condition":"new"},"_links":{"self":[{"href":"https:\/\/sakt.ee\/ru\/wp-json\/wp\/v2\/product\/71569","targetHints":{"allow":["GET"]}}],"collection":[{"href":"https:\/\/sakt.ee\/ru\/wp-json\/wp\/v2\/product"}],"about":[{"href":"https:\/\/sakt.ee\/ru\/wp-json\/wp\/v2\/types\/product"}],"version-history":[{"count":1,"href":"https:\/\/sakt.ee\/ru\/wp-json\/wp\/v2\/product\/71569\/revisions"}],"predecessor-version":[{"id":71570,"href":"https:\/\/sakt.ee\/ru\/wp-json\/wp\/v2\/product\/71569\/revisions\/71570"}],"wp:featuredmedia":[{"embeddable":true,"href":"https:\/\/sakt.ee\/ru\/wp-json\/wp\/v2\/media\/71623"}],"wp:attachment":[{"href":"https:\/\/sakt.ee\/ru\/wp-json\/wp\/v2\/media?parent=71569"}],"wp:term":[{"taxonomy":"product_brand","embeddable":true,"href":"https:\/\/sakt.ee\/ru\/wp-json\/wp\/v2\/product_brand?post=71569"},{"taxonomy":"product_cat","embeddable":true,"href":"https:\/\/sakt.ee\/ru\/wp-json\/wp\/v2\/product_cat?post=71569"},{"taxonomy":"product_tag","embeddable":true,"href":"https:\/\/sakt.ee\/ru\/wp-json\/wp\/v2\/product_tag?post=71569"},{"taxonomy":"manufacturers","embeddable":true,"href":"https:\/\/sakt.ee\/ru\/wp-json\/wp\/v2\/manufacturers?post=71569"}],"curies":[{"name":"wp","href":"https:\/\/api.w.org\/{rel}","templated":true}]}}