{"id":63994,"date":"2025-08-27T16:00:26","date_gmt":"2025-08-27T13:00:26","guid":{"rendered":"https:\/\/sakt.ee\/pood\/\u0411\u0435\u0437-\u0440\u0443\u0431\u0440\u0438\u043a\u0438\/%d0%bf%d1%80%d0%b8%d0%b5%d0%bc%d0%bd%d0%b8%d0%ba-sesam-800-rxm-tail-lift-12-24dc-869mhz\/"},"modified":"2025-09-10T10:13:56","modified_gmt":"2025-09-10T07:13:56","slug":"%d0%bf%d1%80%d0%b8%d0%b5%d0%bc%d0%bd%d0%b8%d0%ba-sesam-800-rxm-tail-lift-12-24dc-869mhz","status":"publish","type":"product","link":"https:\/\/sakt.ee\/ru\/\u043c\u0430\u0433\u0430\u0437\u0438\u043d\/%d0%bf%d1%83%d0%bb%d1%8c%d1%82%d1%8b-%d1%83%d0%bf%d1%80%d0%b0%d0%b2%d0%bb%d0%b5%d0%bd%d0%b8%d1%8f\/%d0%b1%d0%b5%d1%81%d0%bf%d1%80%d0%be%d0%b2%d0%be%d0%b4%d0%bd%d1%8b%d0%b5-%d1%81%d0%b8%d1%81%d1%82%d0%b5%d0%bc%d1%8b\/%d0%bf%d1%80%d0%b8%d0%b5%d0%bc%d0%bd%d0%b8%d0%ba%d0%b8\/%d0%bf%d1%80%d0%b8%d0%b5%d0%bc%d0%bd%d0%b8%d0%ba-sesam-800-rxm-tail-lift-12-24dc-869mhz\/","title":{"rendered":"\u041f\u0440\u0438\u0435\u043c\u043d\u0438\u043a SESAM 800 RXM Tail Lift; 12-24DC; 869MHz"},"content":{"rendered":"<p>\u041a\u043e\u043d\u0444\u0438\u0433\u0443\u0440\u0438\u0440\u0443\u0435\u043c\u044b\u0439 \u0448\u0435\u0441\u0442\u0438\u043f\u0440\u043e\u0432\u043e\u0434\u043d\u043e\u0439 \u043f\u0440\u0438\u0435\u043c\u043d\u0438\u043a, \u0441\u043f\u043e\u0441\u043e\u0431\u043d\u044b\u0439 \u0432\u044b\u0434\u0435\u0440\u0436\u0438\u0432\u0430\u0442\u044c \u043d\u043e\u043c\u0438\u043d\u0430\u043b\u044c\u043d\u044b\u0439 \u0442\u043e\u043a 3 \u0410. \u041f\u0440\u043e\u0447\u043d\u044b\u0439 \u043f\u043b\u0430\u0441\u0442\u0438\u043a\u043e\u0432\u044b\u0439 \u043a\u043e\u0440\u043f\u0443\u0441, \u0443\u0441\u0438\u043b\u0435\u043d\u043d\u044b\u0439 \u0441\u0442\u0435\u043a\u043b\u043e\u0432\u043e\u043b\u043e\u043a\u043d\u043e\u043c, \u0432\u044b\u0434\u0435\u0440\u0436\u0438\u0432\u0430\u0435\u0442 \u0432\u0438\u0431\u0440\u0430\u0446\u0438\u044e \u0438 \u0443\u0434\u0430\u0440\u044b. \u041a\u043e\u0440\u043f\u0443\u0441 \u0438\u043c\u0435\u0435\u0442 \u043a\u043b\u0430\u0441\u0441 \u0437\u0430\u0449\u0438\u0442\u044b IP67 \u0438 \u0432\u0435\u043d\u0442\u0438\u043b\u0438\u0440\u0443\u0435\u043c\u0443\u044e \u043c\u0435\u043c\u0431\u0440\u0430\u043d\u0443 \u0434\u043b\u044f \u0437\u0430\u0449\u0438\u0442\u044b \u043e\u0442 \u0432\u043b\u0430\u0433\u0438 \u0438 \u043f\u044b\u043b\u0438. \u041f\u0438\u0442\u0430\u043d\u0438\u0435 12-24 \u0412 \u043f\u043e\u0441\u0442\u043e\u044f\u043d\u043d\u043e\u0433\u043e \u0442\u043e\u043a\u0430. \u041f\u0440\u0438\u0435\u043c\u043d\u0438\u043a \u043e\u0441\u043d\u0430\u0449\u0435\u043d \u0432\u043d\u0443\u0442\u0440\u0435\u043d\u043d\u0435\u0439 \u0430\u043d\u0442\u0435\u043d\u043d\u043e\u0439 \u0438 \u043f\u043e\u0434\u0434\u0435\u0440\u0436\u0438\u0432\u0430\u0435\u0442 \u0434\u0443\u043f\u043b\u0435\u043a\u0441\u043d\u0443\u044e \u0441\u0432\u044f\u0437\u044c. \u0414\u043b\u044f \u0443\u0432\u0435\u043b\u0438\u0447\u0435\u043d\u0438\u044f \u0434\u0430\u043b\u044c\u043d\u043e\u0441\u0442\u0438 \u0441\u0432\u044f\u0437\u0438 \u0434\u043e\u0441\u0442\u0443\u043f\u043d\u0430 \u0432\u043d\u0435\u0448\u043d\u044f\u044f \u0430\u043d\u0442\u0435\u043d\u043d\u0430. \u0420\u0430\u0434\u0438\u043e\u043f\u0440\u0438\u0435\u043c\u043d\u0438\u043a \u0438\u043c\u0435\u0435\u0442 \u043c\u0430\u0440\u043a\u0438\u0440\u043e\u0432\u043a\u0443 E\/e.      <\/p>\n","protected":false},"excerpt":{"rendered":"<p>\u041a\u043e\u043d\u0444\u0438\u0433\u0443\u0440\u0438\u0440\u0443\u0435\u043c\u044b\u0439 \u0448\u0435\u0441\u0442\u0438\u043f\u0440\u043e\u0432\u043e\u0434\u043d\u043e\u0439 \u043f\u0440\u0438\u0435\u043c\u043d\u0438\u043a, \u0441\u043f\u043e\u0441\u043e\u0431\u043d\u044b\u0439 \u0432\u044b\u0434\u0435\u0440\u0436\u0438\u0432\u0430\u0442\u044c \u043d\u043e\u043c\u0438\u043d\u0430\u043b\u044c\u043d\u044b\u0439 \u0442\u043e\u043a 3 \u0410. \u041f\u0440\u043e\u0447\u043d\u044b\u0439 \u043f\u043b\u0430\u0441\u0442\u0438\u043a\u043e\u0432\u044b\u0439 \u043a\u043e\u0440\u043f\u0443\u0441, \u0443\u0441\u0438\u043b\u0435\u043d\u043d\u044b\u0439 \u0441\u0442\u0435\u043a\u043b\u043e\u0432\u043e\u043b\u043e\u043a\u043d\u043e\u043c, \u0432\u044b\u0434\u0435\u0440\u0436\u0438\u0432\u0430\u0435\u0442 \u0432\u0438\u0431\u0440\u0430\u0446\u0438\u044e \u0438 \u0443\u0434\u0430\u0440\u044b. \u041a\u043e\u0440\u043f\u0443\u0441 \u0438\u043c\u0435\u0435\u0442<\/p>\n","protected":false},"featured_media":64046,"template":"","meta":{"_acf_changed":false},"product_brand":[],"product_cat":[5378],"product_tag":[],"manufacturers":[7818],"class_list":{"0":"post-63994","1":"product","2":"type-product","3":"status-publish","4":"has-post-thumbnail","6":"product_cat-5378","7":"pa_kaitseklass-ip67-ru","8":"pa_kontakt-6-x-no-nc-","9":"pa_korgus-90mm-ru","10":"pa_laius-120mm-ru","11":"pa_paigaldus-3095","12":"pa_sagedus-869-","13":"pa_seeria-sesam-800-ru","14":"pa_sugavus-50mm-ru","15":"pa_toide-12-24---","16":"pa_tootemperatuur-25-70c-ru","17":"pa_tootja-akerstroms","18":"pa_varv-3400","19":"manufacturers-akerstroms-ru","21":"first","22":"onbackorder","23":"taxable","24":"shipping-taxable","25":"purchasable","26":"product-type-simple"},"acf":[],"yoast_head":"<!-- This site is optimized with the Yoast SEO Premium plugin v25.4 (Yoast SEO v25.4) - https:\/\/yoast.com\/wordpress\/plugins\/seo\/ -->\n<title>\u041f\u0440\u0438\u0435\u043c\u043d\u0438\u043a SESAM 800 RXM Tail Lift; 12-24DC; 869MHz - Sakala T\u00f6\u00f6stusautomaatika O\u00dc<\/title>\n<meta name=\"robots\" content=\"index, follow, max-snippet:-1, max-image-preview:large, max-video-preview:-1\" \/>\n<link rel=\"canonical\" href=\"https:\/\/sakt.ee\/\u043c\u0430\u0433\u0430\u0437\u0438\u043d\/puldid\/juhtmevabad-susteemid\/vastuvotjad\/vastuvotja-sesam-800-rxm-tail-lift-12-24dc-869mhz\/\" \/>\n<meta property=\"og:locale\" content=\"ru_RU\" \/>\n<meta property=\"og:type\" content=\"article\" \/>\n<meta property=\"og:title\" content=\"\u041f\u0440\u0438\u0435\u043c\u043d\u0438\u043a SESAM 800 RXM Tail Lift; 12-24DC; 869MHz\" \/>\n<meta property=\"og:description\" content=\"\u041a\u043e\u043d\u0444\u0438\u0433\u0443\u0440\u0438\u0440\u0443\u0435\u043c\u044b\u0439 \u0448\u0435\u0441\u0442\u0438\u043f\u0440\u043e\u0432\u043e\u0434\u043d\u043e\u0439 \u043f\u0440\u0438\u0435\u043c\u043d\u0438\u043a, \u0441\u043f\u043e\u0441\u043e\u0431\u043d\u044b\u0439 \u0432\u044b\u0434\u0435\u0440\u0436\u0438\u0432\u0430\u0442\u044c \u043d\u043e\u043c\u0438\u043d\u0430\u043b\u044c\u043d\u044b\u0439 \u0442\u043e\u043a 3 \u0410. \u041f\u0440\u043e\u0447\u043d\u044b\u0439 \u043f\u043b\u0430\u0441\u0442\u0438\u043a\u043e\u0432\u044b\u0439 \u043a\u043e\u0440\u043f\u0443\u0441, \u0443\u0441\u0438\u043b\u0435\u043d\u043d\u044b\u0439 \u0441\u0442\u0435\u043a\u043b\u043e\u0432\u043e\u043b\u043e\u043a\u043d\u043e\u043c, \u0432\u044b\u0434\u0435\u0440\u0436\u0438\u0432\u0430\u0435\u0442 \u0432\u0438\u0431\u0440\u0430\u0446\u0438\u044e \u0438 \u0443\u0434\u0430\u0440\u044b. \u041a\u043e\u0440\u043f\u0443\u0441 \u0438\u043c\u0435\u0435\u0442\" \/>\n<meta property=\"og:url\" content=\"https:\/\/sakt.ee\/\u043c\u0430\u0433\u0430\u0437\u0438\u043d\/puldid\/juhtmevabad-susteemid\/vastuvotjad\/vastuvotja-sesam-800-rxm-tail-lift-12-24dc-869mhz\/\" \/>\n<meta property=\"og:site_name\" content=\"Sakala T\u00f6\u00f6stusautomaatika O\u00dc\" \/>\n<meta property=\"article:modified_time\" content=\"2025-09-10T07:13:56+00:00\" \/>\n<meta property=\"og:image\" content=\"https:\/\/sakt.ee\/wp-content\/uploads\/2025\/08\/Sesam-800-must-vastuvotja.jpg\" \/>\n\t<meta property=\"og:image:width\" content=\"458\" \/>\n\t<meta property=\"og:image:height\" content=\"458\" \/>\n\t<meta property=\"og:image:type\" content=\"image\/jpeg\" \/>\n<meta name=\"twitter:card\" content=\"summary_large_image\" \/>\n<meta name=\"twitter:label1\" content=\"\u0426\u0435\u043d\u0430\" \/>\n\t<meta name=\"twitter:data1\" content=\"205,20&euro; +KM\" \/>\n\t<meta name=\"twitter:label2\" content=\"\u0414\u043e\u0441\u0442\u0443\u043f\u043d\u043e\u0441\u0442\u044c\" \/>\n\t<meta name=\"twitter:data2\" content=\"\u041d\u0430 \u0437\u0430\u043a\u0430\u0437\" \/>\n<script type=\"application\/ld+json\" class=\"yoast-schema-graph\">{\"@context\":\"https:\/\/schema.org\",\"@graph\":[{\"@type\":\"WebPage\",\"@id\":\"https:\/\/sakt.ee\/\u043c\u0430\u0433\u0430\u0437\u0438\u043d\/puldid\/juhtmevabad-susteemid\/vastuvotjad\/vastuvotja-sesam-800-rxm-tail-lift-12-24dc-869mhz\/\",\"url\":\"https:\/\/sakt.ee\/\u043c\u0430\u0433\u0430\u0437\u0438\u043d\/puldid\/juhtmevabad-susteemid\/vastuvotjad\/vastuvotja-sesam-800-rxm-tail-lift-12-24dc-869mhz\/\",\"name\":\"\u041f\u0440\u0438\u0435\u043c\u043d\u0438\u043a SESAM 800 RXM Tail Lift; 12-24DC; 869MHz - Sakala T\u00f6\u00f6stusautomaatika O\u00dc\",\"isPartOf\":{\"@id\":\"https:\/\/sakt.ee\/en\/#website\"},\"primaryImageOfPage\":{\"@id\":\"https:\/\/sakt.ee\/\u043c\u0430\u0433\u0430\u0437\u0438\u043d\/puldid\/juhtmevabad-susteemid\/vastuvotjad\/vastuvotja-sesam-800-rxm-tail-lift-12-24dc-869mhz\/#primaryimage\"},\"image\":{\"@id\":\"https:\/\/sakt.ee\/\u043c\u0430\u0433\u0430\u0437\u0438\u043d\/puldid\/juhtmevabad-susteemid\/vastuvotjad\/vastuvotja-sesam-800-rxm-tail-lift-12-24dc-869mhz\/#primaryimage\"},\"thumbnailUrl\":\"https:\/\/sakt.ee\/wp-content\/uploads\/2025\/08\/Sesam-800-must-vastuvotja.jpg\",\"datePublished\":\"2025-08-27T13:00:26+00:00\",\"dateModified\":\"2025-09-10T07:13:56+00:00\",\"breadcrumb\":{\"@id\":\"https:\/\/sakt.ee\/\u043c\u0430\u0433\u0430\u0437\u0438\u043d\/puldid\/juhtmevabad-susteemid\/vastuvotjad\/vastuvotja-sesam-800-rxm-tail-lift-12-24dc-869mhz\/#breadcrumb\"},\"inLanguage\":\"ru-RU\",\"potentialAction\":[{\"@type\":\"ReadAction\",\"target\":[\"https:\/\/sakt.ee\/\u043c\u0430\u0433\u0430\u0437\u0438\u043d\/puldid\/juhtmevabad-susteemid\/vastuvotjad\/vastuvotja-sesam-800-rxm-tail-lift-12-24dc-869mhz\/\"]}]},{\"@type\":\"ImageObject\",\"inLanguage\":\"ru-RU\",\"@id\":\"https:\/\/sakt.ee\/\u043c\u0430\u0433\u0430\u0437\u0438\u043d\/puldid\/juhtmevabad-susteemid\/vastuvotjad\/vastuvotja-sesam-800-rxm-tail-lift-12-24dc-869mhz\/#primaryimage\",\"url\":\"https:\/\/sakt.ee\/wp-content\/uploads\/2025\/08\/Sesam-800-must-vastuvotja.jpg\",\"contentUrl\":\"https:\/\/sakt.ee\/wp-content\/uploads\/2025\/08\/Sesam-800-must-vastuvotja.jpg\",\"width\":458,\"height\":458},{\"@type\":\"BreadcrumbList\",\"@id\":\"https:\/\/sakt.ee\/\u043c\u0430\u0433\u0430\u0437\u0438\u043d\/puldid\/juhtmevabad-susteemid\/vastuvotjad\/vastuvotja-sesam-800-rxm-tail-lift-12-24dc-869mhz\/#breadcrumb\",\"itemListElement\":[{\"@type\":\"ListItem\",\"position\":1,\"name\":\"Home\",\"item\":\"https:\/\/sakt.ee\/\"},{\"@type\":\"ListItem\",\"position\":2,\"name\":\"\u041c\u0430\u0433\u0430\u0437\u0438\u043d\",\"item\":\"https:\/\/sakt.ee\/ru\/\u043c\u0430\u0433\u0430\u0437\u0438\u043d\/\"},{\"@type\":\"ListItem\",\"position\":3,\"name\":\"\u041f\u0440\u0438\u0435\u043c\u043d\u0438\u043a SESAM 800 RXM Tail Lift; 12-24DC; 869MHz\"}]},{\"@type\":\"WebSite\",\"@id\":\"https:\/\/sakt.ee\/en\/#website\",\"url\":\"https:\/\/sakt.ee\/en\/\",\"name\":\"Sakala T\u00f6\u00f6stusautomaatika O\u00dc\",\"description\":\"T\u00f6\u00f6stusautomaatika e-pood\",\"publisher\":{\"@id\":\"https:\/\/sakt.ee\/en\/#organization\"},\"potentialAction\":[{\"@type\":\"SearchAction\",\"target\":{\"@type\":\"EntryPoint\",\"urlTemplate\":\"https:\/\/sakt.ee\/en\/?s={search_term_string}\"},\"query-input\":{\"@type\":\"PropertyValueSpecification\",\"valueRequired\":true,\"valueName\":\"search_term_string\"}}],\"inLanguage\":\"ru-RU\"},{\"@type\":\"Organization\",\"@id\":\"https:\/\/sakt.ee\/en\/#organization\",\"name\":\"Sakala T\u00f6\u00f6stusautomaatika O\u00dc\",\"url\":\"https:\/\/sakt.ee\/en\/\",\"logo\":{\"@type\":\"ImageObject\",\"inLanguage\":\"ru-RU\",\"@id\":\"https:\/\/sakt.ee\/en\/#\/schema\/logo\/image\/\",\"url\":\"https:\/\/sakt.ee\/wp-content\/uploads\/2025\/05\/Sakala-Toostusautomaatika-favicon.png\",\"contentUrl\":\"https:\/\/sakt.ee\/wp-content\/uploads\/2025\/05\/Sakala-Toostusautomaatika-favicon.png\",\"width\":500,\"height\":500,\"caption\":\"Sakala T\u00f6\u00f6stusautomaatika O\u00dc\"},\"image\":{\"@id\":\"https:\/\/sakt.ee\/en\/#\/schema\/logo\/image\/\"}}]}<\/script>\n<meta property=\"product:price:amount\" content=\"205.20\" \/>\n<meta property=\"product:price:currency\" content=\"EUR\" \/>\n<meta property=\"og:availability\" content=\"backorder\" \/>\n<meta property=\"product:availability\" content=\"available for order\" \/>\n<meta property=\"product:retailer_item_id\" content=\"942407-000\" \/>\n<meta property=\"product:condition\" content=\"new\" \/>\n<!-- \/ Yoast SEO Premium plugin. -->","yoast_head_json":{"title":"\u041f\u0440\u0438\u0435\u043c\u043d\u0438\u043a SESAM 800 RXM Tail Lift; 12-24DC; 869MHz - Sakala T\u00f6\u00f6stusautomaatika O\u00dc","robots":{"index":"index","follow":"follow","max-snippet":"max-snippet:-1","max-image-preview":"max-image-preview:large","max-video-preview":"max-video-preview:-1"},"canonical":"https:\/\/sakt.ee\/\u043c\u0430\u0433\u0430\u0437\u0438\u043d\/puldid\/juhtmevabad-susteemid\/vastuvotjad\/vastuvotja-sesam-800-rxm-tail-lift-12-24dc-869mhz\/","og_locale":"ru_RU","og_type":"article","og_title":"\u041f\u0440\u0438\u0435\u043c\u043d\u0438\u043a SESAM 800 RXM Tail Lift; 12-24DC; 869MHz","og_description":"\u041a\u043e\u043d\u0444\u0438\u0433\u0443\u0440\u0438\u0440\u0443\u0435\u043c\u044b\u0439 \u0448\u0435\u0441\u0442\u0438\u043f\u0440\u043e\u0432\u043e\u0434\u043d\u043e\u0439 \u043f\u0440\u0438\u0435\u043c\u043d\u0438\u043a, \u0441\u043f\u043e\u0441\u043e\u0431\u043d\u044b\u0439 \u0432\u044b\u0434\u0435\u0440\u0436\u0438\u0432\u0430\u0442\u044c \u043d\u043e\u043c\u0438\u043d\u0430\u043b\u044c\u043d\u044b\u0439 \u0442\u043e\u043a 3 \u0410. \u041f\u0440\u043e\u0447\u043d\u044b\u0439 \u043f\u043b\u0430\u0441\u0442\u0438\u043a\u043e\u0432\u044b\u0439 \u043a\u043e\u0440\u043f\u0443\u0441, \u0443\u0441\u0438\u043b\u0435\u043d\u043d\u044b\u0439 \u0441\u0442\u0435\u043a\u043b\u043e\u0432\u043e\u043b\u043e\u043a\u043d\u043e\u043c, \u0432\u044b\u0434\u0435\u0440\u0436\u0438\u0432\u0430\u0435\u0442 \u0432\u0438\u0431\u0440\u0430\u0446\u0438\u044e \u0438 \u0443\u0434\u0430\u0440\u044b. \u041a\u043e\u0440\u043f\u0443\u0441 \u0438\u043c\u0435\u0435\u0442","og_url":"https:\/\/sakt.ee\/\u043c\u0430\u0433\u0430\u0437\u0438\u043d\/puldid\/juhtmevabad-susteemid\/vastuvotjad\/vastuvotja-sesam-800-rxm-tail-lift-12-24dc-869mhz\/","og_site_name":"Sakala T\u00f6\u00f6stusautomaatika O\u00dc","article_modified_time":"2025-09-10T07:13:56+00:00","og_image":[{"width":458,"height":458,"url":"https:\/\/sakt.ee\/wp-content\/uploads\/2025\/08\/Sesam-800-must-vastuvotja.jpg","type":"image\/jpeg"}],"twitter_card":"summary_large_image","twitter_misc":{"\u0426\u0435\u043d\u0430":"205,20&euro; +KM","\u0414\u043e\u0441\u0442\u0443\u043f\u043d\u043e\u0441\u0442\u044c":"\u041d\u0430 \u0437\u0430\u043a\u0430\u0437"},"schema":{"@context":"https:\/\/schema.org","@graph":[{"@type":"WebPage","@id":"https:\/\/sakt.ee\/\u043c\u0430\u0433\u0430\u0437\u0438\u043d\/puldid\/juhtmevabad-susteemid\/vastuvotjad\/vastuvotja-sesam-800-rxm-tail-lift-12-24dc-869mhz\/","url":"https:\/\/sakt.ee\/\u043c\u0430\u0433\u0430\u0437\u0438\u043d\/puldid\/juhtmevabad-susteemid\/vastuvotjad\/vastuvotja-sesam-800-rxm-tail-lift-12-24dc-869mhz\/","name":"\u041f\u0440\u0438\u0435\u043c\u043d\u0438\u043a SESAM 800 RXM Tail Lift; 12-24DC; 869MHz - Sakala T\u00f6\u00f6stusautomaatika O\u00dc","isPartOf":{"@id":"https:\/\/sakt.ee\/en\/#website"},"primaryImageOfPage":{"@id":"https:\/\/sakt.ee\/\u043c\u0430\u0433\u0430\u0437\u0438\u043d\/puldid\/juhtmevabad-susteemid\/vastuvotjad\/vastuvotja-sesam-800-rxm-tail-lift-12-24dc-869mhz\/#primaryimage"},"image":{"@id":"https:\/\/sakt.ee\/\u043c\u0430\u0433\u0430\u0437\u0438\u043d\/puldid\/juhtmevabad-susteemid\/vastuvotjad\/vastuvotja-sesam-800-rxm-tail-lift-12-24dc-869mhz\/#primaryimage"},"thumbnailUrl":"https:\/\/sakt.ee\/wp-content\/uploads\/2025\/08\/Sesam-800-must-vastuvotja.jpg","datePublished":"2025-08-27T13:00:26+00:00","dateModified":"2025-09-10T07:13:56+00:00","breadcrumb":{"@id":"https:\/\/sakt.ee\/\u043c\u0430\u0433\u0430\u0437\u0438\u043d\/puldid\/juhtmevabad-susteemid\/vastuvotjad\/vastuvotja-sesam-800-rxm-tail-lift-12-24dc-869mhz\/#breadcrumb"},"inLanguage":"ru-RU","potentialAction":[{"@type":"ReadAction","target":["https:\/\/sakt.ee\/\u043c\u0430\u0433\u0430\u0437\u0438\u043d\/puldid\/juhtmevabad-susteemid\/vastuvotjad\/vastuvotja-sesam-800-rxm-tail-lift-12-24dc-869mhz\/"]}]},{"@type":"ImageObject","inLanguage":"ru-RU","@id":"https:\/\/sakt.ee\/\u043c\u0430\u0433\u0430\u0437\u0438\u043d\/puldid\/juhtmevabad-susteemid\/vastuvotjad\/vastuvotja-sesam-800-rxm-tail-lift-12-24dc-869mhz\/#primaryimage","url":"https:\/\/sakt.ee\/wp-content\/uploads\/2025\/08\/Sesam-800-must-vastuvotja.jpg","contentUrl":"https:\/\/sakt.ee\/wp-content\/uploads\/2025\/08\/Sesam-800-must-vastuvotja.jpg","width":458,"height":458},{"@type":"BreadcrumbList","@id":"https:\/\/sakt.ee\/\u043c\u0430\u0433\u0430\u0437\u0438\u043d\/puldid\/juhtmevabad-susteemid\/vastuvotjad\/vastuvotja-sesam-800-rxm-tail-lift-12-24dc-869mhz\/#breadcrumb","itemListElement":[{"@type":"ListItem","position":1,"name":"Home","item":"https:\/\/sakt.ee\/"},{"@type":"ListItem","position":2,"name":"\u041c\u0430\u0433\u0430\u0437\u0438\u043d","item":"https:\/\/sakt.ee\/ru\/\u043c\u0430\u0433\u0430\u0437\u0438\u043d\/"},{"@type":"ListItem","position":3,"name":"\u041f\u0440\u0438\u0435\u043c\u043d\u0438\u043a SESAM 800 RXM Tail Lift; 12-24DC; 869MHz"}]},{"@type":"WebSite","@id":"https:\/\/sakt.ee\/en\/#website","url":"https:\/\/sakt.ee\/en\/","name":"Sakala T\u00f6\u00f6stusautomaatika O\u00dc","description":"T\u00f6\u00f6stusautomaatika e-pood","publisher":{"@id":"https:\/\/sakt.ee\/en\/#organization"},"potentialAction":[{"@type":"SearchAction","target":{"@type":"EntryPoint","urlTemplate":"https:\/\/sakt.ee\/en\/?s={search_term_string}"},"query-input":{"@type":"PropertyValueSpecification","valueRequired":true,"valueName":"search_term_string"}}],"inLanguage":"ru-RU"},{"@type":"Organization","@id":"https:\/\/sakt.ee\/en\/#organization","name":"Sakala T\u00f6\u00f6stusautomaatika O\u00dc","url":"https:\/\/sakt.ee\/en\/","logo":{"@type":"ImageObject","inLanguage":"ru-RU","@id":"https:\/\/sakt.ee\/en\/#\/schema\/logo\/image\/","url":"https:\/\/sakt.ee\/wp-content\/uploads\/2025\/05\/Sakala-Toostusautomaatika-favicon.png","contentUrl":"https:\/\/sakt.ee\/wp-content\/uploads\/2025\/05\/Sakala-Toostusautomaatika-favicon.png","width":500,"height":500,"caption":"Sakala T\u00f6\u00f6stusautomaatika O\u00dc"},"image":{"@id":"https:\/\/sakt.ee\/en\/#\/schema\/logo\/image\/"}}]},"product_price_amount":"205.20","product_price_currency":"EUR","og_availability":"backorder","product_availability":"available for order","product_retailer_item_id":"942407-000","product_condition":"new"},"_links":{"self":[{"href":"https:\/\/sakt.ee\/ru\/wp-json\/wp\/v2\/product\/63994","targetHints":{"allow":["GET"]}}],"collection":[{"href":"https:\/\/sakt.ee\/ru\/wp-json\/wp\/v2\/product"}],"about":[{"href":"https:\/\/sakt.ee\/ru\/wp-json\/wp\/v2\/types\/product"}],"version-history":[{"count":0,"href":"https:\/\/sakt.ee\/ru\/wp-json\/wp\/v2\/product\/63994\/revisions"}],"wp:featuredmedia":[{"embeddable":true,"href":"https:\/\/sakt.ee\/ru\/wp-json\/wp\/v2\/media\/64046"}],"wp:attachment":[{"href":"https:\/\/sakt.ee\/ru\/wp-json\/wp\/v2\/media?parent=63994"}],"wp:term":[{"taxonomy":"product_brand","embeddable":true,"href":"https:\/\/sakt.ee\/ru\/wp-json\/wp\/v2\/product_brand?post=63994"},{"taxonomy":"product_cat","embeddable":true,"href":"https:\/\/sakt.ee\/ru\/wp-json\/wp\/v2\/product_cat?post=63994"},{"taxonomy":"product_tag","embeddable":true,"href":"https:\/\/sakt.ee\/ru\/wp-json\/wp\/v2\/product_tag?post=63994"},{"taxonomy":"manufacturers","embeddable":true,"href":"https:\/\/sakt.ee\/ru\/wp-json\/wp\/v2\/manufacturers?post=63994"}],"curies":[{"name":"wp","href":"https:\/\/api.w.org\/{rel}","templated":true}]}}