{"id":43982,"date":"2025-05-17T08:32:13","date_gmt":"2025-05-17T08:32:13","guid":{"rendered":"https:\/\/sakt.ee\/product\/%d0%ba%d0%b0%d0%b1%d0%b5%d0%bb%d1%8c-%d0%b4%d0%b0%d1%82%d1%87%d0%b8%d0%ba%d0%b0-m12-4pin-pvc-female-90-wire-15m\/"},"modified":"2025-11-20T23:30:29","modified_gmt":"2025-11-20T20:30:29","slug":"%d0%ba%d0%b0%d0%b1%d0%b5%d0%bb%d1%8c-%d0%b4%d0%b0%d1%82%d1%87%d0%b8%d0%ba%d0%b0-m12-4pin-pvc-female-90-wire-15m","status":"publish","type":"product","link":"https:\/\/sakt.ee\/ru\/\u043c\u0430\u0433\u0430\u0437\u0438\u043d\/%d0%b4%d0%b0%d1%82%d1%87%d0%b8%d0%ba%d0%b8-%d0%bf%d1%80%d0%be%d1%86%d0%b5%d1%81%d1%81%d0%b0\/%d0%b0%d0%ba%d1%81%d0%b5%d1%81%d1%81%d1%83%d0%b0%d1%80%d1%8b-%d0%b4%d0%bb%d1%8f-%d0%b4%d0%b0%d1%82%d1%87%d0%b8%d0%ba%d0%be%d0%b2\/%d0%ba%d0%b0%d0%b1%d0%b5%d0%bb%d0%b8\/%d0%ba%d0%b0%d0%b1%d0%b5%d0%bb%d1%8c-%d0%b4%d0%b0%d1%82%d1%87%d0%b8%d0%ba%d0%b0-m12-4pin-pvc-female-90-wire-15m\/","title":{"rendered":"\u041a\u0430\u0431\u0435\u043b\u044c \u0434\u0430\u0442\u0447\u0438\u043a\u0430 M12; 4pin; PVC; female; 90-wire; 15m"},"content":{"rendered":"","protected":false},"excerpt":{"rendered":"","protected":false},"featured_media":34444,"template":"","meta":{"_acf_changed":false},"product_brand":[],"product_cat":[3235],"product_tag":[],"manufacturers":[7783],"class_list":{"0":"post-43982","1":"product","2":"type-product","3":"status-publish","4":"has-post-thumbnail","6":"product_cat-3235","7":"pa_juhtmete-arv-4-ru","8":"pa_kaabli-pikkus-15m-ru-2","9":"pa_kaitseklass-ip67-ru","10":"pa_materjal-3230","11":"pa_nimivool-4a-ru","12":"pa_pistik--m12","13":"pa_pistiku-tuup-3233","14":"pa_tootemperatuur-30-80c-ru","15":"pa_tootja-datasensing","16":"manufacturers-datasensing-ru","18":"first","19":"instock","20":"taxable","21":"shipping-taxable","22":"purchasable","23":"product-type-simple"},"acf":[],"yoast_head":"<!-- This site is optimized with the Yoast SEO Premium plugin v25.4 (Yoast SEO v25.4) - https:\/\/yoast.com\/wordpress\/plugins\/seo\/ -->\n<title>\u041a\u0430\u0431\u0435\u043b\u044c \u0434\u0430\u0442\u0447\u0438\u043a\u0430 M12; 4pin; PVC; female; 90-wire; 15m - Sakala T\u00f6\u00f6stusautomaatika O\u00dc<\/title>\n<meta name=\"robots\" content=\"index, follow, max-snippet:-1, max-image-preview:large, max-video-preview:-1\" \/>\n<link rel=\"canonical\" href=\"https:\/\/sakt.ee\/\u043c\u0430\u0433\u0430\u0437\u0438\u043d\/andurid\/lisatarvikud-anduritele\/kaablid\/andurijuhe-m12-4pin-pvc-emane-90-kraadi-15m\/\" \/>\n<meta property=\"og:locale\" content=\"ru_RU\" \/>\n<meta property=\"og:type\" content=\"article\" \/>\n<meta property=\"og:title\" content=\"\u041a\u0430\u0431\u0435\u043b\u044c \u0434\u0430\u0442\u0447\u0438\u043a\u0430 M12; 4pin; PVC; female; 90-wire; 15m\" \/>\n<meta property=\"og:url\" content=\"https:\/\/sakt.ee\/\u043c\u0430\u0433\u0430\u0437\u0438\u043d\/andurid\/lisatarvikud-anduritele\/kaablid\/andurijuhe-m12-4pin-pvc-emane-90-kraadi-15m\/\" \/>\n<meta property=\"og:site_name\" content=\"Sakala T\u00f6\u00f6stusautomaatika O\u00dc\" \/>\n<meta property=\"article:modified_time\" content=\"2025-11-20T20:30:29+00:00\" \/>\n<meta property=\"og:image\" content=\"https:\/\/sakt.ee\/wp-content\/uploads\/2025\/05\/7511.jpg\" \/>\n\t<meta property=\"og:image:width\" content=\"800\" \/>\n\t<meta property=\"og:image:height\" content=\"800\" \/>\n\t<meta property=\"og:image:type\" content=\"image\/jpeg\" \/>\n<meta name=\"twitter:card\" content=\"summary_large_image\" \/>\n<meta name=\"twitter:label1\" content=\"\u0426\u0435\u043d\u0430\" \/>\n\t<meta name=\"twitter:data1\" content=\"15,95&euro; +KM\" \/>\n\t<meta name=\"twitter:label2\" content=\"\u0414\u043e\u0441\u0442\u0443\u043f\u043d\u043e\u0441\u0442\u044c\" \/>\n\t<meta name=\"twitter:data2\" content=\"\u0412 \u043d\u0430\u043b\u0438\u0447\u0438\u0438\" \/>\n<script type=\"application\/ld+json\" class=\"yoast-schema-graph\">{\"@context\":\"https:\/\/schema.org\",\"@graph\":[{\"@type\":\"WebPage\",\"@id\":\"https:\/\/sakt.ee\/\u043c\u0430\u0433\u0430\u0437\u0438\u043d\/andurid\/lisatarvikud-anduritele\/kaablid\/andurijuhe-m12-4pin-pvc-emane-90-kraadi-15m\/\",\"url\":\"https:\/\/sakt.ee\/\u043c\u0430\u0433\u0430\u0437\u0438\u043d\/andurid\/lisatarvikud-anduritele\/kaablid\/andurijuhe-m12-4pin-pvc-emane-90-kraadi-15m\/\",\"name\":\"\u041a\u0430\u0431\u0435\u043b\u044c \u0434\u0430\u0442\u0447\u0438\u043a\u0430 M12; 4pin; PVC; female; 90-wire; 15m - Sakala T\u00f6\u00f6stusautomaatika O\u00dc\",\"isPartOf\":{\"@id\":\"https:\/\/sakt.ee\/en\/#website\"},\"primaryImageOfPage\":{\"@id\":\"https:\/\/sakt.ee\/\u043c\u0430\u0433\u0430\u0437\u0438\u043d\/andurid\/lisatarvikud-anduritele\/kaablid\/andurijuhe-m12-4pin-pvc-emane-90-kraadi-15m\/#primaryimage\"},\"image\":{\"@id\":\"https:\/\/sakt.ee\/\u043c\u0430\u0433\u0430\u0437\u0438\u043d\/andurid\/lisatarvikud-anduritele\/kaablid\/andurijuhe-m12-4pin-pvc-emane-90-kraadi-15m\/#primaryimage\"},\"thumbnailUrl\":\"https:\/\/sakt.ee\/wp-content\/uploads\/2025\/05\/7511.jpg\",\"datePublished\":\"2025-05-17T08:32:13+00:00\",\"dateModified\":\"2025-11-20T20:30:29+00:00\",\"breadcrumb\":{\"@id\":\"https:\/\/sakt.ee\/\u043c\u0430\u0433\u0430\u0437\u0438\u043d\/andurid\/lisatarvikud-anduritele\/kaablid\/andurijuhe-m12-4pin-pvc-emane-90-kraadi-15m\/#breadcrumb\"},\"inLanguage\":\"ru-RU\",\"potentialAction\":[{\"@type\":\"ReadAction\",\"target\":[\"https:\/\/sakt.ee\/\u043c\u0430\u0433\u0430\u0437\u0438\u043d\/andurid\/lisatarvikud-anduritele\/kaablid\/andurijuhe-m12-4pin-pvc-emane-90-kraadi-15m\/\"]}]},{\"@type\":\"ImageObject\",\"inLanguage\":\"ru-RU\",\"@id\":\"https:\/\/sakt.ee\/\u043c\u0430\u0433\u0430\u0437\u0438\u043d\/andurid\/lisatarvikud-anduritele\/kaablid\/andurijuhe-m12-4pin-pvc-emane-90-kraadi-15m\/#primaryimage\",\"url\":\"https:\/\/sakt.ee\/wp-content\/uploads\/2025\/05\/7511.jpg\",\"contentUrl\":\"https:\/\/sakt.ee\/wp-content\/uploads\/2025\/05\/7511.jpg\",\"width\":800,\"height\":800},{\"@type\":\"BreadcrumbList\",\"@id\":\"https:\/\/sakt.ee\/\u043c\u0430\u0433\u0430\u0437\u0438\u043d\/andurid\/lisatarvikud-anduritele\/kaablid\/andurijuhe-m12-4pin-pvc-emane-90-kraadi-15m\/#breadcrumb\",\"itemListElement\":[{\"@type\":\"ListItem\",\"position\":1,\"name\":\"Home\",\"item\":\"https:\/\/sakt.ee\/\"},{\"@type\":\"ListItem\",\"position\":2,\"name\":\"\u041c\u0430\u0433\u0430\u0437\u0438\u043d\",\"item\":\"https:\/\/sakt.ee\/ru\/\u043c\u0430\u0433\u0430\u0437\u0438\u043d\/\"},{\"@type\":\"ListItem\",\"position\":3,\"name\":\"\u041a\u0430\u0431\u0435\u043b\u044c \u0434\u0430\u0442\u0447\u0438\u043a\u0430 M12; 4pin; PVC; female; 90-wire; 15m\"}]},{\"@type\":\"WebSite\",\"@id\":\"https:\/\/sakt.ee\/en\/#website\",\"url\":\"https:\/\/sakt.ee\/en\/\",\"name\":\"Sakala T\u00f6\u00f6stusautomaatika O\u00dc\",\"description\":\"T\u00f6\u00f6stusautomaatika e-pood\",\"publisher\":{\"@id\":\"https:\/\/sakt.ee\/en\/#organization\"},\"potentialAction\":[{\"@type\":\"SearchAction\",\"target\":{\"@type\":\"EntryPoint\",\"urlTemplate\":\"https:\/\/sakt.ee\/en\/?s={search_term_string}\"},\"query-input\":{\"@type\":\"PropertyValueSpecification\",\"valueRequired\":true,\"valueName\":\"search_term_string\"}}],\"inLanguage\":\"ru-RU\"},{\"@type\":\"Organization\",\"@id\":\"https:\/\/sakt.ee\/en\/#organization\",\"name\":\"Sakala T\u00f6\u00f6stusautomaatika O\u00dc\",\"url\":\"https:\/\/sakt.ee\/en\/\",\"logo\":{\"@type\":\"ImageObject\",\"inLanguage\":\"ru-RU\",\"@id\":\"https:\/\/sakt.ee\/en\/#\/schema\/logo\/image\/\",\"url\":\"https:\/\/sakt.ee\/wp-content\/uploads\/2025\/05\/Sakala-Toostusautomaatika-favicon.png\",\"contentUrl\":\"https:\/\/sakt.ee\/wp-content\/uploads\/2025\/05\/Sakala-Toostusautomaatika-favicon.png\",\"width\":500,\"height\":500,\"caption\":\"Sakala T\u00f6\u00f6stusautomaatika O\u00dc\"},\"image\":{\"@id\":\"https:\/\/sakt.ee\/en\/#\/schema\/logo\/image\/\"}}]}<\/script>\n<meta property=\"product:price:amount\" content=\"15.95\" \/>\n<meta property=\"product:price:currency\" content=\"EUR\" \/>\n<meta property=\"og:availability\" content=\"instock\" \/>\n<meta property=\"product:availability\" content=\"instock\" \/>\n<meta property=\"product:retailer_item_id\" content=\"CD12M\/0B-150C1\" \/>\n<meta property=\"product:condition\" content=\"new\" \/>\n<!-- \/ Yoast SEO Premium plugin. -->","yoast_head_json":{"title":"\u041a\u0430\u0431\u0435\u043b\u044c \u0434\u0430\u0442\u0447\u0438\u043a\u0430 M12; 4pin; PVC; female; 90-wire; 15m - Sakala T\u00f6\u00f6stusautomaatika O\u00dc","robots":{"index":"index","follow":"follow","max-snippet":"max-snippet:-1","max-image-preview":"max-image-preview:large","max-video-preview":"max-video-preview:-1"},"canonical":"https:\/\/sakt.ee\/\u043c\u0430\u0433\u0430\u0437\u0438\u043d\/andurid\/lisatarvikud-anduritele\/kaablid\/andurijuhe-m12-4pin-pvc-emane-90-kraadi-15m\/","og_locale":"ru_RU","og_type":"article","og_title":"\u041a\u0430\u0431\u0435\u043b\u044c \u0434\u0430\u0442\u0447\u0438\u043a\u0430 M12; 4pin; PVC; female; 90-wire; 15m","og_url":"https:\/\/sakt.ee\/\u043c\u0430\u0433\u0430\u0437\u0438\u043d\/andurid\/lisatarvikud-anduritele\/kaablid\/andurijuhe-m12-4pin-pvc-emane-90-kraadi-15m\/","og_site_name":"Sakala T\u00f6\u00f6stusautomaatika O\u00dc","article_modified_time":"2025-11-20T20:30:29+00:00","og_image":[{"width":800,"height":800,"url":"https:\/\/sakt.ee\/wp-content\/uploads\/2025\/05\/7511.jpg","type":"image\/jpeg"}],"twitter_card":"summary_large_image","twitter_misc":{"\u0426\u0435\u043d\u0430":"15,95&euro; +KM","\u0414\u043e\u0441\u0442\u0443\u043f\u043d\u043e\u0441\u0442\u044c":"\u0412 \u043d\u0430\u043b\u0438\u0447\u0438\u0438"},"schema":{"@context":"https:\/\/schema.org","@graph":[{"@type":"WebPage","@id":"https:\/\/sakt.ee\/\u043c\u0430\u0433\u0430\u0437\u0438\u043d\/andurid\/lisatarvikud-anduritele\/kaablid\/andurijuhe-m12-4pin-pvc-emane-90-kraadi-15m\/","url":"https:\/\/sakt.ee\/\u043c\u0430\u0433\u0430\u0437\u0438\u043d\/andurid\/lisatarvikud-anduritele\/kaablid\/andurijuhe-m12-4pin-pvc-emane-90-kraadi-15m\/","name":"\u041a\u0430\u0431\u0435\u043b\u044c \u0434\u0430\u0442\u0447\u0438\u043a\u0430 M12; 4pin; PVC; female; 90-wire; 15m - Sakala T\u00f6\u00f6stusautomaatika O\u00dc","isPartOf":{"@id":"https:\/\/sakt.ee\/en\/#website"},"primaryImageOfPage":{"@id":"https:\/\/sakt.ee\/\u043c\u0430\u0433\u0430\u0437\u0438\u043d\/andurid\/lisatarvikud-anduritele\/kaablid\/andurijuhe-m12-4pin-pvc-emane-90-kraadi-15m\/#primaryimage"},"image":{"@id":"https:\/\/sakt.ee\/\u043c\u0430\u0433\u0430\u0437\u0438\u043d\/andurid\/lisatarvikud-anduritele\/kaablid\/andurijuhe-m12-4pin-pvc-emane-90-kraadi-15m\/#primaryimage"},"thumbnailUrl":"https:\/\/sakt.ee\/wp-content\/uploads\/2025\/05\/7511.jpg","datePublished":"2025-05-17T08:32:13+00:00","dateModified":"2025-11-20T20:30:29+00:00","breadcrumb":{"@id":"https:\/\/sakt.ee\/\u043c\u0430\u0433\u0430\u0437\u0438\u043d\/andurid\/lisatarvikud-anduritele\/kaablid\/andurijuhe-m12-4pin-pvc-emane-90-kraadi-15m\/#breadcrumb"},"inLanguage":"ru-RU","potentialAction":[{"@type":"ReadAction","target":["https:\/\/sakt.ee\/\u043c\u0430\u0433\u0430\u0437\u0438\u043d\/andurid\/lisatarvikud-anduritele\/kaablid\/andurijuhe-m12-4pin-pvc-emane-90-kraadi-15m\/"]}]},{"@type":"ImageObject","inLanguage":"ru-RU","@id":"https:\/\/sakt.ee\/\u043c\u0430\u0433\u0430\u0437\u0438\u043d\/andurid\/lisatarvikud-anduritele\/kaablid\/andurijuhe-m12-4pin-pvc-emane-90-kraadi-15m\/#primaryimage","url":"https:\/\/sakt.ee\/wp-content\/uploads\/2025\/05\/7511.jpg","contentUrl":"https:\/\/sakt.ee\/wp-content\/uploads\/2025\/05\/7511.jpg","width":800,"height":800},{"@type":"BreadcrumbList","@id":"https:\/\/sakt.ee\/\u043c\u0430\u0433\u0430\u0437\u0438\u043d\/andurid\/lisatarvikud-anduritele\/kaablid\/andurijuhe-m12-4pin-pvc-emane-90-kraadi-15m\/#breadcrumb","itemListElement":[{"@type":"ListItem","position":1,"name":"Home","item":"https:\/\/sakt.ee\/"},{"@type":"ListItem","position":2,"name":"\u041c\u0430\u0433\u0430\u0437\u0438\u043d","item":"https:\/\/sakt.ee\/ru\/\u043c\u0430\u0433\u0430\u0437\u0438\u043d\/"},{"@type":"ListItem","position":3,"name":"\u041a\u0430\u0431\u0435\u043b\u044c \u0434\u0430\u0442\u0447\u0438\u043a\u0430 M12; 4pin; PVC; female; 90-wire; 15m"}]},{"@type":"WebSite","@id":"https:\/\/sakt.ee\/en\/#website","url":"https:\/\/sakt.ee\/en\/","name":"Sakala T\u00f6\u00f6stusautomaatika O\u00dc","description":"T\u00f6\u00f6stusautomaatika e-pood","publisher":{"@id":"https:\/\/sakt.ee\/en\/#organization"},"potentialAction":[{"@type":"SearchAction","target":{"@type":"EntryPoint","urlTemplate":"https:\/\/sakt.ee\/en\/?s={search_term_string}"},"query-input":{"@type":"PropertyValueSpecification","valueRequired":true,"valueName":"search_term_string"}}],"inLanguage":"ru-RU"},{"@type":"Organization","@id":"https:\/\/sakt.ee\/en\/#organization","name":"Sakala T\u00f6\u00f6stusautomaatika O\u00dc","url":"https:\/\/sakt.ee\/en\/","logo":{"@type":"ImageObject","inLanguage":"ru-RU","@id":"https:\/\/sakt.ee\/en\/#\/schema\/logo\/image\/","url":"https:\/\/sakt.ee\/wp-content\/uploads\/2025\/05\/Sakala-Toostusautomaatika-favicon.png","contentUrl":"https:\/\/sakt.ee\/wp-content\/uploads\/2025\/05\/Sakala-Toostusautomaatika-favicon.png","width":500,"height":500,"caption":"Sakala T\u00f6\u00f6stusautomaatika O\u00dc"},"image":{"@id":"https:\/\/sakt.ee\/en\/#\/schema\/logo\/image\/"}}]},"product_price_amount":"15.95","product_price_currency":"EUR","og_availability":"instock","product_availability":"instock","product_retailer_item_id":"CD12M\/0B-150C1","product_condition":"new"},"_links":{"self":[{"href":"https:\/\/sakt.ee\/ru\/wp-json\/wp\/v2\/product\/43982","targetHints":{"allow":["GET"]}}],"collection":[{"href":"https:\/\/sakt.ee\/ru\/wp-json\/wp\/v2\/product"}],"about":[{"href":"https:\/\/sakt.ee\/ru\/wp-json\/wp\/v2\/types\/product"}],"version-history":[{"count":0,"href":"https:\/\/sakt.ee\/ru\/wp-json\/wp\/v2\/product\/43982\/revisions"}],"wp:featuredmedia":[{"embeddable":true,"href":"https:\/\/sakt.ee\/ru\/wp-json\/wp\/v2\/media\/34444"}],"wp:attachment":[{"href":"https:\/\/sakt.ee\/ru\/wp-json\/wp\/v2\/media?parent=43982"}],"wp:term":[{"taxonomy":"product_brand","embeddable":true,"href":"https:\/\/sakt.ee\/ru\/wp-json\/wp\/v2\/product_brand?post=43982"},{"taxonomy":"product_cat","embeddable":true,"href":"https:\/\/sakt.ee\/ru\/wp-json\/wp\/v2\/product_cat?post=43982"},{"taxonomy":"product_tag","embeddable":true,"href":"https:\/\/sakt.ee\/ru\/wp-json\/wp\/v2\/product_tag?post=43982"},{"taxonomy":"manufacturers","embeddable":true,"href":"https:\/\/sakt.ee\/ru\/wp-json\/wp\/v2\/manufacturers?post=43982"}],"curies":[{"name":"wp","href":"https:\/\/api.w.org\/{rel}","templated":true}]}}