{"id":43954,"date":"2025-05-17T11:36:56","date_gmt":"2025-05-17T08:36:56","guid":{"rendered":"https:\/\/sakt.ee\/product\/%d0%bf%d1%80%d0%be%d0%b3%d1%80%d0%b0%d0%bc%d0%bc%d0%b8%d1%80%d1%83%d0%b5%d0%bc%d1%8b%d0%b9-%d0%bf%d1%80%d0%b5%d0%be%d0%b1%d1%80%d0%b0%d0%b7%d0%be%d0%b2%d0%b0%d1%82%d0%b5%d0%bb%d1%8c-%d1%82%d0%b5-"},"modified":"2025-12-05T17:56:04","modified_gmt":"2025-12-05T14:56:04","slug":"%d0%bf%d1%80%d0%be%d0%b3%d1%80%d0%b0%d0%bc%d0%bc%d0%b8%d1%80%d1%83%d0%b5%d0%bc%d1%8b%d0%b9-%d0%bf%d1%80%d0%b5%d0%be%d0%b1%d1%80%d0%b0%d0%b7%d0%be%d0%b2%d0%b0%d1%82%d0%b5%d0%bb%d1%8c-%d1%82%d0%b5-2","status":"publish","type":"product","link":"https:\/\/sakt.ee\/ru\/\u043c\u0430\u0433\u0430\u0437\u0438\u043d\/%d0%b4%d0%b0%d1%82%d1%87%d0%b8%d0%ba%d0%b8-%d0%bf%d1%80%d0%be%d1%86%d0%b5%d1%81%d1%81%d0%b0\/%d0%bf%d1%80%d0%b5%d0%be%d0%b1%d1%80%d0%b0%d0%b7%d0%be%d0%b2%d0%b0%d1%82%d0%b5%d0%bb%d0%b8\/%d0%bf%d1%80%d0%be%d0%b3%d1%80%d0%b0%d0%bc%d0%bc%d0%b8%d1%80%d1%83%d0%b5%d0%bc%d1%8b%d0%b9-%d0%bf%d1%80%d0%b5%d0%be%d0%b1%d1%80%d0%b0%d0%b7%d0%be%d0%b2%d0%b0%d1%82%d0%b5%d0%bb%d1%8c-%d1%82%d0%b5-2\/","title":{"rendered":"DIN-\u0440\u0435\u0439\u043a\u0430 Android \u0442\u0435\u043b\u0435\u0444\u043e\u043d \u043f\u0440\u043e\u0433\u0440\u0430\u043c\u043c\u0438\u0440\u0443\u0435\u043c\u044b\u0439 \u043f\u0440\u0435\u043e\u0431\u0440\u0430\u0437\u043e\u0432\u0430\u0442\u0435\u043b\u044c \u0442\u0435\u043c\u043f\u0435\u0440\u0430\u0442\u0443\u0440\u043d\u044b\u0445 \u0441\u0438\u0433\u043d\u0430\u043b\u043e\u0432, 6-30DC, \u0432\u0445\u043e\u0434 pt100\/pt1000\/Ni100, \u0432\u044b\u0445\u043e\u0434 4-20\u043c\u0410, IP20"},"content":{"rendered":"","protected":false},"excerpt":{"rendered":"<p>\u0421\u043a\u0430\u0447\u0430\u0442\u044c \u043f\u0440\u0438\u043b\u043e\u0436\u0435\u043d\u0438\u0435 \u043c\u043e\u0436\u043d\u043e \u0437\u0434\u0435\u0441\u044c:<br \/>\nhttps:\/\/play.google.com\/store\/apps\/details?id=com.nfcprogrammer.programadornfc&amp;gl=ES  <\/p>\n","protected":false},"featured_media":34508,"template":"","meta":{"_acf_changed":false},"product_brand":[],"product_cat":[7248],"product_tag":[],"manufacturers":[7953],"class_list":{"0":"post-43954","1":"product","2":"type-product","3":"status-publish","4":"has-post-thumbnail","6":"product_cat-7248","7":"pa_kaitseklass-ip20-ru","8":"pa_paigaldus-din-ru","9":"pa_sisend-pt100-pt1000-ni100-ru","10":"pa_toide-6-32---","11":"pa_tootemperatuur-40-85c-ru","12":"pa_tootja-remberg","13":"pa_valjund-4-20-","14":"manufacturers-linker","16":"first","17":"instock","18":"taxable","19":"shipping-taxable","20":"purchasable","21":"product-type-simple"},"acf":[],"yoast_head":"<!-- This site is optimized with the Yoast SEO Premium plugin v25.4 (Yoast SEO v25.4) - https:\/\/yoast.com\/wordpress\/plugins\/seo\/ -->\n<title>DIN-\u0440\u0435\u0439\u043a\u0430 Android \u0442\u0435\u043b\u0435\u0444\u043e\u043d \u043f\u0440\u043e\u0433\u0440\u0430\u043c\u043c\u0438\u0440\u0443\u0435\u043c\u044b\u0439 \u043f\u0440\u0435\u043e\u0431\u0440\u0430\u0437\u043e\u0432\u0430\u0442\u0435\u043b\u044c \u0442\u0435\u043c\u043f\u0435\u0440\u0430\u0442\u0443\u0440\u043d\u044b\u0445 \u0441\u0438\u0433\u043d\u0430\u043b\u043e\u0432, 6-30DC, \u0432\u0445\u043e\u0434 pt100\/pt1000\/Ni100, \u0432\u044b\u0445\u043e\u0434 4-20\u043c\u0410, IP20 - Sakala T\u00f6\u00f6stusautomaatika O\u00dc<\/title>\n<meta name=\"robots\" content=\"index, follow, max-snippet:-1, max-image-preview:large, max-video-preview:-1\" \/>\n<link rel=\"canonical\" href=\"https:\/\/sakt.ee\/ru\/\u043c\u0430\u0433\u0430\u0437\u0438\u043d\/\u0434\u0430\u0442\u0447\u0438\u043a\u0438-\u043f\u0440\u043e\u0446\u0435\u0441\u0441\u0430\/\u043f\u0440\u0435\u043e\u0431\u0440\u0430\u0437\u043e\u0432\u0430\u0442\u0435\u043b\u0438-\u0442\u0435\u043c\u043f\u0435\u0440\u0430\u0442\u0443\u0440\u044b\/\u043f\u0440\u043e\u0433\u0440\u0430\u043c\u043c\u0438\u0440\u0443\u0435\u043c\u044b\u0439-\u043f\u0440\u0435\u043e\u0431\u0440\u0430\u0437\u043e\u0432\u0430\u0442\u0435\u043b\u044c-\u0442\u0435-2\/\" \/>\n<meta property=\"og:locale\" content=\"ru_RU\" \/>\n<meta property=\"og:type\" content=\"article\" \/>\n<meta property=\"og:title\" content=\"DIN-\u0440\u0435\u0439\u043a\u0430 Android \u0442\u0435\u043b\u0435\u0444\u043e\u043d \u043f\u0440\u043e\u0433\u0440\u0430\u043c\u043c\u0438\u0440\u0443\u0435\u043c\u044b\u0439 \u043f\u0440\u0435\u043e\u0431\u0440\u0430\u0437\u043e\u0432\u0430\u0442\u0435\u043b\u044c \u0442\u0435\u043c\u043f\u0435\u0440\u0430\u0442\u0443\u0440\u043d\u044b\u0445 \u0441\u0438\u0433\u043d\u0430\u043b\u043e\u0432, 6-30DC, \u0432\u0445\u043e\u0434 pt100\/pt1000\/Ni100, \u0432\u044b\u0445\u043e\u0434 4-20\u043c\u0410, IP20\" \/>\n<meta property=\"og:description\" content=\"\u0421\u043a\u0430\u0447\u0430\u0442\u044c \u043f\u0440\u0438\u043b\u043e\u0436\u0435\u043d\u0438\u0435 \u043c\u043e\u0436\u043d\u043e \u0437\u0434\u0435\u0441\u044c: https:\/\/play.google.com\/store\/apps\/details?id=com.nfcprogrammer.programadornfc&amp;gl=ES\" \/>\n<meta property=\"og:url\" content=\"https:\/\/sakt.ee\/ru\/\u043c\u0430\u0433\u0430\u0437\u0438\u043d\/\u0434\u0430\u0442\u0447\u0438\u043a\u0438-\u043f\u0440\u043e\u0446\u0435\u0441\u0441\u0430\/\u043f\u0440\u0435\u043e\u0431\u0440\u0430\u0437\u043e\u0432\u0430\u0442\u0435\u043b\u0438-\u0442\u0435\u043c\u043f\u0435\u0440\u0430\u0442\u0443\u0440\u044b\/\u043f\u0440\u043e\u0433\u0440\u0430\u043c\u043c\u0438\u0440\u0443\u0435\u043c\u044b\u0439-\u043f\u0440\u0435\u043e\u0431\u0440\u0430\u0437\u043e\u0432\u0430\u0442\u0435\u043b\u044c-\u0442\u0435-2\/\" \/>\n<meta property=\"og:site_name\" content=\"Sakala T\u00f6\u00f6stusautomaatika O\u00dc\" \/>\n<meta property=\"article:modified_time\" content=\"2025-12-05T14:56:04+00:00\" \/>\n<meta property=\"og:image\" content=\"https:\/\/sakt.ee\/wp-content\/uploads\/2025\/05\/7541.jpg\" \/>\n\t<meta property=\"og:image:width\" content=\"603\" \/>\n\t<meta property=\"og:image:height\" content=\"592\" \/>\n\t<meta property=\"og:image:type\" content=\"image\/jpeg\" \/>\n<meta name=\"twitter:card\" content=\"summary_large_image\" \/>\n<meta name=\"twitter:label1\" content=\"\u0426\u0435\u043d\u0430\" \/>\n\t<meta name=\"twitter:data1\" content=\"88,40&euro; +KM\" \/>\n\t<meta name=\"twitter:label2\" content=\"\u0414\u043e\u0441\u0442\u0443\u043f\u043d\u043e\u0441\u0442\u044c\" \/>\n\t<meta name=\"twitter:data2\" content=\"\u0412 \u043d\u0430\u043b\u0438\u0447\u0438\u0438\" \/>\n<script type=\"application\/ld+json\" class=\"yoast-schema-graph\">{\"@context\":\"https:\/\/schema.org\",\"@graph\":[{\"@type\":\"WebPage\",\"@id\":\"https:\/\/sakt.ee\/ru\/\u043c\u0430\u0433\u0430\u0437\u0438\u043d\/%d0%b4%d0%b0%d1%82%d1%87%d0%b8%d0%ba%d0%b8-%d0%bf%d1%80%d0%be%d1%86%d0%b5%d1%81%d1%81%d0%b0\/%d0%bf%d1%80%d0%b5%d0%be%d0%b1%d1%80%d0%b0%d0%b7%d0%be%d0%b2%d0%b0%d1%82%d0%b5%d0%bb%d0%b8-%d1%82%d0%b5%d0%bc%d0%bf%d0%b5%d1%80%d0%b0%d1%82%d1%83%d1%80%d1%8b\/%d0%bf%d1%80%d0%be%d0%b3%d1%80%d0%b0%d0%bc%d0%bc%d0%b8%d1%80%d1%83%d0%b5%d0%bc%d1%8b%d0%b9-%d0%bf%d1%80%d0%b5%d0%be%d0%b1%d1%80%d0%b0%d0%b7%d0%be%d0%b2%d0%b0%d1%82%d0%b5%d0%bb%d1%8c-%d1%82%d0%b5-2\/\",\"url\":\"https:\/\/sakt.ee\/ru\/\u043c\u0430\u0433\u0430\u0437\u0438\u043d\/%d0%b4%d0%b0%d1%82%d1%87%d0%b8%d0%ba%d0%b8-%d0%bf%d1%80%d0%be%d1%86%d0%b5%d1%81%d1%81%d0%b0\/%d0%bf%d1%80%d0%b5%d0%be%d0%b1%d1%80%d0%b0%d0%b7%d0%be%d0%b2%d0%b0%d1%82%d0%b5%d0%bb%d0%b8-%d1%82%d0%b5%d0%bc%d0%bf%d0%b5%d1%80%d0%b0%d1%82%d1%83%d1%80%d1%8b\/%d0%bf%d1%80%d0%be%d0%b3%d1%80%d0%b0%d0%bc%d0%bc%d0%b8%d1%80%d1%83%d0%b5%d0%bc%d1%8b%d0%b9-%d0%bf%d1%80%d0%b5%d0%be%d0%b1%d1%80%d0%b0%d0%b7%d0%be%d0%b2%d0%b0%d1%82%d0%b5%d0%bb%d1%8c-%d1%82%d0%b5-2\/\",\"name\":\"DIN-\u0440\u0435\u0439\u043a\u0430 Android \u0442\u0435\u043b\u0435\u0444\u043e\u043d \u043f\u0440\u043e\u0433\u0440\u0430\u043c\u043c\u0438\u0440\u0443\u0435\u043c\u044b\u0439 \u043f\u0440\u0435\u043e\u0431\u0440\u0430\u0437\u043e\u0432\u0430\u0442\u0435\u043b\u044c \u0442\u0435\u043c\u043f\u0435\u0440\u0430\u0442\u0443\u0440\u043d\u044b\u0445 \u0441\u0438\u0433\u043d\u0430\u043b\u043e\u0432, 6-30DC, \u0432\u0445\u043e\u0434 pt100\/pt1000\/Ni100, \u0432\u044b\u0445\u043e\u0434 4-20\u043c\u0410, IP20 - Sakala T\u00f6\u00f6stusautomaatika O\u00dc\",\"isPartOf\":{\"@id\":\"https:\/\/sakt.ee\/en\/#website\"},\"primaryImageOfPage\":{\"@id\":\"https:\/\/sakt.ee\/ru\/\u043c\u0430\u0433\u0430\u0437\u0438\u043d\/%d0%b4%d0%b0%d1%82%d1%87%d0%b8%d0%ba%d0%b8-%d0%bf%d1%80%d0%be%d1%86%d0%b5%d1%81%d1%81%d0%b0\/%d0%bf%d1%80%d0%b5%d0%be%d0%b1%d1%80%d0%b0%d0%b7%d0%be%d0%b2%d0%b0%d1%82%d0%b5%d0%bb%d0%b8-%d1%82%d0%b5%d0%bc%d0%bf%d0%b5%d1%80%d0%b0%d1%82%d1%83%d1%80%d1%8b\/%d0%bf%d1%80%d0%be%d0%b3%d1%80%d0%b0%d0%bc%d0%bc%d0%b8%d1%80%d1%83%d0%b5%d0%bc%d1%8b%d0%b9-%d0%bf%d1%80%d0%b5%d0%be%d0%b1%d1%80%d0%b0%d0%b7%d0%be%d0%b2%d0%b0%d1%82%d0%b5%d0%bb%d1%8c-%d1%82%d0%b5-2\/#primaryimage\"},\"image\":{\"@id\":\"https:\/\/sakt.ee\/ru\/\u043c\u0430\u0433\u0430\u0437\u0438\u043d\/%d0%b4%d0%b0%d1%82%d1%87%d0%b8%d0%ba%d0%b8-%d0%bf%d1%80%d0%be%d1%86%d0%b5%d1%81%d1%81%d0%b0\/%d0%bf%d1%80%d0%b5%d0%be%d0%b1%d1%80%d0%b0%d0%b7%d0%be%d0%b2%d0%b0%d1%82%d0%b5%d0%bb%d0%b8-%d1%82%d0%b5%d0%bc%d0%bf%d0%b5%d1%80%d0%b0%d1%82%d1%83%d1%80%d1%8b\/%d0%bf%d1%80%d0%be%d0%b3%d1%80%d0%b0%d0%bc%d0%bc%d0%b8%d1%80%d1%83%d0%b5%d0%bc%d1%8b%d0%b9-%d0%bf%d1%80%d0%b5%d0%be%d0%b1%d1%80%d0%b0%d0%b7%d0%be%d0%b2%d0%b0%d1%82%d0%b5%d0%bb%d1%8c-%d1%82%d0%b5-2\/#primaryimage\"},\"thumbnailUrl\":\"https:\/\/sakt.ee\/wp-content\/uploads\/2025\/05\/7541.jpg\",\"datePublished\":\"2025-05-17T08:36:56+00:00\",\"dateModified\":\"2025-12-05T14:56:04+00:00\",\"breadcrumb\":{\"@id\":\"https:\/\/sakt.ee\/ru\/\u043c\u0430\u0433\u0430\u0437\u0438\u043d\/%d0%b4%d0%b0%d1%82%d1%87%d0%b8%d0%ba%d0%b8-%d0%bf%d1%80%d0%be%d1%86%d0%b5%d1%81%d1%81%d0%b0\/%d0%bf%d1%80%d0%b5%d0%be%d0%b1%d1%80%d0%b0%d0%b7%d0%be%d0%b2%d0%b0%d1%82%d0%b5%d0%bb%d0%b8-%d1%82%d0%b5%d0%bc%d0%bf%d0%b5%d1%80%d0%b0%d1%82%d1%83%d1%80%d1%8b\/%d0%bf%d1%80%d0%be%d0%b3%d1%80%d0%b0%d0%bc%d0%bc%d0%b8%d1%80%d1%83%d0%b5%d0%bc%d1%8b%d0%b9-%d0%bf%d1%80%d0%b5%d0%be%d0%b1%d1%80%d0%b0%d0%b7%d0%be%d0%b2%d0%b0%d1%82%d0%b5%d0%bb%d1%8c-%d1%82%d0%b5-2\/#breadcrumb\"},\"inLanguage\":\"ru-RU\",\"potentialAction\":[{\"@type\":\"ReadAction\",\"target\":[\"https:\/\/sakt.ee\/ru\/\u043c\u0430\u0433\u0430\u0437\u0438\u043d\/%d0%b4%d0%b0%d1%82%d1%87%d0%b8%d0%ba%d0%b8-%d0%bf%d1%80%d0%be%d1%86%d0%b5%d1%81%d1%81%d0%b0\/%d0%bf%d1%80%d0%b5%d0%be%d0%b1%d1%80%d0%b0%d0%b7%d0%be%d0%b2%d0%b0%d1%82%d0%b5%d0%bb%d0%b8-%d1%82%d0%b5%d0%bc%d0%bf%d0%b5%d1%80%d0%b0%d1%82%d1%83%d1%80%d1%8b\/%d0%bf%d1%80%d0%be%d0%b3%d1%80%d0%b0%d0%bc%d0%bc%d0%b8%d1%80%d1%83%d0%b5%d0%bc%d1%8b%d0%b9-%d0%bf%d1%80%d0%b5%d0%be%d0%b1%d1%80%d0%b0%d0%b7%d0%be%d0%b2%d0%b0%d1%82%d0%b5%d0%bb%d1%8c-%d1%82%d0%b5-2\/\"]}]},{\"@type\":\"ImageObject\",\"inLanguage\":\"ru-RU\",\"@id\":\"https:\/\/sakt.ee\/ru\/\u043c\u0430\u0433\u0430\u0437\u0438\u043d\/%d0%b4%d0%b0%d1%82%d1%87%d0%b8%d0%ba%d0%b8-%d0%bf%d1%80%d0%be%d1%86%d0%b5%d1%81%d1%81%d0%b0\/%d0%bf%d1%80%d0%b5%d0%be%d0%b1%d1%80%d0%b0%d0%b7%d0%be%d0%b2%d0%b0%d1%82%d0%b5%d0%bb%d0%b8-%d1%82%d0%b5%d0%bc%d0%bf%d0%b5%d1%80%d0%b0%d1%82%d1%83%d1%80%d1%8b\/%d0%bf%d1%80%d0%be%d0%b3%d1%80%d0%b0%d0%bc%d0%bc%d0%b8%d1%80%d1%83%d0%b5%d0%bc%d1%8b%d0%b9-%d0%bf%d1%80%d0%b5%d0%be%d0%b1%d1%80%d0%b0%d0%b7%d0%be%d0%b2%d0%b0%d1%82%d0%b5%d0%bb%d1%8c-%d1%82%d0%b5-2\/#primaryimage\",\"url\":\"https:\/\/sakt.ee\/wp-content\/uploads\/2025\/05\/7541.jpg\",\"contentUrl\":\"https:\/\/sakt.ee\/wp-content\/uploads\/2025\/05\/7541.jpg\",\"width\":603,\"height\":592},{\"@type\":\"BreadcrumbList\",\"@id\":\"https:\/\/sakt.ee\/ru\/\u043c\u0430\u0433\u0430\u0437\u0438\u043d\/%d0%b4%d0%b0%d1%82%d1%87%d0%b8%d0%ba%d0%b8-%d0%bf%d1%80%d0%be%d1%86%d0%b5%d1%81%d1%81%d0%b0\/%d0%bf%d1%80%d0%b5%d0%be%d0%b1%d1%80%d0%b0%d0%b7%d0%be%d0%b2%d0%b0%d1%82%d0%b5%d0%bb%d0%b8-%d1%82%d0%b5%d0%bc%d0%bf%d0%b5%d1%80%d0%b0%d1%82%d1%83%d1%80%d1%8b\/%d0%bf%d1%80%d0%be%d0%b3%d1%80%d0%b0%d0%bc%d0%bc%d0%b8%d1%80%d1%83%d0%b5%d0%bc%d1%8b%d0%b9-%d0%bf%d1%80%d0%b5%d0%be%d0%b1%d1%80%d0%b0%d0%b7%d0%be%d0%b2%d0%b0%d1%82%d0%b5%d0%bb%d1%8c-%d1%82%d0%b5-2\/#breadcrumb\",\"itemListElement\":[{\"@type\":\"ListItem\",\"position\":1,\"name\":\"Home\",\"item\":\"https:\/\/sakt.ee\/\"},{\"@type\":\"ListItem\",\"position\":2,\"name\":\"\u041c\u0430\u0433\u0430\u0437\u0438\u043d\",\"item\":\"https:\/\/sakt.ee\/ru\/\u043c\u0430\u0433\u0430\u0437\u0438\u043d\/\"},{\"@type\":\"ListItem\",\"position\":3,\"name\":\"DIN-\u0440\u0435\u0439\u043a\u0430 Android \u0442\u0435\u043b\u0435\u0444\u043e\u043d \u043f\u0440\u043e\u0433\u0440\u0430\u043c\u043c\u0438\u0440\u0443\u0435\u043c\u044b\u0439 \u043f\u0440\u0435\u043e\u0431\u0440\u0430\u0437\u043e\u0432\u0430\u0442\u0435\u043b\u044c \u0442\u0435\u043c\u043f\u0435\u0440\u0430\u0442\u0443\u0440\u043d\u044b\u0445 \u0441\u0438\u0433\u043d\u0430\u043b\u043e\u0432, 6-30DC, \u0432\u0445\u043e\u0434 pt100\/pt1000\/Ni100, \u0432\u044b\u0445\u043e\u0434 4-20\u043c\u0410, IP20\"}]},{\"@type\":\"WebSite\",\"@id\":\"https:\/\/sakt.ee\/en\/#website\",\"url\":\"https:\/\/sakt.ee\/en\/\",\"name\":\"Sakala T\u00f6\u00f6stusautomaatika O\u00dc\",\"description\":\"T\u00f6\u00f6stusautomaatika e-pood\",\"publisher\":{\"@id\":\"https:\/\/sakt.ee\/en\/#organization\"},\"potentialAction\":[{\"@type\":\"SearchAction\",\"target\":{\"@type\":\"EntryPoint\",\"urlTemplate\":\"https:\/\/sakt.ee\/en\/?s={search_term_string}\"},\"query-input\":{\"@type\":\"PropertyValueSpecification\",\"valueRequired\":true,\"valueName\":\"search_term_string\"}}],\"inLanguage\":\"ru-RU\"},{\"@type\":\"Organization\",\"@id\":\"https:\/\/sakt.ee\/en\/#organization\",\"name\":\"Sakala T\u00f6\u00f6stusautomaatika O\u00dc\",\"url\":\"https:\/\/sakt.ee\/en\/\",\"logo\":{\"@type\":\"ImageObject\",\"inLanguage\":\"ru-RU\",\"@id\":\"https:\/\/sakt.ee\/en\/#\/schema\/logo\/image\/\",\"url\":\"https:\/\/sakt.ee\/wp-content\/uploads\/2025\/05\/Sakala-Toostusautomaatika-favicon.png\",\"contentUrl\":\"https:\/\/sakt.ee\/wp-content\/uploads\/2025\/05\/Sakala-Toostusautomaatika-favicon.png\",\"width\":500,\"height\":500,\"caption\":\"Sakala T\u00f6\u00f6stusautomaatika O\u00dc\"},\"image\":{\"@id\":\"https:\/\/sakt.ee\/en\/#\/schema\/logo\/image\/\"}}]}<\/script>\n<meta property=\"product:price:amount\" content=\"88.40\" \/>\n<meta property=\"product:price:currency\" content=\"EUR\" \/>\n<meta property=\"og:availability\" content=\"instock\" \/>\n<meta property=\"product:availability\" content=\"instock\" \/>\n<meta property=\"product:retailer_item_id\" content=\"TERMO-RTD\" \/>\n<meta property=\"product:condition\" content=\"new\" \/>\n<!-- \/ Yoast SEO Premium plugin. -->","yoast_head_json":{"title":"DIN-\u0440\u0435\u0439\u043a\u0430 Android \u0442\u0435\u043b\u0435\u0444\u043e\u043d \u043f\u0440\u043e\u0433\u0440\u0430\u043c\u043c\u0438\u0440\u0443\u0435\u043c\u044b\u0439 \u043f\u0440\u0435\u043e\u0431\u0440\u0430\u0437\u043e\u0432\u0430\u0442\u0435\u043b\u044c \u0442\u0435\u043c\u043f\u0435\u0440\u0430\u0442\u0443\u0440\u043d\u044b\u0445 \u0441\u0438\u0433\u043d\u0430\u043b\u043e\u0432, 6-30DC, \u0432\u0445\u043e\u0434 pt100\/pt1000\/Ni100, \u0432\u044b\u0445\u043e\u0434 4-20\u043c\u0410, IP20 - Sakala T\u00f6\u00f6stusautomaatika O\u00dc","robots":{"index":"index","follow":"follow","max-snippet":"max-snippet:-1","max-image-preview":"max-image-preview:large","max-video-preview":"max-video-preview:-1"},"canonical":"https:\/\/sakt.ee\/ru\/\u043c\u0430\u0433\u0430\u0437\u0438\u043d\/\u0434\u0430\u0442\u0447\u0438\u043a\u0438-\u043f\u0440\u043e\u0446\u0435\u0441\u0441\u0430\/\u043f\u0440\u0435\u043e\u0431\u0440\u0430\u0437\u043e\u0432\u0430\u0442\u0435\u043b\u0438-\u0442\u0435\u043c\u043f\u0435\u0440\u0430\u0442\u0443\u0440\u044b\/\u043f\u0440\u043e\u0433\u0440\u0430\u043c\u043c\u0438\u0440\u0443\u0435\u043c\u044b\u0439-\u043f\u0440\u0435\u043e\u0431\u0440\u0430\u0437\u043e\u0432\u0430\u0442\u0435\u043b\u044c-\u0442\u0435-2\/","og_locale":"ru_RU","og_type":"article","og_title":"DIN-\u0440\u0435\u0439\u043a\u0430 Android \u0442\u0435\u043b\u0435\u0444\u043e\u043d \u043f\u0440\u043e\u0433\u0440\u0430\u043c\u043c\u0438\u0440\u0443\u0435\u043c\u044b\u0439 \u043f\u0440\u0435\u043e\u0431\u0440\u0430\u0437\u043e\u0432\u0430\u0442\u0435\u043b\u044c \u0442\u0435\u043c\u043f\u0435\u0440\u0430\u0442\u0443\u0440\u043d\u044b\u0445 \u0441\u0438\u0433\u043d\u0430\u043b\u043e\u0432, 6-30DC, \u0432\u0445\u043e\u0434 pt100\/pt1000\/Ni100, \u0432\u044b\u0445\u043e\u0434 4-20\u043c\u0410, IP20","og_description":"\u0421\u043a\u0430\u0447\u0430\u0442\u044c \u043f\u0440\u0438\u043b\u043e\u0436\u0435\u043d\u0438\u0435 \u043c\u043e\u0436\u043d\u043e \u0437\u0434\u0435\u0441\u044c: https:\/\/play.google.com\/store\/apps\/details?id=com.nfcprogrammer.programadornfc&amp;gl=ES","og_url":"https:\/\/sakt.ee\/ru\/\u043c\u0430\u0433\u0430\u0437\u0438\u043d\/\u0434\u0430\u0442\u0447\u0438\u043a\u0438-\u043f\u0440\u043e\u0446\u0435\u0441\u0441\u0430\/\u043f\u0440\u0435\u043e\u0431\u0440\u0430\u0437\u043e\u0432\u0430\u0442\u0435\u043b\u0438-\u0442\u0435\u043c\u043f\u0435\u0440\u0430\u0442\u0443\u0440\u044b\/\u043f\u0440\u043e\u0433\u0440\u0430\u043c\u043c\u0438\u0440\u0443\u0435\u043c\u044b\u0439-\u043f\u0440\u0435\u043e\u0431\u0440\u0430\u0437\u043e\u0432\u0430\u0442\u0435\u043b\u044c-\u0442\u0435-2\/","og_site_name":"Sakala T\u00f6\u00f6stusautomaatika O\u00dc","article_modified_time":"2025-12-05T14:56:04+00:00","og_image":[{"width":603,"height":592,"url":"https:\/\/sakt.ee\/wp-content\/uploads\/2025\/05\/7541.jpg","type":"image\/jpeg"}],"twitter_card":"summary_large_image","twitter_misc":{"\u0426\u0435\u043d\u0430":"88,40&euro; +KM","\u0414\u043e\u0441\u0442\u0443\u043f\u043d\u043e\u0441\u0442\u044c":"\u0412 \u043d\u0430\u043b\u0438\u0447\u0438\u0438"},"schema":{"@context":"https:\/\/schema.org","@graph":[{"@type":"WebPage","@id":"https:\/\/sakt.ee\/ru\/\u043c\u0430\u0433\u0430\u0437\u0438\u043d\/%d0%b4%d0%b0%d1%82%d1%87%d0%b8%d0%ba%d0%b8-%d0%bf%d1%80%d0%be%d1%86%d0%b5%d1%81%d1%81%d0%b0\/%d0%bf%d1%80%d0%b5%d0%be%d0%b1%d1%80%d0%b0%d0%b7%d0%be%d0%b2%d0%b0%d1%82%d0%b5%d0%bb%d0%b8-%d1%82%d0%b5%d0%bc%d0%bf%d0%b5%d1%80%d0%b0%d1%82%d1%83%d1%80%d1%8b\/%d0%bf%d1%80%d0%be%d0%b3%d1%80%d0%b0%d0%bc%d0%bc%d0%b8%d1%80%d1%83%d0%b5%d0%bc%d1%8b%d0%b9-%d0%bf%d1%80%d0%b5%d0%be%d0%b1%d1%80%d0%b0%d0%b7%d0%be%d0%b2%d0%b0%d1%82%d0%b5%d0%bb%d1%8c-%d1%82%d0%b5-2\/","url":"https:\/\/sakt.ee\/ru\/\u043c\u0430\u0433\u0430\u0437\u0438\u043d\/%d0%b4%d0%b0%d1%82%d1%87%d0%b8%d0%ba%d0%b8-%d0%bf%d1%80%d0%be%d1%86%d0%b5%d1%81%d1%81%d0%b0\/%d0%bf%d1%80%d0%b5%d0%be%d0%b1%d1%80%d0%b0%d0%b7%d0%be%d0%b2%d0%b0%d1%82%d0%b5%d0%bb%d0%b8-%d1%82%d0%b5%d0%bc%d0%bf%d0%b5%d1%80%d0%b0%d1%82%d1%83%d1%80%d1%8b\/%d0%bf%d1%80%d0%be%d0%b3%d1%80%d0%b0%d0%bc%d0%bc%d0%b8%d1%80%d1%83%d0%b5%d0%bc%d1%8b%d0%b9-%d0%bf%d1%80%d0%b5%d0%be%d0%b1%d1%80%d0%b0%d0%b7%d0%be%d0%b2%d0%b0%d1%82%d0%b5%d0%bb%d1%8c-%d1%82%d0%b5-2\/","name":"DIN-\u0440\u0435\u0439\u043a\u0430 Android \u0442\u0435\u043b\u0435\u0444\u043e\u043d \u043f\u0440\u043e\u0433\u0440\u0430\u043c\u043c\u0438\u0440\u0443\u0435\u043c\u044b\u0439 \u043f\u0440\u0435\u043e\u0431\u0440\u0430\u0437\u043e\u0432\u0430\u0442\u0435\u043b\u044c \u0442\u0435\u043c\u043f\u0435\u0440\u0430\u0442\u0443\u0440\u043d\u044b\u0445 \u0441\u0438\u0433\u043d\u0430\u043b\u043e\u0432, 6-30DC, \u0432\u0445\u043e\u0434 pt100\/pt1000\/Ni100, \u0432\u044b\u0445\u043e\u0434 4-20\u043c\u0410, IP20 - Sakala T\u00f6\u00f6stusautomaatika O\u00dc","isPartOf":{"@id":"https:\/\/sakt.ee\/en\/#website"},"primaryImageOfPage":{"@id":"https:\/\/sakt.ee\/ru\/\u043c\u0430\u0433\u0430\u0437\u0438\u043d\/%d0%b4%d0%b0%d1%82%d1%87%d0%b8%d0%ba%d0%b8-%d0%bf%d1%80%d0%be%d1%86%d0%b5%d1%81%d1%81%d0%b0\/%d0%bf%d1%80%d0%b5%d0%be%d0%b1%d1%80%d0%b0%d0%b7%d0%be%d0%b2%d0%b0%d1%82%d0%b5%d0%bb%d0%b8-%d1%82%d0%b5%d0%bc%d0%bf%d0%b5%d1%80%d0%b0%d1%82%d1%83%d1%80%d1%8b\/%d0%bf%d1%80%d0%be%d0%b3%d1%80%d0%b0%d0%bc%d0%bc%d0%b8%d1%80%d1%83%d0%b5%d0%bc%d1%8b%d0%b9-%d0%bf%d1%80%d0%b5%d0%be%d0%b1%d1%80%d0%b0%d0%b7%d0%be%d0%b2%d0%b0%d1%82%d0%b5%d0%bb%d1%8c-%d1%82%d0%b5-2\/#primaryimage"},"image":{"@id":"https:\/\/sakt.ee\/ru\/\u043c\u0430\u0433\u0430\u0437\u0438\u043d\/%d0%b4%d0%b0%d1%82%d1%87%d0%b8%d0%ba%d0%b8-%d0%bf%d1%80%d0%be%d1%86%d0%b5%d1%81%d1%81%d0%b0\/%d0%bf%d1%80%d0%b5%d0%be%d0%b1%d1%80%d0%b0%d0%b7%d0%be%d0%b2%d0%b0%d1%82%d0%b5%d0%bb%d0%b8-%d1%82%d0%b5%d0%bc%d0%bf%d0%b5%d1%80%d0%b0%d1%82%d1%83%d1%80%d1%8b\/%d0%bf%d1%80%d0%be%d0%b3%d1%80%d0%b0%d0%bc%d0%bc%d0%b8%d1%80%d1%83%d0%b5%d0%bc%d1%8b%d0%b9-%d0%bf%d1%80%d0%b5%d0%be%d0%b1%d1%80%d0%b0%d0%b7%d0%be%d0%b2%d0%b0%d1%82%d0%b5%d0%bb%d1%8c-%d1%82%d0%b5-2\/#primaryimage"},"thumbnailUrl":"https:\/\/sakt.ee\/wp-content\/uploads\/2025\/05\/7541.jpg","datePublished":"2025-05-17T08:36:56+00:00","dateModified":"2025-12-05T14:56:04+00:00","breadcrumb":{"@id":"https:\/\/sakt.ee\/ru\/\u043c\u0430\u0433\u0430\u0437\u0438\u043d\/%d0%b4%d0%b0%d1%82%d1%87%d0%b8%d0%ba%d0%b8-%d0%bf%d1%80%d0%be%d1%86%d0%b5%d1%81%d1%81%d0%b0\/%d0%bf%d1%80%d0%b5%d0%be%d0%b1%d1%80%d0%b0%d0%b7%d0%be%d0%b2%d0%b0%d1%82%d0%b5%d0%bb%d0%b8-%d1%82%d0%b5%d0%bc%d0%bf%d0%b5%d1%80%d0%b0%d1%82%d1%83%d1%80%d1%8b\/%d0%bf%d1%80%d0%be%d0%b3%d1%80%d0%b0%d0%bc%d0%bc%d0%b8%d1%80%d1%83%d0%b5%d0%bc%d1%8b%d0%b9-%d0%bf%d1%80%d0%b5%d0%be%d0%b1%d1%80%d0%b0%d0%b7%d0%be%d0%b2%d0%b0%d1%82%d0%b5%d0%bb%d1%8c-%d1%82%d0%b5-2\/#breadcrumb"},"inLanguage":"ru-RU","potentialAction":[{"@type":"ReadAction","target":["https:\/\/sakt.ee\/ru\/\u043c\u0430\u0433\u0430\u0437\u0438\u043d\/%d0%b4%d0%b0%d1%82%d1%87%d0%b8%d0%ba%d0%b8-%d0%bf%d1%80%d0%be%d1%86%d0%b5%d1%81%d1%81%d0%b0\/%d0%bf%d1%80%d0%b5%d0%be%d0%b1%d1%80%d0%b0%d0%b7%d0%be%d0%b2%d0%b0%d1%82%d0%b5%d0%bb%d0%b8-%d1%82%d0%b5%d0%bc%d0%bf%d0%b5%d1%80%d0%b0%d1%82%d1%83%d1%80%d1%8b\/%d0%bf%d1%80%d0%be%d0%b3%d1%80%d0%b0%d0%bc%d0%bc%d0%b8%d1%80%d1%83%d0%b5%d0%bc%d1%8b%d0%b9-%d0%bf%d1%80%d0%b5%d0%be%d0%b1%d1%80%d0%b0%d0%b7%d0%be%d0%b2%d0%b0%d1%82%d0%b5%d0%bb%d1%8c-%d1%82%d0%b5-2\/"]}]},{"@type":"ImageObject","inLanguage":"ru-RU","@id":"https:\/\/sakt.ee\/ru\/\u043c\u0430\u0433\u0430\u0437\u0438\u043d\/%d0%b4%d0%b0%d1%82%d1%87%d0%b8%d0%ba%d0%b8-%d0%bf%d1%80%d0%be%d1%86%d0%b5%d1%81%d1%81%d0%b0\/%d0%bf%d1%80%d0%b5%d0%be%d0%b1%d1%80%d0%b0%d0%b7%d0%be%d0%b2%d0%b0%d1%82%d0%b5%d0%bb%d0%b8-%d1%82%d0%b5%d0%bc%d0%bf%d0%b5%d1%80%d0%b0%d1%82%d1%83%d1%80%d1%8b\/%d0%bf%d1%80%d0%be%d0%b3%d1%80%d0%b0%d0%bc%d0%bc%d0%b8%d1%80%d1%83%d0%b5%d0%bc%d1%8b%d0%b9-%d0%bf%d1%80%d0%b5%d0%be%d0%b1%d1%80%d0%b0%d0%b7%d0%be%d0%b2%d0%b0%d1%82%d0%b5%d0%bb%d1%8c-%d1%82%d0%b5-2\/#primaryimage","url":"https:\/\/sakt.ee\/wp-content\/uploads\/2025\/05\/7541.jpg","contentUrl":"https:\/\/sakt.ee\/wp-content\/uploads\/2025\/05\/7541.jpg","width":603,"height":592},{"@type":"BreadcrumbList","@id":"https:\/\/sakt.ee\/ru\/\u043c\u0430\u0433\u0430\u0437\u0438\u043d\/%d0%b4%d0%b0%d1%82%d1%87%d0%b8%d0%ba%d0%b8-%d0%bf%d1%80%d0%be%d1%86%d0%b5%d1%81%d1%81%d0%b0\/%d0%bf%d1%80%d0%b5%d0%be%d0%b1%d1%80%d0%b0%d0%b7%d0%be%d0%b2%d0%b0%d1%82%d0%b5%d0%bb%d0%b8-%d1%82%d0%b5%d0%bc%d0%bf%d0%b5%d1%80%d0%b0%d1%82%d1%83%d1%80%d1%8b\/%d0%bf%d1%80%d0%be%d0%b3%d1%80%d0%b0%d0%bc%d0%bc%d0%b8%d1%80%d1%83%d0%b5%d0%bc%d1%8b%d0%b9-%d0%bf%d1%80%d0%b5%d0%be%d0%b1%d1%80%d0%b0%d0%b7%d0%be%d0%b2%d0%b0%d1%82%d0%b5%d0%bb%d1%8c-%d1%82%d0%b5-2\/#breadcrumb","itemListElement":[{"@type":"ListItem","position":1,"name":"Home","item":"https:\/\/sakt.ee\/"},{"@type":"ListItem","position":2,"name":"\u041c\u0430\u0433\u0430\u0437\u0438\u043d","item":"https:\/\/sakt.ee\/ru\/\u043c\u0430\u0433\u0430\u0437\u0438\u043d\/"},{"@type":"ListItem","position":3,"name":"DIN-\u0440\u0435\u0439\u043a\u0430 Android \u0442\u0435\u043b\u0435\u0444\u043e\u043d \u043f\u0440\u043e\u0433\u0440\u0430\u043c\u043c\u0438\u0440\u0443\u0435\u043c\u044b\u0439 \u043f\u0440\u0435\u043e\u0431\u0440\u0430\u0437\u043e\u0432\u0430\u0442\u0435\u043b\u044c \u0442\u0435\u043c\u043f\u0435\u0440\u0430\u0442\u0443\u0440\u043d\u044b\u0445 \u0441\u0438\u0433\u043d\u0430\u043b\u043e\u0432, 6-30DC, \u0432\u0445\u043e\u0434 pt100\/pt1000\/Ni100, \u0432\u044b\u0445\u043e\u0434 4-20\u043c\u0410, IP20"}]},{"@type":"WebSite","@id":"https:\/\/sakt.ee\/en\/#website","url":"https:\/\/sakt.ee\/en\/","name":"Sakala T\u00f6\u00f6stusautomaatika O\u00dc","description":"T\u00f6\u00f6stusautomaatika e-pood","publisher":{"@id":"https:\/\/sakt.ee\/en\/#organization"},"potentialAction":[{"@type":"SearchAction","target":{"@type":"EntryPoint","urlTemplate":"https:\/\/sakt.ee\/en\/?s={search_term_string}"},"query-input":{"@type":"PropertyValueSpecification","valueRequired":true,"valueName":"search_term_string"}}],"inLanguage":"ru-RU"},{"@type":"Organization","@id":"https:\/\/sakt.ee\/en\/#organization","name":"Sakala T\u00f6\u00f6stusautomaatika O\u00dc","url":"https:\/\/sakt.ee\/en\/","logo":{"@type":"ImageObject","inLanguage":"ru-RU","@id":"https:\/\/sakt.ee\/en\/#\/schema\/logo\/image\/","url":"https:\/\/sakt.ee\/wp-content\/uploads\/2025\/05\/Sakala-Toostusautomaatika-favicon.png","contentUrl":"https:\/\/sakt.ee\/wp-content\/uploads\/2025\/05\/Sakala-Toostusautomaatika-favicon.png","width":500,"height":500,"caption":"Sakala T\u00f6\u00f6stusautomaatika O\u00dc"},"image":{"@id":"https:\/\/sakt.ee\/en\/#\/schema\/logo\/image\/"}}]},"product_price_amount":"88.40","product_price_currency":"EUR","og_availability":"instock","product_availability":"instock","product_retailer_item_id":"TERMO-RTD","product_condition":"new"},"_links":{"self":[{"href":"https:\/\/sakt.ee\/ru\/wp-json\/wp\/v2\/product\/43954","targetHints":{"allow":["GET"]}}],"collection":[{"href":"https:\/\/sakt.ee\/ru\/wp-json\/wp\/v2\/product"}],"about":[{"href":"https:\/\/sakt.ee\/ru\/wp-json\/wp\/v2\/types\/product"}],"version-history":[{"count":0,"href":"https:\/\/sakt.ee\/ru\/wp-json\/wp\/v2\/product\/43954\/revisions"}],"wp:featuredmedia":[{"embeddable":true,"href":"https:\/\/sakt.ee\/ru\/wp-json\/wp\/v2\/media\/34508"}],"wp:attachment":[{"href":"https:\/\/sakt.ee\/ru\/wp-json\/wp\/v2\/media?parent=43954"}],"wp:term":[{"taxonomy":"product_brand","embeddable":true,"href":"https:\/\/sakt.ee\/ru\/wp-json\/wp\/v2\/product_brand?post=43954"},{"taxonomy":"product_cat","embeddable":true,"href":"https:\/\/sakt.ee\/ru\/wp-json\/wp\/v2\/product_cat?post=43954"},{"taxonomy":"product_tag","embeddable":true,"href":"https:\/\/sakt.ee\/ru\/wp-json\/wp\/v2\/product_tag?post=43954"},{"taxonomy":"manufacturers","embeddable":true,"href":"https:\/\/sakt.ee\/ru\/wp-json\/wp\/v2\/manufacturers?post=43954"}],"curies":[{"name":"wp","href":"https:\/\/api.w.org\/{rel}","templated":true}]}}