{"id":43488,"date":"2025-05-17T08:41:58","date_gmt":"2025-05-17T05:41:58","guid":{"rendered":"https:\/\/sakt.ee\/product\/snt-%d1%82%d1%80%d0%be%d0%bc%d0%b1%d0%be%d0%bd-%d0%b1%d0%b5%d0%bb%d1%8b%d0%b9-%d1%81%d0%b8%d0%b3%d0%bd%d0%b0%d0%bb%d1%8c%d0%bd%d1%8b%d0%b9-%d1%84%d0%be%d0%bd%d0%b0%d1%80%d1%8c-40-250-ac-dc-%d0%bc"},"modified":"2025-11-04T11:49:41","modified_gmt":"2025-11-04T08:49:41","slug":"snt-%d1%82%d1%80%d0%be%d0%bc%d0%b1%d0%be%d0%bd-%d0%b1%d0%b5%d0%bb%d1%8b%d0%b9-%d1%81%d0%b8%d0%b3%d0%bd%d0%b0%d0%bb%d1%8c%d0%bd%d1%8b%d0%b9-%d1%84%d0%be%d0%bd%d0%b0%d1%80%d1%8c-40-250-ac-dc-%d0%bc","status":"publish","type":"product","link":"https:\/\/sakt.ee\/ru\/\u043c\u0430\u0433\u0430\u0437\u0438\u043d\/%d1%81%d0%b8%d0%b3%d0%bd%d0%b0%d0%bb%d1%8c%d0%bd%d1%8b%d0%b5-%d1%81%d0%b8%d1%81%d1%82%d0%b5%d0%bc%d1%8b\/%d0%b7%d0%b2%d1%83%d0%ba%d0%be%d0%b2%d0%b0%d1%8f-%d1%81%d0%b8%d0%b3%d0%bd%d0%b0%d0%bb%d0%b8%d0%b7%d0%b0%d1%86%d0%b8%d1%8f\/snt-%d1%82%d1%80%d0%be%d0%bc%d0%b1%d0%be%d0%bd-%d0%b1%d0%b5%d0%bb%d1%8b%d0%b9-%d1%81%d0%b8%d0%b3%d0%bd%d0%b0%d0%bb%d1%8c%d0%bd%d1%8b%d0%b9-%d1%84%d0%be%d0%bd%d0%b0%d1%80%d1%8c-40-250-ac-dc-%d0%bc\/","title":{"rendered":"SNT \u0442\u0440\u043e\u043c\u0431\u043e\u043d + \u0431\u0435\u043b\u044b\u0439 \u0441\u0438\u0433\u043d\u0430\u043b\u044c\u043d\u044b\u0439 \u0444\u043e\u043d\u0430\u0440\u044c; 40-250 AC\/DC; \u043c\u0430\u043a\u0441 131 \u0434\u0411; 16 \u0442\u043e\u043d\u043e\u0432; IP65"},"content":{"rendered":"","protected":false},"excerpt":{"rendered":"","protected":false},"featured_media":32116,"template":"","meta":{"_acf_changed":false},"product_brand":[],"product_cat":[3471],"product_tag":[],"manufacturers":[7837],"class_list":{"0":"post-43488","1":"product","2":"type-product","3":"status-publish","4":"has-post-thumbnail","6":"product_cat-3471","7":"pa_helitugevus-131--","8":"pa_kaitseklass-ip65-ru","9":"pa_korgus-192mm-ru","10":"pa_korpus-3193","11":"pa_labimoot-70mm-ru","12":"pa_laius-80mm-ru","13":"pa_paigaldus-3095","14":"pa_seeria-snt-ru","15":"pa_toide-40-250----","16":"pa_toode-5788","17":"pa_toonide-arv-16-ru","18":"pa_tootemperatuur-20-50c-ru","19":"pa_tootja-mucco","20":"pa_valgusefekt-5791","21":"pa_varv-3423","22":"manufacturers-mucco-ru","24":"first","25":"instock","26":"taxable","27":"shipping-taxable","28":"purchasable","29":"product-type-simple"},"acf":[],"yoast_head":"<!-- This site is optimized with the Yoast SEO Premium plugin v25.4 (Yoast SEO v25.4) - https:\/\/yoast.com\/wordpress\/plugins\/seo\/ -->\n<title>SNT \u0442\u0440\u043e\u043c\u0431\u043e\u043d + \u0431\u0435\u043b\u044b\u0439 \u0441\u0438\u0433\u043d\u0430\u043b\u044c\u043d\u044b\u0439 \u0444\u043e\u043d\u0430\u0440\u044c; 40-250 AC\/DC; \u043c\u0430\u043a\u0441 131 \u0434\u0411; 16 \u0442\u043e\u043d\u043e\u0432; IP65 - Sakala T\u00f6\u00f6stusautomaatika O\u00dc<\/title>\n<meta name=\"robots\" content=\"index, follow, max-snippet:-1, max-image-preview:large, max-video-preview:-1\" \/>\n<link rel=\"canonical\" href=\"https:\/\/sakt.ee\/ru\/\u043c\u0430\u0433\u0430\u0437\u0438\u043d\/\u0441\u0438\u0433\u043d\u0430\u043b\u044c\u043d\u044b\u0435-\u0441\u0438\u0441\u0442\u0435\u043c\u044b\/\u0437\u0432\u0443\u043a\u043e\u0432\u0430\u044f-\u0441\u0438\u0433\u043d\u0430\u043b\u0438\u0437\u0430\u0446\u0438\u044f\/snt-\u0442\u0440\u043e\u043c\u0431\u043e\u043d-\u0431\u0435\u043b\u044b\u0439-\u0441\u0438\u0433\u043d\u0430\u043b\u044c\u043d\u044b\u0439-\u0444\u043e\u043d\u0430\u0440\u044c-40-250-ac-dc-\u043c\/\" \/>\n<meta property=\"og:locale\" content=\"ru_RU\" \/>\n<meta property=\"og:type\" content=\"article\" \/>\n<meta property=\"og:title\" content=\"SNT \u0442\u0440\u043e\u043c\u0431\u043e\u043d + \u0431\u0435\u043b\u044b\u0439 \u0441\u0438\u0433\u043d\u0430\u043b\u044c\u043d\u044b\u0439 \u0444\u043e\u043d\u0430\u0440\u044c; 40-250 AC\/DC; \u043c\u0430\u043a\u0441 131 \u0434\u0411; 16 \u0442\u043e\u043d\u043e\u0432; IP65\" \/>\n<meta property=\"og:url\" content=\"https:\/\/sakt.ee\/ru\/\u043c\u0430\u0433\u0430\u0437\u0438\u043d\/\u0441\u0438\u0433\u043d\u0430\u043b\u044c\u043d\u044b\u0435-\u0441\u0438\u0441\u0442\u0435\u043c\u044b\/\u0437\u0432\u0443\u043a\u043e\u0432\u0430\u044f-\u0441\u0438\u0433\u043d\u0430\u043b\u0438\u0437\u0430\u0446\u0438\u044f\/snt-\u0442\u0440\u043e\u043c\u0431\u043e\u043d-\u0431\u0435\u043b\u044b\u0439-\u0441\u0438\u0433\u043d\u0430\u043b\u044c\u043d\u044b\u0439-\u0444\u043e\u043d\u0430\u0440\u044c-40-250-ac-dc-\u043c\/\" \/>\n<meta property=\"og:site_name\" content=\"Sakala T\u00f6\u00f6stusautomaatika O\u00dc\" \/>\n<meta property=\"article:modified_time\" content=\"2025-11-04T08:49:41+00:00\" \/>\n<meta property=\"og:image\" content=\"https:\/\/sakt.ee\/wp-content\/uploads\/2025\/05\/5110.jpg\" \/>\n\t<meta property=\"og:image:width\" content=\"600\" \/>\n\t<meta property=\"og:image:height\" content=\"780\" \/>\n\t<meta property=\"og:image:type\" content=\"image\/jpeg\" \/>\n<meta name=\"twitter:card\" content=\"summary_large_image\" \/>\n<meta name=\"twitter:label1\" content=\"\u0426\u0435\u043d\u0430\" \/>\n\t<meta name=\"twitter:data1\" content=\"78,00&euro; +KM\" \/>\n\t<meta name=\"twitter:label2\" content=\"\u0414\u043e\u0441\u0442\u0443\u043f\u043d\u043e\u0441\u0442\u044c\" \/>\n\t<meta name=\"twitter:data2\" content=\"\u0412 \u043d\u0430\u043b\u0438\u0447\u0438\u0438\" \/>\n<script type=\"application\/ld+json\" class=\"yoast-schema-graph\">{\"@context\":\"https:\/\/schema.org\",\"@graph\":[{\"@type\":\"WebPage\",\"@id\":\"https:\/\/sakt.ee\/ru\/\u043c\u0430\u0433\u0430\u0437\u0438\u043d\/%d1%81%d0%b8%d0%b3%d0%bd%d0%b0%d0%bb%d1%8c%d0%bd%d1%8b%d0%b5-%d1%81%d0%b8%d1%81%d1%82%d0%b5%d0%bc%d1%8b\/%d0%b7%d0%b2%d1%83%d0%ba%d0%be%d0%b2%d0%b0%d1%8f-%d1%81%d0%b8%d0%b3%d0%bd%d0%b0%d0%bb%d0%b8%d0%b7%d0%b0%d1%86%d0%b8%d1%8f\/snt-%d1%82%d1%80%d0%be%d0%bc%d0%b1%d0%be%d0%bd-%d0%b1%d0%b5%d0%bb%d1%8b%d0%b9-%d1%81%d0%b8%d0%b3%d0%bd%d0%b0%d0%bb%d1%8c%d0%bd%d1%8b%d0%b9-%d1%84%d0%be%d0%bd%d0%b0%d1%80%d1%8c-40-250-ac-dc-%d0%bc\/\",\"url\":\"https:\/\/sakt.ee\/ru\/\u043c\u0430\u0433\u0430\u0437\u0438\u043d\/%d1%81%d0%b8%d0%b3%d0%bd%d0%b0%d0%bb%d1%8c%d0%bd%d1%8b%d0%b5-%d1%81%d0%b8%d1%81%d1%82%d0%b5%d0%bc%d1%8b\/%d0%b7%d0%b2%d1%83%d0%ba%d0%be%d0%b2%d0%b0%d1%8f-%d1%81%d0%b8%d0%b3%d0%bd%d0%b0%d0%bb%d0%b8%d0%b7%d0%b0%d1%86%d0%b8%d1%8f\/snt-%d1%82%d1%80%d0%be%d0%bc%d0%b1%d0%be%d0%bd-%d0%b1%d0%b5%d0%bb%d1%8b%d0%b9-%d1%81%d0%b8%d0%b3%d0%bd%d0%b0%d0%bb%d1%8c%d0%bd%d1%8b%d0%b9-%d1%84%d0%be%d0%bd%d0%b0%d1%80%d1%8c-40-250-ac-dc-%d0%bc\/\",\"name\":\"SNT \u0442\u0440\u043e\u043c\u0431\u043e\u043d + \u0431\u0435\u043b\u044b\u0439 \u0441\u0438\u0433\u043d\u0430\u043b\u044c\u043d\u044b\u0439 \u0444\u043e\u043d\u0430\u0440\u044c; 40-250 AC\/DC; \u043c\u0430\u043a\u0441 131 \u0434\u0411; 16 \u0442\u043e\u043d\u043e\u0432; IP65 - Sakala T\u00f6\u00f6stusautomaatika O\u00dc\",\"isPartOf\":{\"@id\":\"https:\/\/sakt.ee\/en\/#website\"},\"primaryImageOfPage\":{\"@id\":\"https:\/\/sakt.ee\/ru\/\u043c\u0430\u0433\u0430\u0437\u0438\u043d\/%d1%81%d0%b8%d0%b3%d0%bd%d0%b0%d0%bb%d1%8c%d0%bd%d1%8b%d0%b5-%d1%81%d0%b8%d1%81%d1%82%d0%b5%d0%bc%d1%8b\/%d0%b7%d0%b2%d1%83%d0%ba%d0%be%d0%b2%d0%b0%d1%8f-%d1%81%d0%b8%d0%b3%d0%bd%d0%b0%d0%bb%d0%b8%d0%b7%d0%b0%d1%86%d0%b8%d1%8f\/snt-%d1%82%d1%80%d0%be%d0%bc%d0%b1%d0%be%d0%bd-%d0%b1%d0%b5%d0%bb%d1%8b%d0%b9-%d1%81%d0%b8%d0%b3%d0%bd%d0%b0%d0%bb%d1%8c%d0%bd%d1%8b%d0%b9-%d1%84%d0%be%d0%bd%d0%b0%d1%80%d1%8c-40-250-ac-dc-%d0%bc\/#primaryimage\"},\"image\":{\"@id\":\"https:\/\/sakt.ee\/ru\/\u043c\u0430\u0433\u0430\u0437\u0438\u043d\/%d1%81%d0%b8%d0%b3%d0%bd%d0%b0%d0%bb%d1%8c%d0%bd%d1%8b%d0%b5-%d1%81%d0%b8%d1%81%d1%82%d0%b5%d0%bc%d1%8b\/%d0%b7%d0%b2%d1%83%d0%ba%d0%be%d0%b2%d0%b0%d1%8f-%d1%81%d0%b8%d0%b3%d0%bd%d0%b0%d0%bb%d0%b8%d0%b7%d0%b0%d1%86%d0%b8%d1%8f\/snt-%d1%82%d1%80%d0%be%d0%bc%d0%b1%d0%be%d0%bd-%d0%b1%d0%b5%d0%bb%d1%8b%d0%b9-%d1%81%d0%b8%d0%b3%d0%bd%d0%b0%d0%bb%d1%8c%d0%bd%d1%8b%d0%b9-%d1%84%d0%be%d0%bd%d0%b0%d1%80%d1%8c-40-250-ac-dc-%d0%bc\/#primaryimage\"},\"thumbnailUrl\":\"https:\/\/sakt.ee\/wp-content\/uploads\/2025\/05\/5110.jpg\",\"datePublished\":\"2025-05-17T05:41:58+00:00\",\"dateModified\":\"2025-11-04T08:49:41+00:00\",\"breadcrumb\":{\"@id\":\"https:\/\/sakt.ee\/ru\/\u043c\u0430\u0433\u0430\u0437\u0438\u043d\/%d1%81%d0%b8%d0%b3%d0%bd%d0%b0%d0%bb%d1%8c%d0%bd%d1%8b%d0%b5-%d1%81%d0%b8%d1%81%d1%82%d0%b5%d0%bc%d1%8b\/%d0%b7%d0%b2%d1%83%d0%ba%d0%be%d0%b2%d0%b0%d1%8f-%d1%81%d0%b8%d0%b3%d0%bd%d0%b0%d0%bb%d0%b8%d0%b7%d0%b0%d1%86%d0%b8%d1%8f\/snt-%d1%82%d1%80%d0%be%d0%bc%d0%b1%d0%be%d0%bd-%d0%b1%d0%b5%d0%bb%d1%8b%d0%b9-%d1%81%d0%b8%d0%b3%d0%bd%d0%b0%d0%bb%d1%8c%d0%bd%d1%8b%d0%b9-%d1%84%d0%be%d0%bd%d0%b0%d1%80%d1%8c-40-250-ac-dc-%d0%bc\/#breadcrumb\"},\"inLanguage\":\"ru-RU\",\"potentialAction\":[{\"@type\":\"ReadAction\",\"target\":[\"https:\/\/sakt.ee\/ru\/\u043c\u0430\u0433\u0430\u0437\u0438\u043d\/%d1%81%d0%b8%d0%b3%d0%bd%d0%b0%d0%bb%d1%8c%d0%bd%d1%8b%d0%b5-%d1%81%d0%b8%d1%81%d1%82%d0%b5%d0%bc%d1%8b\/%d0%b7%d0%b2%d1%83%d0%ba%d0%be%d0%b2%d0%b0%d1%8f-%d1%81%d0%b8%d0%b3%d0%bd%d0%b0%d0%bb%d0%b8%d0%b7%d0%b0%d1%86%d0%b8%d1%8f\/snt-%d1%82%d1%80%d0%be%d0%bc%d0%b1%d0%be%d0%bd-%d0%b1%d0%b5%d0%bb%d1%8b%d0%b9-%d1%81%d0%b8%d0%b3%d0%bd%d0%b0%d0%bb%d1%8c%d0%bd%d1%8b%d0%b9-%d1%84%d0%be%d0%bd%d0%b0%d1%80%d1%8c-40-250-ac-dc-%d0%bc\/\"]}]},{\"@type\":\"ImageObject\",\"inLanguage\":\"ru-RU\",\"@id\":\"https:\/\/sakt.ee\/ru\/\u043c\u0430\u0433\u0430\u0437\u0438\u043d\/%d1%81%d0%b8%d0%b3%d0%bd%d0%b0%d0%bb%d1%8c%d0%bd%d1%8b%d0%b5-%d1%81%d0%b8%d1%81%d1%82%d0%b5%d0%bc%d1%8b\/%d0%b7%d0%b2%d1%83%d0%ba%d0%be%d0%b2%d0%b0%d1%8f-%d1%81%d0%b8%d0%b3%d0%bd%d0%b0%d0%bb%d0%b8%d0%b7%d0%b0%d1%86%d0%b8%d1%8f\/snt-%d1%82%d1%80%d0%be%d0%bc%d0%b1%d0%be%d0%bd-%d0%b1%d0%b5%d0%bb%d1%8b%d0%b9-%d1%81%d0%b8%d0%b3%d0%bd%d0%b0%d0%bb%d1%8c%d0%bd%d1%8b%d0%b9-%d1%84%d0%be%d0%bd%d0%b0%d1%80%d1%8c-40-250-ac-dc-%d0%bc\/#primaryimage\",\"url\":\"https:\/\/sakt.ee\/wp-content\/uploads\/2025\/05\/5110.jpg\",\"contentUrl\":\"https:\/\/sakt.ee\/wp-content\/uploads\/2025\/05\/5110.jpg\",\"width\":600,\"height\":780},{\"@type\":\"BreadcrumbList\",\"@id\":\"https:\/\/sakt.ee\/ru\/\u043c\u0430\u0433\u0430\u0437\u0438\u043d\/%d1%81%d0%b8%d0%b3%d0%bd%d0%b0%d0%bb%d1%8c%d0%bd%d1%8b%d0%b5-%d1%81%d0%b8%d1%81%d1%82%d0%b5%d0%bc%d1%8b\/%d0%b7%d0%b2%d1%83%d0%ba%d0%be%d0%b2%d0%b0%d1%8f-%d1%81%d0%b8%d0%b3%d0%bd%d0%b0%d0%bb%d0%b8%d0%b7%d0%b0%d1%86%d0%b8%d1%8f\/snt-%d1%82%d1%80%d0%be%d0%bc%d0%b1%d0%be%d0%bd-%d0%b1%d0%b5%d0%bb%d1%8b%d0%b9-%d1%81%d0%b8%d0%b3%d0%bd%d0%b0%d0%bb%d1%8c%d0%bd%d1%8b%d0%b9-%d1%84%d0%be%d0%bd%d0%b0%d1%80%d1%8c-40-250-ac-dc-%d0%bc\/#breadcrumb\",\"itemListElement\":[{\"@type\":\"ListItem\",\"position\":1,\"name\":\"Home\",\"item\":\"https:\/\/sakt.ee\/\"},{\"@type\":\"ListItem\",\"position\":2,\"name\":\"\u041c\u0430\u0433\u0430\u0437\u0438\u043d\",\"item\":\"https:\/\/sakt.ee\/ru\/\u043c\u0430\u0433\u0430\u0437\u0438\u043d\/\"},{\"@type\":\"ListItem\",\"position\":3,\"name\":\"SNT \u0442\u0440\u043e\u043c\u0431\u043e\u043d + \u0431\u0435\u043b\u044b\u0439 \u0441\u0438\u0433\u043d\u0430\u043b\u044c\u043d\u044b\u0439 \u0444\u043e\u043d\u0430\u0440\u044c; 40-250 AC\/DC; \u043c\u0430\u043a\u0441 131 \u0434\u0411; 16 \u0442\u043e\u043d\u043e\u0432; IP65\"}]},{\"@type\":\"WebSite\",\"@id\":\"https:\/\/sakt.ee\/en\/#website\",\"url\":\"https:\/\/sakt.ee\/en\/\",\"name\":\"Sakala T\u00f6\u00f6stusautomaatika O\u00dc\",\"description\":\"T\u00f6\u00f6stusautomaatika e-pood\",\"publisher\":{\"@id\":\"https:\/\/sakt.ee\/en\/#organization\"},\"potentialAction\":[{\"@type\":\"SearchAction\",\"target\":{\"@type\":\"EntryPoint\",\"urlTemplate\":\"https:\/\/sakt.ee\/en\/?s={search_term_string}\"},\"query-input\":{\"@type\":\"PropertyValueSpecification\",\"valueRequired\":true,\"valueName\":\"search_term_string\"}}],\"inLanguage\":\"ru-RU\"},{\"@type\":\"Organization\",\"@id\":\"https:\/\/sakt.ee\/en\/#organization\",\"name\":\"Sakala T\u00f6\u00f6stusautomaatika O\u00dc\",\"url\":\"https:\/\/sakt.ee\/en\/\",\"logo\":{\"@type\":\"ImageObject\",\"inLanguage\":\"ru-RU\",\"@id\":\"https:\/\/sakt.ee\/en\/#\/schema\/logo\/image\/\",\"url\":\"https:\/\/sakt.ee\/wp-content\/uploads\/2025\/05\/Sakala-Toostusautomaatika-favicon.png\",\"contentUrl\":\"https:\/\/sakt.ee\/wp-content\/uploads\/2025\/05\/Sakala-Toostusautomaatika-favicon.png\",\"width\":500,\"height\":500,\"caption\":\"Sakala T\u00f6\u00f6stusautomaatika O\u00dc\"},\"image\":{\"@id\":\"https:\/\/sakt.ee\/en\/#\/schema\/logo\/image\/\"}}]}<\/script>\n<meta property=\"product:price:amount\" content=\"78.00\" \/>\n<meta property=\"product:price:currency\" content=\"EUR\" \/>\n<meta property=\"og:availability\" content=\"instock\" \/>\n<meta property=\"product:availability\" content=\"instock\" \/>\n<meta property=\"product:retailer_item_id\" content=\"SNT-MB712-5\" \/>\n<meta property=\"product:condition\" content=\"new\" \/>\n<!-- \/ Yoast SEO Premium plugin. -->","yoast_head_json":{"title":"SNT \u0442\u0440\u043e\u043c\u0431\u043e\u043d + \u0431\u0435\u043b\u044b\u0439 \u0441\u0438\u0433\u043d\u0430\u043b\u044c\u043d\u044b\u0439 \u0444\u043e\u043d\u0430\u0440\u044c; 40-250 AC\/DC; \u043c\u0430\u043a\u0441 131 \u0434\u0411; 16 \u0442\u043e\u043d\u043e\u0432; IP65 - Sakala T\u00f6\u00f6stusautomaatika O\u00dc","robots":{"index":"index","follow":"follow","max-snippet":"max-snippet:-1","max-image-preview":"max-image-preview:large","max-video-preview":"max-video-preview:-1"},"canonical":"https:\/\/sakt.ee\/ru\/\u043c\u0430\u0433\u0430\u0437\u0438\u043d\/\u0441\u0438\u0433\u043d\u0430\u043b\u044c\u043d\u044b\u0435-\u0441\u0438\u0441\u0442\u0435\u043c\u044b\/\u0437\u0432\u0443\u043a\u043e\u0432\u0430\u044f-\u0441\u0438\u0433\u043d\u0430\u043b\u0438\u0437\u0430\u0446\u0438\u044f\/snt-\u0442\u0440\u043e\u043c\u0431\u043e\u043d-\u0431\u0435\u043b\u044b\u0439-\u0441\u0438\u0433\u043d\u0430\u043b\u044c\u043d\u044b\u0439-\u0444\u043e\u043d\u0430\u0440\u044c-40-250-ac-dc-\u043c\/","og_locale":"ru_RU","og_type":"article","og_title":"SNT \u0442\u0440\u043e\u043c\u0431\u043e\u043d + \u0431\u0435\u043b\u044b\u0439 \u0441\u0438\u0433\u043d\u0430\u043b\u044c\u043d\u044b\u0439 \u0444\u043e\u043d\u0430\u0440\u044c; 40-250 AC\/DC; \u043c\u0430\u043a\u0441 131 \u0434\u0411; 16 \u0442\u043e\u043d\u043e\u0432; IP65","og_url":"https:\/\/sakt.ee\/ru\/\u043c\u0430\u0433\u0430\u0437\u0438\u043d\/\u0441\u0438\u0433\u043d\u0430\u043b\u044c\u043d\u044b\u0435-\u0441\u0438\u0441\u0442\u0435\u043c\u044b\/\u0437\u0432\u0443\u043a\u043e\u0432\u0430\u044f-\u0441\u0438\u0433\u043d\u0430\u043b\u0438\u0437\u0430\u0446\u0438\u044f\/snt-\u0442\u0440\u043e\u043c\u0431\u043e\u043d-\u0431\u0435\u043b\u044b\u0439-\u0441\u0438\u0433\u043d\u0430\u043b\u044c\u043d\u044b\u0439-\u0444\u043e\u043d\u0430\u0440\u044c-40-250-ac-dc-\u043c\/","og_site_name":"Sakala T\u00f6\u00f6stusautomaatika O\u00dc","article_modified_time":"2025-11-04T08:49:41+00:00","og_image":[{"width":600,"height":780,"url":"https:\/\/sakt.ee\/wp-content\/uploads\/2025\/05\/5110.jpg","type":"image\/jpeg"}],"twitter_card":"summary_large_image","twitter_misc":{"\u0426\u0435\u043d\u0430":"78,00&euro; +KM","\u0414\u043e\u0441\u0442\u0443\u043f\u043d\u043e\u0441\u0442\u044c":"\u0412 \u043d\u0430\u043b\u0438\u0447\u0438\u0438"},"schema":{"@context":"https:\/\/schema.org","@graph":[{"@type":"WebPage","@id":"https:\/\/sakt.ee\/ru\/\u043c\u0430\u0433\u0430\u0437\u0438\u043d\/%d1%81%d0%b8%d0%b3%d0%bd%d0%b0%d0%bb%d1%8c%d0%bd%d1%8b%d0%b5-%d1%81%d0%b8%d1%81%d1%82%d0%b5%d0%bc%d1%8b\/%d0%b7%d0%b2%d1%83%d0%ba%d0%be%d0%b2%d0%b0%d1%8f-%d1%81%d0%b8%d0%b3%d0%bd%d0%b0%d0%bb%d0%b8%d0%b7%d0%b0%d1%86%d0%b8%d1%8f\/snt-%d1%82%d1%80%d0%be%d0%bc%d0%b1%d0%be%d0%bd-%d0%b1%d0%b5%d0%bb%d1%8b%d0%b9-%d1%81%d0%b8%d0%b3%d0%bd%d0%b0%d0%bb%d1%8c%d0%bd%d1%8b%d0%b9-%d1%84%d0%be%d0%bd%d0%b0%d1%80%d1%8c-40-250-ac-dc-%d0%bc\/","url":"https:\/\/sakt.ee\/ru\/\u043c\u0430\u0433\u0430\u0437\u0438\u043d\/%d1%81%d0%b8%d0%b3%d0%bd%d0%b0%d0%bb%d1%8c%d0%bd%d1%8b%d0%b5-%d1%81%d0%b8%d1%81%d1%82%d0%b5%d0%bc%d1%8b\/%d0%b7%d0%b2%d1%83%d0%ba%d0%be%d0%b2%d0%b0%d1%8f-%d1%81%d0%b8%d0%b3%d0%bd%d0%b0%d0%bb%d0%b8%d0%b7%d0%b0%d1%86%d0%b8%d1%8f\/snt-%d1%82%d1%80%d0%be%d0%bc%d0%b1%d0%be%d0%bd-%d0%b1%d0%b5%d0%bb%d1%8b%d0%b9-%d1%81%d0%b8%d0%b3%d0%bd%d0%b0%d0%bb%d1%8c%d0%bd%d1%8b%d0%b9-%d1%84%d0%be%d0%bd%d0%b0%d1%80%d1%8c-40-250-ac-dc-%d0%bc\/","name":"SNT \u0442\u0440\u043e\u043c\u0431\u043e\u043d + \u0431\u0435\u043b\u044b\u0439 \u0441\u0438\u0433\u043d\u0430\u043b\u044c\u043d\u044b\u0439 \u0444\u043e\u043d\u0430\u0440\u044c; 40-250 AC\/DC; \u043c\u0430\u043a\u0441 131 \u0434\u0411; 16 \u0442\u043e\u043d\u043e\u0432; IP65 - Sakala T\u00f6\u00f6stusautomaatika O\u00dc","isPartOf":{"@id":"https:\/\/sakt.ee\/en\/#website"},"primaryImageOfPage":{"@id":"https:\/\/sakt.ee\/ru\/\u043c\u0430\u0433\u0430\u0437\u0438\u043d\/%d1%81%d0%b8%d0%b3%d0%bd%d0%b0%d0%bb%d1%8c%d0%bd%d1%8b%d0%b5-%d1%81%d0%b8%d1%81%d1%82%d0%b5%d0%bc%d1%8b\/%d0%b7%d0%b2%d1%83%d0%ba%d0%be%d0%b2%d0%b0%d1%8f-%d1%81%d0%b8%d0%b3%d0%bd%d0%b0%d0%bb%d0%b8%d0%b7%d0%b0%d1%86%d0%b8%d1%8f\/snt-%d1%82%d1%80%d0%be%d0%bc%d0%b1%d0%be%d0%bd-%d0%b1%d0%b5%d0%bb%d1%8b%d0%b9-%d1%81%d0%b8%d0%b3%d0%bd%d0%b0%d0%bb%d1%8c%d0%bd%d1%8b%d0%b9-%d1%84%d0%be%d0%bd%d0%b0%d1%80%d1%8c-40-250-ac-dc-%d0%bc\/#primaryimage"},"image":{"@id":"https:\/\/sakt.ee\/ru\/\u043c\u0430\u0433\u0430\u0437\u0438\u043d\/%d1%81%d0%b8%d0%b3%d0%bd%d0%b0%d0%bb%d1%8c%d0%bd%d1%8b%d0%b5-%d1%81%d0%b8%d1%81%d1%82%d0%b5%d0%bc%d1%8b\/%d0%b7%d0%b2%d1%83%d0%ba%d0%be%d0%b2%d0%b0%d1%8f-%d1%81%d0%b8%d0%b3%d0%bd%d0%b0%d0%bb%d0%b8%d0%b7%d0%b0%d1%86%d0%b8%d1%8f\/snt-%d1%82%d1%80%d0%be%d0%bc%d0%b1%d0%be%d0%bd-%d0%b1%d0%b5%d0%bb%d1%8b%d0%b9-%d1%81%d0%b8%d0%b3%d0%bd%d0%b0%d0%bb%d1%8c%d0%bd%d1%8b%d0%b9-%d1%84%d0%be%d0%bd%d0%b0%d1%80%d1%8c-40-250-ac-dc-%d0%bc\/#primaryimage"},"thumbnailUrl":"https:\/\/sakt.ee\/wp-content\/uploads\/2025\/05\/5110.jpg","datePublished":"2025-05-17T05:41:58+00:00","dateModified":"2025-11-04T08:49:41+00:00","breadcrumb":{"@id":"https:\/\/sakt.ee\/ru\/\u043c\u0430\u0433\u0430\u0437\u0438\u043d\/%d1%81%d0%b8%d0%b3%d0%bd%d0%b0%d0%bb%d1%8c%d0%bd%d1%8b%d0%b5-%d1%81%d0%b8%d1%81%d1%82%d0%b5%d0%bc%d1%8b\/%d0%b7%d0%b2%d1%83%d0%ba%d0%be%d0%b2%d0%b0%d1%8f-%d1%81%d0%b8%d0%b3%d0%bd%d0%b0%d0%bb%d0%b8%d0%b7%d0%b0%d1%86%d0%b8%d1%8f\/snt-%d1%82%d1%80%d0%be%d0%bc%d0%b1%d0%be%d0%bd-%d0%b1%d0%b5%d0%bb%d1%8b%d0%b9-%d1%81%d0%b8%d0%b3%d0%bd%d0%b0%d0%bb%d1%8c%d0%bd%d1%8b%d0%b9-%d1%84%d0%be%d0%bd%d0%b0%d1%80%d1%8c-40-250-ac-dc-%d0%bc\/#breadcrumb"},"inLanguage":"ru-RU","potentialAction":[{"@type":"ReadAction","target":["https:\/\/sakt.ee\/ru\/\u043c\u0430\u0433\u0430\u0437\u0438\u043d\/%d1%81%d0%b8%d0%b3%d0%bd%d0%b0%d0%bb%d1%8c%d0%bd%d1%8b%d0%b5-%d1%81%d0%b8%d1%81%d1%82%d0%b5%d0%bc%d1%8b\/%d0%b7%d0%b2%d1%83%d0%ba%d0%be%d0%b2%d0%b0%d1%8f-%d1%81%d0%b8%d0%b3%d0%bd%d0%b0%d0%bb%d0%b8%d0%b7%d0%b0%d1%86%d0%b8%d1%8f\/snt-%d1%82%d1%80%d0%be%d0%bc%d0%b1%d0%be%d0%bd-%d0%b1%d0%b5%d0%bb%d1%8b%d0%b9-%d1%81%d0%b8%d0%b3%d0%bd%d0%b0%d0%bb%d1%8c%d0%bd%d1%8b%d0%b9-%d1%84%d0%be%d0%bd%d0%b0%d1%80%d1%8c-40-250-ac-dc-%d0%bc\/"]}]},{"@type":"ImageObject","inLanguage":"ru-RU","@id":"https:\/\/sakt.ee\/ru\/\u043c\u0430\u0433\u0430\u0437\u0438\u043d\/%d1%81%d0%b8%d0%b3%d0%bd%d0%b0%d0%bb%d1%8c%d0%bd%d1%8b%d0%b5-%d1%81%d0%b8%d1%81%d1%82%d0%b5%d0%bc%d1%8b\/%d0%b7%d0%b2%d1%83%d0%ba%d0%be%d0%b2%d0%b0%d1%8f-%d1%81%d0%b8%d0%b3%d0%bd%d0%b0%d0%bb%d0%b8%d0%b7%d0%b0%d1%86%d0%b8%d1%8f\/snt-%d1%82%d1%80%d0%be%d0%bc%d0%b1%d0%be%d0%bd-%d0%b1%d0%b5%d0%bb%d1%8b%d0%b9-%d1%81%d0%b8%d0%b3%d0%bd%d0%b0%d0%bb%d1%8c%d0%bd%d1%8b%d0%b9-%d1%84%d0%be%d0%bd%d0%b0%d1%80%d1%8c-40-250-ac-dc-%d0%bc\/#primaryimage","url":"https:\/\/sakt.ee\/wp-content\/uploads\/2025\/05\/5110.jpg","contentUrl":"https:\/\/sakt.ee\/wp-content\/uploads\/2025\/05\/5110.jpg","width":600,"height":780},{"@type":"BreadcrumbList","@id":"https:\/\/sakt.ee\/ru\/\u043c\u0430\u0433\u0430\u0437\u0438\u043d\/%d1%81%d0%b8%d0%b3%d0%bd%d0%b0%d0%bb%d1%8c%d0%bd%d1%8b%d0%b5-%d1%81%d0%b8%d1%81%d1%82%d0%b5%d0%bc%d1%8b\/%d0%b7%d0%b2%d1%83%d0%ba%d0%be%d0%b2%d0%b0%d1%8f-%d1%81%d0%b8%d0%b3%d0%bd%d0%b0%d0%bb%d0%b8%d0%b7%d0%b0%d1%86%d0%b8%d1%8f\/snt-%d1%82%d1%80%d0%be%d0%bc%d0%b1%d0%be%d0%bd-%d0%b1%d0%b5%d0%bb%d1%8b%d0%b9-%d1%81%d0%b8%d0%b3%d0%bd%d0%b0%d0%bb%d1%8c%d0%bd%d1%8b%d0%b9-%d1%84%d0%be%d0%bd%d0%b0%d1%80%d1%8c-40-250-ac-dc-%d0%bc\/#breadcrumb","itemListElement":[{"@type":"ListItem","position":1,"name":"Home","item":"https:\/\/sakt.ee\/"},{"@type":"ListItem","position":2,"name":"\u041c\u0430\u0433\u0430\u0437\u0438\u043d","item":"https:\/\/sakt.ee\/ru\/\u043c\u0430\u0433\u0430\u0437\u0438\u043d\/"},{"@type":"ListItem","position":3,"name":"SNT \u0442\u0440\u043e\u043c\u0431\u043e\u043d + \u0431\u0435\u043b\u044b\u0439 \u0441\u0438\u0433\u043d\u0430\u043b\u044c\u043d\u044b\u0439 \u0444\u043e\u043d\u0430\u0440\u044c; 40-250 AC\/DC; \u043c\u0430\u043a\u0441 131 \u0434\u0411; 16 \u0442\u043e\u043d\u043e\u0432; IP65"}]},{"@type":"WebSite","@id":"https:\/\/sakt.ee\/en\/#website","url":"https:\/\/sakt.ee\/en\/","name":"Sakala T\u00f6\u00f6stusautomaatika O\u00dc","description":"T\u00f6\u00f6stusautomaatika e-pood","publisher":{"@id":"https:\/\/sakt.ee\/en\/#organization"},"potentialAction":[{"@type":"SearchAction","target":{"@type":"EntryPoint","urlTemplate":"https:\/\/sakt.ee\/en\/?s={search_term_string}"},"query-input":{"@type":"PropertyValueSpecification","valueRequired":true,"valueName":"search_term_string"}}],"inLanguage":"ru-RU"},{"@type":"Organization","@id":"https:\/\/sakt.ee\/en\/#organization","name":"Sakala T\u00f6\u00f6stusautomaatika O\u00dc","url":"https:\/\/sakt.ee\/en\/","logo":{"@type":"ImageObject","inLanguage":"ru-RU","@id":"https:\/\/sakt.ee\/en\/#\/schema\/logo\/image\/","url":"https:\/\/sakt.ee\/wp-content\/uploads\/2025\/05\/Sakala-Toostusautomaatika-favicon.png","contentUrl":"https:\/\/sakt.ee\/wp-content\/uploads\/2025\/05\/Sakala-Toostusautomaatika-favicon.png","width":500,"height":500,"caption":"Sakala T\u00f6\u00f6stusautomaatika O\u00dc"},"image":{"@id":"https:\/\/sakt.ee\/en\/#\/schema\/logo\/image\/"}}]},"product_price_amount":"78.00","product_price_currency":"EUR","og_availability":"instock","product_availability":"instock","product_retailer_item_id":"SNT-MB712-5","product_condition":"new"},"_links":{"self":[{"href":"https:\/\/sakt.ee\/ru\/wp-json\/wp\/v2\/product\/43488","targetHints":{"allow":["GET"]}}],"collection":[{"href":"https:\/\/sakt.ee\/ru\/wp-json\/wp\/v2\/product"}],"about":[{"href":"https:\/\/sakt.ee\/ru\/wp-json\/wp\/v2\/types\/product"}],"version-history":[{"count":0,"href":"https:\/\/sakt.ee\/ru\/wp-json\/wp\/v2\/product\/43488\/revisions"}],"wp:featuredmedia":[{"embeddable":true,"href":"https:\/\/sakt.ee\/ru\/wp-json\/wp\/v2\/media\/32116"}],"wp:attachment":[{"href":"https:\/\/sakt.ee\/ru\/wp-json\/wp\/v2\/media?parent=43488"}],"wp:term":[{"taxonomy":"product_brand","embeddable":true,"href":"https:\/\/sakt.ee\/ru\/wp-json\/wp\/v2\/product_brand?post=43488"},{"taxonomy":"product_cat","embeddable":true,"href":"https:\/\/sakt.ee\/ru\/wp-json\/wp\/v2\/product_cat?post=43488"},{"taxonomy":"product_tag","embeddable":true,"href":"https:\/\/sakt.ee\/ru\/wp-json\/wp\/v2\/product_tag?post=43488"},{"taxonomy":"manufacturers","embeddable":true,"href":"https:\/\/sakt.ee\/ru\/wp-json\/wp\/v2\/manufacturers?post=43488"}],"curies":[{"name":"wp","href":"https:\/\/api.w.org\/{rel}","templated":true}]}}