{"id":43129,"date":"2025-05-17T04:09:20","date_gmt":"2025-05-17T01:09:20","guid":{"rendered":"https:\/\/sakt.ee\/product\/xv100-box-e4-uc1-%d0%bf%d1%80%d0%be%d0%b3%d1%80%d0%b0%d0%bc%d0%bc%d0%b8%d1%80%d1%83%d0%b5%d0%bc%d1%8b%d0%b9-%d1%80%d0%b5%d0%bb%d0%b5%d0%b9%d0%bd%d1%8b%d0%b9-%d1%81%d1%82%d0%b0%d1%80%d1%82%d0%be%d"},"modified":"2025-11-14T09:47:06","modified_gmt":"2025-11-14T06:47:06","slug":"xv100-box-e4-uc1-%d0%bf%d1%80%d0%be%d0%b3%d1%80%d0%b0%d0%bc%d0%bc%d0%b8%d1%80%d1%83%d0%b5%d0%bc%d1%8b%d0%b9-%d1%80%d0%b5%d0%bb%d0%b5%d0%b9%d0%bd%d1%8b%d0%b9-%d1%81%d1%82%d0%b0%d1%80%d1%82%d0%be%d0%b2","status":"publish","type":"product","link":"https:\/\/sakt.ee\/ru\/\u043c\u0430\u0433\u0430\u0437\u0438\u043d\/%d1%80%d0%b5%d0%bb%d0%b5\/%d0%bf%d1%80%d0%be%d0%b3%d1%80%d0%b0%d0%bc%d0%bc%d0%b8%d1%80%d1%83%d0%b5%d0%bc%d1%8b%d0%b5-%d0%ba%d0%be%d0%bd%d1%82%d1%80%d0%be%d0%bb%d0%bb%d0%b5%d1%80%d1%8b\/xv100-box-e4-uc1-%d0%bf%d1%80%d0%be%d0%b3%d1%80%d0%b0%d0%bc%d0%bc%d0%b8%d1%80%d1%83%d0%b5%d0%bc%d1%8b%d0%b9-%d1%80%d0%b5%d0%bb%d0%b5%d0%b9%d0%bd%d1%8b%d0%b9-%d1%81%d1%82%d0%b0%d1%80%d1%82%d0%be%d0%b2\/","title":{"rendered":"XV100-BOX-E4-UC1 \u043f\u0440\u043e\u0433\u0440\u0430\u043c\u043c\u0438\u0440\u0443\u0435\u043c\u044b\u0439 \u0440\u0435\u043b\u0435\u0439\u043d\u044b\u0439 \u0441\u0442\u0430\u0440\u0442\u043e\u0432\u044b\u0439 \u043a\u043e\u043c\u043f\u043b\u0435\u043a\u0442 \u0443\u043f\u0440\u0430\u0432\u043b\u0435\u043d\u0438\u044f (EASY-E4-UC-12RC1 + \u0434\u0438\u0441\u043f\u043b\u0435\u0439 + \u043a\u0430\u0431\u0435\u043b\u044c + easySoft 7), 12-24\/DC, 24AC, 8 \u0432\u0445\u043e\u0434\u043e\u0432, 4 \u0440\u0435\u043b\u0435\u0439\u043d\u044b\u0445 \u0432\u044b\u0445\u043e\u0434\u0430."},"content":{"rendered":"","protected":false},"excerpt":{"rendered":"<p>XV100-BOX-E4-UC1 \u0441\u0442\u0430\u0440\u0442\u043e\u0432\u044b\u0439 \u043a\u043e\u043c\u043f\u043b\u0435\u043a\u0442 \u043f\u0440\u043e\u0433\u0440\u0430\u043c\u043c\u0438\u0440\u0443\u0435\u043c\u043e\u0433\u043e \u0440\u0435\u043b\u0435 \u0443\u043f\u0440\u0430\u0432\u043b\u0435\u043d\u0438\u044f \u0441\u043e\u0441\u0442\u043e\u0438\u0442 \u0438\u0437:<br \/>\nEASY-E4-UC-12RC1 \u043f\u0440\u043e\u0433\u0440\u0430\u043c\u043c\u0438\u0440\u0443\u0435\u043c\u043e\u0435 \u0440\u0435\u043b\u0435 \u0443\u043f\u0440\u0430\u0432\u043b\u0435\u043d\u0438\u044f<br \/>\nXV-102-A0-35TQRB-1E4 \u0434\u0438\u0441\u043f\u043b\u0435\u0439<br \/>\n3xPatch \u043a\u0430\u0431\u0435\u043b\u044c<br \/>\neasySoft7 \u043b\u0438\u0446\u0435\u043d\u0437\u0438\u044f<\/p>\n","protected":false},"featured_media":30252,"template":"","meta":{"_acf_changed":false},"product_brand":[],"product_cat":[4358,4590],"product_tag":[],"manufacturers":[],"class_list":{"0":"post-43129","1":"product","2":"type-product","3":"status-publish","4":"has-post-thumbnail","6":"product_cat-4358","7":"product_cat-4590","8":"pa_kaitseklass-ip20-ru","9":"pa_paigaldus-din-ru","10":"pa_seeria-easy-e4-ru","11":"pa_sisend-8-x-","12":"pa_tootemperatuur-25-55c-ru","14":"first","15":"onbackorder","16":"taxable","17":"shipping-taxable","18":"purchasable","19":"product-type-simple"},"acf":[],"yoast_head":"<!-- This site is optimized with the Yoast SEO Premium plugin v25.4 (Yoast SEO v25.4) - https:\/\/yoast.com\/wordpress\/plugins\/seo\/ -->\n<title>XV100-BOX-E4-UC1 \u043f\u0440\u043e\u0433\u0440\u0430\u043c\u043c\u0438\u0440\u0443\u0435\u043c\u044b\u0439 \u0440\u0435\u043b\u0435\u0439\u043d\u044b\u0439 \u0441\u0442\u0430\u0440\u0442\u043e\u0432\u044b\u0439 \u043a\u043e\u043c\u043f\u043b\u0435\u043a\u0442 \u0443\u043f\u0440\u0430\u0432\u043b\u0435\u043d\u0438\u044f (EASY-E4-UC-12RC1 + \u0434\u0438\u0441\u043f\u043b\u0435\u0439 + \u043a\u0430\u0431\u0435\u043b\u044c + easySoft 7), 12-24\/DC, 24AC, 8 \u0432\u0445\u043e\u0434\u043e\u0432, 4 \u0440\u0435\u043b\u0435\u0439\u043d\u044b\u0445 \u0432\u044b\u0445\u043e\u0434\u0430. - Sakala T\u00f6\u00f6stusautomaatika O\u00dc<\/title>\n<meta name=\"robots\" content=\"index, follow, max-snippet:-1, max-image-preview:large, max-video-preview:-1\" \/>\n<link rel=\"canonical\" href=\"https:\/\/sakt.ee\/\u043c\u0430\u0433\u0430\u0437\u0438\u043d\/releed\/programmeeritavad-kontrollreleed\/xv100-box-e4-uc1-programmeeritav-kontrollrelee-stardipakett-easy-e4-uc-12rc1display-12-24ac-dc-8-sisendit-4-releevaljundit\/\" \/>\n<meta property=\"og:locale\" content=\"ru_RU\" \/>\n<meta property=\"og:type\" content=\"article\" \/>\n<meta property=\"og:title\" content=\"XV100-BOX-E4-UC1 \u043f\u0440\u043e\u0433\u0440\u0430\u043c\u043c\u0438\u0440\u0443\u0435\u043c\u044b\u0439 \u0440\u0435\u043b\u0435\u0439\u043d\u044b\u0439 \u0441\u0442\u0430\u0440\u0442\u043e\u0432\u044b\u0439 \u043a\u043e\u043c\u043f\u043b\u0435\u043a\u0442 \u0443\u043f\u0440\u0430\u0432\u043b\u0435\u043d\u0438\u044f (EASY-E4-UC-12RC1 + \u0434\u0438\u0441\u043f\u043b\u0435\u0439 + \u043a\u0430\u0431\u0435\u043b\u044c + easySoft 7), 12-24\/DC, 24AC, 8 \u0432\u0445\u043e\u0434\u043e\u0432, 4 \u0440\u0435\u043b\u0435\u0439\u043d\u044b\u0445 \u0432\u044b\u0445\u043e\u0434\u0430.\" \/>\n<meta property=\"og:description\" content=\"XV100-BOX-E4-UC1 \u0441\u0442\u0430\u0440\u0442\u043e\u0432\u044b\u0439 \u043a\u043e\u043c\u043f\u043b\u0435\u043a\u0442 \u043f\u0440\u043e\u0433\u0440\u0430\u043c\u043c\u0438\u0440\u0443\u0435\u043c\u043e\u0433\u043e \u0440\u0435\u043b\u0435 \u0443\u043f\u0440\u0430\u0432\u043b\u0435\u043d\u0438\u044f \u0441\u043e\u0441\u0442\u043e\u0438\u0442 \u0438\u0437: EASY-E4-UC-12RC1 \u043f\u0440\u043e\u0433\u0440\u0430\u043c\u043c\u0438\u0440\u0443\u0435\u043c\u043e\u0435 \u0440\u0435\u043b\u0435 \u0443\u043f\u0440\u0430\u0432\u043b\u0435\u043d\u0438\u044f XV-102-A0-35TQRB-1E4 \u0434\u0438\u0441\u043f\u043b\u0435\u0439 3xPatch \u043a\u0430\u0431\u0435\u043b\u044c easySoft7 \u043b\u0438\u0446\u0435\u043d\u0437\u0438\u044f\" \/>\n<meta property=\"og:url\" content=\"https:\/\/sakt.ee\/\u043c\u0430\u0433\u0430\u0437\u0438\u043d\/releed\/programmeeritavad-kontrollreleed\/xv100-box-e4-uc1-programmeeritav-kontrollrelee-stardipakett-easy-e4-uc-12rc1display-12-24ac-dc-8-sisendit-4-releevaljundit\/\" \/>\n<meta property=\"og:site_name\" content=\"Sakala T\u00f6\u00f6stusautomaatika O\u00dc\" \/>\n<meta property=\"article:modified_time\" content=\"2025-11-14T06:47:06+00:00\" \/>\n<meta property=\"og:image\" content=\"https:\/\/sakt.ee\/wp-content\/uploads\/2025\/05\/4663.jpg\" \/>\n\t<meta property=\"og:image:width\" content=\"580\" \/>\n\t<meta property=\"og:image:height\" content=\"326\" \/>\n\t<meta property=\"og:image:type\" content=\"image\/jpeg\" \/>\n<meta name=\"twitter:card\" content=\"summary_large_image\" \/>\n<meta name=\"twitter:label1\" content=\"\u0426\u0435\u043d\u0430\" \/>\n\t<meta name=\"twitter:data1\" content=\"462,55&euro; +KM\" \/>\n\t<meta name=\"twitter:label2\" content=\"\u0414\u043e\u0441\u0442\u0443\u043f\u043d\u043e\u0441\u0442\u044c\" \/>\n\t<meta name=\"twitter:data2\" content=\"\u041d\u0430 \u0437\u0430\u043a\u0430\u0437\" \/>\n<script type=\"application\/ld+json\" class=\"yoast-schema-graph\">{\"@context\":\"https:\/\/schema.org\",\"@graph\":[{\"@type\":\"WebPage\",\"@id\":\"https:\/\/sakt.ee\/\u043c\u0430\u0433\u0430\u0437\u0438\u043d\/releed\/programmeeritavad-kontrollreleed\/xv100-box-e4-uc1-programmeeritav-kontrollrelee-stardipakett-easy-e4-uc-12rc1display-12-24ac-dc-8-sisendit-4-releevaljundit\/\",\"url\":\"https:\/\/sakt.ee\/\u043c\u0430\u0433\u0430\u0437\u0438\u043d\/releed\/programmeeritavad-kontrollreleed\/xv100-box-e4-uc1-programmeeritav-kontrollrelee-stardipakett-easy-e4-uc-12rc1display-12-24ac-dc-8-sisendit-4-releevaljundit\/\",\"name\":\"XV100-BOX-E4-UC1 \u043f\u0440\u043e\u0433\u0440\u0430\u043c\u043c\u0438\u0440\u0443\u0435\u043c\u044b\u0439 \u0440\u0435\u043b\u0435\u0439\u043d\u044b\u0439 \u0441\u0442\u0430\u0440\u0442\u043e\u0432\u044b\u0439 \u043a\u043e\u043c\u043f\u043b\u0435\u043a\u0442 \u0443\u043f\u0440\u0430\u0432\u043b\u0435\u043d\u0438\u044f (EASY-E4-UC-12RC1 + \u0434\u0438\u0441\u043f\u043b\u0435\u0439 + \u043a\u0430\u0431\u0435\u043b\u044c + easySoft 7), 12-24\/DC, 24AC, 8 \u0432\u0445\u043e\u0434\u043e\u0432, 4 \u0440\u0435\u043b\u0435\u0439\u043d\u044b\u0445 \u0432\u044b\u0445\u043e\u0434\u0430. - Sakala T\u00f6\u00f6stusautomaatika O\u00dc\",\"isPartOf\":{\"@id\":\"https:\/\/sakt.ee\/en\/#website\"},\"primaryImageOfPage\":{\"@id\":\"https:\/\/sakt.ee\/\u043c\u0430\u0433\u0430\u0437\u0438\u043d\/releed\/programmeeritavad-kontrollreleed\/xv100-box-e4-uc1-programmeeritav-kontrollrelee-stardipakett-easy-e4-uc-12rc1display-12-24ac-dc-8-sisendit-4-releevaljundit\/#primaryimage\"},\"image\":{\"@id\":\"https:\/\/sakt.ee\/\u043c\u0430\u0433\u0430\u0437\u0438\u043d\/releed\/programmeeritavad-kontrollreleed\/xv100-box-e4-uc1-programmeeritav-kontrollrelee-stardipakett-easy-e4-uc-12rc1display-12-24ac-dc-8-sisendit-4-releevaljundit\/#primaryimage\"},\"thumbnailUrl\":\"https:\/\/sakt.ee\/wp-content\/uploads\/2025\/05\/4663.jpg\",\"datePublished\":\"2025-05-17T01:09:20+00:00\",\"dateModified\":\"2025-11-14T06:47:06+00:00\",\"breadcrumb\":{\"@id\":\"https:\/\/sakt.ee\/\u043c\u0430\u0433\u0430\u0437\u0438\u043d\/releed\/programmeeritavad-kontrollreleed\/xv100-box-e4-uc1-programmeeritav-kontrollrelee-stardipakett-easy-e4-uc-12rc1display-12-24ac-dc-8-sisendit-4-releevaljundit\/#breadcrumb\"},\"inLanguage\":\"ru-RU\",\"potentialAction\":[{\"@type\":\"ReadAction\",\"target\":[\"https:\/\/sakt.ee\/\u043c\u0430\u0433\u0430\u0437\u0438\u043d\/releed\/programmeeritavad-kontrollreleed\/xv100-box-e4-uc1-programmeeritav-kontrollrelee-stardipakett-easy-e4-uc-12rc1display-12-24ac-dc-8-sisendit-4-releevaljundit\/\"]}]},{\"@type\":\"ImageObject\",\"inLanguage\":\"ru-RU\",\"@id\":\"https:\/\/sakt.ee\/\u043c\u0430\u0433\u0430\u0437\u0438\u043d\/releed\/programmeeritavad-kontrollreleed\/xv100-box-e4-uc1-programmeeritav-kontrollrelee-stardipakett-easy-e4-uc-12rc1display-12-24ac-dc-8-sisendit-4-releevaljundit\/#primaryimage\",\"url\":\"https:\/\/sakt.ee\/wp-content\/uploads\/2025\/05\/4663.jpg\",\"contentUrl\":\"https:\/\/sakt.ee\/wp-content\/uploads\/2025\/05\/4663.jpg\",\"width\":580,\"height\":326},{\"@type\":\"BreadcrumbList\",\"@id\":\"https:\/\/sakt.ee\/\u043c\u0430\u0433\u0430\u0437\u0438\u043d\/releed\/programmeeritavad-kontrollreleed\/xv100-box-e4-uc1-programmeeritav-kontrollrelee-stardipakett-easy-e4-uc-12rc1display-12-24ac-dc-8-sisendit-4-releevaljundit\/#breadcrumb\",\"itemListElement\":[{\"@type\":\"ListItem\",\"position\":1,\"name\":\"Home\",\"item\":\"https:\/\/sakt.ee\/\"},{\"@type\":\"ListItem\",\"position\":2,\"name\":\"\u041c\u0430\u0433\u0430\u0437\u0438\u043d\",\"item\":\"https:\/\/sakt.ee\/ru\/\u043c\u0430\u0433\u0430\u0437\u0438\u043d\/\"},{\"@type\":\"ListItem\",\"position\":3,\"name\":\"XV100-BOX-E4-UC1 \u043f\u0440\u043e\u0433\u0440\u0430\u043c\u043c\u0438\u0440\u0443\u0435\u043c\u044b\u0439 \u0440\u0435\u043b\u0435\u0439\u043d\u044b\u0439 \u0441\u0442\u0430\u0440\u0442\u043e\u0432\u044b\u0439 \u043a\u043e\u043c\u043f\u043b\u0435\u043a\u0442 \u0443\u043f\u0440\u0430\u0432\u043b\u0435\u043d\u0438\u044f (EASY-E4-UC-12RC1 + \u0434\u0438\u0441\u043f\u043b\u0435\u0439 + \u043a\u0430\u0431\u0435\u043b\u044c + easySoft 7), 12-24\/DC, 24AC, 8 \u0432\u0445\u043e\u0434\u043e\u0432, 4 \u0440\u0435\u043b\u0435\u0439\u043d\u044b\u0445 \u0432\u044b\u0445\u043e\u0434\u0430.\"}]},{\"@type\":\"WebSite\",\"@id\":\"https:\/\/sakt.ee\/en\/#website\",\"url\":\"https:\/\/sakt.ee\/en\/\",\"name\":\"Sakala T\u00f6\u00f6stusautomaatika O\u00dc\",\"description\":\"T\u00f6\u00f6stusautomaatika e-pood\",\"publisher\":{\"@id\":\"https:\/\/sakt.ee\/en\/#organization\"},\"potentialAction\":[{\"@type\":\"SearchAction\",\"target\":{\"@type\":\"EntryPoint\",\"urlTemplate\":\"https:\/\/sakt.ee\/en\/?s={search_term_string}\"},\"query-input\":{\"@type\":\"PropertyValueSpecification\",\"valueRequired\":true,\"valueName\":\"search_term_string\"}}],\"inLanguage\":\"ru-RU\"},{\"@type\":\"Organization\",\"@id\":\"https:\/\/sakt.ee\/en\/#organization\",\"name\":\"Sakala T\u00f6\u00f6stusautomaatika O\u00dc\",\"url\":\"https:\/\/sakt.ee\/en\/\",\"logo\":{\"@type\":\"ImageObject\",\"inLanguage\":\"ru-RU\",\"@id\":\"https:\/\/sakt.ee\/en\/#\/schema\/logo\/image\/\",\"url\":\"https:\/\/sakt.ee\/wp-content\/uploads\/2025\/05\/Sakala-Toostusautomaatika-favicon.png\",\"contentUrl\":\"https:\/\/sakt.ee\/wp-content\/uploads\/2025\/05\/Sakala-Toostusautomaatika-favicon.png\",\"width\":500,\"height\":500,\"caption\":\"Sakala T\u00f6\u00f6stusautomaatika O\u00dc\"},\"image\":{\"@id\":\"https:\/\/sakt.ee\/en\/#\/schema\/logo\/image\/\"}}]}<\/script>\n<meta property=\"product:price:amount\" content=\"462.55\" \/>\n<meta property=\"product:price:currency\" content=\"EUR\" \/>\n<meta property=\"og:availability\" content=\"backorder\" \/>\n<meta property=\"product:availability\" content=\"available for order\" \/>\n<meta property=\"product:retailer_item_id\" content=\"198515\" \/>\n<meta property=\"product:condition\" content=\"new\" \/>\n<!-- \/ Yoast SEO Premium plugin. -->","yoast_head_json":{"title":"XV100-BOX-E4-UC1 \u043f\u0440\u043e\u0433\u0440\u0430\u043c\u043c\u0438\u0440\u0443\u0435\u043c\u044b\u0439 \u0440\u0435\u043b\u0435\u0439\u043d\u044b\u0439 \u0441\u0442\u0430\u0440\u0442\u043e\u0432\u044b\u0439 \u043a\u043e\u043c\u043f\u043b\u0435\u043a\u0442 \u0443\u043f\u0440\u0430\u0432\u043b\u0435\u043d\u0438\u044f (EASY-E4-UC-12RC1 + \u0434\u0438\u0441\u043f\u043b\u0435\u0439 + \u043a\u0430\u0431\u0435\u043b\u044c + easySoft 7), 12-24\/DC, 24AC, 8 \u0432\u0445\u043e\u0434\u043e\u0432, 4 \u0440\u0435\u043b\u0435\u0439\u043d\u044b\u0445 \u0432\u044b\u0445\u043e\u0434\u0430. - Sakala T\u00f6\u00f6stusautomaatika O\u00dc","robots":{"index":"index","follow":"follow","max-snippet":"max-snippet:-1","max-image-preview":"max-image-preview:large","max-video-preview":"max-video-preview:-1"},"canonical":"https:\/\/sakt.ee\/\u043c\u0430\u0433\u0430\u0437\u0438\u043d\/releed\/programmeeritavad-kontrollreleed\/xv100-box-e4-uc1-programmeeritav-kontrollrelee-stardipakett-easy-e4-uc-12rc1display-12-24ac-dc-8-sisendit-4-releevaljundit\/","og_locale":"ru_RU","og_type":"article","og_title":"XV100-BOX-E4-UC1 \u043f\u0440\u043e\u0433\u0440\u0430\u043c\u043c\u0438\u0440\u0443\u0435\u043c\u044b\u0439 \u0440\u0435\u043b\u0435\u0439\u043d\u044b\u0439 \u0441\u0442\u0430\u0440\u0442\u043e\u0432\u044b\u0439 \u043a\u043e\u043c\u043f\u043b\u0435\u043a\u0442 \u0443\u043f\u0440\u0430\u0432\u043b\u0435\u043d\u0438\u044f (EASY-E4-UC-12RC1 + \u0434\u0438\u0441\u043f\u043b\u0435\u0439 + \u043a\u0430\u0431\u0435\u043b\u044c + easySoft 7), 12-24\/DC, 24AC, 8 \u0432\u0445\u043e\u0434\u043e\u0432, 4 \u0440\u0435\u043b\u0435\u0439\u043d\u044b\u0445 \u0432\u044b\u0445\u043e\u0434\u0430.","og_description":"XV100-BOX-E4-UC1 \u0441\u0442\u0430\u0440\u0442\u043e\u0432\u044b\u0439 \u043a\u043e\u043c\u043f\u043b\u0435\u043a\u0442 \u043f\u0440\u043e\u0433\u0440\u0430\u043c\u043c\u0438\u0440\u0443\u0435\u043c\u043e\u0433\u043e \u0440\u0435\u043b\u0435 \u0443\u043f\u0440\u0430\u0432\u043b\u0435\u043d\u0438\u044f \u0441\u043e\u0441\u0442\u043e\u0438\u0442 \u0438\u0437: EASY-E4-UC-12RC1 \u043f\u0440\u043e\u0433\u0440\u0430\u043c\u043c\u0438\u0440\u0443\u0435\u043c\u043e\u0435 \u0440\u0435\u043b\u0435 \u0443\u043f\u0440\u0430\u0432\u043b\u0435\u043d\u0438\u044f XV-102-A0-35TQRB-1E4 \u0434\u0438\u0441\u043f\u043b\u0435\u0439 3xPatch \u043a\u0430\u0431\u0435\u043b\u044c easySoft7 \u043b\u0438\u0446\u0435\u043d\u0437\u0438\u044f","og_url":"https:\/\/sakt.ee\/\u043c\u0430\u0433\u0430\u0437\u0438\u043d\/releed\/programmeeritavad-kontrollreleed\/xv100-box-e4-uc1-programmeeritav-kontrollrelee-stardipakett-easy-e4-uc-12rc1display-12-24ac-dc-8-sisendit-4-releevaljundit\/","og_site_name":"Sakala T\u00f6\u00f6stusautomaatika O\u00dc","article_modified_time":"2025-11-14T06:47:06+00:00","og_image":[{"width":580,"height":326,"url":"https:\/\/sakt.ee\/wp-content\/uploads\/2025\/05\/4663.jpg","type":"image\/jpeg"}],"twitter_card":"summary_large_image","twitter_misc":{"\u0426\u0435\u043d\u0430":"462,55&euro; +KM","\u0414\u043e\u0441\u0442\u0443\u043f\u043d\u043e\u0441\u0442\u044c":"\u041d\u0430 \u0437\u0430\u043a\u0430\u0437"},"schema":{"@context":"https:\/\/schema.org","@graph":[{"@type":"WebPage","@id":"https:\/\/sakt.ee\/\u043c\u0430\u0433\u0430\u0437\u0438\u043d\/releed\/programmeeritavad-kontrollreleed\/xv100-box-e4-uc1-programmeeritav-kontrollrelee-stardipakett-easy-e4-uc-12rc1display-12-24ac-dc-8-sisendit-4-releevaljundit\/","url":"https:\/\/sakt.ee\/\u043c\u0430\u0433\u0430\u0437\u0438\u043d\/releed\/programmeeritavad-kontrollreleed\/xv100-box-e4-uc1-programmeeritav-kontrollrelee-stardipakett-easy-e4-uc-12rc1display-12-24ac-dc-8-sisendit-4-releevaljundit\/","name":"XV100-BOX-E4-UC1 \u043f\u0440\u043e\u0433\u0440\u0430\u043c\u043c\u0438\u0440\u0443\u0435\u043c\u044b\u0439 \u0440\u0435\u043b\u0435\u0439\u043d\u044b\u0439 \u0441\u0442\u0430\u0440\u0442\u043e\u0432\u044b\u0439 \u043a\u043e\u043c\u043f\u043b\u0435\u043a\u0442 \u0443\u043f\u0440\u0430\u0432\u043b\u0435\u043d\u0438\u044f (EASY-E4-UC-12RC1 + \u0434\u0438\u0441\u043f\u043b\u0435\u0439 + \u043a\u0430\u0431\u0435\u043b\u044c + easySoft 7), 12-24\/DC, 24AC, 8 \u0432\u0445\u043e\u0434\u043e\u0432, 4 \u0440\u0435\u043b\u0435\u0439\u043d\u044b\u0445 \u0432\u044b\u0445\u043e\u0434\u0430. - Sakala T\u00f6\u00f6stusautomaatika O\u00dc","isPartOf":{"@id":"https:\/\/sakt.ee\/en\/#website"},"primaryImageOfPage":{"@id":"https:\/\/sakt.ee\/\u043c\u0430\u0433\u0430\u0437\u0438\u043d\/releed\/programmeeritavad-kontrollreleed\/xv100-box-e4-uc1-programmeeritav-kontrollrelee-stardipakett-easy-e4-uc-12rc1display-12-24ac-dc-8-sisendit-4-releevaljundit\/#primaryimage"},"image":{"@id":"https:\/\/sakt.ee\/\u043c\u0430\u0433\u0430\u0437\u0438\u043d\/releed\/programmeeritavad-kontrollreleed\/xv100-box-e4-uc1-programmeeritav-kontrollrelee-stardipakett-easy-e4-uc-12rc1display-12-24ac-dc-8-sisendit-4-releevaljundit\/#primaryimage"},"thumbnailUrl":"https:\/\/sakt.ee\/wp-content\/uploads\/2025\/05\/4663.jpg","datePublished":"2025-05-17T01:09:20+00:00","dateModified":"2025-11-14T06:47:06+00:00","breadcrumb":{"@id":"https:\/\/sakt.ee\/\u043c\u0430\u0433\u0430\u0437\u0438\u043d\/releed\/programmeeritavad-kontrollreleed\/xv100-box-e4-uc1-programmeeritav-kontrollrelee-stardipakett-easy-e4-uc-12rc1display-12-24ac-dc-8-sisendit-4-releevaljundit\/#breadcrumb"},"inLanguage":"ru-RU","potentialAction":[{"@type":"ReadAction","target":["https:\/\/sakt.ee\/\u043c\u0430\u0433\u0430\u0437\u0438\u043d\/releed\/programmeeritavad-kontrollreleed\/xv100-box-e4-uc1-programmeeritav-kontrollrelee-stardipakett-easy-e4-uc-12rc1display-12-24ac-dc-8-sisendit-4-releevaljundit\/"]}]},{"@type":"ImageObject","inLanguage":"ru-RU","@id":"https:\/\/sakt.ee\/\u043c\u0430\u0433\u0430\u0437\u0438\u043d\/releed\/programmeeritavad-kontrollreleed\/xv100-box-e4-uc1-programmeeritav-kontrollrelee-stardipakett-easy-e4-uc-12rc1display-12-24ac-dc-8-sisendit-4-releevaljundit\/#primaryimage","url":"https:\/\/sakt.ee\/wp-content\/uploads\/2025\/05\/4663.jpg","contentUrl":"https:\/\/sakt.ee\/wp-content\/uploads\/2025\/05\/4663.jpg","width":580,"height":326},{"@type":"BreadcrumbList","@id":"https:\/\/sakt.ee\/\u043c\u0430\u0433\u0430\u0437\u0438\u043d\/releed\/programmeeritavad-kontrollreleed\/xv100-box-e4-uc1-programmeeritav-kontrollrelee-stardipakett-easy-e4-uc-12rc1display-12-24ac-dc-8-sisendit-4-releevaljundit\/#breadcrumb","itemListElement":[{"@type":"ListItem","position":1,"name":"Home","item":"https:\/\/sakt.ee\/"},{"@type":"ListItem","position":2,"name":"\u041c\u0430\u0433\u0430\u0437\u0438\u043d","item":"https:\/\/sakt.ee\/ru\/\u043c\u0430\u0433\u0430\u0437\u0438\u043d\/"},{"@type":"ListItem","position":3,"name":"XV100-BOX-E4-UC1 \u043f\u0440\u043e\u0433\u0440\u0430\u043c\u043c\u0438\u0440\u0443\u0435\u043c\u044b\u0439 \u0440\u0435\u043b\u0435\u0439\u043d\u044b\u0439 \u0441\u0442\u0430\u0440\u0442\u043e\u0432\u044b\u0439 \u043a\u043e\u043c\u043f\u043b\u0435\u043a\u0442 \u0443\u043f\u0440\u0430\u0432\u043b\u0435\u043d\u0438\u044f (EASY-E4-UC-12RC1 + \u0434\u0438\u0441\u043f\u043b\u0435\u0439 + \u043a\u0430\u0431\u0435\u043b\u044c + easySoft 7), 12-24\/DC, 24AC, 8 \u0432\u0445\u043e\u0434\u043e\u0432, 4 \u0440\u0435\u043b\u0435\u0439\u043d\u044b\u0445 \u0432\u044b\u0445\u043e\u0434\u0430."}]},{"@type":"WebSite","@id":"https:\/\/sakt.ee\/en\/#website","url":"https:\/\/sakt.ee\/en\/","name":"Sakala T\u00f6\u00f6stusautomaatika O\u00dc","description":"T\u00f6\u00f6stusautomaatika e-pood","publisher":{"@id":"https:\/\/sakt.ee\/en\/#organization"},"potentialAction":[{"@type":"SearchAction","target":{"@type":"EntryPoint","urlTemplate":"https:\/\/sakt.ee\/en\/?s={search_term_string}"},"query-input":{"@type":"PropertyValueSpecification","valueRequired":true,"valueName":"search_term_string"}}],"inLanguage":"ru-RU"},{"@type":"Organization","@id":"https:\/\/sakt.ee\/en\/#organization","name":"Sakala T\u00f6\u00f6stusautomaatika O\u00dc","url":"https:\/\/sakt.ee\/en\/","logo":{"@type":"ImageObject","inLanguage":"ru-RU","@id":"https:\/\/sakt.ee\/en\/#\/schema\/logo\/image\/","url":"https:\/\/sakt.ee\/wp-content\/uploads\/2025\/05\/Sakala-Toostusautomaatika-favicon.png","contentUrl":"https:\/\/sakt.ee\/wp-content\/uploads\/2025\/05\/Sakala-Toostusautomaatika-favicon.png","width":500,"height":500,"caption":"Sakala T\u00f6\u00f6stusautomaatika O\u00dc"},"image":{"@id":"https:\/\/sakt.ee\/en\/#\/schema\/logo\/image\/"}}]},"product_price_amount":"462.55","product_price_currency":"EUR","og_availability":"backorder","product_availability":"available for order","product_retailer_item_id":"198515","product_condition":"new"},"_links":{"self":[{"href":"https:\/\/sakt.ee\/ru\/wp-json\/wp\/v2\/product\/43129","targetHints":{"allow":["GET"]}}],"collection":[{"href":"https:\/\/sakt.ee\/ru\/wp-json\/wp\/v2\/product"}],"about":[{"href":"https:\/\/sakt.ee\/ru\/wp-json\/wp\/v2\/types\/product"}],"version-history":[{"count":0,"href":"https:\/\/sakt.ee\/ru\/wp-json\/wp\/v2\/product\/43129\/revisions"}],"wp:featuredmedia":[{"embeddable":true,"href":"https:\/\/sakt.ee\/ru\/wp-json\/wp\/v2\/media\/30252"}],"wp:attachment":[{"href":"https:\/\/sakt.ee\/ru\/wp-json\/wp\/v2\/media?parent=43129"}],"wp:term":[{"taxonomy":"product_brand","embeddable":true,"href":"https:\/\/sakt.ee\/ru\/wp-json\/wp\/v2\/product_brand?post=43129"},{"taxonomy":"product_cat","embeddable":true,"href":"https:\/\/sakt.ee\/ru\/wp-json\/wp\/v2\/product_cat?post=43129"},{"taxonomy":"product_tag","embeddable":true,"href":"https:\/\/sakt.ee\/ru\/wp-json\/wp\/v2\/product_tag?post=43129"},{"taxonomy":"manufacturers","embeddable":true,"href":"https:\/\/sakt.ee\/ru\/wp-json\/wp\/v2\/manufacturers?post=43129"}],"curies":[{"name":"wp","href":"https:\/\/api.w.org\/{rel}","templated":true}]}}