{"id":43009,"date":"2025-05-17T07:44:59","date_gmt":"2025-05-17T04:44:59","guid":{"rendered":"https:\/\/sakt.ee\/product\/vf-cnm8mm-%d1%80%d0%b0%d0%b7%d1%8a%d0%b5%d0%bc-m12-8pin-%d0%bc%d0%b5%d1%82%d0%b0%d0%bb%d0%bb%d0%b8%d1%87%d0%b5%d1%81%d0%ba%d0%b8%d0%b9-m20x1-5\/"},"modified":"2025-11-04T12:02:50","modified_gmt":"2025-11-04T09:02:50","slug":"vf-cnm8mm-%d1%80%d0%b0%d0%b7%d1%8a%d0%b5%d0%bc-m12-8pin-%d0%bc%d0%b5%d1%82%d0%b0%d0%bb%d0%bb%d0%b8%d1%87%d0%b5%d1%81%d0%ba%d0%b8%d0%b9-m20x1-5","status":"publish","type":"product","link":"https:\/\/sakt.ee\/ru\/\u043c\u0430\u0433\u0430\u0437\u0438\u043d\/%d0%b4%d0%b0%d1%82%d1%87%d0%b8%d0%ba%d0%b8-%d0%bf%d1%80%d0%be%d1%86%d0%b5%d1%81%d1%81%d0%b0\/%d0%b0%d0%ba%d1%81%d0%b5%d1%81%d1%81%d1%83%d0%b0%d1%80%d1%8b-%d0%b4%d0%bb%d1%8f-%d0%b4%d0%b0%d1%82%d1%87%d0%b8%d0%ba%d0%be%d0%b2\/%d1%88%d1%82%d0%b5%d0%ba%d0%ba%d0%b5%d1%80%d0%b0\/vf-cnm8mm-%d1%80%d0%b0%d0%b7%d1%8a%d0%b5%d0%bc-m12-8pin-%d0%bc%d0%b5%d1%82%d0%b0%d0%bb%d0%bb%d0%b8%d1%87%d0%b5%d1%81%d0%ba%d0%b8%d0%b9-m20x1-5\/","title":{"rendered":"VF CNM8MM \u0420\u0430\u0437\u044a\u0435\u043c M12, 8PIN, \u043c\u0435\u0442\u0430\u043b\u043b\u0438\u0447\u0435\u0441\u043a\u0438\u0439, M20x1.5"},"content":{"rendered":"","protected":false},"excerpt":{"rendered":"","protected":false},"featured_media":30728,"template":"","meta":{"_acf_changed":false},"product_brand":[],"product_cat":[3755],"product_tag":[],"manufacturers":[7789],"class_list":{"0":"post-43009","1":"product","2":"type-product","3":"status-publish","4":"has-post-thumbnail","6":"product_cat-3755","7":"pa_keere-labiviik-m20-ru","8":"pa_materjal-3953","9":"pa_pooluste-arv-8pin-ru","10":"pa_seeria-vf-ru","11":"pa_toode-3939","12":"pa_tootja-pizzato","13":"pa_uhendustuup--m12","14":"manufacturers-pizzato-ru","16":"first","17":"onbackorder","18":"taxable","19":"shipping-taxable","20":"purchasable","21":"product-type-simple"},"acf":[],"yoast_head":"<!-- This site is optimized with the Yoast SEO Premium plugin v25.4 (Yoast SEO v25.4) - https:\/\/yoast.com\/wordpress\/plugins\/seo\/ -->\n<title>VF CNM8MM \u0420\u0430\u0437\u044a\u0435\u043c M12, 8PIN, \u043c\u0435\u0442\u0430\u043b\u043b\u0438\u0447\u0435\u0441\u043a\u0438\u0439, M20x1.5 - Sakala T\u00f6\u00f6stusautomaatika O\u00dc<\/title>\n<meta name=\"robots\" content=\"index, follow, max-snippet:-1, max-image-preview:large, max-video-preview:-1\" \/>\n<link rel=\"canonical\" href=\"https:\/\/sakt.ee\/\u043c\u0430\u0433\u0430\u0437\u0438\u043d\/andurid\/lisatarvikud-anduritele\/pistikud\/vf-cnm8mm-m12-pistik-8pin-metallist-m20x15\/\" \/>\n<meta property=\"og:locale\" content=\"ru_RU\" \/>\n<meta property=\"og:type\" content=\"article\" \/>\n<meta property=\"og:title\" content=\"VF CNM8MM \u0420\u0430\u0437\u044a\u0435\u043c M12, 8PIN, \u043c\u0435\u0442\u0430\u043b\u043b\u0438\u0447\u0435\u0441\u043a\u0438\u0439, M20x1.5\" \/>\n<meta property=\"og:url\" content=\"https:\/\/sakt.ee\/\u043c\u0430\u0433\u0430\u0437\u0438\u043d\/andurid\/lisatarvikud-anduritele\/pistikud\/vf-cnm8mm-m12-pistik-8pin-metallist-m20x15\/\" \/>\n<meta property=\"og:site_name\" content=\"Sakala T\u00f6\u00f6stusautomaatika O\u00dc\" \/>\n<meta property=\"article:modified_time\" content=\"2025-11-04T09:02:50+00:00\" \/>\n<meta property=\"og:image\" content=\"https:\/\/sakt.ee\/wp-content\/uploads\/2025\/05\/5143.jpg\" \/>\n\t<meta property=\"og:image:width\" content=\"347\" \/>\n\t<meta property=\"og:image:height\" content=\"347\" \/>\n\t<meta property=\"og:image:type\" content=\"image\/jpeg\" \/>\n<meta name=\"twitter:card\" content=\"summary_large_image\" \/>\n<meta name=\"twitter:label1\" content=\"\u0426\u0435\u043d\u0430\" \/>\n\t<meta name=\"twitter:data1\" content=\"15,15&euro; +KM\" \/>\n\t<meta name=\"twitter:label2\" content=\"\u0414\u043e\u0441\u0442\u0443\u043f\u043d\u043e\u0441\u0442\u044c\" \/>\n\t<meta name=\"twitter:data2\" content=\"\u041d\u0430 \u0437\u0430\u043a\u0430\u0437\" \/>\n<script type=\"application\/ld+json\" class=\"yoast-schema-graph\">{\"@context\":\"https:\/\/schema.org\",\"@graph\":[{\"@type\":\"WebPage\",\"@id\":\"https:\/\/sakt.ee\/\u043c\u0430\u0433\u0430\u0437\u0438\u043d\/andurid\/lisatarvikud-anduritele\/pistikud\/vf-cnm8mm-m12-pistik-8pin-metallist-m20x15\/\",\"url\":\"https:\/\/sakt.ee\/\u043c\u0430\u0433\u0430\u0437\u0438\u043d\/andurid\/lisatarvikud-anduritele\/pistikud\/vf-cnm8mm-m12-pistik-8pin-metallist-m20x15\/\",\"name\":\"VF CNM8MM \u0420\u0430\u0437\u044a\u0435\u043c M12, 8PIN, \u043c\u0435\u0442\u0430\u043b\u043b\u0438\u0447\u0435\u0441\u043a\u0438\u0439, M20x1.5 - Sakala T\u00f6\u00f6stusautomaatika O\u00dc\",\"isPartOf\":{\"@id\":\"https:\/\/sakt.ee\/en\/#website\"},\"primaryImageOfPage\":{\"@id\":\"https:\/\/sakt.ee\/\u043c\u0430\u0433\u0430\u0437\u0438\u043d\/andurid\/lisatarvikud-anduritele\/pistikud\/vf-cnm8mm-m12-pistik-8pin-metallist-m20x15\/#primaryimage\"},\"image\":{\"@id\":\"https:\/\/sakt.ee\/\u043c\u0430\u0433\u0430\u0437\u0438\u043d\/andurid\/lisatarvikud-anduritele\/pistikud\/vf-cnm8mm-m12-pistik-8pin-metallist-m20x15\/#primaryimage\"},\"thumbnailUrl\":\"https:\/\/sakt.ee\/wp-content\/uploads\/2025\/05\/5143.jpg\",\"datePublished\":\"2025-05-17T04:44:59+00:00\",\"dateModified\":\"2025-11-04T09:02:50+00:00\",\"breadcrumb\":{\"@id\":\"https:\/\/sakt.ee\/\u043c\u0430\u0433\u0430\u0437\u0438\u043d\/andurid\/lisatarvikud-anduritele\/pistikud\/vf-cnm8mm-m12-pistik-8pin-metallist-m20x15\/#breadcrumb\"},\"inLanguage\":\"ru-RU\",\"potentialAction\":[{\"@type\":\"ReadAction\",\"target\":[\"https:\/\/sakt.ee\/\u043c\u0430\u0433\u0430\u0437\u0438\u043d\/andurid\/lisatarvikud-anduritele\/pistikud\/vf-cnm8mm-m12-pistik-8pin-metallist-m20x15\/\"]}]},{\"@type\":\"ImageObject\",\"inLanguage\":\"ru-RU\",\"@id\":\"https:\/\/sakt.ee\/\u043c\u0430\u0433\u0430\u0437\u0438\u043d\/andurid\/lisatarvikud-anduritele\/pistikud\/vf-cnm8mm-m12-pistik-8pin-metallist-m20x15\/#primaryimage\",\"url\":\"https:\/\/sakt.ee\/wp-content\/uploads\/2025\/05\/5143.jpg\",\"contentUrl\":\"https:\/\/sakt.ee\/wp-content\/uploads\/2025\/05\/5143.jpg\",\"width\":347,\"height\":347},{\"@type\":\"BreadcrumbList\",\"@id\":\"https:\/\/sakt.ee\/\u043c\u0430\u0433\u0430\u0437\u0438\u043d\/andurid\/lisatarvikud-anduritele\/pistikud\/vf-cnm8mm-m12-pistik-8pin-metallist-m20x15\/#breadcrumb\",\"itemListElement\":[{\"@type\":\"ListItem\",\"position\":1,\"name\":\"Home\",\"item\":\"https:\/\/sakt.ee\/\"},{\"@type\":\"ListItem\",\"position\":2,\"name\":\"\u041c\u0430\u0433\u0430\u0437\u0438\u043d\",\"item\":\"https:\/\/sakt.ee\/ru\/\u043c\u0430\u0433\u0430\u0437\u0438\u043d\/\"},{\"@type\":\"ListItem\",\"position\":3,\"name\":\"VF CNM8MM \u0420\u0430\u0437\u044a\u0435\u043c M12, 8PIN, \u043c\u0435\u0442\u0430\u043b\u043b\u0438\u0447\u0435\u0441\u043a\u0438\u0439, M20x1.5\"}]},{\"@type\":\"WebSite\",\"@id\":\"https:\/\/sakt.ee\/en\/#website\",\"url\":\"https:\/\/sakt.ee\/en\/\",\"name\":\"Sakala T\u00f6\u00f6stusautomaatika O\u00dc\",\"description\":\"T\u00f6\u00f6stusautomaatika e-pood\",\"publisher\":{\"@id\":\"https:\/\/sakt.ee\/en\/#organization\"},\"potentialAction\":[{\"@type\":\"SearchAction\",\"target\":{\"@type\":\"EntryPoint\",\"urlTemplate\":\"https:\/\/sakt.ee\/en\/?s={search_term_string}\"},\"query-input\":{\"@type\":\"PropertyValueSpecification\",\"valueRequired\":true,\"valueName\":\"search_term_string\"}}],\"inLanguage\":\"ru-RU\"},{\"@type\":\"Organization\",\"@id\":\"https:\/\/sakt.ee\/en\/#organization\",\"name\":\"Sakala T\u00f6\u00f6stusautomaatika O\u00dc\",\"url\":\"https:\/\/sakt.ee\/en\/\",\"logo\":{\"@type\":\"ImageObject\",\"inLanguage\":\"ru-RU\",\"@id\":\"https:\/\/sakt.ee\/en\/#\/schema\/logo\/image\/\",\"url\":\"https:\/\/sakt.ee\/wp-content\/uploads\/2025\/05\/Sakala-Toostusautomaatika-favicon.png\",\"contentUrl\":\"https:\/\/sakt.ee\/wp-content\/uploads\/2025\/05\/Sakala-Toostusautomaatika-favicon.png\",\"width\":500,\"height\":500,\"caption\":\"Sakala T\u00f6\u00f6stusautomaatika O\u00dc\"},\"image\":{\"@id\":\"https:\/\/sakt.ee\/en\/#\/schema\/logo\/image\/\"}}]}<\/script>\n<meta property=\"product:price:amount\" content=\"15.15\" \/>\n<meta property=\"product:price:currency\" content=\"EUR\" \/>\n<meta property=\"og:availability\" content=\"backorder\" \/>\n<meta property=\"product:availability\" content=\"available for order\" \/>\n<meta property=\"product:retailer_item_id\" content=\"VF CNM8MM\" \/>\n<meta property=\"product:condition\" content=\"new\" \/>\n<!-- \/ Yoast SEO Premium plugin. -->","yoast_head_json":{"title":"VF CNM8MM \u0420\u0430\u0437\u044a\u0435\u043c M12, 8PIN, \u043c\u0435\u0442\u0430\u043b\u043b\u0438\u0447\u0435\u0441\u043a\u0438\u0439, M20x1.5 - Sakala T\u00f6\u00f6stusautomaatika O\u00dc","robots":{"index":"index","follow":"follow","max-snippet":"max-snippet:-1","max-image-preview":"max-image-preview:large","max-video-preview":"max-video-preview:-1"},"canonical":"https:\/\/sakt.ee\/\u043c\u0430\u0433\u0430\u0437\u0438\u043d\/andurid\/lisatarvikud-anduritele\/pistikud\/vf-cnm8mm-m12-pistik-8pin-metallist-m20x15\/","og_locale":"ru_RU","og_type":"article","og_title":"VF CNM8MM \u0420\u0430\u0437\u044a\u0435\u043c M12, 8PIN, \u043c\u0435\u0442\u0430\u043b\u043b\u0438\u0447\u0435\u0441\u043a\u0438\u0439, M20x1.5","og_url":"https:\/\/sakt.ee\/\u043c\u0430\u0433\u0430\u0437\u0438\u043d\/andurid\/lisatarvikud-anduritele\/pistikud\/vf-cnm8mm-m12-pistik-8pin-metallist-m20x15\/","og_site_name":"Sakala T\u00f6\u00f6stusautomaatika O\u00dc","article_modified_time":"2025-11-04T09:02:50+00:00","og_image":[{"width":347,"height":347,"url":"https:\/\/sakt.ee\/wp-content\/uploads\/2025\/05\/5143.jpg","type":"image\/jpeg"}],"twitter_card":"summary_large_image","twitter_misc":{"\u0426\u0435\u043d\u0430":"15,15&euro; +KM","\u0414\u043e\u0441\u0442\u0443\u043f\u043d\u043e\u0441\u0442\u044c":"\u041d\u0430 \u0437\u0430\u043a\u0430\u0437"},"schema":{"@context":"https:\/\/schema.org","@graph":[{"@type":"WebPage","@id":"https:\/\/sakt.ee\/\u043c\u0430\u0433\u0430\u0437\u0438\u043d\/andurid\/lisatarvikud-anduritele\/pistikud\/vf-cnm8mm-m12-pistik-8pin-metallist-m20x15\/","url":"https:\/\/sakt.ee\/\u043c\u0430\u0433\u0430\u0437\u0438\u043d\/andurid\/lisatarvikud-anduritele\/pistikud\/vf-cnm8mm-m12-pistik-8pin-metallist-m20x15\/","name":"VF CNM8MM \u0420\u0430\u0437\u044a\u0435\u043c M12, 8PIN, \u043c\u0435\u0442\u0430\u043b\u043b\u0438\u0447\u0435\u0441\u043a\u0438\u0439, M20x1.5 - Sakala T\u00f6\u00f6stusautomaatika O\u00dc","isPartOf":{"@id":"https:\/\/sakt.ee\/en\/#website"},"primaryImageOfPage":{"@id":"https:\/\/sakt.ee\/\u043c\u0430\u0433\u0430\u0437\u0438\u043d\/andurid\/lisatarvikud-anduritele\/pistikud\/vf-cnm8mm-m12-pistik-8pin-metallist-m20x15\/#primaryimage"},"image":{"@id":"https:\/\/sakt.ee\/\u043c\u0430\u0433\u0430\u0437\u0438\u043d\/andurid\/lisatarvikud-anduritele\/pistikud\/vf-cnm8mm-m12-pistik-8pin-metallist-m20x15\/#primaryimage"},"thumbnailUrl":"https:\/\/sakt.ee\/wp-content\/uploads\/2025\/05\/5143.jpg","datePublished":"2025-05-17T04:44:59+00:00","dateModified":"2025-11-04T09:02:50+00:00","breadcrumb":{"@id":"https:\/\/sakt.ee\/\u043c\u0430\u0433\u0430\u0437\u0438\u043d\/andurid\/lisatarvikud-anduritele\/pistikud\/vf-cnm8mm-m12-pistik-8pin-metallist-m20x15\/#breadcrumb"},"inLanguage":"ru-RU","potentialAction":[{"@type":"ReadAction","target":["https:\/\/sakt.ee\/\u043c\u0430\u0433\u0430\u0437\u0438\u043d\/andurid\/lisatarvikud-anduritele\/pistikud\/vf-cnm8mm-m12-pistik-8pin-metallist-m20x15\/"]}]},{"@type":"ImageObject","inLanguage":"ru-RU","@id":"https:\/\/sakt.ee\/\u043c\u0430\u0433\u0430\u0437\u0438\u043d\/andurid\/lisatarvikud-anduritele\/pistikud\/vf-cnm8mm-m12-pistik-8pin-metallist-m20x15\/#primaryimage","url":"https:\/\/sakt.ee\/wp-content\/uploads\/2025\/05\/5143.jpg","contentUrl":"https:\/\/sakt.ee\/wp-content\/uploads\/2025\/05\/5143.jpg","width":347,"height":347},{"@type":"BreadcrumbList","@id":"https:\/\/sakt.ee\/\u043c\u0430\u0433\u0430\u0437\u0438\u043d\/andurid\/lisatarvikud-anduritele\/pistikud\/vf-cnm8mm-m12-pistik-8pin-metallist-m20x15\/#breadcrumb","itemListElement":[{"@type":"ListItem","position":1,"name":"Home","item":"https:\/\/sakt.ee\/"},{"@type":"ListItem","position":2,"name":"\u041c\u0430\u0433\u0430\u0437\u0438\u043d","item":"https:\/\/sakt.ee\/ru\/\u043c\u0430\u0433\u0430\u0437\u0438\u043d\/"},{"@type":"ListItem","position":3,"name":"VF CNM8MM \u0420\u0430\u0437\u044a\u0435\u043c M12, 8PIN, \u043c\u0435\u0442\u0430\u043b\u043b\u0438\u0447\u0435\u0441\u043a\u0438\u0439, M20x1.5"}]},{"@type":"WebSite","@id":"https:\/\/sakt.ee\/en\/#website","url":"https:\/\/sakt.ee\/en\/","name":"Sakala T\u00f6\u00f6stusautomaatika O\u00dc","description":"T\u00f6\u00f6stusautomaatika e-pood","publisher":{"@id":"https:\/\/sakt.ee\/en\/#organization"},"potentialAction":[{"@type":"SearchAction","target":{"@type":"EntryPoint","urlTemplate":"https:\/\/sakt.ee\/en\/?s={search_term_string}"},"query-input":{"@type":"PropertyValueSpecification","valueRequired":true,"valueName":"search_term_string"}}],"inLanguage":"ru-RU"},{"@type":"Organization","@id":"https:\/\/sakt.ee\/en\/#organization","name":"Sakala T\u00f6\u00f6stusautomaatika O\u00dc","url":"https:\/\/sakt.ee\/en\/","logo":{"@type":"ImageObject","inLanguage":"ru-RU","@id":"https:\/\/sakt.ee\/en\/#\/schema\/logo\/image\/","url":"https:\/\/sakt.ee\/wp-content\/uploads\/2025\/05\/Sakala-Toostusautomaatika-favicon.png","contentUrl":"https:\/\/sakt.ee\/wp-content\/uploads\/2025\/05\/Sakala-Toostusautomaatika-favicon.png","width":500,"height":500,"caption":"Sakala T\u00f6\u00f6stusautomaatika O\u00dc"},"image":{"@id":"https:\/\/sakt.ee\/en\/#\/schema\/logo\/image\/"}}]},"product_price_amount":"15.15","product_price_currency":"EUR","og_availability":"backorder","product_availability":"available for order","product_retailer_item_id":"VF CNM8MM","product_condition":"new"},"_links":{"self":[{"href":"https:\/\/sakt.ee\/ru\/wp-json\/wp\/v2\/product\/43009","targetHints":{"allow":["GET"]}}],"collection":[{"href":"https:\/\/sakt.ee\/ru\/wp-json\/wp\/v2\/product"}],"about":[{"href":"https:\/\/sakt.ee\/ru\/wp-json\/wp\/v2\/types\/product"}],"version-history":[{"count":0,"href":"https:\/\/sakt.ee\/ru\/wp-json\/wp\/v2\/product\/43009\/revisions"}],"wp:featuredmedia":[{"embeddable":true,"href":"https:\/\/sakt.ee\/ru\/wp-json\/wp\/v2\/media\/30728"}],"wp:attachment":[{"href":"https:\/\/sakt.ee\/ru\/wp-json\/wp\/v2\/media?parent=43009"}],"wp:term":[{"taxonomy":"product_brand","embeddable":true,"href":"https:\/\/sakt.ee\/ru\/wp-json\/wp\/v2\/product_brand?post=43009"},{"taxonomy":"product_cat","embeddable":true,"href":"https:\/\/sakt.ee\/ru\/wp-json\/wp\/v2\/product_cat?post=43009"},{"taxonomy":"product_tag","embeddable":true,"href":"https:\/\/sakt.ee\/ru\/wp-json\/wp\/v2\/product_tag?post=43009"},{"taxonomy":"manufacturers","embeddable":true,"href":"https:\/\/sakt.ee\/ru\/wp-json\/wp\/v2\/manufacturers?post=43009"}],"curies":[{"name":"wp","href":"https:\/\/api.w.org\/{rel}","templated":true}]}}