{"id":42979,"date":"2025-05-17T05:52:29","date_gmt":"2025-05-17T02:52:29","guid":{"rendered":"https:\/\/sakt.ee\/product\/easy-box-e4-uc1-%d0%bf%d1%80%d0%be%d0%b3%d1%80%d0%b0%d0%bc%d0%bc%d0%b8%d1%80%d1%83%d0%b5%d0%bc%d1%8b%d0%b9-%d1%80%d0%b5%d0%bb%d0%b5%d0%b9%d0%bd%d1%8b%d0%b9-%d1%81%d1%82%d0%b0%d1%80%d1%82%d0%be%d0"},"modified":"2025-11-14T09:47:04","modified_gmt":"2025-11-14T06:47:04","slug":"easy-box-e4-uc1-%d0%bf%d1%80%d0%be%d0%b3%d1%80%d0%b0%d0%bc%d0%bc%d0%b8%d1%80%d1%83%d0%b5%d0%bc%d1%8b%d0%b9-%d1%80%d0%b5%d0%bb%d0%b5%d0%b9%d0%bd%d1%8b%d0%b9-%d1%81%d1%82%d0%b0%d1%80%d1%82%d0%be%d0%b2","status":"publish","type":"product","link":"https:\/\/sakt.ee\/ru\/\u043c\u0430\u0433\u0430\u0437\u0438\u043d\/%d1%80%d0%b5%d0%bb%d0%b5\/%d0%bf%d1%80%d0%be%d0%b3%d1%80%d0%b0%d0%bc%d0%bc%d0%b8%d1%80%d1%83%d0%b5%d0%bc%d1%8b%d0%b5-%d0%ba%d0%be%d0%bd%d1%82%d1%80%d0%be%d0%bb%d0%bb%d0%b5%d1%80%d1%8b\/easy-box-e4-uc1-%d0%bf%d1%80%d0%be%d0%b3%d1%80%d0%b0%d0%bc%d0%bc%d0%b8%d1%80%d1%83%d0%b5%d0%bc%d1%8b%d0%b9-%d1%80%d0%b5%d0%bb%d0%b5%d0%b9%d0%bd%d1%8b%d0%b9-%d1%81%d1%82%d0%b0%d1%80%d1%82%d0%be%d0%b2\/","title":{"rendered":"EASY-BOX-E4-UC1 \u043f\u0440\u043e\u0433\u0440\u0430\u043c\u043c\u0438\u0440\u0443\u0435\u043c\u044b\u0439 \u0440\u0435\u043b\u0435\u0439\u043d\u044b\u0439 \u0441\u0442\u0430\u0440\u0442\u043e\u0432\u044b\u0439 \u043a\u043e\u043c\u043f\u043b\u0435\u043a\u0442 \u0443\u043f\u0440\u0430\u0432\u043b\u0435\u043d\u0438\u044f (EASY-E4-UC-12RC1 + \u043a\u0430\u0431\u0435\u043b\u044c + easySoft 7), 12\/24DC, 24AC, 8 \u0432\u0445\u043e\u0434\u043e\u0432, 4 \u0440\u0435\u043b\u0435\u0439\u043d\u044b\u0445 \u0432\u044b\u0445\u043e\u0434\u0430."},"content":{"rendered":"","protected":false},"excerpt":{"rendered":"","protected":false},"featured_media":29194,"template":"","meta":{"_acf_changed":false},"product_brand":[],"product_cat":[4358,4590],"product_tag":[],"manufacturers":[],"class_list":{"0":"post-42979","1":"product","2":"type-product","3":"status-publish","4":"has-post-thumbnail","6":"product_cat-4358","7":"product_cat-4590","8":"pa_kaitseklass-ip20-ru","9":"pa_paigaldus-din-ru","10":"pa_seeria-easy-e4-ru","11":"pa_tootemperatuur-25-55c-ru","13":"first","14":"instock","15":"taxable","16":"shipping-taxable","17":"purchasable","18":"product-type-simple"},"acf":[],"yoast_head":"<!-- This site is optimized with the Yoast SEO Premium plugin v25.4 (Yoast SEO v25.4) - https:\/\/yoast.com\/wordpress\/plugins\/seo\/ -->\n<title>EASY-BOX-E4-UC1 \u043f\u0440\u043e\u0433\u0440\u0430\u043c\u043c\u0438\u0440\u0443\u0435\u043c\u044b\u0439 \u0440\u0435\u043b\u0435\u0439\u043d\u044b\u0439 \u0441\u0442\u0430\u0440\u0442\u043e\u0432\u044b\u0439 \u043a\u043e\u043c\u043f\u043b\u0435\u043a\u0442 \u0443\u043f\u0440\u0430\u0432\u043b\u0435\u043d\u0438\u044f (EASY-E4-UC-12RC1 + \u043a\u0430\u0431\u0435\u043b\u044c + easySoft 7), 12\/24DC, 24AC, 8 \u0432\u0445\u043e\u0434\u043e\u0432, 4 \u0440\u0435\u043b\u0435\u0439\u043d\u044b\u0445 \u0432\u044b\u0445\u043e\u0434\u0430. - Sakala T\u00f6\u00f6stusautomaatika O\u00dc<\/title>\n<meta name=\"robots\" content=\"index, follow, max-snippet:-1, max-image-preview:large, max-video-preview:-1\" \/>\n<link rel=\"canonical\" href=\"https:\/\/sakt.ee\/\u043c\u0430\u0433\u0430\u0437\u0438\u043d\/releed\/programmeeritavad-kontrollreleed\/easy-box-e4-uc1-stardipakett-easy-e4-uc-12rc1-kaabel-easysoft-7-12-24dc-24ac-8-sisendit-4-releevaljundit\/\" \/>\n<meta property=\"og:locale\" content=\"ru_RU\" \/>\n<meta property=\"og:type\" content=\"article\" \/>\n<meta property=\"og:title\" content=\"EASY-BOX-E4-UC1 \u043f\u0440\u043e\u0433\u0440\u0430\u043c\u043c\u0438\u0440\u0443\u0435\u043c\u044b\u0439 \u0440\u0435\u043b\u0435\u0439\u043d\u044b\u0439 \u0441\u0442\u0430\u0440\u0442\u043e\u0432\u044b\u0439 \u043a\u043e\u043c\u043f\u043b\u0435\u043a\u0442 \u0443\u043f\u0440\u0430\u0432\u043b\u0435\u043d\u0438\u044f (EASY-E4-UC-12RC1 + \u043a\u0430\u0431\u0435\u043b\u044c + easySoft 7), 12\/24DC, 24AC, 8 \u0432\u0445\u043e\u0434\u043e\u0432, 4 \u0440\u0435\u043b\u0435\u0439\u043d\u044b\u0445 \u0432\u044b\u0445\u043e\u0434\u0430.\" \/>\n<meta property=\"og:url\" content=\"https:\/\/sakt.ee\/\u043c\u0430\u0433\u0430\u0437\u0438\u043d\/releed\/programmeeritavad-kontrollreleed\/easy-box-e4-uc1-stardipakett-easy-e4-uc-12rc1-kaabel-easysoft-7-12-24dc-24ac-8-sisendit-4-releevaljundit\/\" \/>\n<meta property=\"og:site_name\" content=\"Sakala T\u00f6\u00f6stusautomaatika O\u00dc\" \/>\n<meta property=\"article:modified_time\" content=\"2025-11-14T06:47:04+00:00\" \/>\n<meta property=\"og:image\" content=\"https:\/\/sakt.ee\/wp-content\/uploads\/2025\/05\/4050.jpg\" \/>\n\t<meta property=\"og:image:width\" content=\"580\" \/>\n\t<meta property=\"og:image:height\" content=\"326\" \/>\n\t<meta property=\"og:image:type\" content=\"image\/jpeg\" \/>\n<meta name=\"twitter:card\" content=\"summary_large_image\" \/>\n<meta name=\"twitter:label1\" content=\"\u0426\u0435\u043d\u0430\" \/>\n\t<meta name=\"twitter:data1\" content=\"202,40&euro; +KM\" \/>\n\t<meta name=\"twitter:label2\" content=\"\u0414\u043e\u0441\u0442\u0443\u043f\u043d\u043e\u0441\u0442\u044c\" \/>\n\t<meta name=\"twitter:data2\" content=\"\u0412 \u043d\u0430\u043b\u0438\u0447\u0438\u0438\" \/>\n<script type=\"application\/ld+json\" class=\"yoast-schema-graph\">{\"@context\":\"https:\/\/schema.org\",\"@graph\":[{\"@type\":\"WebPage\",\"@id\":\"https:\/\/sakt.ee\/\u043c\u0430\u0433\u0430\u0437\u0438\u043d\/releed\/programmeeritavad-kontrollreleed\/easy-box-e4-uc1-stardipakett-easy-e4-uc-12rc1-kaabel-easysoft-7-12-24dc-24ac-8-sisendit-4-releevaljundit\/\",\"url\":\"https:\/\/sakt.ee\/\u043c\u0430\u0433\u0430\u0437\u0438\u043d\/releed\/programmeeritavad-kontrollreleed\/easy-box-e4-uc1-stardipakett-easy-e4-uc-12rc1-kaabel-easysoft-7-12-24dc-24ac-8-sisendit-4-releevaljundit\/\",\"name\":\"EASY-BOX-E4-UC1 \u043f\u0440\u043e\u0433\u0440\u0430\u043c\u043c\u0438\u0440\u0443\u0435\u043c\u044b\u0439 \u0440\u0435\u043b\u0435\u0439\u043d\u044b\u0439 \u0441\u0442\u0430\u0440\u0442\u043e\u0432\u044b\u0439 \u043a\u043e\u043c\u043f\u043b\u0435\u043a\u0442 \u0443\u043f\u0440\u0430\u0432\u043b\u0435\u043d\u0438\u044f (EASY-E4-UC-12RC1 + \u043a\u0430\u0431\u0435\u043b\u044c + easySoft 7), 12\/24DC, 24AC, 8 \u0432\u0445\u043e\u0434\u043e\u0432, 4 \u0440\u0435\u043b\u0435\u0439\u043d\u044b\u0445 \u0432\u044b\u0445\u043e\u0434\u0430. - Sakala T\u00f6\u00f6stusautomaatika O\u00dc\",\"isPartOf\":{\"@id\":\"https:\/\/sakt.ee\/en\/#website\"},\"primaryImageOfPage\":{\"@id\":\"https:\/\/sakt.ee\/\u043c\u0430\u0433\u0430\u0437\u0438\u043d\/releed\/programmeeritavad-kontrollreleed\/easy-box-e4-uc1-stardipakett-easy-e4-uc-12rc1-kaabel-easysoft-7-12-24dc-24ac-8-sisendit-4-releevaljundit\/#primaryimage\"},\"image\":{\"@id\":\"https:\/\/sakt.ee\/\u043c\u0430\u0433\u0430\u0437\u0438\u043d\/releed\/programmeeritavad-kontrollreleed\/easy-box-e4-uc1-stardipakett-easy-e4-uc-12rc1-kaabel-easysoft-7-12-24dc-24ac-8-sisendit-4-releevaljundit\/#primaryimage\"},\"thumbnailUrl\":\"https:\/\/sakt.ee\/wp-content\/uploads\/2025\/05\/4050.jpg\",\"datePublished\":\"2025-05-17T02:52:29+00:00\",\"dateModified\":\"2025-11-14T06:47:04+00:00\",\"breadcrumb\":{\"@id\":\"https:\/\/sakt.ee\/\u043c\u0430\u0433\u0430\u0437\u0438\u043d\/releed\/programmeeritavad-kontrollreleed\/easy-box-e4-uc1-stardipakett-easy-e4-uc-12rc1-kaabel-easysoft-7-12-24dc-24ac-8-sisendit-4-releevaljundit\/#breadcrumb\"},\"inLanguage\":\"ru-RU\",\"potentialAction\":[{\"@type\":\"ReadAction\",\"target\":[\"https:\/\/sakt.ee\/\u043c\u0430\u0433\u0430\u0437\u0438\u043d\/releed\/programmeeritavad-kontrollreleed\/easy-box-e4-uc1-stardipakett-easy-e4-uc-12rc1-kaabel-easysoft-7-12-24dc-24ac-8-sisendit-4-releevaljundit\/\"]}]},{\"@type\":\"ImageObject\",\"inLanguage\":\"ru-RU\",\"@id\":\"https:\/\/sakt.ee\/\u043c\u0430\u0433\u0430\u0437\u0438\u043d\/releed\/programmeeritavad-kontrollreleed\/easy-box-e4-uc1-stardipakett-easy-e4-uc-12rc1-kaabel-easysoft-7-12-24dc-24ac-8-sisendit-4-releevaljundit\/#primaryimage\",\"url\":\"https:\/\/sakt.ee\/wp-content\/uploads\/2025\/05\/4050.jpg\",\"contentUrl\":\"https:\/\/sakt.ee\/wp-content\/uploads\/2025\/05\/4050.jpg\",\"width\":580,\"height\":326},{\"@type\":\"BreadcrumbList\",\"@id\":\"https:\/\/sakt.ee\/\u043c\u0430\u0433\u0430\u0437\u0438\u043d\/releed\/programmeeritavad-kontrollreleed\/easy-box-e4-uc1-stardipakett-easy-e4-uc-12rc1-kaabel-easysoft-7-12-24dc-24ac-8-sisendit-4-releevaljundit\/#breadcrumb\",\"itemListElement\":[{\"@type\":\"ListItem\",\"position\":1,\"name\":\"Home\",\"item\":\"https:\/\/sakt.ee\/\"},{\"@type\":\"ListItem\",\"position\":2,\"name\":\"\u041c\u0430\u0433\u0430\u0437\u0438\u043d\",\"item\":\"https:\/\/sakt.ee\/ru\/\u043c\u0430\u0433\u0430\u0437\u0438\u043d\/\"},{\"@type\":\"ListItem\",\"position\":3,\"name\":\"EASY-BOX-E4-UC1 \u043f\u0440\u043e\u0433\u0440\u0430\u043c\u043c\u0438\u0440\u0443\u0435\u043c\u044b\u0439 \u0440\u0435\u043b\u0435\u0439\u043d\u044b\u0439 \u0441\u0442\u0430\u0440\u0442\u043e\u0432\u044b\u0439 \u043a\u043e\u043c\u043f\u043b\u0435\u043a\u0442 \u0443\u043f\u0440\u0430\u0432\u043b\u0435\u043d\u0438\u044f (EASY-E4-UC-12RC1 + \u043a\u0430\u0431\u0435\u043b\u044c + easySoft 7), 12\/24DC, 24AC, 8 \u0432\u0445\u043e\u0434\u043e\u0432, 4 \u0440\u0435\u043b\u0435\u0439\u043d\u044b\u0445 \u0432\u044b\u0445\u043e\u0434\u0430.\"}]},{\"@type\":\"WebSite\",\"@id\":\"https:\/\/sakt.ee\/en\/#website\",\"url\":\"https:\/\/sakt.ee\/en\/\",\"name\":\"Sakala T\u00f6\u00f6stusautomaatika O\u00dc\",\"description\":\"T\u00f6\u00f6stusautomaatika e-pood\",\"publisher\":{\"@id\":\"https:\/\/sakt.ee\/en\/#organization\"},\"potentialAction\":[{\"@type\":\"SearchAction\",\"target\":{\"@type\":\"EntryPoint\",\"urlTemplate\":\"https:\/\/sakt.ee\/en\/?s={search_term_string}\"},\"query-input\":{\"@type\":\"PropertyValueSpecification\",\"valueRequired\":true,\"valueName\":\"search_term_string\"}}],\"inLanguage\":\"ru-RU\"},{\"@type\":\"Organization\",\"@id\":\"https:\/\/sakt.ee\/en\/#organization\",\"name\":\"Sakala T\u00f6\u00f6stusautomaatika O\u00dc\",\"url\":\"https:\/\/sakt.ee\/en\/\",\"logo\":{\"@type\":\"ImageObject\",\"inLanguage\":\"ru-RU\",\"@id\":\"https:\/\/sakt.ee\/en\/#\/schema\/logo\/image\/\",\"url\":\"https:\/\/sakt.ee\/wp-content\/uploads\/2025\/05\/Sakala-Toostusautomaatika-favicon.png\",\"contentUrl\":\"https:\/\/sakt.ee\/wp-content\/uploads\/2025\/05\/Sakala-Toostusautomaatika-favicon.png\",\"width\":500,\"height\":500,\"caption\":\"Sakala T\u00f6\u00f6stusautomaatika O\u00dc\"},\"image\":{\"@id\":\"https:\/\/sakt.ee\/en\/#\/schema\/logo\/image\/\"}}]}<\/script>\n<meta property=\"product:price:amount\" content=\"202.40\" \/>\n<meta property=\"product:price:currency\" content=\"EUR\" \/>\n<meta property=\"og:availability\" content=\"instock\" \/>\n<meta property=\"product:availability\" content=\"instock\" \/>\n<meta property=\"product:retailer_item_id\" content=\"197227\" \/>\n<meta property=\"product:condition\" content=\"new\" \/>\n<!-- \/ Yoast SEO Premium plugin. -->","yoast_head_json":{"title":"EASY-BOX-E4-UC1 \u043f\u0440\u043e\u0433\u0440\u0430\u043c\u043c\u0438\u0440\u0443\u0435\u043c\u044b\u0439 \u0440\u0435\u043b\u0435\u0439\u043d\u044b\u0439 \u0441\u0442\u0430\u0440\u0442\u043e\u0432\u044b\u0439 \u043a\u043e\u043c\u043f\u043b\u0435\u043a\u0442 \u0443\u043f\u0440\u0430\u0432\u043b\u0435\u043d\u0438\u044f (EASY-E4-UC-12RC1 + \u043a\u0430\u0431\u0435\u043b\u044c + easySoft 7), 12\/24DC, 24AC, 8 \u0432\u0445\u043e\u0434\u043e\u0432, 4 \u0440\u0435\u043b\u0435\u0439\u043d\u044b\u0445 \u0432\u044b\u0445\u043e\u0434\u0430. - Sakala T\u00f6\u00f6stusautomaatika O\u00dc","robots":{"index":"index","follow":"follow","max-snippet":"max-snippet:-1","max-image-preview":"max-image-preview:large","max-video-preview":"max-video-preview:-1"},"canonical":"https:\/\/sakt.ee\/\u043c\u0430\u0433\u0430\u0437\u0438\u043d\/releed\/programmeeritavad-kontrollreleed\/easy-box-e4-uc1-stardipakett-easy-e4-uc-12rc1-kaabel-easysoft-7-12-24dc-24ac-8-sisendit-4-releevaljundit\/","og_locale":"ru_RU","og_type":"article","og_title":"EASY-BOX-E4-UC1 \u043f\u0440\u043e\u0433\u0440\u0430\u043c\u043c\u0438\u0440\u0443\u0435\u043c\u044b\u0439 \u0440\u0435\u043b\u0435\u0439\u043d\u044b\u0439 \u0441\u0442\u0430\u0440\u0442\u043e\u0432\u044b\u0439 \u043a\u043e\u043c\u043f\u043b\u0435\u043a\u0442 \u0443\u043f\u0440\u0430\u0432\u043b\u0435\u043d\u0438\u044f (EASY-E4-UC-12RC1 + \u043a\u0430\u0431\u0435\u043b\u044c + easySoft 7), 12\/24DC, 24AC, 8 \u0432\u0445\u043e\u0434\u043e\u0432, 4 \u0440\u0435\u043b\u0435\u0439\u043d\u044b\u0445 \u0432\u044b\u0445\u043e\u0434\u0430.","og_url":"https:\/\/sakt.ee\/\u043c\u0430\u0433\u0430\u0437\u0438\u043d\/releed\/programmeeritavad-kontrollreleed\/easy-box-e4-uc1-stardipakett-easy-e4-uc-12rc1-kaabel-easysoft-7-12-24dc-24ac-8-sisendit-4-releevaljundit\/","og_site_name":"Sakala T\u00f6\u00f6stusautomaatika O\u00dc","article_modified_time":"2025-11-14T06:47:04+00:00","og_image":[{"width":580,"height":326,"url":"https:\/\/sakt.ee\/wp-content\/uploads\/2025\/05\/4050.jpg","type":"image\/jpeg"}],"twitter_card":"summary_large_image","twitter_misc":{"\u0426\u0435\u043d\u0430":"202,40&euro; +KM","\u0414\u043e\u0441\u0442\u0443\u043f\u043d\u043e\u0441\u0442\u044c":"\u0412 \u043d\u0430\u043b\u0438\u0447\u0438\u0438"},"schema":{"@context":"https:\/\/schema.org","@graph":[{"@type":"WebPage","@id":"https:\/\/sakt.ee\/\u043c\u0430\u0433\u0430\u0437\u0438\u043d\/releed\/programmeeritavad-kontrollreleed\/easy-box-e4-uc1-stardipakett-easy-e4-uc-12rc1-kaabel-easysoft-7-12-24dc-24ac-8-sisendit-4-releevaljundit\/","url":"https:\/\/sakt.ee\/\u043c\u0430\u0433\u0430\u0437\u0438\u043d\/releed\/programmeeritavad-kontrollreleed\/easy-box-e4-uc1-stardipakett-easy-e4-uc-12rc1-kaabel-easysoft-7-12-24dc-24ac-8-sisendit-4-releevaljundit\/","name":"EASY-BOX-E4-UC1 \u043f\u0440\u043e\u0433\u0440\u0430\u043c\u043c\u0438\u0440\u0443\u0435\u043c\u044b\u0439 \u0440\u0435\u043b\u0435\u0439\u043d\u044b\u0439 \u0441\u0442\u0430\u0440\u0442\u043e\u0432\u044b\u0439 \u043a\u043e\u043c\u043f\u043b\u0435\u043a\u0442 \u0443\u043f\u0440\u0430\u0432\u043b\u0435\u043d\u0438\u044f (EASY-E4-UC-12RC1 + \u043a\u0430\u0431\u0435\u043b\u044c + easySoft 7), 12\/24DC, 24AC, 8 \u0432\u0445\u043e\u0434\u043e\u0432, 4 \u0440\u0435\u043b\u0435\u0439\u043d\u044b\u0445 \u0432\u044b\u0445\u043e\u0434\u0430. - Sakala T\u00f6\u00f6stusautomaatika O\u00dc","isPartOf":{"@id":"https:\/\/sakt.ee\/en\/#website"},"primaryImageOfPage":{"@id":"https:\/\/sakt.ee\/\u043c\u0430\u0433\u0430\u0437\u0438\u043d\/releed\/programmeeritavad-kontrollreleed\/easy-box-e4-uc1-stardipakett-easy-e4-uc-12rc1-kaabel-easysoft-7-12-24dc-24ac-8-sisendit-4-releevaljundit\/#primaryimage"},"image":{"@id":"https:\/\/sakt.ee\/\u043c\u0430\u0433\u0430\u0437\u0438\u043d\/releed\/programmeeritavad-kontrollreleed\/easy-box-e4-uc1-stardipakett-easy-e4-uc-12rc1-kaabel-easysoft-7-12-24dc-24ac-8-sisendit-4-releevaljundit\/#primaryimage"},"thumbnailUrl":"https:\/\/sakt.ee\/wp-content\/uploads\/2025\/05\/4050.jpg","datePublished":"2025-05-17T02:52:29+00:00","dateModified":"2025-11-14T06:47:04+00:00","breadcrumb":{"@id":"https:\/\/sakt.ee\/\u043c\u0430\u0433\u0430\u0437\u0438\u043d\/releed\/programmeeritavad-kontrollreleed\/easy-box-e4-uc1-stardipakett-easy-e4-uc-12rc1-kaabel-easysoft-7-12-24dc-24ac-8-sisendit-4-releevaljundit\/#breadcrumb"},"inLanguage":"ru-RU","potentialAction":[{"@type":"ReadAction","target":["https:\/\/sakt.ee\/\u043c\u0430\u0433\u0430\u0437\u0438\u043d\/releed\/programmeeritavad-kontrollreleed\/easy-box-e4-uc1-stardipakett-easy-e4-uc-12rc1-kaabel-easysoft-7-12-24dc-24ac-8-sisendit-4-releevaljundit\/"]}]},{"@type":"ImageObject","inLanguage":"ru-RU","@id":"https:\/\/sakt.ee\/\u043c\u0430\u0433\u0430\u0437\u0438\u043d\/releed\/programmeeritavad-kontrollreleed\/easy-box-e4-uc1-stardipakett-easy-e4-uc-12rc1-kaabel-easysoft-7-12-24dc-24ac-8-sisendit-4-releevaljundit\/#primaryimage","url":"https:\/\/sakt.ee\/wp-content\/uploads\/2025\/05\/4050.jpg","contentUrl":"https:\/\/sakt.ee\/wp-content\/uploads\/2025\/05\/4050.jpg","width":580,"height":326},{"@type":"BreadcrumbList","@id":"https:\/\/sakt.ee\/\u043c\u0430\u0433\u0430\u0437\u0438\u043d\/releed\/programmeeritavad-kontrollreleed\/easy-box-e4-uc1-stardipakett-easy-e4-uc-12rc1-kaabel-easysoft-7-12-24dc-24ac-8-sisendit-4-releevaljundit\/#breadcrumb","itemListElement":[{"@type":"ListItem","position":1,"name":"Home","item":"https:\/\/sakt.ee\/"},{"@type":"ListItem","position":2,"name":"\u041c\u0430\u0433\u0430\u0437\u0438\u043d","item":"https:\/\/sakt.ee\/ru\/\u043c\u0430\u0433\u0430\u0437\u0438\u043d\/"},{"@type":"ListItem","position":3,"name":"EASY-BOX-E4-UC1 \u043f\u0440\u043e\u0433\u0440\u0430\u043c\u043c\u0438\u0440\u0443\u0435\u043c\u044b\u0439 \u0440\u0435\u043b\u0435\u0439\u043d\u044b\u0439 \u0441\u0442\u0430\u0440\u0442\u043e\u0432\u044b\u0439 \u043a\u043e\u043c\u043f\u043b\u0435\u043a\u0442 \u0443\u043f\u0440\u0430\u0432\u043b\u0435\u043d\u0438\u044f (EASY-E4-UC-12RC1 + \u043a\u0430\u0431\u0435\u043b\u044c + easySoft 7), 12\/24DC, 24AC, 8 \u0432\u0445\u043e\u0434\u043e\u0432, 4 \u0440\u0435\u043b\u0435\u0439\u043d\u044b\u0445 \u0432\u044b\u0445\u043e\u0434\u0430."}]},{"@type":"WebSite","@id":"https:\/\/sakt.ee\/en\/#website","url":"https:\/\/sakt.ee\/en\/","name":"Sakala T\u00f6\u00f6stusautomaatika O\u00dc","description":"T\u00f6\u00f6stusautomaatika e-pood","publisher":{"@id":"https:\/\/sakt.ee\/en\/#organization"},"potentialAction":[{"@type":"SearchAction","target":{"@type":"EntryPoint","urlTemplate":"https:\/\/sakt.ee\/en\/?s={search_term_string}"},"query-input":{"@type":"PropertyValueSpecification","valueRequired":true,"valueName":"search_term_string"}}],"inLanguage":"ru-RU"},{"@type":"Organization","@id":"https:\/\/sakt.ee\/en\/#organization","name":"Sakala T\u00f6\u00f6stusautomaatika O\u00dc","url":"https:\/\/sakt.ee\/en\/","logo":{"@type":"ImageObject","inLanguage":"ru-RU","@id":"https:\/\/sakt.ee\/en\/#\/schema\/logo\/image\/","url":"https:\/\/sakt.ee\/wp-content\/uploads\/2025\/05\/Sakala-Toostusautomaatika-favicon.png","contentUrl":"https:\/\/sakt.ee\/wp-content\/uploads\/2025\/05\/Sakala-Toostusautomaatika-favicon.png","width":500,"height":500,"caption":"Sakala T\u00f6\u00f6stusautomaatika O\u00dc"},"image":{"@id":"https:\/\/sakt.ee\/en\/#\/schema\/logo\/image\/"}}]},"product_price_amount":"202.40","product_price_currency":"EUR","og_availability":"instock","product_availability":"instock","product_retailer_item_id":"197227","product_condition":"new"},"_links":{"self":[{"href":"https:\/\/sakt.ee\/ru\/wp-json\/wp\/v2\/product\/42979","targetHints":{"allow":["GET"]}}],"collection":[{"href":"https:\/\/sakt.ee\/ru\/wp-json\/wp\/v2\/product"}],"about":[{"href":"https:\/\/sakt.ee\/ru\/wp-json\/wp\/v2\/types\/product"}],"version-history":[{"count":0,"href":"https:\/\/sakt.ee\/ru\/wp-json\/wp\/v2\/product\/42979\/revisions"}],"wp:featuredmedia":[{"embeddable":true,"href":"https:\/\/sakt.ee\/ru\/wp-json\/wp\/v2\/media\/29194"}],"wp:attachment":[{"href":"https:\/\/sakt.ee\/ru\/wp-json\/wp\/v2\/media?parent=42979"}],"wp:term":[{"taxonomy":"product_brand","embeddable":true,"href":"https:\/\/sakt.ee\/ru\/wp-json\/wp\/v2\/product_brand?post=42979"},{"taxonomy":"product_cat","embeddable":true,"href":"https:\/\/sakt.ee\/ru\/wp-json\/wp\/v2\/product_cat?post=42979"},{"taxonomy":"product_tag","embeddable":true,"href":"https:\/\/sakt.ee\/ru\/wp-json\/wp\/v2\/product_tag?post=42979"},{"taxonomy":"manufacturers","embeddable":true,"href":"https:\/\/sakt.ee\/ru\/wp-json\/wp\/v2\/manufacturers?post=42979"}],"curies":[{"name":"wp","href":"https:\/\/api.w.org\/{rel}","templated":true}]}}