{"id":42920,"date":"2025-05-17T06:02:05","date_gmt":"2025-05-17T03:02:05","guid":{"rendered":"https:\/\/sakt.ee\/product\/fg-60dd1d0a-%d0%bf%d1%80%d0%b5%d0%b4%d0%be%d1%85%d1%80%d0%b0%d0%bd%d0%b8%d1%82%d0%b5%d0%bb%d1%8c%d0%bd%d1%8b%d0%b9-%d0%b2%d1%8b%d0%ba%d0%bb%d1%8e%d1%87%d0%b0%d1%82%d0%b5%d0%bb%d1%8c-2nc-%d0%bf%d0"},"modified":"2025-11-04T12:13:48","modified_gmt":"2025-11-04T09:13:48","slug":"fg-60dd1d0a-%d0%bf%d1%80%d0%b5%d0%b4%d0%be%d1%85%d1%80%d0%b0%d0%bd%d0%b8%d1%82%d0%b5%d0%bb%d1%8c%d0%bd%d1%8b%d0%b9-%d0%b2%d1%8b%d0%ba%d0%bb%d1%8e%d1%87%d0%b0%d1%82%d0%b5%d0%bb%d1%8c-2nc-%d0%bf%d0%bb","status":"publish","type":"product","link":"https:\/\/sakt.ee\/ru\/\u043c\u0430\u0433\u0430\u0437\u0438\u043d\/%d0%bf%d1%80%d0%b8%d0%b1%d0%be%d1%80%d1%8b-%d0%b1%d0%b5%d0%b7%d0%be%d0%bf%d0%b0%d1%81%d0%bd%d0%be%d1%81%d1%82%d0%b8\/%d0%b1%d0%b5%d0%b7%d0%be%d0%bf%d0%b0%d1%81%d0%bd%d0%be%d1%81%d1%82%d0%b8-%d0%b8-%d1%82%d1%80%d0%be%d1%81%d0%be%d0%b2%d1%8b%d0%b5-%d0%bf%d0%b5%d1%80%d0%b5%d0%ba%d0%bb%d1%8e%d1%87%d0%b0%d1%82%d0%b5\/%d0%bf%d0%b5%d1%80%d0%b5%d0%ba%d0%bb%d1%8e%d1%87%d0%b0%d1%82%d0%b5%d0%bb%d0%b8-%d0%b1%d0%b5%d0%b7%d0%be%d0%bf%d0%b0%d1%81%d0%bd%d0%be%d1%81%d1%82%d0%b8\/fg-60dd1d0a-%d0%bf%d1%80%d0%b5%d0%b4%d0%be%d1%85%d1%80%d0%b0%d0%bd%d0%b8%d1%82%d0%b5%d0%bb%d1%8c%d0%bd%d1%8b%d0%b9-%d0%b2%d1%8b%d0%ba%d0%bb%d1%8e%d1%87%d0%b0%d1%82%d0%b5%d0%bb%d1%8c-2nc-%d0%bf%d0%bb\/","title":{"rendered":"FG 60DD1D0A \u043f\u0440\u0435\u0434\u043e\u0445\u0440\u0430\u043d\u0438\u0442\u0435\u043b\u044c\u043d\u044b\u0439 \u0432\u044b\u043a\u043b\u044e\u0447\u0430\u0442\u0435\u043b\u044c, 2NC (\u043f\u043b\u044e\u0441 \u0441\u043e\u043b\u0435\u043d\u043e\u0438\u0434 1NO+1NC), \u043c\u0435\u0442\u0430\u043b\u043b\u0438\u0447\u0435\u0441\u043a\u0438\u0439 \u043a\u043e\u0440\u043f\u0443\u0441"},"content":{"rendered":"","protected":false},"excerpt":{"rendered":"<p>\u041a\u043b\u044e\u0447 \u0434\u043b\u044f \u043f\u0440\u0435\u0434\u043e\u0445\u0440\u0430\u043d\u0438\u0442\u0435\u043b\u044c\u043d\u043e\u0433\u043e \u0432\u044b\u043a\u043b\u044e\u0447\u0430\u0442\u0435\u043b\u044f \u0432 \u043a\u043e\u043c\u043f\u043b\u0435\u043a\u0442 \u043d\u0435 \u0432\u0445\u043e\u0434\u0438\u0442.<br \/>\n\u0421\u043c. \u0432\u044b\u0431\u043e\u0440 \u0432 \u043a\u0430\u0442\u0430\u043b\u043e\u0433\u0435 \u0410\u041a\u0421\u0415\u0421\u0421\u0423\u0410\u0420\u042b \u0414\u041b\u042f \u0411\u0415\u0417\u041e\u041f\u0410\u0421\u041d\u042b\u0425 \u0412\u042b\u041a\u041b\u042e\u0427\u0410\u0422\u0415\u041b\u0415\u0419.<\/p>\n","protected":false},"featured_media":29320,"template":"","meta":{"_acf_changed":false},"product_brand":[],"product_cat":[3174],"product_tag":[],"manufacturers":[7789],"class_list":{"0":"post-42920","1":"product","2":"type-product","3":"status-publish","4":"has-post-thumbnail","6":"product_cat-3174","7":"pa_funktsioon-3160","8":"pa_kaitseklass-ip67-ru","9":"pa_keere-labiviik-3-x-m20-ru","10":"pa_kontakt-2-nc-ru","11":"pa_korpus-3167","12":"pa_mehhanism-3168","13":"pa_nimivool-2a-ru","14":"pa_seeria-fg-ru","15":"pa_toide-24----","16":"pa_tootemperatuur-25-70c-ru","17":"pa_tootja-pizzato","18":"manufacturers-pizzato-ru","20":"first","21":"onbackorder","22":"taxable","23":"shipping-taxable","24":"purchasable","25":"product-type-simple"},"acf":[],"yoast_head":"<!-- This site is optimized with the Yoast SEO Premium plugin v25.4 (Yoast SEO v25.4) - https:\/\/yoast.com\/wordpress\/plugins\/seo\/ -->\n<title>FG 60DD1D0A \u043f\u0440\u0435\u0434\u043e\u0445\u0440\u0430\u043d\u0438\u0442\u0435\u043b\u044c\u043d\u044b\u0439 \u0432\u044b\u043a\u043b\u044e\u0447\u0430\u0442\u0435\u043b\u044c, 2NC (\u043f\u043b\u044e\u0441 \u0441\u043e\u043b\u0435\u043d\u043e\u0438\u0434 1NO+1NC), \u043c\u0435\u0442\u0430\u043b\u043b\u0438\u0447\u0435\u0441\u043a\u0438\u0439 \u043a\u043e\u0440\u043f\u0443\u0441 - Sakala T\u00f6\u00f6stusautomaatika O\u00dc<\/title>\n<meta name=\"robots\" content=\"index, follow, max-snippet:-1, max-image-preview:large, max-video-preview:-1\" \/>\n<link rel=\"canonical\" href=\"https:\/\/sakt.ee\/\u043c\u0430\u0433\u0430\u0437\u0438\u043d\/turva-ja-ohutusseadmed\/turva-ja-trosslulitid\/turvalulitid\/fg-60dd1d0a-turvaluliti-24ac-dc-2nc-lisaks-1no1nc-solenoid-metallkorpus\/\" \/>\n<meta property=\"og:locale\" content=\"ru_RU\" \/>\n<meta property=\"og:type\" content=\"article\" \/>\n<meta property=\"og:title\" content=\"FG 60DD1D0A \u043f\u0440\u0435\u0434\u043e\u0445\u0440\u0430\u043d\u0438\u0442\u0435\u043b\u044c\u043d\u044b\u0439 \u0432\u044b\u043a\u043b\u044e\u0447\u0430\u0442\u0435\u043b\u044c, 2NC (\u043f\u043b\u044e\u0441 \u0441\u043e\u043b\u0435\u043d\u043e\u0438\u0434 1NO+1NC), \u043c\u0435\u0442\u0430\u043b\u043b\u0438\u0447\u0435\u0441\u043a\u0438\u0439 \u043a\u043e\u0440\u043f\u0443\u0441\" \/>\n<meta property=\"og:description\" content=\"\u041a\u043b\u044e\u0447 \u0434\u043b\u044f \u043f\u0440\u0435\u0434\u043e\u0445\u0440\u0430\u043d\u0438\u0442\u0435\u043b\u044c\u043d\u043e\u0433\u043e \u0432\u044b\u043a\u043b\u044e\u0447\u0430\u0442\u0435\u043b\u044f \u0432 \u043a\u043e\u043c\u043f\u043b\u0435\u043a\u0442 \u043d\u0435 \u0432\u0445\u043e\u0434\u0438\u0442. \u0421\u043c. \u0432\u044b\u0431\u043e\u0440 \u0432 \u043a\u0430\u0442\u0430\u043b\u043e\u0433\u0435 \u0410\u041a\u0421\u0415\u0421\u0421\u0423\u0410\u0420\u042b \u0414\u041b\u042f \u0411\u0415\u0417\u041e\u041f\u0410\u0421\u041d\u042b\u0425 \u0412\u042b\u041a\u041b\u042e\u0427\u0410\u0422\u0415\u041b\u0415\u0419.\" \/>\n<meta property=\"og:url\" content=\"https:\/\/sakt.ee\/\u043c\u0430\u0433\u0430\u0437\u0438\u043d\/turva-ja-ohutusseadmed\/turva-ja-trosslulitid\/turvalulitid\/fg-60dd1d0a-turvaluliti-24ac-dc-2nc-lisaks-1no1nc-solenoid-metallkorpus\/\" \/>\n<meta property=\"og:site_name\" content=\"Sakala T\u00f6\u00f6stusautomaatika O\u00dc\" \/>\n<meta property=\"article:modified_time\" content=\"2025-11-04T09:13:48+00:00\" \/>\n<meta property=\"og:image\" content=\"https:\/\/sakt.ee\/wp-content\/uploads\/2025\/05\/4105.jpg\" \/>\n\t<meta property=\"og:image:width\" content=\"1500\" \/>\n\t<meta property=\"og:image:height\" content=\"1500\" \/>\n\t<meta property=\"og:image:type\" content=\"image\/jpeg\" \/>\n<meta name=\"twitter:card\" content=\"summary_large_image\" \/>\n<meta name=\"twitter:label1\" content=\"\u0426\u0435\u043d\u0430\" \/>\n\t<meta name=\"twitter:data1\" content=\"155,00&euro; +KM\" \/>\n\t<meta name=\"twitter:label2\" content=\"\u0414\u043e\u0441\u0442\u0443\u043f\u043d\u043e\u0441\u0442\u044c\" \/>\n\t<meta name=\"twitter:data2\" content=\"\u041d\u0430 \u0437\u0430\u043a\u0430\u0437\" \/>\n<script type=\"application\/ld+json\" class=\"yoast-schema-graph\">{\"@context\":\"https:\/\/schema.org\",\"@graph\":[{\"@type\":\"WebPage\",\"@id\":\"https:\/\/sakt.ee\/\u043c\u0430\u0433\u0430\u0437\u0438\u043d\/turva-ja-ohutusseadmed\/turva-ja-trosslulitid\/turvalulitid\/fg-60dd1d0a-turvaluliti-24ac-dc-2nc-lisaks-1no1nc-solenoid-metallkorpus\/\",\"url\":\"https:\/\/sakt.ee\/\u043c\u0430\u0433\u0430\u0437\u0438\u043d\/turva-ja-ohutusseadmed\/turva-ja-trosslulitid\/turvalulitid\/fg-60dd1d0a-turvaluliti-24ac-dc-2nc-lisaks-1no1nc-solenoid-metallkorpus\/\",\"name\":\"FG 60DD1D0A \u043f\u0440\u0435\u0434\u043e\u0445\u0440\u0430\u043d\u0438\u0442\u0435\u043b\u044c\u043d\u044b\u0439 \u0432\u044b\u043a\u043b\u044e\u0447\u0430\u0442\u0435\u043b\u044c, 2NC (\u043f\u043b\u044e\u0441 \u0441\u043e\u043b\u0435\u043d\u043e\u0438\u0434 1NO+1NC), \u043c\u0435\u0442\u0430\u043b\u043b\u0438\u0447\u0435\u0441\u043a\u0438\u0439 \u043a\u043e\u0440\u043f\u0443\u0441 - Sakala T\u00f6\u00f6stusautomaatika O\u00dc\",\"isPartOf\":{\"@id\":\"https:\/\/sakt.ee\/en\/#website\"},\"primaryImageOfPage\":{\"@id\":\"https:\/\/sakt.ee\/\u043c\u0430\u0433\u0430\u0437\u0438\u043d\/turva-ja-ohutusseadmed\/turva-ja-trosslulitid\/turvalulitid\/fg-60dd1d0a-turvaluliti-24ac-dc-2nc-lisaks-1no1nc-solenoid-metallkorpus\/#primaryimage\"},\"image\":{\"@id\":\"https:\/\/sakt.ee\/\u043c\u0430\u0433\u0430\u0437\u0438\u043d\/turva-ja-ohutusseadmed\/turva-ja-trosslulitid\/turvalulitid\/fg-60dd1d0a-turvaluliti-24ac-dc-2nc-lisaks-1no1nc-solenoid-metallkorpus\/#primaryimage\"},\"thumbnailUrl\":\"https:\/\/sakt.ee\/wp-content\/uploads\/2025\/05\/4105.jpg\",\"datePublished\":\"2025-05-17T03:02:05+00:00\",\"dateModified\":\"2025-11-04T09:13:48+00:00\",\"breadcrumb\":{\"@id\":\"https:\/\/sakt.ee\/\u043c\u0430\u0433\u0430\u0437\u0438\u043d\/turva-ja-ohutusseadmed\/turva-ja-trosslulitid\/turvalulitid\/fg-60dd1d0a-turvaluliti-24ac-dc-2nc-lisaks-1no1nc-solenoid-metallkorpus\/#breadcrumb\"},\"inLanguage\":\"ru-RU\",\"potentialAction\":[{\"@type\":\"ReadAction\",\"target\":[\"https:\/\/sakt.ee\/\u043c\u0430\u0433\u0430\u0437\u0438\u043d\/turva-ja-ohutusseadmed\/turva-ja-trosslulitid\/turvalulitid\/fg-60dd1d0a-turvaluliti-24ac-dc-2nc-lisaks-1no1nc-solenoid-metallkorpus\/\"]}]},{\"@type\":\"ImageObject\",\"inLanguage\":\"ru-RU\",\"@id\":\"https:\/\/sakt.ee\/\u043c\u0430\u0433\u0430\u0437\u0438\u043d\/turva-ja-ohutusseadmed\/turva-ja-trosslulitid\/turvalulitid\/fg-60dd1d0a-turvaluliti-24ac-dc-2nc-lisaks-1no1nc-solenoid-metallkorpus\/#primaryimage\",\"url\":\"https:\/\/sakt.ee\/wp-content\/uploads\/2025\/05\/4105.jpg\",\"contentUrl\":\"https:\/\/sakt.ee\/wp-content\/uploads\/2025\/05\/4105.jpg\",\"width\":1500,\"height\":1500},{\"@type\":\"BreadcrumbList\",\"@id\":\"https:\/\/sakt.ee\/\u043c\u0430\u0433\u0430\u0437\u0438\u043d\/turva-ja-ohutusseadmed\/turva-ja-trosslulitid\/turvalulitid\/fg-60dd1d0a-turvaluliti-24ac-dc-2nc-lisaks-1no1nc-solenoid-metallkorpus\/#breadcrumb\",\"itemListElement\":[{\"@type\":\"ListItem\",\"position\":1,\"name\":\"Home\",\"item\":\"https:\/\/sakt.ee\/\"},{\"@type\":\"ListItem\",\"position\":2,\"name\":\"\u041c\u0430\u0433\u0430\u0437\u0438\u043d\",\"item\":\"https:\/\/sakt.ee\/ru\/\u043c\u0430\u0433\u0430\u0437\u0438\u043d\/\"},{\"@type\":\"ListItem\",\"position\":3,\"name\":\"FG 60DD1D0A \u043f\u0440\u0435\u0434\u043e\u0445\u0440\u0430\u043d\u0438\u0442\u0435\u043b\u044c\u043d\u044b\u0439 \u0432\u044b\u043a\u043b\u044e\u0447\u0430\u0442\u0435\u043b\u044c, 2NC (\u043f\u043b\u044e\u0441 \u0441\u043e\u043b\u0435\u043d\u043e\u0438\u0434 1NO+1NC), \u043c\u0435\u0442\u0430\u043b\u043b\u0438\u0447\u0435\u0441\u043a\u0438\u0439 \u043a\u043e\u0440\u043f\u0443\u0441\"}]},{\"@type\":\"WebSite\",\"@id\":\"https:\/\/sakt.ee\/en\/#website\",\"url\":\"https:\/\/sakt.ee\/en\/\",\"name\":\"Sakala T\u00f6\u00f6stusautomaatika O\u00dc\",\"description\":\"T\u00f6\u00f6stusautomaatika e-pood\",\"publisher\":{\"@id\":\"https:\/\/sakt.ee\/en\/#organization\"},\"potentialAction\":[{\"@type\":\"SearchAction\",\"target\":{\"@type\":\"EntryPoint\",\"urlTemplate\":\"https:\/\/sakt.ee\/en\/?s={search_term_string}\"},\"query-input\":{\"@type\":\"PropertyValueSpecification\",\"valueRequired\":true,\"valueName\":\"search_term_string\"}}],\"inLanguage\":\"ru-RU\"},{\"@type\":\"Organization\",\"@id\":\"https:\/\/sakt.ee\/en\/#organization\",\"name\":\"Sakala T\u00f6\u00f6stusautomaatika O\u00dc\",\"url\":\"https:\/\/sakt.ee\/en\/\",\"logo\":{\"@type\":\"ImageObject\",\"inLanguage\":\"ru-RU\",\"@id\":\"https:\/\/sakt.ee\/en\/#\/schema\/logo\/image\/\",\"url\":\"https:\/\/sakt.ee\/wp-content\/uploads\/2025\/05\/Sakala-Toostusautomaatika-favicon.png\",\"contentUrl\":\"https:\/\/sakt.ee\/wp-content\/uploads\/2025\/05\/Sakala-Toostusautomaatika-favicon.png\",\"width\":500,\"height\":500,\"caption\":\"Sakala T\u00f6\u00f6stusautomaatika O\u00dc\"},\"image\":{\"@id\":\"https:\/\/sakt.ee\/en\/#\/schema\/logo\/image\/\"}}]}<\/script>\n<meta property=\"product:price:amount\" content=\"155.00\" \/>\n<meta property=\"product:price:currency\" content=\"EUR\" \/>\n<meta property=\"og:availability\" content=\"backorder\" \/>\n<meta property=\"product:availability\" content=\"available for order\" \/>\n<meta property=\"product:retailer_item_id\" content=\"FG 60DD1D0A\" \/>\n<meta property=\"product:condition\" content=\"new\" \/>\n<!-- \/ Yoast SEO Premium plugin. -->","yoast_head_json":{"title":"FG 60DD1D0A \u043f\u0440\u0435\u0434\u043e\u0445\u0440\u0430\u043d\u0438\u0442\u0435\u043b\u044c\u043d\u044b\u0439 \u0432\u044b\u043a\u043b\u044e\u0447\u0430\u0442\u0435\u043b\u044c, 2NC (\u043f\u043b\u044e\u0441 \u0441\u043e\u043b\u0435\u043d\u043e\u0438\u0434 1NO+1NC), \u043c\u0435\u0442\u0430\u043b\u043b\u0438\u0447\u0435\u0441\u043a\u0438\u0439 \u043a\u043e\u0440\u043f\u0443\u0441 - Sakala T\u00f6\u00f6stusautomaatika O\u00dc","robots":{"index":"index","follow":"follow","max-snippet":"max-snippet:-1","max-image-preview":"max-image-preview:large","max-video-preview":"max-video-preview:-1"},"canonical":"https:\/\/sakt.ee\/\u043c\u0430\u0433\u0430\u0437\u0438\u043d\/turva-ja-ohutusseadmed\/turva-ja-trosslulitid\/turvalulitid\/fg-60dd1d0a-turvaluliti-24ac-dc-2nc-lisaks-1no1nc-solenoid-metallkorpus\/","og_locale":"ru_RU","og_type":"article","og_title":"FG 60DD1D0A \u043f\u0440\u0435\u0434\u043e\u0445\u0440\u0430\u043d\u0438\u0442\u0435\u043b\u044c\u043d\u044b\u0439 \u0432\u044b\u043a\u043b\u044e\u0447\u0430\u0442\u0435\u043b\u044c, 2NC (\u043f\u043b\u044e\u0441 \u0441\u043e\u043b\u0435\u043d\u043e\u0438\u0434 1NO+1NC), \u043c\u0435\u0442\u0430\u043b\u043b\u0438\u0447\u0435\u0441\u043a\u0438\u0439 \u043a\u043e\u0440\u043f\u0443\u0441","og_description":"\u041a\u043b\u044e\u0447 \u0434\u043b\u044f \u043f\u0440\u0435\u0434\u043e\u0445\u0440\u0430\u043d\u0438\u0442\u0435\u043b\u044c\u043d\u043e\u0433\u043e \u0432\u044b\u043a\u043b\u044e\u0447\u0430\u0442\u0435\u043b\u044f \u0432 \u043a\u043e\u043c\u043f\u043b\u0435\u043a\u0442 \u043d\u0435 \u0432\u0445\u043e\u0434\u0438\u0442. \u0421\u043c. \u0432\u044b\u0431\u043e\u0440 \u0432 \u043a\u0430\u0442\u0430\u043b\u043e\u0433\u0435 \u0410\u041a\u0421\u0415\u0421\u0421\u0423\u0410\u0420\u042b \u0414\u041b\u042f \u0411\u0415\u0417\u041e\u041f\u0410\u0421\u041d\u042b\u0425 \u0412\u042b\u041a\u041b\u042e\u0427\u0410\u0422\u0415\u041b\u0415\u0419.","og_url":"https:\/\/sakt.ee\/\u043c\u0430\u0433\u0430\u0437\u0438\u043d\/turva-ja-ohutusseadmed\/turva-ja-trosslulitid\/turvalulitid\/fg-60dd1d0a-turvaluliti-24ac-dc-2nc-lisaks-1no1nc-solenoid-metallkorpus\/","og_site_name":"Sakala T\u00f6\u00f6stusautomaatika O\u00dc","article_modified_time":"2025-11-04T09:13:48+00:00","og_image":[{"width":1500,"height":1500,"url":"https:\/\/sakt.ee\/wp-content\/uploads\/2025\/05\/4105.jpg","type":"image\/jpeg"}],"twitter_card":"summary_large_image","twitter_misc":{"\u0426\u0435\u043d\u0430":"155,00&euro; +KM","\u0414\u043e\u0441\u0442\u0443\u043f\u043d\u043e\u0441\u0442\u044c":"\u041d\u0430 \u0437\u0430\u043a\u0430\u0437"},"schema":{"@context":"https:\/\/schema.org","@graph":[{"@type":"WebPage","@id":"https:\/\/sakt.ee\/\u043c\u0430\u0433\u0430\u0437\u0438\u043d\/turva-ja-ohutusseadmed\/turva-ja-trosslulitid\/turvalulitid\/fg-60dd1d0a-turvaluliti-24ac-dc-2nc-lisaks-1no1nc-solenoid-metallkorpus\/","url":"https:\/\/sakt.ee\/\u043c\u0430\u0433\u0430\u0437\u0438\u043d\/turva-ja-ohutusseadmed\/turva-ja-trosslulitid\/turvalulitid\/fg-60dd1d0a-turvaluliti-24ac-dc-2nc-lisaks-1no1nc-solenoid-metallkorpus\/","name":"FG 60DD1D0A \u043f\u0440\u0435\u0434\u043e\u0445\u0440\u0430\u043d\u0438\u0442\u0435\u043b\u044c\u043d\u044b\u0439 \u0432\u044b\u043a\u043b\u044e\u0447\u0430\u0442\u0435\u043b\u044c, 2NC (\u043f\u043b\u044e\u0441 \u0441\u043e\u043b\u0435\u043d\u043e\u0438\u0434 1NO+1NC), \u043c\u0435\u0442\u0430\u043b\u043b\u0438\u0447\u0435\u0441\u043a\u0438\u0439 \u043a\u043e\u0440\u043f\u0443\u0441 - Sakala T\u00f6\u00f6stusautomaatika O\u00dc","isPartOf":{"@id":"https:\/\/sakt.ee\/en\/#website"},"primaryImageOfPage":{"@id":"https:\/\/sakt.ee\/\u043c\u0430\u0433\u0430\u0437\u0438\u043d\/turva-ja-ohutusseadmed\/turva-ja-trosslulitid\/turvalulitid\/fg-60dd1d0a-turvaluliti-24ac-dc-2nc-lisaks-1no1nc-solenoid-metallkorpus\/#primaryimage"},"image":{"@id":"https:\/\/sakt.ee\/\u043c\u0430\u0433\u0430\u0437\u0438\u043d\/turva-ja-ohutusseadmed\/turva-ja-trosslulitid\/turvalulitid\/fg-60dd1d0a-turvaluliti-24ac-dc-2nc-lisaks-1no1nc-solenoid-metallkorpus\/#primaryimage"},"thumbnailUrl":"https:\/\/sakt.ee\/wp-content\/uploads\/2025\/05\/4105.jpg","datePublished":"2025-05-17T03:02:05+00:00","dateModified":"2025-11-04T09:13:48+00:00","breadcrumb":{"@id":"https:\/\/sakt.ee\/\u043c\u0430\u0433\u0430\u0437\u0438\u043d\/turva-ja-ohutusseadmed\/turva-ja-trosslulitid\/turvalulitid\/fg-60dd1d0a-turvaluliti-24ac-dc-2nc-lisaks-1no1nc-solenoid-metallkorpus\/#breadcrumb"},"inLanguage":"ru-RU","potentialAction":[{"@type":"ReadAction","target":["https:\/\/sakt.ee\/\u043c\u0430\u0433\u0430\u0437\u0438\u043d\/turva-ja-ohutusseadmed\/turva-ja-trosslulitid\/turvalulitid\/fg-60dd1d0a-turvaluliti-24ac-dc-2nc-lisaks-1no1nc-solenoid-metallkorpus\/"]}]},{"@type":"ImageObject","inLanguage":"ru-RU","@id":"https:\/\/sakt.ee\/\u043c\u0430\u0433\u0430\u0437\u0438\u043d\/turva-ja-ohutusseadmed\/turva-ja-trosslulitid\/turvalulitid\/fg-60dd1d0a-turvaluliti-24ac-dc-2nc-lisaks-1no1nc-solenoid-metallkorpus\/#primaryimage","url":"https:\/\/sakt.ee\/wp-content\/uploads\/2025\/05\/4105.jpg","contentUrl":"https:\/\/sakt.ee\/wp-content\/uploads\/2025\/05\/4105.jpg","width":1500,"height":1500},{"@type":"BreadcrumbList","@id":"https:\/\/sakt.ee\/\u043c\u0430\u0433\u0430\u0437\u0438\u043d\/turva-ja-ohutusseadmed\/turva-ja-trosslulitid\/turvalulitid\/fg-60dd1d0a-turvaluliti-24ac-dc-2nc-lisaks-1no1nc-solenoid-metallkorpus\/#breadcrumb","itemListElement":[{"@type":"ListItem","position":1,"name":"Home","item":"https:\/\/sakt.ee\/"},{"@type":"ListItem","position":2,"name":"\u041c\u0430\u0433\u0430\u0437\u0438\u043d","item":"https:\/\/sakt.ee\/ru\/\u043c\u0430\u0433\u0430\u0437\u0438\u043d\/"},{"@type":"ListItem","position":3,"name":"FG 60DD1D0A \u043f\u0440\u0435\u0434\u043e\u0445\u0440\u0430\u043d\u0438\u0442\u0435\u043b\u044c\u043d\u044b\u0439 \u0432\u044b\u043a\u043b\u044e\u0447\u0430\u0442\u0435\u043b\u044c, 2NC (\u043f\u043b\u044e\u0441 \u0441\u043e\u043b\u0435\u043d\u043e\u0438\u0434 1NO+1NC), \u043c\u0435\u0442\u0430\u043b\u043b\u0438\u0447\u0435\u0441\u043a\u0438\u0439 \u043a\u043e\u0440\u043f\u0443\u0441"}]},{"@type":"WebSite","@id":"https:\/\/sakt.ee\/en\/#website","url":"https:\/\/sakt.ee\/en\/","name":"Sakala T\u00f6\u00f6stusautomaatika O\u00dc","description":"T\u00f6\u00f6stusautomaatika e-pood","publisher":{"@id":"https:\/\/sakt.ee\/en\/#organization"},"potentialAction":[{"@type":"SearchAction","target":{"@type":"EntryPoint","urlTemplate":"https:\/\/sakt.ee\/en\/?s={search_term_string}"},"query-input":{"@type":"PropertyValueSpecification","valueRequired":true,"valueName":"search_term_string"}}],"inLanguage":"ru-RU"},{"@type":"Organization","@id":"https:\/\/sakt.ee\/en\/#organization","name":"Sakala T\u00f6\u00f6stusautomaatika O\u00dc","url":"https:\/\/sakt.ee\/en\/","logo":{"@type":"ImageObject","inLanguage":"ru-RU","@id":"https:\/\/sakt.ee\/en\/#\/schema\/logo\/image\/","url":"https:\/\/sakt.ee\/wp-content\/uploads\/2025\/05\/Sakala-Toostusautomaatika-favicon.png","contentUrl":"https:\/\/sakt.ee\/wp-content\/uploads\/2025\/05\/Sakala-Toostusautomaatika-favicon.png","width":500,"height":500,"caption":"Sakala T\u00f6\u00f6stusautomaatika O\u00dc"},"image":{"@id":"https:\/\/sakt.ee\/en\/#\/schema\/logo\/image\/"}}]},"product_price_amount":"155.00","product_price_currency":"EUR","og_availability":"backorder","product_availability":"available for order","product_retailer_item_id":"FG 60DD1D0A","product_condition":"new"},"_links":{"self":[{"href":"https:\/\/sakt.ee\/ru\/wp-json\/wp\/v2\/product\/42920","targetHints":{"allow":["GET"]}}],"collection":[{"href":"https:\/\/sakt.ee\/ru\/wp-json\/wp\/v2\/product"}],"about":[{"href":"https:\/\/sakt.ee\/ru\/wp-json\/wp\/v2\/types\/product"}],"version-history":[{"count":0,"href":"https:\/\/sakt.ee\/ru\/wp-json\/wp\/v2\/product\/42920\/revisions"}],"wp:featuredmedia":[{"embeddable":true,"href":"https:\/\/sakt.ee\/ru\/wp-json\/wp\/v2\/media\/29320"}],"wp:attachment":[{"href":"https:\/\/sakt.ee\/ru\/wp-json\/wp\/v2\/media?parent=42920"}],"wp:term":[{"taxonomy":"product_brand","embeddable":true,"href":"https:\/\/sakt.ee\/ru\/wp-json\/wp\/v2\/product_brand?post=42920"},{"taxonomy":"product_cat","embeddable":true,"href":"https:\/\/sakt.ee\/ru\/wp-json\/wp\/v2\/product_cat?post=42920"},{"taxonomy":"product_tag","embeddable":true,"href":"https:\/\/sakt.ee\/ru\/wp-json\/wp\/v2\/product_tag?post=42920"},{"taxonomy":"manufacturers","embeddable":true,"href":"https:\/\/sakt.ee\/ru\/wp-json\/wp\/v2\/manufacturers?post=42920"}],"curies":[{"name":"wp","href":"https:\/\/api.w.org\/{rel}","templated":true}]}}