{"id":42900,"date":"2025-05-17T03:05:41","date_gmt":"2025-05-17T03:05:41","guid":{"rendered":"https:\/\/sakt.ee\/product\/%d0%bf%d1%80%d0%b5%d0%be%d0%b1%d1%80%d0%b0%d0%b7%d0%be%d0%b2%d0%b0%d1%82%d0%b5%d0%bb%d1%8c-%d1%81%d0%b8%d0%b3%d0%bd%d0%b0%d0%bb%d0%be%d0%b2-%d0%b8-%d0%b8%d0%b7%d0%be%d0%bb%d1%8f%d1%82%d0%be%d1%80"},"modified":"2025-11-04T10:04:26","modified_gmt":"2025-11-04T07:04:26","slug":"%d0%bf%d1%80%d0%b5%d0%be%d0%b1%d1%80%d0%b0%d0%b7%d0%be%d0%b2%d0%b0%d1%82%d0%b5%d0%bb%d1%8c-%d1%81%d0%b8%d0%b3%d0%bd%d0%b0%d0%bb%d0%be%d0%b2-%d0%b8-%d0%b8%d0%b7%d0%be%d0%bb%d1%8f%d1%82%d0%be%d1%80-i3p","status":"publish","type":"product","link":"https:\/\/sakt.ee\/ru\/\u043c\u0430\u0433\u0430\u0437\u0438\u043d\/%d0%b4%d0%b0%d1%82%d1%87%d0%b8%d0%ba%d0%b8-%d0%bf%d1%80%d0%be%d1%86%d0%b5%d1%81%d1%81%d0%b0\/%d0%bf%d1%80%d0%b5%d0%be%d0%b1%d1%80%d0%b0%d0%b7%d0%be%d0%b2%d0%b0%d1%82%d0%b5%d0%bb%d0%b8\/%d0%bf%d1%80%d0%b5%d0%be%d0%b1%d1%80%d0%b0%d0%b7%d0%be%d0%b2%d0%b0%d1%82%d0%b5%d0%bb%d1%8c-%d1%81%d0%b8%d0%b3%d0%bd%d0%b0%d0%bb%d0%be%d0%b2-%d0%b8-%d0%b8%d0%b7%d0%be%d0%bb%d1%8f%d1%82%d0%be%d1%80-i3p\/","title":{"rendered":"\u041f\u0440\u0435\u043e\u0431\u0440\u0430\u0437\u043e\u0432\u0430\u0442\u0435\u043b\u044c \u0441\u0438\u0433\u043d\u0430\u043b\u043e\u0432 \u0438 \u0438\u0437\u043e\u043b\u044f\u0442\u043e\u0440 I3P, 18-265AC\/DC, \u0443\u043d\u0438\u0432\u0435\u0440\u0441\u0430\u043b\u044c\u043d\u044b\u0439 \u0432\u0445\u043e\u0434 \u0438 \u0432\u044b\u0445\u043e\u0434, DIN-\u0440\u0435\u0439\u043a\u0430, IP30"},"content":{"rendered":"","protected":false},"excerpt":{"rendered":"<p>\u0418\u0437\u043c\u0435\u0440\u0435\u043d\u0438\u0435 \u043f\u0440\u043e\u0446\u0435\u0441\u0441\u0430<br \/>\n\u0418\u0437\u043c\u0435\u0440\u0435\u043d\u0438\u0435 \u0442\u0435\u043c\u043f\u0435\u0440\u0430\u0442\u0443\u0440\u044b<br \/>\n\u0418\u0437\u043c\u0435\u0440\u0435\u043d\u0438\u0435 \u0441\u043e\u043f\u0440\u043e\u0442\u0438\u0432\u043b\u0435\u043d\u0438\u044f<br \/>\n\u041f\u043e\u0442\u0435\u043d\u0446\u0438\u043e\u043c\u0435\u0442\u0440<\/p>\n<p>\u0421 \u0433\u0430\u043b\u044c\u0432\u0430\u043d\u0438\u0447\u0435\u0441\u043a\u043e\u0439 \u0438\u0437\u043e\u043b\u044f\u0446\u0438\u0435\u0439<\/p>\n","protected":false},"featured_media":29364,"template":"","meta":{"_acf_changed":false},"product_brand":[],"product_cat":[7248],"product_tag":[],"manufacturers":[7828],"class_list":{"0":"post-42900","1":"product","2":"type-product","3":"status-publish","4":"has-post-thumbnail","6":"product_cat-7248","7":"pa_kaitseklass-ip30-ru","8":"pa_paigaldus-din-ru","9":"pa_sisend-3122","10":"pa_toide-18-265----","11":"pa_tootemperatuur-0-50c-ru","12":"pa_tootja-fema","13":"pa_valjund-4-20--0-10---","14":"manufacturers-fema-ru","16":"first","17":"instock","18":"taxable","19":"shipping-taxable","20":"purchasable","21":"product-type-simple"},"acf":[],"yoast_head":"<!-- This site is optimized with the Yoast SEO Premium plugin v25.4 (Yoast SEO v25.4) - https:\/\/yoast.com\/wordpress\/plugins\/seo\/ -->\n<title>\u041f\u0440\u0435\u043e\u0431\u0440\u0430\u0437\u043e\u0432\u0430\u0442\u0435\u043b\u044c \u0441\u0438\u0433\u043d\u0430\u043b\u043e\u0432 \u0438 \u0438\u0437\u043e\u043b\u044f\u0442\u043e\u0440 I3P, 18-265AC\/DC, \u0443\u043d\u0438\u0432\u0435\u0440\u0441\u0430\u043b\u044c\u043d\u044b\u0439 \u0432\u0445\u043e\u0434 \u0438 \u0432\u044b\u0445\u043e\u0434, DIN-\u0440\u0435\u0439\u043a\u0430, IP30 - Sakala T\u00f6\u00f6stusautomaatika O\u00dc<\/title>\n<meta name=\"robots\" content=\"index, follow, max-snippet:-1, max-image-preview:large, max-video-preview:-1\" \/>\n<link rel=\"canonical\" href=\"https:\/\/sakt.ee\/\u043c\u0430\u0433\u0430\u0437\u0438\u043d\/andurid\/muundurid\/i3p-signaalimuundur-ja-isolaator-18-265ac-dc-universaalne-sisend-ja-valjund-ip30\/\" \/>\n<meta property=\"og:locale\" content=\"ru_RU\" \/>\n<meta property=\"og:type\" content=\"article\" \/>\n<meta property=\"og:title\" content=\"\u041f\u0440\u0435\u043e\u0431\u0440\u0430\u0437\u043e\u0432\u0430\u0442\u0435\u043b\u044c \u0441\u0438\u0433\u043d\u0430\u043b\u043e\u0432 \u0438 \u0438\u0437\u043e\u043b\u044f\u0442\u043e\u0440 I3P, 18-265AC\/DC, \u0443\u043d\u0438\u0432\u0435\u0440\u0441\u0430\u043b\u044c\u043d\u044b\u0439 \u0432\u0445\u043e\u0434 \u0438 \u0432\u044b\u0445\u043e\u0434, DIN-\u0440\u0435\u0439\u043a\u0430, IP30\" \/>\n<meta property=\"og:description\" content=\"\u0418\u0437\u043c\u0435\u0440\u0435\u043d\u0438\u0435 \u043f\u0440\u043e\u0446\u0435\u0441\u0441\u0430 \u0418\u0437\u043c\u0435\u0440\u0435\u043d\u0438\u0435 \u0442\u0435\u043c\u043f\u0435\u0440\u0430\u0442\u0443\u0440\u044b \u0418\u0437\u043c\u0435\u0440\u0435\u043d\u0438\u0435 \u0441\u043e\u043f\u0440\u043e\u0442\u0438\u0432\u043b\u0435\u043d\u0438\u044f \u041f\u043e\u0442\u0435\u043d\u0446\u0438\u043e\u043c\u0435\u0442\u0440 \u0421 \u0433\u0430\u043b\u044c\u0432\u0430\u043d\u0438\u0447\u0435\u0441\u043a\u043e\u0439 \u0438\u0437\u043e\u043b\u044f\u0446\u0438\u0435\u0439\" \/>\n<meta property=\"og:url\" content=\"https:\/\/sakt.ee\/\u043c\u0430\u0433\u0430\u0437\u0438\u043d\/andurid\/muundurid\/i3p-signaalimuundur-ja-isolaator-18-265ac-dc-universaalne-sisend-ja-valjund-ip30\/\" \/>\n<meta property=\"og:site_name\" content=\"Sakala T\u00f6\u00f6stusautomaatika O\u00dc\" \/>\n<meta property=\"article:modified_time\" content=\"2025-11-04T07:04:26+00:00\" \/>\n<meta property=\"og:image\" content=\"https:\/\/sakt.ee\/wp-content\/uploads\/2025\/05\/4226.jpg\" \/>\n\t<meta property=\"og:image:width\" content=\"350\" \/>\n\t<meta property=\"og:image:height\" content=\"315\" \/>\n\t<meta property=\"og:image:type\" content=\"image\/jpeg\" \/>\n<meta name=\"twitter:card\" content=\"summary_large_image\" \/>\n<meta name=\"twitter:label1\" content=\"\u0426\u0435\u043d\u0430\" \/>\n\t<meta name=\"twitter:data1\" content=\"106,40&euro; +KM\" \/>\n\t<meta name=\"twitter:label2\" content=\"\u0414\u043e\u0441\u0442\u0443\u043f\u043d\u043e\u0441\u0442\u044c\" \/>\n\t<meta name=\"twitter:data2\" content=\"\u0412 \u043d\u0430\u043b\u0438\u0447\u0438\u0438\" \/>\n<script type=\"application\/ld+json\" class=\"yoast-schema-graph\">{\"@context\":\"https:\/\/schema.org\",\"@graph\":[{\"@type\":\"WebPage\",\"@id\":\"https:\/\/sakt.ee\/\u043c\u0430\u0433\u0430\u0437\u0438\u043d\/andurid\/muundurid\/i3p-signaalimuundur-ja-isolaator-18-265ac-dc-universaalne-sisend-ja-valjund-ip30\/\",\"url\":\"https:\/\/sakt.ee\/\u043c\u0430\u0433\u0430\u0437\u0438\u043d\/andurid\/muundurid\/i3p-signaalimuundur-ja-isolaator-18-265ac-dc-universaalne-sisend-ja-valjund-ip30\/\",\"name\":\"\u041f\u0440\u0435\u043e\u0431\u0440\u0430\u0437\u043e\u0432\u0430\u0442\u0435\u043b\u044c \u0441\u0438\u0433\u043d\u0430\u043b\u043e\u0432 \u0438 \u0438\u0437\u043e\u043b\u044f\u0442\u043e\u0440 I3P, 18-265AC\/DC, \u0443\u043d\u0438\u0432\u0435\u0440\u0441\u0430\u043b\u044c\u043d\u044b\u0439 \u0432\u0445\u043e\u0434 \u0438 \u0432\u044b\u0445\u043e\u0434, DIN-\u0440\u0435\u0439\u043a\u0430, IP30 - Sakala T\u00f6\u00f6stusautomaatika O\u00dc\",\"isPartOf\":{\"@id\":\"https:\/\/sakt.ee\/en\/#website\"},\"primaryImageOfPage\":{\"@id\":\"https:\/\/sakt.ee\/\u043c\u0430\u0433\u0430\u0437\u0438\u043d\/andurid\/muundurid\/i3p-signaalimuundur-ja-isolaator-18-265ac-dc-universaalne-sisend-ja-valjund-ip30\/#primaryimage\"},\"image\":{\"@id\":\"https:\/\/sakt.ee\/\u043c\u0430\u0433\u0430\u0437\u0438\u043d\/andurid\/muundurid\/i3p-signaalimuundur-ja-isolaator-18-265ac-dc-universaalne-sisend-ja-valjund-ip30\/#primaryimage\"},\"thumbnailUrl\":\"https:\/\/sakt.ee\/wp-content\/uploads\/2025\/05\/4226.jpg\",\"datePublished\":\"2025-05-17T03:05:41+00:00\",\"dateModified\":\"2025-11-04T07:04:26+00:00\",\"breadcrumb\":{\"@id\":\"https:\/\/sakt.ee\/\u043c\u0430\u0433\u0430\u0437\u0438\u043d\/andurid\/muundurid\/i3p-signaalimuundur-ja-isolaator-18-265ac-dc-universaalne-sisend-ja-valjund-ip30\/#breadcrumb\"},\"inLanguage\":\"ru-RU\",\"potentialAction\":[{\"@type\":\"ReadAction\",\"target\":[\"https:\/\/sakt.ee\/\u043c\u0430\u0433\u0430\u0437\u0438\u043d\/andurid\/muundurid\/i3p-signaalimuundur-ja-isolaator-18-265ac-dc-universaalne-sisend-ja-valjund-ip30\/\"]}]},{\"@type\":\"ImageObject\",\"inLanguage\":\"ru-RU\",\"@id\":\"https:\/\/sakt.ee\/\u043c\u0430\u0433\u0430\u0437\u0438\u043d\/andurid\/muundurid\/i3p-signaalimuundur-ja-isolaator-18-265ac-dc-universaalne-sisend-ja-valjund-ip30\/#primaryimage\",\"url\":\"https:\/\/sakt.ee\/wp-content\/uploads\/2025\/05\/4226.jpg\",\"contentUrl\":\"https:\/\/sakt.ee\/wp-content\/uploads\/2025\/05\/4226.jpg\",\"width\":350,\"height\":315},{\"@type\":\"BreadcrumbList\",\"@id\":\"https:\/\/sakt.ee\/\u043c\u0430\u0433\u0430\u0437\u0438\u043d\/andurid\/muundurid\/i3p-signaalimuundur-ja-isolaator-18-265ac-dc-universaalne-sisend-ja-valjund-ip30\/#breadcrumb\",\"itemListElement\":[{\"@type\":\"ListItem\",\"position\":1,\"name\":\"Home\",\"item\":\"https:\/\/sakt.ee\/\"},{\"@type\":\"ListItem\",\"position\":2,\"name\":\"\u041c\u0430\u0433\u0430\u0437\u0438\u043d\",\"item\":\"https:\/\/sakt.ee\/ru\/\u043c\u0430\u0433\u0430\u0437\u0438\u043d\/\"},{\"@type\":\"ListItem\",\"position\":3,\"name\":\"\u041f\u0440\u0435\u043e\u0431\u0440\u0430\u0437\u043e\u0432\u0430\u0442\u0435\u043b\u044c \u0441\u0438\u0433\u043d\u0430\u043b\u043e\u0432 \u0438 \u0438\u0437\u043e\u043b\u044f\u0442\u043e\u0440 I3P, 18-265AC\/DC, \u0443\u043d\u0438\u0432\u0435\u0440\u0441\u0430\u043b\u044c\u043d\u044b\u0439 \u0432\u0445\u043e\u0434 \u0438 \u0432\u044b\u0445\u043e\u0434, DIN-\u0440\u0435\u0439\u043a\u0430, IP30\"}]},{\"@type\":\"WebSite\",\"@id\":\"https:\/\/sakt.ee\/en\/#website\",\"url\":\"https:\/\/sakt.ee\/en\/\",\"name\":\"Sakala T\u00f6\u00f6stusautomaatika O\u00dc\",\"description\":\"T\u00f6\u00f6stusautomaatika e-pood\",\"publisher\":{\"@id\":\"https:\/\/sakt.ee\/en\/#organization\"},\"potentialAction\":[{\"@type\":\"SearchAction\",\"target\":{\"@type\":\"EntryPoint\",\"urlTemplate\":\"https:\/\/sakt.ee\/en\/?s={search_term_string}\"},\"query-input\":{\"@type\":\"PropertyValueSpecification\",\"valueRequired\":true,\"valueName\":\"search_term_string\"}}],\"inLanguage\":\"ru-RU\"},{\"@type\":\"Organization\",\"@id\":\"https:\/\/sakt.ee\/en\/#organization\",\"name\":\"Sakala T\u00f6\u00f6stusautomaatika O\u00dc\",\"url\":\"https:\/\/sakt.ee\/en\/\",\"logo\":{\"@type\":\"ImageObject\",\"inLanguage\":\"ru-RU\",\"@id\":\"https:\/\/sakt.ee\/en\/#\/schema\/logo\/image\/\",\"url\":\"https:\/\/sakt.ee\/wp-content\/uploads\/2025\/05\/Sakala-Toostusautomaatika-favicon.png\",\"contentUrl\":\"https:\/\/sakt.ee\/wp-content\/uploads\/2025\/05\/Sakala-Toostusautomaatika-favicon.png\",\"width\":500,\"height\":500,\"caption\":\"Sakala T\u00f6\u00f6stusautomaatika O\u00dc\"},\"image\":{\"@id\":\"https:\/\/sakt.ee\/en\/#\/schema\/logo\/image\/\"}}]}<\/script>\n<meta property=\"product:price:amount\" content=\"106.40\" \/>\n<meta property=\"product:price:currency\" content=\"EUR\" \/>\n<meta property=\"og:availability\" content=\"instock\" \/>\n<meta property=\"product:availability\" content=\"instock\" \/>\n<meta property=\"product:retailer_item_id\" content=\"2.31320\" \/>\n<meta property=\"product:condition\" content=\"new\" \/>\n<!-- \/ Yoast SEO Premium plugin. -->","yoast_head_json":{"title":"\u041f\u0440\u0435\u043e\u0431\u0440\u0430\u0437\u043e\u0432\u0430\u0442\u0435\u043b\u044c \u0441\u0438\u0433\u043d\u0430\u043b\u043e\u0432 \u0438 \u0438\u0437\u043e\u043b\u044f\u0442\u043e\u0440 I3P, 18-265AC\/DC, \u0443\u043d\u0438\u0432\u0435\u0440\u0441\u0430\u043b\u044c\u043d\u044b\u0439 \u0432\u0445\u043e\u0434 \u0438 \u0432\u044b\u0445\u043e\u0434, DIN-\u0440\u0435\u0439\u043a\u0430, IP30 - Sakala T\u00f6\u00f6stusautomaatika O\u00dc","robots":{"index":"index","follow":"follow","max-snippet":"max-snippet:-1","max-image-preview":"max-image-preview:large","max-video-preview":"max-video-preview:-1"},"canonical":"https:\/\/sakt.ee\/\u043c\u0430\u0433\u0430\u0437\u0438\u043d\/andurid\/muundurid\/i3p-signaalimuundur-ja-isolaator-18-265ac-dc-universaalne-sisend-ja-valjund-ip30\/","og_locale":"ru_RU","og_type":"article","og_title":"\u041f\u0440\u0435\u043e\u0431\u0440\u0430\u0437\u043e\u0432\u0430\u0442\u0435\u043b\u044c \u0441\u0438\u0433\u043d\u0430\u043b\u043e\u0432 \u0438 \u0438\u0437\u043e\u043b\u044f\u0442\u043e\u0440 I3P, 18-265AC\/DC, \u0443\u043d\u0438\u0432\u0435\u0440\u0441\u0430\u043b\u044c\u043d\u044b\u0439 \u0432\u0445\u043e\u0434 \u0438 \u0432\u044b\u0445\u043e\u0434, DIN-\u0440\u0435\u0439\u043a\u0430, IP30","og_description":"\u0418\u0437\u043c\u0435\u0440\u0435\u043d\u0438\u0435 \u043f\u0440\u043e\u0446\u0435\u0441\u0441\u0430 \u0418\u0437\u043c\u0435\u0440\u0435\u043d\u0438\u0435 \u0442\u0435\u043c\u043f\u0435\u0440\u0430\u0442\u0443\u0440\u044b \u0418\u0437\u043c\u0435\u0440\u0435\u043d\u0438\u0435 \u0441\u043e\u043f\u0440\u043e\u0442\u0438\u0432\u043b\u0435\u043d\u0438\u044f \u041f\u043e\u0442\u0435\u043d\u0446\u0438\u043e\u043c\u0435\u0442\u0440 \u0421 \u0433\u0430\u043b\u044c\u0432\u0430\u043d\u0438\u0447\u0435\u0441\u043a\u043e\u0439 \u0438\u0437\u043e\u043b\u044f\u0446\u0438\u0435\u0439","og_url":"https:\/\/sakt.ee\/\u043c\u0430\u0433\u0430\u0437\u0438\u043d\/andurid\/muundurid\/i3p-signaalimuundur-ja-isolaator-18-265ac-dc-universaalne-sisend-ja-valjund-ip30\/","og_site_name":"Sakala T\u00f6\u00f6stusautomaatika O\u00dc","article_modified_time":"2025-11-04T07:04:26+00:00","og_image":[{"width":350,"height":315,"url":"https:\/\/sakt.ee\/wp-content\/uploads\/2025\/05\/4226.jpg","type":"image\/jpeg"}],"twitter_card":"summary_large_image","twitter_misc":{"\u0426\u0435\u043d\u0430":"106,40&euro; +KM","\u0414\u043e\u0441\u0442\u0443\u043f\u043d\u043e\u0441\u0442\u044c":"\u0412 \u043d\u0430\u043b\u0438\u0447\u0438\u0438"},"schema":{"@context":"https:\/\/schema.org","@graph":[{"@type":"WebPage","@id":"https:\/\/sakt.ee\/\u043c\u0430\u0433\u0430\u0437\u0438\u043d\/andurid\/muundurid\/i3p-signaalimuundur-ja-isolaator-18-265ac-dc-universaalne-sisend-ja-valjund-ip30\/","url":"https:\/\/sakt.ee\/\u043c\u0430\u0433\u0430\u0437\u0438\u043d\/andurid\/muundurid\/i3p-signaalimuundur-ja-isolaator-18-265ac-dc-universaalne-sisend-ja-valjund-ip30\/","name":"\u041f\u0440\u0435\u043e\u0431\u0440\u0430\u0437\u043e\u0432\u0430\u0442\u0435\u043b\u044c \u0441\u0438\u0433\u043d\u0430\u043b\u043e\u0432 \u0438 \u0438\u0437\u043e\u043b\u044f\u0442\u043e\u0440 I3P, 18-265AC\/DC, \u0443\u043d\u0438\u0432\u0435\u0440\u0441\u0430\u043b\u044c\u043d\u044b\u0439 \u0432\u0445\u043e\u0434 \u0438 \u0432\u044b\u0445\u043e\u0434, DIN-\u0440\u0435\u0439\u043a\u0430, IP30 - Sakala T\u00f6\u00f6stusautomaatika O\u00dc","isPartOf":{"@id":"https:\/\/sakt.ee\/en\/#website"},"primaryImageOfPage":{"@id":"https:\/\/sakt.ee\/\u043c\u0430\u0433\u0430\u0437\u0438\u043d\/andurid\/muundurid\/i3p-signaalimuundur-ja-isolaator-18-265ac-dc-universaalne-sisend-ja-valjund-ip30\/#primaryimage"},"image":{"@id":"https:\/\/sakt.ee\/\u043c\u0430\u0433\u0430\u0437\u0438\u043d\/andurid\/muundurid\/i3p-signaalimuundur-ja-isolaator-18-265ac-dc-universaalne-sisend-ja-valjund-ip30\/#primaryimage"},"thumbnailUrl":"https:\/\/sakt.ee\/wp-content\/uploads\/2025\/05\/4226.jpg","datePublished":"2025-05-17T03:05:41+00:00","dateModified":"2025-11-04T07:04:26+00:00","breadcrumb":{"@id":"https:\/\/sakt.ee\/\u043c\u0430\u0433\u0430\u0437\u0438\u043d\/andurid\/muundurid\/i3p-signaalimuundur-ja-isolaator-18-265ac-dc-universaalne-sisend-ja-valjund-ip30\/#breadcrumb"},"inLanguage":"ru-RU","potentialAction":[{"@type":"ReadAction","target":["https:\/\/sakt.ee\/\u043c\u0430\u0433\u0430\u0437\u0438\u043d\/andurid\/muundurid\/i3p-signaalimuundur-ja-isolaator-18-265ac-dc-universaalne-sisend-ja-valjund-ip30\/"]}]},{"@type":"ImageObject","inLanguage":"ru-RU","@id":"https:\/\/sakt.ee\/\u043c\u0430\u0433\u0430\u0437\u0438\u043d\/andurid\/muundurid\/i3p-signaalimuundur-ja-isolaator-18-265ac-dc-universaalne-sisend-ja-valjund-ip30\/#primaryimage","url":"https:\/\/sakt.ee\/wp-content\/uploads\/2025\/05\/4226.jpg","contentUrl":"https:\/\/sakt.ee\/wp-content\/uploads\/2025\/05\/4226.jpg","width":350,"height":315},{"@type":"BreadcrumbList","@id":"https:\/\/sakt.ee\/\u043c\u0430\u0433\u0430\u0437\u0438\u043d\/andurid\/muundurid\/i3p-signaalimuundur-ja-isolaator-18-265ac-dc-universaalne-sisend-ja-valjund-ip30\/#breadcrumb","itemListElement":[{"@type":"ListItem","position":1,"name":"Home","item":"https:\/\/sakt.ee\/"},{"@type":"ListItem","position":2,"name":"\u041c\u0430\u0433\u0430\u0437\u0438\u043d","item":"https:\/\/sakt.ee\/ru\/\u043c\u0430\u0433\u0430\u0437\u0438\u043d\/"},{"@type":"ListItem","position":3,"name":"\u041f\u0440\u0435\u043e\u0431\u0440\u0430\u0437\u043e\u0432\u0430\u0442\u0435\u043b\u044c \u0441\u0438\u0433\u043d\u0430\u043b\u043e\u0432 \u0438 \u0438\u0437\u043e\u043b\u044f\u0442\u043e\u0440 I3P, 18-265AC\/DC, \u0443\u043d\u0438\u0432\u0435\u0440\u0441\u0430\u043b\u044c\u043d\u044b\u0439 \u0432\u0445\u043e\u0434 \u0438 \u0432\u044b\u0445\u043e\u0434, DIN-\u0440\u0435\u0439\u043a\u0430, IP30"}]},{"@type":"WebSite","@id":"https:\/\/sakt.ee\/en\/#website","url":"https:\/\/sakt.ee\/en\/","name":"Sakala T\u00f6\u00f6stusautomaatika O\u00dc","description":"T\u00f6\u00f6stusautomaatika e-pood","publisher":{"@id":"https:\/\/sakt.ee\/en\/#organization"},"potentialAction":[{"@type":"SearchAction","target":{"@type":"EntryPoint","urlTemplate":"https:\/\/sakt.ee\/en\/?s={search_term_string}"},"query-input":{"@type":"PropertyValueSpecification","valueRequired":true,"valueName":"search_term_string"}}],"inLanguage":"ru-RU"},{"@type":"Organization","@id":"https:\/\/sakt.ee\/en\/#organization","name":"Sakala T\u00f6\u00f6stusautomaatika O\u00dc","url":"https:\/\/sakt.ee\/en\/","logo":{"@type":"ImageObject","inLanguage":"ru-RU","@id":"https:\/\/sakt.ee\/en\/#\/schema\/logo\/image\/","url":"https:\/\/sakt.ee\/wp-content\/uploads\/2025\/05\/Sakala-Toostusautomaatika-favicon.png","contentUrl":"https:\/\/sakt.ee\/wp-content\/uploads\/2025\/05\/Sakala-Toostusautomaatika-favicon.png","width":500,"height":500,"caption":"Sakala T\u00f6\u00f6stusautomaatika O\u00dc"},"image":{"@id":"https:\/\/sakt.ee\/en\/#\/schema\/logo\/image\/"}}]},"product_price_amount":"106.40","product_price_currency":"EUR","og_availability":"instock","product_availability":"instock","product_retailer_item_id":"2.31320","product_condition":"new"},"_links":{"self":[{"href":"https:\/\/sakt.ee\/ru\/wp-json\/wp\/v2\/product\/42900","targetHints":{"allow":["GET"]}}],"collection":[{"href":"https:\/\/sakt.ee\/ru\/wp-json\/wp\/v2\/product"}],"about":[{"href":"https:\/\/sakt.ee\/ru\/wp-json\/wp\/v2\/types\/product"}],"version-history":[{"count":0,"href":"https:\/\/sakt.ee\/ru\/wp-json\/wp\/v2\/product\/42900\/revisions"}],"wp:featuredmedia":[{"embeddable":true,"href":"https:\/\/sakt.ee\/ru\/wp-json\/wp\/v2\/media\/29364"}],"wp:attachment":[{"href":"https:\/\/sakt.ee\/ru\/wp-json\/wp\/v2\/media?parent=42900"}],"wp:term":[{"taxonomy":"product_brand","embeddable":true,"href":"https:\/\/sakt.ee\/ru\/wp-json\/wp\/v2\/product_brand?post=42900"},{"taxonomy":"product_cat","embeddable":true,"href":"https:\/\/sakt.ee\/ru\/wp-json\/wp\/v2\/product_cat?post=42900"},{"taxonomy":"product_tag","embeddable":true,"href":"https:\/\/sakt.ee\/ru\/wp-json\/wp\/v2\/product_tag?post=42900"},{"taxonomy":"manufacturers","embeddable":true,"href":"https:\/\/sakt.ee\/ru\/wp-json\/wp\/v2\/manufacturers?post=42900"}],"curies":[{"name":"wp","href":"https:\/\/api.w.org\/{rel}","templated":true}]}}