{"id":42760,"date":"2025-05-17T03:27:00","date_gmt":"2025-05-17T03:27:00","guid":{"rendered":"https:\/\/sakt.ee\/product\/m22-wrs-kc11-i-%d0%ba%d0%bd%d0%be%d0%bf%d0%be%d1%87%d0%bd%d0%b0%d1%8f-%d0%ba%d0%be%d1%80%d0%be%d0%b1%d0%ba%d0%b0-1-%d0%be%d1%82%d0%b2%d0%b5%d1%80%d1%81%d1%82%d0%b8%d0%b5-%d1%81%d0%b5%d1%80%d1%8b\/"},"modified":"2025-07-23T09:10:16","modified_gmt":"2025-07-23T06:10:16","slug":"m22-wrs-kc11-i-%d0%ba%d0%bd%d0%be%d0%bf%d0%be%d1%87%d0%bd%d0%b0%d1%8f-%d0%ba%d0%be%d1%80%d0%be%d0%b1%d0%ba%d0%b0-1-%d0%be%d1%82%d0%b2%d0%b5%d1%80%d1%81%d1%82%d0%b8%d0%b5-%d1%81%d0%b5%d1%80%d1%8b","status":"publish","type":"product","link":"https:\/\/sakt.ee\/ru\/\u043c\u0430\u0433\u0430\u0437\u0438\u043d\/%d0%ba%d0%be%d0%bc%d0%bf%d0%be%d0%bd%d0%b5%d0%bd%d1%82%d1%8b-%d0%b0%d0%b2%d1%82%d0%be%d0%bc%d0%b0%d1%82%d0%b8%d0%ba%d0%b8\/%d0%bc16-m22-%d0%bc%d0%be%d0%b4%d1%83%d0%bb%d1%8c%d0%bd%d1%8b%d0%b5-%d1%81%d0%b5%d1%80%d0%b8%d0%b8-%d0%ba%d0%bd%d0%be%d0%bf%d0%be%d0%ba-%d0%b8-%d1%81%d0%b2%d0%b5%d1%82%d0%be%d0%b2%d0%be%d0%b9-%d0%b8\/%d0%bf%d0%b5%d1%80%d0%b5%d0%ba%d0%bb%d1%8e%d1%87%d0%b0%d1%82%d0%b5%d0%bb%d0%b8-%d0%bf%d0%be%d0%b2%d0%be%d1%80%d0%be%d1%82%d0%bd%d1%8b%d0%b5\/m22-wrs-kc11-i-%d0%ba%d0%bd%d0%be%d0%bf%d0%be%d1%87%d0%bd%d0%b0%d1%8f-%d0%ba%d0%be%d1%80%d0%be%d0%b1%d0%ba%d0%b0-1-%d0%be%d1%82%d0%b2%d0%b5%d1%80%d1%81%d1%82%d0%b8%d0%b5-%d1%81%d0%b5%d1%80%d1%8b\/","title":{"rendered":"M22-WRS\/KC11\/I \u041a\u043d\u043e\u043f\u043e\u0447\u043d\u0430\u044f \u043a\u043e\u0440\u043e\u0431\u043a\u0430; 1 \u043e\u0442\u0432\u0435\u0440\u0441\u0442\u0438\u0435; \u0441\u0435\u0440\u044b\u0439; \u043f\u043e\u0432\u043e\u0440\u043e\u0442\u043d\u044b\u0439 \u043f\u0435\u0440\u0435\u043a\u043b\u044e\u0447\u0430\u0442\u0435\u043b\u044c \u0441 \u043a\u043b\u044e\u0447\u043e\u043c; 60\u00b0; \u0444\u0438\u043a\u0441\u0438\u0440\u043e\u0432\u0430\u043d\u043d\u044b\u0439; \u0434\u0432\u0443\u0445\u043f\u043e\u0437\u0438\u0446\u0438\u043e\u043d\u043d\u044b\u0439; 1NO+1NC; IP66"},"content":{"rendered":"","protected":false},"excerpt":{"rendered":"","protected":false},"featured_media":0,"template":"","meta":{"_acf_changed":false},"product_brand":[],"product_cat":[3424],"product_tag":[],"manufacturers":[],"class_list":{"0":"post-42760","1":"product","2":"type-product","3":"status-publish","5":"product_cat-3424","7":"first","8":"onbackorder","9":"taxable","10":"shipping-taxable","11":"purchasable","12":"product-type-simple"},"acf":[],"yoast_head":"<!-- This site is optimized with the Yoast SEO Premium plugin v25.4 (Yoast SEO v25.4) - https:\/\/yoast.com\/wordpress\/plugins\/seo\/ -->\n<title>M22-WRS\/KC11\/I \u041a\u043d\u043e\u043f\u043e\u0447\u043d\u0430\u044f \u043a\u043e\u0440\u043e\u0431\u043a\u0430; 1 \u043e\u0442\u0432\u0435\u0440\u0441\u0442\u0438\u0435; \u0441\u0435\u0440\u044b\u0439; \u043f\u043e\u0432\u043e\u0440\u043e\u0442\u043d\u044b\u0439 \u043f\u0435\u0440\u0435\u043a\u043b\u044e\u0447\u0430\u0442\u0435\u043b\u044c \u0441 \u043a\u043b\u044e\u0447\u043e\u043c; 60\u00b0; \u0444\u0438\u043a\u0441\u0438\u0440\u043e\u0432\u0430\u043d\u043d\u044b\u0439; \u0434\u0432\u0443\u0445\u043f\u043e\u0437\u0438\u0446\u0438\u043e\u043d\u043d\u044b\u0439; 1NO+1NC; IP66 - Sakala T\u00f6\u00f6stusautomaatika O\u00dc<\/title>\n<meta name=\"robots\" content=\"index, follow, max-snippet:-1, max-image-preview:large, max-video-preview:-1\" \/>\n<link rel=\"canonical\" href=\"https:\/\/sakt.ee\/\u043c\u0430\u0433\u0430\u0437\u0438\u043d\/automaatikakomponendid\/m16-m22-moodul-seeria-juhtnupud-ja-indikatsioonilambid\/poordlulitid\/m22-wrs-kc11-i\/\" \/>\n<meta property=\"og:locale\" content=\"ru_RU\" \/>\n<meta property=\"og:type\" content=\"article\" \/>\n<meta property=\"og:title\" content=\"M22-WRS\/KC11\/I \u041a\u043d\u043e\u043f\u043e\u0447\u043d\u0430\u044f \u043a\u043e\u0440\u043e\u0431\u043a\u0430; 1 \u043e\u0442\u0432\u0435\u0440\u0441\u0442\u0438\u0435; \u0441\u0435\u0440\u044b\u0439; \u043f\u043e\u0432\u043e\u0440\u043e\u0442\u043d\u044b\u0439 \u043f\u0435\u0440\u0435\u043a\u043b\u044e\u0447\u0430\u0442\u0435\u043b\u044c \u0441 \u043a\u043b\u044e\u0447\u043e\u043c; 60\u00b0; \u0444\u0438\u043a\u0441\u0438\u0440\u043e\u0432\u0430\u043d\u043d\u044b\u0439; \u0434\u0432\u0443\u0445\u043f\u043e\u0437\u0438\u0446\u0438\u043e\u043d\u043d\u044b\u0439; 1NO+1NC; IP66\" \/>\n<meta property=\"og:url\" content=\"https:\/\/sakt.ee\/\u043c\u0430\u0433\u0430\u0437\u0438\u043d\/automaatikakomponendid\/m16-m22-moodul-seeria-juhtnupud-ja-indikatsioonilambid\/poordlulitid\/m22-wrs-kc11-i\/\" \/>\n<meta property=\"og:site_name\" content=\"Sakala T\u00f6\u00f6stusautomaatika O\u00dc\" \/>\n<meta property=\"article:modified_time\" content=\"2025-07-23T06:10:16+00:00\" \/>\n<meta name=\"twitter:card\" content=\"summary_large_image\" \/>\n<meta name=\"twitter:label1\" content=\"\u0426\u0435\u043d\u0430\" \/>\n\t<meta name=\"twitter:data1\" content=\"33,25&euro; +KM\" \/>\n\t<meta name=\"twitter:label2\" content=\"\u0414\u043e\u0441\u0442\u0443\u043f\u043d\u043e\u0441\u0442\u044c\" \/>\n\t<meta name=\"twitter:data2\" content=\"\u041d\u0430 \u0437\u0430\u043a\u0430\u0437\" \/>\n<script type=\"application\/ld+json\" class=\"yoast-schema-graph\">{\"@context\":\"https:\/\/schema.org\",\"@graph\":[{\"@type\":\"WebPage\",\"@id\":\"https:\/\/sakt.ee\/\u043c\u0430\u0433\u0430\u0437\u0438\u043d\/automaatikakomponendid\/m16-m22-moodul-seeria-juhtnupud-ja-indikatsioonilambid\/poordlulitid\/m22-wrs-kc11-i\/\",\"url\":\"https:\/\/sakt.ee\/\u043c\u0430\u0433\u0430\u0437\u0438\u043d\/automaatikakomponendid\/m16-m22-moodul-seeria-juhtnupud-ja-indikatsioonilambid\/poordlulitid\/m22-wrs-kc11-i\/\",\"name\":\"M22-WRS\/KC11\/I \u041a\u043d\u043e\u043f\u043e\u0447\u043d\u0430\u044f \u043a\u043e\u0440\u043e\u0431\u043a\u0430; 1 \u043e\u0442\u0432\u0435\u0440\u0441\u0442\u0438\u0435; \u0441\u0435\u0440\u044b\u0439; \u043f\u043e\u0432\u043e\u0440\u043e\u0442\u043d\u044b\u0439 \u043f\u0435\u0440\u0435\u043a\u043b\u044e\u0447\u0430\u0442\u0435\u043b\u044c \u0441 \u043a\u043b\u044e\u0447\u043e\u043c; 60\u00b0; \u0444\u0438\u043a\u0441\u0438\u0440\u043e\u0432\u0430\u043d\u043d\u044b\u0439; \u0434\u0432\u0443\u0445\u043f\u043e\u0437\u0438\u0446\u0438\u043e\u043d\u043d\u044b\u0439; 1NO+1NC; IP66 - Sakala T\u00f6\u00f6stusautomaatika O\u00dc\",\"isPartOf\":{\"@id\":\"https:\/\/sakt.ee\/en\/#website\"},\"datePublished\":\"2025-05-17T03:27:00+00:00\",\"dateModified\":\"2025-07-23T06:10:16+00:00\",\"breadcrumb\":{\"@id\":\"https:\/\/sakt.ee\/\u043c\u0430\u0433\u0430\u0437\u0438\u043d\/automaatikakomponendid\/m16-m22-moodul-seeria-juhtnupud-ja-indikatsioonilambid\/poordlulitid\/m22-wrs-kc11-i\/#breadcrumb\"},\"inLanguage\":\"ru-RU\",\"potentialAction\":[{\"@type\":\"ReadAction\",\"target\":[\"https:\/\/sakt.ee\/\u043c\u0430\u0433\u0430\u0437\u0438\u043d\/automaatikakomponendid\/m16-m22-moodul-seeria-juhtnupud-ja-indikatsioonilambid\/poordlulitid\/m22-wrs-kc11-i\/\"]}]},{\"@type\":\"BreadcrumbList\",\"@id\":\"https:\/\/sakt.ee\/\u043c\u0430\u0433\u0430\u0437\u0438\u043d\/automaatikakomponendid\/m16-m22-moodul-seeria-juhtnupud-ja-indikatsioonilambid\/poordlulitid\/m22-wrs-kc11-i\/#breadcrumb\",\"itemListElement\":[{\"@type\":\"ListItem\",\"position\":1,\"name\":\"Home\",\"item\":\"https:\/\/sakt.ee\/\"},{\"@type\":\"ListItem\",\"position\":2,\"name\":\"\u041c\u0430\u0433\u0430\u0437\u0438\u043d\",\"item\":\"https:\/\/sakt.ee\/ru\/\u043c\u0430\u0433\u0430\u0437\u0438\u043d\/\"},{\"@type\":\"ListItem\",\"position\":3,\"name\":\"M22-WRS\/KC11\/I \u041a\u043d\u043e\u043f\u043e\u0447\u043d\u0430\u044f \u043a\u043e\u0440\u043e\u0431\u043a\u0430; 1 \u043e\u0442\u0432\u0435\u0440\u0441\u0442\u0438\u0435; \u0441\u0435\u0440\u044b\u0439; \u043f\u043e\u0432\u043e\u0440\u043e\u0442\u043d\u044b\u0439 \u043f\u0435\u0440\u0435\u043a\u043b\u044e\u0447\u0430\u0442\u0435\u043b\u044c \u0441 \u043a\u043b\u044e\u0447\u043e\u043c; 60\u00b0; \u0444\u0438\u043a\u0441\u0438\u0440\u043e\u0432\u0430\u043d\u043d\u044b\u0439; \u0434\u0432\u0443\u0445\u043f\u043e\u0437\u0438\u0446\u0438\u043e\u043d\u043d\u044b\u0439; 1NO+1NC; IP66\"}]},{\"@type\":\"WebSite\",\"@id\":\"https:\/\/sakt.ee\/en\/#website\",\"url\":\"https:\/\/sakt.ee\/en\/\",\"name\":\"Sakala T\u00f6\u00f6stusautomaatika O\u00dc\",\"description\":\"T\u00f6\u00f6stusautomaatika e-pood\",\"publisher\":{\"@id\":\"https:\/\/sakt.ee\/en\/#organization\"},\"potentialAction\":[{\"@type\":\"SearchAction\",\"target\":{\"@type\":\"EntryPoint\",\"urlTemplate\":\"https:\/\/sakt.ee\/en\/?s={search_term_string}\"},\"query-input\":{\"@type\":\"PropertyValueSpecification\",\"valueRequired\":true,\"valueName\":\"search_term_string\"}}],\"inLanguage\":\"ru-RU\"},{\"@type\":\"Organization\",\"@id\":\"https:\/\/sakt.ee\/en\/#organization\",\"name\":\"Sakala T\u00f6\u00f6stusautomaatika O\u00dc\",\"url\":\"https:\/\/sakt.ee\/en\/\",\"logo\":{\"@type\":\"ImageObject\",\"inLanguage\":\"ru-RU\",\"@id\":\"https:\/\/sakt.ee\/en\/#\/schema\/logo\/image\/\",\"url\":\"https:\/\/sakt.ee\/wp-content\/uploads\/2025\/05\/Sakala-Toostusautomaatika-favicon.png\",\"contentUrl\":\"https:\/\/sakt.ee\/wp-content\/uploads\/2025\/05\/Sakala-Toostusautomaatika-favicon.png\",\"width\":500,\"height\":500,\"caption\":\"Sakala T\u00f6\u00f6stusautomaatika O\u00dc\"},\"image\":{\"@id\":\"https:\/\/sakt.ee\/en\/#\/schema\/logo\/image\/\"}}]}<\/script>\n<meta property=\"product:price:amount\" content=\"33.25\" \/>\n<meta property=\"product:price:currency\" content=\"EUR\" \/>\n<meta property=\"og:availability\" content=\"backorder\" \/>\n<meta property=\"product:availability\" content=\"available for order\" \/>\n<meta property=\"product:retailer_item_id\" content=\"216526\" \/>\n<meta property=\"product:condition\" content=\"new\" \/>\n<!-- \/ Yoast SEO Premium plugin. -->","yoast_head_json":{"title":"M22-WRS\/KC11\/I \u041a\u043d\u043e\u043f\u043e\u0447\u043d\u0430\u044f \u043a\u043e\u0440\u043e\u0431\u043a\u0430; 1 \u043e\u0442\u0432\u0435\u0440\u0441\u0442\u0438\u0435; \u0441\u0435\u0440\u044b\u0439; \u043f\u043e\u0432\u043e\u0440\u043e\u0442\u043d\u044b\u0439 \u043f\u0435\u0440\u0435\u043a\u043b\u044e\u0447\u0430\u0442\u0435\u043b\u044c \u0441 \u043a\u043b\u044e\u0447\u043e\u043c; 60\u00b0; \u0444\u0438\u043a\u0441\u0438\u0440\u043e\u0432\u0430\u043d\u043d\u044b\u0439; \u0434\u0432\u0443\u0445\u043f\u043e\u0437\u0438\u0446\u0438\u043e\u043d\u043d\u044b\u0439; 1NO+1NC; IP66 - Sakala T\u00f6\u00f6stusautomaatika O\u00dc","robots":{"index":"index","follow":"follow","max-snippet":"max-snippet:-1","max-image-preview":"max-image-preview:large","max-video-preview":"max-video-preview:-1"},"canonical":"https:\/\/sakt.ee\/\u043c\u0430\u0433\u0430\u0437\u0438\u043d\/automaatikakomponendid\/m16-m22-moodul-seeria-juhtnupud-ja-indikatsioonilambid\/poordlulitid\/m22-wrs-kc11-i\/","og_locale":"ru_RU","og_type":"article","og_title":"M22-WRS\/KC11\/I \u041a\u043d\u043e\u043f\u043e\u0447\u043d\u0430\u044f \u043a\u043e\u0440\u043e\u0431\u043a\u0430; 1 \u043e\u0442\u0432\u0435\u0440\u0441\u0442\u0438\u0435; \u0441\u0435\u0440\u044b\u0439; \u043f\u043e\u0432\u043e\u0440\u043e\u0442\u043d\u044b\u0439 \u043f\u0435\u0440\u0435\u043a\u043b\u044e\u0447\u0430\u0442\u0435\u043b\u044c \u0441 \u043a\u043b\u044e\u0447\u043e\u043c; 60\u00b0; \u0444\u0438\u043a\u0441\u0438\u0440\u043e\u0432\u0430\u043d\u043d\u044b\u0439; \u0434\u0432\u0443\u0445\u043f\u043e\u0437\u0438\u0446\u0438\u043e\u043d\u043d\u044b\u0439; 1NO+1NC; IP66","og_url":"https:\/\/sakt.ee\/\u043c\u0430\u0433\u0430\u0437\u0438\u043d\/automaatikakomponendid\/m16-m22-moodul-seeria-juhtnupud-ja-indikatsioonilambid\/poordlulitid\/m22-wrs-kc11-i\/","og_site_name":"Sakala T\u00f6\u00f6stusautomaatika O\u00dc","article_modified_time":"2025-07-23T06:10:16+00:00","twitter_card":"summary_large_image","twitter_misc":{"\u0426\u0435\u043d\u0430":"33,25&euro; +KM","\u0414\u043e\u0441\u0442\u0443\u043f\u043d\u043e\u0441\u0442\u044c":"\u041d\u0430 \u0437\u0430\u043a\u0430\u0437"},"schema":{"@context":"https:\/\/schema.org","@graph":[{"@type":"WebPage","@id":"https:\/\/sakt.ee\/\u043c\u0430\u0433\u0430\u0437\u0438\u043d\/automaatikakomponendid\/m16-m22-moodul-seeria-juhtnupud-ja-indikatsioonilambid\/poordlulitid\/m22-wrs-kc11-i\/","url":"https:\/\/sakt.ee\/\u043c\u0430\u0433\u0430\u0437\u0438\u043d\/automaatikakomponendid\/m16-m22-moodul-seeria-juhtnupud-ja-indikatsioonilambid\/poordlulitid\/m22-wrs-kc11-i\/","name":"M22-WRS\/KC11\/I \u041a\u043d\u043e\u043f\u043e\u0447\u043d\u0430\u044f \u043a\u043e\u0440\u043e\u0431\u043a\u0430; 1 \u043e\u0442\u0432\u0435\u0440\u0441\u0442\u0438\u0435; \u0441\u0435\u0440\u044b\u0439; \u043f\u043e\u0432\u043e\u0440\u043e\u0442\u043d\u044b\u0439 \u043f\u0435\u0440\u0435\u043a\u043b\u044e\u0447\u0430\u0442\u0435\u043b\u044c \u0441 \u043a\u043b\u044e\u0447\u043e\u043c; 60\u00b0; \u0444\u0438\u043a\u0441\u0438\u0440\u043e\u0432\u0430\u043d\u043d\u044b\u0439; \u0434\u0432\u0443\u0445\u043f\u043e\u0437\u0438\u0446\u0438\u043e\u043d\u043d\u044b\u0439; 1NO+1NC; IP66 - Sakala T\u00f6\u00f6stusautomaatika O\u00dc","isPartOf":{"@id":"https:\/\/sakt.ee\/en\/#website"},"datePublished":"2025-05-17T03:27:00+00:00","dateModified":"2025-07-23T06:10:16+00:00","breadcrumb":{"@id":"https:\/\/sakt.ee\/\u043c\u0430\u0433\u0430\u0437\u0438\u043d\/automaatikakomponendid\/m16-m22-moodul-seeria-juhtnupud-ja-indikatsioonilambid\/poordlulitid\/m22-wrs-kc11-i\/#breadcrumb"},"inLanguage":"ru-RU","potentialAction":[{"@type":"ReadAction","target":["https:\/\/sakt.ee\/\u043c\u0430\u0433\u0430\u0437\u0438\u043d\/automaatikakomponendid\/m16-m22-moodul-seeria-juhtnupud-ja-indikatsioonilambid\/poordlulitid\/m22-wrs-kc11-i\/"]}]},{"@type":"BreadcrumbList","@id":"https:\/\/sakt.ee\/\u043c\u0430\u0433\u0430\u0437\u0438\u043d\/automaatikakomponendid\/m16-m22-moodul-seeria-juhtnupud-ja-indikatsioonilambid\/poordlulitid\/m22-wrs-kc11-i\/#breadcrumb","itemListElement":[{"@type":"ListItem","position":1,"name":"Home","item":"https:\/\/sakt.ee\/"},{"@type":"ListItem","position":2,"name":"\u041c\u0430\u0433\u0430\u0437\u0438\u043d","item":"https:\/\/sakt.ee\/ru\/\u043c\u0430\u0433\u0430\u0437\u0438\u043d\/"},{"@type":"ListItem","position":3,"name":"M22-WRS\/KC11\/I \u041a\u043d\u043e\u043f\u043e\u0447\u043d\u0430\u044f \u043a\u043e\u0440\u043e\u0431\u043a\u0430; 1 \u043e\u0442\u0432\u0435\u0440\u0441\u0442\u0438\u0435; \u0441\u0435\u0440\u044b\u0439; \u043f\u043e\u0432\u043e\u0440\u043e\u0442\u043d\u044b\u0439 \u043f\u0435\u0440\u0435\u043a\u043b\u044e\u0447\u0430\u0442\u0435\u043b\u044c \u0441 \u043a\u043b\u044e\u0447\u043e\u043c; 60\u00b0; \u0444\u0438\u043a\u0441\u0438\u0440\u043e\u0432\u0430\u043d\u043d\u044b\u0439; \u0434\u0432\u0443\u0445\u043f\u043e\u0437\u0438\u0446\u0438\u043e\u043d\u043d\u044b\u0439; 1NO+1NC; IP66"}]},{"@type":"WebSite","@id":"https:\/\/sakt.ee\/en\/#website","url":"https:\/\/sakt.ee\/en\/","name":"Sakala T\u00f6\u00f6stusautomaatika O\u00dc","description":"T\u00f6\u00f6stusautomaatika e-pood","publisher":{"@id":"https:\/\/sakt.ee\/en\/#organization"},"potentialAction":[{"@type":"SearchAction","target":{"@type":"EntryPoint","urlTemplate":"https:\/\/sakt.ee\/en\/?s={search_term_string}"},"query-input":{"@type":"PropertyValueSpecification","valueRequired":true,"valueName":"search_term_string"}}],"inLanguage":"ru-RU"},{"@type":"Organization","@id":"https:\/\/sakt.ee\/en\/#organization","name":"Sakala T\u00f6\u00f6stusautomaatika O\u00dc","url":"https:\/\/sakt.ee\/en\/","logo":{"@type":"ImageObject","inLanguage":"ru-RU","@id":"https:\/\/sakt.ee\/en\/#\/schema\/logo\/image\/","url":"https:\/\/sakt.ee\/wp-content\/uploads\/2025\/05\/Sakala-Toostusautomaatika-favicon.png","contentUrl":"https:\/\/sakt.ee\/wp-content\/uploads\/2025\/05\/Sakala-Toostusautomaatika-favicon.png","width":500,"height":500,"caption":"Sakala T\u00f6\u00f6stusautomaatika O\u00dc"},"image":{"@id":"https:\/\/sakt.ee\/en\/#\/schema\/logo\/image\/"}}]},"product_price_amount":"33.25","product_price_currency":"EUR","og_availability":"backorder","product_availability":"available for order","product_retailer_item_id":"216526","product_condition":"new"},"_links":{"self":[{"href":"https:\/\/sakt.ee\/ru\/wp-json\/wp\/v2\/product\/42760","targetHints":{"allow":["GET"]}}],"collection":[{"href":"https:\/\/sakt.ee\/ru\/wp-json\/wp\/v2\/product"}],"about":[{"href":"https:\/\/sakt.ee\/ru\/wp-json\/wp\/v2\/types\/product"}],"version-history":[{"count":0,"href":"https:\/\/sakt.ee\/ru\/wp-json\/wp\/v2\/product\/42760\/revisions"}],"wp:attachment":[{"href":"https:\/\/sakt.ee\/ru\/wp-json\/wp\/v2\/media?parent=42760"}],"wp:term":[{"taxonomy":"product_brand","embeddable":true,"href":"https:\/\/sakt.ee\/ru\/wp-json\/wp\/v2\/product_brand?post=42760"},{"taxonomy":"product_cat","embeddable":true,"href":"https:\/\/sakt.ee\/ru\/wp-json\/wp\/v2\/product_cat?post=42760"},{"taxonomy":"product_tag","embeddable":true,"href":"https:\/\/sakt.ee\/ru\/wp-json\/wp\/v2\/product_tag?post=42760"},{"taxonomy":"manufacturers","embeddable":true,"href":"https:\/\/sakt.ee\/ru\/wp-json\/wp\/v2\/manufacturers?post=42760"}],"curies":[{"name":"wp","href":"https:\/\/api.w.org\/{rel}","templated":true}]}}