{"id":42759,"date":"2025-05-17T03:28:03","date_gmt":"2025-05-17T03:28:03","guid":{"rendered":"https:\/\/sakt.ee\/product\/ds7-340sx004n0-n-4a-15%d0%ba%d0%b2%d1%82-%d0%bd%d0%b0%d0%bf%d1%80%d1%8f%d0%b6%d0%b5%d0%bd%d0%b8%d0%b5-%d1%83%d0%bf%d1%80%d0%b0%d0%b2%d0%bb%d0%b5%d0%bd%d0%b8%d1%8f-24vac-dc\/"},"modified":"2025-08-12T19:47:58","modified_gmt":"2025-08-12T16:47:58","slug":"ds7-340sx004n0-n-4a-15%d0%ba%d0%b2%d1%82-%d0%bd%d0%b0%d0%bf%d1%80%d1%8f%d0%b6%d0%b5%d0%bd%d0%b8%d0%b5-%d1%83%d0%bf%d1%80%d0%b0%d0%b2%d0%bb%d0%b5%d0%bd%d0%b8%d1%8f-24vac-dc","status":"publish","type":"product","link":"https:\/\/sakt.ee\/ru\/\u043c\u0430\u0433\u0430\u0437\u0438\u043d\/%d0%ba%d0%be%d0%bc%d0%bf%d0%be%d0%bd%d0%b5%d0%bd%d1%82%d1%8b-%d0%b0%d0%b2%d1%82%d0%be%d0%bc%d0%b0%d1%82%d0%b8%d0%ba%d0%b8\/%d1%83%d1%81%d1%82%d1%80%d0%be%d0%b9%d1%81%d1%82%d0%b2%d0%b0-%d0%bf%d0%bb%d0%b0%d0%b2%d0%bd%d0%be%d0%b3%d0%be-%d0%bf%d1%83%d1%81%d0%ba%d0%b0-%d0%b8-%d1%87%d0%b0%d1%81%d1%82%d0%be%d1%82%d0%bd%d1%8b\/%d1%83%d1%81%d1%82%d1%80%d0%be%d0%b9%d1%81%d1%82%d0%b2%d0%b0-%d0%bf%d0%bb%d0%b0%d0%b2%d0%bd%d0%be%d0%b3%d0%be-%d0%bf%d1%83%d1%81%d0%ba%d0%b0\/ds7-340sx004n0-n-4a-15%d0%ba%d0%b2%d1%82-%d0%bd%d0%b0%d0%bf%d1%80%d1%8f%d0%b6%d0%b5%d0%bd%d0%b8%d0%b5-%d1%83%d0%bf%d1%80%d0%b0%d0%b2%d0%bb%d0%b5%d0%bd%d0%b8%d1%8f-24vac-dc\/","title":{"rendered":"DS7-340SX004N0-N 4A, 1,5\u043a\u0412\u0442, \u043d\u0430\u043f\u0440\u044f\u0436\u0435\u043d\u0438\u0435 \u0443\u043f\u0440\u0430\u0432\u043b\u0435\u043d\u0438\u044f 24VAC\/DC"},"content":{"rendered":"","protected":false},"excerpt":{"rendered":"<p>\u0420\u0435\u0433\u0443\u043b\u0438\u0440\u0443\u0435\u043c\u044b\u0435 \u0437\u043d\u0430\u0447\u0435\u043d\u0438\u044f:<br \/>\n\u0412\u0440\u0435\u043c\u044f \u0437\u0430\u043f\u0443\u0441\u043a\u0430: 1-30 \u0441\u0435\u043a<br \/>\n\u041f\u0443\u0441\u043a\u043e\u0432\u043e\u0435 \u043d\u0430\u043f\u0440\u044f\u0436\u0435\u043d\u0438\u0435: 30-100%<br \/>\n\u0412\u0440\u0435\u043c\u044f \u0442\u043e\u0440\u043c\u043e\u0436\u0435\u043d\u0438\u044f: 1-30 \u0441\u0435\u043a.<\/p>\n","protected":false},"featured_media":29642,"template":"","meta":{"_acf_changed":false},"product_brand":[],"product_cat":[3214],"product_tag":[],"manufacturers":[7786],"class_list":{"0":"post-42759","1":"product","2":"type-product","3":"status-publish","4":"has-post-thumbnail","6":"product_cat-3214","7":"pa_kaitseklass-ip20-ru","8":"pa_mootori-voimsus-15-","9":"pa_nimivool-4a-ru","10":"pa_pooluste-arv-3-ru","11":"pa_toide-24----","12":"pa_tootemperatuur-5-40c-ru","13":"pa_tootja-eaton","14":"manufacturers-eaton-ru","16":"first","17":"onbackorder","18":"taxable","19":"shipping-taxable","20":"purchasable","21":"product-type-simple"},"acf":[],"yoast_head":"<!-- This site is optimized with the Yoast SEO Premium plugin v25.4 (Yoast SEO v25.4) - https:\/\/yoast.com\/wordpress\/plugins\/seo\/ -->\n<title>DS7-340SX004N0-N 4A, 1,5\u043a\u0412\u0442, \u043d\u0430\u043f\u0440\u044f\u0436\u0435\u043d\u0438\u0435 \u0443\u043f\u0440\u0430\u0432\u043b\u0435\u043d\u0438\u044f 24VAC\/DC - Sakala T\u00f6\u00f6stusautomaatika O\u00dc<\/title>\n<meta name=\"robots\" content=\"index, follow, max-snippet:-1, max-image-preview:large, max-video-preview:-1\" \/>\n<link rel=\"canonical\" href=\"https:\/\/sakt.ee\/\u043c\u0430\u0433\u0430\u0437\u0438\u043d\/automaatikakomponendid\/sujuvkaivitid-ja-sagedusmuundurid\/sujuvkaivitid\/ds7-340sx004n0-n-sujuvkaiviti-4a-15kw-juhtpinge-24vac-dc\/\" \/>\n<meta property=\"og:locale\" content=\"ru_RU\" \/>\n<meta property=\"og:type\" content=\"article\" \/>\n<meta property=\"og:title\" content=\"DS7-340SX004N0-N 4A, 1,5\u043a\u0412\u0442, \u043d\u0430\u043f\u0440\u044f\u0436\u0435\u043d\u0438\u0435 \u0443\u043f\u0440\u0430\u0432\u043b\u0435\u043d\u0438\u044f 24VAC\/DC\" \/>\n<meta property=\"og:description\" content=\"\u0420\u0435\u0433\u0443\u043b\u0438\u0440\u0443\u0435\u043c\u044b\u0435 \u0437\u043d\u0430\u0447\u0435\u043d\u0438\u044f: \u0412\u0440\u0435\u043c\u044f \u0437\u0430\u043f\u0443\u0441\u043a\u0430: 1-30 \u0441\u0435\u043a \u041f\u0443\u0441\u043a\u043e\u0432\u043e\u0435 \u043d\u0430\u043f\u0440\u044f\u0436\u0435\u043d\u0438\u0435: 30-100% \u0412\u0440\u0435\u043c\u044f \u0442\u043e\u0440\u043c\u043e\u0436\u0435\u043d\u0438\u044f: 1-30 \u0441\u0435\u043a.\" \/>\n<meta property=\"og:url\" content=\"https:\/\/sakt.ee\/\u043c\u0430\u0433\u0430\u0437\u0438\u043d\/automaatikakomponendid\/sujuvkaivitid-ja-sagedusmuundurid\/sujuvkaivitid\/ds7-340sx004n0-n-sujuvkaiviti-4a-15kw-juhtpinge-24vac-dc\/\" \/>\n<meta property=\"og:site_name\" content=\"Sakala T\u00f6\u00f6stusautomaatika O\u00dc\" \/>\n<meta property=\"article:modified_time\" content=\"2025-08-12T16:47:58+00:00\" \/>\n<meta property=\"og:image\" content=\"https:\/\/sakt.ee\/wp-content\/uploads\/2025\/05\/4372.jpg\" \/>\n\t<meta property=\"og:image:width\" content=\"301\" \/>\n\t<meta property=\"og:image:height\" content=\"580\" \/>\n\t<meta property=\"og:image:type\" content=\"image\/jpeg\" \/>\n<meta name=\"twitter:card\" content=\"summary_large_image\" \/>\n<meta name=\"twitter:label1\" content=\"\u0426\u0435\u043d\u0430\" \/>\n\t<meta name=\"twitter:data1\" content=\"133,70&euro; +KM\" \/>\n\t<meta name=\"twitter:label2\" content=\"\u0414\u043e\u0441\u0442\u0443\u043f\u043d\u043e\u0441\u0442\u044c\" \/>\n\t<meta name=\"twitter:data2\" content=\"\u041d\u0430 \u0437\u0430\u043a\u0430\u0437\" \/>\n<script type=\"application\/ld+json\" class=\"yoast-schema-graph\">{\"@context\":\"https:\/\/schema.org\",\"@graph\":[{\"@type\":\"WebPage\",\"@id\":\"https:\/\/sakt.ee\/\u043c\u0430\u0433\u0430\u0437\u0438\u043d\/automaatikakomponendid\/sujuvkaivitid-ja-sagedusmuundurid\/sujuvkaivitid\/ds7-340sx004n0-n-sujuvkaiviti-4a-15kw-juhtpinge-24vac-dc\/\",\"url\":\"https:\/\/sakt.ee\/\u043c\u0430\u0433\u0430\u0437\u0438\u043d\/automaatikakomponendid\/sujuvkaivitid-ja-sagedusmuundurid\/sujuvkaivitid\/ds7-340sx004n0-n-sujuvkaiviti-4a-15kw-juhtpinge-24vac-dc\/\",\"name\":\"DS7-340SX004N0-N 4A, 1,5\u043a\u0412\u0442, \u043d\u0430\u043f\u0440\u044f\u0436\u0435\u043d\u0438\u0435 \u0443\u043f\u0440\u0430\u0432\u043b\u0435\u043d\u0438\u044f 24VAC\/DC - Sakala T\u00f6\u00f6stusautomaatika O\u00dc\",\"isPartOf\":{\"@id\":\"https:\/\/sakt.ee\/en\/#website\"},\"primaryImageOfPage\":{\"@id\":\"https:\/\/sakt.ee\/\u043c\u0430\u0433\u0430\u0437\u0438\u043d\/automaatikakomponendid\/sujuvkaivitid-ja-sagedusmuundurid\/sujuvkaivitid\/ds7-340sx004n0-n-sujuvkaiviti-4a-15kw-juhtpinge-24vac-dc\/#primaryimage\"},\"image\":{\"@id\":\"https:\/\/sakt.ee\/\u043c\u0430\u0433\u0430\u0437\u0438\u043d\/automaatikakomponendid\/sujuvkaivitid-ja-sagedusmuundurid\/sujuvkaivitid\/ds7-340sx004n0-n-sujuvkaiviti-4a-15kw-juhtpinge-24vac-dc\/#primaryimage\"},\"thumbnailUrl\":\"https:\/\/sakt.ee\/wp-content\/uploads\/2025\/05\/4372.jpg\",\"datePublished\":\"2025-05-17T03:28:03+00:00\",\"dateModified\":\"2025-08-12T16:47:58+00:00\",\"breadcrumb\":{\"@id\":\"https:\/\/sakt.ee\/\u043c\u0430\u0433\u0430\u0437\u0438\u043d\/automaatikakomponendid\/sujuvkaivitid-ja-sagedusmuundurid\/sujuvkaivitid\/ds7-340sx004n0-n-sujuvkaiviti-4a-15kw-juhtpinge-24vac-dc\/#breadcrumb\"},\"inLanguage\":\"ru-RU\",\"potentialAction\":[{\"@type\":\"ReadAction\",\"target\":[\"https:\/\/sakt.ee\/\u043c\u0430\u0433\u0430\u0437\u0438\u043d\/automaatikakomponendid\/sujuvkaivitid-ja-sagedusmuundurid\/sujuvkaivitid\/ds7-340sx004n0-n-sujuvkaiviti-4a-15kw-juhtpinge-24vac-dc\/\"]}]},{\"@type\":\"ImageObject\",\"inLanguage\":\"ru-RU\",\"@id\":\"https:\/\/sakt.ee\/\u043c\u0430\u0433\u0430\u0437\u0438\u043d\/automaatikakomponendid\/sujuvkaivitid-ja-sagedusmuundurid\/sujuvkaivitid\/ds7-340sx004n0-n-sujuvkaiviti-4a-15kw-juhtpinge-24vac-dc\/#primaryimage\",\"url\":\"https:\/\/sakt.ee\/wp-content\/uploads\/2025\/05\/4372.jpg\",\"contentUrl\":\"https:\/\/sakt.ee\/wp-content\/uploads\/2025\/05\/4372.jpg\",\"width\":301,\"height\":580},{\"@type\":\"BreadcrumbList\",\"@id\":\"https:\/\/sakt.ee\/\u043c\u0430\u0433\u0430\u0437\u0438\u043d\/automaatikakomponendid\/sujuvkaivitid-ja-sagedusmuundurid\/sujuvkaivitid\/ds7-340sx004n0-n-sujuvkaiviti-4a-15kw-juhtpinge-24vac-dc\/#breadcrumb\",\"itemListElement\":[{\"@type\":\"ListItem\",\"position\":1,\"name\":\"Home\",\"item\":\"https:\/\/sakt.ee\/\"},{\"@type\":\"ListItem\",\"position\":2,\"name\":\"\u041c\u0430\u0433\u0430\u0437\u0438\u043d\",\"item\":\"https:\/\/sakt.ee\/ru\/\u043c\u0430\u0433\u0430\u0437\u0438\u043d\/\"},{\"@type\":\"ListItem\",\"position\":3,\"name\":\"DS7-340SX004N0-N 4A, 1,5\u043a\u0412\u0442, \u043d\u0430\u043f\u0440\u044f\u0436\u0435\u043d\u0438\u0435 \u0443\u043f\u0440\u0430\u0432\u043b\u0435\u043d\u0438\u044f 24VAC\/DC\"}]},{\"@type\":\"WebSite\",\"@id\":\"https:\/\/sakt.ee\/en\/#website\",\"url\":\"https:\/\/sakt.ee\/en\/\",\"name\":\"Sakala T\u00f6\u00f6stusautomaatika O\u00dc\",\"description\":\"T\u00f6\u00f6stusautomaatika e-pood\",\"publisher\":{\"@id\":\"https:\/\/sakt.ee\/en\/#organization\"},\"potentialAction\":[{\"@type\":\"SearchAction\",\"target\":{\"@type\":\"EntryPoint\",\"urlTemplate\":\"https:\/\/sakt.ee\/en\/?s={search_term_string}\"},\"query-input\":{\"@type\":\"PropertyValueSpecification\",\"valueRequired\":true,\"valueName\":\"search_term_string\"}}],\"inLanguage\":\"ru-RU\"},{\"@type\":\"Organization\",\"@id\":\"https:\/\/sakt.ee\/en\/#organization\",\"name\":\"Sakala T\u00f6\u00f6stusautomaatika O\u00dc\",\"url\":\"https:\/\/sakt.ee\/en\/\",\"logo\":{\"@type\":\"ImageObject\",\"inLanguage\":\"ru-RU\",\"@id\":\"https:\/\/sakt.ee\/en\/#\/schema\/logo\/image\/\",\"url\":\"https:\/\/sakt.ee\/wp-content\/uploads\/2025\/05\/Sakala-Toostusautomaatika-favicon.png\",\"contentUrl\":\"https:\/\/sakt.ee\/wp-content\/uploads\/2025\/05\/Sakala-Toostusautomaatika-favicon.png\",\"width\":500,\"height\":500,\"caption\":\"Sakala T\u00f6\u00f6stusautomaatika O\u00dc\"},\"image\":{\"@id\":\"https:\/\/sakt.ee\/en\/#\/schema\/logo\/image\/\"}}]}<\/script>\n<meta property=\"product:price:amount\" content=\"133.70\" \/>\n<meta property=\"product:price:currency\" content=\"EUR\" \/>\n<meta property=\"og:availability\" content=\"backorder\" \/>\n<meta property=\"product:availability\" content=\"available for order\" \/>\n<meta property=\"product:retailer_item_id\" content=\"134847\" \/>\n<meta property=\"product:condition\" content=\"new\" \/>\n<!-- \/ Yoast SEO Premium plugin. -->","yoast_head_json":{"title":"DS7-340SX004N0-N 4A, 1,5\u043a\u0412\u0442, \u043d\u0430\u043f\u0440\u044f\u0436\u0435\u043d\u0438\u0435 \u0443\u043f\u0440\u0430\u0432\u043b\u0435\u043d\u0438\u044f 24VAC\/DC - Sakala T\u00f6\u00f6stusautomaatika O\u00dc","robots":{"index":"index","follow":"follow","max-snippet":"max-snippet:-1","max-image-preview":"max-image-preview:large","max-video-preview":"max-video-preview:-1"},"canonical":"https:\/\/sakt.ee\/\u043c\u0430\u0433\u0430\u0437\u0438\u043d\/automaatikakomponendid\/sujuvkaivitid-ja-sagedusmuundurid\/sujuvkaivitid\/ds7-340sx004n0-n-sujuvkaiviti-4a-15kw-juhtpinge-24vac-dc\/","og_locale":"ru_RU","og_type":"article","og_title":"DS7-340SX004N0-N 4A, 1,5\u043a\u0412\u0442, \u043d\u0430\u043f\u0440\u044f\u0436\u0435\u043d\u0438\u0435 \u0443\u043f\u0440\u0430\u0432\u043b\u0435\u043d\u0438\u044f 24VAC\/DC","og_description":"\u0420\u0435\u0433\u0443\u043b\u0438\u0440\u0443\u0435\u043c\u044b\u0435 \u0437\u043d\u0430\u0447\u0435\u043d\u0438\u044f: \u0412\u0440\u0435\u043c\u044f \u0437\u0430\u043f\u0443\u0441\u043a\u0430: 1-30 \u0441\u0435\u043a \u041f\u0443\u0441\u043a\u043e\u0432\u043e\u0435 \u043d\u0430\u043f\u0440\u044f\u0436\u0435\u043d\u0438\u0435: 30-100% \u0412\u0440\u0435\u043c\u044f \u0442\u043e\u0440\u043c\u043e\u0436\u0435\u043d\u0438\u044f: 1-30 \u0441\u0435\u043a.","og_url":"https:\/\/sakt.ee\/\u043c\u0430\u0433\u0430\u0437\u0438\u043d\/automaatikakomponendid\/sujuvkaivitid-ja-sagedusmuundurid\/sujuvkaivitid\/ds7-340sx004n0-n-sujuvkaiviti-4a-15kw-juhtpinge-24vac-dc\/","og_site_name":"Sakala T\u00f6\u00f6stusautomaatika O\u00dc","article_modified_time":"2025-08-12T16:47:58+00:00","og_image":[{"width":301,"height":580,"url":"https:\/\/sakt.ee\/wp-content\/uploads\/2025\/05\/4372.jpg","type":"image\/jpeg"}],"twitter_card":"summary_large_image","twitter_misc":{"\u0426\u0435\u043d\u0430":"133,70&euro; +KM","\u0414\u043e\u0441\u0442\u0443\u043f\u043d\u043e\u0441\u0442\u044c":"\u041d\u0430 \u0437\u0430\u043a\u0430\u0437"},"schema":{"@context":"https:\/\/schema.org","@graph":[{"@type":"WebPage","@id":"https:\/\/sakt.ee\/\u043c\u0430\u0433\u0430\u0437\u0438\u043d\/automaatikakomponendid\/sujuvkaivitid-ja-sagedusmuundurid\/sujuvkaivitid\/ds7-340sx004n0-n-sujuvkaiviti-4a-15kw-juhtpinge-24vac-dc\/","url":"https:\/\/sakt.ee\/\u043c\u0430\u0433\u0430\u0437\u0438\u043d\/automaatikakomponendid\/sujuvkaivitid-ja-sagedusmuundurid\/sujuvkaivitid\/ds7-340sx004n0-n-sujuvkaiviti-4a-15kw-juhtpinge-24vac-dc\/","name":"DS7-340SX004N0-N 4A, 1,5\u043a\u0412\u0442, \u043d\u0430\u043f\u0440\u044f\u0436\u0435\u043d\u0438\u0435 \u0443\u043f\u0440\u0430\u0432\u043b\u0435\u043d\u0438\u044f 24VAC\/DC - Sakala T\u00f6\u00f6stusautomaatika O\u00dc","isPartOf":{"@id":"https:\/\/sakt.ee\/en\/#website"},"primaryImageOfPage":{"@id":"https:\/\/sakt.ee\/\u043c\u0430\u0433\u0430\u0437\u0438\u043d\/automaatikakomponendid\/sujuvkaivitid-ja-sagedusmuundurid\/sujuvkaivitid\/ds7-340sx004n0-n-sujuvkaiviti-4a-15kw-juhtpinge-24vac-dc\/#primaryimage"},"image":{"@id":"https:\/\/sakt.ee\/\u043c\u0430\u0433\u0430\u0437\u0438\u043d\/automaatikakomponendid\/sujuvkaivitid-ja-sagedusmuundurid\/sujuvkaivitid\/ds7-340sx004n0-n-sujuvkaiviti-4a-15kw-juhtpinge-24vac-dc\/#primaryimage"},"thumbnailUrl":"https:\/\/sakt.ee\/wp-content\/uploads\/2025\/05\/4372.jpg","datePublished":"2025-05-17T03:28:03+00:00","dateModified":"2025-08-12T16:47:58+00:00","breadcrumb":{"@id":"https:\/\/sakt.ee\/\u043c\u0430\u0433\u0430\u0437\u0438\u043d\/automaatikakomponendid\/sujuvkaivitid-ja-sagedusmuundurid\/sujuvkaivitid\/ds7-340sx004n0-n-sujuvkaiviti-4a-15kw-juhtpinge-24vac-dc\/#breadcrumb"},"inLanguage":"ru-RU","potentialAction":[{"@type":"ReadAction","target":["https:\/\/sakt.ee\/\u043c\u0430\u0433\u0430\u0437\u0438\u043d\/automaatikakomponendid\/sujuvkaivitid-ja-sagedusmuundurid\/sujuvkaivitid\/ds7-340sx004n0-n-sujuvkaiviti-4a-15kw-juhtpinge-24vac-dc\/"]}]},{"@type":"ImageObject","inLanguage":"ru-RU","@id":"https:\/\/sakt.ee\/\u043c\u0430\u0433\u0430\u0437\u0438\u043d\/automaatikakomponendid\/sujuvkaivitid-ja-sagedusmuundurid\/sujuvkaivitid\/ds7-340sx004n0-n-sujuvkaiviti-4a-15kw-juhtpinge-24vac-dc\/#primaryimage","url":"https:\/\/sakt.ee\/wp-content\/uploads\/2025\/05\/4372.jpg","contentUrl":"https:\/\/sakt.ee\/wp-content\/uploads\/2025\/05\/4372.jpg","width":301,"height":580},{"@type":"BreadcrumbList","@id":"https:\/\/sakt.ee\/\u043c\u0430\u0433\u0430\u0437\u0438\u043d\/automaatikakomponendid\/sujuvkaivitid-ja-sagedusmuundurid\/sujuvkaivitid\/ds7-340sx004n0-n-sujuvkaiviti-4a-15kw-juhtpinge-24vac-dc\/#breadcrumb","itemListElement":[{"@type":"ListItem","position":1,"name":"Home","item":"https:\/\/sakt.ee\/"},{"@type":"ListItem","position":2,"name":"\u041c\u0430\u0433\u0430\u0437\u0438\u043d","item":"https:\/\/sakt.ee\/ru\/\u043c\u0430\u0433\u0430\u0437\u0438\u043d\/"},{"@type":"ListItem","position":3,"name":"DS7-340SX004N0-N 4A, 1,5\u043a\u0412\u0442, \u043d\u0430\u043f\u0440\u044f\u0436\u0435\u043d\u0438\u0435 \u0443\u043f\u0440\u0430\u0432\u043b\u0435\u043d\u0438\u044f 24VAC\/DC"}]},{"@type":"WebSite","@id":"https:\/\/sakt.ee\/en\/#website","url":"https:\/\/sakt.ee\/en\/","name":"Sakala T\u00f6\u00f6stusautomaatika O\u00dc","description":"T\u00f6\u00f6stusautomaatika e-pood","publisher":{"@id":"https:\/\/sakt.ee\/en\/#organization"},"potentialAction":[{"@type":"SearchAction","target":{"@type":"EntryPoint","urlTemplate":"https:\/\/sakt.ee\/en\/?s={search_term_string}"},"query-input":{"@type":"PropertyValueSpecification","valueRequired":true,"valueName":"search_term_string"}}],"inLanguage":"ru-RU"},{"@type":"Organization","@id":"https:\/\/sakt.ee\/en\/#organization","name":"Sakala T\u00f6\u00f6stusautomaatika O\u00dc","url":"https:\/\/sakt.ee\/en\/","logo":{"@type":"ImageObject","inLanguage":"ru-RU","@id":"https:\/\/sakt.ee\/en\/#\/schema\/logo\/image\/","url":"https:\/\/sakt.ee\/wp-content\/uploads\/2025\/05\/Sakala-Toostusautomaatika-favicon.png","contentUrl":"https:\/\/sakt.ee\/wp-content\/uploads\/2025\/05\/Sakala-Toostusautomaatika-favicon.png","width":500,"height":500,"caption":"Sakala T\u00f6\u00f6stusautomaatika O\u00dc"},"image":{"@id":"https:\/\/sakt.ee\/en\/#\/schema\/logo\/image\/"}}]},"product_price_amount":"133.70","product_price_currency":"EUR","og_availability":"backorder","product_availability":"available for order","product_retailer_item_id":"134847","product_condition":"new"},"_links":{"self":[{"href":"https:\/\/sakt.ee\/ru\/wp-json\/wp\/v2\/product\/42759","targetHints":{"allow":["GET"]}}],"collection":[{"href":"https:\/\/sakt.ee\/ru\/wp-json\/wp\/v2\/product"}],"about":[{"href":"https:\/\/sakt.ee\/ru\/wp-json\/wp\/v2\/types\/product"}],"version-history":[{"count":0,"href":"https:\/\/sakt.ee\/ru\/wp-json\/wp\/v2\/product\/42759\/revisions"}],"wp:featuredmedia":[{"embeddable":true,"href":"https:\/\/sakt.ee\/ru\/wp-json\/wp\/v2\/media\/29642"}],"wp:attachment":[{"href":"https:\/\/sakt.ee\/ru\/wp-json\/wp\/v2\/media?parent=42759"}],"wp:term":[{"taxonomy":"product_brand","embeddable":true,"href":"https:\/\/sakt.ee\/ru\/wp-json\/wp\/v2\/product_brand?post=42759"},{"taxonomy":"product_cat","embeddable":true,"href":"https:\/\/sakt.ee\/ru\/wp-json\/wp\/v2\/product_cat?post=42759"},{"taxonomy":"product_tag","embeddable":true,"href":"https:\/\/sakt.ee\/ru\/wp-json\/wp\/v2\/product_tag?post=42759"},{"taxonomy":"manufacturers","embeddable":true,"href":"https:\/\/sakt.ee\/ru\/wp-json\/wp\/v2\/manufacturers?post=42759"}],"curies":[{"name":"wp","href":"https:\/\/api.w.org\/{rel}","templated":true}]}}