{"id":42712,"date":"2025-05-17T06:36:50","date_gmt":"2025-05-17T03:36:50","guid":{"rendered":"https:\/\/sakt.ee\/product\/%d0%ba%d1%80%d0%be%d0%bd%d1%88%d1%82%d0%b5%d0%b9%d0%bd-%d1%81%d0%b8%d0%b3%d0%bd%d0%b0%d0%bb%d1%8c%d0%bd%d0%be%d0%b9-%d0%b1%d0%b0%d1%88%d0%bd%d0%b8-lr-%d1%80%d0%b5%d0%b7%d1%8c%d0%b1%d0%be%d0%b2%d0"},"modified":"2025-11-04T12:11:49","modified_gmt":"2025-11-04T09:11:49","slug":"%d0%ba%d1%80%d0%be%d0%bd%d1%88%d1%82%d0%b5%d0%b9%d0%bd-%d1%81%d0%b8%d0%b3%d0%bd%d0%b0%d0%bb%d1%8c%d0%bd%d0%be%d0%b9-%d0%b1%d0%b0%d1%88%d0%bd%d0%b8-lr-%d1%80%d0%b5%d0%b7%d1%8c%d0%b1%d0%be%d0%b2%d0%be","status":"publish","type":"product","link":"https:\/\/sakt.ee\/ru\/\u043c\u0430\u0433\u0430\u0437\u0438\u043d\/%d1%81%d0%b8%d0%b3%d0%bd%d0%b0%d0%bb%d1%8c%d0%bd%d1%8b%d0%b5-%d1%81%d0%b8%d1%81%d1%82%d0%b5%d0%bc%d1%8b\/%d1%81%d0%b8%d0%b3%d0%bd%d0%b0%d0%bb%d1%8c%d0%bd%d1%8b%d0%b5-%d0%b1%d0%b0%d1%88%d0%bd%d0%b8\/%d0%ba%d1%80%d0%be%d0%bd%d1%88%d1%82%d0%b5%d0%b9%d0%bd-%d1%81%d0%b8%d0%b3%d0%bd%d0%b0%d0%bb%d1%8c%d0%bd%d0%be%d0%b9-%d0%b1%d0%b0%d1%88%d0%bd%d0%b8-lr-%d1%80%d0%b5%d0%b7%d1%8c%d0%b1%d0%be%d0%b2%d0%be\/","title":{"rendered":"\u041a\u0440\u043e\u043d\u0448\u0442\u0435\u0439\u043d \u0441\u0438\u0433\u043d\u0430\u043b\u044c\u043d\u043e\u0439 \u0431\u0430\u0448\u043d\u0438 LR, \u0440\u0435\u0437\u044c\u0431\u043e\u0432\u043e\u0439 \u0443\u0434\u043b\u0438\u043d\u0438\u0442\u0435\u043b\u044c, \u00d822 \u043c\u043c, 100 \u043c\u043c, \u0430\u043b\u044e\u043c\u0438\u043d\u0438\u0439"},"content":{"rendered":"","protected":false},"excerpt":{"rendered":"","protected":false},"featured_media":29772,"template":"","meta":{"_acf_changed":false},"product_brand":[],"product_cat":[4259],"product_tag":[],"manufacturers":[7829],"class_list":{"0":"post-42712","1":"product","2":"type-product","3":"status-publish","4":"has-post-thumbnail","6":"product_cat-4259","7":"pa_labimoot-22mm-ru","8":"pa_materjal-4523","9":"pa_pikkus-100mm-ru","10":"pa_seeria-lr-ru","11":"pa_toode-3632","12":"pa_tootja-patlite","13":"manufacturers-patlite-ru","15":"first","16":"instock","17":"taxable","18":"shipping-taxable","19":"purchasable","20":"product-type-simple"},"acf":[],"yoast_head":"<!-- This site is optimized with the Yoast SEO Premium plugin v25.4 (Yoast SEO v25.4) - https:\/\/yoast.com\/wordpress\/plugins\/seo\/ -->\n<title>\u041a\u0440\u043e\u043d\u0448\u0442\u0435\u0439\u043d \u0441\u0438\u0433\u043d\u0430\u043b\u044c\u043d\u043e\u0439 \u0431\u0430\u0448\u043d\u0438 LR, \u0440\u0435\u0437\u044c\u0431\u043e\u0432\u043e\u0439 \u0443\u0434\u043b\u0438\u043d\u0438\u0442\u0435\u043b\u044c, \u00d822 \u043c\u043c, 100 \u043c\u043c, \u0430\u043b\u044e\u043c\u0438\u043d\u0438\u0439 - Sakala T\u00f6\u00f6stusautomaatika O\u00dc<\/title>\n<meta name=\"robots\" content=\"index, follow, max-snippet:-1, max-image-preview:large, max-video-preview:-1\" \/>\n<link rel=\"canonical\" href=\"https:\/\/sakt.ee\/\u043c\u0430\u0433\u0430\u0437\u0438\u043d\/signaalsusteemid\/signaaltornid\/lr-signaaltorni-kinnitus-keermestatud-pikendus-o22mm-100mm-alumiinium\/\" \/>\n<meta property=\"og:locale\" content=\"ru_RU\" \/>\n<meta property=\"og:type\" content=\"article\" \/>\n<meta property=\"og:title\" content=\"\u041a\u0440\u043e\u043d\u0448\u0442\u0435\u0439\u043d \u0441\u0438\u0433\u043d\u0430\u043b\u044c\u043d\u043e\u0439 \u0431\u0430\u0448\u043d\u0438 LR, \u0440\u0435\u0437\u044c\u0431\u043e\u0432\u043e\u0439 \u0443\u0434\u043b\u0438\u043d\u0438\u0442\u0435\u043b\u044c, \u00d822 \u043c\u043c, 100 \u043c\u043c, \u0430\u043b\u044e\u043c\u0438\u043d\u0438\u0439\" \/>\n<meta property=\"og:url\" content=\"https:\/\/sakt.ee\/\u043c\u0430\u0433\u0430\u0437\u0438\u043d\/signaalsusteemid\/signaaltornid\/lr-signaaltorni-kinnitus-keermestatud-pikendus-o22mm-100mm-alumiinium\/\" \/>\n<meta property=\"og:site_name\" content=\"Sakala T\u00f6\u00f6stusautomaatika O\u00dc\" \/>\n<meta property=\"article:modified_time\" content=\"2025-11-04T09:11:49+00:00\" \/>\n<meta property=\"og:image\" content=\"https:\/\/sakt.ee\/wp-content\/uploads\/2025\/05\/4580.jpg\" \/>\n\t<meta property=\"og:image:width\" content=\"1024\" \/>\n\t<meta property=\"og:image:height\" content=\"1024\" \/>\n\t<meta property=\"og:image:type\" content=\"image\/jpeg\" \/>\n<meta name=\"twitter:card\" content=\"summary_large_image\" \/>\n<meta name=\"twitter:label1\" content=\"\u0426\u0435\u043d\u0430\" \/>\n\t<meta name=\"twitter:data1\" content=\"12,80&euro; +KM\" \/>\n\t<meta name=\"twitter:label2\" content=\"\u0414\u043e\u0441\u0442\u0443\u043f\u043d\u043e\u0441\u0442\u044c\" \/>\n\t<meta name=\"twitter:data2\" content=\"\u0412 \u043d\u0430\u043b\u0438\u0447\u0438\u0438\" \/>\n<script type=\"application\/ld+json\" class=\"yoast-schema-graph\">{\"@context\":\"https:\/\/schema.org\",\"@graph\":[{\"@type\":\"WebPage\",\"@id\":\"https:\/\/sakt.ee\/\u043c\u0430\u0433\u0430\u0437\u0438\u043d\/signaalsusteemid\/signaaltornid\/lr-signaaltorni-kinnitus-keermestatud-pikendus-o22mm-100mm-alumiinium\/\",\"url\":\"https:\/\/sakt.ee\/\u043c\u0430\u0433\u0430\u0437\u0438\u043d\/signaalsusteemid\/signaaltornid\/lr-signaaltorni-kinnitus-keermestatud-pikendus-o22mm-100mm-alumiinium\/\",\"name\":\"\u041a\u0440\u043e\u043d\u0448\u0442\u0435\u0439\u043d \u0441\u0438\u0433\u043d\u0430\u043b\u044c\u043d\u043e\u0439 \u0431\u0430\u0448\u043d\u0438 LR, \u0440\u0435\u0437\u044c\u0431\u043e\u0432\u043e\u0439 \u0443\u0434\u043b\u0438\u043d\u0438\u0442\u0435\u043b\u044c, \u00d822 \u043c\u043c, 100 \u043c\u043c, \u0430\u043b\u044e\u043c\u0438\u043d\u0438\u0439 - Sakala T\u00f6\u00f6stusautomaatika O\u00dc\",\"isPartOf\":{\"@id\":\"https:\/\/sakt.ee\/en\/#website\"},\"primaryImageOfPage\":{\"@id\":\"https:\/\/sakt.ee\/\u043c\u0430\u0433\u0430\u0437\u0438\u043d\/signaalsusteemid\/signaaltornid\/lr-signaaltorni-kinnitus-keermestatud-pikendus-o22mm-100mm-alumiinium\/#primaryimage\"},\"image\":{\"@id\":\"https:\/\/sakt.ee\/\u043c\u0430\u0433\u0430\u0437\u0438\u043d\/signaalsusteemid\/signaaltornid\/lr-signaaltorni-kinnitus-keermestatud-pikendus-o22mm-100mm-alumiinium\/#primaryimage\"},\"thumbnailUrl\":\"https:\/\/sakt.ee\/wp-content\/uploads\/2025\/05\/4580.jpg\",\"datePublished\":\"2025-05-17T03:36:50+00:00\",\"dateModified\":\"2025-11-04T09:11:49+00:00\",\"breadcrumb\":{\"@id\":\"https:\/\/sakt.ee\/\u043c\u0430\u0433\u0430\u0437\u0438\u043d\/signaalsusteemid\/signaaltornid\/lr-signaaltorni-kinnitus-keermestatud-pikendus-o22mm-100mm-alumiinium\/#breadcrumb\"},\"inLanguage\":\"ru-RU\",\"potentialAction\":[{\"@type\":\"ReadAction\",\"target\":[\"https:\/\/sakt.ee\/\u043c\u0430\u0433\u0430\u0437\u0438\u043d\/signaalsusteemid\/signaaltornid\/lr-signaaltorni-kinnitus-keermestatud-pikendus-o22mm-100mm-alumiinium\/\"]}]},{\"@type\":\"ImageObject\",\"inLanguage\":\"ru-RU\",\"@id\":\"https:\/\/sakt.ee\/\u043c\u0430\u0433\u0430\u0437\u0438\u043d\/signaalsusteemid\/signaaltornid\/lr-signaaltorni-kinnitus-keermestatud-pikendus-o22mm-100mm-alumiinium\/#primaryimage\",\"url\":\"https:\/\/sakt.ee\/wp-content\/uploads\/2025\/05\/4580.jpg\",\"contentUrl\":\"https:\/\/sakt.ee\/wp-content\/uploads\/2025\/05\/4580.jpg\",\"width\":1024,\"height\":1024},{\"@type\":\"BreadcrumbList\",\"@id\":\"https:\/\/sakt.ee\/\u043c\u0430\u0433\u0430\u0437\u0438\u043d\/signaalsusteemid\/signaaltornid\/lr-signaaltorni-kinnitus-keermestatud-pikendus-o22mm-100mm-alumiinium\/#breadcrumb\",\"itemListElement\":[{\"@type\":\"ListItem\",\"position\":1,\"name\":\"Home\",\"item\":\"https:\/\/sakt.ee\/\"},{\"@type\":\"ListItem\",\"position\":2,\"name\":\"\u041c\u0430\u0433\u0430\u0437\u0438\u043d\",\"item\":\"https:\/\/sakt.ee\/ru\/\u043c\u0430\u0433\u0430\u0437\u0438\u043d\/\"},{\"@type\":\"ListItem\",\"position\":3,\"name\":\"\u041a\u0440\u043e\u043d\u0448\u0442\u0435\u0439\u043d \u0441\u0438\u0433\u043d\u0430\u043b\u044c\u043d\u043e\u0439 \u0431\u0430\u0448\u043d\u0438 LR, \u0440\u0435\u0437\u044c\u0431\u043e\u0432\u043e\u0439 \u0443\u0434\u043b\u0438\u043d\u0438\u0442\u0435\u043b\u044c, \u00d822 \u043c\u043c, 100 \u043c\u043c, \u0430\u043b\u044e\u043c\u0438\u043d\u0438\u0439\"}]},{\"@type\":\"WebSite\",\"@id\":\"https:\/\/sakt.ee\/en\/#website\",\"url\":\"https:\/\/sakt.ee\/en\/\",\"name\":\"Sakala T\u00f6\u00f6stusautomaatika O\u00dc\",\"description\":\"T\u00f6\u00f6stusautomaatika e-pood\",\"publisher\":{\"@id\":\"https:\/\/sakt.ee\/en\/#organization\"},\"potentialAction\":[{\"@type\":\"SearchAction\",\"target\":{\"@type\":\"EntryPoint\",\"urlTemplate\":\"https:\/\/sakt.ee\/en\/?s={search_term_string}\"},\"query-input\":{\"@type\":\"PropertyValueSpecification\",\"valueRequired\":true,\"valueName\":\"search_term_string\"}}],\"inLanguage\":\"ru-RU\"},{\"@type\":\"Organization\",\"@id\":\"https:\/\/sakt.ee\/en\/#organization\",\"name\":\"Sakala T\u00f6\u00f6stusautomaatika O\u00dc\",\"url\":\"https:\/\/sakt.ee\/en\/\",\"logo\":{\"@type\":\"ImageObject\",\"inLanguage\":\"ru-RU\",\"@id\":\"https:\/\/sakt.ee\/en\/#\/schema\/logo\/image\/\",\"url\":\"https:\/\/sakt.ee\/wp-content\/uploads\/2025\/05\/Sakala-Toostusautomaatika-favicon.png\",\"contentUrl\":\"https:\/\/sakt.ee\/wp-content\/uploads\/2025\/05\/Sakala-Toostusautomaatika-favicon.png\",\"width\":500,\"height\":500,\"caption\":\"Sakala T\u00f6\u00f6stusautomaatika O\u00dc\"},\"image\":{\"@id\":\"https:\/\/sakt.ee\/en\/#\/schema\/logo\/image\/\"}}]}<\/script>\n<meta property=\"product:price:amount\" content=\"12.80\" \/>\n<meta property=\"product:price:currency\" content=\"EUR\" \/>\n<meta property=\"og:availability\" content=\"instock\" \/>\n<meta property=\"product:availability\" content=\"instock\" \/>\n<meta property=\"product:retailer_item_id\" content=\"POLE22-0100AT\" \/>\n<meta property=\"product:condition\" content=\"new\" \/>\n<!-- \/ Yoast SEO Premium plugin. -->","yoast_head_json":{"title":"\u041a\u0440\u043e\u043d\u0448\u0442\u0435\u0439\u043d \u0441\u0438\u0433\u043d\u0430\u043b\u044c\u043d\u043e\u0439 \u0431\u0430\u0448\u043d\u0438 LR, \u0440\u0435\u0437\u044c\u0431\u043e\u0432\u043e\u0439 \u0443\u0434\u043b\u0438\u043d\u0438\u0442\u0435\u043b\u044c, \u00d822 \u043c\u043c, 100 \u043c\u043c, \u0430\u043b\u044e\u043c\u0438\u043d\u0438\u0439 - Sakala T\u00f6\u00f6stusautomaatika O\u00dc","robots":{"index":"index","follow":"follow","max-snippet":"max-snippet:-1","max-image-preview":"max-image-preview:large","max-video-preview":"max-video-preview:-1"},"canonical":"https:\/\/sakt.ee\/\u043c\u0430\u0433\u0430\u0437\u0438\u043d\/signaalsusteemid\/signaaltornid\/lr-signaaltorni-kinnitus-keermestatud-pikendus-o22mm-100mm-alumiinium\/","og_locale":"ru_RU","og_type":"article","og_title":"\u041a\u0440\u043e\u043d\u0448\u0442\u0435\u0439\u043d \u0441\u0438\u0433\u043d\u0430\u043b\u044c\u043d\u043e\u0439 \u0431\u0430\u0448\u043d\u0438 LR, \u0440\u0435\u0437\u044c\u0431\u043e\u0432\u043e\u0439 \u0443\u0434\u043b\u0438\u043d\u0438\u0442\u0435\u043b\u044c, \u00d822 \u043c\u043c, 100 \u043c\u043c, \u0430\u043b\u044e\u043c\u0438\u043d\u0438\u0439","og_url":"https:\/\/sakt.ee\/\u043c\u0430\u0433\u0430\u0437\u0438\u043d\/signaalsusteemid\/signaaltornid\/lr-signaaltorni-kinnitus-keermestatud-pikendus-o22mm-100mm-alumiinium\/","og_site_name":"Sakala T\u00f6\u00f6stusautomaatika O\u00dc","article_modified_time":"2025-11-04T09:11:49+00:00","og_image":[{"width":1024,"height":1024,"url":"https:\/\/sakt.ee\/wp-content\/uploads\/2025\/05\/4580.jpg","type":"image\/jpeg"}],"twitter_card":"summary_large_image","twitter_misc":{"\u0426\u0435\u043d\u0430":"12,80&euro; +KM","\u0414\u043e\u0441\u0442\u0443\u043f\u043d\u043e\u0441\u0442\u044c":"\u0412 \u043d\u0430\u043b\u0438\u0447\u0438\u0438"},"schema":{"@context":"https:\/\/schema.org","@graph":[{"@type":"WebPage","@id":"https:\/\/sakt.ee\/\u043c\u0430\u0433\u0430\u0437\u0438\u043d\/signaalsusteemid\/signaaltornid\/lr-signaaltorni-kinnitus-keermestatud-pikendus-o22mm-100mm-alumiinium\/","url":"https:\/\/sakt.ee\/\u043c\u0430\u0433\u0430\u0437\u0438\u043d\/signaalsusteemid\/signaaltornid\/lr-signaaltorni-kinnitus-keermestatud-pikendus-o22mm-100mm-alumiinium\/","name":"\u041a\u0440\u043e\u043d\u0448\u0442\u0435\u0439\u043d \u0441\u0438\u0433\u043d\u0430\u043b\u044c\u043d\u043e\u0439 \u0431\u0430\u0448\u043d\u0438 LR, \u0440\u0435\u0437\u044c\u0431\u043e\u0432\u043e\u0439 \u0443\u0434\u043b\u0438\u043d\u0438\u0442\u0435\u043b\u044c, \u00d822 \u043c\u043c, 100 \u043c\u043c, \u0430\u043b\u044e\u043c\u0438\u043d\u0438\u0439 - Sakala T\u00f6\u00f6stusautomaatika O\u00dc","isPartOf":{"@id":"https:\/\/sakt.ee\/en\/#website"},"primaryImageOfPage":{"@id":"https:\/\/sakt.ee\/\u043c\u0430\u0433\u0430\u0437\u0438\u043d\/signaalsusteemid\/signaaltornid\/lr-signaaltorni-kinnitus-keermestatud-pikendus-o22mm-100mm-alumiinium\/#primaryimage"},"image":{"@id":"https:\/\/sakt.ee\/\u043c\u0430\u0433\u0430\u0437\u0438\u043d\/signaalsusteemid\/signaaltornid\/lr-signaaltorni-kinnitus-keermestatud-pikendus-o22mm-100mm-alumiinium\/#primaryimage"},"thumbnailUrl":"https:\/\/sakt.ee\/wp-content\/uploads\/2025\/05\/4580.jpg","datePublished":"2025-05-17T03:36:50+00:00","dateModified":"2025-11-04T09:11:49+00:00","breadcrumb":{"@id":"https:\/\/sakt.ee\/\u043c\u0430\u0433\u0430\u0437\u0438\u043d\/signaalsusteemid\/signaaltornid\/lr-signaaltorni-kinnitus-keermestatud-pikendus-o22mm-100mm-alumiinium\/#breadcrumb"},"inLanguage":"ru-RU","potentialAction":[{"@type":"ReadAction","target":["https:\/\/sakt.ee\/\u043c\u0430\u0433\u0430\u0437\u0438\u043d\/signaalsusteemid\/signaaltornid\/lr-signaaltorni-kinnitus-keermestatud-pikendus-o22mm-100mm-alumiinium\/"]}]},{"@type":"ImageObject","inLanguage":"ru-RU","@id":"https:\/\/sakt.ee\/\u043c\u0430\u0433\u0430\u0437\u0438\u043d\/signaalsusteemid\/signaaltornid\/lr-signaaltorni-kinnitus-keermestatud-pikendus-o22mm-100mm-alumiinium\/#primaryimage","url":"https:\/\/sakt.ee\/wp-content\/uploads\/2025\/05\/4580.jpg","contentUrl":"https:\/\/sakt.ee\/wp-content\/uploads\/2025\/05\/4580.jpg","width":1024,"height":1024},{"@type":"BreadcrumbList","@id":"https:\/\/sakt.ee\/\u043c\u0430\u0433\u0430\u0437\u0438\u043d\/signaalsusteemid\/signaaltornid\/lr-signaaltorni-kinnitus-keermestatud-pikendus-o22mm-100mm-alumiinium\/#breadcrumb","itemListElement":[{"@type":"ListItem","position":1,"name":"Home","item":"https:\/\/sakt.ee\/"},{"@type":"ListItem","position":2,"name":"\u041c\u0430\u0433\u0430\u0437\u0438\u043d","item":"https:\/\/sakt.ee\/ru\/\u043c\u0430\u0433\u0430\u0437\u0438\u043d\/"},{"@type":"ListItem","position":3,"name":"\u041a\u0440\u043e\u043d\u0448\u0442\u0435\u0439\u043d \u0441\u0438\u0433\u043d\u0430\u043b\u044c\u043d\u043e\u0439 \u0431\u0430\u0448\u043d\u0438 LR, \u0440\u0435\u0437\u044c\u0431\u043e\u0432\u043e\u0439 \u0443\u0434\u043b\u0438\u043d\u0438\u0442\u0435\u043b\u044c, \u00d822 \u043c\u043c, 100 \u043c\u043c, \u0430\u043b\u044e\u043c\u0438\u043d\u0438\u0439"}]},{"@type":"WebSite","@id":"https:\/\/sakt.ee\/en\/#website","url":"https:\/\/sakt.ee\/en\/","name":"Sakala T\u00f6\u00f6stusautomaatika O\u00dc","description":"T\u00f6\u00f6stusautomaatika e-pood","publisher":{"@id":"https:\/\/sakt.ee\/en\/#organization"},"potentialAction":[{"@type":"SearchAction","target":{"@type":"EntryPoint","urlTemplate":"https:\/\/sakt.ee\/en\/?s={search_term_string}"},"query-input":{"@type":"PropertyValueSpecification","valueRequired":true,"valueName":"search_term_string"}}],"inLanguage":"ru-RU"},{"@type":"Organization","@id":"https:\/\/sakt.ee\/en\/#organization","name":"Sakala T\u00f6\u00f6stusautomaatika O\u00dc","url":"https:\/\/sakt.ee\/en\/","logo":{"@type":"ImageObject","inLanguage":"ru-RU","@id":"https:\/\/sakt.ee\/en\/#\/schema\/logo\/image\/","url":"https:\/\/sakt.ee\/wp-content\/uploads\/2025\/05\/Sakala-Toostusautomaatika-favicon.png","contentUrl":"https:\/\/sakt.ee\/wp-content\/uploads\/2025\/05\/Sakala-Toostusautomaatika-favicon.png","width":500,"height":500,"caption":"Sakala T\u00f6\u00f6stusautomaatika O\u00dc"},"image":{"@id":"https:\/\/sakt.ee\/en\/#\/schema\/logo\/image\/"}}]},"product_price_amount":"12.80","product_price_currency":"EUR","og_availability":"instock","product_availability":"instock","product_retailer_item_id":"POLE22-0100AT","product_condition":"new"},"_links":{"self":[{"href":"https:\/\/sakt.ee\/ru\/wp-json\/wp\/v2\/product\/42712","targetHints":{"allow":["GET"]}}],"collection":[{"href":"https:\/\/sakt.ee\/ru\/wp-json\/wp\/v2\/product"}],"about":[{"href":"https:\/\/sakt.ee\/ru\/wp-json\/wp\/v2\/types\/product"}],"version-history":[{"count":0,"href":"https:\/\/sakt.ee\/ru\/wp-json\/wp\/v2\/product\/42712\/revisions"}],"wp:featuredmedia":[{"embeddable":true,"href":"https:\/\/sakt.ee\/ru\/wp-json\/wp\/v2\/media\/29772"}],"wp:attachment":[{"href":"https:\/\/sakt.ee\/ru\/wp-json\/wp\/v2\/media?parent=42712"}],"wp:term":[{"taxonomy":"product_brand","embeddable":true,"href":"https:\/\/sakt.ee\/ru\/wp-json\/wp\/v2\/product_brand?post=42712"},{"taxonomy":"product_cat","embeddable":true,"href":"https:\/\/sakt.ee\/ru\/wp-json\/wp\/v2\/product_cat?post=42712"},{"taxonomy":"product_tag","embeddable":true,"href":"https:\/\/sakt.ee\/ru\/wp-json\/wp\/v2\/product_tag?post=42712"},{"taxonomy":"manufacturers","embeddable":true,"href":"https:\/\/sakt.ee\/ru\/wp-json\/wp\/v2\/manufacturers?post=42712"}],"curies":[{"name":"wp","href":"https:\/\/api.w.org\/{rel}","templated":true}]}}