{"id":42328,"date":"2025-05-17T10:01:07","date_gmt":"2025-05-17T07:01:07","guid":{"rendered":"https:\/\/sakt.ee\/product\/%d0%b1%d1%8b%d1%81%d1%82%d1%80%d0%be%d1%80%d0%b0%d0%b7%d1%8a%d0%b5%d0%bc%d0%bd%d1%8b%d0%b9-%d1%81%d0%be%d0%b5%d0%b4%d0%b8%d0%bd%d0%b8%d1%82%d0%b5%d0%bb%d1%8c-16pin-%d0%b3%d0%bd%d0%b5%d0%b7%d0%b4-"},"modified":"2025-11-04T11:30:43","modified_gmt":"2025-11-04T08:30:43","slug":"%d0%b1%d1%8b%d1%81%d1%82%d1%80%d0%be%d1%80%d0%b0%d0%b7%d1%8a%d0%b5%d0%bc%d0%bd%d1%8b%d0%b9-%d1%81%d0%be%d0%b5%d0%b4%d0%b8%d0%bd%d0%b8%d1%82%d0%b5%d0%bb%d1%8c-16pin-%d0%b3%d0%bd%d0%b5%d0%b7%d0%b4-2","status":"publish","type":"product","link":"https:\/\/sakt.ee\/ru\/\u043c\u0430\u0433\u0430\u0437\u0438\u043d\/%d0%b4%d0%b0%d1%82%d1%87%d0%b8%d0%ba%d0%b8-%d0%bf%d1%80%d0%be%d1%86%d0%b5%d1%81%d1%81%d0%b0\/%d0%b0%d0%ba%d1%81%d0%b5%d1%81%d1%81%d1%83%d0%b0%d1%80%d1%8b-%d0%b4%d0%bb%d1%8f-%d0%b4%d0%b0%d1%82%d1%87%d0%b8%d0%ba%d0%be%d0%b2\/%d1%88%d1%82%d0%b5%d0%ba%d0%ba%d0%b5%d1%80%d0%b0\/%d0%b1%d1%8b%d1%81%d1%82%d1%80%d0%be%d1%80%d0%b0%d0%b7%d1%8a%d0%b5%d0%bc%d0%bd%d1%8b%d0%b9-%d1%81%d0%be%d0%b5%d0%b4%d0%b8%d0%bd%d0%b8%d1%82%d0%b5%d0%bb%d1%8c-16pin-%d0%b3%d0%bd%d0%b5%d0%b7%d0%b4-2\/","title":{"rendered":"\u0411\u044b\u0441\u0442\u0440\u043e\u0440\u0430\u0437\u044a\u0435\u043c\u043d\u044b\u0439 \u0441\u043e\u0435\u0434\u0438\u043d\u0438\u0442\u0435\u043b\u044c; 16PIN; \u0433\u043d\u0435\u0437\u0434\u043e; \u043a\u043e\u0440\u043f\u0443\u0441; \u0441\u0442\u043e\u0440\u043e\u043d\u0430; M25"},"content":{"rendered":"","protected":false},"excerpt":{"rendered":"<p>\u041f\u0420\u0418\u041c\u0415\u0427\u0410\u041d\u0418\u0415: \u041a\u043e\u0440\u043f\u0443\u0441 \u0443\u043d\u0438\u0432\u0435\u0440\u0441\u0430\u043b\u0435\u043d \u0438 \u043c\u043e\u0436\u0435\u0442 \u0438\u0441\u043f\u043e\u043b\u044c\u0437\u043e\u0432\u0430\u0442\u044c\u0441\u044f \u043a\u0430\u043a \u0441 \u043c\u0443\u0436\u0441\u043a\u0438\u043c, \u0442\u0430\u043a \u0438 \u0441 \u0436\u0435\u043d\u0441\u043a\u0438\u043c \u043a\u043e\u043d\u0442\u0435\u043d\u0442\u043e\u043c! <\/p>\n<p>\u042d\u041b\u0415\u041a\u0422\u0420\u041e\u041d\u041d\u042b\u0419 \u041a\u0410\u0422\u0410\u041b\u041e\u0413 HARTING<\/p>\n","protected":false},"featured_media":33144,"template":"","meta":{"_acf_changed":false},"product_brand":[],"product_cat":[3755],"product_tag":[],"manufacturers":[7821],"class_list":{"0":"post-42328","1":"product","2":"type-product","3":"status-publish","4":"has-post-thumbnail","6":"product_cat-3755","7":"pa_kaitseklass-ip65-ru","8":"pa_keere-labiviik-m25-ru","9":"pa_materjal-4523","10":"pa_paigaldus-6121","11":"pa_pistiku-tuup-3233","12":"pa_pooluste-arv-16pin-ru","13":"pa_seeria-5862","14":"pa_toode-5634","15":"pa_tootemperatuur-40-125c-ru","16":"pa_tootja-harting","17":"pa_varv-3552","18":"manufacturers-harting-ru","20":"first","21":"instock","22":"taxable","23":"shipping-taxable","24":"purchasable","25":"product-type-simple"},"acf":[],"yoast_head":"<!-- This site is optimized with the Yoast SEO Premium plugin v25.4 (Yoast SEO v25.4) - https:\/\/yoast.com\/wordpress\/plugins\/seo\/ -->\n<title>\u0411\u044b\u0441\u0442\u0440\u043e\u0440\u0430\u0437\u044a\u0435\u043c\u043d\u044b\u0439 \u0441\u043e\u0435\u0434\u0438\u043d\u0438\u0442\u0435\u043b\u044c; 16PIN; \u0433\u043d\u0435\u0437\u0434\u043e; \u043a\u043e\u0440\u043f\u0443\u0441; \u0441\u0442\u043e\u0440\u043e\u043d\u0430; M25 - Sakala T\u00f6\u00f6stusautomaatika O\u00dc<\/title>\n<meta name=\"robots\" content=\"index, follow, max-snippet:-1, max-image-preview:large, max-video-preview:-1\" \/>\n<link rel=\"canonical\" href=\"https:\/\/sakt.ee\/ru\/\u043c\u0430\u0433\u0430\u0437\u0438\u043d\/andurid\/lisatarvikud-anduritele\/pistikud\/\u0431\u044b\u0441\u0442\u0440\u043e\u0440\u0430\u0437\u044a\u0435\u043c\u043d\u044b\u0439-\u0441\u043e\u0435\u0434\u0438\u043d\u0438\u0442\u0435\u043b\u044c-16pin-\u0433\u043d\u0435\u0437\u0434-2\/\" \/>\n<meta property=\"og:locale\" content=\"ru_RU\" \/>\n<meta property=\"og:type\" content=\"article\" \/>\n<meta property=\"og:title\" content=\"\u0411\u044b\u0441\u0442\u0440\u043e\u0440\u0430\u0437\u044a\u0435\u043c\u043d\u044b\u0439 \u0441\u043e\u0435\u0434\u0438\u043d\u0438\u0442\u0435\u043b\u044c; 16PIN; \u0433\u043d\u0435\u0437\u0434\u043e; \u043a\u043e\u0440\u043f\u0443\u0441; \u0441\u0442\u043e\u0440\u043e\u043d\u0430; M25\" \/>\n<meta property=\"og:description\" content=\"\u041f\u0420\u0418\u041c\u0415\u0427\u0410\u041d\u0418\u0415: \u041a\u043e\u0440\u043f\u0443\u0441 \u0443\u043d\u0438\u0432\u0435\u0440\u0441\u0430\u043b\u0435\u043d \u0438 \u043c\u043e\u0436\u0435\u0442 \u0438\u0441\u043f\u043e\u043b\u044c\u0437\u043e\u0432\u0430\u0442\u044c\u0441\u044f \u043a\u0430\u043a \u0441 \u043c\u0443\u0436\u0441\u043a\u0438\u043c, \u0442\u0430\u043a \u0438 \u0441 \u0436\u0435\u043d\u0441\u043a\u0438\u043c \u043a\u043e\u043d\u0442\u0435\u043d\u0442\u043e\u043c!   \u042d\u041b\u0415\u041a\u0422\u0420\u041e\u041d\u041d\u042b\u0419 \u041a\u0410\u0422\u0410\u041b\u041e\u0413 HARTING\" \/>\n<meta property=\"og:url\" content=\"https:\/\/sakt.ee\/ru\/\u043c\u0430\u0433\u0430\u0437\u0438\u043d\/andurid\/lisatarvikud-anduritele\/pistikud\/\u0431\u044b\u0441\u0442\u0440\u043e\u0440\u0430\u0437\u044a\u0435\u043c\u043d\u044b\u0439-\u0441\u043e\u0435\u0434\u0438\u043d\u0438\u0442\u0435\u043b\u044c-16pin-\u0433\u043d\u0435\u0437\u0434-2\/\" \/>\n<meta property=\"og:site_name\" content=\"Sakala T\u00f6\u00f6stusautomaatika O\u00dc\" \/>\n<meta property=\"article:modified_time\" content=\"2025-11-04T08:30:43+00:00\" \/>\n<meta property=\"og:image\" content=\"https:\/\/sakt.ee\/wp-content\/uploads\/2025\/05\/6065.jpg\" \/>\n\t<meta property=\"og:image:width\" content=\"351\" \/>\n\t<meta property=\"og:image:height\" content=\"300\" \/>\n\t<meta property=\"og:image:type\" content=\"image\/jpeg\" \/>\n<meta name=\"twitter:card\" content=\"summary_large_image\" \/>\n<meta name=\"twitter:label1\" content=\"\u0426\u0435\u043d\u0430\" \/>\n\t<meta name=\"twitter:data1\" content=\"20,00&euro; +KM\" \/>\n\t<meta name=\"twitter:label2\" content=\"\u0414\u043e\u0441\u0442\u0443\u043f\u043d\u043e\u0441\u0442\u044c\" \/>\n\t<meta name=\"twitter:data2\" content=\"\u0412 \u043d\u0430\u043b\u0438\u0447\u0438\u0438\" \/>\n<script type=\"application\/ld+json\" class=\"yoast-schema-graph\">{\"@context\":\"https:\/\/schema.org\",\"@graph\":[{\"@type\":\"WebPage\",\"@id\":\"https:\/\/sakt.ee\/ru\/\u043c\u0430\u0433\u0430\u0437\u0438\u043d\/andurid\/lisatarvikud-anduritele\/pistikud\/%d0%b1%d1%8b%d1%81%d1%82%d1%80%d0%be%d1%80%d0%b0%d0%b7%d1%8a%d0%b5%d0%bc%d0%bd%d1%8b%d0%b9-%d1%81%d0%be%d0%b5%d0%b4%d0%b8%d0%bd%d0%b8%d1%82%d0%b5%d0%bb%d1%8c-16pin-%d0%b3%d0%bd%d0%b5%d0%b7%d0%b4-2\/\",\"url\":\"https:\/\/sakt.ee\/ru\/\u043c\u0430\u0433\u0430\u0437\u0438\u043d\/andurid\/lisatarvikud-anduritele\/pistikud\/%d0%b1%d1%8b%d1%81%d1%82%d1%80%d0%be%d1%80%d0%b0%d0%b7%d1%8a%d0%b5%d0%bc%d0%bd%d1%8b%d0%b9-%d1%81%d0%be%d0%b5%d0%b4%d0%b8%d0%bd%d0%b8%d1%82%d0%b5%d0%bb%d1%8c-16pin-%d0%b3%d0%bd%d0%b5%d0%b7%d0%b4-2\/\",\"name\":\"\u0411\u044b\u0441\u0442\u0440\u043e\u0440\u0430\u0437\u044a\u0435\u043c\u043d\u044b\u0439 \u0441\u043e\u0435\u0434\u0438\u043d\u0438\u0442\u0435\u043b\u044c; 16PIN; \u0433\u043d\u0435\u0437\u0434\u043e; \u043a\u043e\u0440\u043f\u0443\u0441; \u0441\u0442\u043e\u0440\u043e\u043d\u0430; M25 - Sakala T\u00f6\u00f6stusautomaatika O\u00dc\",\"isPartOf\":{\"@id\":\"https:\/\/sakt.ee\/en\/#website\"},\"primaryImageOfPage\":{\"@id\":\"https:\/\/sakt.ee\/ru\/\u043c\u0430\u0433\u0430\u0437\u0438\u043d\/andurid\/lisatarvikud-anduritele\/pistikud\/%d0%b1%d1%8b%d1%81%d1%82%d1%80%d0%be%d1%80%d0%b0%d0%b7%d1%8a%d0%b5%d0%bc%d0%bd%d1%8b%d0%b9-%d1%81%d0%be%d0%b5%d0%b4%d0%b8%d0%bd%d0%b8%d1%82%d0%b5%d0%bb%d1%8c-16pin-%d0%b3%d0%bd%d0%b5%d0%b7%d0%b4-2\/#primaryimage\"},\"image\":{\"@id\":\"https:\/\/sakt.ee\/ru\/\u043c\u0430\u0433\u0430\u0437\u0438\u043d\/andurid\/lisatarvikud-anduritele\/pistikud\/%d0%b1%d1%8b%d1%81%d1%82%d1%80%d0%be%d1%80%d0%b0%d0%b7%d1%8a%d0%b5%d0%bc%d0%bd%d1%8b%d0%b9-%d1%81%d0%be%d0%b5%d0%b4%d0%b8%d0%bd%d0%b8%d1%82%d0%b5%d0%bb%d1%8c-16pin-%d0%b3%d0%bd%d0%b5%d0%b7%d0%b4-2\/#primaryimage\"},\"thumbnailUrl\":\"https:\/\/sakt.ee\/wp-content\/uploads\/2025\/05\/6065.jpg\",\"datePublished\":\"2025-05-17T07:01:07+00:00\",\"dateModified\":\"2025-11-04T08:30:43+00:00\",\"breadcrumb\":{\"@id\":\"https:\/\/sakt.ee\/ru\/\u043c\u0430\u0433\u0430\u0437\u0438\u043d\/andurid\/lisatarvikud-anduritele\/pistikud\/%d0%b1%d1%8b%d1%81%d1%82%d1%80%d0%be%d1%80%d0%b0%d0%b7%d1%8a%d0%b5%d0%bc%d0%bd%d1%8b%d0%b9-%d1%81%d0%be%d0%b5%d0%b4%d0%b8%d0%bd%d0%b8%d1%82%d0%b5%d0%bb%d1%8c-16pin-%d0%b3%d0%bd%d0%b5%d0%b7%d0%b4-2\/#breadcrumb\"},\"inLanguage\":\"ru-RU\",\"potentialAction\":[{\"@type\":\"ReadAction\",\"target\":[\"https:\/\/sakt.ee\/ru\/\u043c\u0430\u0433\u0430\u0437\u0438\u043d\/andurid\/lisatarvikud-anduritele\/pistikud\/%d0%b1%d1%8b%d1%81%d1%82%d1%80%d0%be%d1%80%d0%b0%d0%b7%d1%8a%d0%b5%d0%bc%d0%bd%d1%8b%d0%b9-%d1%81%d0%be%d0%b5%d0%b4%d0%b8%d0%bd%d0%b8%d1%82%d0%b5%d0%bb%d1%8c-16pin-%d0%b3%d0%bd%d0%b5%d0%b7%d0%b4-2\/\"]}]},{\"@type\":\"ImageObject\",\"inLanguage\":\"ru-RU\",\"@id\":\"https:\/\/sakt.ee\/ru\/\u043c\u0430\u0433\u0430\u0437\u0438\u043d\/andurid\/lisatarvikud-anduritele\/pistikud\/%d0%b1%d1%8b%d1%81%d1%82%d1%80%d0%be%d1%80%d0%b0%d0%b7%d1%8a%d0%b5%d0%bc%d0%bd%d1%8b%d0%b9-%d1%81%d0%be%d0%b5%d0%b4%d0%b8%d0%bd%d0%b8%d1%82%d0%b5%d0%bb%d1%8c-16pin-%d0%b3%d0%bd%d0%b5%d0%b7%d0%b4-2\/#primaryimage\",\"url\":\"https:\/\/sakt.ee\/wp-content\/uploads\/2025\/05\/6065.jpg\",\"contentUrl\":\"https:\/\/sakt.ee\/wp-content\/uploads\/2025\/05\/6065.jpg\",\"width\":351,\"height\":300},{\"@type\":\"BreadcrumbList\",\"@id\":\"https:\/\/sakt.ee\/ru\/\u043c\u0430\u0433\u0430\u0437\u0438\u043d\/andurid\/lisatarvikud-anduritele\/pistikud\/%d0%b1%d1%8b%d1%81%d1%82%d1%80%d0%be%d1%80%d0%b0%d0%b7%d1%8a%d0%b5%d0%bc%d0%bd%d1%8b%d0%b9-%d1%81%d0%be%d0%b5%d0%b4%d0%b8%d0%bd%d0%b8%d1%82%d0%b5%d0%bb%d1%8c-16pin-%d0%b3%d0%bd%d0%b5%d0%b7%d0%b4-2\/#breadcrumb\",\"itemListElement\":[{\"@type\":\"ListItem\",\"position\":1,\"name\":\"Home\",\"item\":\"https:\/\/sakt.ee\/\"},{\"@type\":\"ListItem\",\"position\":2,\"name\":\"\u041c\u0430\u0433\u0430\u0437\u0438\u043d\",\"item\":\"https:\/\/sakt.ee\/ru\/\u043c\u0430\u0433\u0430\u0437\u0438\u043d\/\"},{\"@type\":\"ListItem\",\"position\":3,\"name\":\"\u0411\u044b\u0441\u0442\u0440\u043e\u0440\u0430\u0437\u044a\u0435\u043c\u043d\u044b\u0439 \u0441\u043e\u0435\u0434\u0438\u043d\u0438\u0442\u0435\u043b\u044c; 16PIN; \u0433\u043d\u0435\u0437\u0434\u043e; \u043a\u043e\u0440\u043f\u0443\u0441; \u0441\u0442\u043e\u0440\u043e\u043d\u0430; M25\"}]},{\"@type\":\"WebSite\",\"@id\":\"https:\/\/sakt.ee\/en\/#website\",\"url\":\"https:\/\/sakt.ee\/en\/\",\"name\":\"Sakala T\u00f6\u00f6stusautomaatika O\u00dc\",\"description\":\"T\u00f6\u00f6stusautomaatika e-pood\",\"publisher\":{\"@id\":\"https:\/\/sakt.ee\/en\/#organization\"},\"potentialAction\":[{\"@type\":\"SearchAction\",\"target\":{\"@type\":\"EntryPoint\",\"urlTemplate\":\"https:\/\/sakt.ee\/en\/?s={search_term_string}\"},\"query-input\":{\"@type\":\"PropertyValueSpecification\",\"valueRequired\":true,\"valueName\":\"search_term_string\"}}],\"inLanguage\":\"ru-RU\"},{\"@type\":\"Organization\",\"@id\":\"https:\/\/sakt.ee\/en\/#organization\",\"name\":\"Sakala T\u00f6\u00f6stusautomaatika O\u00dc\",\"url\":\"https:\/\/sakt.ee\/en\/\",\"logo\":{\"@type\":\"ImageObject\",\"inLanguage\":\"ru-RU\",\"@id\":\"https:\/\/sakt.ee\/en\/#\/schema\/logo\/image\/\",\"url\":\"https:\/\/sakt.ee\/wp-content\/uploads\/2025\/05\/Sakala-Toostusautomaatika-favicon.png\",\"contentUrl\":\"https:\/\/sakt.ee\/wp-content\/uploads\/2025\/05\/Sakala-Toostusautomaatika-favicon.png\",\"width\":500,\"height\":500,\"caption\":\"Sakala T\u00f6\u00f6stusautomaatika O\u00dc\"},\"image\":{\"@id\":\"https:\/\/sakt.ee\/en\/#\/schema\/logo\/image\/\"}}]}<\/script>\n<meta property=\"product:price:amount\" content=\"20.00\" \/>\n<meta property=\"product:price:currency\" content=\"EUR\" \/>\n<meta property=\"og:availability\" content=\"instock\" \/>\n<meta property=\"product:availability\" content=\"instock\" \/>\n<meta property=\"product:retailer_item_id\" content=\"19300161231\" \/>\n<meta property=\"product:condition\" content=\"new\" \/>\n<!-- \/ Yoast SEO Premium plugin. -->","yoast_head_json":{"title":"\u0411\u044b\u0441\u0442\u0440\u043e\u0440\u0430\u0437\u044a\u0435\u043c\u043d\u044b\u0439 \u0441\u043e\u0435\u0434\u0438\u043d\u0438\u0442\u0435\u043b\u044c; 16PIN; \u0433\u043d\u0435\u0437\u0434\u043e; \u043a\u043e\u0440\u043f\u0443\u0441; \u0441\u0442\u043e\u0440\u043e\u043d\u0430; M25 - Sakala T\u00f6\u00f6stusautomaatika O\u00dc","robots":{"index":"index","follow":"follow","max-snippet":"max-snippet:-1","max-image-preview":"max-image-preview:large","max-video-preview":"max-video-preview:-1"},"canonical":"https:\/\/sakt.ee\/ru\/\u043c\u0430\u0433\u0430\u0437\u0438\u043d\/andurid\/lisatarvikud-anduritele\/pistikud\/\u0431\u044b\u0441\u0442\u0440\u043e\u0440\u0430\u0437\u044a\u0435\u043c\u043d\u044b\u0439-\u0441\u043e\u0435\u0434\u0438\u043d\u0438\u0442\u0435\u043b\u044c-16pin-\u0433\u043d\u0435\u0437\u0434-2\/","og_locale":"ru_RU","og_type":"article","og_title":"\u0411\u044b\u0441\u0442\u0440\u043e\u0440\u0430\u0437\u044a\u0435\u043c\u043d\u044b\u0439 \u0441\u043e\u0435\u0434\u0438\u043d\u0438\u0442\u0435\u043b\u044c; 16PIN; \u0433\u043d\u0435\u0437\u0434\u043e; \u043a\u043e\u0440\u043f\u0443\u0441; \u0441\u0442\u043e\u0440\u043e\u043d\u0430; M25","og_description":"\u041f\u0420\u0418\u041c\u0415\u0427\u0410\u041d\u0418\u0415: \u041a\u043e\u0440\u043f\u0443\u0441 \u0443\u043d\u0438\u0432\u0435\u0440\u0441\u0430\u043b\u0435\u043d \u0438 \u043c\u043e\u0436\u0435\u0442 \u0438\u0441\u043f\u043e\u043b\u044c\u0437\u043e\u0432\u0430\u0442\u044c\u0441\u044f \u043a\u0430\u043a \u0441 \u043c\u0443\u0436\u0441\u043a\u0438\u043c, \u0442\u0430\u043a \u0438 \u0441 \u0436\u0435\u043d\u0441\u043a\u0438\u043c \u043a\u043e\u043d\u0442\u0435\u043d\u0442\u043e\u043c!   \u042d\u041b\u0415\u041a\u0422\u0420\u041e\u041d\u041d\u042b\u0419 \u041a\u0410\u0422\u0410\u041b\u041e\u0413 HARTING","og_url":"https:\/\/sakt.ee\/ru\/\u043c\u0430\u0433\u0430\u0437\u0438\u043d\/andurid\/lisatarvikud-anduritele\/pistikud\/\u0431\u044b\u0441\u0442\u0440\u043e\u0440\u0430\u0437\u044a\u0435\u043c\u043d\u044b\u0439-\u0441\u043e\u0435\u0434\u0438\u043d\u0438\u0442\u0435\u043b\u044c-16pin-\u0433\u043d\u0435\u0437\u0434-2\/","og_site_name":"Sakala T\u00f6\u00f6stusautomaatika O\u00dc","article_modified_time":"2025-11-04T08:30:43+00:00","og_image":[{"width":351,"height":300,"url":"https:\/\/sakt.ee\/wp-content\/uploads\/2025\/05\/6065.jpg","type":"image\/jpeg"}],"twitter_card":"summary_large_image","twitter_misc":{"\u0426\u0435\u043d\u0430":"20,00&euro; +KM","\u0414\u043e\u0441\u0442\u0443\u043f\u043d\u043e\u0441\u0442\u044c":"\u0412 \u043d\u0430\u043b\u0438\u0447\u0438\u0438"},"schema":{"@context":"https:\/\/schema.org","@graph":[{"@type":"WebPage","@id":"https:\/\/sakt.ee\/ru\/\u043c\u0430\u0433\u0430\u0437\u0438\u043d\/andurid\/lisatarvikud-anduritele\/pistikud\/%d0%b1%d1%8b%d1%81%d1%82%d1%80%d0%be%d1%80%d0%b0%d0%b7%d1%8a%d0%b5%d0%bc%d0%bd%d1%8b%d0%b9-%d1%81%d0%be%d0%b5%d0%b4%d0%b8%d0%bd%d0%b8%d1%82%d0%b5%d0%bb%d1%8c-16pin-%d0%b3%d0%bd%d0%b5%d0%b7%d0%b4-2\/","url":"https:\/\/sakt.ee\/ru\/\u043c\u0430\u0433\u0430\u0437\u0438\u043d\/andurid\/lisatarvikud-anduritele\/pistikud\/%d0%b1%d1%8b%d1%81%d1%82%d1%80%d0%be%d1%80%d0%b0%d0%b7%d1%8a%d0%b5%d0%bc%d0%bd%d1%8b%d0%b9-%d1%81%d0%be%d0%b5%d0%b4%d0%b8%d0%bd%d0%b8%d1%82%d0%b5%d0%bb%d1%8c-16pin-%d0%b3%d0%bd%d0%b5%d0%b7%d0%b4-2\/","name":"\u0411\u044b\u0441\u0442\u0440\u043e\u0440\u0430\u0437\u044a\u0435\u043c\u043d\u044b\u0439 \u0441\u043e\u0435\u0434\u0438\u043d\u0438\u0442\u0435\u043b\u044c; 16PIN; \u0433\u043d\u0435\u0437\u0434\u043e; \u043a\u043e\u0440\u043f\u0443\u0441; \u0441\u0442\u043e\u0440\u043e\u043d\u0430; M25 - Sakala T\u00f6\u00f6stusautomaatika O\u00dc","isPartOf":{"@id":"https:\/\/sakt.ee\/en\/#website"},"primaryImageOfPage":{"@id":"https:\/\/sakt.ee\/ru\/\u043c\u0430\u0433\u0430\u0437\u0438\u043d\/andurid\/lisatarvikud-anduritele\/pistikud\/%d0%b1%d1%8b%d1%81%d1%82%d1%80%d0%be%d1%80%d0%b0%d0%b7%d1%8a%d0%b5%d0%bc%d0%bd%d1%8b%d0%b9-%d1%81%d0%be%d0%b5%d0%b4%d0%b8%d0%bd%d0%b8%d1%82%d0%b5%d0%bb%d1%8c-16pin-%d0%b3%d0%bd%d0%b5%d0%b7%d0%b4-2\/#primaryimage"},"image":{"@id":"https:\/\/sakt.ee\/ru\/\u043c\u0430\u0433\u0430\u0437\u0438\u043d\/andurid\/lisatarvikud-anduritele\/pistikud\/%d0%b1%d1%8b%d1%81%d1%82%d1%80%d0%be%d1%80%d0%b0%d0%b7%d1%8a%d0%b5%d0%bc%d0%bd%d1%8b%d0%b9-%d1%81%d0%be%d0%b5%d0%b4%d0%b8%d0%bd%d0%b8%d1%82%d0%b5%d0%bb%d1%8c-16pin-%d0%b3%d0%bd%d0%b5%d0%b7%d0%b4-2\/#primaryimage"},"thumbnailUrl":"https:\/\/sakt.ee\/wp-content\/uploads\/2025\/05\/6065.jpg","datePublished":"2025-05-17T07:01:07+00:00","dateModified":"2025-11-04T08:30:43+00:00","breadcrumb":{"@id":"https:\/\/sakt.ee\/ru\/\u043c\u0430\u0433\u0430\u0437\u0438\u043d\/andurid\/lisatarvikud-anduritele\/pistikud\/%d0%b1%d1%8b%d1%81%d1%82%d1%80%d0%be%d1%80%d0%b0%d0%b7%d1%8a%d0%b5%d0%bc%d0%bd%d1%8b%d0%b9-%d1%81%d0%be%d0%b5%d0%b4%d0%b8%d0%bd%d0%b8%d1%82%d0%b5%d0%bb%d1%8c-16pin-%d0%b3%d0%bd%d0%b5%d0%b7%d0%b4-2\/#breadcrumb"},"inLanguage":"ru-RU","potentialAction":[{"@type":"ReadAction","target":["https:\/\/sakt.ee\/ru\/\u043c\u0430\u0433\u0430\u0437\u0438\u043d\/andurid\/lisatarvikud-anduritele\/pistikud\/%d0%b1%d1%8b%d1%81%d1%82%d1%80%d0%be%d1%80%d0%b0%d0%b7%d1%8a%d0%b5%d0%bc%d0%bd%d1%8b%d0%b9-%d1%81%d0%be%d0%b5%d0%b4%d0%b8%d0%bd%d0%b8%d1%82%d0%b5%d0%bb%d1%8c-16pin-%d0%b3%d0%bd%d0%b5%d0%b7%d0%b4-2\/"]}]},{"@type":"ImageObject","inLanguage":"ru-RU","@id":"https:\/\/sakt.ee\/ru\/\u043c\u0430\u0433\u0430\u0437\u0438\u043d\/andurid\/lisatarvikud-anduritele\/pistikud\/%d0%b1%d1%8b%d1%81%d1%82%d1%80%d0%be%d1%80%d0%b0%d0%b7%d1%8a%d0%b5%d0%bc%d0%bd%d1%8b%d0%b9-%d1%81%d0%be%d0%b5%d0%b4%d0%b8%d0%bd%d0%b8%d1%82%d0%b5%d0%bb%d1%8c-16pin-%d0%b3%d0%bd%d0%b5%d0%b7%d0%b4-2\/#primaryimage","url":"https:\/\/sakt.ee\/wp-content\/uploads\/2025\/05\/6065.jpg","contentUrl":"https:\/\/sakt.ee\/wp-content\/uploads\/2025\/05\/6065.jpg","width":351,"height":300},{"@type":"BreadcrumbList","@id":"https:\/\/sakt.ee\/ru\/\u043c\u0430\u0433\u0430\u0437\u0438\u043d\/andurid\/lisatarvikud-anduritele\/pistikud\/%d0%b1%d1%8b%d1%81%d1%82%d1%80%d0%be%d1%80%d0%b0%d0%b7%d1%8a%d0%b5%d0%bc%d0%bd%d1%8b%d0%b9-%d1%81%d0%be%d0%b5%d0%b4%d0%b8%d0%bd%d0%b8%d1%82%d0%b5%d0%bb%d1%8c-16pin-%d0%b3%d0%bd%d0%b5%d0%b7%d0%b4-2\/#breadcrumb","itemListElement":[{"@type":"ListItem","position":1,"name":"Home","item":"https:\/\/sakt.ee\/"},{"@type":"ListItem","position":2,"name":"\u041c\u0430\u0433\u0430\u0437\u0438\u043d","item":"https:\/\/sakt.ee\/ru\/\u043c\u0430\u0433\u0430\u0437\u0438\u043d\/"},{"@type":"ListItem","position":3,"name":"\u0411\u044b\u0441\u0442\u0440\u043e\u0440\u0430\u0437\u044a\u0435\u043c\u043d\u044b\u0439 \u0441\u043e\u0435\u0434\u0438\u043d\u0438\u0442\u0435\u043b\u044c; 16PIN; \u0433\u043d\u0435\u0437\u0434\u043e; \u043a\u043e\u0440\u043f\u0443\u0441; \u0441\u0442\u043e\u0440\u043e\u043d\u0430; M25"}]},{"@type":"WebSite","@id":"https:\/\/sakt.ee\/en\/#website","url":"https:\/\/sakt.ee\/en\/","name":"Sakala T\u00f6\u00f6stusautomaatika O\u00dc","description":"T\u00f6\u00f6stusautomaatika e-pood","publisher":{"@id":"https:\/\/sakt.ee\/en\/#organization"},"potentialAction":[{"@type":"SearchAction","target":{"@type":"EntryPoint","urlTemplate":"https:\/\/sakt.ee\/en\/?s={search_term_string}"},"query-input":{"@type":"PropertyValueSpecification","valueRequired":true,"valueName":"search_term_string"}}],"inLanguage":"ru-RU"},{"@type":"Organization","@id":"https:\/\/sakt.ee\/en\/#organization","name":"Sakala T\u00f6\u00f6stusautomaatika O\u00dc","url":"https:\/\/sakt.ee\/en\/","logo":{"@type":"ImageObject","inLanguage":"ru-RU","@id":"https:\/\/sakt.ee\/en\/#\/schema\/logo\/image\/","url":"https:\/\/sakt.ee\/wp-content\/uploads\/2025\/05\/Sakala-Toostusautomaatika-favicon.png","contentUrl":"https:\/\/sakt.ee\/wp-content\/uploads\/2025\/05\/Sakala-Toostusautomaatika-favicon.png","width":500,"height":500,"caption":"Sakala T\u00f6\u00f6stusautomaatika O\u00dc"},"image":{"@id":"https:\/\/sakt.ee\/en\/#\/schema\/logo\/image\/"}}]},"product_price_amount":"20.00","product_price_currency":"EUR","og_availability":"instock","product_availability":"instock","product_retailer_item_id":"19300161231","product_condition":"new"},"_links":{"self":[{"href":"https:\/\/sakt.ee\/ru\/wp-json\/wp\/v2\/product\/42328","targetHints":{"allow":["GET"]}}],"collection":[{"href":"https:\/\/sakt.ee\/ru\/wp-json\/wp\/v2\/product"}],"about":[{"href":"https:\/\/sakt.ee\/ru\/wp-json\/wp\/v2\/types\/product"}],"version-history":[{"count":0,"href":"https:\/\/sakt.ee\/ru\/wp-json\/wp\/v2\/product\/42328\/revisions"}],"wp:featuredmedia":[{"embeddable":true,"href":"https:\/\/sakt.ee\/ru\/wp-json\/wp\/v2\/media\/33144"}],"wp:attachment":[{"href":"https:\/\/sakt.ee\/ru\/wp-json\/wp\/v2\/media?parent=42328"}],"wp:term":[{"taxonomy":"product_brand","embeddable":true,"href":"https:\/\/sakt.ee\/ru\/wp-json\/wp\/v2\/product_brand?post=42328"},{"taxonomy":"product_cat","embeddable":true,"href":"https:\/\/sakt.ee\/ru\/wp-json\/wp\/v2\/product_cat?post=42328"},{"taxonomy":"product_tag","embeddable":true,"href":"https:\/\/sakt.ee\/ru\/wp-json\/wp\/v2\/product_tag?post=42328"},{"taxonomy":"manufacturers","embeddable":true,"href":"https:\/\/sakt.ee\/ru\/wp-json\/wp\/v2\/manufacturers?post=42328"}],"curies":[{"name":"wp","href":"https:\/\/api.w.org\/{rel}","templated":true}]}}