{"id":41774,"date":"2025-05-16T18:06:17","date_gmt":"2025-05-16T18:06:17","guid":{"rendered":"https:\/\/sakt.ee\/product\/e6-%d0%bf%d0%be%d1%82%d0%b5%d0%bd%d1%86%d0%b8%d0%be%d0%bc%d0%b5%d1%82%d1%80-10-%d0%ba%d0%be%d0%bc-%d1%87%d0%b5%d1%80%d0%bd%d0%be%d0%b5-%d0%ba%d0%be%d0%bb%d1%8c%d1%86%d0%be-ip67\/"},"modified":"2025-11-09T23:47:19","modified_gmt":"2025-11-09T20:47:19","slug":"e6-%d0%bf%d0%be%d1%82%d0%b5%d0%bd%d1%86%d0%b8%d0%be%d0%bc%d0%b5%d1%82%d1%80-10-%d0%ba%d0%be%d0%bc-%d1%87%d0%b5%d1%80%d0%bd%d0%be%d0%b5-%d0%ba%d0%be%d0%bb%d1%8c%d1%86%d0%be-ip67","status":"publish","type":"product","link":"https:\/\/sakt.ee\/ru\/\u043c\u0430\u0433\u0430\u0437\u0438\u043d\/%d0%ba%d0%be%d0%bc%d0%bf%d0%be%d0%bd%d0%b5%d0%bd%d1%82%d1%8b-%d0%b0%d0%b2%d1%82%d0%be%d0%bc%d0%b0%d1%82%d0%b8%d0%ba%d0%b8\/%d0%bc16-m22-%d0%bc%d0%be%d0%b4%d1%83%d0%bb%d1%8c%d0%bd%d1%8b%d0%b5-%d1%81%d0%b5%d1%80%d0%b8%d0%b8-%d0%ba%d0%bd%d0%be%d0%bf%d0%be%d0%ba-%d0%b8-%d1%81%d0%b2%d0%b5%d1%82%d0%be%d0%b2%d0%be%d0%b9-%d0%b8\/%d0%bf%d0%be%d1%82%d0%b5%d0%bd%d1%86%d0%b8%d0%be%d0%bc%d0%b5%d1%82%d1%80%d1%8b\/e6-%d0%bf%d0%be%d1%82%d0%b5%d0%bd%d1%86%d0%b8%d0%be%d0%bc%d0%b5%d1%82%d1%80-10-%d0%ba%d0%be%d0%bc-%d1%87%d0%b5%d1%80%d0%bd%d0%be%d0%b5-%d0%ba%d0%be%d0%bb%d1%8c%d1%86%d0%be-ip67\/","title":{"rendered":"E6 \u041f\u043e\u0442\u0435\u043d\u0446\u0438\u043e\u043c\u0435\u0442\u0440; 10 \u043a\u041e\u043c; \u0447\u0435\u0440\u043d\u043e\u0435 \u043a\u043e\u043b\u044c\u0446\u043e; IP67"},"content":{"rendered":"","protected":false},"excerpt":{"rendered":"","protected":false},"featured_media":22039,"template":"","meta":{"_acf_changed":false},"product_brand":[],"product_cat":[5154],"product_tag":[],"manufacturers":[7789],"class_list":{"0":"post-41774","1":"product","2":"type-product","3":"status-publish","4":"has-post-thumbnail","6":"product_cat-5154","7":"pa_kaitseklass-ip67-ru","8":"pa_paigaldus-3100","9":"pa_seeria-e6-ru","10":"pa_takistus-10k-ru","11":"pa_tootemperatuur-40-80c-ru","12":"pa_tootja-pizzato","13":"pa_varv-3400","14":"manufacturers-pizzato-ru","16":"first","17":"instock","18":"taxable","19":"shipping-taxable","20":"purchasable","21":"product-type-simple"},"acf":[],"yoast_head":"<!-- This site is optimized with the Yoast SEO Premium plugin v25.4 (Yoast SEO v25.4) - https:\/\/yoast.com\/wordpress\/plugins\/seo\/ -->\n<title>E6 \u041f\u043e\u0442\u0435\u043d\u0446\u0438\u043e\u043c\u0435\u0442\u0440; 10 \u043a\u041e\u043c; \u0447\u0435\u0440\u043d\u043e\u0435 \u043a\u043e\u043b\u044c\u0446\u043e; IP67 - Sakala T\u00f6\u00f6stusautomaatika O\u00dc<\/title>\n<meta name=\"robots\" content=\"index, follow, max-snippet:-1, max-image-preview:large, max-video-preview:-1\" \/>\n<link rel=\"canonical\" href=\"https:\/\/sakt.ee\/\u0422\u043e\u0443\u0434\/e6-potentsiomeeter-10k\u03c9-musta-rongaga-ip67\/\" \/>\n<meta property=\"og:locale\" content=\"ru_RU\" \/>\n<meta property=\"og:type\" content=\"article\" \/>\n<meta property=\"og:title\" content=\"E6 \u041f\u043e\u0442\u0435\u043d\u0446\u0438\u043e\u043c\u0435\u0442\u0440; 10 \u043a\u041e\u043c; \u0447\u0435\u0440\u043d\u043e\u0435 \u043a\u043e\u043b\u044c\u0446\u043e; IP67\" \/>\n<meta property=\"og:url\" content=\"https:\/\/sakt.ee\/\u0422\u043e\u0443\u0434\/e6-potentsiomeeter-10k\u03c9-musta-rongaga-ip67\/\" \/>\n<meta property=\"og:site_name\" content=\"Sakala T\u00f6\u00f6stusautomaatika O\u00dc\" \/>\n<meta property=\"article:modified_time\" content=\"2025-11-09T20:47:19+00:00\" \/>\n<meta property=\"og:image\" content=\"https:\/\/sakt.ee\/wp-content\/uploads\/2025\/05\/4411.jpg\" \/>\n\t<meta property=\"og:image:width\" content=\"295\" \/>\n\t<meta property=\"og:image:height\" content=\"299\" \/>\n\t<meta property=\"og:image:type\" content=\"image\/jpeg\" \/>\n<meta name=\"twitter:card\" content=\"summary_large_image\" \/>\n<meta name=\"twitter:label1\" content=\"\u0426\u0435\u043d\u0430\" \/>\n\t<meta name=\"twitter:data1\" content=\"39,30&euro; +KM\" \/>\n\t<meta name=\"twitter:label2\" content=\"\u0414\u043e\u0441\u0442\u0443\u043f\u043d\u043e\u0441\u0442\u044c\" \/>\n\t<meta name=\"twitter:data2\" content=\"\u0412 \u043d\u0430\u043b\u0438\u0447\u0438\u0438\" \/>\n<script type=\"application\/ld+json\" class=\"yoast-schema-graph\">{\"@context\":\"https:\/\/schema.org\",\"@graph\":[{\"@type\":\"WebPage\",\"@id\":\"https:\/\/sakt.ee\/\u0422\u043e\u0443\u0434\/e6-potentsiomeeter-10k%cf%89-musta-rongaga-ip67\/\",\"url\":\"https:\/\/sakt.ee\/\u0422\u043e\u0443\u0434\/e6-potentsiomeeter-10k%cf%89-musta-rongaga-ip67\/\",\"name\":\"E6 \u041f\u043e\u0442\u0435\u043d\u0446\u0438\u043e\u043c\u0435\u0442\u0440; 10 \u043a\u041e\u043c; \u0447\u0435\u0440\u043d\u043e\u0435 \u043a\u043e\u043b\u044c\u0446\u043e; IP67 - Sakala T\u00f6\u00f6stusautomaatika O\u00dc\",\"isPartOf\":{\"@id\":\"https:\/\/sakt.ee\/en\/#website\"},\"primaryImageOfPage\":{\"@id\":\"https:\/\/sakt.ee\/\u0422\u043e\u0443\u0434\/e6-potentsiomeeter-10k%cf%89-musta-rongaga-ip67\/#primaryimage\"},\"image\":{\"@id\":\"https:\/\/sakt.ee\/\u0422\u043e\u0443\u0434\/e6-potentsiomeeter-10k%cf%89-musta-rongaga-ip67\/#primaryimage\"},\"thumbnailUrl\":\"https:\/\/sakt.ee\/wp-content\/uploads\/2025\/05\/4411.jpg\",\"datePublished\":\"2025-05-16T18:06:17+00:00\",\"dateModified\":\"2025-11-09T20:47:19+00:00\",\"breadcrumb\":{\"@id\":\"https:\/\/sakt.ee\/\u0422\u043e\u0443\u0434\/e6-potentsiomeeter-10k%cf%89-musta-rongaga-ip67\/#breadcrumb\"},\"inLanguage\":\"ru-RU\",\"potentialAction\":[{\"@type\":\"ReadAction\",\"target\":[\"https:\/\/sakt.ee\/\u0422\u043e\u0443\u0434\/e6-potentsiomeeter-10k%cf%89-musta-rongaga-ip67\/\"]}]},{\"@type\":\"ImageObject\",\"inLanguage\":\"ru-RU\",\"@id\":\"https:\/\/sakt.ee\/\u0422\u043e\u0443\u0434\/e6-potentsiomeeter-10k%cf%89-musta-rongaga-ip67\/#primaryimage\",\"url\":\"https:\/\/sakt.ee\/wp-content\/uploads\/2025\/05\/4411.jpg\",\"contentUrl\":\"https:\/\/sakt.ee\/wp-content\/uploads\/2025\/05\/4411.jpg\",\"width\":295,\"height\":299},{\"@type\":\"BreadcrumbList\",\"@id\":\"https:\/\/sakt.ee\/\u0422\u043e\u0443\u0434\/e6-potentsiomeeter-10k%cf%89-musta-rongaga-ip67\/#breadcrumb\",\"itemListElement\":[{\"@type\":\"ListItem\",\"position\":1,\"name\":\"Home\",\"item\":\"https:\/\/sakt.ee\/\"},{\"@type\":\"ListItem\",\"position\":2,\"name\":\"\u041c\u0430\u0433\u0430\u0437\u0438\u043d\",\"item\":\"https:\/\/sakt.ee\/ru\/\u043c\u0430\u0433\u0430\u0437\u0438\u043d\/\"},{\"@type\":\"ListItem\",\"position\":3,\"name\":\"E6 \u041f\u043e\u0442\u0435\u043d\u0446\u0438\u043e\u043c\u0435\u0442\u0440; 10 \u043a\u041e\u043c; \u0447\u0435\u0440\u043d\u043e\u0435 \u043a\u043e\u043b\u044c\u0446\u043e; IP67\"}]},{\"@type\":\"WebSite\",\"@id\":\"https:\/\/sakt.ee\/en\/#website\",\"url\":\"https:\/\/sakt.ee\/en\/\",\"name\":\"Sakala T\u00f6\u00f6stusautomaatika O\u00dc\",\"description\":\"T\u00f6\u00f6stusautomaatika e-pood\",\"publisher\":{\"@id\":\"https:\/\/sakt.ee\/en\/#organization\"},\"potentialAction\":[{\"@type\":\"SearchAction\",\"target\":{\"@type\":\"EntryPoint\",\"urlTemplate\":\"https:\/\/sakt.ee\/en\/?s={search_term_string}\"},\"query-input\":{\"@type\":\"PropertyValueSpecification\",\"valueRequired\":true,\"valueName\":\"search_term_string\"}}],\"inLanguage\":\"ru-RU\"},{\"@type\":\"Organization\",\"@id\":\"https:\/\/sakt.ee\/en\/#organization\",\"name\":\"Sakala T\u00f6\u00f6stusautomaatika O\u00dc\",\"url\":\"https:\/\/sakt.ee\/en\/\",\"logo\":{\"@type\":\"ImageObject\",\"inLanguage\":\"ru-RU\",\"@id\":\"https:\/\/sakt.ee\/en\/#\/schema\/logo\/image\/\",\"url\":\"https:\/\/sakt.ee\/wp-content\/uploads\/2025\/05\/Sakala-Toostusautomaatika-favicon.png\",\"contentUrl\":\"https:\/\/sakt.ee\/wp-content\/uploads\/2025\/05\/Sakala-Toostusautomaatika-favicon.png\",\"width\":500,\"height\":500,\"caption\":\"Sakala T\u00f6\u00f6stusautomaatika O\u00dc\"},\"image\":{\"@id\":\"https:\/\/sakt.ee\/en\/#\/schema\/logo\/image\/\"}}]}<\/script>\n<meta property=\"product:price:amount\" content=\"39.30\" \/>\n<meta property=\"product:price:currency\" content=\"EUR\" \/>\n<meta property=\"og:availability\" content=\"instock\" \/>\n<meta property=\"product:availability\" content=\"instock\" \/>\n<meta property=\"product:retailer_item_id\" content=\"E6 3DM010K-D111\" \/>\n<meta property=\"product:condition\" content=\"new\" \/>\n<!-- \/ Yoast SEO Premium plugin. -->","yoast_head_json":{"title":"E6 \u041f\u043e\u0442\u0435\u043d\u0446\u0438\u043e\u043c\u0435\u0442\u0440; 10 \u043a\u041e\u043c; \u0447\u0435\u0440\u043d\u043e\u0435 \u043a\u043e\u043b\u044c\u0446\u043e; IP67 - Sakala T\u00f6\u00f6stusautomaatika O\u00dc","robots":{"index":"index","follow":"follow","max-snippet":"max-snippet:-1","max-image-preview":"max-image-preview:large","max-video-preview":"max-video-preview:-1"},"canonical":"https:\/\/sakt.ee\/\u0422\u043e\u0443\u0434\/e6-potentsiomeeter-10k\u03c9-musta-rongaga-ip67\/","og_locale":"ru_RU","og_type":"article","og_title":"E6 \u041f\u043e\u0442\u0435\u043d\u0446\u0438\u043e\u043c\u0435\u0442\u0440; 10 \u043a\u041e\u043c; \u0447\u0435\u0440\u043d\u043e\u0435 \u043a\u043e\u043b\u044c\u0446\u043e; IP67","og_url":"https:\/\/sakt.ee\/\u0422\u043e\u0443\u0434\/e6-potentsiomeeter-10k\u03c9-musta-rongaga-ip67\/","og_site_name":"Sakala T\u00f6\u00f6stusautomaatika O\u00dc","article_modified_time":"2025-11-09T20:47:19+00:00","og_image":[{"width":295,"height":299,"url":"https:\/\/sakt.ee\/wp-content\/uploads\/2025\/05\/4411.jpg","type":"image\/jpeg"}],"twitter_card":"summary_large_image","twitter_misc":{"\u0426\u0435\u043d\u0430":"39,30&euro; +KM","\u0414\u043e\u0441\u0442\u0443\u043f\u043d\u043e\u0441\u0442\u044c":"\u0412 \u043d\u0430\u043b\u0438\u0447\u0438\u0438"},"schema":{"@context":"https:\/\/schema.org","@graph":[{"@type":"WebPage","@id":"https:\/\/sakt.ee\/\u0422\u043e\u0443\u0434\/e6-potentsiomeeter-10k%cf%89-musta-rongaga-ip67\/","url":"https:\/\/sakt.ee\/\u0422\u043e\u0443\u0434\/e6-potentsiomeeter-10k%cf%89-musta-rongaga-ip67\/","name":"E6 \u041f\u043e\u0442\u0435\u043d\u0446\u0438\u043e\u043c\u0435\u0442\u0440; 10 \u043a\u041e\u043c; \u0447\u0435\u0440\u043d\u043e\u0435 \u043a\u043e\u043b\u044c\u0446\u043e; IP67 - Sakala T\u00f6\u00f6stusautomaatika O\u00dc","isPartOf":{"@id":"https:\/\/sakt.ee\/en\/#website"},"primaryImageOfPage":{"@id":"https:\/\/sakt.ee\/\u0422\u043e\u0443\u0434\/e6-potentsiomeeter-10k%cf%89-musta-rongaga-ip67\/#primaryimage"},"image":{"@id":"https:\/\/sakt.ee\/\u0422\u043e\u0443\u0434\/e6-potentsiomeeter-10k%cf%89-musta-rongaga-ip67\/#primaryimage"},"thumbnailUrl":"https:\/\/sakt.ee\/wp-content\/uploads\/2025\/05\/4411.jpg","datePublished":"2025-05-16T18:06:17+00:00","dateModified":"2025-11-09T20:47:19+00:00","breadcrumb":{"@id":"https:\/\/sakt.ee\/\u0422\u043e\u0443\u0434\/e6-potentsiomeeter-10k%cf%89-musta-rongaga-ip67\/#breadcrumb"},"inLanguage":"ru-RU","potentialAction":[{"@type":"ReadAction","target":["https:\/\/sakt.ee\/\u0422\u043e\u0443\u0434\/e6-potentsiomeeter-10k%cf%89-musta-rongaga-ip67\/"]}]},{"@type":"ImageObject","inLanguage":"ru-RU","@id":"https:\/\/sakt.ee\/\u0422\u043e\u0443\u0434\/e6-potentsiomeeter-10k%cf%89-musta-rongaga-ip67\/#primaryimage","url":"https:\/\/sakt.ee\/wp-content\/uploads\/2025\/05\/4411.jpg","contentUrl":"https:\/\/sakt.ee\/wp-content\/uploads\/2025\/05\/4411.jpg","width":295,"height":299},{"@type":"BreadcrumbList","@id":"https:\/\/sakt.ee\/\u0422\u043e\u0443\u0434\/e6-potentsiomeeter-10k%cf%89-musta-rongaga-ip67\/#breadcrumb","itemListElement":[{"@type":"ListItem","position":1,"name":"Home","item":"https:\/\/sakt.ee\/"},{"@type":"ListItem","position":2,"name":"\u041c\u0430\u0433\u0430\u0437\u0438\u043d","item":"https:\/\/sakt.ee\/ru\/\u043c\u0430\u0433\u0430\u0437\u0438\u043d\/"},{"@type":"ListItem","position":3,"name":"E6 \u041f\u043e\u0442\u0435\u043d\u0446\u0438\u043e\u043c\u0435\u0442\u0440; 10 \u043a\u041e\u043c; \u0447\u0435\u0440\u043d\u043e\u0435 \u043a\u043e\u043b\u044c\u0446\u043e; IP67"}]},{"@type":"WebSite","@id":"https:\/\/sakt.ee\/en\/#website","url":"https:\/\/sakt.ee\/en\/","name":"Sakala T\u00f6\u00f6stusautomaatika O\u00dc","description":"T\u00f6\u00f6stusautomaatika e-pood","publisher":{"@id":"https:\/\/sakt.ee\/en\/#organization"},"potentialAction":[{"@type":"SearchAction","target":{"@type":"EntryPoint","urlTemplate":"https:\/\/sakt.ee\/en\/?s={search_term_string}"},"query-input":{"@type":"PropertyValueSpecification","valueRequired":true,"valueName":"search_term_string"}}],"inLanguage":"ru-RU"},{"@type":"Organization","@id":"https:\/\/sakt.ee\/en\/#organization","name":"Sakala T\u00f6\u00f6stusautomaatika O\u00dc","url":"https:\/\/sakt.ee\/en\/","logo":{"@type":"ImageObject","inLanguage":"ru-RU","@id":"https:\/\/sakt.ee\/en\/#\/schema\/logo\/image\/","url":"https:\/\/sakt.ee\/wp-content\/uploads\/2025\/05\/Sakala-Toostusautomaatika-favicon.png","contentUrl":"https:\/\/sakt.ee\/wp-content\/uploads\/2025\/05\/Sakala-Toostusautomaatika-favicon.png","width":500,"height":500,"caption":"Sakala T\u00f6\u00f6stusautomaatika O\u00dc"},"image":{"@id":"https:\/\/sakt.ee\/en\/#\/schema\/logo\/image\/"}}]},"product_price_amount":"39.30","product_price_currency":"EUR","og_availability":"instock","product_availability":"instock","product_retailer_item_id":"E6 3DM010K-D111","product_condition":"new"},"_links":{"self":[{"href":"https:\/\/sakt.ee\/ru\/wp-json\/wp\/v2\/product\/41774","targetHints":{"allow":["GET"]}}],"collection":[{"href":"https:\/\/sakt.ee\/ru\/wp-json\/wp\/v2\/product"}],"about":[{"href":"https:\/\/sakt.ee\/ru\/wp-json\/wp\/v2\/types\/product"}],"version-history":[{"count":0,"href":"https:\/\/sakt.ee\/ru\/wp-json\/wp\/v2\/product\/41774\/revisions"}],"wp:featuredmedia":[{"embeddable":true,"href":"https:\/\/sakt.ee\/ru\/wp-json\/wp\/v2\/media\/22039"}],"wp:attachment":[{"href":"https:\/\/sakt.ee\/ru\/wp-json\/wp\/v2\/media?parent=41774"}],"wp:term":[{"taxonomy":"product_brand","embeddable":true,"href":"https:\/\/sakt.ee\/ru\/wp-json\/wp\/v2\/product_brand?post=41774"},{"taxonomy":"product_cat","embeddable":true,"href":"https:\/\/sakt.ee\/ru\/wp-json\/wp\/v2\/product_cat?post=41774"},{"taxonomy":"product_tag","embeddable":true,"href":"https:\/\/sakt.ee\/ru\/wp-json\/wp\/v2\/product_tag?post=41774"},{"taxonomy":"manufacturers","embeddable":true,"href":"https:\/\/sakt.ee\/ru\/wp-json\/wp\/v2\/manufacturers?post=41774"}],"curies":[{"name":"wp","href":"https:\/\/api.w.org\/{rel}","templated":true}]}}