{"id":40156,"date":"2025-05-16T15:12:22","date_gmt":"2025-05-16T15:12:22","guid":{"rendered":"https:\/\/sakt.ee\/product\/de1-34011fn-n20n-%d0%bf%d1%80%d0%be%d1%81%d1%82%d0%be%d0%b9-%d1%87%d0%b0%d1%81%d1%82%d0%be%d1%82%d0%bd%d1%8b%d0%b9-%d0%bf%d1%80%d0%b5%d0%be%d0%b1%d1%80%d0%b0%d0%b7%d0%be%d0%b2%d0%b0%d1%82%d0%b5%d"},"modified":"2025-08-16T01:03:08","modified_gmt":"2025-08-15T22:03:08","slug":"de1-34011fn-n20n-%d0%bf%d1%80%d0%be%d1%81%d1%82%d0%be%d0%b9-%d1%87%d0%b0%d1%81%d1%82%d0%be%d1%82%d0%bd%d1%8b%d0%b9-%d0%bf%d1%80%d0%b5%d0%be%d0%b1%d1%80%d0%b0%d0%b7%d0%be%d0%b2%d0%b0%d1%82%d0%b5%d0%bb","status":"publish","type":"product","link":"https:\/\/sakt.ee\/ru\/\u043c\u0430\u0433\u0430\u0437\u0438\u043d\/%d0%ba%d0%be%d0%bc%d0%bf%d0%be%d0%bd%d0%b5%d0%bd%d1%82%d1%8b-%d0%b0%d0%b2%d1%82%d0%be%d0%bc%d0%b0%d1%82%d0%b8%d0%ba%d0%b8\/%d1%83%d1%81%d1%82%d1%80%d0%be%d0%b9%d1%81%d1%82%d0%b2%d0%b0-%d0%bf%d0%bb%d0%b0%d0%b2%d0%bd%d0%be%d0%b3%d0%be-%d0%bf%d1%83%d1%81%d0%ba%d0%b0-%d0%b8-%d1%87%d0%b0%d1%81%d1%82%d0%be%d1%82%d0%bd%d1%8b\/%d1%87%d0%b0%d1%81%d1%82%d0%be%d1%82%d0%bd%d1%8b%d0%b5-%d0%bf%d1%80%d0%b5%d0%be%d0%b1%d1%80%d0%b0%d0%b7%d0%be%d0%b2%d0%b0%d1%82%d0%b5%d0%bb%d0%b8\/de1-34011fn-n20n-%d0%bf%d1%80%d0%be%d1%81%d1%82%d0%be%d0%b9-%d1%87%d0%b0%d1%81%d1%82%d0%be%d1%82%d0%bd%d1%8b%d0%b9-%d0%bf%d1%80%d0%b5%d0%be%d0%b1%d1%80%d0%b0%d0%b7%d0%be%d0%b2%d0%b0%d1%82%d0%b5%d0%bb\/","title":{"rendered":"DE1-34011FN-N20N \u043f\u0440\u043e\u0441\u0442\u043e\u0439 \u0447\u0430\u0441\u0442\u043e\u0442\u043d\u044b\u0439 \u043f\u0440\u0435\u043e\u0431\u0440\u0430\u0437\u043e\u0432\u0430\u0442\u0435\u043b\u044c, 5,5 \u043a\u0412\u0442, 11,3 \u0410, 3F\/3F ~400 \u0412, IP20"},"content":{"rendered":"","protected":false},"excerpt":{"rendered":"","protected":false},"featured_media":19355,"template":"","meta":{"_acf_changed":false},"product_brand":[],"product_cat":[3633],"product_tag":[],"manufacturers":[7786],"class_list":{"0":"post-40156","1":"product","2":"type-product","3":"status-publish","4":"has-post-thumbnail","6":"product_cat-3633","7":"pa_joupoolne-nimipinge-380-480---","8":"pa_kaal-16-","9":"pa_kaitseklass-ip20-ru","10":"pa_korgus-230mm-ru","11":"pa_laius-90mm-ru","12":"pa_mootori-voimsus-55-","13":"pa_nimivool-113a-ru","14":"pa_seeria-de1-ru","15":"pa_sisend-1--0-10-dc-0-4-20-4---30-dc","16":"pa_sugavus-168mm-ru","17":"pa_toide-380-480---","18":"pa_toode-4048","19":"pa_tootemperatuur-10-50c-ru","20":"pa_tootja-eaton","21":"pa_uhendustuup-3--3-","22":"pa_ulekoormus-200-ru","23":"pa_ulekoormuse-tsukkel---1-875----600","24":"pa_valjund-1--5a","25":"manufacturers-eaton-ru","27":"first","28":"onbackorder","29":"taxable","30":"shipping-taxable","31":"purchasable","32":"product-type-simple"},"acf":[],"yoast_head":"<!-- This site is optimized with the Yoast SEO Premium plugin v25.4 (Yoast SEO v25.4) - https:\/\/yoast.com\/wordpress\/plugins\/seo\/ -->\n<title>DE1-34011FN-N20N \u043f\u0440\u043e\u0441\u0442\u043e\u0439 \u0447\u0430\u0441\u0442\u043e\u0442\u043d\u044b\u0439 \u043f\u0440\u0435\u043e\u0431\u0440\u0430\u0437\u043e\u0432\u0430\u0442\u0435\u043b\u044c, 5,5 \u043a\u0412\u0442, 11,3 \u0410, 3F\/3F ~400 \u0412, IP20 - Sakala T\u00f6\u00f6stusautomaatika O\u00dc<\/title>\n<meta name=\"robots\" content=\"index, follow, max-snippet:-1, max-image-preview:large, max-video-preview:-1\" \/>\n<link rel=\"canonical\" href=\"https:\/\/sakt.ee\/\u0422\u043e\u0443\u0434\/de1-34011fn-n20n-reguleeritava-kiirusega-kaiviti-5-5kw-11-3a-3f-3f-400v-ip20\/\" \/>\n<meta property=\"og:locale\" content=\"ru_RU\" \/>\n<meta property=\"og:type\" content=\"article\" \/>\n<meta property=\"og:title\" content=\"DE1-34011FN-N20N \u043f\u0440\u043e\u0441\u0442\u043e\u0439 \u0447\u0430\u0441\u0442\u043e\u0442\u043d\u044b\u0439 \u043f\u0440\u0435\u043e\u0431\u0440\u0430\u0437\u043e\u0432\u0430\u0442\u0435\u043b\u044c, 5,5 \u043a\u0412\u0442, 11,3 \u0410, 3F\/3F ~400 \u0412, IP20\" \/>\n<meta property=\"og:url\" content=\"https:\/\/sakt.ee\/\u0422\u043e\u0443\u0434\/de1-34011fn-n20n-reguleeritava-kiirusega-kaiviti-5-5kw-11-3a-3f-3f-400v-ip20\/\" \/>\n<meta property=\"og:site_name\" content=\"Sakala T\u00f6\u00f6stusautomaatika O\u00dc\" \/>\n<meta property=\"article:modified_time\" content=\"2025-08-15T22:03:08+00:00\" \/>\n<meta property=\"og:image\" content=\"https:\/\/sakt.ee\/wp-content\/uploads\/2025\/05\/2598.jpg\" \/>\n\t<meta property=\"og:image:width\" content=\"311\" \/>\n\t<meta property=\"og:image:height\" content=\"580\" \/>\n\t<meta property=\"og:image:type\" content=\"image\/jpeg\" \/>\n<meta name=\"twitter:card\" content=\"summary_large_image\" \/>\n<meta name=\"twitter:label1\" content=\"\u0426\u0435\u043d\u0430\" \/>\n\t<meta name=\"twitter:data1\" content=\"353,00&euro; +KM\" \/>\n\t<meta name=\"twitter:label2\" content=\"\u0414\u043e\u0441\u0442\u0443\u043f\u043d\u043e\u0441\u0442\u044c\" \/>\n\t<meta name=\"twitter:data2\" content=\"\u041d\u0430 \u0437\u0430\u043a\u0430\u0437\" \/>\n<script type=\"application\/ld+json\" class=\"yoast-schema-graph\">{\"@context\":\"https:\/\/schema.org\",\"@graph\":[{\"@type\":\"WebPage\",\"@id\":\"https:\/\/sakt.ee\/\u0422\u043e\u0443\u0434\/de1-34011fn-n20n-reguleeritava-kiirusega-kaiviti-5-5kw-11-3a-3f-3f-400v-ip20\/\",\"url\":\"https:\/\/sakt.ee\/\u0422\u043e\u0443\u0434\/de1-34011fn-n20n-reguleeritava-kiirusega-kaiviti-5-5kw-11-3a-3f-3f-400v-ip20\/\",\"name\":\"DE1-34011FN-N20N \u043f\u0440\u043e\u0441\u0442\u043e\u0439 \u0447\u0430\u0441\u0442\u043e\u0442\u043d\u044b\u0439 \u043f\u0440\u0435\u043e\u0431\u0440\u0430\u0437\u043e\u0432\u0430\u0442\u0435\u043b\u044c, 5,5 \u043a\u0412\u0442, 11,3 \u0410, 3F\/3F ~400 \u0412, IP20 - Sakala T\u00f6\u00f6stusautomaatika O\u00dc\",\"isPartOf\":{\"@id\":\"https:\/\/sakt.ee\/en\/#website\"},\"primaryImageOfPage\":{\"@id\":\"https:\/\/sakt.ee\/\u0422\u043e\u0443\u0434\/de1-34011fn-n20n-reguleeritava-kiirusega-kaiviti-5-5kw-11-3a-3f-3f-400v-ip20\/#primaryimage\"},\"image\":{\"@id\":\"https:\/\/sakt.ee\/\u0422\u043e\u0443\u0434\/de1-34011fn-n20n-reguleeritava-kiirusega-kaiviti-5-5kw-11-3a-3f-3f-400v-ip20\/#primaryimage\"},\"thumbnailUrl\":\"https:\/\/sakt.ee\/wp-content\/uploads\/2025\/05\/2598.jpg\",\"datePublished\":\"2025-05-16T15:12:22+00:00\",\"dateModified\":\"2025-08-15T22:03:08+00:00\",\"breadcrumb\":{\"@id\":\"https:\/\/sakt.ee\/\u0422\u043e\u0443\u0434\/de1-34011fn-n20n-reguleeritava-kiirusega-kaiviti-5-5kw-11-3a-3f-3f-400v-ip20\/#breadcrumb\"},\"inLanguage\":\"ru-RU\",\"potentialAction\":[{\"@type\":\"ReadAction\",\"target\":[\"https:\/\/sakt.ee\/\u0422\u043e\u0443\u0434\/de1-34011fn-n20n-reguleeritava-kiirusega-kaiviti-5-5kw-11-3a-3f-3f-400v-ip20\/\"]}]},{\"@type\":\"ImageObject\",\"inLanguage\":\"ru-RU\",\"@id\":\"https:\/\/sakt.ee\/\u0422\u043e\u0443\u0434\/de1-34011fn-n20n-reguleeritava-kiirusega-kaiviti-5-5kw-11-3a-3f-3f-400v-ip20\/#primaryimage\",\"url\":\"https:\/\/sakt.ee\/wp-content\/uploads\/2025\/05\/2598.jpg\",\"contentUrl\":\"https:\/\/sakt.ee\/wp-content\/uploads\/2025\/05\/2598.jpg\",\"width\":311,\"height\":580},{\"@type\":\"BreadcrumbList\",\"@id\":\"https:\/\/sakt.ee\/\u0422\u043e\u0443\u0434\/de1-34011fn-n20n-reguleeritava-kiirusega-kaiviti-5-5kw-11-3a-3f-3f-400v-ip20\/#breadcrumb\",\"itemListElement\":[{\"@type\":\"ListItem\",\"position\":1,\"name\":\"Home\",\"item\":\"https:\/\/sakt.ee\/\"},{\"@type\":\"ListItem\",\"position\":2,\"name\":\"\u041c\u0430\u0433\u0430\u0437\u0438\u043d\",\"item\":\"https:\/\/sakt.ee\/ru\/\u043c\u0430\u0433\u0430\u0437\u0438\u043d\/\"},{\"@type\":\"ListItem\",\"position\":3,\"name\":\"DE1-34011FN-N20N \u043f\u0440\u043e\u0441\u0442\u043e\u0439 \u0447\u0430\u0441\u0442\u043e\u0442\u043d\u044b\u0439 \u043f\u0440\u0435\u043e\u0431\u0440\u0430\u0437\u043e\u0432\u0430\u0442\u0435\u043b\u044c, 5,5 \u043a\u0412\u0442, 11,3 \u0410, 3F\/3F ~400 \u0412, IP20\"}]},{\"@type\":\"WebSite\",\"@id\":\"https:\/\/sakt.ee\/en\/#website\",\"url\":\"https:\/\/sakt.ee\/en\/\",\"name\":\"Sakala T\u00f6\u00f6stusautomaatika O\u00dc\",\"description\":\"T\u00f6\u00f6stusautomaatika e-pood\",\"publisher\":{\"@id\":\"https:\/\/sakt.ee\/en\/#organization\"},\"potentialAction\":[{\"@type\":\"SearchAction\",\"target\":{\"@type\":\"EntryPoint\",\"urlTemplate\":\"https:\/\/sakt.ee\/en\/?s={search_term_string}\"},\"query-input\":{\"@type\":\"PropertyValueSpecification\",\"valueRequired\":true,\"valueName\":\"search_term_string\"}}],\"inLanguage\":\"ru-RU\"},{\"@type\":\"Organization\",\"@id\":\"https:\/\/sakt.ee\/en\/#organization\",\"name\":\"Sakala T\u00f6\u00f6stusautomaatika O\u00dc\",\"url\":\"https:\/\/sakt.ee\/en\/\",\"logo\":{\"@type\":\"ImageObject\",\"inLanguage\":\"ru-RU\",\"@id\":\"https:\/\/sakt.ee\/en\/#\/schema\/logo\/image\/\",\"url\":\"https:\/\/sakt.ee\/wp-content\/uploads\/2025\/05\/Sakala-Toostusautomaatika-favicon.png\",\"contentUrl\":\"https:\/\/sakt.ee\/wp-content\/uploads\/2025\/05\/Sakala-Toostusautomaatika-favicon.png\",\"width\":500,\"height\":500,\"caption\":\"Sakala T\u00f6\u00f6stusautomaatika O\u00dc\"},\"image\":{\"@id\":\"https:\/\/sakt.ee\/en\/#\/schema\/logo\/image\/\"}}]}<\/script>\n<meta property=\"product:price:amount\" content=\"353.00\" \/>\n<meta property=\"product:price:currency\" content=\"EUR\" \/>\n<meta property=\"og:availability\" content=\"backorder\" \/>\n<meta property=\"product:availability\" content=\"available for order\" \/>\n<meta property=\"product:retailer_item_id\" content=\"174339\" \/>\n<meta property=\"product:condition\" content=\"new\" \/>\n<!-- \/ Yoast SEO Premium plugin. -->","yoast_head_json":{"title":"DE1-34011FN-N20N \u043f\u0440\u043e\u0441\u0442\u043e\u0439 \u0447\u0430\u0441\u0442\u043e\u0442\u043d\u044b\u0439 \u043f\u0440\u0435\u043e\u0431\u0440\u0430\u0437\u043e\u0432\u0430\u0442\u0435\u043b\u044c, 5,5 \u043a\u0412\u0442, 11,3 \u0410, 3F\/3F ~400 \u0412, IP20 - Sakala T\u00f6\u00f6stusautomaatika O\u00dc","robots":{"index":"index","follow":"follow","max-snippet":"max-snippet:-1","max-image-preview":"max-image-preview:large","max-video-preview":"max-video-preview:-1"},"canonical":"https:\/\/sakt.ee\/\u0422\u043e\u0443\u0434\/de1-34011fn-n20n-reguleeritava-kiirusega-kaiviti-5-5kw-11-3a-3f-3f-400v-ip20\/","og_locale":"ru_RU","og_type":"article","og_title":"DE1-34011FN-N20N \u043f\u0440\u043e\u0441\u0442\u043e\u0439 \u0447\u0430\u0441\u0442\u043e\u0442\u043d\u044b\u0439 \u043f\u0440\u0435\u043e\u0431\u0440\u0430\u0437\u043e\u0432\u0430\u0442\u0435\u043b\u044c, 5,5 \u043a\u0412\u0442, 11,3 \u0410, 3F\/3F ~400 \u0412, IP20","og_url":"https:\/\/sakt.ee\/\u0422\u043e\u0443\u0434\/de1-34011fn-n20n-reguleeritava-kiirusega-kaiviti-5-5kw-11-3a-3f-3f-400v-ip20\/","og_site_name":"Sakala T\u00f6\u00f6stusautomaatika O\u00dc","article_modified_time":"2025-08-15T22:03:08+00:00","og_image":[{"width":311,"height":580,"url":"https:\/\/sakt.ee\/wp-content\/uploads\/2025\/05\/2598.jpg","type":"image\/jpeg"}],"twitter_card":"summary_large_image","twitter_misc":{"\u0426\u0435\u043d\u0430":"353,00&euro; +KM","\u0414\u043e\u0441\u0442\u0443\u043f\u043d\u043e\u0441\u0442\u044c":"\u041d\u0430 \u0437\u0430\u043a\u0430\u0437"},"schema":{"@context":"https:\/\/schema.org","@graph":[{"@type":"WebPage","@id":"https:\/\/sakt.ee\/\u0422\u043e\u0443\u0434\/de1-34011fn-n20n-reguleeritava-kiirusega-kaiviti-5-5kw-11-3a-3f-3f-400v-ip20\/","url":"https:\/\/sakt.ee\/\u0422\u043e\u0443\u0434\/de1-34011fn-n20n-reguleeritava-kiirusega-kaiviti-5-5kw-11-3a-3f-3f-400v-ip20\/","name":"DE1-34011FN-N20N \u043f\u0440\u043e\u0441\u0442\u043e\u0439 \u0447\u0430\u0441\u0442\u043e\u0442\u043d\u044b\u0439 \u043f\u0440\u0435\u043e\u0431\u0440\u0430\u0437\u043e\u0432\u0430\u0442\u0435\u043b\u044c, 5,5 \u043a\u0412\u0442, 11,3 \u0410, 3F\/3F ~400 \u0412, IP20 - Sakala T\u00f6\u00f6stusautomaatika O\u00dc","isPartOf":{"@id":"https:\/\/sakt.ee\/en\/#website"},"primaryImageOfPage":{"@id":"https:\/\/sakt.ee\/\u0422\u043e\u0443\u0434\/de1-34011fn-n20n-reguleeritava-kiirusega-kaiviti-5-5kw-11-3a-3f-3f-400v-ip20\/#primaryimage"},"image":{"@id":"https:\/\/sakt.ee\/\u0422\u043e\u0443\u0434\/de1-34011fn-n20n-reguleeritava-kiirusega-kaiviti-5-5kw-11-3a-3f-3f-400v-ip20\/#primaryimage"},"thumbnailUrl":"https:\/\/sakt.ee\/wp-content\/uploads\/2025\/05\/2598.jpg","datePublished":"2025-05-16T15:12:22+00:00","dateModified":"2025-08-15T22:03:08+00:00","breadcrumb":{"@id":"https:\/\/sakt.ee\/\u0422\u043e\u0443\u0434\/de1-34011fn-n20n-reguleeritava-kiirusega-kaiviti-5-5kw-11-3a-3f-3f-400v-ip20\/#breadcrumb"},"inLanguage":"ru-RU","potentialAction":[{"@type":"ReadAction","target":["https:\/\/sakt.ee\/\u0422\u043e\u0443\u0434\/de1-34011fn-n20n-reguleeritava-kiirusega-kaiviti-5-5kw-11-3a-3f-3f-400v-ip20\/"]}]},{"@type":"ImageObject","inLanguage":"ru-RU","@id":"https:\/\/sakt.ee\/\u0422\u043e\u0443\u0434\/de1-34011fn-n20n-reguleeritava-kiirusega-kaiviti-5-5kw-11-3a-3f-3f-400v-ip20\/#primaryimage","url":"https:\/\/sakt.ee\/wp-content\/uploads\/2025\/05\/2598.jpg","contentUrl":"https:\/\/sakt.ee\/wp-content\/uploads\/2025\/05\/2598.jpg","width":311,"height":580},{"@type":"BreadcrumbList","@id":"https:\/\/sakt.ee\/\u0422\u043e\u0443\u0434\/de1-34011fn-n20n-reguleeritava-kiirusega-kaiviti-5-5kw-11-3a-3f-3f-400v-ip20\/#breadcrumb","itemListElement":[{"@type":"ListItem","position":1,"name":"Home","item":"https:\/\/sakt.ee\/"},{"@type":"ListItem","position":2,"name":"\u041c\u0430\u0433\u0430\u0437\u0438\u043d","item":"https:\/\/sakt.ee\/ru\/\u043c\u0430\u0433\u0430\u0437\u0438\u043d\/"},{"@type":"ListItem","position":3,"name":"DE1-34011FN-N20N \u043f\u0440\u043e\u0441\u0442\u043e\u0439 \u0447\u0430\u0441\u0442\u043e\u0442\u043d\u044b\u0439 \u043f\u0440\u0435\u043e\u0431\u0440\u0430\u0437\u043e\u0432\u0430\u0442\u0435\u043b\u044c, 5,5 \u043a\u0412\u0442, 11,3 \u0410, 3F\/3F ~400 \u0412, IP20"}]},{"@type":"WebSite","@id":"https:\/\/sakt.ee\/en\/#website","url":"https:\/\/sakt.ee\/en\/","name":"Sakala T\u00f6\u00f6stusautomaatika O\u00dc","description":"T\u00f6\u00f6stusautomaatika e-pood","publisher":{"@id":"https:\/\/sakt.ee\/en\/#organization"},"potentialAction":[{"@type":"SearchAction","target":{"@type":"EntryPoint","urlTemplate":"https:\/\/sakt.ee\/en\/?s={search_term_string}"},"query-input":{"@type":"PropertyValueSpecification","valueRequired":true,"valueName":"search_term_string"}}],"inLanguage":"ru-RU"},{"@type":"Organization","@id":"https:\/\/sakt.ee\/en\/#organization","name":"Sakala T\u00f6\u00f6stusautomaatika O\u00dc","url":"https:\/\/sakt.ee\/en\/","logo":{"@type":"ImageObject","inLanguage":"ru-RU","@id":"https:\/\/sakt.ee\/en\/#\/schema\/logo\/image\/","url":"https:\/\/sakt.ee\/wp-content\/uploads\/2025\/05\/Sakala-Toostusautomaatika-favicon.png","contentUrl":"https:\/\/sakt.ee\/wp-content\/uploads\/2025\/05\/Sakala-Toostusautomaatika-favicon.png","width":500,"height":500,"caption":"Sakala T\u00f6\u00f6stusautomaatika O\u00dc"},"image":{"@id":"https:\/\/sakt.ee\/en\/#\/schema\/logo\/image\/"}}]},"product_price_amount":"353.00","product_price_currency":"EUR","og_availability":"backorder","product_availability":"available for order","product_retailer_item_id":"174339","product_condition":"new"},"_links":{"self":[{"href":"https:\/\/sakt.ee\/ru\/wp-json\/wp\/v2\/product\/40156","targetHints":{"allow":["GET"]}}],"collection":[{"href":"https:\/\/sakt.ee\/ru\/wp-json\/wp\/v2\/product"}],"about":[{"href":"https:\/\/sakt.ee\/ru\/wp-json\/wp\/v2\/types\/product"}],"version-history":[{"count":0,"href":"https:\/\/sakt.ee\/ru\/wp-json\/wp\/v2\/product\/40156\/revisions"}],"wp:featuredmedia":[{"embeddable":true,"href":"https:\/\/sakt.ee\/ru\/wp-json\/wp\/v2\/media\/19355"}],"wp:attachment":[{"href":"https:\/\/sakt.ee\/ru\/wp-json\/wp\/v2\/media?parent=40156"}],"wp:term":[{"taxonomy":"product_brand","embeddable":true,"href":"https:\/\/sakt.ee\/ru\/wp-json\/wp\/v2\/product_brand?post=40156"},{"taxonomy":"product_cat","embeddable":true,"href":"https:\/\/sakt.ee\/ru\/wp-json\/wp\/v2\/product_cat?post=40156"},{"taxonomy":"product_tag","embeddable":true,"href":"https:\/\/sakt.ee\/ru\/wp-json\/wp\/v2\/product_tag?post=40156"},{"taxonomy":"manufacturers","embeddable":true,"href":"https:\/\/sakt.ee\/ru\/wp-json\/wp\/v2\/manufacturers?post=40156"}],"curies":[{"name":"wp","href":"https:\/\/api.w.org\/{rel}","templated":true}]}}