{"id":39729,"date":"2025-05-16T15:18:18","date_gmt":"2025-05-16T12:18:18","guid":{"rendered":"https:\/\/sakt.ee\/product\/%d0%bc%d0%b0%d0%b3%d0%bd%d0%b8%d1%82%d0%bd%d1%8b%d0%b9-%d0%b4%d0%b0%d1%82%d1%87%d0%b8%d0%ba-smc-12-%d0%bc%d0%b0%d0%ba%d1%81-200%d0%b2-05%d0%b0-m12-%d0%bd%d0%b5%d1%80%d0%b6%d0%b0%d0%b2%d0%b5%d1%8e"},"modified":"2025-11-25T13:15:00","modified_gmt":"2025-11-25T10:15:00","slug":"%d0%bc%d0%b0%d0%b3%d0%bd%d0%b8%d1%82%d0%bd%d1%8b%d0%b9-%d0%b4%d0%b0%d1%82%d1%87%d0%b8%d0%ba-smc-12-%d0%bc%d0%b0%d0%ba%d1%81-200%d0%b2-05%d0%b0-m12-%d0%bd%d0%b5%d1%80%d0%b6%d0%b0%d0%b2%d0%b5%d1%8e","status":"publish","type":"product","link":"https:\/\/sakt.ee\/ru\/\u043c\u0430\u0433\u0430\u0437\u0438\u043d\/%d0%b4%d0%b0%d1%82%d1%87%d0%b8%d0%ba%d0%b8-%d0%bf%d1%80%d0%be%d1%86%d0%b5%d1%81%d1%81%d0%b0\/%d0%bc%d0%b0%d0%b3%d0%bd%d0%b8%d1%82%d0%bd%d1%8b%d0%b5-%d0%b4%d0%b0%d1%82%d1%87%d0%b8%d0%ba%d0%b8\/%d0%bc%d0%b0%d0%b3%d0%bd%d0%b8%d1%82%d0%bd%d1%8b%d0%b9-%d0%b4%d0%b0%d1%82%d1%87%d0%b8%d0%ba-smc-12-%d0%bc%d0%b0%d0%ba%d1%81-200%d0%b2-05%d0%b0-m12-%d0%bd%d0%b5%d1%80%d0%b6%d0%b0%d0%b2%d0%b5%d1%8e\/","title":{"rendered":"\u041c\u0430\u0433\u043d\u0438\u0442\u043d\u044b\u0439 \u0434\u0430\u0442\u0447\u0438\u043a SMC-12; \u043c\u0430\u043a\u0441 200\u0412 0,5\u0410; M12 \u043d\u0435\u0440\u0436\u0430\u0432\u0435\u044e\u0449\u0430\u044f \u0441\u0442\u0430\u043b\u044c; NO; 20\u043c\u043c; \u043a\u0430\u0431\u0435\u043b\u044c 5\u043c"},"content":{"rendered":"","protected":false},"excerpt":{"rendered":"","protected":false},"featured_media":16839,"template":"","meta":{"_acf_changed":false},"product_brand":[],"product_cat":[5033],"product_tag":[],"manufacturers":[7814],"class_list":{"0":"post-39729","1":"product","2":"type-product","3":"status-publish","4":"has-post-thumbnail","6":"product_cat-5033","7":"pa_kaitseklass-ip67-ru","8":"pa_kontakt-1-no-ru","9":"pa_kuju-3219","10":"pa_labimoot-12mm-ru","11":"pa_materjal-3522","12":"pa_mootepiirkond-0-20mm-ru","13":"pa_nimivool-05a-ru","14":"pa_pikkus-50mm-ru","15":"pa_tootemperatuur-25-100c-ru","16":"pa_tootja-aeco","17":"pa_uhendustuup--5-","18":"manufacturers-aeco-ru","20":"first","21":"instock","22":"taxable","23":"shipping-taxable","24":"purchasable","25":"product-type-simple"},"acf":[],"yoast_head":"<!-- This site is optimized with the Yoast SEO Premium plugin v25.4 (Yoast SEO v25.4) - https:\/\/yoast.com\/wordpress\/plugins\/seo\/ -->\n<title>\u041c\u0430\u0433\u043d\u0438\u0442\u043d\u044b\u0439 \u0434\u0430\u0442\u0447\u0438\u043a SMC-12; \u043c\u0430\u043a\u0441 200\u0412 0,5\u0410; M12 \u043d\u0435\u0440\u0436\u0430\u0432\u0435\u044e\u0449\u0430\u044f \u0441\u0442\u0430\u043b\u044c; NO; 20\u043c\u043c; \u043a\u0430\u0431\u0435\u043b\u044c 5\u043c - Sakala T\u00f6\u00f6stusautomaatika O\u00dc<\/title>\n<meta name=\"robots\" content=\"index, follow, max-snippet:-1, max-image-preview:large, max-video-preview:-1\" \/>\n<link rel=\"canonical\" href=\"https:\/\/sakt.ee\/\u0422\u043e\u0443\u0434\/smc-12-magnetandur-max-200v-05a-m12-roostevaba-teras-no-20mm-5m-juhe\/\" \/>\n<meta property=\"og:locale\" content=\"ru_RU\" \/>\n<meta property=\"og:type\" content=\"article\" \/>\n<meta property=\"og:title\" content=\"\u041c\u0430\u0433\u043d\u0438\u0442\u043d\u044b\u0439 \u0434\u0430\u0442\u0447\u0438\u043a SMC-12; \u043c\u0430\u043a\u0441 200\u0412 0,5\u0410; M12 \u043d\u0435\u0440\u0436\u0430\u0432\u0435\u044e\u0449\u0430\u044f \u0441\u0442\u0430\u043b\u044c; NO; 20\u043c\u043c; \u043a\u0430\u0431\u0435\u043b\u044c 5\u043c\" \/>\n<meta property=\"og:url\" content=\"https:\/\/sakt.ee\/\u0422\u043e\u0443\u0434\/smc-12-magnetandur-max-200v-05a-m12-roostevaba-teras-no-20mm-5m-juhe\/\" \/>\n<meta property=\"og:site_name\" content=\"Sakala T\u00f6\u00f6stusautomaatika O\u00dc\" \/>\n<meta property=\"article:modified_time\" content=\"2025-11-25T10:15:00+00:00\" \/>\n<meta property=\"og:image\" content=\"https:\/\/sakt.ee\/wp-content\/uploads\/2025\/05\/7026.jpg\" \/>\n\t<meta property=\"og:image:width\" content=\"1267\" \/>\n\t<meta property=\"og:image:height\" content=\"455\" \/>\n\t<meta property=\"og:image:type\" content=\"image\/jpeg\" \/>\n<meta name=\"twitter:card\" content=\"summary_large_image\" \/>\n<meta name=\"twitter:label1\" content=\"\u0426\u0435\u043d\u0430\" \/>\n\t<meta name=\"twitter:data1\" content=\"49,80&euro; +KM\" \/>\n\t<meta name=\"twitter:label2\" content=\"\u0414\u043e\u0441\u0442\u0443\u043f\u043d\u043e\u0441\u0442\u044c\" \/>\n\t<meta name=\"twitter:data2\" content=\"\u0412 \u043d\u0430\u043b\u0438\u0447\u0438\u0438\" \/>\n<script type=\"application\/ld+json\" class=\"yoast-schema-graph\">{\"@context\":\"https:\/\/schema.org\",\"@graph\":[{\"@type\":\"WebPage\",\"@id\":\"https:\/\/sakt.ee\/\u0422\u043e\u0443\u0434\/smc-12-magnetandur-max-200v-05a-m12-roostevaba-teras-no-20mm-5m-juhe\/\",\"url\":\"https:\/\/sakt.ee\/\u0422\u043e\u0443\u0434\/smc-12-magnetandur-max-200v-05a-m12-roostevaba-teras-no-20mm-5m-juhe\/\",\"name\":\"\u041c\u0430\u0433\u043d\u0438\u0442\u043d\u044b\u0439 \u0434\u0430\u0442\u0447\u0438\u043a SMC-12; \u043c\u0430\u043a\u0441 200\u0412 0,5\u0410; M12 \u043d\u0435\u0440\u0436\u0430\u0432\u0435\u044e\u0449\u0430\u044f \u0441\u0442\u0430\u043b\u044c; NO; 20\u043c\u043c; \u043a\u0430\u0431\u0435\u043b\u044c 5\u043c - Sakala T\u00f6\u00f6stusautomaatika O\u00dc\",\"isPartOf\":{\"@id\":\"https:\/\/sakt.ee\/en\/#website\"},\"primaryImageOfPage\":{\"@id\":\"https:\/\/sakt.ee\/\u0422\u043e\u0443\u0434\/smc-12-magnetandur-max-200v-05a-m12-roostevaba-teras-no-20mm-5m-juhe\/#primaryimage\"},\"image\":{\"@id\":\"https:\/\/sakt.ee\/\u0422\u043e\u0443\u0434\/smc-12-magnetandur-max-200v-05a-m12-roostevaba-teras-no-20mm-5m-juhe\/#primaryimage\"},\"thumbnailUrl\":\"https:\/\/sakt.ee\/wp-content\/uploads\/2025\/05\/7026.jpg\",\"datePublished\":\"2025-05-16T12:18:18+00:00\",\"dateModified\":\"2025-11-25T10:15:00+00:00\",\"breadcrumb\":{\"@id\":\"https:\/\/sakt.ee\/\u0422\u043e\u0443\u0434\/smc-12-magnetandur-max-200v-05a-m12-roostevaba-teras-no-20mm-5m-juhe\/#breadcrumb\"},\"inLanguage\":\"ru-RU\",\"potentialAction\":[{\"@type\":\"ReadAction\",\"target\":[\"https:\/\/sakt.ee\/\u0422\u043e\u0443\u0434\/smc-12-magnetandur-max-200v-05a-m12-roostevaba-teras-no-20mm-5m-juhe\/\"]}]},{\"@type\":\"ImageObject\",\"inLanguage\":\"ru-RU\",\"@id\":\"https:\/\/sakt.ee\/\u0422\u043e\u0443\u0434\/smc-12-magnetandur-max-200v-05a-m12-roostevaba-teras-no-20mm-5m-juhe\/#primaryimage\",\"url\":\"https:\/\/sakt.ee\/wp-content\/uploads\/2025\/05\/7026.jpg\",\"contentUrl\":\"https:\/\/sakt.ee\/wp-content\/uploads\/2025\/05\/7026.jpg\",\"width\":1267,\"height\":455},{\"@type\":\"BreadcrumbList\",\"@id\":\"https:\/\/sakt.ee\/\u0422\u043e\u0443\u0434\/smc-12-magnetandur-max-200v-05a-m12-roostevaba-teras-no-20mm-5m-juhe\/#breadcrumb\",\"itemListElement\":[{\"@type\":\"ListItem\",\"position\":1,\"name\":\"Home\",\"item\":\"https:\/\/sakt.ee\/\"},{\"@type\":\"ListItem\",\"position\":2,\"name\":\"\u041c\u0430\u0433\u0430\u0437\u0438\u043d\",\"item\":\"https:\/\/sakt.ee\/ru\/\u043c\u0430\u0433\u0430\u0437\u0438\u043d\/\"},{\"@type\":\"ListItem\",\"position\":3,\"name\":\"\u041c\u0430\u0433\u043d\u0438\u0442\u043d\u044b\u0439 \u0434\u0430\u0442\u0447\u0438\u043a SMC-12; \u043c\u0430\u043a\u0441 200\u0412 0,5\u0410; M12 \u043d\u0435\u0440\u0436\u0430\u0432\u0435\u044e\u0449\u0430\u044f \u0441\u0442\u0430\u043b\u044c; NO; 20\u043c\u043c; \u043a\u0430\u0431\u0435\u043b\u044c 5\u043c\"}]},{\"@type\":\"WebSite\",\"@id\":\"https:\/\/sakt.ee\/en\/#website\",\"url\":\"https:\/\/sakt.ee\/en\/\",\"name\":\"Sakala T\u00f6\u00f6stusautomaatika O\u00dc\",\"description\":\"T\u00f6\u00f6stusautomaatika e-pood\",\"publisher\":{\"@id\":\"https:\/\/sakt.ee\/en\/#organization\"},\"potentialAction\":[{\"@type\":\"SearchAction\",\"target\":{\"@type\":\"EntryPoint\",\"urlTemplate\":\"https:\/\/sakt.ee\/en\/?s={search_term_string}\"},\"query-input\":{\"@type\":\"PropertyValueSpecification\",\"valueRequired\":true,\"valueName\":\"search_term_string\"}}],\"inLanguage\":\"ru-RU\"},{\"@type\":\"Organization\",\"@id\":\"https:\/\/sakt.ee\/en\/#organization\",\"name\":\"Sakala T\u00f6\u00f6stusautomaatika O\u00dc\",\"url\":\"https:\/\/sakt.ee\/en\/\",\"logo\":{\"@type\":\"ImageObject\",\"inLanguage\":\"ru-RU\",\"@id\":\"https:\/\/sakt.ee\/en\/#\/schema\/logo\/image\/\",\"url\":\"https:\/\/sakt.ee\/wp-content\/uploads\/2025\/05\/Sakala-Toostusautomaatika-favicon.png\",\"contentUrl\":\"https:\/\/sakt.ee\/wp-content\/uploads\/2025\/05\/Sakala-Toostusautomaatika-favicon.png\",\"width\":500,\"height\":500,\"caption\":\"Sakala T\u00f6\u00f6stusautomaatika O\u00dc\"},\"image\":{\"@id\":\"https:\/\/sakt.ee\/en\/#\/schema\/logo\/image\/\"}}]}<\/script>\n<meta property=\"product:price:amount\" content=\"49.80\" \/>\n<meta property=\"product:price:currency\" content=\"EUR\" \/>\n<meta property=\"og:availability\" content=\"instock\" \/>\n<meta property=\"product:availability\" content=\"instock\" \/>\n<meta property=\"product:retailer_item_id\" content=\"SMC000257\" \/>\n<meta property=\"product:condition\" content=\"new\" \/>\n<!-- \/ Yoast SEO Premium plugin. -->","yoast_head_json":{"title":"\u041c\u0430\u0433\u043d\u0438\u0442\u043d\u044b\u0439 \u0434\u0430\u0442\u0447\u0438\u043a SMC-12; \u043c\u0430\u043a\u0441 200\u0412 0,5\u0410; M12 \u043d\u0435\u0440\u0436\u0430\u0432\u0435\u044e\u0449\u0430\u044f \u0441\u0442\u0430\u043b\u044c; NO; 20\u043c\u043c; \u043a\u0430\u0431\u0435\u043b\u044c 5\u043c - Sakala T\u00f6\u00f6stusautomaatika O\u00dc","robots":{"index":"index","follow":"follow","max-snippet":"max-snippet:-1","max-image-preview":"max-image-preview:large","max-video-preview":"max-video-preview:-1"},"canonical":"https:\/\/sakt.ee\/\u0422\u043e\u0443\u0434\/smc-12-magnetandur-max-200v-05a-m12-roostevaba-teras-no-20mm-5m-juhe\/","og_locale":"ru_RU","og_type":"article","og_title":"\u041c\u0430\u0433\u043d\u0438\u0442\u043d\u044b\u0439 \u0434\u0430\u0442\u0447\u0438\u043a SMC-12; \u043c\u0430\u043a\u0441 200\u0412 0,5\u0410; M12 \u043d\u0435\u0440\u0436\u0430\u0432\u0435\u044e\u0449\u0430\u044f \u0441\u0442\u0430\u043b\u044c; NO; 20\u043c\u043c; \u043a\u0430\u0431\u0435\u043b\u044c 5\u043c","og_url":"https:\/\/sakt.ee\/\u0422\u043e\u0443\u0434\/smc-12-magnetandur-max-200v-05a-m12-roostevaba-teras-no-20mm-5m-juhe\/","og_site_name":"Sakala T\u00f6\u00f6stusautomaatika O\u00dc","article_modified_time":"2025-11-25T10:15:00+00:00","og_image":[{"width":1267,"height":455,"url":"https:\/\/sakt.ee\/wp-content\/uploads\/2025\/05\/7026.jpg","type":"image\/jpeg"}],"twitter_card":"summary_large_image","twitter_misc":{"\u0426\u0435\u043d\u0430":"49,80&euro; +KM","\u0414\u043e\u0441\u0442\u0443\u043f\u043d\u043e\u0441\u0442\u044c":"\u0412 \u043d\u0430\u043b\u0438\u0447\u0438\u0438"},"schema":{"@context":"https:\/\/schema.org","@graph":[{"@type":"WebPage","@id":"https:\/\/sakt.ee\/\u0422\u043e\u0443\u0434\/smc-12-magnetandur-max-200v-05a-m12-roostevaba-teras-no-20mm-5m-juhe\/","url":"https:\/\/sakt.ee\/\u0422\u043e\u0443\u0434\/smc-12-magnetandur-max-200v-05a-m12-roostevaba-teras-no-20mm-5m-juhe\/","name":"\u041c\u0430\u0433\u043d\u0438\u0442\u043d\u044b\u0439 \u0434\u0430\u0442\u0447\u0438\u043a SMC-12; \u043c\u0430\u043a\u0441 200\u0412 0,5\u0410; M12 \u043d\u0435\u0440\u0436\u0430\u0432\u0435\u044e\u0449\u0430\u044f \u0441\u0442\u0430\u043b\u044c; NO; 20\u043c\u043c; \u043a\u0430\u0431\u0435\u043b\u044c 5\u043c - Sakala T\u00f6\u00f6stusautomaatika O\u00dc","isPartOf":{"@id":"https:\/\/sakt.ee\/en\/#website"},"primaryImageOfPage":{"@id":"https:\/\/sakt.ee\/\u0422\u043e\u0443\u0434\/smc-12-magnetandur-max-200v-05a-m12-roostevaba-teras-no-20mm-5m-juhe\/#primaryimage"},"image":{"@id":"https:\/\/sakt.ee\/\u0422\u043e\u0443\u0434\/smc-12-magnetandur-max-200v-05a-m12-roostevaba-teras-no-20mm-5m-juhe\/#primaryimage"},"thumbnailUrl":"https:\/\/sakt.ee\/wp-content\/uploads\/2025\/05\/7026.jpg","datePublished":"2025-05-16T12:18:18+00:00","dateModified":"2025-11-25T10:15:00+00:00","breadcrumb":{"@id":"https:\/\/sakt.ee\/\u0422\u043e\u0443\u0434\/smc-12-magnetandur-max-200v-05a-m12-roostevaba-teras-no-20mm-5m-juhe\/#breadcrumb"},"inLanguage":"ru-RU","potentialAction":[{"@type":"ReadAction","target":["https:\/\/sakt.ee\/\u0422\u043e\u0443\u0434\/smc-12-magnetandur-max-200v-05a-m12-roostevaba-teras-no-20mm-5m-juhe\/"]}]},{"@type":"ImageObject","inLanguage":"ru-RU","@id":"https:\/\/sakt.ee\/\u0422\u043e\u0443\u0434\/smc-12-magnetandur-max-200v-05a-m12-roostevaba-teras-no-20mm-5m-juhe\/#primaryimage","url":"https:\/\/sakt.ee\/wp-content\/uploads\/2025\/05\/7026.jpg","contentUrl":"https:\/\/sakt.ee\/wp-content\/uploads\/2025\/05\/7026.jpg","width":1267,"height":455},{"@type":"BreadcrumbList","@id":"https:\/\/sakt.ee\/\u0422\u043e\u0443\u0434\/smc-12-magnetandur-max-200v-05a-m12-roostevaba-teras-no-20mm-5m-juhe\/#breadcrumb","itemListElement":[{"@type":"ListItem","position":1,"name":"Home","item":"https:\/\/sakt.ee\/"},{"@type":"ListItem","position":2,"name":"\u041c\u0430\u0433\u0430\u0437\u0438\u043d","item":"https:\/\/sakt.ee\/ru\/\u043c\u0430\u0433\u0430\u0437\u0438\u043d\/"},{"@type":"ListItem","position":3,"name":"\u041c\u0430\u0433\u043d\u0438\u0442\u043d\u044b\u0439 \u0434\u0430\u0442\u0447\u0438\u043a SMC-12; \u043c\u0430\u043a\u0441 200\u0412 0,5\u0410; M12 \u043d\u0435\u0440\u0436\u0430\u0432\u0435\u044e\u0449\u0430\u044f \u0441\u0442\u0430\u043b\u044c; NO; 20\u043c\u043c; \u043a\u0430\u0431\u0435\u043b\u044c 5\u043c"}]},{"@type":"WebSite","@id":"https:\/\/sakt.ee\/en\/#website","url":"https:\/\/sakt.ee\/en\/","name":"Sakala T\u00f6\u00f6stusautomaatika O\u00dc","description":"T\u00f6\u00f6stusautomaatika e-pood","publisher":{"@id":"https:\/\/sakt.ee\/en\/#organization"},"potentialAction":[{"@type":"SearchAction","target":{"@type":"EntryPoint","urlTemplate":"https:\/\/sakt.ee\/en\/?s={search_term_string}"},"query-input":{"@type":"PropertyValueSpecification","valueRequired":true,"valueName":"search_term_string"}}],"inLanguage":"ru-RU"},{"@type":"Organization","@id":"https:\/\/sakt.ee\/en\/#organization","name":"Sakala T\u00f6\u00f6stusautomaatika O\u00dc","url":"https:\/\/sakt.ee\/en\/","logo":{"@type":"ImageObject","inLanguage":"ru-RU","@id":"https:\/\/sakt.ee\/en\/#\/schema\/logo\/image\/","url":"https:\/\/sakt.ee\/wp-content\/uploads\/2025\/05\/Sakala-Toostusautomaatika-favicon.png","contentUrl":"https:\/\/sakt.ee\/wp-content\/uploads\/2025\/05\/Sakala-Toostusautomaatika-favicon.png","width":500,"height":500,"caption":"Sakala T\u00f6\u00f6stusautomaatika O\u00dc"},"image":{"@id":"https:\/\/sakt.ee\/en\/#\/schema\/logo\/image\/"}}]},"product_price_amount":"49.80","product_price_currency":"EUR","og_availability":"instock","product_availability":"instock","product_retailer_item_id":"SMC000257","product_condition":"new"},"_links":{"self":[{"href":"https:\/\/sakt.ee\/ru\/wp-json\/wp\/v2\/product\/39729","targetHints":{"allow":["GET"]}}],"collection":[{"href":"https:\/\/sakt.ee\/ru\/wp-json\/wp\/v2\/product"}],"about":[{"href":"https:\/\/sakt.ee\/ru\/wp-json\/wp\/v2\/types\/product"}],"version-history":[{"count":0,"href":"https:\/\/sakt.ee\/ru\/wp-json\/wp\/v2\/product\/39729\/revisions"}],"wp:featuredmedia":[{"embeddable":true,"href":"https:\/\/sakt.ee\/ru\/wp-json\/wp\/v2\/media\/16839"}],"wp:attachment":[{"href":"https:\/\/sakt.ee\/ru\/wp-json\/wp\/v2\/media?parent=39729"}],"wp:term":[{"taxonomy":"product_brand","embeddable":true,"href":"https:\/\/sakt.ee\/ru\/wp-json\/wp\/v2\/product_brand?post=39729"},{"taxonomy":"product_cat","embeddable":true,"href":"https:\/\/sakt.ee\/ru\/wp-json\/wp\/v2\/product_cat?post=39729"},{"taxonomy":"product_tag","embeddable":true,"href":"https:\/\/sakt.ee\/ru\/wp-json\/wp\/v2\/product_tag?post=39729"},{"taxonomy":"manufacturers","embeddable":true,"href":"https:\/\/sakt.ee\/ru\/wp-json\/wp\/v2\/manufacturers?post=39729"}],"curies":[{"name":"wp","href":"https:\/\/api.w.org\/{rel}","templated":true}]}}