{"id":39687,"date":"2025-05-16T15:10:55","date_gmt":"2025-05-16T12:10:55","guid":{"rendered":"https:\/\/sakt.ee\/product\/s62-pa-5-m21-pp-%d1%84%d0%be%d1%82%d0%be%d0%b4%d0%b0%d1%82%d1%87%d0%b8%d0%ba-10-30dc-50x50x18-%d0%bc%d0%bc-%d0%bf%d0%bb%d0%b0%d1%81%d1%82%d0%b8%d0%ba%d0%be%d0%b2%d1%8b%d0%b9-%d0%ba%d0%be%d1%80%d0"},"modified":"2025-11-25T13:15:58","modified_gmt":"2025-11-25T10:15:58","slug":"s62-pa-5-m21-pp-%d1%84%d0%be%d1%82%d0%be%d0%b4%d0%b0%d1%82%d1%87%d0%b8%d0%ba-10-30dc-50x50x18-%d0%bc%d0%bc-%d0%bf%d0%bb%d0%b0%d1%81%d1%82%d0%b8%d0%ba%d0%be%d0%b2%d1%8b%d0%b9-%d0%ba%d0%be%d1%80%d0%bf","status":"publish","type":"product","link":"https:\/\/sakt.ee\/ru\/\u043c\u0430\u0433\u0430\u0437\u0438\u043d\/%d0%b4%d0%b0%d1%82%d1%87%d0%b8%d0%ba%d0%b8-%d0%bf%d1%80%d0%be%d1%86%d0%b5%d1%81%d1%81%d0%b0\/%d1%84%d0%be%d1%82%d0%be%d0%b4%d0%b0%d1%82%d1%87%d0%b8%d0%ba%d0%b8\/%d0%be%d1%82%d1%80%d0%b0%d0%b6%d0%b0%d1%8e%d1%82%d1%81%d1%8f-%d0%be%d1%82-%d0%be%d0%b1%d1%8a%d0%b5%d0%ba%d1%82%d0%b0\/s62-pa-5-m21-pp-%d1%84%d0%be%d1%82%d0%be%d0%b4%d0%b0%d1%82%d1%87%d0%b8%d0%ba-10-30dc-50x50x18-%d0%bc%d0%bc-%d0%bf%d0%bb%d0%b0%d1%81%d1%82%d0%b8%d0%ba%d0%be%d0%b2%d1%8b%d0%b9-%d0%ba%d0%be%d1%80%d0%bf\/","title":{"rendered":"S62-PA-5-M21-PP \u0444\u043e\u0442\u043e\u0434\u0430\u0442\u0447\u0438\u043a; 10-30DC; 50x50x18 \u043c\u043c \u043f\u043b\u0430\u0441\u0442\u0438\u043a\u043e\u0432\u044b\u0439 \u043a\u043e\u0440\u043f\u0443\u0441; \u043e\u0442\u0440\u0430\u0436\u0430\u044e\u0449\u0438\u0439; \u043f\u043e\u0434\u0430\u0432\u043b\u0435\u043d\u0438\u0435 \u0444\u043e\u043d\u0430; 60&#8230;1200 \u043c\u043c; PNP; \u0440\u0430\u0437\u044a\u0435\u043c M12; IP67"},"content":{"rendered":"","protected":false},"excerpt":{"rendered":"","protected":false},"featured_media":16733,"template":"","meta":{"_acf_changed":false},"product_brand":[],"product_cat":[3332],"product_tag":[],"manufacturers":[7811],"class_list":{"0":"post-39687","1":"product","2":"type-product","3":"status-publish","4":"has-post-thumbnail","6":"product_cat-3332","7":"pa_funktsioon-3330","8":"pa_kaitseklass-ip67-ru","9":"pa_kontakt-1--1-","10":"pa_korpus-3193","11":"pa_kuju-3533","12":"pa_mootepiirkond-60-1200mm-ru","13":"pa_seeria-s62-ru","14":"pa_toide-10-30---","15":"pa_tootemperatuur-10-55c-ru","16":"pa_tootja-datasensing","17":"pa_uhendustuup--m12","18":"pa_valjund-pnp-ru","19":"manufacturers-datalogic-ru","21":"first","22":"instock","23":"taxable","24":"shipping-taxable","25":"purchasable","26":"product-type-simple"},"acf":[],"yoast_head":"<!-- This site is optimized with the Yoast SEO Premium plugin v25.4 (Yoast SEO v25.4) - https:\/\/yoast.com\/wordpress\/plugins\/seo\/ -->\n<title>S62-PA-5-M21-PP \u0444\u043e\u0442\u043e\u0434\u0430\u0442\u0447\u0438\u043a; 10-30DC; 50x50x18 \u043c\u043c \u043f\u043b\u0430\u0441\u0442\u0438\u043a\u043e\u0432\u044b\u0439 \u043a\u043e\u0440\u043f\u0443\u0441; \u043e\u0442\u0440\u0430\u0436\u0430\u044e\u0449\u0438\u0439; \u043f\u043e\u0434\u0430\u0432\u043b\u0435\u043d\u0438\u0435 \u0444\u043e\u043d\u0430; 60...1200 \u043c\u043c; PNP; \u0440\u0430\u0437\u044a\u0435\u043c M12; IP67 - Sakala T\u00f6\u00f6stusautomaatika O\u00dc<\/title>\n<meta name=\"robots\" content=\"index, follow, max-snippet:-1, max-image-preview:large, max-video-preview:-1\" \/>\n<link rel=\"canonical\" href=\"https:\/\/sakt.ee\/\u0422\u043e\u0443\u0434\/s62-pa-5-m21-pp-fotoandur-10-30dc-50x50x18mm-plastikkorpus-tausta-mahasurumine-60-1200mm-pnp-m12-pistik-ip67\/\" \/>\n<meta property=\"og:locale\" content=\"ru_RU\" \/>\n<meta property=\"og:type\" content=\"article\" \/>\n<meta property=\"og:title\" content=\"S62-PA-5-M21-PP \u0444\u043e\u0442\u043e\u0434\u0430\u0442\u0447\u0438\u043a; 10-30DC; 50x50x18 \u043c\u043c \u043f\u043b\u0430\u0441\u0442\u0438\u043a\u043e\u0432\u044b\u0439 \u043a\u043e\u0440\u043f\u0443\u0441; \u043e\u0442\u0440\u0430\u0436\u0430\u044e\u0449\u0438\u0439; \u043f\u043e\u0434\u0430\u0432\u043b\u0435\u043d\u0438\u0435 \u0444\u043e\u043d\u0430; 60...1200 \u043c\u043c; PNP; \u0440\u0430\u0437\u044a\u0435\u043c M12; IP67\" \/>\n<meta property=\"og:url\" content=\"https:\/\/sakt.ee\/\u0422\u043e\u0443\u0434\/s62-pa-5-m21-pp-fotoandur-10-30dc-50x50x18mm-plastikkorpus-tausta-mahasurumine-60-1200mm-pnp-m12-pistik-ip67\/\" \/>\n<meta property=\"og:site_name\" content=\"Sakala T\u00f6\u00f6stusautomaatika O\u00dc\" \/>\n<meta property=\"article:modified_time\" content=\"2025-11-25T10:15:58+00:00\" \/>\n<meta property=\"og:image\" content=\"https:\/\/sakt.ee\/wp-content\/uploads\/2025\/05\/4246.jpg\" \/>\n\t<meta property=\"og:image:width\" content=\"882\" \/>\n\t<meta property=\"og:image:height\" content=\"882\" \/>\n\t<meta property=\"og:image:type\" content=\"image\/jpeg\" \/>\n<meta name=\"twitter:card\" content=\"summary_large_image\" \/>\n<meta name=\"twitter:label1\" content=\"\u0426\u0435\u043d\u0430\" \/>\n\t<meta name=\"twitter:data1\" content=\"177,40&euro; +KM\" \/>\n\t<meta name=\"twitter:label2\" content=\"\u0414\u043e\u0441\u0442\u0443\u043f\u043d\u043e\u0441\u0442\u044c\" \/>\n\t<meta name=\"twitter:data2\" content=\"\u0412 \u043d\u0430\u043b\u0438\u0447\u0438\u0438\" \/>\n<script type=\"application\/ld+json\" class=\"yoast-schema-graph\">{\"@context\":\"https:\/\/schema.org\",\"@graph\":[{\"@type\":\"WebPage\",\"@id\":\"https:\/\/sakt.ee\/\u0422\u043e\u0443\u0434\/s62-pa-5-m21-pp-fotoandur-10-30dc-50x50x18mm-plastikkorpus-tausta-mahasurumine-60-1200mm-pnp-m12-pistik-ip67\/\",\"url\":\"https:\/\/sakt.ee\/\u0422\u043e\u0443\u0434\/s62-pa-5-m21-pp-fotoandur-10-30dc-50x50x18mm-plastikkorpus-tausta-mahasurumine-60-1200mm-pnp-m12-pistik-ip67\/\",\"name\":\"S62-PA-5-M21-PP \u0444\u043e\u0442\u043e\u0434\u0430\u0442\u0447\u0438\u043a; 10-30DC; 50x50x18 \u043c\u043c \u043f\u043b\u0430\u0441\u0442\u0438\u043a\u043e\u0432\u044b\u0439 \u043a\u043e\u0440\u043f\u0443\u0441; \u043e\u0442\u0440\u0430\u0436\u0430\u044e\u0449\u0438\u0439; \u043f\u043e\u0434\u0430\u0432\u043b\u0435\u043d\u0438\u0435 \u0444\u043e\u043d\u0430; 60...1200 \u043c\u043c; PNP; \u0440\u0430\u0437\u044a\u0435\u043c M12; IP67 - Sakala T\u00f6\u00f6stusautomaatika O\u00dc\",\"isPartOf\":{\"@id\":\"https:\/\/sakt.ee\/en\/#website\"},\"primaryImageOfPage\":{\"@id\":\"https:\/\/sakt.ee\/\u0422\u043e\u0443\u0434\/s62-pa-5-m21-pp-fotoandur-10-30dc-50x50x18mm-plastikkorpus-tausta-mahasurumine-60-1200mm-pnp-m12-pistik-ip67\/#primaryimage\"},\"image\":{\"@id\":\"https:\/\/sakt.ee\/\u0422\u043e\u0443\u0434\/s62-pa-5-m21-pp-fotoandur-10-30dc-50x50x18mm-plastikkorpus-tausta-mahasurumine-60-1200mm-pnp-m12-pistik-ip67\/#primaryimage\"},\"thumbnailUrl\":\"https:\/\/sakt.ee\/wp-content\/uploads\/2025\/05\/4246.jpg\",\"datePublished\":\"2025-05-16T12:10:55+00:00\",\"dateModified\":\"2025-11-25T10:15:58+00:00\",\"breadcrumb\":{\"@id\":\"https:\/\/sakt.ee\/\u0422\u043e\u0443\u0434\/s62-pa-5-m21-pp-fotoandur-10-30dc-50x50x18mm-plastikkorpus-tausta-mahasurumine-60-1200mm-pnp-m12-pistik-ip67\/#breadcrumb\"},\"inLanguage\":\"ru-RU\",\"potentialAction\":[{\"@type\":\"ReadAction\",\"target\":[\"https:\/\/sakt.ee\/\u0422\u043e\u0443\u0434\/s62-pa-5-m21-pp-fotoandur-10-30dc-50x50x18mm-plastikkorpus-tausta-mahasurumine-60-1200mm-pnp-m12-pistik-ip67\/\"]}]},{\"@type\":\"ImageObject\",\"inLanguage\":\"ru-RU\",\"@id\":\"https:\/\/sakt.ee\/\u0422\u043e\u0443\u0434\/s62-pa-5-m21-pp-fotoandur-10-30dc-50x50x18mm-plastikkorpus-tausta-mahasurumine-60-1200mm-pnp-m12-pistik-ip67\/#primaryimage\",\"url\":\"https:\/\/sakt.ee\/wp-content\/uploads\/2025\/05\/4246.jpg\",\"contentUrl\":\"https:\/\/sakt.ee\/wp-content\/uploads\/2025\/05\/4246.jpg\",\"width\":882,\"height\":882},{\"@type\":\"BreadcrumbList\",\"@id\":\"https:\/\/sakt.ee\/\u0422\u043e\u0443\u0434\/s62-pa-5-m21-pp-fotoandur-10-30dc-50x50x18mm-plastikkorpus-tausta-mahasurumine-60-1200mm-pnp-m12-pistik-ip67\/#breadcrumb\",\"itemListElement\":[{\"@type\":\"ListItem\",\"position\":1,\"name\":\"Home\",\"item\":\"https:\/\/sakt.ee\/\"},{\"@type\":\"ListItem\",\"position\":2,\"name\":\"\u041c\u0430\u0433\u0430\u0437\u0438\u043d\",\"item\":\"https:\/\/sakt.ee\/ru\/\u043c\u0430\u0433\u0430\u0437\u0438\u043d\/\"},{\"@type\":\"ListItem\",\"position\":3,\"name\":\"S62-PA-5-M21-PP \u0444\u043e\u0442\u043e\u0434\u0430\u0442\u0447\u0438\u043a; 10-30DC; 50x50x18 \u043c\u043c \u043f\u043b\u0430\u0441\u0442\u0438\u043a\u043e\u0432\u044b\u0439 \u043a\u043e\u0440\u043f\u0443\u0441; \u043e\u0442\u0440\u0430\u0436\u0430\u044e\u0449\u0438\u0439; \u043f\u043e\u0434\u0430\u0432\u043b\u0435\u043d\u0438\u0435 \u0444\u043e\u043d\u0430; 60&#8230;1200 \u043c\u043c; PNP; \u0440\u0430\u0437\u044a\u0435\u043c M12; IP67\"}]},{\"@type\":\"WebSite\",\"@id\":\"https:\/\/sakt.ee\/en\/#website\",\"url\":\"https:\/\/sakt.ee\/en\/\",\"name\":\"Sakala T\u00f6\u00f6stusautomaatika O\u00dc\",\"description\":\"T\u00f6\u00f6stusautomaatika e-pood\",\"publisher\":{\"@id\":\"https:\/\/sakt.ee\/en\/#organization\"},\"potentialAction\":[{\"@type\":\"SearchAction\",\"target\":{\"@type\":\"EntryPoint\",\"urlTemplate\":\"https:\/\/sakt.ee\/en\/?s={search_term_string}\"},\"query-input\":{\"@type\":\"PropertyValueSpecification\",\"valueRequired\":true,\"valueName\":\"search_term_string\"}}],\"inLanguage\":\"ru-RU\"},{\"@type\":\"Organization\",\"@id\":\"https:\/\/sakt.ee\/en\/#organization\",\"name\":\"Sakala T\u00f6\u00f6stusautomaatika O\u00dc\",\"url\":\"https:\/\/sakt.ee\/en\/\",\"logo\":{\"@type\":\"ImageObject\",\"inLanguage\":\"ru-RU\",\"@id\":\"https:\/\/sakt.ee\/en\/#\/schema\/logo\/image\/\",\"url\":\"https:\/\/sakt.ee\/wp-content\/uploads\/2025\/05\/Sakala-Toostusautomaatika-favicon.png\",\"contentUrl\":\"https:\/\/sakt.ee\/wp-content\/uploads\/2025\/05\/Sakala-Toostusautomaatika-favicon.png\",\"width\":500,\"height\":500,\"caption\":\"Sakala T\u00f6\u00f6stusautomaatika O\u00dc\"},\"image\":{\"@id\":\"https:\/\/sakt.ee\/en\/#\/schema\/logo\/image\/\"}}]}<\/script>\n<meta property=\"product:price:amount\" content=\"177.40\" \/>\n<meta property=\"product:price:currency\" content=\"EUR\" \/>\n<meta property=\"og:availability\" content=\"instock\" \/>\n<meta property=\"product:availability\" content=\"instock\" \/>\n<meta property=\"product:retailer_item_id\" content=\"956201900\" \/>\n<meta property=\"product:condition\" content=\"new\" \/>\n<!-- \/ Yoast SEO Premium plugin. -->","yoast_head_json":{"title":"S62-PA-5-M21-PP \u0444\u043e\u0442\u043e\u0434\u0430\u0442\u0447\u0438\u043a; 10-30DC; 50x50x18 \u043c\u043c \u043f\u043b\u0430\u0441\u0442\u0438\u043a\u043e\u0432\u044b\u0439 \u043a\u043e\u0440\u043f\u0443\u0441; \u043e\u0442\u0440\u0430\u0436\u0430\u044e\u0449\u0438\u0439; \u043f\u043e\u0434\u0430\u0432\u043b\u0435\u043d\u0438\u0435 \u0444\u043e\u043d\u0430; 60...1200 \u043c\u043c; PNP; \u0440\u0430\u0437\u044a\u0435\u043c M12; IP67 - Sakala T\u00f6\u00f6stusautomaatika O\u00dc","robots":{"index":"index","follow":"follow","max-snippet":"max-snippet:-1","max-image-preview":"max-image-preview:large","max-video-preview":"max-video-preview:-1"},"canonical":"https:\/\/sakt.ee\/\u0422\u043e\u0443\u0434\/s62-pa-5-m21-pp-fotoandur-10-30dc-50x50x18mm-plastikkorpus-tausta-mahasurumine-60-1200mm-pnp-m12-pistik-ip67\/","og_locale":"ru_RU","og_type":"article","og_title":"S62-PA-5-M21-PP \u0444\u043e\u0442\u043e\u0434\u0430\u0442\u0447\u0438\u043a; 10-30DC; 50x50x18 \u043c\u043c \u043f\u043b\u0430\u0441\u0442\u0438\u043a\u043e\u0432\u044b\u0439 \u043a\u043e\u0440\u043f\u0443\u0441; \u043e\u0442\u0440\u0430\u0436\u0430\u044e\u0449\u0438\u0439; \u043f\u043e\u0434\u0430\u0432\u043b\u0435\u043d\u0438\u0435 \u0444\u043e\u043d\u0430; 60...1200 \u043c\u043c; PNP; \u0440\u0430\u0437\u044a\u0435\u043c M12; IP67","og_url":"https:\/\/sakt.ee\/\u0422\u043e\u0443\u0434\/s62-pa-5-m21-pp-fotoandur-10-30dc-50x50x18mm-plastikkorpus-tausta-mahasurumine-60-1200mm-pnp-m12-pistik-ip67\/","og_site_name":"Sakala T\u00f6\u00f6stusautomaatika O\u00dc","article_modified_time":"2025-11-25T10:15:58+00:00","og_image":[{"width":882,"height":882,"url":"https:\/\/sakt.ee\/wp-content\/uploads\/2025\/05\/4246.jpg","type":"image\/jpeg"}],"twitter_card":"summary_large_image","twitter_misc":{"\u0426\u0435\u043d\u0430":"177,40&euro; +KM","\u0414\u043e\u0441\u0442\u0443\u043f\u043d\u043e\u0441\u0442\u044c":"\u0412 \u043d\u0430\u043b\u0438\u0447\u0438\u0438"},"schema":{"@context":"https:\/\/schema.org","@graph":[{"@type":"WebPage","@id":"https:\/\/sakt.ee\/\u0422\u043e\u0443\u0434\/s62-pa-5-m21-pp-fotoandur-10-30dc-50x50x18mm-plastikkorpus-tausta-mahasurumine-60-1200mm-pnp-m12-pistik-ip67\/","url":"https:\/\/sakt.ee\/\u0422\u043e\u0443\u0434\/s62-pa-5-m21-pp-fotoandur-10-30dc-50x50x18mm-plastikkorpus-tausta-mahasurumine-60-1200mm-pnp-m12-pistik-ip67\/","name":"S62-PA-5-M21-PP \u0444\u043e\u0442\u043e\u0434\u0430\u0442\u0447\u0438\u043a; 10-30DC; 50x50x18 \u043c\u043c \u043f\u043b\u0430\u0441\u0442\u0438\u043a\u043e\u0432\u044b\u0439 \u043a\u043e\u0440\u043f\u0443\u0441; \u043e\u0442\u0440\u0430\u0436\u0430\u044e\u0449\u0438\u0439; \u043f\u043e\u0434\u0430\u0432\u043b\u0435\u043d\u0438\u0435 \u0444\u043e\u043d\u0430; 60...1200 \u043c\u043c; PNP; \u0440\u0430\u0437\u044a\u0435\u043c M12; IP67 - Sakala T\u00f6\u00f6stusautomaatika O\u00dc","isPartOf":{"@id":"https:\/\/sakt.ee\/en\/#website"},"primaryImageOfPage":{"@id":"https:\/\/sakt.ee\/\u0422\u043e\u0443\u0434\/s62-pa-5-m21-pp-fotoandur-10-30dc-50x50x18mm-plastikkorpus-tausta-mahasurumine-60-1200mm-pnp-m12-pistik-ip67\/#primaryimage"},"image":{"@id":"https:\/\/sakt.ee\/\u0422\u043e\u0443\u0434\/s62-pa-5-m21-pp-fotoandur-10-30dc-50x50x18mm-plastikkorpus-tausta-mahasurumine-60-1200mm-pnp-m12-pistik-ip67\/#primaryimage"},"thumbnailUrl":"https:\/\/sakt.ee\/wp-content\/uploads\/2025\/05\/4246.jpg","datePublished":"2025-05-16T12:10:55+00:00","dateModified":"2025-11-25T10:15:58+00:00","breadcrumb":{"@id":"https:\/\/sakt.ee\/\u0422\u043e\u0443\u0434\/s62-pa-5-m21-pp-fotoandur-10-30dc-50x50x18mm-plastikkorpus-tausta-mahasurumine-60-1200mm-pnp-m12-pistik-ip67\/#breadcrumb"},"inLanguage":"ru-RU","potentialAction":[{"@type":"ReadAction","target":["https:\/\/sakt.ee\/\u0422\u043e\u0443\u0434\/s62-pa-5-m21-pp-fotoandur-10-30dc-50x50x18mm-plastikkorpus-tausta-mahasurumine-60-1200mm-pnp-m12-pistik-ip67\/"]}]},{"@type":"ImageObject","inLanguage":"ru-RU","@id":"https:\/\/sakt.ee\/\u0422\u043e\u0443\u0434\/s62-pa-5-m21-pp-fotoandur-10-30dc-50x50x18mm-plastikkorpus-tausta-mahasurumine-60-1200mm-pnp-m12-pistik-ip67\/#primaryimage","url":"https:\/\/sakt.ee\/wp-content\/uploads\/2025\/05\/4246.jpg","contentUrl":"https:\/\/sakt.ee\/wp-content\/uploads\/2025\/05\/4246.jpg","width":882,"height":882},{"@type":"BreadcrumbList","@id":"https:\/\/sakt.ee\/\u0422\u043e\u0443\u0434\/s62-pa-5-m21-pp-fotoandur-10-30dc-50x50x18mm-plastikkorpus-tausta-mahasurumine-60-1200mm-pnp-m12-pistik-ip67\/#breadcrumb","itemListElement":[{"@type":"ListItem","position":1,"name":"Home","item":"https:\/\/sakt.ee\/"},{"@type":"ListItem","position":2,"name":"\u041c\u0430\u0433\u0430\u0437\u0438\u043d","item":"https:\/\/sakt.ee\/ru\/\u043c\u0430\u0433\u0430\u0437\u0438\u043d\/"},{"@type":"ListItem","position":3,"name":"S62-PA-5-M21-PP \u0444\u043e\u0442\u043e\u0434\u0430\u0442\u0447\u0438\u043a; 10-30DC; 50x50x18 \u043c\u043c \u043f\u043b\u0430\u0441\u0442\u0438\u043a\u043e\u0432\u044b\u0439 \u043a\u043e\u0440\u043f\u0443\u0441; \u043e\u0442\u0440\u0430\u0436\u0430\u044e\u0449\u0438\u0439; \u043f\u043e\u0434\u0430\u0432\u043b\u0435\u043d\u0438\u0435 \u0444\u043e\u043d\u0430; 60&#8230;1200 \u043c\u043c; PNP; \u0440\u0430\u0437\u044a\u0435\u043c M12; IP67"}]},{"@type":"WebSite","@id":"https:\/\/sakt.ee\/en\/#website","url":"https:\/\/sakt.ee\/en\/","name":"Sakala T\u00f6\u00f6stusautomaatika O\u00dc","description":"T\u00f6\u00f6stusautomaatika e-pood","publisher":{"@id":"https:\/\/sakt.ee\/en\/#organization"},"potentialAction":[{"@type":"SearchAction","target":{"@type":"EntryPoint","urlTemplate":"https:\/\/sakt.ee\/en\/?s={search_term_string}"},"query-input":{"@type":"PropertyValueSpecification","valueRequired":true,"valueName":"search_term_string"}}],"inLanguage":"ru-RU"},{"@type":"Organization","@id":"https:\/\/sakt.ee\/en\/#organization","name":"Sakala T\u00f6\u00f6stusautomaatika O\u00dc","url":"https:\/\/sakt.ee\/en\/","logo":{"@type":"ImageObject","inLanguage":"ru-RU","@id":"https:\/\/sakt.ee\/en\/#\/schema\/logo\/image\/","url":"https:\/\/sakt.ee\/wp-content\/uploads\/2025\/05\/Sakala-Toostusautomaatika-favicon.png","contentUrl":"https:\/\/sakt.ee\/wp-content\/uploads\/2025\/05\/Sakala-Toostusautomaatika-favicon.png","width":500,"height":500,"caption":"Sakala T\u00f6\u00f6stusautomaatika O\u00dc"},"image":{"@id":"https:\/\/sakt.ee\/en\/#\/schema\/logo\/image\/"}}]},"product_price_amount":"177.40","product_price_currency":"EUR","og_availability":"instock","product_availability":"instock","product_retailer_item_id":"956201900","product_condition":"new"},"_links":{"self":[{"href":"https:\/\/sakt.ee\/ru\/wp-json\/wp\/v2\/product\/39687","targetHints":{"allow":["GET"]}}],"collection":[{"href":"https:\/\/sakt.ee\/ru\/wp-json\/wp\/v2\/product"}],"about":[{"href":"https:\/\/sakt.ee\/ru\/wp-json\/wp\/v2\/types\/product"}],"version-history":[{"count":0,"href":"https:\/\/sakt.ee\/ru\/wp-json\/wp\/v2\/product\/39687\/revisions"}],"wp:featuredmedia":[{"embeddable":true,"href":"https:\/\/sakt.ee\/ru\/wp-json\/wp\/v2\/media\/16733"}],"wp:attachment":[{"href":"https:\/\/sakt.ee\/ru\/wp-json\/wp\/v2\/media?parent=39687"}],"wp:term":[{"taxonomy":"product_brand","embeddable":true,"href":"https:\/\/sakt.ee\/ru\/wp-json\/wp\/v2\/product_brand?post=39687"},{"taxonomy":"product_cat","embeddable":true,"href":"https:\/\/sakt.ee\/ru\/wp-json\/wp\/v2\/product_cat?post=39687"},{"taxonomy":"product_tag","embeddable":true,"href":"https:\/\/sakt.ee\/ru\/wp-json\/wp\/v2\/product_tag?post=39687"},{"taxonomy":"manufacturers","embeddable":true,"href":"https:\/\/sakt.ee\/ru\/wp-json\/wp\/v2\/manufacturers?post=39687"}],"curies":[{"name":"wp","href":"https:\/\/api.w.org\/{rel}","templated":true}]}}