{"id":39683,"date":"2025-05-17T01:16:40","date_gmt":"2025-05-17T01:16:40","guid":{"rendered":"https:\/\/sakt.ee\/product\/lcsfs1-ss-%d0%bf%d0%be%d0%bf%d0%bb%d0%b0%d0%b2%d0%ba%d0%be%d0%b2%d1%8b%d0%b9-%d0%b2%d1%8b%d0%ba%d0%bb%d1%8e%d1%87%d0%b0%d1%82%d0%b5%d0%bb%d1%8c-%d0%b4%d0%be-240ac-%d0%b4%d0%be-200dc-no-nc-%d0%bd\/"},"modified":"2025-08-11T18:19:03","modified_gmt":"2025-08-11T15:19:03","slug":"lcsfs1-ss-%d0%bf%d0%be%d0%bf%d0%bb%d0%b0%d0%b2%d0%ba%d0%be%d0%b2%d1%8b%d0%b9-%d0%b2%d1%8b%d0%ba%d0%bb%d1%8e%d1%87%d0%b0%d1%82%d0%b5%d0%bb%d1%8c-%d0%b4%d0%be-240ac-%d0%b4%d0%be-200dc-no-nc-%d0%bd","status":"publish","type":"product","link":"https:\/\/sakt.ee\/ru\/\u043c\u0430\u0433\u0430\u0437\u0438\u043d\/%d0%b4%d0%b0%d1%82%d1%87%d0%b8%d0%ba%d0%b8-%d1%83%d1%80%d0%be%d0%b2%d0%bd%d1%8f\/%d0%b4%d0%bb%d1%8f-%d0%b6%d0%b8%d0%b4%d0%ba%d0%be%d1%81%d1%82%d0%b5%d0%b9\/lcsfs1-ss-%d0%bf%d0%be%d0%bf%d0%bb%d0%b0%d0%b2%d0%ba%d0%be%d0%b2%d1%8b%d0%b9-%d0%b2%d1%8b%d0%ba%d0%bb%d1%8e%d1%87%d0%b0%d1%82%d0%b5%d0%bb%d1%8c-%d0%b4%d0%be-240ac-%d0%b4%d0%be-200dc-no-nc-%d0%bd\/","title":{"rendered":"LCSFS1-SS \u043f\u043e\u043f\u043b\u0430\u0432\u043a\u043e\u0432\u044b\u0439 \u0432\u044b\u043a\u043b\u044e\u0447\u0430\u0442\u0435\u043b\u044c; \u0434\u043e 240AC; \u0434\u043e 200DC; NO\/NC; \u043d\u0435\u0440\u0436\u0430\u0432\u0435\u044e\u0449\u0430\u044f \u0441\u0442\u0430\u043b\u044c; -20&#8230;+120C; 5\u0431\u0430\u0440; \u043a\u043e\u043d\u0443\u0441 G\u00bd\"; \u0431\u043e\u043a\u043e\u0432\u043e\u0439 \u0432\u0432\u043e\u0434; IP67"},"content":{"rendered":"","protected":false},"excerpt":{"rendered":"","protected":false},"featured_media":28232,"template":"","meta":{"_acf_changed":false},"product_brand":[],"product_cat":[4077],"product_tag":[],"manufacturers":[7791],"class_list":{"0":"post-39683","1":"product","2":"type-product","3":"status-publish","4":"has-post-thumbnail","6":"product_cat-4077","7":"pa_juhtmete-arv-2-ru","8":"pa_kaabli-pikkus-03m-ru","9":"pa_kaitseklass-ip67-ru","10":"pa_keere-labiviik-g-ru","11":"pa_kontakt-1--1-","12":"pa_materjal-3522","13":"pa_nimivool-05a-ru","14":"pa_rohk-0-5-","15":"pa_tootemperatuur-20-120c-ru","16":"pa_tootja-comeco","17":"manufacturers-comeco-ru","19":"first","20":"instock","21":"taxable","22":"shipping-taxable","23":"purchasable","24":"product-type-simple"},"acf":[],"yoast_head":"<!-- This site is optimized with the Yoast SEO Premium plugin v25.4 (Yoast SEO v25.4) - https:\/\/yoast.com\/wordpress\/plugins\/seo\/ -->\n<title>LCSFS1-SS \u043f\u043e\u043f\u043b\u0430\u0432\u043a\u043e\u0432\u044b\u0439 \u0432\u044b\u043a\u043b\u044e\u0447\u0430\u0442\u0435\u043b\u044c; \u0434\u043e 240AC; \u0434\u043e 200DC; NO\/NC; \u043d\u0435\u0440\u0436\u0430\u0432\u0435\u044e\u0449\u0430\u044f \u0441\u0442\u0430\u043b\u044c; -20...+120C; 5\u0431\u0430\u0440; \u043a\u043e\u043d\u0443\u0441 G\u00bd&quot;; \u0431\u043e\u043a\u043e\u0432\u043e\u0439 \u0432\u0432\u043e\u0434; IP67 - Sakala T\u00f6\u00f6stusautomaatika O\u00dc<\/title>\n<meta name=\"robots\" content=\"index, follow, max-snippet:-1, max-image-preview:large, max-video-preview:-1\" \/>\n<link rel=\"canonical\" href=\"https:\/\/sakt.ee\/ru\/\u043c\u0430\u0433\u0430\u0437\u0438\u043d\/\u0434\u0430\u0442\u0447\u0438\u043a\u0438-\u0443\u0440\u043e\u0432\u043d\u044f\/\u0434\u043b\u044f-\u0436\u0438\u0434\u043a\u043e\u0441\u0442\u0435\u0439\/lcsfs1-ss-\u043f\u043e\u043f\u043b\u0430\u0432\u043a\u043e\u0432\u044b\u0439-\u0432\u044b\u043a\u043b\u044e\u0447\u0430\u0442\u0435\u043b\u044c-\u0434\u043e-240ac-\u0434\u043e-200dc-no-nc-\u043d\/\" \/>\n<meta property=\"og:locale\" content=\"ru_RU\" \/>\n<meta property=\"og:type\" content=\"article\" \/>\n<meta property=\"og:title\" content=\"LCSFS1-SS \u043f\u043e\u043f\u043b\u0430\u0432\u043a\u043e\u0432\u044b\u0439 \u0432\u044b\u043a\u043b\u044e\u0447\u0430\u0442\u0435\u043b\u044c; \u0434\u043e 240AC; \u0434\u043e 200DC; NO\/NC; \u043d\u0435\u0440\u0436\u0430\u0432\u0435\u044e\u0449\u0430\u044f \u0441\u0442\u0430\u043b\u044c; -20...+120C; 5\u0431\u0430\u0440; \u043a\u043e\u043d\u0443\u0441 G\u00bd&quot;; \u0431\u043e\u043a\u043e\u0432\u043e\u0439 \u0432\u0432\u043e\u0434; IP67\" \/>\n<meta property=\"og:url\" content=\"https:\/\/sakt.ee\/ru\/\u043c\u0430\u0433\u0430\u0437\u0438\u043d\/\u0434\u0430\u0442\u0447\u0438\u043a\u0438-\u0443\u0440\u043e\u0432\u043d\u044f\/\u0434\u043b\u044f-\u0436\u0438\u0434\u043a\u043e\u0441\u0442\u0435\u0439\/lcsfs1-ss-\u043f\u043e\u043f\u043b\u0430\u0432\u043a\u043e\u0432\u044b\u0439-\u0432\u044b\u043a\u043b\u044e\u0447\u0430\u0442\u0435\u043b\u044c-\u0434\u043e-240ac-\u0434\u043e-200dc-no-nc-\u043d\/\" \/>\n<meta property=\"og:site_name\" content=\"Sakala T\u00f6\u00f6stusautomaatika O\u00dc\" \/>\n<meta property=\"article:modified_time\" content=\"2025-08-11T15:19:03+00:00\" \/>\n<meta property=\"og:image\" content=\"https:\/\/sakt.ee\/wp-content\/uploads\/2025\/05\/1663.jpg\" \/>\n\t<meta property=\"og:image:width\" content=\"225\" \/>\n\t<meta property=\"og:image:height\" content=\"225\" \/>\n\t<meta property=\"og:image:type\" content=\"image\/jpeg\" \/>\n<meta name=\"twitter:card\" content=\"summary_large_image\" \/>\n<meta name=\"twitter:label1\" content=\"\u0426\u0435\u043d\u0430\" \/>\n\t<meta name=\"twitter:data1\" content=\"108,40&euro; +KM\" \/>\n\t<meta name=\"twitter:label2\" content=\"\u0414\u043e\u0441\u0442\u0443\u043f\u043d\u043e\u0441\u0442\u044c\" \/>\n\t<meta name=\"twitter:data2\" content=\"\u0412 \u043d\u0430\u043b\u0438\u0447\u0438\u0438\" \/>\n<script type=\"application\/ld+json\" class=\"yoast-schema-graph\">{\"@context\":\"https:\/\/schema.org\",\"@graph\":[{\"@type\":\"WebPage\",\"@id\":\"https:\/\/sakt.ee\/ru\/\u043c\u0430\u0433\u0430\u0437\u0438\u043d\/%d0%b4%d0%b0%d1%82%d1%87%d0%b8%d0%ba%d0%b8-%d1%83%d1%80%d0%be%d0%b2%d0%bd%d1%8f\/%d0%b4%d0%bb%d1%8f-%d0%b6%d0%b8%d0%b4%d0%ba%d0%be%d1%81%d1%82%d0%b5%d0%b9\/lcsfs1-ss-%d0%bf%d0%be%d0%bf%d0%bb%d0%b0%d0%b2%d0%ba%d0%be%d0%b2%d1%8b%d0%b9-%d0%b2%d1%8b%d0%ba%d0%bb%d1%8e%d1%87%d0%b0%d1%82%d0%b5%d0%bb%d1%8c-%d0%b4%d0%be-240ac-%d0%b4%d0%be-200dc-no-nc-%d0%bd\/\",\"url\":\"https:\/\/sakt.ee\/ru\/\u043c\u0430\u0433\u0430\u0437\u0438\u043d\/%d0%b4%d0%b0%d1%82%d1%87%d0%b8%d0%ba%d0%b8-%d1%83%d1%80%d0%be%d0%b2%d0%bd%d1%8f\/%d0%b4%d0%bb%d1%8f-%d0%b6%d0%b8%d0%b4%d0%ba%d0%be%d1%81%d1%82%d0%b5%d0%b9\/lcsfs1-ss-%d0%bf%d0%be%d0%bf%d0%bb%d0%b0%d0%b2%d0%ba%d0%be%d0%b2%d1%8b%d0%b9-%d0%b2%d1%8b%d0%ba%d0%bb%d1%8e%d1%87%d0%b0%d1%82%d0%b5%d0%bb%d1%8c-%d0%b4%d0%be-240ac-%d0%b4%d0%be-200dc-no-nc-%d0%bd\/\",\"name\":\"LCSFS1-SS \u043f\u043e\u043f\u043b\u0430\u0432\u043a\u043e\u0432\u044b\u0439 \u0432\u044b\u043a\u043b\u044e\u0447\u0430\u0442\u0435\u043b\u044c; \u0434\u043e 240AC; \u0434\u043e 200DC; NO\/NC; \u043d\u0435\u0440\u0436\u0430\u0432\u0435\u044e\u0449\u0430\u044f \u0441\u0442\u0430\u043b\u044c; -20...+120C; 5\u0431\u0430\u0440; \u043a\u043e\u043d\u0443\u0441 G\u00bd\\\"; \u0431\u043e\u043a\u043e\u0432\u043e\u0439 \u0432\u0432\u043e\u0434; IP67 - Sakala T\u00f6\u00f6stusautomaatika O\u00dc\",\"isPartOf\":{\"@id\":\"https:\/\/sakt.ee\/en\/#website\"},\"primaryImageOfPage\":{\"@id\":\"https:\/\/sakt.ee\/ru\/\u043c\u0430\u0433\u0430\u0437\u0438\u043d\/%d0%b4%d0%b0%d1%82%d1%87%d0%b8%d0%ba%d0%b8-%d1%83%d1%80%d0%be%d0%b2%d0%bd%d1%8f\/%d0%b4%d0%bb%d1%8f-%d0%b6%d0%b8%d0%b4%d0%ba%d0%be%d1%81%d1%82%d0%b5%d0%b9\/lcsfs1-ss-%d0%bf%d0%be%d0%bf%d0%bb%d0%b0%d0%b2%d0%ba%d0%be%d0%b2%d1%8b%d0%b9-%d0%b2%d1%8b%d0%ba%d0%bb%d1%8e%d1%87%d0%b0%d1%82%d0%b5%d0%bb%d1%8c-%d0%b4%d0%be-240ac-%d0%b4%d0%be-200dc-no-nc-%d0%bd\/#primaryimage\"},\"image\":{\"@id\":\"https:\/\/sakt.ee\/ru\/\u043c\u0430\u0433\u0430\u0437\u0438\u043d\/%d0%b4%d0%b0%d1%82%d1%87%d0%b8%d0%ba%d0%b8-%d1%83%d1%80%d0%be%d0%b2%d0%bd%d1%8f\/%d0%b4%d0%bb%d1%8f-%d0%b6%d0%b8%d0%b4%d0%ba%d0%be%d1%81%d1%82%d0%b5%d0%b9\/lcsfs1-ss-%d0%bf%d0%be%d0%bf%d0%bb%d0%b0%d0%b2%d0%ba%d0%be%d0%b2%d1%8b%d0%b9-%d0%b2%d1%8b%d0%ba%d0%bb%d1%8e%d1%87%d0%b0%d1%82%d0%b5%d0%bb%d1%8c-%d0%b4%d0%be-240ac-%d0%b4%d0%be-200dc-no-nc-%d0%bd\/#primaryimage\"},\"thumbnailUrl\":\"https:\/\/sakt.ee\/wp-content\/uploads\/2025\/05\/1663.jpg\",\"datePublished\":\"2025-05-17T01:16:40+00:00\",\"dateModified\":\"2025-08-11T15:19:03+00:00\",\"breadcrumb\":{\"@id\":\"https:\/\/sakt.ee\/ru\/\u043c\u0430\u0433\u0430\u0437\u0438\u043d\/%d0%b4%d0%b0%d1%82%d1%87%d0%b8%d0%ba%d0%b8-%d1%83%d1%80%d0%be%d0%b2%d0%bd%d1%8f\/%d0%b4%d0%bb%d1%8f-%d0%b6%d0%b8%d0%b4%d0%ba%d0%be%d1%81%d1%82%d0%b5%d0%b9\/lcsfs1-ss-%d0%bf%d0%be%d0%bf%d0%bb%d0%b0%d0%b2%d0%ba%d0%be%d0%b2%d1%8b%d0%b9-%d0%b2%d1%8b%d0%ba%d0%bb%d1%8e%d1%87%d0%b0%d1%82%d0%b5%d0%bb%d1%8c-%d0%b4%d0%be-240ac-%d0%b4%d0%be-200dc-no-nc-%d0%bd\/#breadcrumb\"},\"inLanguage\":\"ru-RU\",\"potentialAction\":[{\"@type\":\"ReadAction\",\"target\":[\"https:\/\/sakt.ee\/ru\/\u043c\u0430\u0433\u0430\u0437\u0438\u043d\/%d0%b4%d0%b0%d1%82%d1%87%d0%b8%d0%ba%d0%b8-%d1%83%d1%80%d0%be%d0%b2%d0%bd%d1%8f\/%d0%b4%d0%bb%d1%8f-%d0%b6%d0%b8%d0%b4%d0%ba%d0%be%d1%81%d1%82%d0%b5%d0%b9\/lcsfs1-ss-%d0%bf%d0%be%d0%bf%d0%bb%d0%b0%d0%b2%d0%ba%d0%be%d0%b2%d1%8b%d0%b9-%d0%b2%d1%8b%d0%ba%d0%bb%d1%8e%d1%87%d0%b0%d1%82%d0%b5%d0%bb%d1%8c-%d0%b4%d0%be-240ac-%d0%b4%d0%be-200dc-no-nc-%d0%bd\/\"]}]},{\"@type\":\"ImageObject\",\"inLanguage\":\"ru-RU\",\"@id\":\"https:\/\/sakt.ee\/ru\/\u043c\u0430\u0433\u0430\u0437\u0438\u043d\/%d0%b4%d0%b0%d1%82%d1%87%d0%b8%d0%ba%d0%b8-%d1%83%d1%80%d0%be%d0%b2%d0%bd%d1%8f\/%d0%b4%d0%bb%d1%8f-%d0%b6%d0%b8%d0%b4%d0%ba%d0%be%d1%81%d1%82%d0%b5%d0%b9\/lcsfs1-ss-%d0%bf%d0%be%d0%bf%d0%bb%d0%b0%d0%b2%d0%ba%d0%be%d0%b2%d1%8b%d0%b9-%d0%b2%d1%8b%d0%ba%d0%bb%d1%8e%d1%87%d0%b0%d1%82%d0%b5%d0%bb%d1%8c-%d0%b4%d0%be-240ac-%d0%b4%d0%be-200dc-no-nc-%d0%bd\/#primaryimage\",\"url\":\"https:\/\/sakt.ee\/wp-content\/uploads\/2025\/05\/1663.jpg\",\"contentUrl\":\"https:\/\/sakt.ee\/wp-content\/uploads\/2025\/05\/1663.jpg\",\"width\":225,\"height\":225},{\"@type\":\"BreadcrumbList\",\"@id\":\"https:\/\/sakt.ee\/ru\/\u043c\u0430\u0433\u0430\u0437\u0438\u043d\/%d0%b4%d0%b0%d1%82%d1%87%d0%b8%d0%ba%d0%b8-%d1%83%d1%80%d0%be%d0%b2%d0%bd%d1%8f\/%d0%b4%d0%bb%d1%8f-%d0%b6%d0%b8%d0%b4%d0%ba%d0%be%d1%81%d1%82%d0%b5%d0%b9\/lcsfs1-ss-%d0%bf%d0%be%d0%bf%d0%bb%d0%b0%d0%b2%d0%ba%d0%be%d0%b2%d1%8b%d0%b9-%d0%b2%d1%8b%d0%ba%d0%bb%d1%8e%d1%87%d0%b0%d1%82%d0%b5%d0%bb%d1%8c-%d0%b4%d0%be-240ac-%d0%b4%d0%be-200dc-no-nc-%d0%bd\/#breadcrumb\",\"itemListElement\":[{\"@type\":\"ListItem\",\"position\":1,\"name\":\"Home\",\"item\":\"https:\/\/sakt.ee\/\"},{\"@type\":\"ListItem\",\"position\":2,\"name\":\"\u041c\u0430\u0433\u0430\u0437\u0438\u043d\",\"item\":\"https:\/\/sakt.ee\/ru\/\u043c\u0430\u0433\u0430\u0437\u0438\u043d\/\"},{\"@type\":\"ListItem\",\"position\":3,\"name\":\"LCSFS1-SS \u043f\u043e\u043f\u043b\u0430\u0432\u043a\u043e\u0432\u044b\u0439 \u0432\u044b\u043a\u043b\u044e\u0447\u0430\u0442\u0435\u043b\u044c; \u0434\u043e 240AC; \u0434\u043e 200DC; NO\/NC; \u043d\u0435\u0440\u0436\u0430\u0432\u0435\u044e\u0449\u0430\u044f \u0441\u0442\u0430\u043b\u044c; -20&#8230;+120C; 5\u0431\u0430\u0440; \u043a\u043e\u043d\u0443\u0441 G\u00bd\\\"; \u0431\u043e\u043a\u043e\u0432\u043e\u0439 \u0432\u0432\u043e\u0434; IP67\"}]},{\"@type\":\"WebSite\",\"@id\":\"https:\/\/sakt.ee\/en\/#website\",\"url\":\"https:\/\/sakt.ee\/en\/\",\"name\":\"Sakala T\u00f6\u00f6stusautomaatika O\u00dc\",\"description\":\"T\u00f6\u00f6stusautomaatika e-pood\",\"publisher\":{\"@id\":\"https:\/\/sakt.ee\/en\/#organization\"},\"potentialAction\":[{\"@type\":\"SearchAction\",\"target\":{\"@type\":\"EntryPoint\",\"urlTemplate\":\"https:\/\/sakt.ee\/en\/?s={search_term_string}\"},\"query-input\":{\"@type\":\"PropertyValueSpecification\",\"valueRequired\":true,\"valueName\":\"search_term_string\"}}],\"inLanguage\":\"ru-RU\"},{\"@type\":\"Organization\",\"@id\":\"https:\/\/sakt.ee\/en\/#organization\",\"name\":\"Sakala T\u00f6\u00f6stusautomaatika O\u00dc\",\"url\":\"https:\/\/sakt.ee\/en\/\",\"logo\":{\"@type\":\"ImageObject\",\"inLanguage\":\"ru-RU\",\"@id\":\"https:\/\/sakt.ee\/en\/#\/schema\/logo\/image\/\",\"url\":\"https:\/\/sakt.ee\/wp-content\/uploads\/2025\/05\/Sakala-Toostusautomaatika-favicon.png\",\"contentUrl\":\"https:\/\/sakt.ee\/wp-content\/uploads\/2025\/05\/Sakala-Toostusautomaatika-favicon.png\",\"width\":500,\"height\":500,\"caption\":\"Sakala T\u00f6\u00f6stusautomaatika O\u00dc\"},\"image\":{\"@id\":\"https:\/\/sakt.ee\/en\/#\/schema\/logo\/image\/\"}}]}<\/script>\n<meta property=\"product:price:amount\" content=\"108.40\" \/>\n<meta property=\"product:price:currency\" content=\"EUR\" \/>\n<meta property=\"og:availability\" content=\"instock\" \/>\n<meta property=\"product:availability\" content=\"instock\" \/>\n<meta property=\"product:retailer_item_id\" content=\"LCSFS1-SS\" \/>\n<meta property=\"product:condition\" content=\"new\" \/>\n<!-- \/ Yoast SEO Premium plugin. -->","yoast_head_json":{"title":"LCSFS1-SS \u043f\u043e\u043f\u043b\u0430\u0432\u043a\u043e\u0432\u044b\u0439 \u0432\u044b\u043a\u043b\u044e\u0447\u0430\u0442\u0435\u043b\u044c; \u0434\u043e 240AC; \u0434\u043e 200DC; NO\/NC; \u043d\u0435\u0440\u0436\u0430\u0432\u0435\u044e\u0449\u0430\u044f \u0441\u0442\u0430\u043b\u044c; -20...+120C; 5\u0431\u0430\u0440; \u043a\u043e\u043d\u0443\u0441 G\u00bd\"; \u0431\u043e\u043a\u043e\u0432\u043e\u0439 \u0432\u0432\u043e\u0434; IP67 - Sakala T\u00f6\u00f6stusautomaatika O\u00dc","robots":{"index":"index","follow":"follow","max-snippet":"max-snippet:-1","max-image-preview":"max-image-preview:large","max-video-preview":"max-video-preview:-1"},"canonical":"https:\/\/sakt.ee\/ru\/\u043c\u0430\u0433\u0430\u0437\u0438\u043d\/\u0434\u0430\u0442\u0447\u0438\u043a\u0438-\u0443\u0440\u043e\u0432\u043d\u044f\/\u0434\u043b\u044f-\u0436\u0438\u0434\u043a\u043e\u0441\u0442\u0435\u0439\/lcsfs1-ss-\u043f\u043e\u043f\u043b\u0430\u0432\u043a\u043e\u0432\u044b\u0439-\u0432\u044b\u043a\u043b\u044e\u0447\u0430\u0442\u0435\u043b\u044c-\u0434\u043e-240ac-\u0434\u043e-200dc-no-nc-\u043d\/","og_locale":"ru_RU","og_type":"article","og_title":"LCSFS1-SS \u043f\u043e\u043f\u043b\u0430\u0432\u043a\u043e\u0432\u044b\u0439 \u0432\u044b\u043a\u043b\u044e\u0447\u0430\u0442\u0435\u043b\u044c; \u0434\u043e 240AC; \u0434\u043e 200DC; NO\/NC; \u043d\u0435\u0440\u0436\u0430\u0432\u0435\u044e\u0449\u0430\u044f \u0441\u0442\u0430\u043b\u044c; -20...+120C; 5\u0431\u0430\u0440; \u043a\u043e\u043d\u0443\u0441 G\u00bd\"; \u0431\u043e\u043a\u043e\u0432\u043e\u0439 \u0432\u0432\u043e\u0434; IP67","og_url":"https:\/\/sakt.ee\/ru\/\u043c\u0430\u0433\u0430\u0437\u0438\u043d\/\u0434\u0430\u0442\u0447\u0438\u043a\u0438-\u0443\u0440\u043e\u0432\u043d\u044f\/\u0434\u043b\u044f-\u0436\u0438\u0434\u043a\u043e\u0441\u0442\u0435\u0439\/lcsfs1-ss-\u043f\u043e\u043f\u043b\u0430\u0432\u043a\u043e\u0432\u044b\u0439-\u0432\u044b\u043a\u043b\u044e\u0447\u0430\u0442\u0435\u043b\u044c-\u0434\u043e-240ac-\u0434\u043e-200dc-no-nc-\u043d\/","og_site_name":"Sakala T\u00f6\u00f6stusautomaatika O\u00dc","article_modified_time":"2025-08-11T15:19:03+00:00","og_image":[{"width":225,"height":225,"url":"https:\/\/sakt.ee\/wp-content\/uploads\/2025\/05\/1663.jpg","type":"image\/jpeg"}],"twitter_card":"summary_large_image","twitter_misc":{"\u0426\u0435\u043d\u0430":"108,40&euro; +KM","\u0414\u043e\u0441\u0442\u0443\u043f\u043d\u043e\u0441\u0442\u044c":"\u0412 \u043d\u0430\u043b\u0438\u0447\u0438\u0438"},"schema":{"@context":"https:\/\/schema.org","@graph":[{"@type":"WebPage","@id":"https:\/\/sakt.ee\/ru\/\u043c\u0430\u0433\u0430\u0437\u0438\u043d\/%d0%b4%d0%b0%d1%82%d1%87%d0%b8%d0%ba%d0%b8-%d1%83%d1%80%d0%be%d0%b2%d0%bd%d1%8f\/%d0%b4%d0%bb%d1%8f-%d0%b6%d0%b8%d0%b4%d0%ba%d0%be%d1%81%d1%82%d0%b5%d0%b9\/lcsfs1-ss-%d0%bf%d0%be%d0%bf%d0%bb%d0%b0%d0%b2%d0%ba%d0%be%d0%b2%d1%8b%d0%b9-%d0%b2%d1%8b%d0%ba%d0%bb%d1%8e%d1%87%d0%b0%d1%82%d0%b5%d0%bb%d1%8c-%d0%b4%d0%be-240ac-%d0%b4%d0%be-200dc-no-nc-%d0%bd\/","url":"https:\/\/sakt.ee\/ru\/\u043c\u0430\u0433\u0430\u0437\u0438\u043d\/%d0%b4%d0%b0%d1%82%d1%87%d0%b8%d0%ba%d0%b8-%d1%83%d1%80%d0%be%d0%b2%d0%bd%d1%8f\/%d0%b4%d0%bb%d1%8f-%d0%b6%d0%b8%d0%b4%d0%ba%d0%be%d1%81%d1%82%d0%b5%d0%b9\/lcsfs1-ss-%d0%bf%d0%be%d0%bf%d0%bb%d0%b0%d0%b2%d0%ba%d0%be%d0%b2%d1%8b%d0%b9-%d0%b2%d1%8b%d0%ba%d0%bb%d1%8e%d1%87%d0%b0%d1%82%d0%b5%d0%bb%d1%8c-%d0%b4%d0%be-240ac-%d0%b4%d0%be-200dc-no-nc-%d0%bd\/","name":"LCSFS1-SS \u043f\u043e\u043f\u043b\u0430\u0432\u043a\u043e\u0432\u044b\u0439 \u0432\u044b\u043a\u043b\u044e\u0447\u0430\u0442\u0435\u043b\u044c; \u0434\u043e 240AC; \u0434\u043e 200DC; NO\/NC; \u043d\u0435\u0440\u0436\u0430\u0432\u0435\u044e\u0449\u0430\u044f \u0441\u0442\u0430\u043b\u044c; -20...+120C; 5\u0431\u0430\u0440; \u043a\u043e\u043d\u0443\u0441 G\u00bd\"; \u0431\u043e\u043a\u043e\u0432\u043e\u0439 \u0432\u0432\u043e\u0434; IP67 - Sakala T\u00f6\u00f6stusautomaatika O\u00dc","isPartOf":{"@id":"https:\/\/sakt.ee\/en\/#website"},"primaryImageOfPage":{"@id":"https:\/\/sakt.ee\/ru\/\u043c\u0430\u0433\u0430\u0437\u0438\u043d\/%d0%b4%d0%b0%d1%82%d1%87%d0%b8%d0%ba%d0%b8-%d1%83%d1%80%d0%be%d0%b2%d0%bd%d1%8f\/%d0%b4%d0%bb%d1%8f-%d0%b6%d0%b8%d0%b4%d0%ba%d0%be%d1%81%d1%82%d0%b5%d0%b9\/lcsfs1-ss-%d0%bf%d0%be%d0%bf%d0%bb%d0%b0%d0%b2%d0%ba%d0%be%d0%b2%d1%8b%d0%b9-%d0%b2%d1%8b%d0%ba%d0%bb%d1%8e%d1%87%d0%b0%d1%82%d0%b5%d0%bb%d1%8c-%d0%b4%d0%be-240ac-%d0%b4%d0%be-200dc-no-nc-%d0%bd\/#primaryimage"},"image":{"@id":"https:\/\/sakt.ee\/ru\/\u043c\u0430\u0433\u0430\u0437\u0438\u043d\/%d0%b4%d0%b0%d1%82%d1%87%d0%b8%d0%ba%d0%b8-%d1%83%d1%80%d0%be%d0%b2%d0%bd%d1%8f\/%d0%b4%d0%bb%d1%8f-%d0%b6%d0%b8%d0%b4%d0%ba%d0%be%d1%81%d1%82%d0%b5%d0%b9\/lcsfs1-ss-%d0%bf%d0%be%d0%bf%d0%bb%d0%b0%d0%b2%d0%ba%d0%be%d0%b2%d1%8b%d0%b9-%d0%b2%d1%8b%d0%ba%d0%bb%d1%8e%d1%87%d0%b0%d1%82%d0%b5%d0%bb%d1%8c-%d0%b4%d0%be-240ac-%d0%b4%d0%be-200dc-no-nc-%d0%bd\/#primaryimage"},"thumbnailUrl":"https:\/\/sakt.ee\/wp-content\/uploads\/2025\/05\/1663.jpg","datePublished":"2025-05-17T01:16:40+00:00","dateModified":"2025-08-11T15:19:03+00:00","breadcrumb":{"@id":"https:\/\/sakt.ee\/ru\/\u043c\u0430\u0433\u0430\u0437\u0438\u043d\/%d0%b4%d0%b0%d1%82%d1%87%d0%b8%d0%ba%d0%b8-%d1%83%d1%80%d0%be%d0%b2%d0%bd%d1%8f\/%d0%b4%d0%bb%d1%8f-%d0%b6%d0%b8%d0%b4%d0%ba%d0%be%d1%81%d1%82%d0%b5%d0%b9\/lcsfs1-ss-%d0%bf%d0%be%d0%bf%d0%bb%d0%b0%d0%b2%d0%ba%d0%be%d0%b2%d1%8b%d0%b9-%d0%b2%d1%8b%d0%ba%d0%bb%d1%8e%d1%87%d0%b0%d1%82%d0%b5%d0%bb%d1%8c-%d0%b4%d0%be-240ac-%d0%b4%d0%be-200dc-no-nc-%d0%bd\/#breadcrumb"},"inLanguage":"ru-RU","potentialAction":[{"@type":"ReadAction","target":["https:\/\/sakt.ee\/ru\/\u043c\u0430\u0433\u0430\u0437\u0438\u043d\/%d0%b4%d0%b0%d1%82%d1%87%d0%b8%d0%ba%d0%b8-%d1%83%d1%80%d0%be%d0%b2%d0%bd%d1%8f\/%d0%b4%d0%bb%d1%8f-%d0%b6%d0%b8%d0%b4%d0%ba%d0%be%d1%81%d1%82%d0%b5%d0%b9\/lcsfs1-ss-%d0%bf%d0%be%d0%bf%d0%bb%d0%b0%d0%b2%d0%ba%d0%be%d0%b2%d1%8b%d0%b9-%d0%b2%d1%8b%d0%ba%d0%bb%d1%8e%d1%87%d0%b0%d1%82%d0%b5%d0%bb%d1%8c-%d0%b4%d0%be-240ac-%d0%b4%d0%be-200dc-no-nc-%d0%bd\/"]}]},{"@type":"ImageObject","inLanguage":"ru-RU","@id":"https:\/\/sakt.ee\/ru\/\u043c\u0430\u0433\u0430\u0437\u0438\u043d\/%d0%b4%d0%b0%d1%82%d1%87%d0%b8%d0%ba%d0%b8-%d1%83%d1%80%d0%be%d0%b2%d0%bd%d1%8f\/%d0%b4%d0%bb%d1%8f-%d0%b6%d0%b8%d0%b4%d0%ba%d0%be%d1%81%d1%82%d0%b5%d0%b9\/lcsfs1-ss-%d0%bf%d0%be%d0%bf%d0%bb%d0%b0%d0%b2%d0%ba%d0%be%d0%b2%d1%8b%d0%b9-%d0%b2%d1%8b%d0%ba%d0%bb%d1%8e%d1%87%d0%b0%d1%82%d0%b5%d0%bb%d1%8c-%d0%b4%d0%be-240ac-%d0%b4%d0%be-200dc-no-nc-%d0%bd\/#primaryimage","url":"https:\/\/sakt.ee\/wp-content\/uploads\/2025\/05\/1663.jpg","contentUrl":"https:\/\/sakt.ee\/wp-content\/uploads\/2025\/05\/1663.jpg","width":225,"height":225},{"@type":"BreadcrumbList","@id":"https:\/\/sakt.ee\/ru\/\u043c\u0430\u0433\u0430\u0437\u0438\u043d\/%d0%b4%d0%b0%d1%82%d1%87%d0%b8%d0%ba%d0%b8-%d1%83%d1%80%d0%be%d0%b2%d0%bd%d1%8f\/%d0%b4%d0%bb%d1%8f-%d0%b6%d0%b8%d0%b4%d0%ba%d0%be%d1%81%d1%82%d0%b5%d0%b9\/lcsfs1-ss-%d0%bf%d0%be%d0%bf%d0%bb%d0%b0%d0%b2%d0%ba%d0%be%d0%b2%d1%8b%d0%b9-%d0%b2%d1%8b%d0%ba%d0%bb%d1%8e%d1%87%d0%b0%d1%82%d0%b5%d0%bb%d1%8c-%d0%b4%d0%be-240ac-%d0%b4%d0%be-200dc-no-nc-%d0%bd\/#breadcrumb","itemListElement":[{"@type":"ListItem","position":1,"name":"Home","item":"https:\/\/sakt.ee\/"},{"@type":"ListItem","position":2,"name":"\u041c\u0430\u0433\u0430\u0437\u0438\u043d","item":"https:\/\/sakt.ee\/ru\/\u043c\u0430\u0433\u0430\u0437\u0438\u043d\/"},{"@type":"ListItem","position":3,"name":"LCSFS1-SS \u043f\u043e\u043f\u043b\u0430\u0432\u043a\u043e\u0432\u044b\u0439 \u0432\u044b\u043a\u043b\u044e\u0447\u0430\u0442\u0435\u043b\u044c; \u0434\u043e 240AC; \u0434\u043e 200DC; NO\/NC; \u043d\u0435\u0440\u0436\u0430\u0432\u0435\u044e\u0449\u0430\u044f \u0441\u0442\u0430\u043b\u044c; -20&#8230;+120C; 5\u0431\u0430\u0440; \u043a\u043e\u043d\u0443\u0441 G\u00bd\"; \u0431\u043e\u043a\u043e\u0432\u043e\u0439 \u0432\u0432\u043e\u0434; IP67"}]},{"@type":"WebSite","@id":"https:\/\/sakt.ee\/en\/#website","url":"https:\/\/sakt.ee\/en\/","name":"Sakala T\u00f6\u00f6stusautomaatika O\u00dc","description":"T\u00f6\u00f6stusautomaatika e-pood","publisher":{"@id":"https:\/\/sakt.ee\/en\/#organization"},"potentialAction":[{"@type":"SearchAction","target":{"@type":"EntryPoint","urlTemplate":"https:\/\/sakt.ee\/en\/?s={search_term_string}"},"query-input":{"@type":"PropertyValueSpecification","valueRequired":true,"valueName":"search_term_string"}}],"inLanguage":"ru-RU"},{"@type":"Organization","@id":"https:\/\/sakt.ee\/en\/#organization","name":"Sakala T\u00f6\u00f6stusautomaatika O\u00dc","url":"https:\/\/sakt.ee\/en\/","logo":{"@type":"ImageObject","inLanguage":"ru-RU","@id":"https:\/\/sakt.ee\/en\/#\/schema\/logo\/image\/","url":"https:\/\/sakt.ee\/wp-content\/uploads\/2025\/05\/Sakala-Toostusautomaatika-favicon.png","contentUrl":"https:\/\/sakt.ee\/wp-content\/uploads\/2025\/05\/Sakala-Toostusautomaatika-favicon.png","width":500,"height":500,"caption":"Sakala T\u00f6\u00f6stusautomaatika O\u00dc"},"image":{"@id":"https:\/\/sakt.ee\/en\/#\/schema\/logo\/image\/"}}]},"product_price_amount":"108.40","product_price_currency":"EUR","og_availability":"instock","product_availability":"instock","product_retailer_item_id":"LCSFS1-SS","product_condition":"new"},"_links":{"self":[{"href":"https:\/\/sakt.ee\/ru\/wp-json\/wp\/v2\/product\/39683","targetHints":{"allow":["GET"]}}],"collection":[{"href":"https:\/\/sakt.ee\/ru\/wp-json\/wp\/v2\/product"}],"about":[{"href":"https:\/\/sakt.ee\/ru\/wp-json\/wp\/v2\/types\/product"}],"version-history":[{"count":0,"href":"https:\/\/sakt.ee\/ru\/wp-json\/wp\/v2\/product\/39683\/revisions"}],"wp:featuredmedia":[{"embeddable":true,"href":"https:\/\/sakt.ee\/ru\/wp-json\/wp\/v2\/media\/28232"}],"wp:attachment":[{"href":"https:\/\/sakt.ee\/ru\/wp-json\/wp\/v2\/media?parent=39683"}],"wp:term":[{"taxonomy":"product_brand","embeddable":true,"href":"https:\/\/sakt.ee\/ru\/wp-json\/wp\/v2\/product_brand?post=39683"},{"taxonomy":"product_cat","embeddable":true,"href":"https:\/\/sakt.ee\/ru\/wp-json\/wp\/v2\/product_cat?post=39683"},{"taxonomy":"product_tag","embeddable":true,"href":"https:\/\/sakt.ee\/ru\/wp-json\/wp\/v2\/product_tag?post=39683"},{"taxonomy":"manufacturers","embeddable":true,"href":"https:\/\/sakt.ee\/ru\/wp-json\/wp\/v2\/manufacturers?post=39683"}],"curies":[{"name":"wp","href":"https:\/\/api.w.org\/{rel}","templated":true}]}}