{"id":39381,"date":"2025-05-17T03:28:41","date_gmt":"2025-05-17T00:28:41","guid":{"rendered":"https:\/\/sakt.ee\/product\/%d0%bf%d1%80%d0%b8%d0%b5%d0%bc%d0%bd%d0%b8%d0%ba-sesam-800-rx-230ac-3-%d1%80%d0%b5%d0%bb%d0%b5-869mhz\/"},"modified":"2025-11-25T13:01:46","modified_gmt":"2025-11-25T10:01:46","slug":"%d0%bf%d1%80%d0%b8%d0%b5%d0%bc%d0%bd%d0%b8%d0%ba-sesam-800-rx-230ac-3-%d1%80%d0%b5%d0%bb%d0%b5-869mhz","status":"publish","type":"product","link":"https:\/\/sakt.ee\/ru\/\u043c\u0430\u0433\u0430\u0437\u0438\u043d\/%d0%bf%d1%83%d0%bb%d1%8c%d1%82%d1%8b-%d1%83%d0%bf%d1%80%d0%b0%d0%b2%d0%bb%d0%b5%d0%bd%d0%b8%d1%8f\/%d0%b1%d0%b5%d1%81%d0%bf%d1%80%d0%be%d0%b2%d0%be%d0%b4%d0%bd%d1%8b%d0%b5-%d1%81%d0%b8%d1%81%d1%82%d0%b5%d0%bc%d1%8b\/%d0%bf%d1%80%d0%b8%d0%b5%d0%bc%d0%bd%d0%b8%d0%ba%d0%b8\/%d0%bf%d1%80%d0%b8%d0%b5%d0%bc%d0%bd%d0%b8%d0%ba-sesam-800-rx-230ac-3-%d1%80%d0%b5%d0%bb%d0%b5-869mhz\/","title":{"rendered":"\u041f\u0440\u0438\u0435\u043c\u043d\u0438\u043a SESAM 800 RX; 230AC; 3 \u0440\u0435\u043b\u0435; 869MHz"},"content":{"rendered":"<p>\u041d\u0430\u0441\u0442\u0435\u043d\u043d\u044b\u0439 \u0442\u0440\u0435\u0445\u0444\u0443\u043d\u043a\u0446\u0438\u043e\u043d\u0430\u043b\u044c\u043d\u044b\u0439 \u043f\u0440\u0438\u0435\u043c\u043d\u0438\u043a \u043f\u043e\u043c\u0435\u0449\u0435\u043d \u0432 \u043f\u0440\u043e\u0447\u043d\u044b\u0439 \u043f\u043b\u0430\u0441\u0442\u0438\u043a\u043e\u0432\u044b\u0439 \u043a\u043e\u0440\u043f\u0443\u0441 \u0434\u043b\u044f \u043f\u0440\u043e\u043c\u044b\u0448\u043b\u0435\u043d\u043d\u043e\u0433\u043e \u0438\u0441\u043f\u043e\u043b\u044c\u0437\u043e\u0432\u0430\u043d\u0438\u044f. \u041a\u043e\u0440\u043f\u0443\u0441 \u0438\u043c\u0435\u0435\u0442 \u043a\u043b\u0430\u0441\u0441 \u0437\u0430\u0449\u0438\u0442\u044b IP65 \u0434\u043b\u044f \u0437\u0430\u0449\u0438\u0442\u044b \u043e\u0442 \u0432\u043b\u0430\u0433\u0438 \u0438 \u043f\u044b\u043b\u0438. \u041f\u043e\u0434\u0434\u0435\u0440\u0436\u0438\u0432\u0430\u0435\u0442 \u0434\u043e 100 \u0440\u0430\u0437\u043b\u0438\u0447\u043d\u044b\u0445 \u043f\u0435\u0440\u0435\u0434\u0430\u0442\u0447\u0438\u043a\u043e\u0432. \u041f\u0438\u0442\u0430\u043d\u0438\u0435 230 \u0412 AC\/DC. \u041f\u043e\u0441\u0442\u0430\u0432\u043b\u044f\u0435\u0442\u0441\u044f \u0441 \u0430\u043d\u0442\u0435\u043d\u043d\u043e\u0439 \u0441 \u043a\u043e\u043d\u0442\u0430\u043a\u0442\u043e\u043c BNC.    <\/p>\n","protected":false},"excerpt":{"rendered":"<p>N.B. \u0412\u044b\u0445\u043e\u0434\u044b \u043f\u0440\u0438\u0435\u043c\u043d\u0438\u043a\u0430 \u043d\u0435 \u043c\u043e\u0433\u0443\u0442 \u0431\u044b\u0442\u044c \u0438\u0441\u043f\u043e\u043b\u044c\u0437\u043e\u0432\u0430\u043d\u044b \u043a\u0430\u043a \u043f\u043e\u0441\u0442\u043e\u044f\u043d\u043d\u044b\u0435, \u0442\u043e\u043b\u044c\u043a\u043e \u043d\u0430 \u043a\u0440\u0430\u0442\u043a\u043e\u0432\u0440\u0435\u043c\u0435\u043d\u043d\u043e\u0439 (\u0438\u043c\u043f\u0443\u043b\u044c\u0441\u043d\u043e\u0439) \u043e\u0441\u043d\u043e\u0432\u0435.<br \/>\n\u041f\u0440\u0438\u0435\u043c\u043d\u0438\u043a \u0440\u0430\u0431\u043e\u0442\u0430\u0435\u0442 \u043d\u0430 \u0447\u0430\u0441\u0442\u043e\u0442\u0435 869,8 \u041c\u0413\u0446.<br \/>\n\u0418\u0437\u0434\u0435\u043b\u0438\u0435 \u043e\u0441\u043d\u0430\u0449\u0435\u043d\u043e \u0432\u043d\u0435\u0448\u043d\u0435\u0439 \u0430\u043d\u0442\u0435\u043d\u043d\u043e\u0439.<br \/>\n\u041f\u0440\u0438\u0435\u043c\u043d\u0438\u043a \u0438\u043c\u0435\u0435\u0442 3 \u041d\u041e\/\u041d\u0417 \u043a\u043e\u043d\u0442\u0430\u043a\u0442\u0430 \u0440\u0435\u043b\u0435 \u0441 \u043d\u043e\u043c\u0438\u043d\u0430\u043b\u044c\u043d\u044b\u043c \u0442\u043e\u043a\u043e\u043c 8A\/3A (230V AC).<br \/>\n\u0420\u0430\u0431\u043e\u0447\u0430\u044f \u0442\u0435\u043c\u043f\u0435\u0440\u0430\u0442\u0443\u0440\u0430 \u043f\u0440\u0438\u0435\u043c\u043d\u0438\u043a\u0430 -25&#8230;+70C.<br \/>\n\u0420\u0430\u0437\u043c\u0435\u0440\u044b \u043f\u0440\u0438\u0435\u043c\u043d\u0438\u043a\u0430 90 x 120 x 50 \u043c\u043c (\u0428*\u0414*\u0412).<br \/>\n\u0412\u0435\u0441 \u043f\u0440\u0438\u0435\u043c\u043d\u0438\u043a\u0430 450 \u0433. \u0412\u0435\u0441 \u043f\u0440\u0438\u0435\u043c\u043d\u0438\u043a\u0430 450 \u0433. <\/p>\n","protected":false},"featured_media":27590,"template":"","meta":{"_acf_changed":false},"product_brand":[],"product_cat":[5378],"product_tag":[],"manufacturers":[7818],"class_list":{"0":"post-39381","1":"product","2":"type-product","3":"status-publish","4":"has-post-thumbnail","6":"product_cat-5378","7":"pa_kaitseklass-ip65-ru","8":"pa_kontakt-3-x-no-nc-ru","9":"pa_korgus-90mm-ru","10":"pa_laius-120mm-ru","11":"pa_paigaldus-3095","12":"pa_sagedus-869-","13":"pa_seeria-sesam-800-ru","14":"pa_sugavus-50mm-ru","15":"pa_toide-230---","16":"pa_tootemperatuur-25-70c-ru","17":"pa_tootja-akerstroms","18":"pa_varv-4200","19":"manufacturers-akerstroms-ru","21":"first","22":"instock","23":"taxable","24":"shipping-taxable","25":"purchasable","26":"product-type-simple"},"acf":[],"yoast_head":"<!-- This site is optimized with the Yoast SEO Premium plugin v25.4 (Yoast SEO v25.4) - https:\/\/yoast.com\/wordpress\/plugins\/seo\/ -->\n<title>\u041f\u0440\u0438\u0435\u043c\u043d\u0438\u043a SESAM 800 RX; 230AC; 3 \u0440\u0435\u043b\u0435; 869MHz - Sakala T\u00f6\u00f6stusautomaatika O\u00dc<\/title>\n<meta name=\"robots\" content=\"index, follow, max-snippet:-1, max-image-preview:large, max-video-preview:-1\" \/>\n<link rel=\"canonical\" href=\"https:\/\/sakt.ee\/\u043c\u0430\u0433\u0430\u0437\u0438\u043d\/puldid\/juhtmevabad-susteemid\/vastuvotjad\/vastuvotja-sesam-800-rx-230ac-3-relee-869mhz\/\" \/>\n<meta property=\"og:locale\" content=\"ru_RU\" \/>\n<meta property=\"og:type\" content=\"article\" \/>\n<meta property=\"og:title\" content=\"\u041f\u0440\u0438\u0435\u043c\u043d\u0438\u043a SESAM 800 RX; 230AC; 3 \u0440\u0435\u043b\u0435; 869MHz\" \/>\n<meta property=\"og:description\" content=\"N.B. \u0412\u044b\u0445\u043e\u0434\u044b \u043f\u0440\u0438\u0435\u043c\u043d\u0438\u043a\u0430 \u043d\u0435 \u043c\u043e\u0433\u0443\u0442 \u0431\u044b\u0442\u044c \u0438\u0441\u043f\u043e\u043b\u044c\u0437\u043e\u0432\u0430\u043d\u044b \u043a\u0430\u043a \u043f\u043e\u0441\u0442\u043e\u044f\u043d\u043d\u044b\u0435, \u0442\u043e\u043b\u044c\u043a\u043e \u043d\u0430 \u043a\u0440\u0430\u0442\u043a\u043e\u0432\u0440\u0435\u043c\u0435\u043d\u043d\u043e\u0439 (\u0438\u043c\u043f\u0443\u043b\u044c\u0441\u043d\u043e\u0439) \u043e\u0441\u043d\u043e\u0432\u0435. \u041f\u0440\u0438\u0435\u043c\u043d\u0438\u043a \u0440\u0430\u0431\u043e\u0442\u0430\u0435\u0442 \u043d\u0430 \u0447\u0430\u0441\u0442\u043e\u0442\u0435 869,8 \u041c\u0413\u0446. \u0418\u0437\u0434\u0435\u043b\u0438\u0435 \u043e\u0441\u043d\u0430\u0449\u0435\u043d\u043e \u0432\u043d\u0435\u0448\u043d\u0435\u0439 \u0430\u043d\u0442\u0435\u043d\u043d\u043e\u0439. \u041f\u0440\u0438\u0435\u043c\u043d\u0438\u043a \u0438\u043c\u0435\u0435\u0442 3 \u041d\u041e\/\u041d\u0417 \u043a\u043e\u043d\u0442\u0430\u043a\u0442\u0430 \u0440\u0435\u043b\u0435 \u0441 \u043d\u043e\u043c\u0438\u043d\u0430\u043b\u044c\u043d\u044b\u043c \u0442\u043e\u043a\u043e\u043c 8A\/3A (230V AC). \u0420\u0430\u0431\u043e\u0447\u0430\u044f \u0442\u0435\u043c\u043f\u0435\u0440\u0430\u0442\u0443\u0440\u0430 \u043f\u0440\u0438\u0435\u043c\u043d\u0438\u043a\u0430 -25...+70C. \u0420\u0430\u0437\u043c\u0435\u0440\u044b \u043f\u0440\u0438\u0435\u043c\u043d\u0438\u043a\u0430 90 x 120 x 50 \u043c\u043c (\u0428*\u0414*\u0412). \u0412\u0435\u0441 \u043f\u0440\u0438\u0435\u043c\u043d\u0438\u043a\u0430 450 \u0433. \u0412\u0435\u0441 \u043f\u0440\u0438\u0435\u043c\u043d\u0438\u043a\u0430 450 \u0433.\" \/>\n<meta property=\"og:url\" content=\"https:\/\/sakt.ee\/\u043c\u0430\u0433\u0430\u0437\u0438\u043d\/puldid\/juhtmevabad-susteemid\/vastuvotjad\/vastuvotja-sesam-800-rx-230ac-3-relee-869mhz\/\" \/>\n<meta property=\"og:site_name\" content=\"Sakala T\u00f6\u00f6stusautomaatika O\u00dc\" \/>\n<meta property=\"article:modified_time\" content=\"2025-11-25T10:01:46+00:00\" \/>\n<meta property=\"og:image\" content=\"https:\/\/sakt.ee\/wp-content\/uploads\/2025\/05\/594.jpg\" \/>\n\t<meta property=\"og:image:width\" content=\"1000\" \/>\n\t<meta property=\"og:image:height\" content=\"743\" \/>\n\t<meta property=\"og:image:type\" content=\"image\/jpeg\" \/>\n<meta name=\"twitter:card\" content=\"summary_large_image\" \/>\n<meta name=\"twitter:label1\" content=\"\u0426\u0435\u043d\u0430\" \/>\n\t<meta name=\"twitter:data1\" content=\"236,20&euro; +KM\" \/>\n\t<meta name=\"twitter:label2\" content=\"\u0414\u043e\u0441\u0442\u0443\u043f\u043d\u043e\u0441\u0442\u044c\" \/>\n\t<meta name=\"twitter:data2\" content=\"\u0412 \u043d\u0430\u043b\u0438\u0447\u0438\u0438\" \/>\n<script type=\"application\/ld+json\" class=\"yoast-schema-graph\">{\"@context\":\"https:\/\/schema.org\",\"@graph\":[{\"@type\":\"WebPage\",\"@id\":\"https:\/\/sakt.ee\/\u043c\u0430\u0433\u0430\u0437\u0438\u043d\/puldid\/juhtmevabad-susteemid\/vastuvotjad\/vastuvotja-sesam-800-rx-230ac-3-relee-869mhz\/\",\"url\":\"https:\/\/sakt.ee\/\u043c\u0430\u0433\u0430\u0437\u0438\u043d\/puldid\/juhtmevabad-susteemid\/vastuvotjad\/vastuvotja-sesam-800-rx-230ac-3-relee-869mhz\/\",\"name\":\"\u041f\u0440\u0438\u0435\u043c\u043d\u0438\u043a SESAM 800 RX; 230AC; 3 \u0440\u0435\u043b\u0435; 869MHz - Sakala T\u00f6\u00f6stusautomaatika O\u00dc\",\"isPartOf\":{\"@id\":\"https:\/\/sakt.ee\/en\/#website\"},\"primaryImageOfPage\":{\"@id\":\"https:\/\/sakt.ee\/\u043c\u0430\u0433\u0430\u0437\u0438\u043d\/puldid\/juhtmevabad-susteemid\/vastuvotjad\/vastuvotja-sesam-800-rx-230ac-3-relee-869mhz\/#primaryimage\"},\"image\":{\"@id\":\"https:\/\/sakt.ee\/\u043c\u0430\u0433\u0430\u0437\u0438\u043d\/puldid\/juhtmevabad-susteemid\/vastuvotjad\/vastuvotja-sesam-800-rx-230ac-3-relee-869mhz\/#primaryimage\"},\"thumbnailUrl\":\"https:\/\/sakt.ee\/wp-content\/uploads\/2025\/05\/594.jpg\",\"datePublished\":\"2025-05-17T00:28:41+00:00\",\"dateModified\":\"2025-11-25T10:01:46+00:00\",\"breadcrumb\":{\"@id\":\"https:\/\/sakt.ee\/\u043c\u0430\u0433\u0430\u0437\u0438\u043d\/puldid\/juhtmevabad-susteemid\/vastuvotjad\/vastuvotja-sesam-800-rx-230ac-3-relee-869mhz\/#breadcrumb\"},\"inLanguage\":\"ru-RU\",\"potentialAction\":[{\"@type\":\"ReadAction\",\"target\":[\"https:\/\/sakt.ee\/\u043c\u0430\u0433\u0430\u0437\u0438\u043d\/puldid\/juhtmevabad-susteemid\/vastuvotjad\/vastuvotja-sesam-800-rx-230ac-3-relee-869mhz\/\"]}]},{\"@type\":\"ImageObject\",\"inLanguage\":\"ru-RU\",\"@id\":\"https:\/\/sakt.ee\/\u043c\u0430\u0433\u0430\u0437\u0438\u043d\/puldid\/juhtmevabad-susteemid\/vastuvotjad\/vastuvotja-sesam-800-rx-230ac-3-relee-869mhz\/#primaryimage\",\"url\":\"https:\/\/sakt.ee\/wp-content\/uploads\/2025\/05\/594.jpg\",\"contentUrl\":\"https:\/\/sakt.ee\/wp-content\/uploads\/2025\/05\/594.jpg\",\"width\":1000,\"height\":743},{\"@type\":\"BreadcrumbList\",\"@id\":\"https:\/\/sakt.ee\/\u043c\u0430\u0433\u0430\u0437\u0438\u043d\/puldid\/juhtmevabad-susteemid\/vastuvotjad\/vastuvotja-sesam-800-rx-230ac-3-relee-869mhz\/#breadcrumb\",\"itemListElement\":[{\"@type\":\"ListItem\",\"position\":1,\"name\":\"Home\",\"item\":\"https:\/\/sakt.ee\/\"},{\"@type\":\"ListItem\",\"position\":2,\"name\":\"\u041c\u0430\u0433\u0430\u0437\u0438\u043d\",\"item\":\"https:\/\/sakt.ee\/ru\/\u043c\u0430\u0433\u0430\u0437\u0438\u043d\/\"},{\"@type\":\"ListItem\",\"position\":3,\"name\":\"\u041f\u0440\u0438\u0435\u043c\u043d\u0438\u043a SESAM 800 RX; 230AC; 3 \u0440\u0435\u043b\u0435; 869MHz\"}]},{\"@type\":\"WebSite\",\"@id\":\"https:\/\/sakt.ee\/en\/#website\",\"url\":\"https:\/\/sakt.ee\/en\/\",\"name\":\"Sakala T\u00f6\u00f6stusautomaatika O\u00dc\",\"description\":\"T\u00f6\u00f6stusautomaatika e-pood\",\"publisher\":{\"@id\":\"https:\/\/sakt.ee\/en\/#organization\"},\"potentialAction\":[{\"@type\":\"SearchAction\",\"target\":{\"@type\":\"EntryPoint\",\"urlTemplate\":\"https:\/\/sakt.ee\/en\/?s={search_term_string}\"},\"query-input\":{\"@type\":\"PropertyValueSpecification\",\"valueRequired\":true,\"valueName\":\"search_term_string\"}}],\"inLanguage\":\"ru-RU\"},{\"@type\":\"Organization\",\"@id\":\"https:\/\/sakt.ee\/en\/#organization\",\"name\":\"Sakala T\u00f6\u00f6stusautomaatika O\u00dc\",\"url\":\"https:\/\/sakt.ee\/en\/\",\"logo\":{\"@type\":\"ImageObject\",\"inLanguage\":\"ru-RU\",\"@id\":\"https:\/\/sakt.ee\/en\/#\/schema\/logo\/image\/\",\"url\":\"https:\/\/sakt.ee\/wp-content\/uploads\/2025\/05\/Sakala-Toostusautomaatika-favicon.png\",\"contentUrl\":\"https:\/\/sakt.ee\/wp-content\/uploads\/2025\/05\/Sakala-Toostusautomaatika-favicon.png\",\"width\":500,\"height\":500,\"caption\":\"Sakala T\u00f6\u00f6stusautomaatika O\u00dc\"},\"image\":{\"@id\":\"https:\/\/sakt.ee\/en\/#\/schema\/logo\/image\/\"}}]}<\/script>\n<meta property=\"product:price:amount\" content=\"236.20\" \/>\n<meta property=\"product:price:currency\" content=\"EUR\" \/>\n<meta property=\"og:availability\" content=\"instock\" \/>\n<meta property=\"product:availability\" content=\"instock\" \/>\n<meta property=\"product:retailer_item_id\" content=\"940156-000\" \/>\n<meta property=\"product:condition\" content=\"new\" \/>\n<!-- \/ Yoast SEO Premium plugin. -->","yoast_head_json":{"title":"\u041f\u0440\u0438\u0435\u043c\u043d\u0438\u043a SESAM 800 RX; 230AC; 3 \u0440\u0435\u043b\u0435; 869MHz - Sakala T\u00f6\u00f6stusautomaatika O\u00dc","robots":{"index":"index","follow":"follow","max-snippet":"max-snippet:-1","max-image-preview":"max-image-preview:large","max-video-preview":"max-video-preview:-1"},"canonical":"https:\/\/sakt.ee\/\u043c\u0430\u0433\u0430\u0437\u0438\u043d\/puldid\/juhtmevabad-susteemid\/vastuvotjad\/vastuvotja-sesam-800-rx-230ac-3-relee-869mhz\/","og_locale":"ru_RU","og_type":"article","og_title":"\u041f\u0440\u0438\u0435\u043c\u043d\u0438\u043a SESAM 800 RX; 230AC; 3 \u0440\u0435\u043b\u0435; 869MHz","og_description":"N.B. \u0412\u044b\u0445\u043e\u0434\u044b \u043f\u0440\u0438\u0435\u043c\u043d\u0438\u043a\u0430 \u043d\u0435 \u043c\u043e\u0433\u0443\u0442 \u0431\u044b\u0442\u044c \u0438\u0441\u043f\u043e\u043b\u044c\u0437\u043e\u0432\u0430\u043d\u044b \u043a\u0430\u043a \u043f\u043e\u0441\u0442\u043e\u044f\u043d\u043d\u044b\u0435, \u0442\u043e\u043b\u044c\u043a\u043e \u043d\u0430 \u043a\u0440\u0430\u0442\u043a\u043e\u0432\u0440\u0435\u043c\u0435\u043d\u043d\u043e\u0439 (\u0438\u043c\u043f\u0443\u043b\u044c\u0441\u043d\u043e\u0439) \u043e\u0441\u043d\u043e\u0432\u0435. \u041f\u0440\u0438\u0435\u043c\u043d\u0438\u043a \u0440\u0430\u0431\u043e\u0442\u0430\u0435\u0442 \u043d\u0430 \u0447\u0430\u0441\u0442\u043e\u0442\u0435 869,8 \u041c\u0413\u0446. \u0418\u0437\u0434\u0435\u043b\u0438\u0435 \u043e\u0441\u043d\u0430\u0449\u0435\u043d\u043e \u0432\u043d\u0435\u0448\u043d\u0435\u0439 \u0430\u043d\u0442\u0435\u043d\u043d\u043e\u0439. \u041f\u0440\u0438\u0435\u043c\u043d\u0438\u043a \u0438\u043c\u0435\u0435\u0442 3 \u041d\u041e\/\u041d\u0417 \u043a\u043e\u043d\u0442\u0430\u043a\u0442\u0430 \u0440\u0435\u043b\u0435 \u0441 \u043d\u043e\u043c\u0438\u043d\u0430\u043b\u044c\u043d\u044b\u043c \u0442\u043e\u043a\u043e\u043c 8A\/3A (230V AC). \u0420\u0430\u0431\u043e\u0447\u0430\u044f \u0442\u0435\u043c\u043f\u0435\u0440\u0430\u0442\u0443\u0440\u0430 \u043f\u0440\u0438\u0435\u043c\u043d\u0438\u043a\u0430 -25...+70C. \u0420\u0430\u0437\u043c\u0435\u0440\u044b \u043f\u0440\u0438\u0435\u043c\u043d\u0438\u043a\u0430 90 x 120 x 50 \u043c\u043c (\u0428*\u0414*\u0412). \u0412\u0435\u0441 \u043f\u0440\u0438\u0435\u043c\u043d\u0438\u043a\u0430 450 \u0433. \u0412\u0435\u0441 \u043f\u0440\u0438\u0435\u043c\u043d\u0438\u043a\u0430 450 \u0433.","og_url":"https:\/\/sakt.ee\/\u043c\u0430\u0433\u0430\u0437\u0438\u043d\/puldid\/juhtmevabad-susteemid\/vastuvotjad\/vastuvotja-sesam-800-rx-230ac-3-relee-869mhz\/","og_site_name":"Sakala T\u00f6\u00f6stusautomaatika O\u00dc","article_modified_time":"2025-11-25T10:01:46+00:00","og_image":[{"width":1000,"height":743,"url":"https:\/\/sakt.ee\/wp-content\/uploads\/2025\/05\/594.jpg","type":"image\/jpeg"}],"twitter_card":"summary_large_image","twitter_misc":{"\u0426\u0435\u043d\u0430":"236,20&euro; +KM","\u0414\u043e\u0441\u0442\u0443\u043f\u043d\u043e\u0441\u0442\u044c":"\u0412 \u043d\u0430\u043b\u0438\u0447\u0438\u0438"},"schema":{"@context":"https:\/\/schema.org","@graph":[{"@type":"WebPage","@id":"https:\/\/sakt.ee\/\u043c\u0430\u0433\u0430\u0437\u0438\u043d\/puldid\/juhtmevabad-susteemid\/vastuvotjad\/vastuvotja-sesam-800-rx-230ac-3-relee-869mhz\/","url":"https:\/\/sakt.ee\/\u043c\u0430\u0433\u0430\u0437\u0438\u043d\/puldid\/juhtmevabad-susteemid\/vastuvotjad\/vastuvotja-sesam-800-rx-230ac-3-relee-869mhz\/","name":"\u041f\u0440\u0438\u0435\u043c\u043d\u0438\u043a SESAM 800 RX; 230AC; 3 \u0440\u0435\u043b\u0435; 869MHz - Sakala T\u00f6\u00f6stusautomaatika O\u00dc","isPartOf":{"@id":"https:\/\/sakt.ee\/en\/#website"},"primaryImageOfPage":{"@id":"https:\/\/sakt.ee\/\u043c\u0430\u0433\u0430\u0437\u0438\u043d\/puldid\/juhtmevabad-susteemid\/vastuvotjad\/vastuvotja-sesam-800-rx-230ac-3-relee-869mhz\/#primaryimage"},"image":{"@id":"https:\/\/sakt.ee\/\u043c\u0430\u0433\u0430\u0437\u0438\u043d\/puldid\/juhtmevabad-susteemid\/vastuvotjad\/vastuvotja-sesam-800-rx-230ac-3-relee-869mhz\/#primaryimage"},"thumbnailUrl":"https:\/\/sakt.ee\/wp-content\/uploads\/2025\/05\/594.jpg","datePublished":"2025-05-17T00:28:41+00:00","dateModified":"2025-11-25T10:01:46+00:00","breadcrumb":{"@id":"https:\/\/sakt.ee\/\u043c\u0430\u0433\u0430\u0437\u0438\u043d\/puldid\/juhtmevabad-susteemid\/vastuvotjad\/vastuvotja-sesam-800-rx-230ac-3-relee-869mhz\/#breadcrumb"},"inLanguage":"ru-RU","potentialAction":[{"@type":"ReadAction","target":["https:\/\/sakt.ee\/\u043c\u0430\u0433\u0430\u0437\u0438\u043d\/puldid\/juhtmevabad-susteemid\/vastuvotjad\/vastuvotja-sesam-800-rx-230ac-3-relee-869mhz\/"]}]},{"@type":"ImageObject","inLanguage":"ru-RU","@id":"https:\/\/sakt.ee\/\u043c\u0430\u0433\u0430\u0437\u0438\u043d\/puldid\/juhtmevabad-susteemid\/vastuvotjad\/vastuvotja-sesam-800-rx-230ac-3-relee-869mhz\/#primaryimage","url":"https:\/\/sakt.ee\/wp-content\/uploads\/2025\/05\/594.jpg","contentUrl":"https:\/\/sakt.ee\/wp-content\/uploads\/2025\/05\/594.jpg","width":1000,"height":743},{"@type":"BreadcrumbList","@id":"https:\/\/sakt.ee\/\u043c\u0430\u0433\u0430\u0437\u0438\u043d\/puldid\/juhtmevabad-susteemid\/vastuvotjad\/vastuvotja-sesam-800-rx-230ac-3-relee-869mhz\/#breadcrumb","itemListElement":[{"@type":"ListItem","position":1,"name":"Home","item":"https:\/\/sakt.ee\/"},{"@type":"ListItem","position":2,"name":"\u041c\u0430\u0433\u0430\u0437\u0438\u043d","item":"https:\/\/sakt.ee\/ru\/\u043c\u0430\u0433\u0430\u0437\u0438\u043d\/"},{"@type":"ListItem","position":3,"name":"\u041f\u0440\u0438\u0435\u043c\u043d\u0438\u043a SESAM 800 RX; 230AC; 3 \u0440\u0435\u043b\u0435; 869MHz"}]},{"@type":"WebSite","@id":"https:\/\/sakt.ee\/en\/#website","url":"https:\/\/sakt.ee\/en\/","name":"Sakala T\u00f6\u00f6stusautomaatika O\u00dc","description":"T\u00f6\u00f6stusautomaatika e-pood","publisher":{"@id":"https:\/\/sakt.ee\/en\/#organization"},"potentialAction":[{"@type":"SearchAction","target":{"@type":"EntryPoint","urlTemplate":"https:\/\/sakt.ee\/en\/?s={search_term_string}"},"query-input":{"@type":"PropertyValueSpecification","valueRequired":true,"valueName":"search_term_string"}}],"inLanguage":"ru-RU"},{"@type":"Organization","@id":"https:\/\/sakt.ee\/en\/#organization","name":"Sakala T\u00f6\u00f6stusautomaatika O\u00dc","url":"https:\/\/sakt.ee\/en\/","logo":{"@type":"ImageObject","inLanguage":"ru-RU","@id":"https:\/\/sakt.ee\/en\/#\/schema\/logo\/image\/","url":"https:\/\/sakt.ee\/wp-content\/uploads\/2025\/05\/Sakala-Toostusautomaatika-favicon.png","contentUrl":"https:\/\/sakt.ee\/wp-content\/uploads\/2025\/05\/Sakala-Toostusautomaatika-favicon.png","width":500,"height":500,"caption":"Sakala T\u00f6\u00f6stusautomaatika O\u00dc"},"image":{"@id":"https:\/\/sakt.ee\/en\/#\/schema\/logo\/image\/"}}]},"product_price_amount":"236.20","product_price_currency":"EUR","og_availability":"instock","product_availability":"instock","product_retailer_item_id":"940156-000","product_condition":"new"},"_links":{"self":[{"href":"https:\/\/sakt.ee\/ru\/wp-json\/wp\/v2\/product\/39381","targetHints":{"allow":["GET"]}}],"collection":[{"href":"https:\/\/sakt.ee\/ru\/wp-json\/wp\/v2\/product"}],"about":[{"href":"https:\/\/sakt.ee\/ru\/wp-json\/wp\/v2\/types\/product"}],"version-history":[{"count":0,"href":"https:\/\/sakt.ee\/ru\/wp-json\/wp\/v2\/product\/39381\/revisions"}],"wp:featuredmedia":[{"embeddable":true,"href":"https:\/\/sakt.ee\/ru\/wp-json\/wp\/v2\/media\/27590"}],"wp:attachment":[{"href":"https:\/\/sakt.ee\/ru\/wp-json\/wp\/v2\/media?parent=39381"}],"wp:term":[{"taxonomy":"product_brand","embeddable":true,"href":"https:\/\/sakt.ee\/ru\/wp-json\/wp\/v2\/product_brand?post=39381"},{"taxonomy":"product_cat","embeddable":true,"href":"https:\/\/sakt.ee\/ru\/wp-json\/wp\/v2\/product_cat?post=39381"},{"taxonomy":"product_tag","embeddable":true,"href":"https:\/\/sakt.ee\/ru\/wp-json\/wp\/v2\/product_tag?post=39381"},{"taxonomy":"manufacturers","embeddable":true,"href":"https:\/\/sakt.ee\/ru\/wp-json\/wp\/v2\/manufacturers?post=39381"}],"curies":[{"name":"wp","href":"https:\/\/api.w.org\/{rel}","templated":true}]}}