{"id":39312,"date":"2025-05-17T03:42:57","date_gmt":"2025-05-17T00:42:57","guid":{"rendered":"https:\/\/sakt.ee\/product\/pce-28-pk-%d0%b4%d0%b0%d1%82%d1%87%d0%b8%d0%ba-%d0%b4%d0%b0%d0%b2%d0%bb%d0%b5%d0%bd%d0%b8%d1%8f-0-6%d0%b1%d0%b0%d1%80-8-36dc-4-20%d0%bc%d0%b0-g%c2%bd-%d0%ba%d0%b0%d0%b1%d0%b5%d0%bb%d1%8c-3\/"},"modified":"2026-04-07T17:46:41","modified_gmt":"2026-04-07T14:46:41","slug":"pce-28-pk-%d0%b4%d0%b0%d1%82%d1%87%d0%b8%d0%ba-%d0%b4%d0%b0%d0%b2%d0%bb%d0%b5%d0%bd%d0%b8%d1%8f-0-6%d0%b1%d0%b0%d1%80-8-36dc-4-20%d0%bc%d0%b0-g%c2%bd-%d0%ba%d0%b0%d0%b1%d0%b5%d0%bb%d1%8c-3","status":"publish","type":"product","link":"https:\/\/sakt.ee\/ru\/\u043c\u0430\u0433\u0430\u0437\u0438\u043d\/%d0%b4%d0%b0%d1%82%d1%87%d0%b8%d0%ba%d0%b8-%d0%bf%d1%80%d0%be%d1%86%d0%b5%d1%81%d1%81%d0%b0\/%d0%b4%d0%b0%d1%82%d1%87%d0%b8%d0%ba%d0%b8-%d0%b4%d0%b0%d0%b2%d0%bb%d0%b5%d0%bd%d0%b8%d1%8f\/pce-28-pk-%d0%b4%d0%b0%d1%82%d1%87%d0%b8%d0%ba-%d0%b4%d0%b0%d0%b2%d0%bb%d0%b5%d0%bd%d0%b8%d1%8f-0-6%d0%b1%d0%b0%d1%80-8-36dc-4-20%d0%bc%d0%b0-g%c2%bd-%d0%ba%d0%b0%d0%b1%d0%b5%d0%bb%d1%8c-3\/","title":{"rendered":"PCE-28 PK \u0414\u0430\u0442\u0447\u0438\u043a \u0434\u0430\u0432\u043b\u0435\u043d\u0438\u044f; 0&#8230;6\u0431\u0430\u0440; 8-36DC; 4-20\u043c\u0410; G\u00bd\"; \u043a\u0430\u0431\u0435\u043b\u044c 3\u043c"},"content":{"rendered":"","protected":false},"excerpt":{"rendered":"","protected":false},"featured_media":27772,"template":"","meta":{"_acf_changed":false},"product_brand":[],"product_cat":[3640],"product_tag":[],"manufacturers":[7808],"class_list":{"0":"post-39312","1":"product","2":"type-product","3":"status-publish","4":"has-post-thumbnail","6":"product_cat-3640","7":"pa_kaabli-pikkus-3m-ru","8":"pa_kaitseklass-ip67-ru","9":"pa_rohk-0-6-","10":"pa_toide-10-30---","11":"pa_tootemperatuur-25-75c-ru","12":"pa_tootja-aplisens","13":"pa_uhendustuup-g-ru","14":"pa_valjund-4-20-","15":"manufacturers-aplisens-ru","17":"first","18":"instock","19":"taxable","20":"shipping-taxable","21":"purchasable","22":"product-type-simple"},"acf":[],"yoast_head":"<!-- This site is optimized with the Yoast SEO Premium plugin v25.4 (Yoast SEO v25.4) - https:\/\/yoast.com\/wordpress\/plugins\/seo\/ -->\n<title>PCE-28 PK \u0414\u0430\u0442\u0447\u0438\u043a \u0434\u0430\u0432\u043b\u0435\u043d\u0438\u044f; 0...6\u0431\u0430\u0440; 8-36DC; 4-20\u043c\u0410; G\u00bd&quot;; \u043a\u0430\u0431\u0435\u043b\u044c 3\u043c - Sakala T\u00f6\u00f6stusautomaatika O\u00dc<\/title>\n<meta name=\"robots\" content=\"index, follow, max-snippet:-1, max-image-preview:large, max-video-preview:-1\" \/>\n<link rel=\"canonical\" href=\"https:\/\/sakt.ee\/ru\/\u043c\u0430\u0433\u0430\u0437\u0438\u043d\/andurid\/rohuandurid\/pce-28-pk-\u0434\u0430\u0442\u0447\u0438\u043a-\u0434\u0430\u0432\u043b\u0435\u043d\u0438\u044f-0-6\u0431\u0430\u0440-8-36dc-4-20\u043c\u0430-g\u00bd-\u043a\u0430\u0431\u0435\u043b\u044c-3\/\" \/>\n<meta property=\"og:locale\" content=\"ru_RU\" \/>\n<meta property=\"og:type\" content=\"article\" \/>\n<meta property=\"og:title\" content=\"PCE-28 PK \u0414\u0430\u0442\u0447\u0438\u043a \u0434\u0430\u0432\u043b\u0435\u043d\u0438\u044f; 0...6\u0431\u0430\u0440; 8-36DC; 4-20\u043c\u0410; G\u00bd&quot;; \u043a\u0430\u0431\u0435\u043b\u044c 3\u043c\" \/>\n<meta property=\"og:url\" content=\"https:\/\/sakt.ee\/ru\/\u043c\u0430\u0433\u0430\u0437\u0438\u043d\/andurid\/rohuandurid\/pce-28-pk-\u0434\u0430\u0442\u0447\u0438\u043a-\u0434\u0430\u0432\u043b\u0435\u043d\u0438\u044f-0-6\u0431\u0430\u0440-8-36dc-4-20\u043c\u0430-g\u00bd-\u043a\u0430\u0431\u0435\u043b\u044c-3\/\" \/>\n<meta property=\"og:site_name\" content=\"Sakala T\u00f6\u00f6stusautomaatika O\u00dc\" \/>\n<meta property=\"article:modified_time\" content=\"2026-04-07T14:46:41+00:00\" \/>\n<meta property=\"og:image\" content=\"https:\/\/sakt.ee\/wp-content\/uploads\/2025\/05\/1689-scaled.jpg\" \/>\n\t<meta property=\"og:image:width\" content=\"2560\" \/>\n\t<meta property=\"og:image:height\" content=\"860\" \/>\n\t<meta property=\"og:image:type\" content=\"image\/jpeg\" \/>\n<meta name=\"twitter:card\" content=\"summary_large_image\" \/>\n<meta name=\"twitter:label1\" content=\"\u0426\u0435\u043d\u0430\" \/>\n\t<meta name=\"twitter:data1\" content=\"281,00&euro; +KM\" \/>\n\t<meta name=\"twitter:label2\" content=\"\u0414\u043e\u0441\u0442\u0443\u043f\u043d\u043e\u0441\u0442\u044c\" \/>\n\t<meta name=\"twitter:data2\" content=\"\u0412 \u043d\u0430\u043b\u0438\u0447\u0438\u0438\" \/>\n<script type=\"application\/ld+json\" class=\"yoast-schema-graph\">{\"@context\":\"https:\/\/schema.org\",\"@graph\":[{\"@type\":\"WebPage\",\"@id\":\"https:\/\/sakt.ee\/ru\/\u043c\u0430\u0433\u0430\u0437\u0438\u043d\/andurid\/rohuandurid\/pce-28-pk-%d0%b4%d0%b0%d1%82%d1%87%d0%b8%d0%ba-%d0%b4%d0%b0%d0%b2%d0%bb%d0%b5%d0%bd%d0%b8%d1%8f-0-6%d0%b1%d0%b0%d1%80-8-36dc-4-20%d0%bc%d0%b0-g%c2%bd-%d0%ba%d0%b0%d0%b1%d0%b5%d0%bb%d1%8c-3\/\",\"url\":\"https:\/\/sakt.ee\/ru\/\u043c\u0430\u0433\u0430\u0437\u0438\u043d\/andurid\/rohuandurid\/pce-28-pk-%d0%b4%d0%b0%d1%82%d1%87%d0%b8%d0%ba-%d0%b4%d0%b0%d0%b2%d0%bb%d0%b5%d0%bd%d0%b8%d1%8f-0-6%d0%b1%d0%b0%d1%80-8-36dc-4-20%d0%bc%d0%b0-g%c2%bd-%d0%ba%d0%b0%d0%b1%d0%b5%d0%bb%d1%8c-3\/\",\"name\":\"PCE-28 PK \u0414\u0430\u0442\u0447\u0438\u043a \u0434\u0430\u0432\u043b\u0435\u043d\u0438\u044f; 0...6\u0431\u0430\u0440; 8-36DC; 4-20\u043c\u0410; G\u00bd\\\"; \u043a\u0430\u0431\u0435\u043b\u044c 3\u043c - Sakala T\u00f6\u00f6stusautomaatika O\u00dc\",\"isPartOf\":{\"@id\":\"https:\/\/sakt.ee\/en\/#website\"},\"primaryImageOfPage\":{\"@id\":\"https:\/\/sakt.ee\/ru\/\u043c\u0430\u0433\u0430\u0437\u0438\u043d\/andurid\/rohuandurid\/pce-28-pk-%d0%b4%d0%b0%d1%82%d1%87%d0%b8%d0%ba-%d0%b4%d0%b0%d0%b2%d0%bb%d0%b5%d0%bd%d0%b8%d1%8f-0-6%d0%b1%d0%b0%d1%80-8-36dc-4-20%d0%bc%d0%b0-g%c2%bd-%d0%ba%d0%b0%d0%b1%d0%b5%d0%bb%d1%8c-3\/#primaryimage\"},\"image\":{\"@id\":\"https:\/\/sakt.ee\/ru\/\u043c\u0430\u0433\u0430\u0437\u0438\u043d\/andurid\/rohuandurid\/pce-28-pk-%d0%b4%d0%b0%d1%82%d1%87%d0%b8%d0%ba-%d0%b4%d0%b0%d0%b2%d0%bb%d0%b5%d0%bd%d0%b8%d1%8f-0-6%d0%b1%d0%b0%d1%80-8-36dc-4-20%d0%bc%d0%b0-g%c2%bd-%d0%ba%d0%b0%d0%b1%d0%b5%d0%bb%d1%8c-3\/#primaryimage\"},\"thumbnailUrl\":\"https:\/\/sakt.ee\/wp-content\/uploads\/2025\/05\/1689-scaled.jpg\",\"datePublished\":\"2025-05-17T00:42:57+00:00\",\"dateModified\":\"2026-04-07T14:46:41+00:00\",\"breadcrumb\":{\"@id\":\"https:\/\/sakt.ee\/ru\/\u043c\u0430\u0433\u0430\u0437\u0438\u043d\/andurid\/rohuandurid\/pce-28-pk-%d0%b4%d0%b0%d1%82%d1%87%d0%b8%d0%ba-%d0%b4%d0%b0%d0%b2%d0%bb%d0%b5%d0%bd%d0%b8%d1%8f-0-6%d0%b1%d0%b0%d1%80-8-36dc-4-20%d0%bc%d0%b0-g%c2%bd-%d0%ba%d0%b0%d0%b1%d0%b5%d0%bb%d1%8c-3\/#breadcrumb\"},\"inLanguage\":\"ru-RU\",\"potentialAction\":[{\"@type\":\"ReadAction\",\"target\":[\"https:\/\/sakt.ee\/ru\/\u043c\u0430\u0433\u0430\u0437\u0438\u043d\/andurid\/rohuandurid\/pce-28-pk-%d0%b4%d0%b0%d1%82%d1%87%d0%b8%d0%ba-%d0%b4%d0%b0%d0%b2%d0%bb%d0%b5%d0%bd%d0%b8%d1%8f-0-6%d0%b1%d0%b0%d1%80-8-36dc-4-20%d0%bc%d0%b0-g%c2%bd-%d0%ba%d0%b0%d0%b1%d0%b5%d0%bb%d1%8c-3\/\"]}]},{\"@type\":\"ImageObject\",\"inLanguage\":\"ru-RU\",\"@id\":\"https:\/\/sakt.ee\/ru\/\u043c\u0430\u0433\u0430\u0437\u0438\u043d\/andurid\/rohuandurid\/pce-28-pk-%d0%b4%d0%b0%d1%82%d1%87%d0%b8%d0%ba-%d0%b4%d0%b0%d0%b2%d0%bb%d0%b5%d0%bd%d0%b8%d1%8f-0-6%d0%b1%d0%b0%d1%80-8-36dc-4-20%d0%bc%d0%b0-g%c2%bd-%d0%ba%d0%b0%d0%b1%d0%b5%d0%bb%d1%8c-3\/#primaryimage\",\"url\":\"https:\/\/sakt.ee\/wp-content\/uploads\/2025\/05\/1689-scaled.jpg\",\"contentUrl\":\"https:\/\/sakt.ee\/wp-content\/uploads\/2025\/05\/1689-scaled.jpg\",\"width\":2560,\"height\":860},{\"@type\":\"BreadcrumbList\",\"@id\":\"https:\/\/sakt.ee\/ru\/\u043c\u0430\u0433\u0430\u0437\u0438\u043d\/andurid\/rohuandurid\/pce-28-pk-%d0%b4%d0%b0%d1%82%d1%87%d0%b8%d0%ba-%d0%b4%d0%b0%d0%b2%d0%bb%d0%b5%d0%bd%d0%b8%d1%8f-0-6%d0%b1%d0%b0%d1%80-8-36dc-4-20%d0%bc%d0%b0-g%c2%bd-%d0%ba%d0%b0%d0%b1%d0%b5%d0%bb%d1%8c-3\/#breadcrumb\",\"itemListElement\":[{\"@type\":\"ListItem\",\"position\":1,\"name\":\"Home\",\"item\":\"https:\/\/sakt.ee\/\"},{\"@type\":\"ListItem\",\"position\":2,\"name\":\"\u041c\u0430\u0433\u0430\u0437\u0438\u043d\",\"item\":\"https:\/\/sakt.ee\/ru\/\u043c\u0430\u0433\u0430\u0437\u0438\u043d\/\"},{\"@type\":\"ListItem\",\"position\":3,\"name\":\"PCE-28 PK \u0414\u0430\u0442\u0447\u0438\u043a \u0434\u0430\u0432\u043b\u0435\u043d\u0438\u044f; 0&#8230;6\u0431\u0430\u0440; 8-36DC; 4-20\u043c\u0410; G\u00bd\\\"; \u043a\u0430\u0431\u0435\u043b\u044c 3\u043c\"}]},{\"@type\":\"WebSite\",\"@id\":\"https:\/\/sakt.ee\/en\/#website\",\"url\":\"https:\/\/sakt.ee\/en\/\",\"name\":\"Sakala T\u00f6\u00f6stusautomaatika O\u00dc\",\"description\":\"T\u00f6\u00f6stusautomaatika e-pood\",\"publisher\":{\"@id\":\"https:\/\/sakt.ee\/en\/#organization\"},\"potentialAction\":[{\"@type\":\"SearchAction\",\"target\":{\"@type\":\"EntryPoint\",\"urlTemplate\":\"https:\/\/sakt.ee\/en\/?s={search_term_string}\"},\"query-input\":{\"@type\":\"PropertyValueSpecification\",\"valueRequired\":true,\"valueName\":\"search_term_string\"}}],\"inLanguage\":\"ru-RU\"},{\"@type\":\"Organization\",\"@id\":\"https:\/\/sakt.ee\/en\/#organization\",\"name\":\"Sakala T\u00f6\u00f6stusautomaatika O\u00dc\",\"url\":\"https:\/\/sakt.ee\/en\/\",\"logo\":{\"@type\":\"ImageObject\",\"inLanguage\":\"ru-RU\",\"@id\":\"https:\/\/sakt.ee\/en\/#\/schema\/logo\/image\/\",\"url\":\"https:\/\/sakt.ee\/wp-content\/uploads\/2025\/05\/Sakala-Toostusautomaatika-favicon.png\",\"contentUrl\":\"https:\/\/sakt.ee\/wp-content\/uploads\/2025\/05\/Sakala-Toostusautomaatika-favicon.png\",\"width\":500,\"height\":500,\"caption\":\"Sakala T\u00f6\u00f6stusautomaatika O\u00dc\"},\"image\":{\"@id\":\"https:\/\/sakt.ee\/en\/#\/schema\/logo\/image\/\"}}]}<\/script>\n<meta property=\"product:price:amount\" content=\"281.00\" \/>\n<meta property=\"product:price:currency\" content=\"EUR\" \/>\n<meta property=\"og:availability\" content=\"instock\" \/>\n<meta property=\"product:availability\" content=\"instock\" \/>\n<meta property=\"product:retailer_item_id\" content=\"PCE28-PK 0-6-G1\/2\" \/>\n<meta property=\"product:condition\" content=\"new\" \/>\n<!-- \/ Yoast SEO Premium plugin. -->","yoast_head_json":{"title":"PCE-28 PK \u0414\u0430\u0442\u0447\u0438\u043a \u0434\u0430\u0432\u043b\u0435\u043d\u0438\u044f; 0...6\u0431\u0430\u0440; 8-36DC; 4-20\u043c\u0410; G\u00bd\"; \u043a\u0430\u0431\u0435\u043b\u044c 3\u043c - Sakala T\u00f6\u00f6stusautomaatika O\u00dc","robots":{"index":"index","follow":"follow","max-snippet":"max-snippet:-1","max-image-preview":"max-image-preview:large","max-video-preview":"max-video-preview:-1"},"canonical":"https:\/\/sakt.ee\/ru\/\u043c\u0430\u0433\u0430\u0437\u0438\u043d\/andurid\/rohuandurid\/pce-28-pk-\u0434\u0430\u0442\u0447\u0438\u043a-\u0434\u0430\u0432\u043b\u0435\u043d\u0438\u044f-0-6\u0431\u0430\u0440-8-36dc-4-20\u043c\u0430-g\u00bd-\u043a\u0430\u0431\u0435\u043b\u044c-3\/","og_locale":"ru_RU","og_type":"article","og_title":"PCE-28 PK \u0414\u0430\u0442\u0447\u0438\u043a \u0434\u0430\u0432\u043b\u0435\u043d\u0438\u044f; 0...6\u0431\u0430\u0440; 8-36DC; 4-20\u043c\u0410; G\u00bd\"; \u043a\u0430\u0431\u0435\u043b\u044c 3\u043c","og_url":"https:\/\/sakt.ee\/ru\/\u043c\u0430\u0433\u0430\u0437\u0438\u043d\/andurid\/rohuandurid\/pce-28-pk-\u0434\u0430\u0442\u0447\u0438\u043a-\u0434\u0430\u0432\u043b\u0435\u043d\u0438\u044f-0-6\u0431\u0430\u0440-8-36dc-4-20\u043c\u0430-g\u00bd-\u043a\u0430\u0431\u0435\u043b\u044c-3\/","og_site_name":"Sakala T\u00f6\u00f6stusautomaatika O\u00dc","article_modified_time":"2026-04-07T14:46:41+00:00","og_image":[{"width":2560,"height":860,"url":"https:\/\/sakt.ee\/wp-content\/uploads\/2025\/05\/1689-scaled.jpg","type":"image\/jpeg"}],"twitter_card":"summary_large_image","twitter_misc":{"\u0426\u0435\u043d\u0430":"281,00&euro; +KM","\u0414\u043e\u0441\u0442\u0443\u043f\u043d\u043e\u0441\u0442\u044c":"\u0412 \u043d\u0430\u043b\u0438\u0447\u0438\u0438"},"schema":{"@context":"https:\/\/schema.org","@graph":[{"@type":"WebPage","@id":"https:\/\/sakt.ee\/ru\/\u043c\u0430\u0433\u0430\u0437\u0438\u043d\/andurid\/rohuandurid\/pce-28-pk-%d0%b4%d0%b0%d1%82%d1%87%d0%b8%d0%ba-%d0%b4%d0%b0%d0%b2%d0%bb%d0%b5%d0%bd%d0%b8%d1%8f-0-6%d0%b1%d0%b0%d1%80-8-36dc-4-20%d0%bc%d0%b0-g%c2%bd-%d0%ba%d0%b0%d0%b1%d0%b5%d0%bb%d1%8c-3\/","url":"https:\/\/sakt.ee\/ru\/\u043c\u0430\u0433\u0430\u0437\u0438\u043d\/andurid\/rohuandurid\/pce-28-pk-%d0%b4%d0%b0%d1%82%d1%87%d0%b8%d0%ba-%d0%b4%d0%b0%d0%b2%d0%bb%d0%b5%d0%bd%d0%b8%d1%8f-0-6%d0%b1%d0%b0%d1%80-8-36dc-4-20%d0%bc%d0%b0-g%c2%bd-%d0%ba%d0%b0%d0%b1%d0%b5%d0%bb%d1%8c-3\/","name":"PCE-28 PK \u0414\u0430\u0442\u0447\u0438\u043a \u0434\u0430\u0432\u043b\u0435\u043d\u0438\u044f; 0...6\u0431\u0430\u0440; 8-36DC; 4-20\u043c\u0410; G\u00bd\"; \u043a\u0430\u0431\u0435\u043b\u044c 3\u043c - Sakala T\u00f6\u00f6stusautomaatika O\u00dc","isPartOf":{"@id":"https:\/\/sakt.ee\/en\/#website"},"primaryImageOfPage":{"@id":"https:\/\/sakt.ee\/ru\/\u043c\u0430\u0433\u0430\u0437\u0438\u043d\/andurid\/rohuandurid\/pce-28-pk-%d0%b4%d0%b0%d1%82%d1%87%d0%b8%d0%ba-%d0%b4%d0%b0%d0%b2%d0%bb%d0%b5%d0%bd%d0%b8%d1%8f-0-6%d0%b1%d0%b0%d1%80-8-36dc-4-20%d0%bc%d0%b0-g%c2%bd-%d0%ba%d0%b0%d0%b1%d0%b5%d0%bb%d1%8c-3\/#primaryimage"},"image":{"@id":"https:\/\/sakt.ee\/ru\/\u043c\u0430\u0433\u0430\u0437\u0438\u043d\/andurid\/rohuandurid\/pce-28-pk-%d0%b4%d0%b0%d1%82%d1%87%d0%b8%d0%ba-%d0%b4%d0%b0%d0%b2%d0%bb%d0%b5%d0%bd%d0%b8%d1%8f-0-6%d0%b1%d0%b0%d1%80-8-36dc-4-20%d0%bc%d0%b0-g%c2%bd-%d0%ba%d0%b0%d0%b1%d0%b5%d0%bb%d1%8c-3\/#primaryimage"},"thumbnailUrl":"https:\/\/sakt.ee\/wp-content\/uploads\/2025\/05\/1689-scaled.jpg","datePublished":"2025-05-17T00:42:57+00:00","dateModified":"2026-04-07T14:46:41+00:00","breadcrumb":{"@id":"https:\/\/sakt.ee\/ru\/\u043c\u0430\u0433\u0430\u0437\u0438\u043d\/andurid\/rohuandurid\/pce-28-pk-%d0%b4%d0%b0%d1%82%d1%87%d0%b8%d0%ba-%d0%b4%d0%b0%d0%b2%d0%bb%d0%b5%d0%bd%d0%b8%d1%8f-0-6%d0%b1%d0%b0%d1%80-8-36dc-4-20%d0%bc%d0%b0-g%c2%bd-%d0%ba%d0%b0%d0%b1%d0%b5%d0%bb%d1%8c-3\/#breadcrumb"},"inLanguage":"ru-RU","potentialAction":[{"@type":"ReadAction","target":["https:\/\/sakt.ee\/ru\/\u043c\u0430\u0433\u0430\u0437\u0438\u043d\/andurid\/rohuandurid\/pce-28-pk-%d0%b4%d0%b0%d1%82%d1%87%d0%b8%d0%ba-%d0%b4%d0%b0%d0%b2%d0%bb%d0%b5%d0%bd%d0%b8%d1%8f-0-6%d0%b1%d0%b0%d1%80-8-36dc-4-20%d0%bc%d0%b0-g%c2%bd-%d0%ba%d0%b0%d0%b1%d0%b5%d0%bb%d1%8c-3\/"]}]},{"@type":"ImageObject","inLanguage":"ru-RU","@id":"https:\/\/sakt.ee\/ru\/\u043c\u0430\u0433\u0430\u0437\u0438\u043d\/andurid\/rohuandurid\/pce-28-pk-%d0%b4%d0%b0%d1%82%d1%87%d0%b8%d0%ba-%d0%b4%d0%b0%d0%b2%d0%bb%d0%b5%d0%bd%d0%b8%d1%8f-0-6%d0%b1%d0%b0%d1%80-8-36dc-4-20%d0%bc%d0%b0-g%c2%bd-%d0%ba%d0%b0%d0%b1%d0%b5%d0%bb%d1%8c-3\/#primaryimage","url":"https:\/\/sakt.ee\/wp-content\/uploads\/2025\/05\/1689-scaled.jpg","contentUrl":"https:\/\/sakt.ee\/wp-content\/uploads\/2025\/05\/1689-scaled.jpg","width":2560,"height":860},{"@type":"BreadcrumbList","@id":"https:\/\/sakt.ee\/ru\/\u043c\u0430\u0433\u0430\u0437\u0438\u043d\/andurid\/rohuandurid\/pce-28-pk-%d0%b4%d0%b0%d1%82%d1%87%d0%b8%d0%ba-%d0%b4%d0%b0%d0%b2%d0%bb%d0%b5%d0%bd%d0%b8%d1%8f-0-6%d0%b1%d0%b0%d1%80-8-36dc-4-20%d0%bc%d0%b0-g%c2%bd-%d0%ba%d0%b0%d0%b1%d0%b5%d0%bb%d1%8c-3\/#breadcrumb","itemListElement":[{"@type":"ListItem","position":1,"name":"Home","item":"https:\/\/sakt.ee\/"},{"@type":"ListItem","position":2,"name":"\u041c\u0430\u0433\u0430\u0437\u0438\u043d","item":"https:\/\/sakt.ee\/ru\/\u043c\u0430\u0433\u0430\u0437\u0438\u043d\/"},{"@type":"ListItem","position":3,"name":"PCE-28 PK \u0414\u0430\u0442\u0447\u0438\u043a \u0434\u0430\u0432\u043b\u0435\u043d\u0438\u044f; 0&#8230;6\u0431\u0430\u0440; 8-36DC; 4-20\u043c\u0410; G\u00bd\"; \u043a\u0430\u0431\u0435\u043b\u044c 3\u043c"}]},{"@type":"WebSite","@id":"https:\/\/sakt.ee\/en\/#website","url":"https:\/\/sakt.ee\/en\/","name":"Sakala T\u00f6\u00f6stusautomaatika O\u00dc","description":"T\u00f6\u00f6stusautomaatika e-pood","publisher":{"@id":"https:\/\/sakt.ee\/en\/#organization"},"potentialAction":[{"@type":"SearchAction","target":{"@type":"EntryPoint","urlTemplate":"https:\/\/sakt.ee\/en\/?s={search_term_string}"},"query-input":{"@type":"PropertyValueSpecification","valueRequired":true,"valueName":"search_term_string"}}],"inLanguage":"ru-RU"},{"@type":"Organization","@id":"https:\/\/sakt.ee\/en\/#organization","name":"Sakala T\u00f6\u00f6stusautomaatika O\u00dc","url":"https:\/\/sakt.ee\/en\/","logo":{"@type":"ImageObject","inLanguage":"ru-RU","@id":"https:\/\/sakt.ee\/en\/#\/schema\/logo\/image\/","url":"https:\/\/sakt.ee\/wp-content\/uploads\/2025\/05\/Sakala-Toostusautomaatika-favicon.png","contentUrl":"https:\/\/sakt.ee\/wp-content\/uploads\/2025\/05\/Sakala-Toostusautomaatika-favicon.png","width":500,"height":500,"caption":"Sakala T\u00f6\u00f6stusautomaatika O\u00dc"},"image":{"@id":"https:\/\/sakt.ee\/en\/#\/schema\/logo\/image\/"}}]},"product_price_amount":"281.00","product_price_currency":"EUR","og_availability":"instock","product_availability":"instock","product_retailer_item_id":"PCE28-PK 0-6-G1\/2","product_condition":"new"},"_links":{"self":[{"href":"https:\/\/sakt.ee\/ru\/wp-json\/wp\/v2\/product\/39312","targetHints":{"allow":["GET"]}}],"collection":[{"href":"https:\/\/sakt.ee\/ru\/wp-json\/wp\/v2\/product"}],"about":[{"href":"https:\/\/sakt.ee\/ru\/wp-json\/wp\/v2\/types\/product"}],"version-history":[{"count":1,"href":"https:\/\/sakt.ee\/ru\/wp-json\/wp\/v2\/product\/39312\/revisions"}],"predecessor-version":[{"id":72448,"href":"https:\/\/sakt.ee\/ru\/wp-json\/wp\/v2\/product\/39312\/revisions\/72448"}],"wp:featuredmedia":[{"embeddable":true,"href":"https:\/\/sakt.ee\/ru\/wp-json\/wp\/v2\/media\/27772"}],"wp:attachment":[{"href":"https:\/\/sakt.ee\/ru\/wp-json\/wp\/v2\/media?parent=39312"}],"wp:term":[{"taxonomy":"product_brand","embeddable":true,"href":"https:\/\/sakt.ee\/ru\/wp-json\/wp\/v2\/product_brand?post=39312"},{"taxonomy":"product_cat","embeddable":true,"href":"https:\/\/sakt.ee\/ru\/wp-json\/wp\/v2\/product_cat?post=39312"},{"taxonomy":"product_tag","embeddable":true,"href":"https:\/\/sakt.ee\/ru\/wp-json\/wp\/v2\/product_tag?post=39312"},{"taxonomy":"manufacturers","embeddable":true,"href":"https:\/\/sakt.ee\/ru\/wp-json\/wp\/v2\/manufacturers?post=39312"}],"curies":[{"name":"wp","href":"https:\/\/api.w.org\/{rel}","templated":true}]}}