{"id":38572,"date":"2025-05-16T11:34:59","date_gmt":"2025-05-16T11:34:59","guid":{"rendered":"https:\/\/sakt.ee\/product\/s300-pa-1-c01-rx-%d1%84%d0%be%d1%82%d0%be%d0%b4%d0%b0%d1%82%d1%87%d0%b8%d0%ba-24-240ac24-60-dc-%d0%bf%d0%bb%d0%b0%d1%81%d1%82%d0%b8%d0%ba%d0%be%d0%b2%d1%8b%d0%b9-%d0%ba%d0%be%d1%80%d0%bf%d1%83%d1"},"modified":"2025-08-18T11:07:02","modified_gmt":"2025-08-18T08:07:02","slug":"s300-pa-1-c01-rx-%d1%84%d0%be%d1%82%d0%be%d0%b4%d0%b0%d1%82%d1%87%d0%b8%d0%ba-24-240ac24-60-dc-%d0%bf%d0%bb%d0%b0%d1%81%d1%82%d0%b8%d0%ba%d0%be%d0%b2%d1%8b%d0%b9-%d0%ba%d0%be%d1%80%d0%bf%d1%83%d1%81","status":"publish","type":"product","link":"https:\/\/sakt.ee\/ru\/\u043c\u0430\u0433\u0430\u0437\u0438\u043d\/%d0%b4%d0%b0%d1%82%d1%87%d0%b8%d0%ba%d0%b8-%d0%bf%d1%80%d0%be%d1%86%d0%b5%d1%81%d1%81%d0%b0\/%d1%84%d0%be%d1%82%d0%be%d0%b4%d0%b0%d1%82%d1%87%d0%b8%d0%ba%d0%b8\/%d0%be%d1%82%d1%80%d0%b0%d0%b6%d0%b0%d1%8e%d1%82%d1%81%d1%8f-%d0%be%d1%82-%d0%be%d0%b1%d1%8a%d0%b5%d0%ba%d1%82%d0%b0\/s300-pa-1-c01-rx-%d1%84%d0%be%d1%82%d0%be%d0%b4%d0%b0%d1%82%d1%87%d0%b8%d0%ba-24-240ac24-60-dc-%d0%bf%d0%bb%d0%b0%d1%81%d1%82%d0%b8%d0%ba%d0%be%d0%b2%d1%8b%d0%b9-%d0%ba%d0%be%d1%80%d0%bf%d1%83%d1%81\/","title":{"rendered":"S300-PA-1-C01-RX \u0444\u043e\u0442\u043e\u0434\u0430\u0442\u0447\u0438\u043a, 24-240AC24-60\/DC, \u043f\u043b\u0430\u0441\u0442\u0438\u043a\u043e\u0432\u044b\u0439 \u043a\u043e\u0440\u043f\u0443\u0441 100&#215;70\u043c\u043c, \u043e\u0442\u0440\u0430\u0436\u0430\u044e\u0449\u0438\u0439, 5&#8230;200\u0441\u043c, \u0440\u0435\u043b\u0435, \u043a\u043b\u0435\u043c\u043c\u043d\u0430\u044f \u043a\u043e\u043b\u043e\u0434\u043a\u0430"},"content":{"rendered":"","protected":false},"excerpt":{"rendered":"","protected":false},"featured_media":16131,"template":"","meta":{"_acf_changed":false},"product_brand":[],"product_cat":[3332],"product_tag":[],"manufacturers":[7811],"class_list":{"0":"post-38572","1":"product","2":"type-product","3":"status-publish","4":"has-post-thumbnail","6":"product_cat-3332","7":"pa_funktsioon-3330","8":"pa_kaitseklass-ip67-ru","9":"pa_kontakt-1--1-","10":"pa_korpus-3193","11":"pa_kuju-3533","12":"pa_mootepiirkond-5-200cm-ru","13":"pa_seeria-s300-ru","14":"pa_toide-24-240---24-60--","15":"pa_tootemperatuur-25-55c-ru","16":"pa_tootja-datalogic","17":"pa_uhendustuup-4243","18":"pa_valjund-4208","19":"manufacturers-datalogic-ru","21":"first","22":"onbackorder","23":"taxable","24":"shipping-taxable","25":"purchasable","26":"product-type-simple"},"acf":[],"yoast_head":"<!-- This site is optimized with the Yoast SEO Premium plugin v25.4 (Yoast SEO v25.4) - https:\/\/yoast.com\/wordpress\/plugins\/seo\/ -->\n<title>S300-PA-1-C01-RX \u0444\u043e\u0442\u043e\u0434\u0430\u0442\u0447\u0438\u043a, 24-240AC24-60\/DC, \u043f\u043b\u0430\u0441\u0442\u0438\u043a\u043e\u0432\u044b\u0439 \u043a\u043e\u0440\u043f\u0443\u0441 100x70\u043c\u043c, \u043e\u0442\u0440\u0430\u0436\u0430\u044e\u0449\u0438\u0439, 5...200\u0441\u043c, \u0440\u0435\u043b\u0435, \u043a\u043b\u0435\u043c\u043c\u043d\u0430\u044f \u043a\u043e\u043b\u043e\u0434\u043a\u0430 - Sakala T\u00f6\u00f6stusautomaatika O\u00dc<\/title>\n<meta name=\"robots\" content=\"index, follow, max-snippet:-1, max-image-preview:large, max-video-preview:-1\" \/>\n<link rel=\"canonical\" href=\"https:\/\/sakt.ee\/\u0422\u043e\u0443\u0434\/s300-pa-1-c01-rx-fotoandur-24-240ac-24-60dc-100x70mm-plastkorpus-objektilt-peegelduv-5-200cm-relee\/\" \/>\n<meta property=\"og:locale\" content=\"ru_RU\" \/>\n<meta property=\"og:type\" content=\"article\" \/>\n<meta property=\"og:title\" content=\"S300-PA-1-C01-RX \u0444\u043e\u0442\u043e\u0434\u0430\u0442\u0447\u0438\u043a, 24-240AC24-60\/DC, \u043f\u043b\u0430\u0441\u0442\u0438\u043a\u043e\u0432\u044b\u0439 \u043a\u043e\u0440\u043f\u0443\u0441 100x70\u043c\u043c, \u043e\u0442\u0440\u0430\u0436\u0430\u044e\u0449\u0438\u0439, 5...200\u0441\u043c, \u0440\u0435\u043b\u0435, \u043a\u043b\u0435\u043c\u043c\u043d\u0430\u044f \u043a\u043e\u043b\u043e\u0434\u043a\u0430\" \/>\n<meta property=\"og:url\" content=\"https:\/\/sakt.ee\/\u0422\u043e\u0443\u0434\/s300-pa-1-c01-rx-fotoandur-24-240ac-24-60dc-100x70mm-plastkorpus-objektilt-peegelduv-5-200cm-relee\/\" \/>\n<meta property=\"og:site_name\" content=\"Sakala T\u00f6\u00f6stusautomaatika O\u00dc\" \/>\n<meta property=\"article:modified_time\" content=\"2025-08-18T08:07:02+00:00\" \/>\n<meta property=\"og:image\" content=\"https:\/\/sakt.ee\/wp-content\/uploads\/2025\/05\/4631.jpg\" \/>\n\t<meta property=\"og:image:width\" content=\"245\" \/>\n\t<meta property=\"og:image:height\" content=\"205\" \/>\n\t<meta property=\"og:image:type\" content=\"image\/jpeg\" \/>\n<meta name=\"twitter:card\" content=\"summary_large_image\" \/>\n<meta name=\"twitter:label1\" content=\"\u0426\u0435\u043d\u0430\" \/>\n\t<meta name=\"twitter:data1\" content=\"96,00&euro; +KM\" \/>\n\t<meta name=\"twitter:label2\" content=\"\u0414\u043e\u0441\u0442\u0443\u043f\u043d\u043e\u0441\u0442\u044c\" \/>\n\t<meta name=\"twitter:data2\" content=\"\u041d\u0430 \u0437\u0430\u043a\u0430\u0437\" \/>\n<script type=\"application\/ld+json\" class=\"yoast-schema-graph\">{\"@context\":\"https:\/\/schema.org\",\"@graph\":[{\"@type\":\"WebPage\",\"@id\":\"https:\/\/sakt.ee\/\u0422\u043e\u0443\u0434\/s300-pa-1-c01-rx-fotoandur-24-240ac-24-60dc-100x70mm-plastkorpus-objektilt-peegelduv-5-200cm-relee\/\",\"url\":\"https:\/\/sakt.ee\/\u0422\u043e\u0443\u0434\/s300-pa-1-c01-rx-fotoandur-24-240ac-24-60dc-100x70mm-plastkorpus-objektilt-peegelduv-5-200cm-relee\/\",\"name\":\"S300-PA-1-C01-RX \u0444\u043e\u0442\u043e\u0434\u0430\u0442\u0447\u0438\u043a, 24-240AC24-60\/DC, \u043f\u043b\u0430\u0441\u0442\u0438\u043a\u043e\u0432\u044b\u0439 \u043a\u043e\u0440\u043f\u0443\u0441 100x70\u043c\u043c, \u043e\u0442\u0440\u0430\u0436\u0430\u044e\u0449\u0438\u0439, 5...200\u0441\u043c, \u0440\u0435\u043b\u0435, \u043a\u043b\u0435\u043c\u043c\u043d\u0430\u044f \u043a\u043e\u043b\u043e\u0434\u043a\u0430 - Sakala T\u00f6\u00f6stusautomaatika O\u00dc\",\"isPartOf\":{\"@id\":\"https:\/\/sakt.ee\/en\/#website\"},\"primaryImageOfPage\":{\"@id\":\"https:\/\/sakt.ee\/\u0422\u043e\u0443\u0434\/s300-pa-1-c01-rx-fotoandur-24-240ac-24-60dc-100x70mm-plastkorpus-objektilt-peegelduv-5-200cm-relee\/#primaryimage\"},\"image\":{\"@id\":\"https:\/\/sakt.ee\/\u0422\u043e\u0443\u0434\/s300-pa-1-c01-rx-fotoandur-24-240ac-24-60dc-100x70mm-plastkorpus-objektilt-peegelduv-5-200cm-relee\/#primaryimage\"},\"thumbnailUrl\":\"https:\/\/sakt.ee\/wp-content\/uploads\/2025\/05\/4631.jpg\",\"datePublished\":\"2025-05-16T11:34:59+00:00\",\"dateModified\":\"2025-08-18T08:07:02+00:00\",\"breadcrumb\":{\"@id\":\"https:\/\/sakt.ee\/\u0422\u043e\u0443\u0434\/s300-pa-1-c01-rx-fotoandur-24-240ac-24-60dc-100x70mm-plastkorpus-objektilt-peegelduv-5-200cm-relee\/#breadcrumb\"},\"inLanguage\":\"ru-RU\",\"potentialAction\":[{\"@type\":\"ReadAction\",\"target\":[\"https:\/\/sakt.ee\/\u0422\u043e\u0443\u0434\/s300-pa-1-c01-rx-fotoandur-24-240ac-24-60dc-100x70mm-plastkorpus-objektilt-peegelduv-5-200cm-relee\/\"]}]},{\"@type\":\"ImageObject\",\"inLanguage\":\"ru-RU\",\"@id\":\"https:\/\/sakt.ee\/\u0422\u043e\u0443\u0434\/s300-pa-1-c01-rx-fotoandur-24-240ac-24-60dc-100x70mm-plastkorpus-objektilt-peegelduv-5-200cm-relee\/#primaryimage\",\"url\":\"https:\/\/sakt.ee\/wp-content\/uploads\/2025\/05\/4631.jpg\",\"contentUrl\":\"https:\/\/sakt.ee\/wp-content\/uploads\/2025\/05\/4631.jpg\",\"width\":245,\"height\":205},{\"@type\":\"BreadcrumbList\",\"@id\":\"https:\/\/sakt.ee\/\u0422\u043e\u0443\u0434\/s300-pa-1-c01-rx-fotoandur-24-240ac-24-60dc-100x70mm-plastkorpus-objektilt-peegelduv-5-200cm-relee\/#breadcrumb\",\"itemListElement\":[{\"@type\":\"ListItem\",\"position\":1,\"name\":\"Home\",\"item\":\"https:\/\/sakt.ee\/\"},{\"@type\":\"ListItem\",\"position\":2,\"name\":\"\u041c\u0430\u0433\u0430\u0437\u0438\u043d\",\"item\":\"https:\/\/sakt.ee\/ru\/\u043c\u0430\u0433\u0430\u0437\u0438\u043d\/\"},{\"@type\":\"ListItem\",\"position\":3,\"name\":\"S300-PA-1-C01-RX \u0444\u043e\u0442\u043e\u0434\u0430\u0442\u0447\u0438\u043a, 24-240AC24-60\/DC, \u043f\u043b\u0430\u0441\u0442\u0438\u043a\u043e\u0432\u044b\u0439 \u043a\u043e\u0440\u043f\u0443\u0441 100&#215;70\u043c\u043c, \u043e\u0442\u0440\u0430\u0436\u0430\u044e\u0449\u0438\u0439, 5&#8230;200\u0441\u043c, \u0440\u0435\u043b\u0435, \u043a\u043b\u0435\u043c\u043c\u043d\u0430\u044f \u043a\u043e\u043b\u043e\u0434\u043a\u0430\"}]},{\"@type\":\"WebSite\",\"@id\":\"https:\/\/sakt.ee\/en\/#website\",\"url\":\"https:\/\/sakt.ee\/en\/\",\"name\":\"Sakala T\u00f6\u00f6stusautomaatika O\u00dc\",\"description\":\"T\u00f6\u00f6stusautomaatika e-pood\",\"publisher\":{\"@id\":\"https:\/\/sakt.ee\/en\/#organization\"},\"potentialAction\":[{\"@type\":\"SearchAction\",\"target\":{\"@type\":\"EntryPoint\",\"urlTemplate\":\"https:\/\/sakt.ee\/en\/?s={search_term_string}\"},\"query-input\":{\"@type\":\"PropertyValueSpecification\",\"valueRequired\":true,\"valueName\":\"search_term_string\"}}],\"inLanguage\":\"ru-RU\"},{\"@type\":\"Organization\",\"@id\":\"https:\/\/sakt.ee\/en\/#organization\",\"name\":\"Sakala T\u00f6\u00f6stusautomaatika O\u00dc\",\"url\":\"https:\/\/sakt.ee\/en\/\",\"logo\":{\"@type\":\"ImageObject\",\"inLanguage\":\"ru-RU\",\"@id\":\"https:\/\/sakt.ee\/en\/#\/schema\/logo\/image\/\",\"url\":\"https:\/\/sakt.ee\/wp-content\/uploads\/2025\/05\/Sakala-Toostusautomaatika-favicon.png\",\"contentUrl\":\"https:\/\/sakt.ee\/wp-content\/uploads\/2025\/05\/Sakala-Toostusautomaatika-favicon.png\",\"width\":500,\"height\":500,\"caption\":\"Sakala T\u00f6\u00f6stusautomaatika O\u00dc\"},\"image\":{\"@id\":\"https:\/\/sakt.ee\/en\/#\/schema\/logo\/image\/\"}}]}<\/script>\n<meta property=\"product:price:amount\" content=\"96.00\" \/>\n<meta property=\"product:price:currency\" content=\"EUR\" \/>\n<meta property=\"og:availability\" content=\"backorder\" \/>\n<meta property=\"product:availability\" content=\"available for order\" \/>\n<meta property=\"product:retailer_item_id\" content=\"951451400\" \/>\n<meta property=\"product:condition\" content=\"new\" \/>\n<!-- \/ Yoast SEO Premium plugin. -->","yoast_head_json":{"title":"S300-PA-1-C01-RX \u0444\u043e\u0442\u043e\u0434\u0430\u0442\u0447\u0438\u043a, 24-240AC24-60\/DC, \u043f\u043b\u0430\u0441\u0442\u0438\u043a\u043e\u0432\u044b\u0439 \u043a\u043e\u0440\u043f\u0443\u0441 100x70\u043c\u043c, \u043e\u0442\u0440\u0430\u0436\u0430\u044e\u0449\u0438\u0439, 5...200\u0441\u043c, \u0440\u0435\u043b\u0435, \u043a\u043b\u0435\u043c\u043c\u043d\u0430\u044f \u043a\u043e\u043b\u043e\u0434\u043a\u0430 - Sakala T\u00f6\u00f6stusautomaatika O\u00dc","robots":{"index":"index","follow":"follow","max-snippet":"max-snippet:-1","max-image-preview":"max-image-preview:large","max-video-preview":"max-video-preview:-1"},"canonical":"https:\/\/sakt.ee\/\u0422\u043e\u0443\u0434\/s300-pa-1-c01-rx-fotoandur-24-240ac-24-60dc-100x70mm-plastkorpus-objektilt-peegelduv-5-200cm-relee\/","og_locale":"ru_RU","og_type":"article","og_title":"S300-PA-1-C01-RX \u0444\u043e\u0442\u043e\u0434\u0430\u0442\u0447\u0438\u043a, 24-240AC24-60\/DC, \u043f\u043b\u0430\u0441\u0442\u0438\u043a\u043e\u0432\u044b\u0439 \u043a\u043e\u0440\u043f\u0443\u0441 100x70\u043c\u043c, \u043e\u0442\u0440\u0430\u0436\u0430\u044e\u0449\u0438\u0439, 5...200\u0441\u043c, \u0440\u0435\u043b\u0435, \u043a\u043b\u0435\u043c\u043c\u043d\u0430\u044f \u043a\u043e\u043b\u043e\u0434\u043a\u0430","og_url":"https:\/\/sakt.ee\/\u0422\u043e\u0443\u0434\/s300-pa-1-c01-rx-fotoandur-24-240ac-24-60dc-100x70mm-plastkorpus-objektilt-peegelduv-5-200cm-relee\/","og_site_name":"Sakala T\u00f6\u00f6stusautomaatika O\u00dc","article_modified_time":"2025-08-18T08:07:02+00:00","og_image":[{"width":245,"height":205,"url":"https:\/\/sakt.ee\/wp-content\/uploads\/2025\/05\/4631.jpg","type":"image\/jpeg"}],"twitter_card":"summary_large_image","twitter_misc":{"\u0426\u0435\u043d\u0430":"96,00&euro; +KM","\u0414\u043e\u0441\u0442\u0443\u043f\u043d\u043e\u0441\u0442\u044c":"\u041d\u0430 \u0437\u0430\u043a\u0430\u0437"},"schema":{"@context":"https:\/\/schema.org","@graph":[{"@type":"WebPage","@id":"https:\/\/sakt.ee\/\u0422\u043e\u0443\u0434\/s300-pa-1-c01-rx-fotoandur-24-240ac-24-60dc-100x70mm-plastkorpus-objektilt-peegelduv-5-200cm-relee\/","url":"https:\/\/sakt.ee\/\u0422\u043e\u0443\u0434\/s300-pa-1-c01-rx-fotoandur-24-240ac-24-60dc-100x70mm-plastkorpus-objektilt-peegelduv-5-200cm-relee\/","name":"S300-PA-1-C01-RX \u0444\u043e\u0442\u043e\u0434\u0430\u0442\u0447\u0438\u043a, 24-240AC24-60\/DC, \u043f\u043b\u0430\u0441\u0442\u0438\u043a\u043e\u0432\u044b\u0439 \u043a\u043e\u0440\u043f\u0443\u0441 100x70\u043c\u043c, \u043e\u0442\u0440\u0430\u0436\u0430\u044e\u0449\u0438\u0439, 5...200\u0441\u043c, \u0440\u0435\u043b\u0435, \u043a\u043b\u0435\u043c\u043c\u043d\u0430\u044f \u043a\u043e\u043b\u043e\u0434\u043a\u0430 - Sakala T\u00f6\u00f6stusautomaatika O\u00dc","isPartOf":{"@id":"https:\/\/sakt.ee\/en\/#website"},"primaryImageOfPage":{"@id":"https:\/\/sakt.ee\/\u0422\u043e\u0443\u0434\/s300-pa-1-c01-rx-fotoandur-24-240ac-24-60dc-100x70mm-plastkorpus-objektilt-peegelduv-5-200cm-relee\/#primaryimage"},"image":{"@id":"https:\/\/sakt.ee\/\u0422\u043e\u0443\u0434\/s300-pa-1-c01-rx-fotoandur-24-240ac-24-60dc-100x70mm-plastkorpus-objektilt-peegelduv-5-200cm-relee\/#primaryimage"},"thumbnailUrl":"https:\/\/sakt.ee\/wp-content\/uploads\/2025\/05\/4631.jpg","datePublished":"2025-05-16T11:34:59+00:00","dateModified":"2025-08-18T08:07:02+00:00","breadcrumb":{"@id":"https:\/\/sakt.ee\/\u0422\u043e\u0443\u0434\/s300-pa-1-c01-rx-fotoandur-24-240ac-24-60dc-100x70mm-plastkorpus-objektilt-peegelduv-5-200cm-relee\/#breadcrumb"},"inLanguage":"ru-RU","potentialAction":[{"@type":"ReadAction","target":["https:\/\/sakt.ee\/\u0422\u043e\u0443\u0434\/s300-pa-1-c01-rx-fotoandur-24-240ac-24-60dc-100x70mm-plastkorpus-objektilt-peegelduv-5-200cm-relee\/"]}]},{"@type":"ImageObject","inLanguage":"ru-RU","@id":"https:\/\/sakt.ee\/\u0422\u043e\u0443\u0434\/s300-pa-1-c01-rx-fotoandur-24-240ac-24-60dc-100x70mm-plastkorpus-objektilt-peegelduv-5-200cm-relee\/#primaryimage","url":"https:\/\/sakt.ee\/wp-content\/uploads\/2025\/05\/4631.jpg","contentUrl":"https:\/\/sakt.ee\/wp-content\/uploads\/2025\/05\/4631.jpg","width":245,"height":205},{"@type":"BreadcrumbList","@id":"https:\/\/sakt.ee\/\u0422\u043e\u0443\u0434\/s300-pa-1-c01-rx-fotoandur-24-240ac-24-60dc-100x70mm-plastkorpus-objektilt-peegelduv-5-200cm-relee\/#breadcrumb","itemListElement":[{"@type":"ListItem","position":1,"name":"Home","item":"https:\/\/sakt.ee\/"},{"@type":"ListItem","position":2,"name":"\u041c\u0430\u0433\u0430\u0437\u0438\u043d","item":"https:\/\/sakt.ee\/ru\/\u043c\u0430\u0433\u0430\u0437\u0438\u043d\/"},{"@type":"ListItem","position":3,"name":"S300-PA-1-C01-RX \u0444\u043e\u0442\u043e\u0434\u0430\u0442\u0447\u0438\u043a, 24-240AC24-60\/DC, \u043f\u043b\u0430\u0441\u0442\u0438\u043a\u043e\u0432\u044b\u0439 \u043a\u043e\u0440\u043f\u0443\u0441 100&#215;70\u043c\u043c, \u043e\u0442\u0440\u0430\u0436\u0430\u044e\u0449\u0438\u0439, 5&#8230;200\u0441\u043c, \u0440\u0435\u043b\u0435, \u043a\u043b\u0435\u043c\u043c\u043d\u0430\u044f \u043a\u043e\u043b\u043e\u0434\u043a\u0430"}]},{"@type":"WebSite","@id":"https:\/\/sakt.ee\/en\/#website","url":"https:\/\/sakt.ee\/en\/","name":"Sakala T\u00f6\u00f6stusautomaatika O\u00dc","description":"T\u00f6\u00f6stusautomaatika e-pood","publisher":{"@id":"https:\/\/sakt.ee\/en\/#organization"},"potentialAction":[{"@type":"SearchAction","target":{"@type":"EntryPoint","urlTemplate":"https:\/\/sakt.ee\/en\/?s={search_term_string}"},"query-input":{"@type":"PropertyValueSpecification","valueRequired":true,"valueName":"search_term_string"}}],"inLanguage":"ru-RU"},{"@type":"Organization","@id":"https:\/\/sakt.ee\/en\/#organization","name":"Sakala T\u00f6\u00f6stusautomaatika O\u00dc","url":"https:\/\/sakt.ee\/en\/","logo":{"@type":"ImageObject","inLanguage":"ru-RU","@id":"https:\/\/sakt.ee\/en\/#\/schema\/logo\/image\/","url":"https:\/\/sakt.ee\/wp-content\/uploads\/2025\/05\/Sakala-Toostusautomaatika-favicon.png","contentUrl":"https:\/\/sakt.ee\/wp-content\/uploads\/2025\/05\/Sakala-Toostusautomaatika-favicon.png","width":500,"height":500,"caption":"Sakala T\u00f6\u00f6stusautomaatika O\u00dc"},"image":{"@id":"https:\/\/sakt.ee\/en\/#\/schema\/logo\/image\/"}}]},"product_price_amount":"96.00","product_price_currency":"EUR","og_availability":"backorder","product_availability":"available for order","product_retailer_item_id":"951451400","product_condition":"new"},"_links":{"self":[{"href":"https:\/\/sakt.ee\/ru\/wp-json\/wp\/v2\/product\/38572","targetHints":{"allow":["GET"]}}],"collection":[{"href":"https:\/\/sakt.ee\/ru\/wp-json\/wp\/v2\/product"}],"about":[{"href":"https:\/\/sakt.ee\/ru\/wp-json\/wp\/v2\/types\/product"}],"version-history":[{"count":0,"href":"https:\/\/sakt.ee\/ru\/wp-json\/wp\/v2\/product\/38572\/revisions"}],"wp:featuredmedia":[{"embeddable":true,"href":"https:\/\/sakt.ee\/ru\/wp-json\/wp\/v2\/media\/16131"}],"wp:attachment":[{"href":"https:\/\/sakt.ee\/ru\/wp-json\/wp\/v2\/media?parent=38572"}],"wp:term":[{"taxonomy":"product_brand","embeddable":true,"href":"https:\/\/sakt.ee\/ru\/wp-json\/wp\/v2\/product_brand?post=38572"},{"taxonomy":"product_cat","embeddable":true,"href":"https:\/\/sakt.ee\/ru\/wp-json\/wp\/v2\/product_cat?post=38572"},{"taxonomy":"product_tag","embeddable":true,"href":"https:\/\/sakt.ee\/ru\/wp-json\/wp\/v2\/product_tag?post=38572"},{"taxonomy":"manufacturers","embeddable":true,"href":"https:\/\/sakt.ee\/ru\/wp-json\/wp\/v2\/manufacturers?post=38572"}],"curies":[{"name":"wp","href":"https:\/\/api.w.org\/{rel}","templated":true}]}}