{"id":38443,"date":"2025-05-17T02:47:57","date_gmt":"2025-05-16T23:47:57","guid":{"rendered":"https:\/\/sakt.ee\/product\/%d1%80%d0%b0%d0%b7%d1%8a%d0%b5%d0%bc-uk-4-3-ybk4-ask3-3-%d0%bf%d0%be%d0%bb%d0%be%d0%b6%d0%b5%d0%bd%d0%b8%d1%8f\/"},"modified":"2026-04-07T17:48:32","modified_gmt":"2026-04-07T14:48:32","slug":"%d1%80%d0%b0%d0%b7%d1%8a%d0%b5%d0%bc-uk-4-3-ybk4-ask3-3-%d0%bf%d0%be%d0%bb%d0%be%d0%b6%d0%b5%d0%bd%d0%b8%d1%8f","status":"publish","type":"product","link":"https:\/\/sakt.ee\/ru\/\u043c\u0430\u0433\u0430\u0437\u0438\u043d\/%d0%ba%d0%bb%d0%b5%d0%bc%d0%bc%d1%8b\/%d0%b0%d0%ba%d1%81%d0%b5%d1%81%d1%81%d1%83%d0%b0%d1%80%d1%8b-%d0%b4%d0%bb%d1%8f-%d0%ba%d0%bb%d0%b5%d0%bc%d0%bc%d1%8b\/%d1%80%d0%b0%d0%b7%d1%8a%d0%b5%d0%bc-uk-4-3-ybk4-ask3-3-%d0%bf%d0%be%d0%bb%d0%be%d0%b6%d0%b5%d0%bd%d0%b8%d1%8f\/","title":{"rendered":"\u0420\u0430\u0437\u044a\u0435\u043c UK 4\/3 YBK4\/ASK3; 3 \u043f\u043e\u043b\u043e\u0436\u0435\u043d\u0438\u044f"},"content":{"rendered":"","protected":false},"excerpt":{"rendered":"<p>\u0422\u0440\u0435\u0445\u043f\u043e\u0437\u0438\u0446\u0438\u043e\u043d\u043d\u044b\u0439 \u043c\u0435\u0434\u043d\u044b\u0439 \u0440\u0430\u0437\u044a\u0435\u043c \u0434\u043b\u044f AVK 4 \u0438 PIK 4N.<\/p>\n","protected":false},"featured_media":27046,"template":"","meta":{"_acf_changed":false},"product_brand":[],"product_cat":[3452],"product_tag":[],"manufacturers":[7806],"class_list":{"0":"post-38443","1":"product","2":"type-product","3":"status-publish","4":"has-post-thumbnail","6":"product_cat-3452","7":"pa_toode-3451","8":"pa_tootja-klemsan","9":"manufacturers-klemsan-ru","11":"first","12":"onbackorder","13":"taxable","14":"shipping-taxable","15":"purchasable","16":"product-type-simple"},"acf":[],"yoast_head":"<!-- This site is optimized with the Yoast SEO Premium plugin v25.4 (Yoast SEO v25.4) - https:\/\/yoast.com\/wordpress\/plugins\/seo\/ -->\n<title>\u0420\u0430\u0437\u044a\u0435\u043c UK 4\/3 YBK4\/ASK3; 3 \u043f\u043e\u043b\u043e\u0436\u0435\u043d\u0438\u044f - Sakala T\u00f6\u00f6stusautomaatika O\u00dc<\/title>\n<meta name=\"robots\" content=\"index, follow, max-snippet:-1, max-image-preview:large, max-video-preview:-1\" \/>\n<link rel=\"canonical\" href=\"https:\/\/sakt.ee\/ru\/\u043c\u0430\u0433\u0430\u0437\u0438\u043d\/riviklemmid\/riviklemmide-lisatarvikud\/\u0440\u0430\u0437\u044a\u0435\u043c-uk-4-3-ybk4-ask3-3-\u043f\u043e\u043b\u043e\u0436\u0435\u043d\u0438\u044f\/\" \/>\n<meta property=\"og:locale\" content=\"ru_RU\" \/>\n<meta property=\"og:type\" content=\"article\" \/>\n<meta property=\"og:title\" content=\"\u0420\u0430\u0437\u044a\u0435\u043c UK 4\/3 YBK4\/ASK3; 3 \u043f\u043e\u043b\u043e\u0436\u0435\u043d\u0438\u044f\" \/>\n<meta property=\"og:description\" content=\"\u0422\u0440\u0435\u0445\u043f\u043e\u0437\u0438\u0446\u0438\u043e\u043d\u043d\u044b\u0439 \u043c\u0435\u0434\u043d\u044b\u0439 \u0440\u0430\u0437\u044a\u0435\u043c \u0434\u043b\u044f AVK 4 \u0438 PIK 4N.\" \/>\n<meta property=\"og:url\" content=\"https:\/\/sakt.ee\/ru\/\u043c\u0430\u0433\u0430\u0437\u0438\u043d\/riviklemmid\/riviklemmide-lisatarvikud\/\u0440\u0430\u0437\u044a\u0435\u043c-uk-4-3-ybk4-ask3-3-\u043f\u043e\u043b\u043e\u0436\u0435\u043d\u0438\u044f\/\" \/>\n<meta property=\"og:site_name\" content=\"Sakala T\u00f6\u00f6stusautomaatika O\u00dc\" \/>\n<meta property=\"article:modified_time\" content=\"2026-04-07T14:48:32+00:00\" \/>\n<meta property=\"og:image\" content=\"https:\/\/sakt.ee\/wp-content\/uploads\/2025\/05\/217.jpg\" \/>\n\t<meta property=\"og:image:width\" content=\"1024\" \/>\n\t<meta property=\"og:image:height\" content=\"768\" \/>\n\t<meta property=\"og:image:type\" content=\"image\/jpeg\" \/>\n<meta name=\"twitter:card\" content=\"summary_large_image\" \/>\n<meta name=\"twitter:label1\" content=\"\u0426\u0435\u043d\u0430\" \/>\n\t<meta name=\"twitter:data1\" content=\"0,80&euro; +KM\" \/>\n\t<meta name=\"twitter:label2\" content=\"\u0414\u043e\u0441\u0442\u0443\u043f\u043d\u043e\u0441\u0442\u044c\" \/>\n\t<meta name=\"twitter:data2\" content=\"\u041d\u0430 \u0437\u0430\u043a\u0430\u0437\" \/>\n<script type=\"application\/ld+json\" class=\"yoast-schema-graph\">{\"@context\":\"https:\/\/schema.org\",\"@graph\":[{\"@type\":\"WebPage\",\"@id\":\"https:\/\/sakt.ee\/ru\/\u043c\u0430\u0433\u0430\u0437\u0438\u043d\/riviklemmid\/riviklemmide-lisatarvikud\/%d1%80%d0%b0%d0%b7%d1%8a%d0%b5%d0%bc-uk-4-3-ybk4-ask3-3-%d0%bf%d0%be%d0%bb%d0%be%d0%b6%d0%b5%d0%bd%d0%b8%d1%8f\/\",\"url\":\"https:\/\/sakt.ee\/ru\/\u043c\u0430\u0433\u0430\u0437\u0438\u043d\/riviklemmid\/riviklemmide-lisatarvikud\/%d1%80%d0%b0%d0%b7%d1%8a%d0%b5%d0%bc-uk-4-3-ybk4-ask3-3-%d0%bf%d0%be%d0%bb%d0%be%d0%b6%d0%b5%d0%bd%d0%b8%d1%8f\/\",\"name\":\"\u0420\u0430\u0437\u044a\u0435\u043c UK 4\/3 YBK4\/ASK3; 3 \u043f\u043e\u043b\u043e\u0436\u0435\u043d\u0438\u044f - Sakala T\u00f6\u00f6stusautomaatika O\u00dc\",\"isPartOf\":{\"@id\":\"https:\/\/sakt.ee\/en\/#website\"},\"primaryImageOfPage\":{\"@id\":\"https:\/\/sakt.ee\/ru\/\u043c\u0430\u0433\u0430\u0437\u0438\u043d\/riviklemmid\/riviklemmide-lisatarvikud\/%d1%80%d0%b0%d0%b7%d1%8a%d0%b5%d0%bc-uk-4-3-ybk4-ask3-3-%d0%bf%d0%be%d0%bb%d0%be%d0%b6%d0%b5%d0%bd%d0%b8%d1%8f\/#primaryimage\"},\"image\":{\"@id\":\"https:\/\/sakt.ee\/ru\/\u043c\u0430\u0433\u0430\u0437\u0438\u043d\/riviklemmid\/riviklemmide-lisatarvikud\/%d1%80%d0%b0%d0%b7%d1%8a%d0%b5%d0%bc-uk-4-3-ybk4-ask3-3-%d0%bf%d0%be%d0%bb%d0%be%d0%b6%d0%b5%d0%bd%d0%b8%d1%8f\/#primaryimage\"},\"thumbnailUrl\":\"https:\/\/sakt.ee\/wp-content\/uploads\/2025\/05\/217.jpg\",\"datePublished\":\"2025-05-16T23:47:57+00:00\",\"dateModified\":\"2026-04-07T14:48:32+00:00\",\"breadcrumb\":{\"@id\":\"https:\/\/sakt.ee\/ru\/\u043c\u0430\u0433\u0430\u0437\u0438\u043d\/riviklemmid\/riviklemmide-lisatarvikud\/%d1%80%d0%b0%d0%b7%d1%8a%d0%b5%d0%bc-uk-4-3-ybk4-ask3-3-%d0%bf%d0%be%d0%bb%d0%be%d0%b6%d0%b5%d0%bd%d0%b8%d1%8f\/#breadcrumb\"},\"inLanguage\":\"ru-RU\",\"potentialAction\":[{\"@type\":\"ReadAction\",\"target\":[\"https:\/\/sakt.ee\/ru\/\u043c\u0430\u0433\u0430\u0437\u0438\u043d\/riviklemmid\/riviklemmide-lisatarvikud\/%d1%80%d0%b0%d0%b7%d1%8a%d0%b5%d0%bc-uk-4-3-ybk4-ask3-3-%d0%bf%d0%be%d0%bb%d0%be%d0%b6%d0%b5%d0%bd%d0%b8%d1%8f\/\"]}]},{\"@type\":\"ImageObject\",\"inLanguage\":\"ru-RU\",\"@id\":\"https:\/\/sakt.ee\/ru\/\u043c\u0430\u0433\u0430\u0437\u0438\u043d\/riviklemmid\/riviklemmide-lisatarvikud\/%d1%80%d0%b0%d0%b7%d1%8a%d0%b5%d0%bc-uk-4-3-ybk4-ask3-3-%d0%bf%d0%be%d0%bb%d0%be%d0%b6%d0%b5%d0%bd%d0%b8%d1%8f\/#primaryimage\",\"url\":\"https:\/\/sakt.ee\/wp-content\/uploads\/2025\/05\/217.jpg\",\"contentUrl\":\"https:\/\/sakt.ee\/wp-content\/uploads\/2025\/05\/217.jpg\",\"width\":1024,\"height\":768},{\"@type\":\"BreadcrumbList\",\"@id\":\"https:\/\/sakt.ee\/ru\/\u043c\u0430\u0433\u0430\u0437\u0438\u043d\/riviklemmid\/riviklemmide-lisatarvikud\/%d1%80%d0%b0%d0%b7%d1%8a%d0%b5%d0%bc-uk-4-3-ybk4-ask3-3-%d0%bf%d0%be%d0%bb%d0%be%d0%b6%d0%b5%d0%bd%d0%b8%d1%8f\/#breadcrumb\",\"itemListElement\":[{\"@type\":\"ListItem\",\"position\":1,\"name\":\"Home\",\"item\":\"https:\/\/sakt.ee\/\"},{\"@type\":\"ListItem\",\"position\":2,\"name\":\"\u041c\u0430\u0433\u0430\u0437\u0438\u043d\",\"item\":\"https:\/\/sakt.ee\/ru\/\u043c\u0430\u0433\u0430\u0437\u0438\u043d\/\"},{\"@type\":\"ListItem\",\"position\":3,\"name\":\"\u0420\u0430\u0437\u044a\u0435\u043c UK 4\/3 YBK4\/ASK3; 3 \u043f\u043e\u043b\u043e\u0436\u0435\u043d\u0438\u044f\"}]},{\"@type\":\"WebSite\",\"@id\":\"https:\/\/sakt.ee\/en\/#website\",\"url\":\"https:\/\/sakt.ee\/en\/\",\"name\":\"Sakala T\u00f6\u00f6stusautomaatika O\u00dc\",\"description\":\"T\u00f6\u00f6stusautomaatika e-pood\",\"publisher\":{\"@id\":\"https:\/\/sakt.ee\/en\/#organization\"},\"potentialAction\":[{\"@type\":\"SearchAction\",\"target\":{\"@type\":\"EntryPoint\",\"urlTemplate\":\"https:\/\/sakt.ee\/en\/?s={search_term_string}\"},\"query-input\":{\"@type\":\"PropertyValueSpecification\",\"valueRequired\":true,\"valueName\":\"search_term_string\"}}],\"inLanguage\":\"ru-RU\"},{\"@type\":\"Organization\",\"@id\":\"https:\/\/sakt.ee\/en\/#organization\",\"name\":\"Sakala T\u00f6\u00f6stusautomaatika O\u00dc\",\"url\":\"https:\/\/sakt.ee\/en\/\",\"logo\":{\"@type\":\"ImageObject\",\"inLanguage\":\"ru-RU\",\"@id\":\"https:\/\/sakt.ee\/en\/#\/schema\/logo\/image\/\",\"url\":\"https:\/\/sakt.ee\/wp-content\/uploads\/2025\/05\/Sakala-Toostusautomaatika-favicon.png\",\"contentUrl\":\"https:\/\/sakt.ee\/wp-content\/uploads\/2025\/05\/Sakala-Toostusautomaatika-favicon.png\",\"width\":500,\"height\":500,\"caption\":\"Sakala T\u00f6\u00f6stusautomaatika O\u00dc\"},\"image\":{\"@id\":\"https:\/\/sakt.ee\/en\/#\/schema\/logo\/image\/\"}}]}<\/script>\n<meta property=\"product:price:amount\" content=\"0.80\" \/>\n<meta property=\"product:price:currency\" content=\"EUR\" \/>\n<meta property=\"og:availability\" content=\"backorder\" \/>\n<meta property=\"product:availability\" content=\"available for order\" \/>\n<meta property=\"product:retailer_item_id\" content=\"480113\" \/>\n<meta property=\"product:condition\" content=\"new\" \/>\n<!-- \/ Yoast SEO Premium plugin. -->","yoast_head_json":{"title":"\u0420\u0430\u0437\u044a\u0435\u043c UK 4\/3 YBK4\/ASK3; 3 \u043f\u043e\u043b\u043e\u0436\u0435\u043d\u0438\u044f - Sakala T\u00f6\u00f6stusautomaatika O\u00dc","robots":{"index":"index","follow":"follow","max-snippet":"max-snippet:-1","max-image-preview":"max-image-preview:large","max-video-preview":"max-video-preview:-1"},"canonical":"https:\/\/sakt.ee\/ru\/\u043c\u0430\u0433\u0430\u0437\u0438\u043d\/riviklemmid\/riviklemmide-lisatarvikud\/\u0440\u0430\u0437\u044a\u0435\u043c-uk-4-3-ybk4-ask3-3-\u043f\u043e\u043b\u043e\u0436\u0435\u043d\u0438\u044f\/","og_locale":"ru_RU","og_type":"article","og_title":"\u0420\u0430\u0437\u044a\u0435\u043c UK 4\/3 YBK4\/ASK3; 3 \u043f\u043e\u043b\u043e\u0436\u0435\u043d\u0438\u044f","og_description":"\u0422\u0440\u0435\u0445\u043f\u043e\u0437\u0438\u0446\u0438\u043e\u043d\u043d\u044b\u0439 \u043c\u0435\u0434\u043d\u044b\u0439 \u0440\u0430\u0437\u044a\u0435\u043c \u0434\u043b\u044f AVK 4 \u0438 PIK 4N.","og_url":"https:\/\/sakt.ee\/ru\/\u043c\u0430\u0433\u0430\u0437\u0438\u043d\/riviklemmid\/riviklemmide-lisatarvikud\/\u0440\u0430\u0437\u044a\u0435\u043c-uk-4-3-ybk4-ask3-3-\u043f\u043e\u043b\u043e\u0436\u0435\u043d\u0438\u044f\/","og_site_name":"Sakala T\u00f6\u00f6stusautomaatika O\u00dc","article_modified_time":"2026-04-07T14:48:32+00:00","og_image":[{"width":1024,"height":768,"url":"https:\/\/sakt.ee\/wp-content\/uploads\/2025\/05\/217.jpg","type":"image\/jpeg"}],"twitter_card":"summary_large_image","twitter_misc":{"\u0426\u0435\u043d\u0430":"0,80&euro; +KM","\u0414\u043e\u0441\u0442\u0443\u043f\u043d\u043e\u0441\u0442\u044c":"\u041d\u0430 \u0437\u0430\u043a\u0430\u0437"},"schema":{"@context":"https:\/\/schema.org","@graph":[{"@type":"WebPage","@id":"https:\/\/sakt.ee\/ru\/\u043c\u0430\u0433\u0430\u0437\u0438\u043d\/riviklemmid\/riviklemmide-lisatarvikud\/%d1%80%d0%b0%d0%b7%d1%8a%d0%b5%d0%bc-uk-4-3-ybk4-ask3-3-%d0%bf%d0%be%d0%bb%d0%be%d0%b6%d0%b5%d0%bd%d0%b8%d1%8f\/","url":"https:\/\/sakt.ee\/ru\/\u043c\u0430\u0433\u0430\u0437\u0438\u043d\/riviklemmid\/riviklemmide-lisatarvikud\/%d1%80%d0%b0%d0%b7%d1%8a%d0%b5%d0%bc-uk-4-3-ybk4-ask3-3-%d0%bf%d0%be%d0%bb%d0%be%d0%b6%d0%b5%d0%bd%d0%b8%d1%8f\/","name":"\u0420\u0430\u0437\u044a\u0435\u043c UK 4\/3 YBK4\/ASK3; 3 \u043f\u043e\u043b\u043e\u0436\u0435\u043d\u0438\u044f - Sakala T\u00f6\u00f6stusautomaatika O\u00dc","isPartOf":{"@id":"https:\/\/sakt.ee\/en\/#website"},"primaryImageOfPage":{"@id":"https:\/\/sakt.ee\/ru\/\u043c\u0430\u0433\u0430\u0437\u0438\u043d\/riviklemmid\/riviklemmide-lisatarvikud\/%d1%80%d0%b0%d0%b7%d1%8a%d0%b5%d0%bc-uk-4-3-ybk4-ask3-3-%d0%bf%d0%be%d0%bb%d0%be%d0%b6%d0%b5%d0%bd%d0%b8%d1%8f\/#primaryimage"},"image":{"@id":"https:\/\/sakt.ee\/ru\/\u043c\u0430\u0433\u0430\u0437\u0438\u043d\/riviklemmid\/riviklemmide-lisatarvikud\/%d1%80%d0%b0%d0%b7%d1%8a%d0%b5%d0%bc-uk-4-3-ybk4-ask3-3-%d0%bf%d0%be%d0%bb%d0%be%d0%b6%d0%b5%d0%bd%d0%b8%d1%8f\/#primaryimage"},"thumbnailUrl":"https:\/\/sakt.ee\/wp-content\/uploads\/2025\/05\/217.jpg","datePublished":"2025-05-16T23:47:57+00:00","dateModified":"2026-04-07T14:48:32+00:00","breadcrumb":{"@id":"https:\/\/sakt.ee\/ru\/\u043c\u0430\u0433\u0430\u0437\u0438\u043d\/riviklemmid\/riviklemmide-lisatarvikud\/%d1%80%d0%b0%d0%b7%d1%8a%d0%b5%d0%bc-uk-4-3-ybk4-ask3-3-%d0%bf%d0%be%d0%bb%d0%be%d0%b6%d0%b5%d0%bd%d0%b8%d1%8f\/#breadcrumb"},"inLanguage":"ru-RU","potentialAction":[{"@type":"ReadAction","target":["https:\/\/sakt.ee\/ru\/\u043c\u0430\u0433\u0430\u0437\u0438\u043d\/riviklemmid\/riviklemmide-lisatarvikud\/%d1%80%d0%b0%d0%b7%d1%8a%d0%b5%d0%bc-uk-4-3-ybk4-ask3-3-%d0%bf%d0%be%d0%bb%d0%be%d0%b6%d0%b5%d0%bd%d0%b8%d1%8f\/"]}]},{"@type":"ImageObject","inLanguage":"ru-RU","@id":"https:\/\/sakt.ee\/ru\/\u043c\u0430\u0433\u0430\u0437\u0438\u043d\/riviklemmid\/riviklemmide-lisatarvikud\/%d1%80%d0%b0%d0%b7%d1%8a%d0%b5%d0%bc-uk-4-3-ybk4-ask3-3-%d0%bf%d0%be%d0%bb%d0%be%d0%b6%d0%b5%d0%bd%d0%b8%d1%8f\/#primaryimage","url":"https:\/\/sakt.ee\/wp-content\/uploads\/2025\/05\/217.jpg","contentUrl":"https:\/\/sakt.ee\/wp-content\/uploads\/2025\/05\/217.jpg","width":1024,"height":768},{"@type":"BreadcrumbList","@id":"https:\/\/sakt.ee\/ru\/\u043c\u0430\u0433\u0430\u0437\u0438\u043d\/riviklemmid\/riviklemmide-lisatarvikud\/%d1%80%d0%b0%d0%b7%d1%8a%d0%b5%d0%bc-uk-4-3-ybk4-ask3-3-%d0%bf%d0%be%d0%bb%d0%be%d0%b6%d0%b5%d0%bd%d0%b8%d1%8f\/#breadcrumb","itemListElement":[{"@type":"ListItem","position":1,"name":"Home","item":"https:\/\/sakt.ee\/"},{"@type":"ListItem","position":2,"name":"\u041c\u0430\u0433\u0430\u0437\u0438\u043d","item":"https:\/\/sakt.ee\/ru\/\u043c\u0430\u0433\u0430\u0437\u0438\u043d\/"},{"@type":"ListItem","position":3,"name":"\u0420\u0430\u0437\u044a\u0435\u043c UK 4\/3 YBK4\/ASK3; 3 \u043f\u043e\u043b\u043e\u0436\u0435\u043d\u0438\u044f"}]},{"@type":"WebSite","@id":"https:\/\/sakt.ee\/en\/#website","url":"https:\/\/sakt.ee\/en\/","name":"Sakala T\u00f6\u00f6stusautomaatika O\u00dc","description":"T\u00f6\u00f6stusautomaatika e-pood","publisher":{"@id":"https:\/\/sakt.ee\/en\/#organization"},"potentialAction":[{"@type":"SearchAction","target":{"@type":"EntryPoint","urlTemplate":"https:\/\/sakt.ee\/en\/?s={search_term_string}"},"query-input":{"@type":"PropertyValueSpecification","valueRequired":true,"valueName":"search_term_string"}}],"inLanguage":"ru-RU"},{"@type":"Organization","@id":"https:\/\/sakt.ee\/en\/#organization","name":"Sakala T\u00f6\u00f6stusautomaatika O\u00dc","url":"https:\/\/sakt.ee\/en\/","logo":{"@type":"ImageObject","inLanguage":"ru-RU","@id":"https:\/\/sakt.ee\/en\/#\/schema\/logo\/image\/","url":"https:\/\/sakt.ee\/wp-content\/uploads\/2025\/05\/Sakala-Toostusautomaatika-favicon.png","contentUrl":"https:\/\/sakt.ee\/wp-content\/uploads\/2025\/05\/Sakala-Toostusautomaatika-favicon.png","width":500,"height":500,"caption":"Sakala T\u00f6\u00f6stusautomaatika O\u00dc"},"image":{"@id":"https:\/\/sakt.ee\/en\/#\/schema\/logo\/image\/"}}]},"product_price_amount":"0.80","product_price_currency":"EUR","og_availability":"backorder","product_availability":"available for order","product_retailer_item_id":"480113","product_condition":"new"},"_links":{"self":[{"href":"https:\/\/sakt.ee\/ru\/wp-json\/wp\/v2\/product\/38443","targetHints":{"allow":["GET"]}}],"collection":[{"href":"https:\/\/sakt.ee\/ru\/wp-json\/wp\/v2\/product"}],"about":[{"href":"https:\/\/sakt.ee\/ru\/wp-json\/wp\/v2\/types\/product"}],"version-history":[{"count":1,"href":"https:\/\/sakt.ee\/ru\/wp-json\/wp\/v2\/product\/38443\/revisions"}],"predecessor-version":[{"id":72517,"href":"https:\/\/sakt.ee\/ru\/wp-json\/wp\/v2\/product\/38443\/revisions\/72517"}],"wp:featuredmedia":[{"embeddable":true,"href":"https:\/\/sakt.ee\/ru\/wp-json\/wp\/v2\/media\/27046"}],"wp:attachment":[{"href":"https:\/\/sakt.ee\/ru\/wp-json\/wp\/v2\/media?parent=38443"}],"wp:term":[{"taxonomy":"product_brand","embeddable":true,"href":"https:\/\/sakt.ee\/ru\/wp-json\/wp\/v2\/product_brand?post=38443"},{"taxonomy":"product_cat","embeddable":true,"href":"https:\/\/sakt.ee\/ru\/wp-json\/wp\/v2\/product_cat?post=38443"},{"taxonomy":"product_tag","embeddable":true,"href":"https:\/\/sakt.ee\/ru\/wp-json\/wp\/v2\/product_tag?post=38443"},{"taxonomy":"manufacturers","embeddable":true,"href":"https:\/\/sakt.ee\/ru\/wp-json\/wp\/v2\/manufacturers?post=38443"}],"curies":[{"name":"wp","href":"https:\/\/api.w.org\/{rel}","templated":true}]}}