{"id":38441,"date":"2025-05-17T02:48:06","date_gmt":"2025-05-16T23:48:06","guid":{"rendered":"https:\/\/sakt.ee\/product\/uk-4-4-%d1%80%d0%b0%d0%b7%d1%8a%d0%b5%d0%bc-ybk4-ask3-4-%d0%bf%d0%be%d0%bb%d0%be%d0%b6%d0%b5%d0%bd%d0%b8%d1%8f\/"},"modified":"2026-04-07T17:48:29","modified_gmt":"2026-04-07T14:48:29","slug":"uk-4-4-%d1%80%d0%b0%d0%b7%d1%8a%d0%b5%d0%bc-ybk4-ask3-4-%d0%bf%d0%be%d0%bb%d0%be%d0%b6%d0%b5%d0%bd%d0%b8%d1%8f","status":"publish","type":"product","link":"https:\/\/sakt.ee\/ru\/\u043c\u0430\u0433\u0430\u0437\u0438\u043d\/%d0%ba%d0%bb%d0%b5%d0%bc%d0%bc%d1%8b\/%d0%b0%d0%ba%d1%81%d0%b5%d1%81%d1%81%d1%83%d0%b0%d1%80%d1%8b-%d0%b4%d0%bb%d1%8f-%d0%ba%d0%bb%d0%b5%d0%bc%d0%bc%d1%8b\/uk-4-4-%d1%80%d0%b0%d0%b7%d1%8a%d0%b5%d0%bc-ybk4-ask3-4-%d0%bf%d0%be%d0%bb%d0%be%d0%b6%d0%b5%d0%bd%d0%b8%d1%8f\/","title":{"rendered":"UK 4\/4; \u0440\u0430\u0437\u044a\u0435\u043c YBK4\/ASK3; 4 \u043f\u043e\u043b\u043e\u0436\u0435\u043d\u0438\u044f"},"content":{"rendered":"","protected":false},"excerpt":{"rendered":"<p>\u0427\u0435\u0442\u044b\u0440\u0435\u0445\u043f\u043e\u0437\u0438\u0446\u0438\u043e\u043d\u043d\u044b\u0439 \u043f\u043e\u0441\u043b\u0435\u0434\u043e\u0432\u0430\u0442\u0435\u043b\u044c\u043d\u044b\u0439 \u0440\u0430\u0437\u044a\u0435\u043c \u0434\u043b\u044f YBK 4 \u0438 ASK 3.<br \/>\n\u0420\u0430\u0437\u043c\u0435\u0440 \u0440\u0430\u0437\u044a\u0435\u043c\u0430 22,5 x 2,9 x 21,4 \u043c\u043c (\u0428*\u0414*\u0412).<\/p>\n","protected":false},"featured_media":27048,"template":"","meta":{"_acf_changed":false},"product_brand":[],"product_cat":[3452],"product_tag":[],"manufacturers":[7806],"class_list":{"0":"post-38441","1":"product","2":"type-product","3":"status-publish","4":"has-post-thumbnail","6":"product_cat-3452","7":"pa_toode-3451","8":"pa_tootja-klemsan","9":"pa_varv-4200","10":"manufacturers-klemsan-ru","12":"first","13":"onbackorder","14":"taxable","15":"shipping-taxable","16":"purchasable","17":"product-type-simple"},"acf":[],"yoast_head":"<!-- This site is optimized with the Yoast SEO Premium plugin v25.4 (Yoast SEO v25.4) - https:\/\/yoast.com\/wordpress\/plugins\/seo\/ -->\n<title>UK 4\/4; \u0440\u0430\u0437\u044a\u0435\u043c YBK4\/ASK3; 4 \u043f\u043e\u043b\u043e\u0436\u0435\u043d\u0438\u044f - Sakala T\u00f6\u00f6stusautomaatika O\u00dc<\/title>\n<meta name=\"robots\" content=\"index, follow, max-snippet:-1, max-image-preview:large, max-video-preview:-1\" \/>\n<link rel=\"canonical\" href=\"https:\/\/sakt.ee\/ru\/\u043c\u0430\u0433\u0430\u0437\u0438\u043d\/riviklemmid\/riviklemmide-lisatarvikud\/uk-4-4-\u0440\u0430\u0437\u044a\u0435\u043c-ybk4-ask3-4-\u043f\u043e\u043b\u043e\u0436\u0435\u043d\u0438\u044f\/\" \/>\n<meta property=\"og:locale\" content=\"ru_RU\" \/>\n<meta property=\"og:type\" content=\"article\" \/>\n<meta property=\"og:title\" content=\"UK 4\/4; \u0440\u0430\u0437\u044a\u0435\u043c YBK4\/ASK3; 4 \u043f\u043e\u043b\u043e\u0436\u0435\u043d\u0438\u044f\" \/>\n<meta property=\"og:description\" content=\"\u0427\u0435\u0442\u044b\u0440\u0435\u0445\u043f\u043e\u0437\u0438\u0446\u0438\u043e\u043d\u043d\u044b\u0439 \u043f\u043e\u0441\u043b\u0435\u0434\u043e\u0432\u0430\u0442\u0435\u043b\u044c\u043d\u044b\u0439 \u0440\u0430\u0437\u044a\u0435\u043c \u0434\u043b\u044f YBK 4 \u0438 ASK 3. \u0420\u0430\u0437\u043c\u0435\u0440 \u0440\u0430\u0437\u044a\u0435\u043c\u0430 22,5 x 2,9 x 21,4 \u043c\u043c (\u0428*\u0414*\u0412).\" \/>\n<meta property=\"og:url\" content=\"https:\/\/sakt.ee\/ru\/\u043c\u0430\u0433\u0430\u0437\u0438\u043d\/riviklemmid\/riviklemmide-lisatarvikud\/uk-4-4-\u0440\u0430\u0437\u044a\u0435\u043c-ybk4-ask3-4-\u043f\u043e\u043b\u043e\u0436\u0435\u043d\u0438\u044f\/\" \/>\n<meta property=\"og:site_name\" content=\"Sakala T\u00f6\u00f6stusautomaatika O\u00dc\" \/>\n<meta property=\"article:modified_time\" content=\"2026-04-07T14:48:29+00:00\" \/>\n<meta property=\"og:image\" content=\"https:\/\/sakt.ee\/wp-content\/uploads\/2025\/05\/218.jpg\" \/>\n\t<meta property=\"og:image:width\" content=\"259\" \/>\n\t<meta property=\"og:image:height\" content=\"194\" \/>\n\t<meta property=\"og:image:type\" content=\"image\/jpeg\" \/>\n<meta name=\"twitter:card\" content=\"summary_large_image\" \/>\n<meta name=\"twitter:label1\" content=\"\u0426\u0435\u043d\u0430\" \/>\n\t<meta name=\"twitter:data1\" content=\"1,05&euro; +KM\" \/>\n\t<meta name=\"twitter:label2\" content=\"\u0414\u043e\u0441\u0442\u0443\u043f\u043d\u043e\u0441\u0442\u044c\" \/>\n\t<meta name=\"twitter:data2\" content=\"\u041d\u0430 \u0437\u0430\u043a\u0430\u0437\" \/>\n<script type=\"application\/ld+json\" class=\"yoast-schema-graph\">{\"@context\":\"https:\/\/schema.org\",\"@graph\":[{\"@type\":\"WebPage\",\"@id\":\"https:\/\/sakt.ee\/ru\/\u043c\u0430\u0433\u0430\u0437\u0438\u043d\/riviklemmid\/riviklemmide-lisatarvikud\/uk-4-4-%d1%80%d0%b0%d0%b7%d1%8a%d0%b5%d0%bc-ybk4-ask3-4-%d0%bf%d0%be%d0%bb%d0%be%d0%b6%d0%b5%d0%bd%d0%b8%d1%8f\/\",\"url\":\"https:\/\/sakt.ee\/ru\/\u043c\u0430\u0433\u0430\u0437\u0438\u043d\/riviklemmid\/riviklemmide-lisatarvikud\/uk-4-4-%d1%80%d0%b0%d0%b7%d1%8a%d0%b5%d0%bc-ybk4-ask3-4-%d0%bf%d0%be%d0%bb%d0%be%d0%b6%d0%b5%d0%bd%d0%b8%d1%8f\/\",\"name\":\"UK 4\/4; \u0440\u0430\u0437\u044a\u0435\u043c YBK4\/ASK3; 4 \u043f\u043e\u043b\u043e\u0436\u0435\u043d\u0438\u044f - Sakala T\u00f6\u00f6stusautomaatika O\u00dc\",\"isPartOf\":{\"@id\":\"https:\/\/sakt.ee\/en\/#website\"},\"primaryImageOfPage\":{\"@id\":\"https:\/\/sakt.ee\/ru\/\u043c\u0430\u0433\u0430\u0437\u0438\u043d\/riviklemmid\/riviklemmide-lisatarvikud\/uk-4-4-%d1%80%d0%b0%d0%b7%d1%8a%d0%b5%d0%bc-ybk4-ask3-4-%d0%bf%d0%be%d0%bb%d0%be%d0%b6%d0%b5%d0%bd%d0%b8%d1%8f\/#primaryimage\"},\"image\":{\"@id\":\"https:\/\/sakt.ee\/ru\/\u043c\u0430\u0433\u0430\u0437\u0438\u043d\/riviklemmid\/riviklemmide-lisatarvikud\/uk-4-4-%d1%80%d0%b0%d0%b7%d1%8a%d0%b5%d0%bc-ybk4-ask3-4-%d0%bf%d0%be%d0%bb%d0%be%d0%b6%d0%b5%d0%bd%d0%b8%d1%8f\/#primaryimage\"},\"thumbnailUrl\":\"https:\/\/sakt.ee\/wp-content\/uploads\/2025\/05\/218.jpg\",\"datePublished\":\"2025-05-16T23:48:06+00:00\",\"dateModified\":\"2026-04-07T14:48:29+00:00\",\"breadcrumb\":{\"@id\":\"https:\/\/sakt.ee\/ru\/\u043c\u0430\u0433\u0430\u0437\u0438\u043d\/riviklemmid\/riviklemmide-lisatarvikud\/uk-4-4-%d1%80%d0%b0%d0%b7%d1%8a%d0%b5%d0%bc-ybk4-ask3-4-%d0%bf%d0%be%d0%bb%d0%be%d0%b6%d0%b5%d0%bd%d0%b8%d1%8f\/#breadcrumb\"},\"inLanguage\":\"ru-RU\",\"potentialAction\":[{\"@type\":\"ReadAction\",\"target\":[\"https:\/\/sakt.ee\/ru\/\u043c\u0430\u0433\u0430\u0437\u0438\u043d\/riviklemmid\/riviklemmide-lisatarvikud\/uk-4-4-%d1%80%d0%b0%d0%b7%d1%8a%d0%b5%d0%bc-ybk4-ask3-4-%d0%bf%d0%be%d0%bb%d0%be%d0%b6%d0%b5%d0%bd%d0%b8%d1%8f\/\"]}]},{\"@type\":\"ImageObject\",\"inLanguage\":\"ru-RU\",\"@id\":\"https:\/\/sakt.ee\/ru\/\u043c\u0430\u0433\u0430\u0437\u0438\u043d\/riviklemmid\/riviklemmide-lisatarvikud\/uk-4-4-%d1%80%d0%b0%d0%b7%d1%8a%d0%b5%d0%bc-ybk4-ask3-4-%d0%bf%d0%be%d0%bb%d0%be%d0%b6%d0%b5%d0%bd%d0%b8%d1%8f\/#primaryimage\",\"url\":\"https:\/\/sakt.ee\/wp-content\/uploads\/2025\/05\/218.jpg\",\"contentUrl\":\"https:\/\/sakt.ee\/wp-content\/uploads\/2025\/05\/218.jpg\",\"width\":259,\"height\":194},{\"@type\":\"BreadcrumbList\",\"@id\":\"https:\/\/sakt.ee\/ru\/\u043c\u0430\u0433\u0430\u0437\u0438\u043d\/riviklemmid\/riviklemmide-lisatarvikud\/uk-4-4-%d1%80%d0%b0%d0%b7%d1%8a%d0%b5%d0%bc-ybk4-ask3-4-%d0%bf%d0%be%d0%bb%d0%be%d0%b6%d0%b5%d0%bd%d0%b8%d1%8f\/#breadcrumb\",\"itemListElement\":[{\"@type\":\"ListItem\",\"position\":1,\"name\":\"Home\",\"item\":\"https:\/\/sakt.ee\/\"},{\"@type\":\"ListItem\",\"position\":2,\"name\":\"\u041c\u0430\u0433\u0430\u0437\u0438\u043d\",\"item\":\"https:\/\/sakt.ee\/ru\/\u043c\u0430\u0433\u0430\u0437\u0438\u043d\/\"},{\"@type\":\"ListItem\",\"position\":3,\"name\":\"UK 4\/4; \u0440\u0430\u0437\u044a\u0435\u043c YBK4\/ASK3; 4 \u043f\u043e\u043b\u043e\u0436\u0435\u043d\u0438\u044f\"}]},{\"@type\":\"WebSite\",\"@id\":\"https:\/\/sakt.ee\/en\/#website\",\"url\":\"https:\/\/sakt.ee\/en\/\",\"name\":\"Sakala T\u00f6\u00f6stusautomaatika O\u00dc\",\"description\":\"T\u00f6\u00f6stusautomaatika e-pood\",\"publisher\":{\"@id\":\"https:\/\/sakt.ee\/en\/#organization\"},\"potentialAction\":[{\"@type\":\"SearchAction\",\"target\":{\"@type\":\"EntryPoint\",\"urlTemplate\":\"https:\/\/sakt.ee\/en\/?s={search_term_string}\"},\"query-input\":{\"@type\":\"PropertyValueSpecification\",\"valueRequired\":true,\"valueName\":\"search_term_string\"}}],\"inLanguage\":\"ru-RU\"},{\"@type\":\"Organization\",\"@id\":\"https:\/\/sakt.ee\/en\/#organization\",\"name\":\"Sakala T\u00f6\u00f6stusautomaatika O\u00dc\",\"url\":\"https:\/\/sakt.ee\/en\/\",\"logo\":{\"@type\":\"ImageObject\",\"inLanguage\":\"ru-RU\",\"@id\":\"https:\/\/sakt.ee\/en\/#\/schema\/logo\/image\/\",\"url\":\"https:\/\/sakt.ee\/wp-content\/uploads\/2025\/05\/Sakala-Toostusautomaatika-favicon.png\",\"contentUrl\":\"https:\/\/sakt.ee\/wp-content\/uploads\/2025\/05\/Sakala-Toostusautomaatika-favicon.png\",\"width\":500,\"height\":500,\"caption\":\"Sakala T\u00f6\u00f6stusautomaatika O\u00dc\"},\"image\":{\"@id\":\"https:\/\/sakt.ee\/en\/#\/schema\/logo\/image\/\"}}]}<\/script>\n<meta property=\"product:price:amount\" content=\"1.05\" \/>\n<meta property=\"product:price:currency\" content=\"EUR\" \/>\n<meta property=\"og:availability\" content=\"backorder\" \/>\n<meta property=\"product:availability\" content=\"available for order\" \/>\n<meta property=\"product:retailer_item_id\" content=\"476234\" \/>\n<meta property=\"product:condition\" content=\"new\" \/>\n<!-- \/ Yoast SEO Premium plugin. -->","yoast_head_json":{"title":"UK 4\/4; \u0440\u0430\u0437\u044a\u0435\u043c YBK4\/ASK3; 4 \u043f\u043e\u043b\u043e\u0436\u0435\u043d\u0438\u044f - Sakala T\u00f6\u00f6stusautomaatika O\u00dc","robots":{"index":"index","follow":"follow","max-snippet":"max-snippet:-1","max-image-preview":"max-image-preview:large","max-video-preview":"max-video-preview:-1"},"canonical":"https:\/\/sakt.ee\/ru\/\u043c\u0430\u0433\u0430\u0437\u0438\u043d\/riviklemmid\/riviklemmide-lisatarvikud\/uk-4-4-\u0440\u0430\u0437\u044a\u0435\u043c-ybk4-ask3-4-\u043f\u043e\u043b\u043e\u0436\u0435\u043d\u0438\u044f\/","og_locale":"ru_RU","og_type":"article","og_title":"UK 4\/4; \u0440\u0430\u0437\u044a\u0435\u043c YBK4\/ASK3; 4 \u043f\u043e\u043b\u043e\u0436\u0435\u043d\u0438\u044f","og_description":"\u0427\u0435\u0442\u044b\u0440\u0435\u0445\u043f\u043e\u0437\u0438\u0446\u0438\u043e\u043d\u043d\u044b\u0439 \u043f\u043e\u0441\u043b\u0435\u0434\u043e\u0432\u0430\u0442\u0435\u043b\u044c\u043d\u044b\u0439 \u0440\u0430\u0437\u044a\u0435\u043c \u0434\u043b\u044f YBK 4 \u0438 ASK 3. \u0420\u0430\u0437\u043c\u0435\u0440 \u0440\u0430\u0437\u044a\u0435\u043c\u0430 22,5 x 2,9 x 21,4 \u043c\u043c (\u0428*\u0414*\u0412).","og_url":"https:\/\/sakt.ee\/ru\/\u043c\u0430\u0433\u0430\u0437\u0438\u043d\/riviklemmid\/riviklemmide-lisatarvikud\/uk-4-4-\u0440\u0430\u0437\u044a\u0435\u043c-ybk4-ask3-4-\u043f\u043e\u043b\u043e\u0436\u0435\u043d\u0438\u044f\/","og_site_name":"Sakala T\u00f6\u00f6stusautomaatika O\u00dc","article_modified_time":"2026-04-07T14:48:29+00:00","og_image":[{"width":259,"height":194,"url":"https:\/\/sakt.ee\/wp-content\/uploads\/2025\/05\/218.jpg","type":"image\/jpeg"}],"twitter_card":"summary_large_image","twitter_misc":{"\u0426\u0435\u043d\u0430":"1,05&euro; +KM","\u0414\u043e\u0441\u0442\u0443\u043f\u043d\u043e\u0441\u0442\u044c":"\u041d\u0430 \u0437\u0430\u043a\u0430\u0437"},"schema":{"@context":"https:\/\/schema.org","@graph":[{"@type":"WebPage","@id":"https:\/\/sakt.ee\/ru\/\u043c\u0430\u0433\u0430\u0437\u0438\u043d\/riviklemmid\/riviklemmide-lisatarvikud\/uk-4-4-%d1%80%d0%b0%d0%b7%d1%8a%d0%b5%d0%bc-ybk4-ask3-4-%d0%bf%d0%be%d0%bb%d0%be%d0%b6%d0%b5%d0%bd%d0%b8%d1%8f\/","url":"https:\/\/sakt.ee\/ru\/\u043c\u0430\u0433\u0430\u0437\u0438\u043d\/riviklemmid\/riviklemmide-lisatarvikud\/uk-4-4-%d1%80%d0%b0%d0%b7%d1%8a%d0%b5%d0%bc-ybk4-ask3-4-%d0%bf%d0%be%d0%bb%d0%be%d0%b6%d0%b5%d0%bd%d0%b8%d1%8f\/","name":"UK 4\/4; \u0440\u0430\u0437\u044a\u0435\u043c YBK4\/ASK3; 4 \u043f\u043e\u043b\u043e\u0436\u0435\u043d\u0438\u044f - Sakala T\u00f6\u00f6stusautomaatika O\u00dc","isPartOf":{"@id":"https:\/\/sakt.ee\/en\/#website"},"primaryImageOfPage":{"@id":"https:\/\/sakt.ee\/ru\/\u043c\u0430\u0433\u0430\u0437\u0438\u043d\/riviklemmid\/riviklemmide-lisatarvikud\/uk-4-4-%d1%80%d0%b0%d0%b7%d1%8a%d0%b5%d0%bc-ybk4-ask3-4-%d0%bf%d0%be%d0%bb%d0%be%d0%b6%d0%b5%d0%bd%d0%b8%d1%8f\/#primaryimage"},"image":{"@id":"https:\/\/sakt.ee\/ru\/\u043c\u0430\u0433\u0430\u0437\u0438\u043d\/riviklemmid\/riviklemmide-lisatarvikud\/uk-4-4-%d1%80%d0%b0%d0%b7%d1%8a%d0%b5%d0%bc-ybk4-ask3-4-%d0%bf%d0%be%d0%bb%d0%be%d0%b6%d0%b5%d0%bd%d0%b8%d1%8f\/#primaryimage"},"thumbnailUrl":"https:\/\/sakt.ee\/wp-content\/uploads\/2025\/05\/218.jpg","datePublished":"2025-05-16T23:48:06+00:00","dateModified":"2026-04-07T14:48:29+00:00","breadcrumb":{"@id":"https:\/\/sakt.ee\/ru\/\u043c\u0430\u0433\u0430\u0437\u0438\u043d\/riviklemmid\/riviklemmide-lisatarvikud\/uk-4-4-%d1%80%d0%b0%d0%b7%d1%8a%d0%b5%d0%bc-ybk4-ask3-4-%d0%bf%d0%be%d0%bb%d0%be%d0%b6%d0%b5%d0%bd%d0%b8%d1%8f\/#breadcrumb"},"inLanguage":"ru-RU","potentialAction":[{"@type":"ReadAction","target":["https:\/\/sakt.ee\/ru\/\u043c\u0430\u0433\u0430\u0437\u0438\u043d\/riviklemmid\/riviklemmide-lisatarvikud\/uk-4-4-%d1%80%d0%b0%d0%b7%d1%8a%d0%b5%d0%bc-ybk4-ask3-4-%d0%bf%d0%be%d0%bb%d0%be%d0%b6%d0%b5%d0%bd%d0%b8%d1%8f\/"]}]},{"@type":"ImageObject","inLanguage":"ru-RU","@id":"https:\/\/sakt.ee\/ru\/\u043c\u0430\u0433\u0430\u0437\u0438\u043d\/riviklemmid\/riviklemmide-lisatarvikud\/uk-4-4-%d1%80%d0%b0%d0%b7%d1%8a%d0%b5%d0%bc-ybk4-ask3-4-%d0%bf%d0%be%d0%bb%d0%be%d0%b6%d0%b5%d0%bd%d0%b8%d1%8f\/#primaryimage","url":"https:\/\/sakt.ee\/wp-content\/uploads\/2025\/05\/218.jpg","contentUrl":"https:\/\/sakt.ee\/wp-content\/uploads\/2025\/05\/218.jpg","width":259,"height":194},{"@type":"BreadcrumbList","@id":"https:\/\/sakt.ee\/ru\/\u043c\u0430\u0433\u0430\u0437\u0438\u043d\/riviklemmid\/riviklemmide-lisatarvikud\/uk-4-4-%d1%80%d0%b0%d0%b7%d1%8a%d0%b5%d0%bc-ybk4-ask3-4-%d0%bf%d0%be%d0%bb%d0%be%d0%b6%d0%b5%d0%bd%d0%b8%d1%8f\/#breadcrumb","itemListElement":[{"@type":"ListItem","position":1,"name":"Home","item":"https:\/\/sakt.ee\/"},{"@type":"ListItem","position":2,"name":"\u041c\u0430\u0433\u0430\u0437\u0438\u043d","item":"https:\/\/sakt.ee\/ru\/\u043c\u0430\u0433\u0430\u0437\u0438\u043d\/"},{"@type":"ListItem","position":3,"name":"UK 4\/4; \u0440\u0430\u0437\u044a\u0435\u043c YBK4\/ASK3; 4 \u043f\u043e\u043b\u043e\u0436\u0435\u043d\u0438\u044f"}]},{"@type":"WebSite","@id":"https:\/\/sakt.ee\/en\/#website","url":"https:\/\/sakt.ee\/en\/","name":"Sakala T\u00f6\u00f6stusautomaatika O\u00dc","description":"T\u00f6\u00f6stusautomaatika e-pood","publisher":{"@id":"https:\/\/sakt.ee\/en\/#organization"},"potentialAction":[{"@type":"SearchAction","target":{"@type":"EntryPoint","urlTemplate":"https:\/\/sakt.ee\/en\/?s={search_term_string}"},"query-input":{"@type":"PropertyValueSpecification","valueRequired":true,"valueName":"search_term_string"}}],"inLanguage":"ru-RU"},{"@type":"Organization","@id":"https:\/\/sakt.ee\/en\/#organization","name":"Sakala T\u00f6\u00f6stusautomaatika O\u00dc","url":"https:\/\/sakt.ee\/en\/","logo":{"@type":"ImageObject","inLanguage":"ru-RU","@id":"https:\/\/sakt.ee\/en\/#\/schema\/logo\/image\/","url":"https:\/\/sakt.ee\/wp-content\/uploads\/2025\/05\/Sakala-Toostusautomaatika-favicon.png","contentUrl":"https:\/\/sakt.ee\/wp-content\/uploads\/2025\/05\/Sakala-Toostusautomaatika-favicon.png","width":500,"height":500,"caption":"Sakala T\u00f6\u00f6stusautomaatika O\u00dc"},"image":{"@id":"https:\/\/sakt.ee\/en\/#\/schema\/logo\/image\/"}}]},"product_price_amount":"1.05","product_price_currency":"EUR","og_availability":"backorder","product_availability":"available for order","product_retailer_item_id":"476234","product_condition":"new"},"_links":{"self":[{"href":"https:\/\/sakt.ee\/ru\/wp-json\/wp\/v2\/product\/38441","targetHints":{"allow":["GET"]}}],"collection":[{"href":"https:\/\/sakt.ee\/ru\/wp-json\/wp\/v2\/product"}],"about":[{"href":"https:\/\/sakt.ee\/ru\/wp-json\/wp\/v2\/types\/product"}],"version-history":[{"count":1,"href":"https:\/\/sakt.ee\/ru\/wp-json\/wp\/v2\/product\/38441\/revisions"}],"predecessor-version":[{"id":72514,"href":"https:\/\/sakt.ee\/ru\/wp-json\/wp\/v2\/product\/38441\/revisions\/72514"}],"wp:featuredmedia":[{"embeddable":true,"href":"https:\/\/sakt.ee\/ru\/wp-json\/wp\/v2\/media\/27048"}],"wp:attachment":[{"href":"https:\/\/sakt.ee\/ru\/wp-json\/wp\/v2\/media?parent=38441"}],"wp:term":[{"taxonomy":"product_brand","embeddable":true,"href":"https:\/\/sakt.ee\/ru\/wp-json\/wp\/v2\/product_brand?post=38441"},{"taxonomy":"product_cat","embeddable":true,"href":"https:\/\/sakt.ee\/ru\/wp-json\/wp\/v2\/product_cat?post=38441"},{"taxonomy":"product_tag","embeddable":true,"href":"https:\/\/sakt.ee\/ru\/wp-json\/wp\/v2\/product_tag?post=38441"},{"taxonomy":"manufacturers","embeddable":true,"href":"https:\/\/sakt.ee\/ru\/wp-json\/wp\/v2\/manufacturers?post=38441"}],"curies":[{"name":"wp","href":"https:\/\/api.w.org\/{rel}","templated":true}]}}