{"id":38437,"date":"2025-05-17T02:48:48","date_gmt":"2025-05-16T23:48:48","guid":{"rendered":"https:\/\/sakt.ee\/product\/v1-s-%d0%b7%d0%b0%d1%89%d0%b8%d1%82%d0%b0-%d0%bf%d0%be-%d0%bd%d0%b0%d0%bf%d1%80%d1%8f%d0%b6%d0%b5%d0%bd%d0%b8%d1%8e-%d0%bd%d0%b0%d0%bf%d1%80%d1%8f%d0%b6%d0%b5%d0%bd%d0%b8%d0%b5-%d0%bf%d0%be%d1%82"},"modified":"2026-04-07T17:48:21","modified_gmt":"2026-04-07T14:48:21","slug":"v1-s-%d0%b7%d0%b0%d1%89%d0%b8%d1%82%d0%b0-%d0%bf%d0%be-%d0%bd%d0%b0%d0%bf%d1%80%d1%8f%d0%b6%d0%b5%d0%bd%d0%b8%d1%8e-%d0%bd%d0%b0%d0%bf%d1%80%d1%8f%d0%b6%d0%b5%d0%bd%d0%b8%d0%b5-%d0%bf%d0%be%d1%82","status":"publish","type":"product","link":"https:\/\/sakt.ee\/ru\/\u043c\u0430\u0433\u0430\u0437\u0438\u043d\/%d1%80%d0%b5%d0%bb%d0%b5\/%d1%80%d0%b5%d0%bb%d0%b5-%d0%ba%d0%be%d0%bd%d1%82%d1%80%d0%be%d0%bb%d1%8f\/v1-s-%d0%b7%d0%b0%d1%89%d0%b8%d1%82%d0%b0-%d0%bf%d0%be-%d0%bd%d0%b0%d0%bf%d1%80%d1%8f%d0%b6%d0%b5%d0%bd%d0%b8%d1%8e-%d0%bd%d0%b0%d0%bf%d1%80%d1%8f%d0%b6%d0%b5%d0%bd%d0%b8%d0%b5-%d0%bf%d0%be%d1%82\/","title":{"rendered":"V1-S \u0437\u0430\u0449\u0438\u0442\u0430 \u043f\u043e \u043d\u0430\u043f\u0440\u044f\u0436\u0435\u043d\u0438\u044e, \u043d\u0430\u043f\u0440\u044f\u0436\u0435\u043d\u0438\u0435\/\u043f\u043e\u0442\u0435\u0440\u044f\/\u043f\u043e\u0441\u043b\u0435\u0434\u043e\u0432\u0430\u0442\u0435\u043b\u044c\u043d\u043e\u0441\u0442\u044c (85-320 \u0412 \u043f\u0435\u0440\u0435\u043c\u0435\u043d\u043d\u043e\u0433\u043e \u0442\u043e\u043a\u0430)"},"content":{"rendered":"","protected":false},"excerpt":{"rendered":"","protected":false},"featured_media":27056,"template":"","meta":{"_acf_changed":false},"product_brand":[],"product_cat":[3445],"product_tag":[],"manufacturers":[7806],"class_list":{"0":"post-38437","1":"product","2":"type-product","3":"status-publish","4":"has-post-thumbnail","6":"product_cat-3445","7":"pa_kaitseklass-ip20-ru","8":"pa_nimivool-5a-ru","9":"pa_paigaldus-din-ru","10":"pa_toide-80-320---","11":"pa_tootemperatuur-20-60c-ru","12":"pa_tootja-klemsan","13":"manufacturers-klemsan-ru","15":"first","16":"instock","17":"taxable","18":"shipping-taxable","19":"purchasable","20":"product-type-simple"},"acf":[],"yoast_head":"<!-- This site is optimized with the Yoast SEO Premium plugin v25.4 (Yoast SEO v25.4) - https:\/\/yoast.com\/wordpress\/plugins\/seo\/ -->\n<title>V1-S \u0437\u0430\u0449\u0438\u0442\u0430 \u043f\u043e \u043d\u0430\u043f\u0440\u044f\u0436\u0435\u043d\u0438\u044e, \u043d\u0430\u043f\u0440\u044f\u0436\u0435\u043d\u0438\u0435\/\u043f\u043e\u0442\u0435\u0440\u044f\/\u043f\u043e\u0441\u043b\u0435\u0434\u043e\u0432\u0430\u0442\u0435\u043b\u044c\u043d\u043e\u0441\u0442\u044c (85-320 \u0412 \u043f\u0435\u0440\u0435\u043c\u0435\u043d\u043d\u043e\u0433\u043e \u0442\u043e\u043a\u0430) - Sakala T\u00f6\u00f6stusautomaatika O\u00dc<\/title>\n<meta name=\"robots\" content=\"index, follow, max-snippet:-1, max-image-preview:large, max-video-preview:-1\" \/>\n<link rel=\"canonical\" href=\"https:\/\/sakt.ee\/ru\/\u043c\u0430\u0433\u0430\u0437\u0438\u043d\/releed\/kontrollreleed\/v1-s-\u0437\u0430\u0449\u0438\u0442\u0430-\u043f\u043e-\u043d\u0430\u043f\u0440\u044f\u0436\u0435\u043d\u0438\u044e-\u043d\u0430\u043f\u0440\u044f\u0436\u0435\u043d\u0438\u0435-\u043f\u043e\u0442\/\" \/>\n<meta property=\"og:locale\" content=\"ru_RU\" \/>\n<meta property=\"og:type\" content=\"article\" \/>\n<meta property=\"og:title\" content=\"V1-S \u0437\u0430\u0449\u0438\u0442\u0430 \u043f\u043e \u043d\u0430\u043f\u0440\u044f\u0436\u0435\u043d\u0438\u044e, \u043d\u0430\u043f\u0440\u044f\u0436\u0435\u043d\u0438\u0435\/\u043f\u043e\u0442\u0435\u0440\u044f\/\u043f\u043e\u0441\u043b\u0435\u0434\u043e\u0432\u0430\u0442\u0435\u043b\u044c\u043d\u043e\u0441\u0442\u044c (85-320 \u0412 \u043f\u0435\u0440\u0435\u043c\u0435\u043d\u043d\u043e\u0433\u043e \u0442\u043e\u043a\u0430)\" \/>\n<meta property=\"og:url\" content=\"https:\/\/sakt.ee\/ru\/\u043c\u0430\u0433\u0430\u0437\u0438\u043d\/releed\/kontrollreleed\/v1-s-\u0437\u0430\u0449\u0438\u0442\u0430-\u043f\u043e-\u043d\u0430\u043f\u0440\u044f\u0436\u0435\u043d\u0438\u044e-\u043d\u0430\u043f\u0440\u044f\u0436\u0435\u043d\u0438\u0435-\u043f\u043e\u0442\/\" \/>\n<meta property=\"og:site_name\" content=\"Sakala T\u00f6\u00f6stusautomaatika O\u00dc\" \/>\n<meta property=\"article:modified_time\" content=\"2026-04-07T14:48:21+00:00\" \/>\n<meta property=\"og:image\" content=\"https:\/\/sakt.ee\/wp-content\/uploads\/2025\/05\/1593.jpg\" \/>\n\t<meta property=\"og:image:width\" content=\"1024\" \/>\n\t<meta property=\"og:image:height\" content=\"768\" \/>\n\t<meta property=\"og:image:type\" content=\"image\/jpeg\" \/>\n<meta name=\"twitter:card\" content=\"summary_large_image\" \/>\n<meta name=\"twitter:label1\" content=\"\u0426\u0435\u043d\u0430\" \/>\n\t<meta name=\"twitter:data1\" content=\"29,65&euro; +KM\" \/>\n\t<meta name=\"twitter:label2\" content=\"\u0414\u043e\u0441\u0442\u0443\u043f\u043d\u043e\u0441\u0442\u044c\" \/>\n\t<meta name=\"twitter:data2\" content=\"\u0412 \u043d\u0430\u043b\u0438\u0447\u0438\u0438\" \/>\n<script type=\"application\/ld+json\" class=\"yoast-schema-graph\">{\"@context\":\"https:\/\/schema.org\",\"@graph\":[{\"@type\":\"WebPage\",\"@id\":\"https:\/\/sakt.ee\/ru\/\u043c\u0430\u0433\u0430\u0437\u0438\u043d\/releed\/kontrollreleed\/v1-s-%d0%b7%d0%b0%d1%89%d0%b8%d1%82%d0%b0-%d0%bf%d0%be-%d0%bd%d0%b0%d0%bf%d1%80%d1%8f%d0%b6%d0%b5%d0%bd%d0%b8%d1%8e-%d0%bd%d0%b0%d0%bf%d1%80%d1%8f%d0%b6%d0%b5%d0%bd%d0%b8%d0%b5-%d0%bf%d0%be%d1%82\/\",\"url\":\"https:\/\/sakt.ee\/ru\/\u043c\u0430\u0433\u0430\u0437\u0438\u043d\/releed\/kontrollreleed\/v1-s-%d0%b7%d0%b0%d1%89%d0%b8%d1%82%d0%b0-%d0%bf%d0%be-%d0%bd%d0%b0%d0%bf%d1%80%d1%8f%d0%b6%d0%b5%d0%bd%d0%b8%d1%8e-%d0%bd%d0%b0%d0%bf%d1%80%d1%8f%d0%b6%d0%b5%d0%bd%d0%b8%d0%b5-%d0%bf%d0%be%d1%82\/\",\"name\":\"V1-S \u0437\u0430\u0449\u0438\u0442\u0430 \u043f\u043e \u043d\u0430\u043f\u0440\u044f\u0436\u0435\u043d\u0438\u044e, \u043d\u0430\u043f\u0440\u044f\u0436\u0435\u043d\u0438\u0435\/\u043f\u043e\u0442\u0435\u0440\u044f\/\u043f\u043e\u0441\u043b\u0435\u0434\u043e\u0432\u0430\u0442\u0435\u043b\u044c\u043d\u043e\u0441\u0442\u044c (85-320 \u0412 \u043f\u0435\u0440\u0435\u043c\u0435\u043d\u043d\u043e\u0433\u043e \u0442\u043e\u043a\u0430) - Sakala T\u00f6\u00f6stusautomaatika O\u00dc\",\"isPartOf\":{\"@id\":\"https:\/\/sakt.ee\/en\/#website\"},\"primaryImageOfPage\":{\"@id\":\"https:\/\/sakt.ee\/ru\/\u043c\u0430\u0433\u0430\u0437\u0438\u043d\/releed\/kontrollreleed\/v1-s-%d0%b7%d0%b0%d1%89%d0%b8%d1%82%d0%b0-%d0%bf%d0%be-%d0%bd%d0%b0%d0%bf%d1%80%d1%8f%d0%b6%d0%b5%d0%bd%d0%b8%d1%8e-%d0%bd%d0%b0%d0%bf%d1%80%d1%8f%d0%b6%d0%b5%d0%bd%d0%b8%d0%b5-%d0%bf%d0%be%d1%82\/#primaryimage\"},\"image\":{\"@id\":\"https:\/\/sakt.ee\/ru\/\u043c\u0430\u0433\u0430\u0437\u0438\u043d\/releed\/kontrollreleed\/v1-s-%d0%b7%d0%b0%d1%89%d0%b8%d1%82%d0%b0-%d0%bf%d0%be-%d0%bd%d0%b0%d0%bf%d1%80%d1%8f%d0%b6%d0%b5%d0%bd%d0%b8%d1%8e-%d0%bd%d0%b0%d0%bf%d1%80%d1%8f%d0%b6%d0%b5%d0%bd%d0%b8%d0%b5-%d0%bf%d0%be%d1%82\/#primaryimage\"},\"thumbnailUrl\":\"https:\/\/sakt.ee\/wp-content\/uploads\/2025\/05\/1593.jpg\",\"datePublished\":\"2025-05-16T23:48:48+00:00\",\"dateModified\":\"2026-04-07T14:48:21+00:00\",\"breadcrumb\":{\"@id\":\"https:\/\/sakt.ee\/ru\/\u043c\u0430\u0433\u0430\u0437\u0438\u043d\/releed\/kontrollreleed\/v1-s-%d0%b7%d0%b0%d1%89%d0%b8%d1%82%d0%b0-%d0%bf%d0%be-%d0%bd%d0%b0%d0%bf%d1%80%d1%8f%d0%b6%d0%b5%d0%bd%d0%b8%d1%8e-%d0%bd%d0%b0%d0%bf%d1%80%d1%8f%d0%b6%d0%b5%d0%bd%d0%b8%d0%b5-%d0%bf%d0%be%d1%82\/#breadcrumb\"},\"inLanguage\":\"ru-RU\",\"potentialAction\":[{\"@type\":\"ReadAction\",\"target\":[\"https:\/\/sakt.ee\/ru\/\u043c\u0430\u0433\u0430\u0437\u0438\u043d\/releed\/kontrollreleed\/v1-s-%d0%b7%d0%b0%d1%89%d0%b8%d1%82%d0%b0-%d0%bf%d0%be-%d0%bd%d0%b0%d0%bf%d1%80%d1%8f%d0%b6%d0%b5%d0%bd%d0%b8%d1%8e-%d0%bd%d0%b0%d0%bf%d1%80%d1%8f%d0%b6%d0%b5%d0%bd%d0%b8%d0%b5-%d0%bf%d0%be%d1%82\/\"]}]},{\"@type\":\"ImageObject\",\"inLanguage\":\"ru-RU\",\"@id\":\"https:\/\/sakt.ee\/ru\/\u043c\u0430\u0433\u0430\u0437\u0438\u043d\/releed\/kontrollreleed\/v1-s-%d0%b7%d0%b0%d1%89%d0%b8%d1%82%d0%b0-%d0%bf%d0%be-%d0%bd%d0%b0%d0%bf%d1%80%d1%8f%d0%b6%d0%b5%d0%bd%d0%b8%d1%8e-%d0%bd%d0%b0%d0%bf%d1%80%d1%8f%d0%b6%d0%b5%d0%bd%d0%b8%d0%b5-%d0%bf%d0%be%d1%82\/#primaryimage\",\"url\":\"https:\/\/sakt.ee\/wp-content\/uploads\/2025\/05\/1593.jpg\",\"contentUrl\":\"https:\/\/sakt.ee\/wp-content\/uploads\/2025\/05\/1593.jpg\",\"width\":1024,\"height\":768},{\"@type\":\"BreadcrumbList\",\"@id\":\"https:\/\/sakt.ee\/ru\/\u043c\u0430\u0433\u0430\u0437\u0438\u043d\/releed\/kontrollreleed\/v1-s-%d0%b7%d0%b0%d1%89%d0%b8%d1%82%d0%b0-%d0%bf%d0%be-%d0%bd%d0%b0%d0%bf%d1%80%d1%8f%d0%b6%d0%b5%d0%bd%d0%b8%d1%8e-%d0%bd%d0%b0%d0%bf%d1%80%d1%8f%d0%b6%d0%b5%d0%bd%d0%b8%d0%b5-%d0%bf%d0%be%d1%82\/#breadcrumb\",\"itemListElement\":[{\"@type\":\"ListItem\",\"position\":1,\"name\":\"Home\",\"item\":\"https:\/\/sakt.ee\/\"},{\"@type\":\"ListItem\",\"position\":2,\"name\":\"\u041c\u0430\u0433\u0430\u0437\u0438\u043d\",\"item\":\"https:\/\/sakt.ee\/ru\/\u043c\u0430\u0433\u0430\u0437\u0438\u043d\/\"},{\"@type\":\"ListItem\",\"position\":3,\"name\":\"V1-S \u0437\u0430\u0449\u0438\u0442\u0430 \u043f\u043e \u043d\u0430\u043f\u0440\u044f\u0436\u0435\u043d\u0438\u044e, \u043d\u0430\u043f\u0440\u044f\u0436\u0435\u043d\u0438\u0435\/\u043f\u043e\u0442\u0435\u0440\u044f\/\u043f\u043e\u0441\u043b\u0435\u0434\u043e\u0432\u0430\u0442\u0435\u043b\u044c\u043d\u043e\u0441\u0442\u044c (85-320 \u0412 \u043f\u0435\u0440\u0435\u043c\u0435\u043d\u043d\u043e\u0433\u043e \u0442\u043e\u043a\u0430)\"}]},{\"@type\":\"WebSite\",\"@id\":\"https:\/\/sakt.ee\/en\/#website\",\"url\":\"https:\/\/sakt.ee\/en\/\",\"name\":\"Sakala T\u00f6\u00f6stusautomaatika O\u00dc\",\"description\":\"T\u00f6\u00f6stusautomaatika e-pood\",\"publisher\":{\"@id\":\"https:\/\/sakt.ee\/en\/#organization\"},\"potentialAction\":[{\"@type\":\"SearchAction\",\"target\":{\"@type\":\"EntryPoint\",\"urlTemplate\":\"https:\/\/sakt.ee\/en\/?s={search_term_string}\"},\"query-input\":{\"@type\":\"PropertyValueSpecification\",\"valueRequired\":true,\"valueName\":\"search_term_string\"}}],\"inLanguage\":\"ru-RU\"},{\"@type\":\"Organization\",\"@id\":\"https:\/\/sakt.ee\/en\/#organization\",\"name\":\"Sakala T\u00f6\u00f6stusautomaatika O\u00dc\",\"url\":\"https:\/\/sakt.ee\/en\/\",\"logo\":{\"@type\":\"ImageObject\",\"inLanguage\":\"ru-RU\",\"@id\":\"https:\/\/sakt.ee\/en\/#\/schema\/logo\/image\/\",\"url\":\"https:\/\/sakt.ee\/wp-content\/uploads\/2025\/05\/Sakala-Toostusautomaatika-favicon.png\",\"contentUrl\":\"https:\/\/sakt.ee\/wp-content\/uploads\/2025\/05\/Sakala-Toostusautomaatika-favicon.png\",\"width\":500,\"height\":500,\"caption\":\"Sakala T\u00f6\u00f6stusautomaatika O\u00dc\"},\"image\":{\"@id\":\"https:\/\/sakt.ee\/en\/#\/schema\/logo\/image\/\"}}]}<\/script>\n<meta property=\"product:price:amount\" content=\"29.65\" \/>\n<meta property=\"product:price:currency\" content=\"EUR\" \/>\n<meta property=\"og:availability\" content=\"instock\" \/>\n<meta property=\"product:availability\" content=\"instock\" \/>\n<meta property=\"product:retailer_item_id\" content=\"270160\" \/>\n<meta property=\"product:condition\" content=\"new\" \/>\n<!-- \/ Yoast SEO Premium plugin. -->","yoast_head_json":{"title":"V1-S \u0437\u0430\u0449\u0438\u0442\u0430 \u043f\u043e \u043d\u0430\u043f\u0440\u044f\u0436\u0435\u043d\u0438\u044e, \u043d\u0430\u043f\u0440\u044f\u0436\u0435\u043d\u0438\u0435\/\u043f\u043e\u0442\u0435\u0440\u044f\/\u043f\u043e\u0441\u043b\u0435\u0434\u043e\u0432\u0430\u0442\u0435\u043b\u044c\u043d\u043e\u0441\u0442\u044c (85-320 \u0412 \u043f\u0435\u0440\u0435\u043c\u0435\u043d\u043d\u043e\u0433\u043e \u0442\u043e\u043a\u0430) - Sakala T\u00f6\u00f6stusautomaatika O\u00dc","robots":{"index":"index","follow":"follow","max-snippet":"max-snippet:-1","max-image-preview":"max-image-preview:large","max-video-preview":"max-video-preview:-1"},"canonical":"https:\/\/sakt.ee\/ru\/\u043c\u0430\u0433\u0430\u0437\u0438\u043d\/releed\/kontrollreleed\/v1-s-\u0437\u0430\u0449\u0438\u0442\u0430-\u043f\u043e-\u043d\u0430\u043f\u0440\u044f\u0436\u0435\u043d\u0438\u044e-\u043d\u0430\u043f\u0440\u044f\u0436\u0435\u043d\u0438\u0435-\u043f\u043e\u0442\/","og_locale":"ru_RU","og_type":"article","og_title":"V1-S \u0437\u0430\u0449\u0438\u0442\u0430 \u043f\u043e \u043d\u0430\u043f\u0440\u044f\u0436\u0435\u043d\u0438\u044e, \u043d\u0430\u043f\u0440\u044f\u0436\u0435\u043d\u0438\u0435\/\u043f\u043e\u0442\u0435\u0440\u044f\/\u043f\u043e\u0441\u043b\u0435\u0434\u043e\u0432\u0430\u0442\u0435\u043b\u044c\u043d\u043e\u0441\u0442\u044c (85-320 \u0412 \u043f\u0435\u0440\u0435\u043c\u0435\u043d\u043d\u043e\u0433\u043e \u0442\u043e\u043a\u0430)","og_url":"https:\/\/sakt.ee\/ru\/\u043c\u0430\u0433\u0430\u0437\u0438\u043d\/releed\/kontrollreleed\/v1-s-\u0437\u0430\u0449\u0438\u0442\u0430-\u043f\u043e-\u043d\u0430\u043f\u0440\u044f\u0436\u0435\u043d\u0438\u044e-\u043d\u0430\u043f\u0440\u044f\u0436\u0435\u043d\u0438\u0435-\u043f\u043e\u0442\/","og_site_name":"Sakala T\u00f6\u00f6stusautomaatika O\u00dc","article_modified_time":"2026-04-07T14:48:21+00:00","og_image":[{"width":1024,"height":768,"url":"https:\/\/sakt.ee\/wp-content\/uploads\/2025\/05\/1593.jpg","type":"image\/jpeg"}],"twitter_card":"summary_large_image","twitter_misc":{"\u0426\u0435\u043d\u0430":"29,65&euro; +KM","\u0414\u043e\u0441\u0442\u0443\u043f\u043d\u043e\u0441\u0442\u044c":"\u0412 \u043d\u0430\u043b\u0438\u0447\u0438\u0438"},"schema":{"@context":"https:\/\/schema.org","@graph":[{"@type":"WebPage","@id":"https:\/\/sakt.ee\/ru\/\u043c\u0430\u0433\u0430\u0437\u0438\u043d\/releed\/kontrollreleed\/v1-s-%d0%b7%d0%b0%d1%89%d0%b8%d1%82%d0%b0-%d0%bf%d0%be-%d0%bd%d0%b0%d0%bf%d1%80%d1%8f%d0%b6%d0%b5%d0%bd%d0%b8%d1%8e-%d0%bd%d0%b0%d0%bf%d1%80%d1%8f%d0%b6%d0%b5%d0%bd%d0%b8%d0%b5-%d0%bf%d0%be%d1%82\/","url":"https:\/\/sakt.ee\/ru\/\u043c\u0430\u0433\u0430\u0437\u0438\u043d\/releed\/kontrollreleed\/v1-s-%d0%b7%d0%b0%d1%89%d0%b8%d1%82%d0%b0-%d0%bf%d0%be-%d0%bd%d0%b0%d0%bf%d1%80%d1%8f%d0%b6%d0%b5%d0%bd%d0%b8%d1%8e-%d0%bd%d0%b0%d0%bf%d1%80%d1%8f%d0%b6%d0%b5%d0%bd%d0%b8%d0%b5-%d0%bf%d0%be%d1%82\/","name":"V1-S \u0437\u0430\u0449\u0438\u0442\u0430 \u043f\u043e \u043d\u0430\u043f\u0440\u044f\u0436\u0435\u043d\u0438\u044e, \u043d\u0430\u043f\u0440\u044f\u0436\u0435\u043d\u0438\u0435\/\u043f\u043e\u0442\u0435\u0440\u044f\/\u043f\u043e\u0441\u043b\u0435\u0434\u043e\u0432\u0430\u0442\u0435\u043b\u044c\u043d\u043e\u0441\u0442\u044c (85-320 \u0412 \u043f\u0435\u0440\u0435\u043c\u0435\u043d\u043d\u043e\u0433\u043e \u0442\u043e\u043a\u0430) - Sakala T\u00f6\u00f6stusautomaatika O\u00dc","isPartOf":{"@id":"https:\/\/sakt.ee\/en\/#website"},"primaryImageOfPage":{"@id":"https:\/\/sakt.ee\/ru\/\u043c\u0430\u0433\u0430\u0437\u0438\u043d\/releed\/kontrollreleed\/v1-s-%d0%b7%d0%b0%d1%89%d0%b8%d1%82%d0%b0-%d0%bf%d0%be-%d0%bd%d0%b0%d0%bf%d1%80%d1%8f%d0%b6%d0%b5%d0%bd%d0%b8%d1%8e-%d0%bd%d0%b0%d0%bf%d1%80%d1%8f%d0%b6%d0%b5%d0%bd%d0%b8%d0%b5-%d0%bf%d0%be%d1%82\/#primaryimage"},"image":{"@id":"https:\/\/sakt.ee\/ru\/\u043c\u0430\u0433\u0430\u0437\u0438\u043d\/releed\/kontrollreleed\/v1-s-%d0%b7%d0%b0%d1%89%d0%b8%d1%82%d0%b0-%d0%bf%d0%be-%d0%bd%d0%b0%d0%bf%d1%80%d1%8f%d0%b6%d0%b5%d0%bd%d0%b8%d1%8e-%d0%bd%d0%b0%d0%bf%d1%80%d1%8f%d0%b6%d0%b5%d0%bd%d0%b8%d0%b5-%d0%bf%d0%be%d1%82\/#primaryimage"},"thumbnailUrl":"https:\/\/sakt.ee\/wp-content\/uploads\/2025\/05\/1593.jpg","datePublished":"2025-05-16T23:48:48+00:00","dateModified":"2026-04-07T14:48:21+00:00","breadcrumb":{"@id":"https:\/\/sakt.ee\/ru\/\u043c\u0430\u0433\u0430\u0437\u0438\u043d\/releed\/kontrollreleed\/v1-s-%d0%b7%d0%b0%d1%89%d0%b8%d1%82%d0%b0-%d0%bf%d0%be-%d0%bd%d0%b0%d0%bf%d1%80%d1%8f%d0%b6%d0%b5%d0%bd%d0%b8%d1%8e-%d0%bd%d0%b0%d0%bf%d1%80%d1%8f%d0%b6%d0%b5%d0%bd%d0%b8%d0%b5-%d0%bf%d0%be%d1%82\/#breadcrumb"},"inLanguage":"ru-RU","potentialAction":[{"@type":"ReadAction","target":["https:\/\/sakt.ee\/ru\/\u043c\u0430\u0433\u0430\u0437\u0438\u043d\/releed\/kontrollreleed\/v1-s-%d0%b7%d0%b0%d1%89%d0%b8%d1%82%d0%b0-%d0%bf%d0%be-%d0%bd%d0%b0%d0%bf%d1%80%d1%8f%d0%b6%d0%b5%d0%bd%d0%b8%d1%8e-%d0%bd%d0%b0%d0%bf%d1%80%d1%8f%d0%b6%d0%b5%d0%bd%d0%b8%d0%b5-%d0%bf%d0%be%d1%82\/"]}]},{"@type":"ImageObject","inLanguage":"ru-RU","@id":"https:\/\/sakt.ee\/ru\/\u043c\u0430\u0433\u0430\u0437\u0438\u043d\/releed\/kontrollreleed\/v1-s-%d0%b7%d0%b0%d1%89%d0%b8%d1%82%d0%b0-%d0%bf%d0%be-%d0%bd%d0%b0%d0%bf%d1%80%d1%8f%d0%b6%d0%b5%d0%bd%d0%b8%d1%8e-%d0%bd%d0%b0%d0%bf%d1%80%d1%8f%d0%b6%d0%b5%d0%bd%d0%b8%d0%b5-%d0%bf%d0%be%d1%82\/#primaryimage","url":"https:\/\/sakt.ee\/wp-content\/uploads\/2025\/05\/1593.jpg","contentUrl":"https:\/\/sakt.ee\/wp-content\/uploads\/2025\/05\/1593.jpg","width":1024,"height":768},{"@type":"BreadcrumbList","@id":"https:\/\/sakt.ee\/ru\/\u043c\u0430\u0433\u0430\u0437\u0438\u043d\/releed\/kontrollreleed\/v1-s-%d0%b7%d0%b0%d1%89%d0%b8%d1%82%d0%b0-%d0%bf%d0%be-%d0%bd%d0%b0%d0%bf%d1%80%d1%8f%d0%b6%d0%b5%d0%bd%d0%b8%d1%8e-%d0%bd%d0%b0%d0%bf%d1%80%d1%8f%d0%b6%d0%b5%d0%bd%d0%b8%d0%b5-%d0%bf%d0%be%d1%82\/#breadcrumb","itemListElement":[{"@type":"ListItem","position":1,"name":"Home","item":"https:\/\/sakt.ee\/"},{"@type":"ListItem","position":2,"name":"\u041c\u0430\u0433\u0430\u0437\u0438\u043d","item":"https:\/\/sakt.ee\/ru\/\u043c\u0430\u0433\u0430\u0437\u0438\u043d\/"},{"@type":"ListItem","position":3,"name":"V1-S \u0437\u0430\u0449\u0438\u0442\u0430 \u043f\u043e \u043d\u0430\u043f\u0440\u044f\u0436\u0435\u043d\u0438\u044e, \u043d\u0430\u043f\u0440\u044f\u0436\u0435\u043d\u0438\u0435\/\u043f\u043e\u0442\u0435\u0440\u044f\/\u043f\u043e\u0441\u043b\u0435\u0434\u043e\u0432\u0430\u0442\u0435\u043b\u044c\u043d\u043e\u0441\u0442\u044c (85-320 \u0412 \u043f\u0435\u0440\u0435\u043c\u0435\u043d\u043d\u043e\u0433\u043e \u0442\u043e\u043a\u0430)"}]},{"@type":"WebSite","@id":"https:\/\/sakt.ee\/en\/#website","url":"https:\/\/sakt.ee\/en\/","name":"Sakala T\u00f6\u00f6stusautomaatika O\u00dc","description":"T\u00f6\u00f6stusautomaatika e-pood","publisher":{"@id":"https:\/\/sakt.ee\/en\/#organization"},"potentialAction":[{"@type":"SearchAction","target":{"@type":"EntryPoint","urlTemplate":"https:\/\/sakt.ee\/en\/?s={search_term_string}"},"query-input":{"@type":"PropertyValueSpecification","valueRequired":true,"valueName":"search_term_string"}}],"inLanguage":"ru-RU"},{"@type":"Organization","@id":"https:\/\/sakt.ee\/en\/#organization","name":"Sakala T\u00f6\u00f6stusautomaatika O\u00dc","url":"https:\/\/sakt.ee\/en\/","logo":{"@type":"ImageObject","inLanguage":"ru-RU","@id":"https:\/\/sakt.ee\/en\/#\/schema\/logo\/image\/","url":"https:\/\/sakt.ee\/wp-content\/uploads\/2025\/05\/Sakala-Toostusautomaatika-favicon.png","contentUrl":"https:\/\/sakt.ee\/wp-content\/uploads\/2025\/05\/Sakala-Toostusautomaatika-favicon.png","width":500,"height":500,"caption":"Sakala T\u00f6\u00f6stusautomaatika O\u00dc"},"image":{"@id":"https:\/\/sakt.ee\/en\/#\/schema\/logo\/image\/"}}]},"product_price_amount":"29.65","product_price_currency":"EUR","og_availability":"instock","product_availability":"instock","product_retailer_item_id":"270160","product_condition":"new"},"_links":{"self":[{"href":"https:\/\/sakt.ee\/ru\/wp-json\/wp\/v2\/product\/38437","targetHints":{"allow":["GET"]}}],"collection":[{"href":"https:\/\/sakt.ee\/ru\/wp-json\/wp\/v2\/product"}],"about":[{"href":"https:\/\/sakt.ee\/ru\/wp-json\/wp\/v2\/types\/product"}],"version-history":[{"count":1,"href":"https:\/\/sakt.ee\/ru\/wp-json\/wp\/v2\/product\/38437\/revisions"}],"predecessor-version":[{"id":72508,"href":"https:\/\/sakt.ee\/ru\/wp-json\/wp\/v2\/product\/38437\/revisions\/72508"}],"wp:featuredmedia":[{"embeddable":true,"href":"https:\/\/sakt.ee\/ru\/wp-json\/wp\/v2\/media\/27056"}],"wp:attachment":[{"href":"https:\/\/sakt.ee\/ru\/wp-json\/wp\/v2\/media?parent=38437"}],"wp:term":[{"taxonomy":"product_brand","embeddable":true,"href":"https:\/\/sakt.ee\/ru\/wp-json\/wp\/v2\/product_brand?post=38437"},{"taxonomy":"product_cat","embeddable":true,"href":"https:\/\/sakt.ee\/ru\/wp-json\/wp\/v2\/product_cat?post=38437"},{"taxonomy":"product_tag","embeddable":true,"href":"https:\/\/sakt.ee\/ru\/wp-json\/wp\/v2\/product_tag?post=38437"},{"taxonomy":"manufacturers","embeddable":true,"href":"https:\/\/sakt.ee\/ru\/wp-json\/wp\/v2\/manufacturers?post=38437"}],"curies":[{"name":"wp","href":"https:\/\/api.w.org\/{rel}","templated":true}]}}