{"id":38381,"date":"2025-05-17T02:55:41","date_gmt":"2025-05-16T23:55:41","guid":{"rendered":"https:\/\/sakt.ee\/product\/%d0%bf%d1%80%d1%83%d0%b6%d0%b8%d0%bd%d0%bd%d1%8b%d0%b9-%d1%85%d0%be%d0%bc%d1%83%d1%82-ybk-6t-%d1%86%d0%b2%d0%b5%d1%82-%d0%b7%d0%b5%d0%bb%d0%b5%d0%bd%d1%8b%d0%b9\/"},"modified":"2025-08-16T01:19:59","modified_gmt":"2025-08-15T22:19:59","slug":"%d0%bf%d1%80%d1%83%d0%b6%d0%b8%d0%bd%d0%bd%d1%8b%d0%b9-%d1%85%d0%be%d0%bc%d1%83%d1%82-ybk-6t-%d1%86%d0%b2%d0%b5%d1%82-%d0%b7%d0%b5%d0%bb%d0%b5%d0%bd%d1%8b%d0%b9","status":"publish","type":"product","link":"https:\/\/sakt.ee\/ru\/\u043c\u0430\u0433\u0430\u0437\u0438\u043d\/%d0%ba%d0%bb%d0%b5%d0%bc%d0%bc%d1%8b\/%d0%bf%d1%80%d1%83%d0%b6%d0%b8%d0%bd%d0%bd%d1%8b%d0%b5-%d0%ba%d0%bb%d0%b5%d0%bc%d0%bc%d1%8b\/%d0%bf%d1%80%d1%83%d0%b6%d0%b8%d0%bd%d0%bd%d1%8b%d0%b9-%d1%85%d0%be%d0%bc%d1%83%d1%82-ybk-6t-%d1%86%d0%b2%d0%b5%d1%82-%d0%b7%d0%b5%d0%bb%d0%b5%d0%bd%d1%8b%d0%b9\/","title":{"rendered":"\u041f\u0440\u0443\u0436\u0438\u043d\u043d\u044b\u0439 \u0445\u043e\u043c\u0443\u0442 YBK 6T; \u0446\u0432\u0435\u0442 \u0437\u0435\u043b\u0435\u043d\u044b\u0439"},"content":{"rendered":"","protected":false},"excerpt":{"rendered":"<p>\u0420\u0430\u0437\u043c\u0435\u0440\u044b \u043a\u043b\u0435\u043c\u043c\u043d\u043e\u0439 \u043a\u043e\u043b\u043e\u0434\u043a\u0438 PA66 \u0441\u043e\u0441\u0442\u0430\u0432\u043b\u044f\u044e\u0442 38,5 x 8 x 64 \u043c\u043c (\u0428*\u0414*\u0412).<\/p>\n","protected":false},"featured_media":27148,"template":"","meta":{"_acf_changed":false},"product_brand":[],"product_cat":[4938],"product_tag":[],"manufacturers":[7806],"class_list":{"0":"post-38381","1":"product","2":"type-product","3":"status-publish","4":"has-post-thumbnail","6":"product_cat-4938","7":"pa_klemmi-ristloige-6-","8":"pa_tasapindade-arv-1-ru","9":"pa_toode-vedruklemm-ru","10":"pa_tootja-klemsan","11":"pa_varv-4660","12":"manufacturers-klemsan-ru","14":"first","15":"instock","16":"taxable","17":"shipping-taxable","18":"purchasable","19":"product-type-simple"},"acf":[],"yoast_head":"<!-- This site is optimized with the Yoast SEO Premium plugin v25.4 (Yoast SEO v25.4) - https:\/\/yoast.com\/wordpress\/plugins\/seo\/ -->\n<title>\u041f\u0440\u0443\u0436\u0438\u043d\u043d\u044b\u0439 \u0445\u043e\u043c\u0443\u0442 YBK 6T; \u0446\u0432\u0435\u0442 \u0437\u0435\u043b\u0435\u043d\u044b\u0439 - Sakala T\u00f6\u00f6stusautomaatika O\u00dc<\/title>\n<meta name=\"robots\" content=\"index, follow, max-snippet:-1, max-image-preview:large, max-video-preview:-1\" \/>\n<link rel=\"canonical\" href=\"https:\/\/sakt.ee\/ru\/\u043c\u0430\u0433\u0430\u0437\u0438\u043d\/\u043a\u043b\u0435\u043c\u043c\u044b\/\u043f\u0440\u0443\u0436\u0438\u043d\u043d\u044b\u0435-\u043a\u043b\u0435\u043c\u043c\u044b\/\u043f\u0440\u0443\u0436\u0438\u043d\u043d\u044b\u0439-\u0445\u043e\u043c\u0443\u0442-ybk-6t-\u0446\u0432\u0435\u0442-\u0437\u0435\u043b\u0435\u043d\u044b\u0439\/\" \/>\n<meta property=\"og:locale\" content=\"ru_RU\" \/>\n<meta property=\"og:type\" content=\"article\" \/>\n<meta property=\"og:title\" content=\"\u041f\u0440\u0443\u0436\u0438\u043d\u043d\u044b\u0439 \u0445\u043e\u043c\u0443\u0442 YBK 6T; \u0446\u0432\u0435\u0442 \u0437\u0435\u043b\u0435\u043d\u044b\u0439\" \/>\n<meta property=\"og:description\" content=\"\u0420\u0430\u0437\u043c\u0435\u0440\u044b \u043a\u043b\u0435\u043c\u043c\u043d\u043e\u0439 \u043a\u043e\u043b\u043e\u0434\u043a\u0438 PA66 \u0441\u043e\u0441\u0442\u0430\u0432\u043b\u044f\u044e\u0442 38,5 x 8 x 64 \u043c\u043c (\u0428*\u0414*\u0412).\" \/>\n<meta property=\"og:url\" content=\"https:\/\/sakt.ee\/ru\/\u043c\u0430\u0433\u0430\u0437\u0438\u043d\/\u043a\u043b\u0435\u043c\u043c\u044b\/\u043f\u0440\u0443\u0436\u0438\u043d\u043d\u044b\u0435-\u043a\u043b\u0435\u043c\u043c\u044b\/\u043f\u0440\u0443\u0436\u0438\u043d\u043d\u044b\u0439-\u0445\u043e\u043c\u0443\u0442-ybk-6t-\u0446\u0432\u0435\u0442-\u0437\u0435\u043b\u0435\u043d\u044b\u0439\/\" \/>\n<meta property=\"og:site_name\" content=\"Sakala T\u00f6\u00f6stusautomaatika O\u00dc\" \/>\n<meta property=\"article:modified_time\" content=\"2025-08-15T22:19:59+00:00\" \/>\n<meta property=\"og:image\" content=\"https:\/\/sakt.ee\/wp-content\/uploads\/2025\/05\/141.jpg\" \/>\n\t<meta property=\"og:image:width\" content=\"768\" \/>\n\t<meta property=\"og:image:height\" content=\"768\" \/>\n\t<meta property=\"og:image:type\" content=\"image\/jpeg\" \/>\n<meta name=\"twitter:card\" content=\"summary_large_image\" \/>\n<meta name=\"twitter:label1\" content=\"\u0426\u0435\u043d\u0430\" \/>\n\t<meta name=\"twitter:data1\" content=\"2,10&euro; +KM\" \/>\n\t<meta name=\"twitter:label2\" content=\"\u0414\u043e\u0441\u0442\u0443\u043f\u043d\u043e\u0441\u0442\u044c\" \/>\n\t<meta name=\"twitter:data2\" content=\"\u0412 \u043d\u0430\u043b\u0438\u0447\u0438\u0438\" \/>\n<script type=\"application\/ld+json\" class=\"yoast-schema-graph\">{\"@context\":\"https:\/\/schema.org\",\"@graph\":[{\"@type\":\"WebPage\",\"@id\":\"https:\/\/sakt.ee\/ru\/\u043c\u0430\u0433\u0430\u0437\u0438\u043d\/%d0%ba%d0%bb%d0%b5%d0%bc%d0%bc%d1%8b\/%d0%bf%d1%80%d1%83%d0%b6%d0%b8%d0%bd%d0%bd%d1%8b%d0%b5-%d0%ba%d0%bb%d0%b5%d0%bc%d0%bc%d1%8b\/%d0%bf%d1%80%d1%83%d0%b6%d0%b8%d0%bd%d0%bd%d1%8b%d0%b9-%d1%85%d0%be%d0%bc%d1%83%d1%82-ybk-6t-%d1%86%d0%b2%d0%b5%d1%82-%d0%b7%d0%b5%d0%bb%d0%b5%d0%bd%d1%8b%d0%b9\/\",\"url\":\"https:\/\/sakt.ee\/ru\/\u043c\u0430\u0433\u0430\u0437\u0438\u043d\/%d0%ba%d0%bb%d0%b5%d0%bc%d0%bc%d1%8b\/%d0%bf%d1%80%d1%83%d0%b6%d0%b8%d0%bd%d0%bd%d1%8b%d0%b5-%d0%ba%d0%bb%d0%b5%d0%bc%d0%bc%d1%8b\/%d0%bf%d1%80%d1%83%d0%b6%d0%b8%d0%bd%d0%bd%d1%8b%d0%b9-%d1%85%d0%be%d0%bc%d1%83%d1%82-ybk-6t-%d1%86%d0%b2%d0%b5%d1%82-%d0%b7%d0%b5%d0%bb%d0%b5%d0%bd%d1%8b%d0%b9\/\",\"name\":\"\u041f\u0440\u0443\u0436\u0438\u043d\u043d\u044b\u0439 \u0445\u043e\u043c\u0443\u0442 YBK 6T; \u0446\u0432\u0435\u0442 \u0437\u0435\u043b\u0435\u043d\u044b\u0439 - Sakala T\u00f6\u00f6stusautomaatika O\u00dc\",\"isPartOf\":{\"@id\":\"https:\/\/sakt.ee\/en\/#website\"},\"primaryImageOfPage\":{\"@id\":\"https:\/\/sakt.ee\/ru\/\u043c\u0430\u0433\u0430\u0437\u0438\u043d\/%d0%ba%d0%bb%d0%b5%d0%bc%d0%bc%d1%8b\/%d0%bf%d1%80%d1%83%d0%b6%d0%b8%d0%bd%d0%bd%d1%8b%d0%b5-%d0%ba%d0%bb%d0%b5%d0%bc%d0%bc%d1%8b\/%d0%bf%d1%80%d1%83%d0%b6%d0%b8%d0%bd%d0%bd%d1%8b%d0%b9-%d1%85%d0%be%d0%bc%d1%83%d1%82-ybk-6t-%d1%86%d0%b2%d0%b5%d1%82-%d0%b7%d0%b5%d0%bb%d0%b5%d0%bd%d1%8b%d0%b9\/#primaryimage\"},\"image\":{\"@id\":\"https:\/\/sakt.ee\/ru\/\u043c\u0430\u0433\u0430\u0437\u0438\u043d\/%d0%ba%d0%bb%d0%b5%d0%bc%d0%bc%d1%8b\/%d0%bf%d1%80%d1%83%d0%b6%d0%b8%d0%bd%d0%bd%d1%8b%d0%b5-%d0%ba%d0%bb%d0%b5%d0%bc%d0%bc%d1%8b\/%d0%bf%d1%80%d1%83%d0%b6%d0%b8%d0%bd%d0%bd%d1%8b%d0%b9-%d1%85%d0%be%d0%bc%d1%83%d1%82-ybk-6t-%d1%86%d0%b2%d0%b5%d1%82-%d0%b7%d0%b5%d0%bb%d0%b5%d0%bd%d1%8b%d0%b9\/#primaryimage\"},\"thumbnailUrl\":\"https:\/\/sakt.ee\/wp-content\/uploads\/2025\/05\/141.jpg\",\"datePublished\":\"2025-05-16T23:55:41+00:00\",\"dateModified\":\"2025-08-15T22:19:59+00:00\",\"breadcrumb\":{\"@id\":\"https:\/\/sakt.ee\/ru\/\u043c\u0430\u0433\u0430\u0437\u0438\u043d\/%d0%ba%d0%bb%d0%b5%d0%bc%d0%bc%d1%8b\/%d0%bf%d1%80%d1%83%d0%b6%d0%b8%d0%bd%d0%bd%d1%8b%d0%b5-%d0%ba%d0%bb%d0%b5%d0%bc%d0%bc%d1%8b\/%d0%bf%d1%80%d1%83%d0%b6%d0%b8%d0%bd%d0%bd%d1%8b%d0%b9-%d1%85%d0%be%d0%bc%d1%83%d1%82-ybk-6t-%d1%86%d0%b2%d0%b5%d1%82-%d0%b7%d0%b5%d0%bb%d0%b5%d0%bd%d1%8b%d0%b9\/#breadcrumb\"},\"inLanguage\":\"ru-RU\",\"potentialAction\":[{\"@type\":\"ReadAction\",\"target\":[\"https:\/\/sakt.ee\/ru\/\u043c\u0430\u0433\u0430\u0437\u0438\u043d\/%d0%ba%d0%bb%d0%b5%d0%bc%d0%bc%d1%8b\/%d0%bf%d1%80%d1%83%d0%b6%d0%b8%d0%bd%d0%bd%d1%8b%d0%b5-%d0%ba%d0%bb%d0%b5%d0%bc%d0%bc%d1%8b\/%d0%bf%d1%80%d1%83%d0%b6%d0%b8%d0%bd%d0%bd%d1%8b%d0%b9-%d1%85%d0%be%d0%bc%d1%83%d1%82-ybk-6t-%d1%86%d0%b2%d0%b5%d1%82-%d0%b7%d0%b5%d0%bb%d0%b5%d0%bd%d1%8b%d0%b9\/\"]}]},{\"@type\":\"ImageObject\",\"inLanguage\":\"ru-RU\",\"@id\":\"https:\/\/sakt.ee\/ru\/\u043c\u0430\u0433\u0430\u0437\u0438\u043d\/%d0%ba%d0%bb%d0%b5%d0%bc%d0%bc%d1%8b\/%d0%bf%d1%80%d1%83%d0%b6%d0%b8%d0%bd%d0%bd%d1%8b%d0%b5-%d0%ba%d0%bb%d0%b5%d0%bc%d0%bc%d1%8b\/%d0%bf%d1%80%d1%83%d0%b6%d0%b8%d0%bd%d0%bd%d1%8b%d0%b9-%d1%85%d0%be%d0%bc%d1%83%d1%82-ybk-6t-%d1%86%d0%b2%d0%b5%d1%82-%d0%b7%d0%b5%d0%bb%d0%b5%d0%bd%d1%8b%d0%b9\/#primaryimage\",\"url\":\"https:\/\/sakt.ee\/wp-content\/uploads\/2025\/05\/141.jpg\",\"contentUrl\":\"https:\/\/sakt.ee\/wp-content\/uploads\/2025\/05\/141.jpg\",\"width\":768,\"height\":768},{\"@type\":\"BreadcrumbList\",\"@id\":\"https:\/\/sakt.ee\/ru\/\u043c\u0430\u0433\u0430\u0437\u0438\u043d\/%d0%ba%d0%bb%d0%b5%d0%bc%d0%bc%d1%8b\/%d0%bf%d1%80%d1%83%d0%b6%d0%b8%d0%bd%d0%bd%d1%8b%d0%b5-%d0%ba%d0%bb%d0%b5%d0%bc%d0%bc%d1%8b\/%d0%bf%d1%80%d1%83%d0%b6%d0%b8%d0%bd%d0%bd%d1%8b%d0%b9-%d1%85%d0%be%d0%bc%d1%83%d1%82-ybk-6t-%d1%86%d0%b2%d0%b5%d1%82-%d0%b7%d0%b5%d0%bb%d0%b5%d0%bd%d1%8b%d0%b9\/#breadcrumb\",\"itemListElement\":[{\"@type\":\"ListItem\",\"position\":1,\"name\":\"Home\",\"item\":\"https:\/\/sakt.ee\/\"},{\"@type\":\"ListItem\",\"position\":2,\"name\":\"\u041c\u0430\u0433\u0430\u0437\u0438\u043d\",\"item\":\"https:\/\/sakt.ee\/ru\/\u043c\u0430\u0433\u0430\u0437\u0438\u043d\/\"},{\"@type\":\"ListItem\",\"position\":3,\"name\":\"\u041f\u0440\u0443\u0436\u0438\u043d\u043d\u044b\u0439 \u0445\u043e\u043c\u0443\u0442 YBK 6T; \u0446\u0432\u0435\u0442 \u0437\u0435\u043b\u0435\u043d\u044b\u0439\"}]},{\"@type\":\"WebSite\",\"@id\":\"https:\/\/sakt.ee\/en\/#website\",\"url\":\"https:\/\/sakt.ee\/en\/\",\"name\":\"Sakala T\u00f6\u00f6stusautomaatika O\u00dc\",\"description\":\"T\u00f6\u00f6stusautomaatika e-pood\",\"publisher\":{\"@id\":\"https:\/\/sakt.ee\/en\/#organization\"},\"potentialAction\":[{\"@type\":\"SearchAction\",\"target\":{\"@type\":\"EntryPoint\",\"urlTemplate\":\"https:\/\/sakt.ee\/en\/?s={search_term_string}\"},\"query-input\":{\"@type\":\"PropertyValueSpecification\",\"valueRequired\":true,\"valueName\":\"search_term_string\"}}],\"inLanguage\":\"ru-RU\"},{\"@type\":\"Organization\",\"@id\":\"https:\/\/sakt.ee\/en\/#organization\",\"name\":\"Sakala T\u00f6\u00f6stusautomaatika O\u00dc\",\"url\":\"https:\/\/sakt.ee\/en\/\",\"logo\":{\"@type\":\"ImageObject\",\"inLanguage\":\"ru-RU\",\"@id\":\"https:\/\/sakt.ee\/en\/#\/schema\/logo\/image\/\",\"url\":\"https:\/\/sakt.ee\/wp-content\/uploads\/2025\/05\/Sakala-Toostusautomaatika-favicon.png\",\"contentUrl\":\"https:\/\/sakt.ee\/wp-content\/uploads\/2025\/05\/Sakala-Toostusautomaatika-favicon.png\",\"width\":500,\"height\":500,\"caption\":\"Sakala T\u00f6\u00f6stusautomaatika O\u00dc\"},\"image\":{\"@id\":\"https:\/\/sakt.ee\/en\/#\/schema\/logo\/image\/\"}}]}<\/script>\n<meta property=\"product:price:amount\" content=\"2.10\" \/>\n<meta property=\"product:price:currency\" content=\"EUR\" \/>\n<meta property=\"og:availability\" content=\"instock\" \/>\n<meta property=\"product:availability\" content=\"instock\" \/>\n<meta property=\"product:retailer_item_id\" content=\"336240\" \/>\n<meta property=\"product:condition\" content=\"new\" \/>\n<!-- \/ Yoast SEO Premium plugin. -->","yoast_head_json":{"title":"\u041f\u0440\u0443\u0436\u0438\u043d\u043d\u044b\u0439 \u0445\u043e\u043c\u0443\u0442 YBK 6T; \u0446\u0432\u0435\u0442 \u0437\u0435\u043b\u0435\u043d\u044b\u0439 - Sakala T\u00f6\u00f6stusautomaatika O\u00dc","robots":{"index":"index","follow":"follow","max-snippet":"max-snippet:-1","max-image-preview":"max-image-preview:large","max-video-preview":"max-video-preview:-1"},"canonical":"https:\/\/sakt.ee\/ru\/\u043c\u0430\u0433\u0430\u0437\u0438\u043d\/\u043a\u043b\u0435\u043c\u043c\u044b\/\u043f\u0440\u0443\u0436\u0438\u043d\u043d\u044b\u0435-\u043a\u043b\u0435\u043c\u043c\u044b\/\u043f\u0440\u0443\u0436\u0438\u043d\u043d\u044b\u0439-\u0445\u043e\u043c\u0443\u0442-ybk-6t-\u0446\u0432\u0435\u0442-\u0437\u0435\u043b\u0435\u043d\u044b\u0439\/","og_locale":"ru_RU","og_type":"article","og_title":"\u041f\u0440\u0443\u0436\u0438\u043d\u043d\u044b\u0439 \u0445\u043e\u043c\u0443\u0442 YBK 6T; \u0446\u0432\u0435\u0442 \u0437\u0435\u043b\u0435\u043d\u044b\u0439","og_description":"\u0420\u0430\u0437\u043c\u0435\u0440\u044b \u043a\u043b\u0435\u043c\u043c\u043d\u043e\u0439 \u043a\u043e\u043b\u043e\u0434\u043a\u0438 PA66 \u0441\u043e\u0441\u0442\u0430\u0432\u043b\u044f\u044e\u0442 38,5 x 8 x 64 \u043c\u043c (\u0428*\u0414*\u0412).","og_url":"https:\/\/sakt.ee\/ru\/\u043c\u0430\u0433\u0430\u0437\u0438\u043d\/\u043a\u043b\u0435\u043c\u043c\u044b\/\u043f\u0440\u0443\u0436\u0438\u043d\u043d\u044b\u0435-\u043a\u043b\u0435\u043c\u043c\u044b\/\u043f\u0440\u0443\u0436\u0438\u043d\u043d\u044b\u0439-\u0445\u043e\u043c\u0443\u0442-ybk-6t-\u0446\u0432\u0435\u0442-\u0437\u0435\u043b\u0435\u043d\u044b\u0439\/","og_site_name":"Sakala T\u00f6\u00f6stusautomaatika O\u00dc","article_modified_time":"2025-08-15T22:19:59+00:00","og_image":[{"width":768,"height":768,"url":"https:\/\/sakt.ee\/wp-content\/uploads\/2025\/05\/141.jpg","type":"image\/jpeg"}],"twitter_card":"summary_large_image","twitter_misc":{"\u0426\u0435\u043d\u0430":"2,10&euro; +KM","\u0414\u043e\u0441\u0442\u0443\u043f\u043d\u043e\u0441\u0442\u044c":"\u0412 \u043d\u0430\u043b\u0438\u0447\u0438\u0438"},"schema":{"@context":"https:\/\/schema.org","@graph":[{"@type":"WebPage","@id":"https:\/\/sakt.ee\/ru\/\u043c\u0430\u0433\u0430\u0437\u0438\u043d\/%d0%ba%d0%bb%d0%b5%d0%bc%d0%bc%d1%8b\/%d0%bf%d1%80%d1%83%d0%b6%d0%b8%d0%bd%d0%bd%d1%8b%d0%b5-%d0%ba%d0%bb%d0%b5%d0%bc%d0%bc%d1%8b\/%d0%bf%d1%80%d1%83%d0%b6%d0%b8%d0%bd%d0%bd%d1%8b%d0%b9-%d1%85%d0%be%d0%bc%d1%83%d1%82-ybk-6t-%d1%86%d0%b2%d0%b5%d1%82-%d0%b7%d0%b5%d0%bb%d0%b5%d0%bd%d1%8b%d0%b9\/","url":"https:\/\/sakt.ee\/ru\/\u043c\u0430\u0433\u0430\u0437\u0438\u043d\/%d0%ba%d0%bb%d0%b5%d0%bc%d0%bc%d1%8b\/%d0%bf%d1%80%d1%83%d0%b6%d0%b8%d0%bd%d0%bd%d1%8b%d0%b5-%d0%ba%d0%bb%d0%b5%d0%bc%d0%bc%d1%8b\/%d0%bf%d1%80%d1%83%d0%b6%d0%b8%d0%bd%d0%bd%d1%8b%d0%b9-%d1%85%d0%be%d0%bc%d1%83%d1%82-ybk-6t-%d1%86%d0%b2%d0%b5%d1%82-%d0%b7%d0%b5%d0%bb%d0%b5%d0%bd%d1%8b%d0%b9\/","name":"\u041f\u0440\u0443\u0436\u0438\u043d\u043d\u044b\u0439 \u0445\u043e\u043c\u0443\u0442 YBK 6T; \u0446\u0432\u0435\u0442 \u0437\u0435\u043b\u0435\u043d\u044b\u0439 - Sakala T\u00f6\u00f6stusautomaatika O\u00dc","isPartOf":{"@id":"https:\/\/sakt.ee\/en\/#website"},"primaryImageOfPage":{"@id":"https:\/\/sakt.ee\/ru\/\u043c\u0430\u0433\u0430\u0437\u0438\u043d\/%d0%ba%d0%bb%d0%b5%d0%bc%d0%bc%d1%8b\/%d0%bf%d1%80%d1%83%d0%b6%d0%b8%d0%bd%d0%bd%d1%8b%d0%b5-%d0%ba%d0%bb%d0%b5%d0%bc%d0%bc%d1%8b\/%d0%bf%d1%80%d1%83%d0%b6%d0%b8%d0%bd%d0%bd%d1%8b%d0%b9-%d1%85%d0%be%d0%bc%d1%83%d1%82-ybk-6t-%d1%86%d0%b2%d0%b5%d1%82-%d0%b7%d0%b5%d0%bb%d0%b5%d0%bd%d1%8b%d0%b9\/#primaryimage"},"image":{"@id":"https:\/\/sakt.ee\/ru\/\u043c\u0430\u0433\u0430\u0437\u0438\u043d\/%d0%ba%d0%bb%d0%b5%d0%bc%d0%bc%d1%8b\/%d0%bf%d1%80%d1%83%d0%b6%d0%b8%d0%bd%d0%bd%d1%8b%d0%b5-%d0%ba%d0%bb%d0%b5%d0%bc%d0%bc%d1%8b\/%d0%bf%d1%80%d1%83%d0%b6%d0%b8%d0%bd%d0%bd%d1%8b%d0%b9-%d1%85%d0%be%d0%bc%d1%83%d1%82-ybk-6t-%d1%86%d0%b2%d0%b5%d1%82-%d0%b7%d0%b5%d0%bb%d0%b5%d0%bd%d1%8b%d0%b9\/#primaryimage"},"thumbnailUrl":"https:\/\/sakt.ee\/wp-content\/uploads\/2025\/05\/141.jpg","datePublished":"2025-05-16T23:55:41+00:00","dateModified":"2025-08-15T22:19:59+00:00","breadcrumb":{"@id":"https:\/\/sakt.ee\/ru\/\u043c\u0430\u0433\u0430\u0437\u0438\u043d\/%d0%ba%d0%bb%d0%b5%d0%bc%d0%bc%d1%8b\/%d0%bf%d1%80%d1%83%d0%b6%d0%b8%d0%bd%d0%bd%d1%8b%d0%b5-%d0%ba%d0%bb%d0%b5%d0%bc%d0%bc%d1%8b\/%d0%bf%d1%80%d1%83%d0%b6%d0%b8%d0%bd%d0%bd%d1%8b%d0%b9-%d1%85%d0%be%d0%bc%d1%83%d1%82-ybk-6t-%d1%86%d0%b2%d0%b5%d1%82-%d0%b7%d0%b5%d0%bb%d0%b5%d0%bd%d1%8b%d0%b9\/#breadcrumb"},"inLanguage":"ru-RU","potentialAction":[{"@type":"ReadAction","target":["https:\/\/sakt.ee\/ru\/\u043c\u0430\u0433\u0430\u0437\u0438\u043d\/%d0%ba%d0%bb%d0%b5%d0%bc%d0%bc%d1%8b\/%d0%bf%d1%80%d1%83%d0%b6%d0%b8%d0%bd%d0%bd%d1%8b%d0%b5-%d0%ba%d0%bb%d0%b5%d0%bc%d0%bc%d1%8b\/%d0%bf%d1%80%d1%83%d0%b6%d0%b8%d0%bd%d0%bd%d1%8b%d0%b9-%d1%85%d0%be%d0%bc%d1%83%d1%82-ybk-6t-%d1%86%d0%b2%d0%b5%d1%82-%d0%b7%d0%b5%d0%bb%d0%b5%d0%bd%d1%8b%d0%b9\/"]}]},{"@type":"ImageObject","inLanguage":"ru-RU","@id":"https:\/\/sakt.ee\/ru\/\u043c\u0430\u0433\u0430\u0437\u0438\u043d\/%d0%ba%d0%bb%d0%b5%d0%bc%d0%bc%d1%8b\/%d0%bf%d1%80%d1%83%d0%b6%d0%b8%d0%bd%d0%bd%d1%8b%d0%b5-%d0%ba%d0%bb%d0%b5%d0%bc%d0%bc%d1%8b\/%d0%bf%d1%80%d1%83%d0%b6%d0%b8%d0%bd%d0%bd%d1%8b%d0%b9-%d1%85%d0%be%d0%bc%d1%83%d1%82-ybk-6t-%d1%86%d0%b2%d0%b5%d1%82-%d0%b7%d0%b5%d0%bb%d0%b5%d0%bd%d1%8b%d0%b9\/#primaryimage","url":"https:\/\/sakt.ee\/wp-content\/uploads\/2025\/05\/141.jpg","contentUrl":"https:\/\/sakt.ee\/wp-content\/uploads\/2025\/05\/141.jpg","width":768,"height":768},{"@type":"BreadcrumbList","@id":"https:\/\/sakt.ee\/ru\/\u043c\u0430\u0433\u0430\u0437\u0438\u043d\/%d0%ba%d0%bb%d0%b5%d0%bc%d0%bc%d1%8b\/%d0%bf%d1%80%d1%83%d0%b6%d0%b8%d0%bd%d0%bd%d1%8b%d0%b5-%d0%ba%d0%bb%d0%b5%d0%bc%d0%bc%d1%8b\/%d0%bf%d1%80%d1%83%d0%b6%d0%b8%d0%bd%d0%bd%d1%8b%d0%b9-%d1%85%d0%be%d0%bc%d1%83%d1%82-ybk-6t-%d1%86%d0%b2%d0%b5%d1%82-%d0%b7%d0%b5%d0%bb%d0%b5%d0%bd%d1%8b%d0%b9\/#breadcrumb","itemListElement":[{"@type":"ListItem","position":1,"name":"Home","item":"https:\/\/sakt.ee\/"},{"@type":"ListItem","position":2,"name":"\u041c\u0430\u0433\u0430\u0437\u0438\u043d","item":"https:\/\/sakt.ee\/ru\/\u043c\u0430\u0433\u0430\u0437\u0438\u043d\/"},{"@type":"ListItem","position":3,"name":"\u041f\u0440\u0443\u0436\u0438\u043d\u043d\u044b\u0439 \u0445\u043e\u043c\u0443\u0442 YBK 6T; \u0446\u0432\u0435\u0442 \u0437\u0435\u043b\u0435\u043d\u044b\u0439"}]},{"@type":"WebSite","@id":"https:\/\/sakt.ee\/en\/#website","url":"https:\/\/sakt.ee\/en\/","name":"Sakala T\u00f6\u00f6stusautomaatika O\u00dc","description":"T\u00f6\u00f6stusautomaatika e-pood","publisher":{"@id":"https:\/\/sakt.ee\/en\/#organization"},"potentialAction":[{"@type":"SearchAction","target":{"@type":"EntryPoint","urlTemplate":"https:\/\/sakt.ee\/en\/?s={search_term_string}"},"query-input":{"@type":"PropertyValueSpecification","valueRequired":true,"valueName":"search_term_string"}}],"inLanguage":"ru-RU"},{"@type":"Organization","@id":"https:\/\/sakt.ee\/en\/#organization","name":"Sakala T\u00f6\u00f6stusautomaatika O\u00dc","url":"https:\/\/sakt.ee\/en\/","logo":{"@type":"ImageObject","inLanguage":"ru-RU","@id":"https:\/\/sakt.ee\/en\/#\/schema\/logo\/image\/","url":"https:\/\/sakt.ee\/wp-content\/uploads\/2025\/05\/Sakala-Toostusautomaatika-favicon.png","contentUrl":"https:\/\/sakt.ee\/wp-content\/uploads\/2025\/05\/Sakala-Toostusautomaatika-favicon.png","width":500,"height":500,"caption":"Sakala T\u00f6\u00f6stusautomaatika O\u00dc"},"image":{"@id":"https:\/\/sakt.ee\/en\/#\/schema\/logo\/image\/"}}]},"product_price_amount":"2.10","product_price_currency":"EUR","og_availability":"instock","product_availability":"instock","product_retailer_item_id":"336240","product_condition":"new"},"_links":{"self":[{"href":"https:\/\/sakt.ee\/ru\/wp-json\/wp\/v2\/product\/38381","targetHints":{"allow":["GET"]}}],"collection":[{"href":"https:\/\/sakt.ee\/ru\/wp-json\/wp\/v2\/product"}],"about":[{"href":"https:\/\/sakt.ee\/ru\/wp-json\/wp\/v2\/types\/product"}],"version-history":[{"count":0,"href":"https:\/\/sakt.ee\/ru\/wp-json\/wp\/v2\/product\/38381\/revisions"}],"wp:featuredmedia":[{"embeddable":true,"href":"https:\/\/sakt.ee\/ru\/wp-json\/wp\/v2\/media\/27148"}],"wp:attachment":[{"href":"https:\/\/sakt.ee\/ru\/wp-json\/wp\/v2\/media?parent=38381"}],"wp:term":[{"taxonomy":"product_brand","embeddable":true,"href":"https:\/\/sakt.ee\/ru\/wp-json\/wp\/v2\/product_brand?post=38381"},{"taxonomy":"product_cat","embeddable":true,"href":"https:\/\/sakt.ee\/ru\/wp-json\/wp\/v2\/product_cat?post=38381"},{"taxonomy":"product_tag","embeddable":true,"href":"https:\/\/sakt.ee\/ru\/wp-json\/wp\/v2\/product_tag?post=38381"},{"taxonomy":"manufacturers","embeddable":true,"href":"https:\/\/sakt.ee\/ru\/wp-json\/wp\/v2\/manufacturers?post=38381"}],"curies":[{"name":"wp","href":"https:\/\/api.w.org\/{rel}","templated":true}]}}