{"id":38369,"date":"2025-05-17T03:00:01","date_gmt":"2025-05-17T00:00:01","guid":{"rendered":"https:\/\/sakt.ee\/product\/%d1%81%d0%b2%d0%b5%d1%82%d0%be%d0%b2%d0%be%d0%b9-%d0%bc%d0%be%d0%b4%d1%83%d0%bb%d1%8c-tws-led-s-%d1%81%d0%b8%d0%bd%d0%b8%d0%b9-24ac-dc-70-%d0%bc%d0%bc-%d0%b3%d0%be%d1%80%d1%8f%d1%89%d0%b8%d0%b9\/"},"modified":"2025-08-15T23:53:22","modified_gmt":"2025-08-15T20:53:22","slug":"%d1%81%d0%b2%d0%b5%d1%82%d0%be%d0%b2%d0%be%d0%b9-%d0%bc%d0%be%d0%b4%d1%83%d0%bb%d1%8c-tws-led-s-%d1%81%d0%b8%d0%bd%d0%b8%d0%b9-24ac-dc-70-%d0%bc%d0%bc-%d0%b3%d0%be%d1%80%d1%8f%d1%89%d0%b8%d0%b9","status":"publish","type":"product","link":"https:\/\/sakt.ee\/ru\/\u043c\u0430\u0433\u0430\u0437\u0438\u043d\/%d1%80%d0%b0%d1%81%d0%bf%d1%80%d0%be%d0%b4%d0%b0%d0%b6%d0%b0\/%d1%81%d0%b2%d0%b5%d1%82%d0%be%d0%b2%d0%be%d0%b9-%d0%bc%d0%be%d0%b4%d1%83%d0%bb%d1%8c-tws-led-s-%d1%81%d0%b8%d0%bd%d0%b8%d0%b9-24ac-dc-70-%d0%bc%d0%bc-%d0%b3%d0%be%d1%80%d1%8f%d1%89%d0%b8%d0%b9\/","title":{"rendered":"\u0421\u0432\u0435\u0442\u043e\u0432\u043e\u0439 \u043c\u043e\u0434\u0443\u043b\u044c TWS LED S; \u0441\u0438\u043d\u0438\u0439; 24AC\/DC; 70 \u043c\u043c; \u0433\u043e\u0440\u044f\u0449\u0438\u0439; \u0441\u0435\u0440\u044b\u0439 \u043a\u043e\u0440\u043f\u0443\u0441; IP66"},"content":{"rendered":"","protected":false},"excerpt":{"rendered":"","protected":false},"featured_media":27210,"template":"","meta":{"_acf_changed":false},"product_brand":[],"product_cat":[3645],"product_tag":[],"manufacturers":[7840],"class_list":{"0":"post-38369","1":"product","2":"type-product","3":"status-publish","4":"has-post-thumbnail","6":"product_cat-3645","7":"pa_kaitseklass-ip66-ru","8":"pa_kuju-3219","9":"pa_labimoot-70mm-ru","10":"pa_seeria-tws-ru","11":"pa_toide-24----","12":"pa_toode-4253","13":"pa_tootja-sirena","14":"pa_valgusefekt-4324","15":"pa_varv-3465","16":"manufacturers-sirena-ru","18":"first","19":"onbackorder","20":"taxable","21":"shipping-taxable","22":"purchasable","23":"product-type-simple"},"acf":[],"yoast_head":"<!-- This site is optimized with the Yoast SEO Premium plugin v25.4 (Yoast SEO v25.4) - https:\/\/yoast.com\/wordpress\/plugins\/seo\/ -->\n<title>\u0421\u0432\u0435\u0442\u043e\u0432\u043e\u0439 \u043c\u043e\u0434\u0443\u043b\u044c TWS LED S; \u0441\u0438\u043d\u0438\u0439; 24AC\/DC; 70 \u043c\u043c; \u0433\u043e\u0440\u044f\u0449\u0438\u0439; \u0441\u0435\u0440\u044b\u0439 \u043a\u043e\u0440\u043f\u0443\u0441; IP66 - Sakala T\u00f6\u00f6stusautomaatika O\u00dc<\/title>\n<meta name=\"robots\" content=\"index, follow, max-snippet:-1, max-image-preview:large, max-video-preview:-1\" \/>\n<link rel=\"canonical\" href=\"https:\/\/sakt.ee\/?post_type=product&p=8567\" \/>\n<meta property=\"og:locale\" content=\"ru_RU\" \/>\n<meta property=\"og:type\" content=\"article\" \/>\n<meta property=\"og:title\" content=\"\u0421\u0432\u0435\u0442\u043e\u0432\u043e\u0439 \u043c\u043e\u0434\u0443\u043b\u044c TWS LED S; \u0441\u0438\u043d\u0438\u0439; 24AC\/DC; 70 \u043c\u043c; \u0433\u043e\u0440\u044f\u0449\u0438\u0439; \u0441\u0435\u0440\u044b\u0439 \u043a\u043e\u0440\u043f\u0443\u0441; IP66\" \/>\n<meta property=\"og:url\" content=\"https:\/\/sakt.ee\/?post_type=product&amp;p=8567\" \/>\n<meta property=\"og:site_name\" content=\"Sakala T\u00f6\u00f6stusautomaatika O\u00dc\" \/>\n<meta property=\"article:modified_time\" content=\"2025-08-15T20:53:22+00:00\" \/>\n<meta property=\"og:image\" content=\"https:\/\/sakt.ee\/wp-content\/uploads\/2025\/05\/61.jpg\" \/>\n\t<meta property=\"og:image:width\" content=\"1000\" \/>\n\t<meta property=\"og:image:height\" content=\"1094\" \/>\n\t<meta property=\"og:image:type\" content=\"image\/jpeg\" \/>\n<meta name=\"twitter:card\" content=\"summary_large_image\" \/>\n<meta name=\"twitter:label1\" content=\"\u0426\u0435\u043d\u0430\" \/>\n\t<meta name=\"twitter:data1\" content=\"32,20&euro; +KM\" \/>\n\t<meta name=\"twitter:label2\" content=\"\u0414\u043e\u0441\u0442\u0443\u043f\u043d\u043e\u0441\u0442\u044c\" \/>\n\t<meta name=\"twitter:data2\" content=\"\u041d\u0430 \u0437\u0430\u043a\u0430\u0437\" \/>\n<script type=\"application\/ld+json\" class=\"yoast-schema-graph\">{\"@context\":\"https:\/\/schema.org\",\"@graph\":[{\"@type\":\"WebPage\",\"@id\":\"https:\/\/sakt.ee\/?post_type=product&p=8567\",\"url\":\"https:\/\/sakt.ee\/?post_type=product&p=8567\",\"name\":\"\u0421\u0432\u0435\u0442\u043e\u0432\u043e\u0439 \u043c\u043e\u0434\u0443\u043b\u044c TWS LED S; \u0441\u0438\u043d\u0438\u0439; 24AC\/DC; 70 \u043c\u043c; \u0433\u043e\u0440\u044f\u0449\u0438\u0439; \u0441\u0435\u0440\u044b\u0439 \u043a\u043e\u0440\u043f\u0443\u0441; IP66 - Sakala T\u00f6\u00f6stusautomaatika O\u00dc\",\"isPartOf\":{\"@id\":\"https:\/\/sakt.ee\/en\/#website\"},\"primaryImageOfPage\":{\"@id\":\"https:\/\/sakt.ee\/?post_type=product&p=8567#primaryimage\"},\"image\":{\"@id\":\"https:\/\/sakt.ee\/?post_type=product&p=8567#primaryimage\"},\"thumbnailUrl\":\"https:\/\/sakt.ee\/wp-content\/uploads\/2025\/05\/61.jpg\",\"datePublished\":\"2025-05-17T00:00:01+00:00\",\"dateModified\":\"2025-08-15T20:53:22+00:00\",\"breadcrumb\":{\"@id\":\"https:\/\/sakt.ee\/?post_type=product&p=8567#breadcrumb\"},\"inLanguage\":\"ru-RU\",\"potentialAction\":[{\"@type\":\"ReadAction\",\"target\":[\"https:\/\/sakt.ee\/?post_type=product&p=8567\"]}]},{\"@type\":\"ImageObject\",\"inLanguage\":\"ru-RU\",\"@id\":\"https:\/\/sakt.ee\/?post_type=product&p=8567#primaryimage\",\"url\":\"https:\/\/sakt.ee\/wp-content\/uploads\/2025\/05\/61.jpg\",\"contentUrl\":\"https:\/\/sakt.ee\/wp-content\/uploads\/2025\/05\/61.jpg\",\"width\":1000,\"height\":1094},{\"@type\":\"BreadcrumbList\",\"@id\":\"https:\/\/sakt.ee\/?post_type=product&p=8567#breadcrumb\",\"itemListElement\":[{\"@type\":\"ListItem\",\"position\":1,\"name\":\"Home\",\"item\":\"https:\/\/sakt.ee\/\"},{\"@type\":\"ListItem\",\"position\":2,\"name\":\"\u041c\u0430\u0433\u0430\u0437\u0438\u043d\",\"item\":\"https:\/\/sakt.ee\/ru\/\u043c\u0430\u0433\u0430\u0437\u0438\u043d\/\"},{\"@type\":\"ListItem\",\"position\":3,\"name\":\"\u0421\u0432\u0435\u0442\u043e\u0432\u043e\u0439 \u043c\u043e\u0434\u0443\u043b\u044c TWS LED S; \u0441\u0438\u043d\u0438\u0439; 24AC\/DC; 70 \u043c\u043c; \u0433\u043e\u0440\u044f\u0449\u0438\u0439; \u0441\u0435\u0440\u044b\u0439 \u043a\u043e\u0440\u043f\u0443\u0441; IP66\"}]},{\"@type\":\"WebSite\",\"@id\":\"https:\/\/sakt.ee\/en\/#website\",\"url\":\"https:\/\/sakt.ee\/en\/\",\"name\":\"Sakala T\u00f6\u00f6stusautomaatika O\u00dc\",\"description\":\"T\u00f6\u00f6stusautomaatika e-pood\",\"publisher\":{\"@id\":\"https:\/\/sakt.ee\/en\/#organization\"},\"potentialAction\":[{\"@type\":\"SearchAction\",\"target\":{\"@type\":\"EntryPoint\",\"urlTemplate\":\"https:\/\/sakt.ee\/en\/?s={search_term_string}\"},\"query-input\":{\"@type\":\"PropertyValueSpecification\",\"valueRequired\":true,\"valueName\":\"search_term_string\"}}],\"inLanguage\":\"ru-RU\"},{\"@type\":\"Organization\",\"@id\":\"https:\/\/sakt.ee\/en\/#organization\",\"name\":\"Sakala T\u00f6\u00f6stusautomaatika O\u00dc\",\"url\":\"https:\/\/sakt.ee\/en\/\",\"logo\":{\"@type\":\"ImageObject\",\"inLanguage\":\"ru-RU\",\"@id\":\"https:\/\/sakt.ee\/en\/#\/schema\/logo\/image\/\",\"url\":\"https:\/\/sakt.ee\/wp-content\/uploads\/2025\/05\/Sakala-Toostusautomaatika-favicon.png\",\"contentUrl\":\"https:\/\/sakt.ee\/wp-content\/uploads\/2025\/05\/Sakala-Toostusautomaatika-favicon.png\",\"width\":500,\"height\":500,\"caption\":\"Sakala T\u00f6\u00f6stusautomaatika O\u00dc\"},\"image\":{\"@id\":\"https:\/\/sakt.ee\/en\/#\/schema\/logo\/image\/\"}}]}<\/script>\n<meta property=\"product:price:amount\" content=\"32.20\" \/>\n<meta property=\"product:price:currency\" content=\"EUR\" \/>\n<meta property=\"og:availability\" content=\"backorder\" \/>\n<meta property=\"product:availability\" content=\"available for order\" \/>\n<meta property=\"product:retailer_item_id\" content=\"36471\" \/>\n<meta property=\"product:condition\" content=\"new\" \/>\n<!-- \/ Yoast SEO Premium plugin. -->","yoast_head_json":{"title":"\u0421\u0432\u0435\u0442\u043e\u0432\u043e\u0439 \u043c\u043e\u0434\u0443\u043b\u044c TWS LED S; \u0441\u0438\u043d\u0438\u0439; 24AC\/DC; 70 \u043c\u043c; \u0433\u043e\u0440\u044f\u0449\u0438\u0439; \u0441\u0435\u0440\u044b\u0439 \u043a\u043e\u0440\u043f\u0443\u0441; IP66 - Sakala T\u00f6\u00f6stusautomaatika O\u00dc","robots":{"index":"index","follow":"follow","max-snippet":"max-snippet:-1","max-image-preview":"max-image-preview:large","max-video-preview":"max-video-preview:-1"},"canonical":"https:\/\/sakt.ee\/?post_type=product&p=8567","og_locale":"ru_RU","og_type":"article","og_title":"\u0421\u0432\u0435\u0442\u043e\u0432\u043e\u0439 \u043c\u043e\u0434\u0443\u043b\u044c TWS LED S; \u0441\u0438\u043d\u0438\u0439; 24AC\/DC; 70 \u043c\u043c; \u0433\u043e\u0440\u044f\u0449\u0438\u0439; \u0441\u0435\u0440\u044b\u0439 \u043a\u043e\u0440\u043f\u0443\u0441; IP66","og_url":"https:\/\/sakt.ee\/?post_type=product&p=8567","og_site_name":"Sakala T\u00f6\u00f6stusautomaatika O\u00dc","article_modified_time":"2025-08-15T20:53:22+00:00","og_image":[{"width":1000,"height":1094,"url":"https:\/\/sakt.ee\/wp-content\/uploads\/2025\/05\/61.jpg","type":"image\/jpeg"}],"twitter_card":"summary_large_image","twitter_misc":{"\u0426\u0435\u043d\u0430":"32,20&euro; +KM","\u0414\u043e\u0441\u0442\u0443\u043f\u043d\u043e\u0441\u0442\u044c":"\u041d\u0430 \u0437\u0430\u043a\u0430\u0437"},"schema":{"@context":"https:\/\/schema.org","@graph":[{"@type":"WebPage","@id":"https:\/\/sakt.ee\/?post_type=product&p=8567","url":"https:\/\/sakt.ee\/?post_type=product&p=8567","name":"\u0421\u0432\u0435\u0442\u043e\u0432\u043e\u0439 \u043c\u043e\u0434\u0443\u043b\u044c TWS LED S; \u0441\u0438\u043d\u0438\u0439; 24AC\/DC; 70 \u043c\u043c; \u0433\u043e\u0440\u044f\u0449\u0438\u0439; \u0441\u0435\u0440\u044b\u0439 \u043a\u043e\u0440\u043f\u0443\u0441; IP66 - Sakala T\u00f6\u00f6stusautomaatika O\u00dc","isPartOf":{"@id":"https:\/\/sakt.ee\/en\/#website"},"primaryImageOfPage":{"@id":"https:\/\/sakt.ee\/?post_type=product&p=8567#primaryimage"},"image":{"@id":"https:\/\/sakt.ee\/?post_type=product&p=8567#primaryimage"},"thumbnailUrl":"https:\/\/sakt.ee\/wp-content\/uploads\/2025\/05\/61.jpg","datePublished":"2025-05-17T00:00:01+00:00","dateModified":"2025-08-15T20:53:22+00:00","breadcrumb":{"@id":"https:\/\/sakt.ee\/?post_type=product&p=8567#breadcrumb"},"inLanguage":"ru-RU","potentialAction":[{"@type":"ReadAction","target":["https:\/\/sakt.ee\/?post_type=product&p=8567"]}]},{"@type":"ImageObject","inLanguage":"ru-RU","@id":"https:\/\/sakt.ee\/?post_type=product&p=8567#primaryimage","url":"https:\/\/sakt.ee\/wp-content\/uploads\/2025\/05\/61.jpg","contentUrl":"https:\/\/sakt.ee\/wp-content\/uploads\/2025\/05\/61.jpg","width":1000,"height":1094},{"@type":"BreadcrumbList","@id":"https:\/\/sakt.ee\/?post_type=product&p=8567#breadcrumb","itemListElement":[{"@type":"ListItem","position":1,"name":"Home","item":"https:\/\/sakt.ee\/"},{"@type":"ListItem","position":2,"name":"\u041c\u0430\u0433\u0430\u0437\u0438\u043d","item":"https:\/\/sakt.ee\/ru\/\u043c\u0430\u0433\u0430\u0437\u0438\u043d\/"},{"@type":"ListItem","position":3,"name":"\u0421\u0432\u0435\u0442\u043e\u0432\u043e\u0439 \u043c\u043e\u0434\u0443\u043b\u044c TWS LED S; \u0441\u0438\u043d\u0438\u0439; 24AC\/DC; 70 \u043c\u043c; \u0433\u043e\u0440\u044f\u0449\u0438\u0439; \u0441\u0435\u0440\u044b\u0439 \u043a\u043e\u0440\u043f\u0443\u0441; IP66"}]},{"@type":"WebSite","@id":"https:\/\/sakt.ee\/en\/#website","url":"https:\/\/sakt.ee\/en\/","name":"Sakala T\u00f6\u00f6stusautomaatika O\u00dc","description":"T\u00f6\u00f6stusautomaatika e-pood","publisher":{"@id":"https:\/\/sakt.ee\/en\/#organization"},"potentialAction":[{"@type":"SearchAction","target":{"@type":"EntryPoint","urlTemplate":"https:\/\/sakt.ee\/en\/?s={search_term_string}"},"query-input":{"@type":"PropertyValueSpecification","valueRequired":true,"valueName":"search_term_string"}}],"inLanguage":"ru-RU"},{"@type":"Organization","@id":"https:\/\/sakt.ee\/en\/#organization","name":"Sakala T\u00f6\u00f6stusautomaatika O\u00dc","url":"https:\/\/sakt.ee\/en\/","logo":{"@type":"ImageObject","inLanguage":"ru-RU","@id":"https:\/\/sakt.ee\/en\/#\/schema\/logo\/image\/","url":"https:\/\/sakt.ee\/wp-content\/uploads\/2025\/05\/Sakala-Toostusautomaatika-favicon.png","contentUrl":"https:\/\/sakt.ee\/wp-content\/uploads\/2025\/05\/Sakala-Toostusautomaatika-favicon.png","width":500,"height":500,"caption":"Sakala T\u00f6\u00f6stusautomaatika O\u00dc"},"image":{"@id":"https:\/\/sakt.ee\/en\/#\/schema\/logo\/image\/"}}]},"product_price_amount":"32.20","product_price_currency":"EUR","og_availability":"backorder","product_availability":"available for order","product_retailer_item_id":"36471","product_condition":"new"},"_links":{"self":[{"href":"https:\/\/sakt.ee\/ru\/wp-json\/wp\/v2\/product\/38369","targetHints":{"allow":["GET"]}}],"collection":[{"href":"https:\/\/sakt.ee\/ru\/wp-json\/wp\/v2\/product"}],"about":[{"href":"https:\/\/sakt.ee\/ru\/wp-json\/wp\/v2\/types\/product"}],"version-history":[{"count":0,"href":"https:\/\/sakt.ee\/ru\/wp-json\/wp\/v2\/product\/38369\/revisions"}],"wp:featuredmedia":[{"embeddable":true,"href":"https:\/\/sakt.ee\/ru\/wp-json\/wp\/v2\/media\/27210"}],"wp:attachment":[{"href":"https:\/\/sakt.ee\/ru\/wp-json\/wp\/v2\/media?parent=38369"}],"wp:term":[{"taxonomy":"product_brand","embeddable":true,"href":"https:\/\/sakt.ee\/ru\/wp-json\/wp\/v2\/product_brand?post=38369"},{"taxonomy":"product_cat","embeddable":true,"href":"https:\/\/sakt.ee\/ru\/wp-json\/wp\/v2\/product_cat?post=38369"},{"taxonomy":"product_tag","embeddable":true,"href":"https:\/\/sakt.ee\/ru\/wp-json\/wp\/v2\/product_tag?post=38369"},{"taxonomy":"manufacturers","embeddable":true,"href":"https:\/\/sakt.ee\/ru\/wp-json\/wp\/v2\/manufacturers?post=38369"}],"curies":[{"name":"wp","href":"https:\/\/api.w.org\/{rel}","templated":true}]}}