{"id":38323,"date":"2025-05-17T03:08:48","date_gmt":"2025-05-17T00:08:48","guid":{"rendered":"https:\/\/sakt.ee\/product\/s51-ma-2-a00-pk-%d1%84%d0%be%d1%82%d0%be%d0%b4%d0%b0%d1%82%d1%87%d0%b8%d0%ba-10-30dc-%d0%bc%d0%b5%d1%82%d0%b0%d0%bb%d0%bb%d0%b8%d1%87%d0%b5%d1%81%d0%ba%d0%b8%d0%b9-%d0%ba%d0%be%d1%80%d0%bf%d1%83\/"},"modified":"2025-11-18T22:58:46","modified_gmt":"2025-11-18T19:58:46","slug":"s51-ma-2-a00-pk-%d1%84%d0%be%d1%82%d0%be%d0%b4%d0%b0%d1%82%d1%87%d0%b8%d0%ba-10-30dc-%d0%bc%d0%b5%d1%82%d0%b0%d0%bb%d0%bb%d0%b8%d1%87%d0%b5%d1%81%d0%ba%d0%b8%d0%b9-%d0%ba%d0%be%d1%80%d0%bf%d1%83","status":"publish","type":"product","link":"https:\/\/sakt.ee\/ru\/\u043c\u0430\u0433\u0430\u0437\u0438\u043d\/%d0%b4%d0%b0%d1%82%d1%87%d0%b8%d0%ba%d0%b8-%d0%bf%d1%80%d0%be%d1%86%d0%b5%d1%81%d1%81%d0%b0\/%d1%84%d0%be%d1%82%d0%be%d0%b4%d0%b0%d1%82%d1%87%d0%b8%d0%ba%d0%b8\/%d0%be%d1%82%d1%80%d0%b0%d0%b6%d0%b0%d0%b5%d1%82%d1%81%d1%8f-%d0%be%d1%82-%d1%80%d0%b5%d1%84%d0%bb%d0%b5%d0%ba%d1%82%d0%be%d1%80%d0%b0\/s51-ma-2-a00-pk-%d1%84%d0%be%d1%82%d0%be%d0%b4%d0%b0%d1%82%d1%87%d0%b8%d0%ba-10-30dc-%d0%bc%d0%b5%d1%82%d0%b0%d0%bb%d0%bb%d0%b8%d1%87%d0%b5%d1%81%d0%ba%d0%b8%d0%b9-%d0%ba%d0%be%d1%80%d0%bf%d1%83\/","title":{"rendered":"S51-MA-2-A00-PK \u0444\u043e\u0442\u043e\u0434\u0430\u0442\u0447\u0438\u043a; 10-30DC; \u043c\u0435\u0442\u0430\u043b\u043b\u0438\u0447\u0435\u0441\u043a\u0438\u0439 \u043a\u043e\u0440\u043f\u0443\u0441 M18; \u043e\u0442\u0440\u0430\u0436\u0435\u043d\u0438\u0435 \u043e\u0442 \u0440\u0435\u0444\u043b\u0435\u043a\u0442\u043e\u0440\u0430; \u0430\u043a\u0441\u0438\u0430\u043b\u044c\u043d\u044b\u0439; 0,1&#8230;4\u043c; PNP \u0442\u0435\u043c\u043d\u044b\u0439\/\u0441\u0432\u0435\u0442\u043b\u044b\u0439; NO; \u043a\u0430\u0431\u0435\u043b\u044c 2\u043c"},"content":{"rendered":"","protected":false},"excerpt":{"rendered":"","protected":false},"featured_media":27326,"template":"","meta":{"_acf_changed":false},"product_brand":[],"product_cat":[3229],"product_tag":[],"manufacturers":[7811],"class_list":{"0":"post-38323","1":"product","2":"type-product","3":"status-publish","4":"has-post-thumbnail","6":"product_cat-3229","7":"pa_funktsionaalsus-3323","8":"pa_funktsioon-3344","9":"pa_kaitseklass-ip67-ru","10":"pa_kiir-3218","11":"pa_kontakt-1-no-ru","12":"pa_korpus-3167","13":"pa_kuju-3219","14":"pa_labimoot-18mm-ru","15":"pa_mootepiirkond-01-4-m-ru","16":"pa_seeria-s51-ru","17":"pa_toide-10-30---","18":"pa_tootemperatuur-25-55c-ru","19":"pa_tootja-datalogic","20":"pa_uhendustuup--2-","21":"pa_valjund-pnp--","22":"manufacturers-datalogic-ru","24":"first","25":"instock","26":"taxable","27":"shipping-taxable","28":"purchasable","29":"product-type-simple"},"acf":[],"yoast_head":"<!-- This site is optimized with the Yoast SEO Premium plugin v25.4 (Yoast SEO v25.4) - https:\/\/yoast.com\/wordpress\/plugins\/seo\/ -->\n<title>S51-MA-2-A00-PK \u0444\u043e\u0442\u043e\u0434\u0430\u0442\u0447\u0438\u043a; 10-30DC; \u043c\u0435\u0442\u0430\u043b\u043b\u0438\u0447\u0435\u0441\u043a\u0438\u0439 \u043a\u043e\u0440\u043f\u0443\u0441 M18; \u043e\u0442\u0440\u0430\u0436\u0435\u043d\u0438\u0435 \u043e\u0442 \u0440\u0435\u0444\u043b\u0435\u043a\u0442\u043e\u0440\u0430; \u0430\u043a\u0441\u0438\u0430\u043b\u044c\u043d\u044b\u0439; 0,1...4\u043c; PNP \u0442\u0435\u043c\u043d\u044b\u0439\/\u0441\u0432\u0435\u0442\u043b\u044b\u0439; NO; \u043a\u0430\u0431\u0435\u043b\u044c 2\u043c - Sakala T\u00f6\u00f6stusautomaatika O\u00dc<\/title>\n<meta name=\"robots\" content=\"index, follow, max-snippet:-1, max-image-preview:large, max-video-preview:-1\" \/>\n<link rel=\"canonical\" href=\"https:\/\/sakt.ee\/\u043c\u0430\u0433\u0430\u0437\u0438\u043d\/andurid\/fotoandurid\/reflektorilt-peegelduvad\/s51-ma-2-a00-pk-fotoandur-10-30dc-m18-metallkorpus-reflektorilt-peegelduv-axial-01-4m-pnp-dark-light-no-2m-juhe\/\" \/>\n<meta property=\"og:locale\" content=\"ru_RU\" \/>\n<meta property=\"og:type\" content=\"article\" \/>\n<meta property=\"og:title\" content=\"S51-MA-2-A00-PK \u0444\u043e\u0442\u043e\u0434\u0430\u0442\u0447\u0438\u043a; 10-30DC; \u043c\u0435\u0442\u0430\u043b\u043b\u0438\u0447\u0435\u0441\u043a\u0438\u0439 \u043a\u043e\u0440\u043f\u0443\u0441 M18; \u043e\u0442\u0440\u0430\u0436\u0435\u043d\u0438\u0435 \u043e\u0442 \u0440\u0435\u0444\u043b\u0435\u043a\u0442\u043e\u0440\u0430; \u0430\u043a\u0441\u0438\u0430\u043b\u044c\u043d\u044b\u0439; 0,1...4\u043c; PNP \u0442\u0435\u043c\u043d\u044b\u0439\/\u0441\u0432\u0435\u0442\u043b\u044b\u0439; NO; \u043a\u0430\u0431\u0435\u043b\u044c 2\u043c\" \/>\n<meta property=\"og:url\" content=\"https:\/\/sakt.ee\/\u043c\u0430\u0433\u0430\u0437\u0438\u043d\/andurid\/fotoandurid\/reflektorilt-peegelduvad\/s51-ma-2-a00-pk-fotoandur-10-30dc-m18-metallkorpus-reflektorilt-peegelduv-axial-01-4m-pnp-dark-light-no-2m-juhe\/\" \/>\n<meta property=\"og:site_name\" content=\"Sakala T\u00f6\u00f6stusautomaatika O\u00dc\" \/>\n<meta property=\"article:modified_time\" content=\"2025-11-18T19:58:46+00:00\" \/>\n<meta property=\"og:image\" content=\"https:\/\/sakt.ee\/wp-content\/uploads\/2025\/05\/1718.jpg\" \/>\n\t<meta property=\"og:image:width\" content=\"500\" \/>\n\t<meta property=\"og:image:height\" content=\"500\" \/>\n\t<meta property=\"og:image:type\" content=\"image\/jpeg\" \/>\n<meta name=\"twitter:card\" content=\"summary_large_image\" \/>\n<meta name=\"twitter:label1\" content=\"\u0426\u0435\u043d\u0430\" \/>\n\t<meta name=\"twitter:data1\" content=\"36,10&euro; +KM\" \/>\n\t<meta name=\"twitter:label2\" content=\"\u0414\u043e\u0441\u0442\u0443\u043f\u043d\u043e\u0441\u0442\u044c\" \/>\n\t<meta name=\"twitter:data2\" content=\"\u0412 \u043d\u0430\u043b\u0438\u0447\u0438\u0438\" \/>\n<script type=\"application\/ld+json\" class=\"yoast-schema-graph\">{\"@context\":\"https:\/\/schema.org\",\"@graph\":[{\"@type\":\"WebPage\",\"@id\":\"https:\/\/sakt.ee\/\u043c\u0430\u0433\u0430\u0437\u0438\u043d\/andurid\/fotoandurid\/reflektorilt-peegelduvad\/s51-ma-2-a00-pk-fotoandur-10-30dc-m18-metallkorpus-reflektorilt-peegelduv-axial-01-4m-pnp-dark-light-no-2m-juhe\/\",\"url\":\"https:\/\/sakt.ee\/\u043c\u0430\u0433\u0430\u0437\u0438\u043d\/andurid\/fotoandurid\/reflektorilt-peegelduvad\/s51-ma-2-a00-pk-fotoandur-10-30dc-m18-metallkorpus-reflektorilt-peegelduv-axial-01-4m-pnp-dark-light-no-2m-juhe\/\",\"name\":\"S51-MA-2-A00-PK \u0444\u043e\u0442\u043e\u0434\u0430\u0442\u0447\u0438\u043a; 10-30DC; \u043c\u0435\u0442\u0430\u043b\u043b\u0438\u0447\u0435\u0441\u043a\u0438\u0439 \u043a\u043e\u0440\u043f\u0443\u0441 M18; \u043e\u0442\u0440\u0430\u0436\u0435\u043d\u0438\u0435 \u043e\u0442 \u0440\u0435\u0444\u043b\u0435\u043a\u0442\u043e\u0440\u0430; \u0430\u043a\u0441\u0438\u0430\u043b\u044c\u043d\u044b\u0439; 0,1...4\u043c; PNP \u0442\u0435\u043c\u043d\u044b\u0439\/\u0441\u0432\u0435\u0442\u043b\u044b\u0439; NO; \u043a\u0430\u0431\u0435\u043b\u044c 2\u043c - Sakala T\u00f6\u00f6stusautomaatika O\u00dc\",\"isPartOf\":{\"@id\":\"https:\/\/sakt.ee\/en\/#website\"},\"primaryImageOfPage\":{\"@id\":\"https:\/\/sakt.ee\/\u043c\u0430\u0433\u0430\u0437\u0438\u043d\/andurid\/fotoandurid\/reflektorilt-peegelduvad\/s51-ma-2-a00-pk-fotoandur-10-30dc-m18-metallkorpus-reflektorilt-peegelduv-axial-01-4m-pnp-dark-light-no-2m-juhe\/#primaryimage\"},\"image\":{\"@id\":\"https:\/\/sakt.ee\/\u043c\u0430\u0433\u0430\u0437\u0438\u043d\/andurid\/fotoandurid\/reflektorilt-peegelduvad\/s51-ma-2-a00-pk-fotoandur-10-30dc-m18-metallkorpus-reflektorilt-peegelduv-axial-01-4m-pnp-dark-light-no-2m-juhe\/#primaryimage\"},\"thumbnailUrl\":\"https:\/\/sakt.ee\/wp-content\/uploads\/2025\/05\/1718.jpg\",\"datePublished\":\"2025-05-17T00:08:48+00:00\",\"dateModified\":\"2025-11-18T19:58:46+00:00\",\"breadcrumb\":{\"@id\":\"https:\/\/sakt.ee\/\u043c\u0430\u0433\u0430\u0437\u0438\u043d\/andurid\/fotoandurid\/reflektorilt-peegelduvad\/s51-ma-2-a00-pk-fotoandur-10-30dc-m18-metallkorpus-reflektorilt-peegelduv-axial-01-4m-pnp-dark-light-no-2m-juhe\/#breadcrumb\"},\"inLanguage\":\"ru-RU\",\"potentialAction\":[{\"@type\":\"ReadAction\",\"target\":[\"https:\/\/sakt.ee\/\u043c\u0430\u0433\u0430\u0437\u0438\u043d\/andurid\/fotoandurid\/reflektorilt-peegelduvad\/s51-ma-2-a00-pk-fotoandur-10-30dc-m18-metallkorpus-reflektorilt-peegelduv-axial-01-4m-pnp-dark-light-no-2m-juhe\/\"]}]},{\"@type\":\"ImageObject\",\"inLanguage\":\"ru-RU\",\"@id\":\"https:\/\/sakt.ee\/\u043c\u0430\u0433\u0430\u0437\u0438\u043d\/andurid\/fotoandurid\/reflektorilt-peegelduvad\/s51-ma-2-a00-pk-fotoandur-10-30dc-m18-metallkorpus-reflektorilt-peegelduv-axial-01-4m-pnp-dark-light-no-2m-juhe\/#primaryimage\",\"url\":\"https:\/\/sakt.ee\/wp-content\/uploads\/2025\/05\/1718.jpg\",\"contentUrl\":\"https:\/\/sakt.ee\/wp-content\/uploads\/2025\/05\/1718.jpg\",\"width\":500,\"height\":500},{\"@type\":\"BreadcrumbList\",\"@id\":\"https:\/\/sakt.ee\/\u043c\u0430\u0433\u0430\u0437\u0438\u043d\/andurid\/fotoandurid\/reflektorilt-peegelduvad\/s51-ma-2-a00-pk-fotoandur-10-30dc-m18-metallkorpus-reflektorilt-peegelduv-axial-01-4m-pnp-dark-light-no-2m-juhe\/#breadcrumb\",\"itemListElement\":[{\"@type\":\"ListItem\",\"position\":1,\"name\":\"Home\",\"item\":\"https:\/\/sakt.ee\/\"},{\"@type\":\"ListItem\",\"position\":2,\"name\":\"\u041c\u0430\u0433\u0430\u0437\u0438\u043d\",\"item\":\"https:\/\/sakt.ee\/ru\/\u043c\u0430\u0433\u0430\u0437\u0438\u043d\/\"},{\"@type\":\"ListItem\",\"position\":3,\"name\":\"S51-MA-2-A00-PK \u0444\u043e\u0442\u043e\u0434\u0430\u0442\u0447\u0438\u043a; 10-30DC; \u043c\u0435\u0442\u0430\u043b\u043b\u0438\u0447\u0435\u0441\u043a\u0438\u0439 \u043a\u043e\u0440\u043f\u0443\u0441 M18; \u043e\u0442\u0440\u0430\u0436\u0435\u043d\u0438\u0435 \u043e\u0442 \u0440\u0435\u0444\u043b\u0435\u043a\u0442\u043e\u0440\u0430; \u0430\u043a\u0441\u0438\u0430\u043b\u044c\u043d\u044b\u0439; 0,1&#8230;4\u043c; PNP \u0442\u0435\u043c\u043d\u044b\u0439\/\u0441\u0432\u0435\u0442\u043b\u044b\u0439; NO; \u043a\u0430\u0431\u0435\u043b\u044c 2\u043c\"}]},{\"@type\":\"WebSite\",\"@id\":\"https:\/\/sakt.ee\/en\/#website\",\"url\":\"https:\/\/sakt.ee\/en\/\",\"name\":\"Sakala T\u00f6\u00f6stusautomaatika O\u00dc\",\"description\":\"T\u00f6\u00f6stusautomaatika e-pood\",\"publisher\":{\"@id\":\"https:\/\/sakt.ee\/en\/#organization\"},\"potentialAction\":[{\"@type\":\"SearchAction\",\"target\":{\"@type\":\"EntryPoint\",\"urlTemplate\":\"https:\/\/sakt.ee\/en\/?s={search_term_string}\"},\"query-input\":{\"@type\":\"PropertyValueSpecification\",\"valueRequired\":true,\"valueName\":\"search_term_string\"}}],\"inLanguage\":\"ru-RU\"},{\"@type\":\"Organization\",\"@id\":\"https:\/\/sakt.ee\/en\/#organization\",\"name\":\"Sakala T\u00f6\u00f6stusautomaatika O\u00dc\",\"url\":\"https:\/\/sakt.ee\/en\/\",\"logo\":{\"@type\":\"ImageObject\",\"inLanguage\":\"ru-RU\",\"@id\":\"https:\/\/sakt.ee\/en\/#\/schema\/logo\/image\/\",\"url\":\"https:\/\/sakt.ee\/wp-content\/uploads\/2025\/05\/Sakala-Toostusautomaatika-favicon.png\",\"contentUrl\":\"https:\/\/sakt.ee\/wp-content\/uploads\/2025\/05\/Sakala-Toostusautomaatika-favicon.png\",\"width\":500,\"height\":500,\"caption\":\"Sakala T\u00f6\u00f6stusautomaatika O\u00dc\"},\"image\":{\"@id\":\"https:\/\/sakt.ee\/en\/#\/schema\/logo\/image\/\"}}]}<\/script>\n<meta property=\"product:price:amount\" content=\"36.10\" \/>\n<meta property=\"product:price:currency\" content=\"EUR\" \/>\n<meta property=\"og:availability\" content=\"instock\" \/>\n<meta property=\"product:availability\" content=\"instock\" \/>\n<meta property=\"product:retailer_item_id\" content=\"952701541\" \/>\n<meta property=\"product:condition\" content=\"new\" \/>\n<!-- \/ Yoast SEO Premium plugin. -->","yoast_head_json":{"title":"S51-MA-2-A00-PK \u0444\u043e\u0442\u043e\u0434\u0430\u0442\u0447\u0438\u043a; 10-30DC; \u043c\u0435\u0442\u0430\u043b\u043b\u0438\u0447\u0435\u0441\u043a\u0438\u0439 \u043a\u043e\u0440\u043f\u0443\u0441 M18; \u043e\u0442\u0440\u0430\u0436\u0435\u043d\u0438\u0435 \u043e\u0442 \u0440\u0435\u0444\u043b\u0435\u043a\u0442\u043e\u0440\u0430; \u0430\u043a\u0441\u0438\u0430\u043b\u044c\u043d\u044b\u0439; 0,1...4\u043c; PNP \u0442\u0435\u043c\u043d\u044b\u0439\/\u0441\u0432\u0435\u0442\u043b\u044b\u0439; NO; \u043a\u0430\u0431\u0435\u043b\u044c 2\u043c - Sakala T\u00f6\u00f6stusautomaatika O\u00dc","robots":{"index":"index","follow":"follow","max-snippet":"max-snippet:-1","max-image-preview":"max-image-preview:large","max-video-preview":"max-video-preview:-1"},"canonical":"https:\/\/sakt.ee\/\u043c\u0430\u0433\u0430\u0437\u0438\u043d\/andurid\/fotoandurid\/reflektorilt-peegelduvad\/s51-ma-2-a00-pk-fotoandur-10-30dc-m18-metallkorpus-reflektorilt-peegelduv-axial-01-4m-pnp-dark-light-no-2m-juhe\/","og_locale":"ru_RU","og_type":"article","og_title":"S51-MA-2-A00-PK \u0444\u043e\u0442\u043e\u0434\u0430\u0442\u0447\u0438\u043a; 10-30DC; \u043c\u0435\u0442\u0430\u043b\u043b\u0438\u0447\u0435\u0441\u043a\u0438\u0439 \u043a\u043e\u0440\u043f\u0443\u0441 M18; \u043e\u0442\u0440\u0430\u0436\u0435\u043d\u0438\u0435 \u043e\u0442 \u0440\u0435\u0444\u043b\u0435\u043a\u0442\u043e\u0440\u0430; \u0430\u043a\u0441\u0438\u0430\u043b\u044c\u043d\u044b\u0439; 0,1...4\u043c; PNP \u0442\u0435\u043c\u043d\u044b\u0439\/\u0441\u0432\u0435\u0442\u043b\u044b\u0439; NO; \u043a\u0430\u0431\u0435\u043b\u044c 2\u043c","og_url":"https:\/\/sakt.ee\/\u043c\u0430\u0433\u0430\u0437\u0438\u043d\/andurid\/fotoandurid\/reflektorilt-peegelduvad\/s51-ma-2-a00-pk-fotoandur-10-30dc-m18-metallkorpus-reflektorilt-peegelduv-axial-01-4m-pnp-dark-light-no-2m-juhe\/","og_site_name":"Sakala T\u00f6\u00f6stusautomaatika O\u00dc","article_modified_time":"2025-11-18T19:58:46+00:00","og_image":[{"width":500,"height":500,"url":"https:\/\/sakt.ee\/wp-content\/uploads\/2025\/05\/1718.jpg","type":"image\/jpeg"}],"twitter_card":"summary_large_image","twitter_misc":{"\u0426\u0435\u043d\u0430":"36,10&euro; +KM","\u0414\u043e\u0441\u0442\u0443\u043f\u043d\u043e\u0441\u0442\u044c":"\u0412 \u043d\u0430\u043b\u0438\u0447\u0438\u0438"},"schema":{"@context":"https:\/\/schema.org","@graph":[{"@type":"WebPage","@id":"https:\/\/sakt.ee\/\u043c\u0430\u0433\u0430\u0437\u0438\u043d\/andurid\/fotoandurid\/reflektorilt-peegelduvad\/s51-ma-2-a00-pk-fotoandur-10-30dc-m18-metallkorpus-reflektorilt-peegelduv-axial-01-4m-pnp-dark-light-no-2m-juhe\/","url":"https:\/\/sakt.ee\/\u043c\u0430\u0433\u0430\u0437\u0438\u043d\/andurid\/fotoandurid\/reflektorilt-peegelduvad\/s51-ma-2-a00-pk-fotoandur-10-30dc-m18-metallkorpus-reflektorilt-peegelduv-axial-01-4m-pnp-dark-light-no-2m-juhe\/","name":"S51-MA-2-A00-PK \u0444\u043e\u0442\u043e\u0434\u0430\u0442\u0447\u0438\u043a; 10-30DC; \u043c\u0435\u0442\u0430\u043b\u043b\u0438\u0447\u0435\u0441\u043a\u0438\u0439 \u043a\u043e\u0440\u043f\u0443\u0441 M18; \u043e\u0442\u0440\u0430\u0436\u0435\u043d\u0438\u0435 \u043e\u0442 \u0440\u0435\u0444\u043b\u0435\u043a\u0442\u043e\u0440\u0430; \u0430\u043a\u0441\u0438\u0430\u043b\u044c\u043d\u044b\u0439; 0,1...4\u043c; PNP \u0442\u0435\u043c\u043d\u044b\u0439\/\u0441\u0432\u0435\u0442\u043b\u044b\u0439; NO; \u043a\u0430\u0431\u0435\u043b\u044c 2\u043c - Sakala T\u00f6\u00f6stusautomaatika O\u00dc","isPartOf":{"@id":"https:\/\/sakt.ee\/en\/#website"},"primaryImageOfPage":{"@id":"https:\/\/sakt.ee\/\u043c\u0430\u0433\u0430\u0437\u0438\u043d\/andurid\/fotoandurid\/reflektorilt-peegelduvad\/s51-ma-2-a00-pk-fotoandur-10-30dc-m18-metallkorpus-reflektorilt-peegelduv-axial-01-4m-pnp-dark-light-no-2m-juhe\/#primaryimage"},"image":{"@id":"https:\/\/sakt.ee\/\u043c\u0430\u0433\u0430\u0437\u0438\u043d\/andurid\/fotoandurid\/reflektorilt-peegelduvad\/s51-ma-2-a00-pk-fotoandur-10-30dc-m18-metallkorpus-reflektorilt-peegelduv-axial-01-4m-pnp-dark-light-no-2m-juhe\/#primaryimage"},"thumbnailUrl":"https:\/\/sakt.ee\/wp-content\/uploads\/2025\/05\/1718.jpg","datePublished":"2025-05-17T00:08:48+00:00","dateModified":"2025-11-18T19:58:46+00:00","breadcrumb":{"@id":"https:\/\/sakt.ee\/\u043c\u0430\u0433\u0430\u0437\u0438\u043d\/andurid\/fotoandurid\/reflektorilt-peegelduvad\/s51-ma-2-a00-pk-fotoandur-10-30dc-m18-metallkorpus-reflektorilt-peegelduv-axial-01-4m-pnp-dark-light-no-2m-juhe\/#breadcrumb"},"inLanguage":"ru-RU","potentialAction":[{"@type":"ReadAction","target":["https:\/\/sakt.ee\/\u043c\u0430\u0433\u0430\u0437\u0438\u043d\/andurid\/fotoandurid\/reflektorilt-peegelduvad\/s51-ma-2-a00-pk-fotoandur-10-30dc-m18-metallkorpus-reflektorilt-peegelduv-axial-01-4m-pnp-dark-light-no-2m-juhe\/"]}]},{"@type":"ImageObject","inLanguage":"ru-RU","@id":"https:\/\/sakt.ee\/\u043c\u0430\u0433\u0430\u0437\u0438\u043d\/andurid\/fotoandurid\/reflektorilt-peegelduvad\/s51-ma-2-a00-pk-fotoandur-10-30dc-m18-metallkorpus-reflektorilt-peegelduv-axial-01-4m-pnp-dark-light-no-2m-juhe\/#primaryimage","url":"https:\/\/sakt.ee\/wp-content\/uploads\/2025\/05\/1718.jpg","contentUrl":"https:\/\/sakt.ee\/wp-content\/uploads\/2025\/05\/1718.jpg","width":500,"height":500},{"@type":"BreadcrumbList","@id":"https:\/\/sakt.ee\/\u043c\u0430\u0433\u0430\u0437\u0438\u043d\/andurid\/fotoandurid\/reflektorilt-peegelduvad\/s51-ma-2-a00-pk-fotoandur-10-30dc-m18-metallkorpus-reflektorilt-peegelduv-axial-01-4m-pnp-dark-light-no-2m-juhe\/#breadcrumb","itemListElement":[{"@type":"ListItem","position":1,"name":"Home","item":"https:\/\/sakt.ee\/"},{"@type":"ListItem","position":2,"name":"\u041c\u0430\u0433\u0430\u0437\u0438\u043d","item":"https:\/\/sakt.ee\/ru\/\u043c\u0430\u0433\u0430\u0437\u0438\u043d\/"},{"@type":"ListItem","position":3,"name":"S51-MA-2-A00-PK \u0444\u043e\u0442\u043e\u0434\u0430\u0442\u0447\u0438\u043a; 10-30DC; \u043c\u0435\u0442\u0430\u043b\u043b\u0438\u0447\u0435\u0441\u043a\u0438\u0439 \u043a\u043e\u0440\u043f\u0443\u0441 M18; \u043e\u0442\u0440\u0430\u0436\u0435\u043d\u0438\u0435 \u043e\u0442 \u0440\u0435\u0444\u043b\u0435\u043a\u0442\u043e\u0440\u0430; \u0430\u043a\u0441\u0438\u0430\u043b\u044c\u043d\u044b\u0439; 0,1&#8230;4\u043c; PNP \u0442\u0435\u043c\u043d\u044b\u0439\/\u0441\u0432\u0435\u0442\u043b\u044b\u0439; NO; \u043a\u0430\u0431\u0435\u043b\u044c 2\u043c"}]},{"@type":"WebSite","@id":"https:\/\/sakt.ee\/en\/#website","url":"https:\/\/sakt.ee\/en\/","name":"Sakala T\u00f6\u00f6stusautomaatika O\u00dc","description":"T\u00f6\u00f6stusautomaatika e-pood","publisher":{"@id":"https:\/\/sakt.ee\/en\/#organization"},"potentialAction":[{"@type":"SearchAction","target":{"@type":"EntryPoint","urlTemplate":"https:\/\/sakt.ee\/en\/?s={search_term_string}"},"query-input":{"@type":"PropertyValueSpecification","valueRequired":true,"valueName":"search_term_string"}}],"inLanguage":"ru-RU"},{"@type":"Organization","@id":"https:\/\/sakt.ee\/en\/#organization","name":"Sakala T\u00f6\u00f6stusautomaatika O\u00dc","url":"https:\/\/sakt.ee\/en\/","logo":{"@type":"ImageObject","inLanguage":"ru-RU","@id":"https:\/\/sakt.ee\/en\/#\/schema\/logo\/image\/","url":"https:\/\/sakt.ee\/wp-content\/uploads\/2025\/05\/Sakala-Toostusautomaatika-favicon.png","contentUrl":"https:\/\/sakt.ee\/wp-content\/uploads\/2025\/05\/Sakala-Toostusautomaatika-favicon.png","width":500,"height":500,"caption":"Sakala T\u00f6\u00f6stusautomaatika O\u00dc"},"image":{"@id":"https:\/\/sakt.ee\/en\/#\/schema\/logo\/image\/"}}]},"product_price_amount":"36.10","product_price_currency":"EUR","og_availability":"instock","product_availability":"instock","product_retailer_item_id":"952701541","product_condition":"new"},"_links":{"self":[{"href":"https:\/\/sakt.ee\/ru\/wp-json\/wp\/v2\/product\/38323","targetHints":{"allow":["GET"]}}],"collection":[{"href":"https:\/\/sakt.ee\/ru\/wp-json\/wp\/v2\/product"}],"about":[{"href":"https:\/\/sakt.ee\/ru\/wp-json\/wp\/v2\/types\/product"}],"version-history":[{"count":0,"href":"https:\/\/sakt.ee\/ru\/wp-json\/wp\/v2\/product\/38323\/revisions"}],"wp:featuredmedia":[{"embeddable":true,"href":"https:\/\/sakt.ee\/ru\/wp-json\/wp\/v2\/media\/27326"}],"wp:attachment":[{"href":"https:\/\/sakt.ee\/ru\/wp-json\/wp\/v2\/media?parent=38323"}],"wp:term":[{"taxonomy":"product_brand","embeddable":true,"href":"https:\/\/sakt.ee\/ru\/wp-json\/wp\/v2\/product_brand?post=38323"},{"taxonomy":"product_cat","embeddable":true,"href":"https:\/\/sakt.ee\/ru\/wp-json\/wp\/v2\/product_cat?post=38323"},{"taxonomy":"product_tag","embeddable":true,"href":"https:\/\/sakt.ee\/ru\/wp-json\/wp\/v2\/product_tag?post=38323"},{"taxonomy":"manufacturers","embeddable":true,"href":"https:\/\/sakt.ee\/ru\/wp-json\/wp\/v2\/manufacturers?post=38323"}],"curies":[{"name":"wp","href":"https:\/\/api.w.org\/{rel}","templated":true}]}}