{"id":37763,"date":"2025-05-17T02:01:38","date_gmt":"2025-05-16T23:01:38","guid":{"rendered":"https:\/\/sakt.ee\/product\/pl6-b13-1-%d0%bb%d0%b8%d0%bd%d0%b5%d0%b9%d0%bd%d1%8b%d0%b9-%d0%b0%d0%b2%d1%82%d0%be%d0%bc%d0%b0%d1%82%d0%b8%d1%87%d0%b5%d1%81%d0%ba%d0%b8%d0%b9-%d0%b2%d1%8b%d0%ba%d0%bb%d1%8e%d1%87%d0%b0%d1%82%d0"},"modified":"2025-11-18T23:48:13","modified_gmt":"2025-11-18T20:48:13","slug":"pl6-b13-1-%d0%bb%d0%b8%d0%bd%d0%b5%d0%b9%d0%bd%d1%8b%d0%b9-%d0%b0%d0%b2%d1%82%d0%be%d0%bc%d0%b0%d1%82%d0%b8%d1%87%d0%b5%d1%81%d0%ba%d0%b8%d0%b9-%d0%b2%d1%8b%d0%ba%d0%bb%d1%8e%d1%87%d0%b0%d1%82%d0%b5","status":"publish","type":"product","link":"https:\/\/sakt.ee\/ru\/\u043c\u0430\u0433\u0430\u0437\u0438\u043d\/%d0%ba%d0%be%d0%bc%d0%bf%d0%be%d0%bd%d0%b5%d0%bd%d1%82%d1%8b-%d0%b0%d0%b2%d1%82%d0%be%d0%bc%d0%b0%d1%82%d0%b8%d0%ba%d0%b8\/%d0%b0%d0%b2%d1%82%d0%be%d0%bc%d0%b0%d1%82%d0%b8%d1%87%d0%b5%d1%81%d0%ba%d0%b8%d0%b5-%d0%b2%d1%8b%d0%ba%d0%bb%d1%8e%d1%87%d0%b0%d1%82%d0%b5%d0%bb%d0%b8-2\/%d0%bb%d0%b8%d0%bd%d0%b5%d0%b9%d0%bd%d1%8b%d0%b5-%d0%b0%d0%b2%d1%82%d0%be%d0%bc%d0%b0%d1%82%d0%b8%d1%87%d0%b5%d1%81%d0%ba%d0%b8%d0%b5-%d0%b2%d1%8b%d0%ba%d0%bb%d1%8e%d1%87%d0%b0%d1%82%d0%b5%d0%bb%d0%b8\/pl6-b13-1-%d0%bb%d0%b8%d0%bd%d0%b5%d0%b9%d0%bd%d1%8b%d0%b9-%d0%b0%d0%b2%d1%82%d0%be%d0%bc%d0%b0%d1%82%d0%b8%d1%87%d0%b5%d1%81%d0%ba%d0%b8%d0%b9-%d0%b2%d1%8b%d0%ba%d0%bb%d1%8e%d1%87%d0%b0%d1%82%d0%b5\/","title":{"rendered":"PL6-B13\/1 \u041b\u0438\u043d\u0435\u0439\u043d\u044b\u0439 \u0430\u0432\u0442\u043e\u043c\u0430\u0442\u0438\u0447\u0435\u0441\u043a\u0438\u0439 \u0432\u044b\u043a\u043b\u044e\u0447\u0430\u0442\u0435\u043b\u044c, 1 \u043f\u043e\u043b\u044e\u0441, 13A, \u0445\u0430\u0440\u0430\u043a\u0442\u0435\u0440\u0438\u0441\u0442\u0438\u043a\u0430 B, 6kA"},"content":{"rendered":"","protected":false},"excerpt":{"rendered":"<p>PL6\u041b\u0438\u043d\u0435\u0439\u043d\u044b\u0435 \u0430\u0432\u0442\u043e\u043c\u0430\u0442\u0438\u0447\u0435\u0441\u043a\u0438\u0435 \u0432\u044b\u043a\u043b\u044e\u0447\u0430\u0442\u0435\u043b\u0438 \u041a\u043e\u0440\u043e\u0442\u043a\u043e\u0437\u0430\u043c\u044b\u043a\u0430\u0442\u0435\u043b\u044c 6 \u043a\u0410 (EN 60898) \u041d\u043e\u043c\u0438\u043d\u0430\u043b\u044c\u043d\u043e\u0435 \u043d\u0430\u043f\u0440\u044f\u0436\u0435\u043d\u0438\u0435 230\/400 \u0412 50\/60 \u0413\u0446, 48 \u0412 DC \u041d\u0430\u043f\u0440\u0430\u0432\u043b\u0435\u043d\u0438\u0435 \u043f\u0438\u0442\u0430\u043d\u0438\u044f \u043d\u0435 \u0443\u043a\u0430\u0437\u0430\u043d\u043e \u0421\u0435\u0447\u0435\u043d\u0438\u0435 \u043f\u043e\u0434\u043a\u043b\u044e\u0447\u0430\u0435\u043c\u043e\u0433\u043e \u043f\u0440\u043e\u0432\u043e\u0434\u0430 1-25 \u043c\u043c<\/p>\n","protected":false},"featured_media":26294,"template":"","meta":{"_acf_changed":false},"product_brand":[],"product_cat":[3660],"product_tag":[],"manufacturers":[7786],"class_list":{"0":"post-37763","1":"product","2":"type-product","3":"status-publish","4":"has-post-thumbnail","6":"product_cat-3660","7":"pa_kaitseklass-ip20-ru","8":"pa_karakteristik-b-ru","9":"pa_luhise-lahutusvoime-6-","10":"pa_nimivool-13a-ru","11":"pa_paigaldus-din-ru","12":"pa_pooluste-arv-1-ru","13":"pa_tootemperatuur-25-75c-ru","14":"pa_tootja-eaton","15":"manufacturers-eaton-ru","17":"first","18":"instock","19":"taxable","20":"shipping-taxable","21":"purchasable","22":"product-type-simple"},"acf":[],"yoast_head":"<!-- This site is optimized with the Yoast SEO Premium plugin v25.4 (Yoast SEO v25.4) - https:\/\/yoast.com\/wordpress\/plugins\/seo\/ -->\n<title>PL6-B13\/1 \u041b\u0438\u043d\u0435\u0439\u043d\u044b\u0439 \u0430\u0432\u0442\u043e\u043c\u0430\u0442\u0438\u0447\u0435\u0441\u043a\u0438\u0439 \u0432\u044b\u043a\u043b\u044e\u0447\u0430\u0442\u0435\u043b\u044c, 1 \u043f\u043e\u043b\u044e\u0441, 13A, \u0445\u0430\u0440\u0430\u043a\u0442\u0435\u0440\u0438\u0441\u0442\u0438\u043a\u0430 B, 6kA - Sakala T\u00f6\u00f6stusautomaatika O\u00dc<\/title>\n<meta name=\"robots\" content=\"index, follow, max-snippet:-1, max-image-preview:large, max-video-preview:-1\" \/>\n<link rel=\"canonical\" href=\"https:\/\/sakt.ee\/\u043c\u0430\u0433\u0430\u0437\u0438\u043d\/automaatikakomponendid\/automaatlulitid\/liinikaitselulitid\/pl6-b13-1-liinikaitseluliti-1-poolus-13a-b-karakteristik-6ka\/\" \/>\n<meta property=\"og:locale\" content=\"ru_RU\" \/>\n<meta property=\"og:type\" content=\"article\" \/>\n<meta property=\"og:title\" content=\"PL6-B13\/1 \u041b\u0438\u043d\u0435\u0439\u043d\u044b\u0439 \u0430\u0432\u0442\u043e\u043c\u0430\u0442\u0438\u0447\u0435\u0441\u043a\u0438\u0439 \u0432\u044b\u043a\u043b\u044e\u0447\u0430\u0442\u0435\u043b\u044c, 1 \u043f\u043e\u043b\u044e\u0441, 13A, \u0445\u0430\u0440\u0430\u043a\u0442\u0435\u0440\u0438\u0441\u0442\u0438\u043a\u0430 B, 6kA\" \/>\n<meta property=\"og:description\" content=\"PL6\u041b\u0438\u043d\u0435\u0439\u043d\u044b\u0435 \u0430\u0432\u0442\u043e\u043c\u0430\u0442\u0438\u0447\u0435\u0441\u043a\u0438\u0435 \u0432\u044b\u043a\u043b\u044e\u0447\u0430\u0442\u0435\u043b\u0438 \u041a\u043e\u0440\u043e\u0442\u043a\u043e\u0437\u0430\u043c\u044b\u043a\u0430\u0442\u0435\u043b\u044c 6 \u043a\u0410 (EN 60898) \u041d\u043e\u043c\u0438\u043d\u0430\u043b\u044c\u043d\u043e\u0435 \u043d\u0430\u043f\u0440\u044f\u0436\u0435\u043d\u0438\u0435 230\/400 \u0412 50\/60 \u0413\u0446, 48 \u0412 DC \u041d\u0430\u043f\u0440\u0430\u0432\u043b\u0435\u043d\u0438\u0435 \u043f\u0438\u0442\u0430\u043d\u0438\u044f \u043d\u0435 \u0443\u043a\u0430\u0437\u0430\u043d\u043e \u0421\u0435\u0447\u0435\u043d\u0438\u0435 \u043f\u043e\u0434\u043a\u043b\u044e\u0447\u0430\u0435\u043c\u043e\u0433\u043e \u043f\u0440\u043e\u0432\u043e\u0434\u0430 1-25 \u043c\u043c\" \/>\n<meta property=\"og:url\" content=\"https:\/\/sakt.ee\/\u043c\u0430\u0433\u0430\u0437\u0438\u043d\/automaatikakomponendid\/automaatlulitid\/liinikaitselulitid\/pl6-b13-1-liinikaitseluliti-1-poolus-13a-b-karakteristik-6ka\/\" \/>\n<meta property=\"og:site_name\" content=\"Sakala T\u00f6\u00f6stusautomaatika O\u00dc\" \/>\n<meta property=\"article:modified_time\" content=\"2025-11-18T20:48:13+00:00\" \/>\n<meta property=\"og:image\" content=\"https:\/\/sakt.ee\/wp-content\/uploads\/2025\/05\/462.jpg\" \/>\n\t<meta property=\"og:image:width\" content=\"318\" \/>\n\t<meta property=\"og:image:height\" content=\"580\" \/>\n\t<meta property=\"og:image:type\" content=\"image\/jpeg\" \/>\n<meta name=\"twitter:card\" content=\"summary_large_image\" \/>\n<meta name=\"twitter:label1\" content=\"\u0426\u0435\u043d\u0430\" \/>\n\t<meta name=\"twitter:data1\" content=\"3,10&euro; +KM\" \/>\n\t<meta name=\"twitter:label2\" content=\"\u0414\u043e\u0441\u0442\u0443\u043f\u043d\u043e\u0441\u0442\u044c\" \/>\n\t<meta name=\"twitter:data2\" content=\"\u0412 \u043d\u0430\u043b\u0438\u0447\u0438\u0438\" \/>\n<script type=\"application\/ld+json\" class=\"yoast-schema-graph\">{\"@context\":\"https:\/\/schema.org\",\"@graph\":[{\"@type\":\"WebPage\",\"@id\":\"https:\/\/sakt.ee\/\u043c\u0430\u0433\u0430\u0437\u0438\u043d\/automaatikakomponendid\/automaatlulitid\/liinikaitselulitid\/pl6-b13-1-liinikaitseluliti-1-poolus-13a-b-karakteristik-6ka\/\",\"url\":\"https:\/\/sakt.ee\/\u043c\u0430\u0433\u0430\u0437\u0438\u043d\/automaatikakomponendid\/automaatlulitid\/liinikaitselulitid\/pl6-b13-1-liinikaitseluliti-1-poolus-13a-b-karakteristik-6ka\/\",\"name\":\"PL6-B13\/1 \u041b\u0438\u043d\u0435\u0439\u043d\u044b\u0439 \u0430\u0432\u0442\u043e\u043c\u0430\u0442\u0438\u0447\u0435\u0441\u043a\u0438\u0439 \u0432\u044b\u043a\u043b\u044e\u0447\u0430\u0442\u0435\u043b\u044c, 1 \u043f\u043e\u043b\u044e\u0441, 13A, \u0445\u0430\u0440\u0430\u043a\u0442\u0435\u0440\u0438\u0441\u0442\u0438\u043a\u0430 B, 6kA - Sakala T\u00f6\u00f6stusautomaatika O\u00dc\",\"isPartOf\":{\"@id\":\"https:\/\/sakt.ee\/en\/#website\"},\"primaryImageOfPage\":{\"@id\":\"https:\/\/sakt.ee\/\u043c\u0430\u0433\u0430\u0437\u0438\u043d\/automaatikakomponendid\/automaatlulitid\/liinikaitselulitid\/pl6-b13-1-liinikaitseluliti-1-poolus-13a-b-karakteristik-6ka\/#primaryimage\"},\"image\":{\"@id\":\"https:\/\/sakt.ee\/\u043c\u0430\u0433\u0430\u0437\u0438\u043d\/automaatikakomponendid\/automaatlulitid\/liinikaitselulitid\/pl6-b13-1-liinikaitseluliti-1-poolus-13a-b-karakteristik-6ka\/#primaryimage\"},\"thumbnailUrl\":\"https:\/\/sakt.ee\/wp-content\/uploads\/2025\/05\/462.jpg\",\"datePublished\":\"2025-05-16T23:01:38+00:00\",\"dateModified\":\"2025-11-18T20:48:13+00:00\",\"breadcrumb\":{\"@id\":\"https:\/\/sakt.ee\/\u043c\u0430\u0433\u0430\u0437\u0438\u043d\/automaatikakomponendid\/automaatlulitid\/liinikaitselulitid\/pl6-b13-1-liinikaitseluliti-1-poolus-13a-b-karakteristik-6ka\/#breadcrumb\"},\"inLanguage\":\"ru-RU\",\"potentialAction\":[{\"@type\":\"ReadAction\",\"target\":[\"https:\/\/sakt.ee\/\u043c\u0430\u0433\u0430\u0437\u0438\u043d\/automaatikakomponendid\/automaatlulitid\/liinikaitselulitid\/pl6-b13-1-liinikaitseluliti-1-poolus-13a-b-karakteristik-6ka\/\"]}]},{\"@type\":\"ImageObject\",\"inLanguage\":\"ru-RU\",\"@id\":\"https:\/\/sakt.ee\/\u043c\u0430\u0433\u0430\u0437\u0438\u043d\/automaatikakomponendid\/automaatlulitid\/liinikaitselulitid\/pl6-b13-1-liinikaitseluliti-1-poolus-13a-b-karakteristik-6ka\/#primaryimage\",\"url\":\"https:\/\/sakt.ee\/wp-content\/uploads\/2025\/05\/462.jpg\",\"contentUrl\":\"https:\/\/sakt.ee\/wp-content\/uploads\/2025\/05\/462.jpg\",\"width\":318,\"height\":580},{\"@type\":\"BreadcrumbList\",\"@id\":\"https:\/\/sakt.ee\/\u043c\u0430\u0433\u0430\u0437\u0438\u043d\/automaatikakomponendid\/automaatlulitid\/liinikaitselulitid\/pl6-b13-1-liinikaitseluliti-1-poolus-13a-b-karakteristik-6ka\/#breadcrumb\",\"itemListElement\":[{\"@type\":\"ListItem\",\"position\":1,\"name\":\"Home\",\"item\":\"https:\/\/sakt.ee\/\"},{\"@type\":\"ListItem\",\"position\":2,\"name\":\"\u041c\u0430\u0433\u0430\u0437\u0438\u043d\",\"item\":\"https:\/\/sakt.ee\/ru\/\u043c\u0430\u0433\u0430\u0437\u0438\u043d\/\"},{\"@type\":\"ListItem\",\"position\":3,\"name\":\"PL6-B13\/1 \u041b\u0438\u043d\u0435\u0439\u043d\u044b\u0439 \u0430\u0432\u0442\u043e\u043c\u0430\u0442\u0438\u0447\u0435\u0441\u043a\u0438\u0439 \u0432\u044b\u043a\u043b\u044e\u0447\u0430\u0442\u0435\u043b\u044c, 1 \u043f\u043e\u043b\u044e\u0441, 13A, \u0445\u0430\u0440\u0430\u043a\u0442\u0435\u0440\u0438\u0441\u0442\u0438\u043a\u0430 B, 6kA\"}]},{\"@type\":\"WebSite\",\"@id\":\"https:\/\/sakt.ee\/en\/#website\",\"url\":\"https:\/\/sakt.ee\/en\/\",\"name\":\"Sakala T\u00f6\u00f6stusautomaatika O\u00dc\",\"description\":\"T\u00f6\u00f6stusautomaatika e-pood\",\"publisher\":{\"@id\":\"https:\/\/sakt.ee\/en\/#organization\"},\"potentialAction\":[{\"@type\":\"SearchAction\",\"target\":{\"@type\":\"EntryPoint\",\"urlTemplate\":\"https:\/\/sakt.ee\/en\/?s={search_term_string}\"},\"query-input\":{\"@type\":\"PropertyValueSpecification\",\"valueRequired\":true,\"valueName\":\"search_term_string\"}}],\"inLanguage\":\"ru-RU\"},{\"@type\":\"Organization\",\"@id\":\"https:\/\/sakt.ee\/en\/#organization\",\"name\":\"Sakala T\u00f6\u00f6stusautomaatika O\u00dc\",\"url\":\"https:\/\/sakt.ee\/en\/\",\"logo\":{\"@type\":\"ImageObject\",\"inLanguage\":\"ru-RU\",\"@id\":\"https:\/\/sakt.ee\/en\/#\/schema\/logo\/image\/\",\"url\":\"https:\/\/sakt.ee\/wp-content\/uploads\/2025\/05\/Sakala-Toostusautomaatika-favicon.png\",\"contentUrl\":\"https:\/\/sakt.ee\/wp-content\/uploads\/2025\/05\/Sakala-Toostusautomaatika-favicon.png\",\"width\":500,\"height\":500,\"caption\":\"Sakala T\u00f6\u00f6stusautomaatika O\u00dc\"},\"image\":{\"@id\":\"https:\/\/sakt.ee\/en\/#\/schema\/logo\/image\/\"}}]}<\/script>\n<meta property=\"product:price:amount\" content=\"3.10\" \/>\n<meta property=\"product:price:currency\" content=\"EUR\" \/>\n<meta property=\"og:availability\" content=\"instock\" \/>\n<meta property=\"product:availability\" content=\"instock\" \/>\n<meta property=\"product:retailer_item_id\" content=\"286520\" \/>\n<meta property=\"product:condition\" content=\"new\" \/>\n<!-- \/ Yoast SEO Premium plugin. -->","yoast_head_json":{"title":"PL6-B13\/1 \u041b\u0438\u043d\u0435\u0439\u043d\u044b\u0439 \u0430\u0432\u0442\u043e\u043c\u0430\u0442\u0438\u0447\u0435\u0441\u043a\u0438\u0439 \u0432\u044b\u043a\u043b\u044e\u0447\u0430\u0442\u0435\u043b\u044c, 1 \u043f\u043e\u043b\u044e\u0441, 13A, \u0445\u0430\u0440\u0430\u043a\u0442\u0435\u0440\u0438\u0441\u0442\u0438\u043a\u0430 B, 6kA - Sakala T\u00f6\u00f6stusautomaatika O\u00dc","robots":{"index":"index","follow":"follow","max-snippet":"max-snippet:-1","max-image-preview":"max-image-preview:large","max-video-preview":"max-video-preview:-1"},"canonical":"https:\/\/sakt.ee\/\u043c\u0430\u0433\u0430\u0437\u0438\u043d\/automaatikakomponendid\/automaatlulitid\/liinikaitselulitid\/pl6-b13-1-liinikaitseluliti-1-poolus-13a-b-karakteristik-6ka\/","og_locale":"ru_RU","og_type":"article","og_title":"PL6-B13\/1 \u041b\u0438\u043d\u0435\u0439\u043d\u044b\u0439 \u0430\u0432\u0442\u043e\u043c\u0430\u0442\u0438\u0447\u0435\u0441\u043a\u0438\u0439 \u0432\u044b\u043a\u043b\u044e\u0447\u0430\u0442\u0435\u043b\u044c, 1 \u043f\u043e\u043b\u044e\u0441, 13A, \u0445\u0430\u0440\u0430\u043a\u0442\u0435\u0440\u0438\u0441\u0442\u0438\u043a\u0430 B, 6kA","og_description":"PL6\u041b\u0438\u043d\u0435\u0439\u043d\u044b\u0435 \u0430\u0432\u0442\u043e\u043c\u0430\u0442\u0438\u0447\u0435\u0441\u043a\u0438\u0435 \u0432\u044b\u043a\u043b\u044e\u0447\u0430\u0442\u0435\u043b\u0438 \u041a\u043e\u0440\u043e\u0442\u043a\u043e\u0437\u0430\u043c\u044b\u043a\u0430\u0442\u0435\u043b\u044c 6 \u043a\u0410 (EN 60898) \u041d\u043e\u043c\u0438\u043d\u0430\u043b\u044c\u043d\u043e\u0435 \u043d\u0430\u043f\u0440\u044f\u0436\u0435\u043d\u0438\u0435 230\/400 \u0412 50\/60 \u0413\u0446, 48 \u0412 DC \u041d\u0430\u043f\u0440\u0430\u0432\u043b\u0435\u043d\u0438\u0435 \u043f\u0438\u0442\u0430\u043d\u0438\u044f \u043d\u0435 \u0443\u043a\u0430\u0437\u0430\u043d\u043e \u0421\u0435\u0447\u0435\u043d\u0438\u0435 \u043f\u043e\u0434\u043a\u043b\u044e\u0447\u0430\u0435\u043c\u043e\u0433\u043e \u043f\u0440\u043e\u0432\u043e\u0434\u0430 1-25 \u043c\u043c","og_url":"https:\/\/sakt.ee\/\u043c\u0430\u0433\u0430\u0437\u0438\u043d\/automaatikakomponendid\/automaatlulitid\/liinikaitselulitid\/pl6-b13-1-liinikaitseluliti-1-poolus-13a-b-karakteristik-6ka\/","og_site_name":"Sakala T\u00f6\u00f6stusautomaatika O\u00dc","article_modified_time":"2025-11-18T20:48:13+00:00","og_image":[{"width":318,"height":580,"url":"https:\/\/sakt.ee\/wp-content\/uploads\/2025\/05\/462.jpg","type":"image\/jpeg"}],"twitter_card":"summary_large_image","twitter_misc":{"\u0426\u0435\u043d\u0430":"3,10&euro; +KM","\u0414\u043e\u0441\u0442\u0443\u043f\u043d\u043e\u0441\u0442\u044c":"\u0412 \u043d\u0430\u043b\u0438\u0447\u0438\u0438"},"schema":{"@context":"https:\/\/schema.org","@graph":[{"@type":"WebPage","@id":"https:\/\/sakt.ee\/\u043c\u0430\u0433\u0430\u0437\u0438\u043d\/automaatikakomponendid\/automaatlulitid\/liinikaitselulitid\/pl6-b13-1-liinikaitseluliti-1-poolus-13a-b-karakteristik-6ka\/","url":"https:\/\/sakt.ee\/\u043c\u0430\u0433\u0430\u0437\u0438\u043d\/automaatikakomponendid\/automaatlulitid\/liinikaitselulitid\/pl6-b13-1-liinikaitseluliti-1-poolus-13a-b-karakteristik-6ka\/","name":"PL6-B13\/1 \u041b\u0438\u043d\u0435\u0439\u043d\u044b\u0439 \u0430\u0432\u0442\u043e\u043c\u0430\u0442\u0438\u0447\u0435\u0441\u043a\u0438\u0439 \u0432\u044b\u043a\u043b\u044e\u0447\u0430\u0442\u0435\u043b\u044c, 1 \u043f\u043e\u043b\u044e\u0441, 13A, \u0445\u0430\u0440\u0430\u043a\u0442\u0435\u0440\u0438\u0441\u0442\u0438\u043a\u0430 B, 6kA - Sakala T\u00f6\u00f6stusautomaatika O\u00dc","isPartOf":{"@id":"https:\/\/sakt.ee\/en\/#website"},"primaryImageOfPage":{"@id":"https:\/\/sakt.ee\/\u043c\u0430\u0433\u0430\u0437\u0438\u043d\/automaatikakomponendid\/automaatlulitid\/liinikaitselulitid\/pl6-b13-1-liinikaitseluliti-1-poolus-13a-b-karakteristik-6ka\/#primaryimage"},"image":{"@id":"https:\/\/sakt.ee\/\u043c\u0430\u0433\u0430\u0437\u0438\u043d\/automaatikakomponendid\/automaatlulitid\/liinikaitselulitid\/pl6-b13-1-liinikaitseluliti-1-poolus-13a-b-karakteristik-6ka\/#primaryimage"},"thumbnailUrl":"https:\/\/sakt.ee\/wp-content\/uploads\/2025\/05\/462.jpg","datePublished":"2025-05-16T23:01:38+00:00","dateModified":"2025-11-18T20:48:13+00:00","breadcrumb":{"@id":"https:\/\/sakt.ee\/\u043c\u0430\u0433\u0430\u0437\u0438\u043d\/automaatikakomponendid\/automaatlulitid\/liinikaitselulitid\/pl6-b13-1-liinikaitseluliti-1-poolus-13a-b-karakteristik-6ka\/#breadcrumb"},"inLanguage":"ru-RU","potentialAction":[{"@type":"ReadAction","target":["https:\/\/sakt.ee\/\u043c\u0430\u0433\u0430\u0437\u0438\u043d\/automaatikakomponendid\/automaatlulitid\/liinikaitselulitid\/pl6-b13-1-liinikaitseluliti-1-poolus-13a-b-karakteristik-6ka\/"]}]},{"@type":"ImageObject","inLanguage":"ru-RU","@id":"https:\/\/sakt.ee\/\u043c\u0430\u0433\u0430\u0437\u0438\u043d\/automaatikakomponendid\/automaatlulitid\/liinikaitselulitid\/pl6-b13-1-liinikaitseluliti-1-poolus-13a-b-karakteristik-6ka\/#primaryimage","url":"https:\/\/sakt.ee\/wp-content\/uploads\/2025\/05\/462.jpg","contentUrl":"https:\/\/sakt.ee\/wp-content\/uploads\/2025\/05\/462.jpg","width":318,"height":580},{"@type":"BreadcrumbList","@id":"https:\/\/sakt.ee\/\u043c\u0430\u0433\u0430\u0437\u0438\u043d\/automaatikakomponendid\/automaatlulitid\/liinikaitselulitid\/pl6-b13-1-liinikaitseluliti-1-poolus-13a-b-karakteristik-6ka\/#breadcrumb","itemListElement":[{"@type":"ListItem","position":1,"name":"Home","item":"https:\/\/sakt.ee\/"},{"@type":"ListItem","position":2,"name":"\u041c\u0430\u0433\u0430\u0437\u0438\u043d","item":"https:\/\/sakt.ee\/ru\/\u043c\u0430\u0433\u0430\u0437\u0438\u043d\/"},{"@type":"ListItem","position":3,"name":"PL6-B13\/1 \u041b\u0438\u043d\u0435\u0439\u043d\u044b\u0439 \u0430\u0432\u0442\u043e\u043c\u0430\u0442\u0438\u0447\u0435\u0441\u043a\u0438\u0439 \u0432\u044b\u043a\u043b\u044e\u0447\u0430\u0442\u0435\u043b\u044c, 1 \u043f\u043e\u043b\u044e\u0441, 13A, \u0445\u0430\u0440\u0430\u043a\u0442\u0435\u0440\u0438\u0441\u0442\u0438\u043a\u0430 B, 6kA"}]},{"@type":"WebSite","@id":"https:\/\/sakt.ee\/en\/#website","url":"https:\/\/sakt.ee\/en\/","name":"Sakala T\u00f6\u00f6stusautomaatika O\u00dc","description":"T\u00f6\u00f6stusautomaatika e-pood","publisher":{"@id":"https:\/\/sakt.ee\/en\/#organization"},"potentialAction":[{"@type":"SearchAction","target":{"@type":"EntryPoint","urlTemplate":"https:\/\/sakt.ee\/en\/?s={search_term_string}"},"query-input":{"@type":"PropertyValueSpecification","valueRequired":true,"valueName":"search_term_string"}}],"inLanguage":"ru-RU"},{"@type":"Organization","@id":"https:\/\/sakt.ee\/en\/#organization","name":"Sakala T\u00f6\u00f6stusautomaatika O\u00dc","url":"https:\/\/sakt.ee\/en\/","logo":{"@type":"ImageObject","inLanguage":"ru-RU","@id":"https:\/\/sakt.ee\/en\/#\/schema\/logo\/image\/","url":"https:\/\/sakt.ee\/wp-content\/uploads\/2025\/05\/Sakala-Toostusautomaatika-favicon.png","contentUrl":"https:\/\/sakt.ee\/wp-content\/uploads\/2025\/05\/Sakala-Toostusautomaatika-favicon.png","width":500,"height":500,"caption":"Sakala T\u00f6\u00f6stusautomaatika O\u00dc"},"image":{"@id":"https:\/\/sakt.ee\/en\/#\/schema\/logo\/image\/"}}]},"product_price_amount":"3.10","product_price_currency":"EUR","og_availability":"instock","product_availability":"instock","product_retailer_item_id":"286520","product_condition":"new"},"_links":{"self":[{"href":"https:\/\/sakt.ee\/ru\/wp-json\/wp\/v2\/product\/37763","targetHints":{"allow":["GET"]}}],"collection":[{"href":"https:\/\/sakt.ee\/ru\/wp-json\/wp\/v2\/product"}],"about":[{"href":"https:\/\/sakt.ee\/ru\/wp-json\/wp\/v2\/types\/product"}],"version-history":[{"count":0,"href":"https:\/\/sakt.ee\/ru\/wp-json\/wp\/v2\/product\/37763\/revisions"}],"wp:featuredmedia":[{"embeddable":true,"href":"https:\/\/sakt.ee\/ru\/wp-json\/wp\/v2\/media\/26294"}],"wp:attachment":[{"href":"https:\/\/sakt.ee\/ru\/wp-json\/wp\/v2\/media?parent=37763"}],"wp:term":[{"taxonomy":"product_brand","embeddable":true,"href":"https:\/\/sakt.ee\/ru\/wp-json\/wp\/v2\/product_brand?post=37763"},{"taxonomy":"product_cat","embeddable":true,"href":"https:\/\/sakt.ee\/ru\/wp-json\/wp\/v2\/product_cat?post=37763"},{"taxonomy":"product_tag","embeddable":true,"href":"https:\/\/sakt.ee\/ru\/wp-json\/wp\/v2\/product_tag?post=37763"},{"taxonomy":"manufacturers","embeddable":true,"href":"https:\/\/sakt.ee\/ru\/wp-json\/wp\/v2\/manufacturers?post=37763"}],"curies":[{"name":"wp","href":"https:\/\/api.w.org\/{rel}","templated":true}]}}