{"id":37424,"date":"2025-05-16T20:19:17","date_gmt":"2025-05-16T20:19:17","guid":{"rendered":"https:\/\/sakt.ee\/product\/%d0%bd%d0%be%d0%b6%d0%ba%d0%b0-elyps-%d0%b4%d0%bb%d1%8f-%d0%bc%d0%be%d0%b4%d1%83%d0%bb%d1%8f-%d0%bd%d0%b8%d0%b7%d0%ba%d0%b0%d1%8f-%d1%81%d0%b5%d1%80%d1%8b%d0%b9-%d0%ba%d0%be%d1%80%d0%bf%d1%83%d1%"},"modified":"2025-08-15T23:52:32","modified_gmt":"2025-08-15T20:52:32","slug":"%d0%bd%d0%be%d0%b6%d0%ba%d0%b0-elyps-%d0%b4%d0%bb%d1%8f-%d0%bc%d0%be%d0%b4%d1%83%d0%bb%d1%8f-%d0%bd%d0%b8%d0%b7%d0%ba%d0%b0%d1%8f-%d1%81%d0%b5%d1%80%d1%8b%d0%b9-%d0%ba%d0%be%d1%80%d0%bf%d1%83%d1%81","status":"publish","type":"product","link":"https:\/\/sakt.ee\/ru\/\u043c\u0430\u0433\u0430\u0437\u0438\u043d\/%d1%80%d0%b0%d1%81%d0%bf%d1%80%d0%be%d0%b4%d0%b0%d0%b6%d0%b0\/%d0%bd%d0%be%d0%b6%d0%ba%d0%b0-elyps-%d0%b4%d0%bb%d1%8f-%d0%bc%d0%be%d0%b4%d1%83%d0%bb%d1%8f-%d0%bd%d0%b8%d0%b7%d0%ba%d0%b0%d1%8f-%d1%81%d0%b5%d1%80%d1%8b%d0%b9-%d0%ba%d0%be%d1%80%d0%bf%d1%83%d1%81\/","title":{"rendered":"\u041d\u043e\u0436\u043a\u0430 ELYPS \u0434\u043b\u044f \u043c\u043e\u0434\u0443\u043b\u044f; \u043d\u0438\u0437\u043a\u0430\u044f; \u0441\u0435\u0440\u044b\u0439 \u043a\u043e\u0440\u043f\u0443\u0441"},"content":{"rendered":"","protected":false},"excerpt":{"rendered":"","protected":false},"featured_media":23970,"template":"","meta":{"_acf_changed":false},"product_brand":[],"product_cat":[3645],"product_tag":[],"manufacturers":[7840],"class_list":{"0":"post-37424","1":"product","2":"type-product","3":"status-publish","4":"has-post-thumbnail","6":"product_cat-3645","7":"pa_korgus-30mm-ru","8":"pa_kuju-4383","9":"pa_seeria-4384","10":"pa_toode-3632","11":"pa_tootja-sirena","12":"manufacturers-sirena-ru","14":"first","15":"instock","16":"taxable","17":"shipping-taxable","18":"purchasable","19":"product-type-simple"},"acf":[],"yoast_head":"<!-- This site is optimized with the Yoast SEO Premium plugin v25.4 (Yoast SEO v25.4) - https:\/\/yoast.com\/wordpress\/plugins\/seo\/ -->\n<title>\u041d\u043e\u0436\u043a\u0430 ELYPS \u0434\u043b\u044f \u043c\u043e\u0434\u0443\u043b\u044f; \u043d\u0438\u0437\u043a\u0430\u044f; \u0441\u0435\u0440\u044b\u0439 \u043a\u043e\u0440\u043f\u0443\u0441 - Sakala T\u00f6\u00f6stusautomaatika O\u00dc<\/title>\n<meta name=\"robots\" content=\"index, follow, max-snippet:-1, max-image-preview:large, max-video-preview:-1\" \/>\n<link rel=\"canonical\" href=\"https:\/\/sakt.ee\/\u0422\u043e\u0443\u0434\/elyps-jalg-moodulile-madal-hall-korpus\/\" \/>\n<meta property=\"og:locale\" content=\"ru_RU\" \/>\n<meta property=\"og:type\" content=\"article\" \/>\n<meta property=\"og:title\" content=\"\u041d\u043e\u0436\u043a\u0430 ELYPS \u0434\u043b\u044f \u043c\u043e\u0434\u0443\u043b\u044f; \u043d\u0438\u0437\u043a\u0430\u044f; \u0441\u0435\u0440\u044b\u0439 \u043a\u043e\u0440\u043f\u0443\u0441\" \/>\n<meta property=\"og:url\" content=\"https:\/\/sakt.ee\/\u0422\u043e\u0443\u0434\/elyps-jalg-moodulile-madal-hall-korpus\/\" \/>\n<meta property=\"og:site_name\" content=\"Sakala T\u00f6\u00f6stusautomaatika O\u00dc\" \/>\n<meta property=\"article:modified_time\" content=\"2025-08-15T20:52:32+00:00\" \/>\n<meta property=\"og:image\" content=\"https:\/\/sakt.ee\/wp-content\/uploads\/2025\/05\/111.jpg\" \/>\n\t<meta property=\"og:image:width\" content=\"800\" \/>\n\t<meta property=\"og:image:height\" content=\"800\" \/>\n\t<meta property=\"og:image:type\" content=\"image\/jpeg\" \/>\n<meta name=\"twitter:card\" content=\"summary_large_image\" \/>\n<meta name=\"twitter:label1\" content=\"\u0426\u0435\u043d\u0430\" \/>\n\t<meta name=\"twitter:data1\" content=\"8,02&euro; +KM\" \/>\n\t<meta name=\"twitter:label2\" content=\"\u0414\u043e\u0441\u0442\u0443\u043f\u043d\u043e\u0441\u0442\u044c\" \/>\n\t<meta name=\"twitter:data2\" content=\"\u0412 \u043d\u0430\u043b\u0438\u0447\u0438\u0438\" \/>\n<script type=\"application\/ld+json\" class=\"yoast-schema-graph\">{\"@context\":\"https:\/\/schema.org\",\"@graph\":[{\"@type\":\"WebPage\",\"@id\":\"https:\/\/sakt.ee\/\u0422\u043e\u0443\u0434\/elyps-jalg-moodulile-madal-hall-korpus\/\",\"url\":\"https:\/\/sakt.ee\/\u0422\u043e\u0443\u0434\/elyps-jalg-moodulile-madal-hall-korpus\/\",\"name\":\"\u041d\u043e\u0436\u043a\u0430 ELYPS \u0434\u043b\u044f \u043c\u043e\u0434\u0443\u043b\u044f; \u043d\u0438\u0437\u043a\u0430\u044f; \u0441\u0435\u0440\u044b\u0439 \u043a\u043e\u0440\u043f\u0443\u0441 - Sakala T\u00f6\u00f6stusautomaatika O\u00dc\",\"isPartOf\":{\"@id\":\"https:\/\/sakt.ee\/en\/#website\"},\"primaryImageOfPage\":{\"@id\":\"https:\/\/sakt.ee\/\u0422\u043e\u0443\u0434\/elyps-jalg-moodulile-madal-hall-korpus\/#primaryimage\"},\"image\":{\"@id\":\"https:\/\/sakt.ee\/\u0422\u043e\u0443\u0434\/elyps-jalg-moodulile-madal-hall-korpus\/#primaryimage\"},\"thumbnailUrl\":\"https:\/\/sakt.ee\/wp-content\/uploads\/2025\/05\/111.jpg\",\"datePublished\":\"2025-05-16T20:19:17+00:00\",\"dateModified\":\"2025-08-15T20:52:32+00:00\",\"breadcrumb\":{\"@id\":\"https:\/\/sakt.ee\/\u0422\u043e\u0443\u0434\/elyps-jalg-moodulile-madal-hall-korpus\/#breadcrumb\"},\"inLanguage\":\"ru-RU\",\"potentialAction\":[{\"@type\":\"ReadAction\",\"target\":[\"https:\/\/sakt.ee\/\u0422\u043e\u0443\u0434\/elyps-jalg-moodulile-madal-hall-korpus\/\"]}]},{\"@type\":\"ImageObject\",\"inLanguage\":\"ru-RU\",\"@id\":\"https:\/\/sakt.ee\/\u0422\u043e\u0443\u0434\/elyps-jalg-moodulile-madal-hall-korpus\/#primaryimage\",\"url\":\"https:\/\/sakt.ee\/wp-content\/uploads\/2025\/05\/111.jpg\",\"contentUrl\":\"https:\/\/sakt.ee\/wp-content\/uploads\/2025\/05\/111.jpg\",\"width\":800,\"height\":800},{\"@type\":\"BreadcrumbList\",\"@id\":\"https:\/\/sakt.ee\/\u0422\u043e\u0443\u0434\/elyps-jalg-moodulile-madal-hall-korpus\/#breadcrumb\",\"itemListElement\":[{\"@type\":\"ListItem\",\"position\":1,\"name\":\"Home\",\"item\":\"https:\/\/sakt.ee\/\"},{\"@type\":\"ListItem\",\"position\":2,\"name\":\"\u041c\u0430\u0433\u0430\u0437\u0438\u043d\",\"item\":\"https:\/\/sakt.ee\/ru\/\u043c\u0430\u0433\u0430\u0437\u0438\u043d\/\"},{\"@type\":\"ListItem\",\"position\":3,\"name\":\"\u041d\u043e\u0436\u043a\u0430 ELYPS \u0434\u043b\u044f \u043c\u043e\u0434\u0443\u043b\u044f; \u043d\u0438\u0437\u043a\u0430\u044f; \u0441\u0435\u0440\u044b\u0439 \u043a\u043e\u0440\u043f\u0443\u0441\"}]},{\"@type\":\"WebSite\",\"@id\":\"https:\/\/sakt.ee\/en\/#website\",\"url\":\"https:\/\/sakt.ee\/en\/\",\"name\":\"Sakala T\u00f6\u00f6stusautomaatika O\u00dc\",\"description\":\"T\u00f6\u00f6stusautomaatika e-pood\",\"publisher\":{\"@id\":\"https:\/\/sakt.ee\/en\/#organization\"},\"potentialAction\":[{\"@type\":\"SearchAction\",\"target\":{\"@type\":\"EntryPoint\",\"urlTemplate\":\"https:\/\/sakt.ee\/en\/?s={search_term_string}\"},\"query-input\":{\"@type\":\"PropertyValueSpecification\",\"valueRequired\":true,\"valueName\":\"search_term_string\"}}],\"inLanguage\":\"ru-RU\"},{\"@type\":\"Organization\",\"@id\":\"https:\/\/sakt.ee\/en\/#organization\",\"name\":\"Sakala T\u00f6\u00f6stusautomaatika O\u00dc\",\"url\":\"https:\/\/sakt.ee\/en\/\",\"logo\":{\"@type\":\"ImageObject\",\"inLanguage\":\"ru-RU\",\"@id\":\"https:\/\/sakt.ee\/en\/#\/schema\/logo\/image\/\",\"url\":\"https:\/\/sakt.ee\/wp-content\/uploads\/2025\/05\/Sakala-Toostusautomaatika-favicon.png\",\"contentUrl\":\"https:\/\/sakt.ee\/wp-content\/uploads\/2025\/05\/Sakala-Toostusautomaatika-favicon.png\",\"width\":500,\"height\":500,\"caption\":\"Sakala T\u00f6\u00f6stusautomaatika O\u00dc\"},\"image\":{\"@id\":\"https:\/\/sakt.ee\/en\/#\/schema\/logo\/image\/\"}}]}<\/script>\n<meta property=\"product:price:amount\" content=\"8.02\" \/>\n<meta property=\"product:price:currency\" content=\"EUR\" \/>\n<meta property=\"og:availability\" content=\"instock\" \/>\n<meta property=\"product:availability\" content=\"instock\" \/>\n<meta property=\"product:retailer_item_id\" content=\"32357\" \/>\n<meta property=\"product:condition\" content=\"new\" \/>\n<!-- \/ Yoast SEO Premium plugin. -->","yoast_head_json":{"title":"\u041d\u043e\u0436\u043a\u0430 ELYPS \u0434\u043b\u044f \u043c\u043e\u0434\u0443\u043b\u044f; \u043d\u0438\u0437\u043a\u0430\u044f; \u0441\u0435\u0440\u044b\u0439 \u043a\u043e\u0440\u043f\u0443\u0441 - Sakala T\u00f6\u00f6stusautomaatika O\u00dc","robots":{"index":"index","follow":"follow","max-snippet":"max-snippet:-1","max-image-preview":"max-image-preview:large","max-video-preview":"max-video-preview:-1"},"canonical":"https:\/\/sakt.ee\/\u0422\u043e\u0443\u0434\/elyps-jalg-moodulile-madal-hall-korpus\/","og_locale":"ru_RU","og_type":"article","og_title":"\u041d\u043e\u0436\u043a\u0430 ELYPS \u0434\u043b\u044f \u043c\u043e\u0434\u0443\u043b\u044f; \u043d\u0438\u0437\u043a\u0430\u044f; \u0441\u0435\u0440\u044b\u0439 \u043a\u043e\u0440\u043f\u0443\u0441","og_url":"https:\/\/sakt.ee\/\u0422\u043e\u0443\u0434\/elyps-jalg-moodulile-madal-hall-korpus\/","og_site_name":"Sakala T\u00f6\u00f6stusautomaatika O\u00dc","article_modified_time":"2025-08-15T20:52:32+00:00","og_image":[{"width":800,"height":800,"url":"https:\/\/sakt.ee\/wp-content\/uploads\/2025\/05\/111.jpg","type":"image\/jpeg"}],"twitter_card":"summary_large_image","twitter_misc":{"\u0426\u0435\u043d\u0430":"8,02&euro; +KM","\u0414\u043e\u0441\u0442\u0443\u043f\u043d\u043e\u0441\u0442\u044c":"\u0412 \u043d\u0430\u043b\u0438\u0447\u0438\u0438"},"schema":{"@context":"https:\/\/schema.org","@graph":[{"@type":"WebPage","@id":"https:\/\/sakt.ee\/\u0422\u043e\u0443\u0434\/elyps-jalg-moodulile-madal-hall-korpus\/","url":"https:\/\/sakt.ee\/\u0422\u043e\u0443\u0434\/elyps-jalg-moodulile-madal-hall-korpus\/","name":"\u041d\u043e\u0436\u043a\u0430 ELYPS \u0434\u043b\u044f \u043c\u043e\u0434\u0443\u043b\u044f; \u043d\u0438\u0437\u043a\u0430\u044f; \u0441\u0435\u0440\u044b\u0439 \u043a\u043e\u0440\u043f\u0443\u0441 - Sakala T\u00f6\u00f6stusautomaatika O\u00dc","isPartOf":{"@id":"https:\/\/sakt.ee\/en\/#website"},"primaryImageOfPage":{"@id":"https:\/\/sakt.ee\/\u0422\u043e\u0443\u0434\/elyps-jalg-moodulile-madal-hall-korpus\/#primaryimage"},"image":{"@id":"https:\/\/sakt.ee\/\u0422\u043e\u0443\u0434\/elyps-jalg-moodulile-madal-hall-korpus\/#primaryimage"},"thumbnailUrl":"https:\/\/sakt.ee\/wp-content\/uploads\/2025\/05\/111.jpg","datePublished":"2025-05-16T20:19:17+00:00","dateModified":"2025-08-15T20:52:32+00:00","breadcrumb":{"@id":"https:\/\/sakt.ee\/\u0422\u043e\u0443\u0434\/elyps-jalg-moodulile-madal-hall-korpus\/#breadcrumb"},"inLanguage":"ru-RU","potentialAction":[{"@type":"ReadAction","target":["https:\/\/sakt.ee\/\u0422\u043e\u0443\u0434\/elyps-jalg-moodulile-madal-hall-korpus\/"]}]},{"@type":"ImageObject","inLanguage":"ru-RU","@id":"https:\/\/sakt.ee\/\u0422\u043e\u0443\u0434\/elyps-jalg-moodulile-madal-hall-korpus\/#primaryimage","url":"https:\/\/sakt.ee\/wp-content\/uploads\/2025\/05\/111.jpg","contentUrl":"https:\/\/sakt.ee\/wp-content\/uploads\/2025\/05\/111.jpg","width":800,"height":800},{"@type":"BreadcrumbList","@id":"https:\/\/sakt.ee\/\u0422\u043e\u0443\u0434\/elyps-jalg-moodulile-madal-hall-korpus\/#breadcrumb","itemListElement":[{"@type":"ListItem","position":1,"name":"Home","item":"https:\/\/sakt.ee\/"},{"@type":"ListItem","position":2,"name":"\u041c\u0430\u0433\u0430\u0437\u0438\u043d","item":"https:\/\/sakt.ee\/ru\/\u043c\u0430\u0433\u0430\u0437\u0438\u043d\/"},{"@type":"ListItem","position":3,"name":"\u041d\u043e\u0436\u043a\u0430 ELYPS \u0434\u043b\u044f \u043c\u043e\u0434\u0443\u043b\u044f; \u043d\u0438\u0437\u043a\u0430\u044f; \u0441\u0435\u0440\u044b\u0439 \u043a\u043e\u0440\u043f\u0443\u0441"}]},{"@type":"WebSite","@id":"https:\/\/sakt.ee\/en\/#website","url":"https:\/\/sakt.ee\/en\/","name":"Sakala T\u00f6\u00f6stusautomaatika O\u00dc","description":"T\u00f6\u00f6stusautomaatika e-pood","publisher":{"@id":"https:\/\/sakt.ee\/en\/#organization"},"potentialAction":[{"@type":"SearchAction","target":{"@type":"EntryPoint","urlTemplate":"https:\/\/sakt.ee\/en\/?s={search_term_string}"},"query-input":{"@type":"PropertyValueSpecification","valueRequired":true,"valueName":"search_term_string"}}],"inLanguage":"ru-RU"},{"@type":"Organization","@id":"https:\/\/sakt.ee\/en\/#organization","name":"Sakala T\u00f6\u00f6stusautomaatika O\u00dc","url":"https:\/\/sakt.ee\/en\/","logo":{"@type":"ImageObject","inLanguage":"ru-RU","@id":"https:\/\/sakt.ee\/en\/#\/schema\/logo\/image\/","url":"https:\/\/sakt.ee\/wp-content\/uploads\/2025\/05\/Sakala-Toostusautomaatika-favicon.png","contentUrl":"https:\/\/sakt.ee\/wp-content\/uploads\/2025\/05\/Sakala-Toostusautomaatika-favicon.png","width":500,"height":500,"caption":"Sakala T\u00f6\u00f6stusautomaatika O\u00dc"},"image":{"@id":"https:\/\/sakt.ee\/en\/#\/schema\/logo\/image\/"}}]},"product_price_amount":"8.02","product_price_currency":"EUR","og_availability":"instock","product_availability":"instock","product_retailer_item_id":"32357","product_condition":"new"},"_links":{"self":[{"href":"https:\/\/sakt.ee\/ru\/wp-json\/wp\/v2\/product\/37424","targetHints":{"allow":["GET"]}}],"collection":[{"href":"https:\/\/sakt.ee\/ru\/wp-json\/wp\/v2\/product"}],"about":[{"href":"https:\/\/sakt.ee\/ru\/wp-json\/wp\/v2\/types\/product"}],"version-history":[{"count":0,"href":"https:\/\/sakt.ee\/ru\/wp-json\/wp\/v2\/product\/37424\/revisions"}],"wp:featuredmedia":[{"embeddable":true,"href":"https:\/\/sakt.ee\/ru\/wp-json\/wp\/v2\/media\/23970"}],"wp:attachment":[{"href":"https:\/\/sakt.ee\/ru\/wp-json\/wp\/v2\/media?parent=37424"}],"wp:term":[{"taxonomy":"product_brand","embeddable":true,"href":"https:\/\/sakt.ee\/ru\/wp-json\/wp\/v2\/product_brand?post=37424"},{"taxonomy":"product_cat","embeddable":true,"href":"https:\/\/sakt.ee\/ru\/wp-json\/wp\/v2\/product_cat?post=37424"},{"taxonomy":"product_tag","embeddable":true,"href":"https:\/\/sakt.ee\/ru\/wp-json\/wp\/v2\/product_tag?post=37424"},{"taxonomy":"manufacturers","embeddable":true,"href":"https:\/\/sakt.ee\/ru\/wp-json\/wp\/v2\/manufacturers?post=37424"}],"curies":[{"name":"wp","href":"https:\/\/api.w.org\/{rel}","templated":true}]}}