{"id":37367,"date":"2025-05-16T20:25:27","date_gmt":"2025-05-16T20:25:27","guid":{"rendered":"https:\/\/sakt.ee\/product\/%d1%80%d0%b0%d0%b7%d1%8a%d0%b5%d0%bc-m8-4-%d0%ba%d0%be%d0%bd%d1%82%d0%b0%d0%ba%d1%82%d0%bd%d1%8b%d0%b9-%d0%bc%d1%83%d0%b6%d1%81%d0%ba%d0%be%d0%b9-%d0%bf%d1%80%d1%8f%d0%bc%d0%be%d0%b9-%d0%b1%d1%8b"},"modified":"2025-08-15T23:55:26","modified_gmt":"2025-08-15T20:55:26","slug":"%d1%80%d0%b0%d0%b7%d1%8a%d0%b5%d0%bc-m8-4-%d0%ba%d0%be%d0%bd%d1%82%d0%b0%d0%ba%d1%82%d0%bd%d1%8b%d0%b9-%d0%bc%d1%83%d0%b6%d1%81%d0%ba%d0%be%d0%b9-%d0%bf%d1%80%d1%8f%d0%bc%d0%be%d0%b9-%d0%b1%d1%8b","status":"publish","type":"product","link":"https:\/\/sakt.ee\/ru\/\u043c\u0430\u0433\u0430\u0437\u0438\u043d\/%d0%b4%d0%b0%d1%82%d1%87%d0%b8%d0%ba%d0%b8-%d0%bf%d1%80%d0%be%d1%86%d0%b5%d1%81%d1%81%d0%b0\/%d0%b0%d0%ba%d1%81%d0%b5%d1%81%d1%81%d1%83%d0%b0%d1%80%d1%8b-%d0%b4%d0%bb%d1%8f-%d0%b4%d0%b0%d1%82%d1%87%d0%b8%d0%ba%d0%be%d0%b2\/%d1%88%d1%82%d0%b5%d0%ba%d0%ba%d0%b5%d1%80%d0%b0\/%d1%80%d0%b0%d0%b7%d1%8a%d0%b5%d0%bc-m8-4-%d0%ba%d0%be%d0%bd%d1%82%d0%b0%d0%ba%d1%82%d0%bd%d1%8b%d0%b9-%d0%bc%d1%83%d0%b6%d1%81%d0%ba%d0%be%d0%b9-%d0%bf%d1%80%d1%8f%d0%bc%d0%be%d0%b9-%d0%b1%d1%8b\/","title":{"rendered":"\u0420\u0430\u0437\u044a\u0435\u043c M8; 4-\u043a\u043e\u043d\u0442\u0430\u043a\u0442\u043d\u044b\u0439; \u043c\u0443\u0436\u0441\u043a\u043e\u0439; \u043f\u0440\u044f\u043c\u043e\u0439; \u0431\u044b\u0441\u0442\u0440\u044b\u0435 \u043a\u043b\u0435\u043c\u043c\u044b"},"content":{"rendered":"","protected":false},"excerpt":{"rendered":"","protected":false},"featured_media":0,"template":"","meta":{"_acf_changed":false},"product_brand":[],"product_cat":[3755],"product_tag":[],"manufacturers":[],"class_list":{"0":"post-37367","1":"product","2":"type-product","3":"status-publish","5":"product_cat-3755","7":"first","8":"instock","9":"taxable","10":"shipping-taxable","11":"purchasable","12":"product-type-simple"},"acf":[],"yoast_head":"<!-- This site is optimized with the Yoast SEO Premium plugin v25.4 (Yoast SEO v25.4) - https:\/\/yoast.com\/wordpress\/plugins\/seo\/ -->\n<title>\u0420\u0430\u0437\u044a\u0435\u043c M8; 4-\u043a\u043e\u043d\u0442\u0430\u043a\u0442\u043d\u044b\u0439; \u043c\u0443\u0436\u0441\u043a\u043e\u0439; \u043f\u0440\u044f\u043c\u043e\u0439; \u0431\u044b\u0441\u0442\u0440\u044b\u0435 \u043a\u043b\u0435\u043c\u043c\u044b - Sakala T\u00f6\u00f6stusautomaatika O\u00dc<\/title>\n<meta name=\"robots\" content=\"index, follow, max-snippet:-1, max-image-preview:large, max-video-preview:-1\" \/>\n<link rel=\"canonical\" href=\"https:\/\/sakt.ee\/\u0422\u043e\u0443\u0434\/pistik-m8-4pin-isane-sirge\/\" \/>\n<meta property=\"og:locale\" content=\"ru_RU\" \/>\n<meta property=\"og:type\" content=\"article\" \/>\n<meta property=\"og:title\" content=\"\u0420\u0430\u0437\u044a\u0435\u043c M8; 4-\u043a\u043e\u043d\u0442\u0430\u043a\u0442\u043d\u044b\u0439; \u043c\u0443\u0436\u0441\u043a\u043e\u0439; \u043f\u0440\u044f\u043c\u043e\u0439; \u0431\u044b\u0441\u0442\u0440\u044b\u0435 \u043a\u043b\u0435\u043c\u043c\u044b\" \/>\n<meta property=\"og:url\" content=\"https:\/\/sakt.ee\/\u0422\u043e\u0443\u0434\/pistik-m8-4pin-isane-sirge\/\" \/>\n<meta property=\"og:site_name\" content=\"Sakala T\u00f6\u00f6stusautomaatika O\u00dc\" \/>\n<meta property=\"article:modified_time\" content=\"2025-08-15T20:55:26+00:00\" \/>\n<meta name=\"twitter:card\" content=\"summary_large_image\" \/>\n<meta name=\"twitter:label1\" content=\"\u0426\u0435\u043d\u0430\" \/>\n\t<meta name=\"twitter:data1\" content=\"11,00&euro; +KM\" \/>\n\t<meta name=\"twitter:label2\" content=\"\u0414\u043e\u0441\u0442\u0443\u043f\u043d\u043e\u0441\u0442\u044c\" \/>\n\t<meta name=\"twitter:data2\" content=\"\u0412 \u043d\u0430\u043b\u0438\u0447\u0438\u0438\" \/>\n<script type=\"application\/ld+json\" class=\"yoast-schema-graph\">{\"@context\":\"https:\/\/schema.org\",\"@graph\":[{\"@type\":\"WebPage\",\"@id\":\"https:\/\/sakt.ee\/\u0422\u043e\u0443\u0434\/pistik-m8-4pin-isane-sirge\/\",\"url\":\"https:\/\/sakt.ee\/\u0422\u043e\u0443\u0434\/pistik-m8-4pin-isane-sirge\/\",\"name\":\"\u0420\u0430\u0437\u044a\u0435\u043c M8; 4-\u043a\u043e\u043d\u0442\u0430\u043a\u0442\u043d\u044b\u0439; \u043c\u0443\u0436\u0441\u043a\u043e\u0439; \u043f\u0440\u044f\u043c\u043e\u0439; \u0431\u044b\u0441\u0442\u0440\u044b\u0435 \u043a\u043b\u0435\u043c\u043c\u044b - Sakala T\u00f6\u00f6stusautomaatika O\u00dc\",\"isPartOf\":{\"@id\":\"https:\/\/sakt.ee\/en\/#website\"},\"datePublished\":\"2025-05-16T20:25:27+00:00\",\"dateModified\":\"2025-08-15T20:55:26+00:00\",\"breadcrumb\":{\"@id\":\"https:\/\/sakt.ee\/\u0422\u043e\u0443\u0434\/pistik-m8-4pin-isane-sirge\/#breadcrumb\"},\"inLanguage\":\"ru-RU\",\"potentialAction\":[{\"@type\":\"ReadAction\",\"target\":[\"https:\/\/sakt.ee\/\u0422\u043e\u0443\u0434\/pistik-m8-4pin-isane-sirge\/\"]}]},{\"@type\":\"BreadcrumbList\",\"@id\":\"https:\/\/sakt.ee\/\u0422\u043e\u0443\u0434\/pistik-m8-4pin-isane-sirge\/#breadcrumb\",\"itemListElement\":[{\"@type\":\"ListItem\",\"position\":1,\"name\":\"Home\",\"item\":\"https:\/\/sakt.ee\/\"},{\"@type\":\"ListItem\",\"position\":2,\"name\":\"\u041c\u0430\u0433\u0430\u0437\u0438\u043d\",\"item\":\"https:\/\/sakt.ee\/ru\/\u043c\u0430\u0433\u0430\u0437\u0438\u043d\/\"},{\"@type\":\"ListItem\",\"position\":3,\"name\":\"\u0420\u0430\u0437\u044a\u0435\u043c M8; 4-\u043a\u043e\u043d\u0442\u0430\u043a\u0442\u043d\u044b\u0439; \u043c\u0443\u0436\u0441\u043a\u043e\u0439; \u043f\u0440\u044f\u043c\u043e\u0439; \u0431\u044b\u0441\u0442\u0440\u044b\u0435 \u043a\u043b\u0435\u043c\u043c\u044b\"}]},{\"@type\":\"WebSite\",\"@id\":\"https:\/\/sakt.ee\/en\/#website\",\"url\":\"https:\/\/sakt.ee\/en\/\",\"name\":\"Sakala T\u00f6\u00f6stusautomaatika O\u00dc\",\"description\":\"T\u00f6\u00f6stusautomaatika e-pood\",\"publisher\":{\"@id\":\"https:\/\/sakt.ee\/en\/#organization\"},\"potentialAction\":[{\"@type\":\"SearchAction\",\"target\":{\"@type\":\"EntryPoint\",\"urlTemplate\":\"https:\/\/sakt.ee\/en\/?s={search_term_string}\"},\"query-input\":{\"@type\":\"PropertyValueSpecification\",\"valueRequired\":true,\"valueName\":\"search_term_string\"}}],\"inLanguage\":\"ru-RU\"},{\"@type\":\"Organization\",\"@id\":\"https:\/\/sakt.ee\/en\/#organization\",\"name\":\"Sakala T\u00f6\u00f6stusautomaatika O\u00dc\",\"url\":\"https:\/\/sakt.ee\/en\/\",\"logo\":{\"@type\":\"ImageObject\",\"inLanguage\":\"ru-RU\",\"@id\":\"https:\/\/sakt.ee\/en\/#\/schema\/logo\/image\/\",\"url\":\"https:\/\/sakt.ee\/wp-content\/uploads\/2025\/05\/Sakala-Toostusautomaatika-favicon.png\",\"contentUrl\":\"https:\/\/sakt.ee\/wp-content\/uploads\/2025\/05\/Sakala-Toostusautomaatika-favicon.png\",\"width\":500,\"height\":500,\"caption\":\"Sakala T\u00f6\u00f6stusautomaatika O\u00dc\"},\"image\":{\"@id\":\"https:\/\/sakt.ee\/en\/#\/schema\/logo\/image\/\"}}]}<\/script>\n<meta property=\"product:price:amount\" content=\"11.00\" \/>\n<meta property=\"product:price:currency\" content=\"EUR\" \/>\n<meta property=\"og:availability\" content=\"instock\" \/>\n<meta property=\"product:availability\" content=\"instock\" \/>\n<meta property=\"product:retailer_item_id\" content=\"HAS5141-0 \/ 6905403\" \/>\n<meta property=\"product:condition\" content=\"new\" \/>\n<!-- \/ Yoast SEO Premium plugin. -->","yoast_head_json":{"title":"\u0420\u0430\u0437\u044a\u0435\u043c M8; 4-\u043a\u043e\u043d\u0442\u0430\u043a\u0442\u043d\u044b\u0439; \u043c\u0443\u0436\u0441\u043a\u043e\u0439; \u043f\u0440\u044f\u043c\u043e\u0439; \u0431\u044b\u0441\u0442\u0440\u044b\u0435 \u043a\u043b\u0435\u043c\u043c\u044b - Sakala T\u00f6\u00f6stusautomaatika O\u00dc","robots":{"index":"index","follow":"follow","max-snippet":"max-snippet:-1","max-image-preview":"max-image-preview:large","max-video-preview":"max-video-preview:-1"},"canonical":"https:\/\/sakt.ee\/\u0422\u043e\u0443\u0434\/pistik-m8-4pin-isane-sirge\/","og_locale":"ru_RU","og_type":"article","og_title":"\u0420\u0430\u0437\u044a\u0435\u043c M8; 4-\u043a\u043e\u043d\u0442\u0430\u043a\u0442\u043d\u044b\u0439; \u043c\u0443\u0436\u0441\u043a\u043e\u0439; \u043f\u0440\u044f\u043c\u043e\u0439; \u0431\u044b\u0441\u0442\u0440\u044b\u0435 \u043a\u043b\u0435\u043c\u043c\u044b","og_url":"https:\/\/sakt.ee\/\u0422\u043e\u0443\u0434\/pistik-m8-4pin-isane-sirge\/","og_site_name":"Sakala T\u00f6\u00f6stusautomaatika O\u00dc","article_modified_time":"2025-08-15T20:55:26+00:00","twitter_card":"summary_large_image","twitter_misc":{"\u0426\u0435\u043d\u0430":"11,00&euro; +KM","\u0414\u043e\u0441\u0442\u0443\u043f\u043d\u043e\u0441\u0442\u044c":"\u0412 \u043d\u0430\u043b\u0438\u0447\u0438\u0438"},"schema":{"@context":"https:\/\/schema.org","@graph":[{"@type":"WebPage","@id":"https:\/\/sakt.ee\/\u0422\u043e\u0443\u0434\/pistik-m8-4pin-isane-sirge\/","url":"https:\/\/sakt.ee\/\u0422\u043e\u0443\u0434\/pistik-m8-4pin-isane-sirge\/","name":"\u0420\u0430\u0437\u044a\u0435\u043c M8; 4-\u043a\u043e\u043d\u0442\u0430\u043a\u0442\u043d\u044b\u0439; \u043c\u0443\u0436\u0441\u043a\u043e\u0439; \u043f\u0440\u044f\u043c\u043e\u0439; \u0431\u044b\u0441\u0442\u0440\u044b\u0435 \u043a\u043b\u0435\u043c\u043c\u044b - Sakala T\u00f6\u00f6stusautomaatika O\u00dc","isPartOf":{"@id":"https:\/\/sakt.ee\/en\/#website"},"datePublished":"2025-05-16T20:25:27+00:00","dateModified":"2025-08-15T20:55:26+00:00","breadcrumb":{"@id":"https:\/\/sakt.ee\/\u0422\u043e\u0443\u0434\/pistik-m8-4pin-isane-sirge\/#breadcrumb"},"inLanguage":"ru-RU","potentialAction":[{"@type":"ReadAction","target":["https:\/\/sakt.ee\/\u0422\u043e\u0443\u0434\/pistik-m8-4pin-isane-sirge\/"]}]},{"@type":"BreadcrumbList","@id":"https:\/\/sakt.ee\/\u0422\u043e\u0443\u0434\/pistik-m8-4pin-isane-sirge\/#breadcrumb","itemListElement":[{"@type":"ListItem","position":1,"name":"Home","item":"https:\/\/sakt.ee\/"},{"@type":"ListItem","position":2,"name":"\u041c\u0430\u0433\u0430\u0437\u0438\u043d","item":"https:\/\/sakt.ee\/ru\/\u043c\u0430\u0433\u0430\u0437\u0438\u043d\/"},{"@type":"ListItem","position":3,"name":"\u0420\u0430\u0437\u044a\u0435\u043c M8; 4-\u043a\u043e\u043d\u0442\u0430\u043a\u0442\u043d\u044b\u0439; \u043c\u0443\u0436\u0441\u043a\u043e\u0439; \u043f\u0440\u044f\u043c\u043e\u0439; \u0431\u044b\u0441\u0442\u0440\u044b\u0435 \u043a\u043b\u0435\u043c\u043c\u044b"}]},{"@type":"WebSite","@id":"https:\/\/sakt.ee\/en\/#website","url":"https:\/\/sakt.ee\/en\/","name":"Sakala T\u00f6\u00f6stusautomaatika O\u00dc","description":"T\u00f6\u00f6stusautomaatika e-pood","publisher":{"@id":"https:\/\/sakt.ee\/en\/#organization"},"potentialAction":[{"@type":"SearchAction","target":{"@type":"EntryPoint","urlTemplate":"https:\/\/sakt.ee\/en\/?s={search_term_string}"},"query-input":{"@type":"PropertyValueSpecification","valueRequired":true,"valueName":"search_term_string"}}],"inLanguage":"ru-RU"},{"@type":"Organization","@id":"https:\/\/sakt.ee\/en\/#organization","name":"Sakala T\u00f6\u00f6stusautomaatika O\u00dc","url":"https:\/\/sakt.ee\/en\/","logo":{"@type":"ImageObject","inLanguage":"ru-RU","@id":"https:\/\/sakt.ee\/en\/#\/schema\/logo\/image\/","url":"https:\/\/sakt.ee\/wp-content\/uploads\/2025\/05\/Sakala-Toostusautomaatika-favicon.png","contentUrl":"https:\/\/sakt.ee\/wp-content\/uploads\/2025\/05\/Sakala-Toostusautomaatika-favicon.png","width":500,"height":500,"caption":"Sakala T\u00f6\u00f6stusautomaatika O\u00dc"},"image":{"@id":"https:\/\/sakt.ee\/en\/#\/schema\/logo\/image\/"}}]},"product_price_amount":"11.00","product_price_currency":"EUR","og_availability":"instock","product_availability":"instock","product_retailer_item_id":"HAS5141-0 \/ 6905403","product_condition":"new"},"_links":{"self":[{"href":"https:\/\/sakt.ee\/ru\/wp-json\/wp\/v2\/product\/37367","targetHints":{"allow":["GET"]}}],"collection":[{"href":"https:\/\/sakt.ee\/ru\/wp-json\/wp\/v2\/product"}],"about":[{"href":"https:\/\/sakt.ee\/ru\/wp-json\/wp\/v2\/types\/product"}],"version-history":[{"count":0,"href":"https:\/\/sakt.ee\/ru\/wp-json\/wp\/v2\/product\/37367\/revisions"}],"wp:attachment":[{"href":"https:\/\/sakt.ee\/ru\/wp-json\/wp\/v2\/media?parent=37367"}],"wp:term":[{"taxonomy":"product_brand","embeddable":true,"href":"https:\/\/sakt.ee\/ru\/wp-json\/wp\/v2\/product_brand?post=37367"},{"taxonomy":"product_cat","embeddable":true,"href":"https:\/\/sakt.ee\/ru\/wp-json\/wp\/v2\/product_cat?post=37367"},{"taxonomy":"product_tag","embeddable":true,"href":"https:\/\/sakt.ee\/ru\/wp-json\/wp\/v2\/product_tag?post=37367"},{"taxonomy":"manufacturers","embeddable":true,"href":"https:\/\/sakt.ee\/ru\/wp-json\/wp\/v2\/manufacturers?post=37367"}],"curies":[{"name":"wp","href":"https:\/\/api.w.org\/{rel}","templated":true}]}}