{"id":37217,"date":"2025-05-16T20:53:37","date_gmt":"2025-05-16T20:53:37","guid":{"rendered":"https:\/\/sakt.ee\/product\/fp-556-%d0%b4%d0%be%d1%80%d0%be%d0%b6%d0%bd%d1%8b%d0%b9-%d0%bf%d0%b5%d1%80%d0%b5%d0%ba%d0%bb%d1%8e%d1%87%d0%b0%d1%82%d0%b5%d0%bb%d1%8c-1no1nc-%d0%bf%d0%bb%d0%b0%d1%81%d1%82%d0%b8%d0%ba%d0%be%d0%b"},"modified":"2025-08-16T00:40:36","modified_gmt":"2025-08-15T21:40:36","slug":"fp-556-%d0%b4%d0%be%d1%80%d0%be%d0%b6%d0%bd%d1%8b%d0%b9-%d0%bf%d0%b5%d1%80%d0%b5%d0%ba%d0%bb%d1%8e%d1%87%d0%b0%d1%82%d0%b5%d0%bb%d1%8c-1no1nc-%d0%bf%d0%bb%d0%b0%d1%81%d1%82%d0%b8%d0%ba%d0%be%d0%b2","status":"publish","type":"product","link":"https:\/\/sakt.ee\/ru\/\u043c\u0430\u0433\u0430\u0437\u0438\u043d\/%d0%bf%d0%b5%d1%80%d0%b5%d0%ba%d0%bb%d1%8e%d1%87%d0%b0%d1%82%d0%b5%d0%bb%d0%b8\/%d0%ba%d0%be%d0%bd%d1%86%d0%b5%d0%b2%d1%8b%d0%b5-%d0%b2%d1%8b%d0%ba%d0%bb%d1%8e%d1%87%d0%b0%d1%82%d0%b5%d0%bb%d0%b8\/%d0%bf%d0%bb%d0%b0%d1%81%d1%82%d0%b8%d0%ba%d0%be%d0%b2%d1%8b%d0%b9-%d0%ba%d0%be%d1%80%d0%bf%d1%83%d1%81\/fp-556-%d0%b4%d0%be%d1%80%d0%be%d0%b6%d0%bd%d1%8b%d0%b9-%d0%bf%d0%b5%d1%80%d0%b5%d0%ba%d0%bb%d1%8e%d1%87%d0%b0%d1%82%d0%b5%d0%bb%d1%8c-1no1nc-%d0%bf%d0%bb%d0%b0%d1%81%d1%82%d0%b8%d0%ba%d0%be%d0%b2\/","title":{"rendered":"FP 556 \u0434\u043e\u0440\u043e\u0436\u043d\u044b\u0439 \u043f\u0435\u0440\u0435\u043a\u043b\u044e\u0447\u0430\u0442\u0435\u043b\u044c; 1NO+1NC; \u043f\u043b\u0430\u0441\u0442\u0438\u043a\u043e\u0432\u044b\u0439 \u043a\u043e\u0440\u043f\u0443\u0441; \u0437\u0430\u0449\u0435\u043b\u043a\u0438\u0432\u0430\u044e\u0449\u0435\u0435\u0441\u044f \u0434\u0435\u0439\u0441\u0442\u0432\u0438\u0435"},"content":{"rendered":"","protected":false},"excerpt":{"rendered":"","protected":false},"featured_media":24410,"template":"","meta":{"_acf_changed":false},"product_brand":[],"product_cat":[3999],"product_tag":[],"manufacturers":[7789],"class_list":{"0":"post-37217","1":"product","2":"type-product","3":"status-publish","4":"has-post-thumbnail","6":"product_cat-3999","7":"pa_funktsioon-3970","8":"pa_kaitseklass-ip67-ru","9":"pa_keere-labiviik-pg135-ru","10":"pa_kontakt-1--1-","11":"pa_korpus-3193","12":"pa_mehhanism-3504","13":"pa_nimivool-6a-ru","14":"pa_seeria-fp-ru","15":"pa_tootemperatuur-25-80c-ru","16":"pa_tootja-pizzato","17":"manufacturers-pizzato-ru","19":"first","20":"onbackorder","21":"taxable","22":"shipping-taxable","23":"purchasable","24":"product-type-simple"},"acf":[],"yoast_head":"<!-- This site is optimized with the Yoast SEO Premium plugin v25.4 (Yoast SEO v25.4) - https:\/\/yoast.com\/wordpress\/plugins\/seo\/ -->\n<title>FP 556 \u0434\u043e\u0440\u043e\u0436\u043d\u044b\u0439 \u043f\u0435\u0440\u0435\u043a\u043b\u044e\u0447\u0430\u0442\u0435\u043b\u044c; 1NO+1NC; \u043f\u043b\u0430\u0441\u0442\u0438\u043a\u043e\u0432\u044b\u0439 \u043a\u043e\u0440\u043f\u0443\u0441; \u0437\u0430\u0449\u0435\u043b\u043a\u0438\u0432\u0430\u044e\u0449\u0435\u0435\u0441\u044f \u0434\u0435\u0439\u0441\u0442\u0432\u0438\u0435 - Sakala T\u00f6\u00f6stusautomaatika O\u00dc<\/title>\n<meta name=\"robots\" content=\"index, follow, max-snippet:-1, max-image-preview:large, max-video-preview:-1\" \/>\n<link rel=\"canonical\" href=\"https:\/\/sakt.ee\/\u0422\u043e\u0443\u0434\/fp-556-teekonnaluliti-1no1nc-plastkorpus-snap-action\/\" \/>\n<meta property=\"og:locale\" content=\"ru_RU\" \/>\n<meta property=\"og:type\" content=\"article\" \/>\n<meta property=\"og:title\" content=\"FP 556 \u0434\u043e\u0440\u043e\u0436\u043d\u044b\u0439 \u043f\u0435\u0440\u0435\u043a\u043b\u044e\u0447\u0430\u0442\u0435\u043b\u044c; 1NO+1NC; \u043f\u043b\u0430\u0441\u0442\u0438\u043a\u043e\u0432\u044b\u0439 \u043a\u043e\u0440\u043f\u0443\u0441; \u0437\u0430\u0449\u0435\u043b\u043a\u0438\u0432\u0430\u044e\u0449\u0435\u0435\u0441\u044f \u0434\u0435\u0439\u0441\u0442\u0432\u0438\u0435\" \/>\n<meta property=\"og:url\" content=\"https:\/\/sakt.ee\/\u0422\u043e\u0443\u0434\/fp-556-teekonnaluliti-1no1nc-plastkorpus-snap-action\/\" \/>\n<meta property=\"og:site_name\" content=\"Sakala T\u00f6\u00f6stusautomaatika O\u00dc\" \/>\n<meta property=\"article:modified_time\" content=\"2025-08-15T21:40:36+00:00\" \/>\n<meta property=\"og:image\" content=\"https:\/\/sakt.ee\/wp-content\/uploads\/2025\/05\/4993.jpg\" \/>\n\t<meta property=\"og:image:width\" content=\"843\" \/>\n\t<meta property=\"og:image:height\" content=\"832\" \/>\n\t<meta property=\"og:image:type\" content=\"image\/jpeg\" \/>\n<meta name=\"twitter:card\" content=\"summary_large_image\" \/>\n<meta name=\"twitter:label1\" content=\"\u0426\u0435\u043d\u0430\" \/>\n\t<meta name=\"twitter:data1\" content=\"19,00&euro; +KM\" \/>\n\t<meta name=\"twitter:label2\" content=\"\u0414\u043e\u0441\u0442\u0443\u043f\u043d\u043e\u0441\u0442\u044c\" \/>\n\t<meta name=\"twitter:data2\" content=\"\u041d\u0430 \u0437\u0430\u043a\u0430\u0437\" \/>\n<script type=\"application\/ld+json\" class=\"yoast-schema-graph\">{\"@context\":\"https:\/\/schema.org\",\"@graph\":[{\"@type\":\"WebPage\",\"@id\":\"https:\/\/sakt.ee\/\u0422\u043e\u0443\u0434\/fp-556-teekonnaluliti-1no1nc-plastkorpus-snap-action\/\",\"url\":\"https:\/\/sakt.ee\/\u0422\u043e\u0443\u0434\/fp-556-teekonnaluliti-1no1nc-plastkorpus-snap-action\/\",\"name\":\"FP 556 \u0434\u043e\u0440\u043e\u0436\u043d\u044b\u0439 \u043f\u0435\u0440\u0435\u043a\u043b\u044e\u0447\u0430\u0442\u0435\u043b\u044c; 1NO+1NC; \u043f\u043b\u0430\u0441\u0442\u0438\u043a\u043e\u0432\u044b\u0439 \u043a\u043e\u0440\u043f\u0443\u0441; \u0437\u0430\u0449\u0435\u043b\u043a\u0438\u0432\u0430\u044e\u0449\u0435\u0435\u0441\u044f \u0434\u0435\u0439\u0441\u0442\u0432\u0438\u0435 - Sakala T\u00f6\u00f6stusautomaatika O\u00dc\",\"isPartOf\":{\"@id\":\"https:\/\/sakt.ee\/en\/#website\"},\"primaryImageOfPage\":{\"@id\":\"https:\/\/sakt.ee\/\u0422\u043e\u0443\u0434\/fp-556-teekonnaluliti-1no1nc-plastkorpus-snap-action\/#primaryimage\"},\"image\":{\"@id\":\"https:\/\/sakt.ee\/\u0422\u043e\u0443\u0434\/fp-556-teekonnaluliti-1no1nc-plastkorpus-snap-action\/#primaryimage\"},\"thumbnailUrl\":\"https:\/\/sakt.ee\/wp-content\/uploads\/2025\/05\/4993.jpg\",\"datePublished\":\"2025-05-16T20:53:37+00:00\",\"dateModified\":\"2025-08-15T21:40:36+00:00\",\"breadcrumb\":{\"@id\":\"https:\/\/sakt.ee\/\u0422\u043e\u0443\u0434\/fp-556-teekonnaluliti-1no1nc-plastkorpus-snap-action\/#breadcrumb\"},\"inLanguage\":\"ru-RU\",\"potentialAction\":[{\"@type\":\"ReadAction\",\"target\":[\"https:\/\/sakt.ee\/\u0422\u043e\u0443\u0434\/fp-556-teekonnaluliti-1no1nc-plastkorpus-snap-action\/\"]}]},{\"@type\":\"ImageObject\",\"inLanguage\":\"ru-RU\",\"@id\":\"https:\/\/sakt.ee\/\u0422\u043e\u0443\u0434\/fp-556-teekonnaluliti-1no1nc-plastkorpus-snap-action\/#primaryimage\",\"url\":\"https:\/\/sakt.ee\/wp-content\/uploads\/2025\/05\/4993.jpg\",\"contentUrl\":\"https:\/\/sakt.ee\/wp-content\/uploads\/2025\/05\/4993.jpg\",\"width\":843,\"height\":832},{\"@type\":\"BreadcrumbList\",\"@id\":\"https:\/\/sakt.ee\/\u0422\u043e\u0443\u0434\/fp-556-teekonnaluliti-1no1nc-plastkorpus-snap-action\/#breadcrumb\",\"itemListElement\":[{\"@type\":\"ListItem\",\"position\":1,\"name\":\"Home\",\"item\":\"https:\/\/sakt.ee\/\"},{\"@type\":\"ListItem\",\"position\":2,\"name\":\"\u041c\u0430\u0433\u0430\u0437\u0438\u043d\",\"item\":\"https:\/\/sakt.ee\/ru\/\u043c\u0430\u0433\u0430\u0437\u0438\u043d\/\"},{\"@type\":\"ListItem\",\"position\":3,\"name\":\"FP 556 \u0434\u043e\u0440\u043e\u0436\u043d\u044b\u0439 \u043f\u0435\u0440\u0435\u043a\u043b\u044e\u0447\u0430\u0442\u0435\u043b\u044c; 1NO+1NC; \u043f\u043b\u0430\u0441\u0442\u0438\u043a\u043e\u0432\u044b\u0439 \u043a\u043e\u0440\u043f\u0443\u0441; \u0437\u0430\u0449\u0435\u043b\u043a\u0438\u0432\u0430\u044e\u0449\u0435\u0435\u0441\u044f \u0434\u0435\u0439\u0441\u0442\u0432\u0438\u0435\"}]},{\"@type\":\"WebSite\",\"@id\":\"https:\/\/sakt.ee\/en\/#website\",\"url\":\"https:\/\/sakt.ee\/en\/\",\"name\":\"Sakala T\u00f6\u00f6stusautomaatika O\u00dc\",\"description\":\"T\u00f6\u00f6stusautomaatika e-pood\",\"publisher\":{\"@id\":\"https:\/\/sakt.ee\/en\/#organization\"},\"potentialAction\":[{\"@type\":\"SearchAction\",\"target\":{\"@type\":\"EntryPoint\",\"urlTemplate\":\"https:\/\/sakt.ee\/en\/?s={search_term_string}\"},\"query-input\":{\"@type\":\"PropertyValueSpecification\",\"valueRequired\":true,\"valueName\":\"search_term_string\"}}],\"inLanguage\":\"ru-RU\"},{\"@type\":\"Organization\",\"@id\":\"https:\/\/sakt.ee\/en\/#organization\",\"name\":\"Sakala T\u00f6\u00f6stusautomaatika O\u00dc\",\"url\":\"https:\/\/sakt.ee\/en\/\",\"logo\":{\"@type\":\"ImageObject\",\"inLanguage\":\"ru-RU\",\"@id\":\"https:\/\/sakt.ee\/en\/#\/schema\/logo\/image\/\",\"url\":\"https:\/\/sakt.ee\/wp-content\/uploads\/2025\/05\/Sakala-Toostusautomaatika-favicon.png\",\"contentUrl\":\"https:\/\/sakt.ee\/wp-content\/uploads\/2025\/05\/Sakala-Toostusautomaatika-favicon.png\",\"width\":500,\"height\":500,\"caption\":\"Sakala T\u00f6\u00f6stusautomaatika O\u00dc\"},\"image\":{\"@id\":\"https:\/\/sakt.ee\/en\/#\/schema\/logo\/image\/\"}}]}<\/script>\n<meta property=\"product:price:amount\" content=\"19.00\" \/>\n<meta property=\"product:price:currency\" content=\"EUR\" \/>\n<meta property=\"og:availability\" content=\"backorder\" \/>\n<meta property=\"product:availability\" content=\"available for order\" \/>\n<meta property=\"product:retailer_item_id\" content=\"FP 556\" \/>\n<meta property=\"product:condition\" content=\"new\" \/>\n<!-- \/ Yoast SEO Premium plugin. -->","yoast_head_json":{"title":"FP 556 \u0434\u043e\u0440\u043e\u0436\u043d\u044b\u0439 \u043f\u0435\u0440\u0435\u043a\u043b\u044e\u0447\u0430\u0442\u0435\u043b\u044c; 1NO+1NC; \u043f\u043b\u0430\u0441\u0442\u0438\u043a\u043e\u0432\u044b\u0439 \u043a\u043e\u0440\u043f\u0443\u0441; \u0437\u0430\u0449\u0435\u043b\u043a\u0438\u0432\u0430\u044e\u0449\u0435\u0435\u0441\u044f \u0434\u0435\u0439\u0441\u0442\u0432\u0438\u0435 - Sakala T\u00f6\u00f6stusautomaatika O\u00dc","robots":{"index":"index","follow":"follow","max-snippet":"max-snippet:-1","max-image-preview":"max-image-preview:large","max-video-preview":"max-video-preview:-1"},"canonical":"https:\/\/sakt.ee\/\u0422\u043e\u0443\u0434\/fp-556-teekonnaluliti-1no1nc-plastkorpus-snap-action\/","og_locale":"ru_RU","og_type":"article","og_title":"FP 556 \u0434\u043e\u0440\u043e\u0436\u043d\u044b\u0439 \u043f\u0435\u0440\u0435\u043a\u043b\u044e\u0447\u0430\u0442\u0435\u043b\u044c; 1NO+1NC; \u043f\u043b\u0430\u0441\u0442\u0438\u043a\u043e\u0432\u044b\u0439 \u043a\u043e\u0440\u043f\u0443\u0441; \u0437\u0430\u0449\u0435\u043b\u043a\u0438\u0432\u0430\u044e\u0449\u0435\u0435\u0441\u044f \u0434\u0435\u0439\u0441\u0442\u0432\u0438\u0435","og_url":"https:\/\/sakt.ee\/\u0422\u043e\u0443\u0434\/fp-556-teekonnaluliti-1no1nc-plastkorpus-snap-action\/","og_site_name":"Sakala T\u00f6\u00f6stusautomaatika O\u00dc","article_modified_time":"2025-08-15T21:40:36+00:00","og_image":[{"width":843,"height":832,"url":"https:\/\/sakt.ee\/wp-content\/uploads\/2025\/05\/4993.jpg","type":"image\/jpeg"}],"twitter_card":"summary_large_image","twitter_misc":{"\u0426\u0435\u043d\u0430":"19,00&euro; +KM","\u0414\u043e\u0441\u0442\u0443\u043f\u043d\u043e\u0441\u0442\u044c":"\u041d\u0430 \u0437\u0430\u043a\u0430\u0437"},"schema":{"@context":"https:\/\/schema.org","@graph":[{"@type":"WebPage","@id":"https:\/\/sakt.ee\/\u0422\u043e\u0443\u0434\/fp-556-teekonnaluliti-1no1nc-plastkorpus-snap-action\/","url":"https:\/\/sakt.ee\/\u0422\u043e\u0443\u0434\/fp-556-teekonnaluliti-1no1nc-plastkorpus-snap-action\/","name":"FP 556 \u0434\u043e\u0440\u043e\u0436\u043d\u044b\u0439 \u043f\u0435\u0440\u0435\u043a\u043b\u044e\u0447\u0430\u0442\u0435\u043b\u044c; 1NO+1NC; \u043f\u043b\u0430\u0441\u0442\u0438\u043a\u043e\u0432\u044b\u0439 \u043a\u043e\u0440\u043f\u0443\u0441; \u0437\u0430\u0449\u0435\u043b\u043a\u0438\u0432\u0430\u044e\u0449\u0435\u0435\u0441\u044f \u0434\u0435\u0439\u0441\u0442\u0432\u0438\u0435 - Sakala T\u00f6\u00f6stusautomaatika O\u00dc","isPartOf":{"@id":"https:\/\/sakt.ee\/en\/#website"},"primaryImageOfPage":{"@id":"https:\/\/sakt.ee\/\u0422\u043e\u0443\u0434\/fp-556-teekonnaluliti-1no1nc-plastkorpus-snap-action\/#primaryimage"},"image":{"@id":"https:\/\/sakt.ee\/\u0422\u043e\u0443\u0434\/fp-556-teekonnaluliti-1no1nc-plastkorpus-snap-action\/#primaryimage"},"thumbnailUrl":"https:\/\/sakt.ee\/wp-content\/uploads\/2025\/05\/4993.jpg","datePublished":"2025-05-16T20:53:37+00:00","dateModified":"2025-08-15T21:40:36+00:00","breadcrumb":{"@id":"https:\/\/sakt.ee\/\u0422\u043e\u0443\u0434\/fp-556-teekonnaluliti-1no1nc-plastkorpus-snap-action\/#breadcrumb"},"inLanguage":"ru-RU","potentialAction":[{"@type":"ReadAction","target":["https:\/\/sakt.ee\/\u0422\u043e\u0443\u0434\/fp-556-teekonnaluliti-1no1nc-plastkorpus-snap-action\/"]}]},{"@type":"ImageObject","inLanguage":"ru-RU","@id":"https:\/\/sakt.ee\/\u0422\u043e\u0443\u0434\/fp-556-teekonnaluliti-1no1nc-plastkorpus-snap-action\/#primaryimage","url":"https:\/\/sakt.ee\/wp-content\/uploads\/2025\/05\/4993.jpg","contentUrl":"https:\/\/sakt.ee\/wp-content\/uploads\/2025\/05\/4993.jpg","width":843,"height":832},{"@type":"BreadcrumbList","@id":"https:\/\/sakt.ee\/\u0422\u043e\u0443\u0434\/fp-556-teekonnaluliti-1no1nc-plastkorpus-snap-action\/#breadcrumb","itemListElement":[{"@type":"ListItem","position":1,"name":"Home","item":"https:\/\/sakt.ee\/"},{"@type":"ListItem","position":2,"name":"\u041c\u0430\u0433\u0430\u0437\u0438\u043d","item":"https:\/\/sakt.ee\/ru\/\u043c\u0430\u0433\u0430\u0437\u0438\u043d\/"},{"@type":"ListItem","position":3,"name":"FP 556 \u0434\u043e\u0440\u043e\u0436\u043d\u044b\u0439 \u043f\u0435\u0440\u0435\u043a\u043b\u044e\u0447\u0430\u0442\u0435\u043b\u044c; 1NO+1NC; \u043f\u043b\u0430\u0441\u0442\u0438\u043a\u043e\u0432\u044b\u0439 \u043a\u043e\u0440\u043f\u0443\u0441; \u0437\u0430\u0449\u0435\u043b\u043a\u0438\u0432\u0430\u044e\u0449\u0435\u0435\u0441\u044f \u0434\u0435\u0439\u0441\u0442\u0432\u0438\u0435"}]},{"@type":"WebSite","@id":"https:\/\/sakt.ee\/en\/#website","url":"https:\/\/sakt.ee\/en\/","name":"Sakala T\u00f6\u00f6stusautomaatika O\u00dc","description":"T\u00f6\u00f6stusautomaatika e-pood","publisher":{"@id":"https:\/\/sakt.ee\/en\/#organization"},"potentialAction":[{"@type":"SearchAction","target":{"@type":"EntryPoint","urlTemplate":"https:\/\/sakt.ee\/en\/?s={search_term_string}"},"query-input":{"@type":"PropertyValueSpecification","valueRequired":true,"valueName":"search_term_string"}}],"inLanguage":"ru-RU"},{"@type":"Organization","@id":"https:\/\/sakt.ee\/en\/#organization","name":"Sakala T\u00f6\u00f6stusautomaatika O\u00dc","url":"https:\/\/sakt.ee\/en\/","logo":{"@type":"ImageObject","inLanguage":"ru-RU","@id":"https:\/\/sakt.ee\/en\/#\/schema\/logo\/image\/","url":"https:\/\/sakt.ee\/wp-content\/uploads\/2025\/05\/Sakala-Toostusautomaatika-favicon.png","contentUrl":"https:\/\/sakt.ee\/wp-content\/uploads\/2025\/05\/Sakala-Toostusautomaatika-favicon.png","width":500,"height":500,"caption":"Sakala T\u00f6\u00f6stusautomaatika O\u00dc"},"image":{"@id":"https:\/\/sakt.ee\/en\/#\/schema\/logo\/image\/"}}]},"product_price_amount":"19.00","product_price_currency":"EUR","og_availability":"backorder","product_availability":"available for order","product_retailer_item_id":"FP 556","product_condition":"new"},"_links":{"self":[{"href":"https:\/\/sakt.ee\/ru\/wp-json\/wp\/v2\/product\/37217","targetHints":{"allow":["GET"]}}],"collection":[{"href":"https:\/\/sakt.ee\/ru\/wp-json\/wp\/v2\/product"}],"about":[{"href":"https:\/\/sakt.ee\/ru\/wp-json\/wp\/v2\/types\/product"}],"version-history":[{"count":0,"href":"https:\/\/sakt.ee\/ru\/wp-json\/wp\/v2\/product\/37217\/revisions"}],"wp:featuredmedia":[{"embeddable":true,"href":"https:\/\/sakt.ee\/ru\/wp-json\/wp\/v2\/media\/24410"}],"wp:attachment":[{"href":"https:\/\/sakt.ee\/ru\/wp-json\/wp\/v2\/media?parent=37217"}],"wp:term":[{"taxonomy":"product_brand","embeddable":true,"href":"https:\/\/sakt.ee\/ru\/wp-json\/wp\/v2\/product_brand?post=37217"},{"taxonomy":"product_cat","embeddable":true,"href":"https:\/\/sakt.ee\/ru\/wp-json\/wp\/v2\/product_cat?post=37217"},{"taxonomy":"product_tag","embeddable":true,"href":"https:\/\/sakt.ee\/ru\/wp-json\/wp\/v2\/product_tag?post=37217"},{"taxonomy":"manufacturers","embeddable":true,"href":"https:\/\/sakt.ee\/ru\/wp-json\/wp\/v2\/manufacturers?post=37217"}],"curies":[{"name":"wp","href":"https:\/\/api.w.org\/{rel}","templated":true}]}}