{"id":37113,"date":"2025-05-16T17:36:29","date_gmt":"2025-05-16T17:36:29","guid":{"rendered":"https:\/\/sakt.ee\/product\/%d1%84%d0%be%d1%82%d0%be%d0%b4%d0%b0%d1%82%d1%87%d0%b8%d0%ba-dmr-0p-1h-10-30dc-%d0%bc%d0%b5%d1%82%d0%b0%d0%bb%d0%bb%d0%b8%d1%87%d0%b5%d1%81%d0%ba%d0%b8%d0%b9-%d0%ba%d0%be%d1%80%d0%bf%d1%83%d1%81-"},"modified":"2025-08-15T23:51:36","modified_gmt":"2025-08-15T20:51:36","slug":"%d1%84%d0%be%d1%82%d0%be%d0%b4%d0%b0%d1%82%d1%87%d0%b8%d0%ba-dmr-0p-1h-10-30dc-%d0%bc%d0%b5%d1%82%d0%b0%d0%bb%d0%bb%d0%b8%d1%87%d0%b5%d1%81%d0%ba%d0%b8%d0%b9-%d0%ba%d0%be%d1%80%d0%bf%d1%83%d1%81-m12","status":"publish","type":"product","link":"https:\/\/sakt.ee\/ru\/\u043c\u0430\u0433\u0430\u0437\u0438\u043d\/%d0%b4%d0%b0%d1%82%d1%87%d0%b8%d0%ba%d0%b8-%d0%bf%d1%80%d0%be%d1%86%d0%b5%d1%81%d1%81%d0%b0\/%d1%84%d0%be%d1%82%d0%be%d0%b4%d0%b0%d1%82%d1%87%d0%b8%d0%ba%d0%b8\/%d0%bf%d0%b5%d1%80%d0%b5%d0%b4%d0%b0%d1%82%d1%87%d0%b8%d0%ba-%d0%bf%d1%80%d0%b8%d1%91%d0%bc%d0%bd%d0%b8%d0%ba\/%d1%84%d0%be%d1%82%d0%be%d0%b4%d0%b0%d1%82%d1%87%d0%b8%d0%ba-dmr-0p-1h-10-30dc-%d0%bc%d0%b5%d1%82%d0%b0%d0%bb%d0%bb%d0%b8%d1%87%d0%b5%d1%81%d0%ba%d0%b8%d0%b9-%d0%ba%d0%be%d1%80%d0%bf%d1%83%d1%81-m12\/","title":{"rendered":"\u0424\u043e\u0442\u043e\u0434\u0430\u0442\u0447\u0438\u043a DMR\/0P-1H; 10-30DC; \u043c\u0435\u0442\u0430\u043b\u043b\u0438\u0447\u0435\u0441\u043a\u0438\u0439 \u043a\u043e\u0440\u043f\u0443\u0441 M12; \u043f\u0440\u0438\u0435\u043c\u043d\u0438\u043a; \u0430\u043a\u0441\u0438\u0430\u043b\u044c\u043d\u044b\u0439; 0&#8230;4000\u043c\u043c; PNP; \u0440\u0430\u0437\u044a\u0435\u043c M12"},"content":{"rendered":"","protected":false},"excerpt":{"rendered":"","protected":false},"featured_media":21635,"template":"","meta":{"_acf_changed":false},"product_brand":[],"product_cat":[3322],"product_tag":[],"manufacturers":[7783],"class_list":{"0":"post-37113","1":"product","2":"type-product","3":"status-publish","4":"has-post-thumbnail","6":"product_cat-3322","7":"pa_funktsioon-3318","8":"pa_kaitseklass-ip67-ru","9":"pa_korpus-3167","10":"pa_kuju-3219","11":"pa_labimoot-12mm-ru","12":"pa_mootepiirkond-4-m-ru","13":"pa_toide-10-30---","14":"pa_tootemperatuur-25-70c-ru","15":"pa_tootja-datasensing","16":"pa_uhendustuup--m12","17":"pa_valjund-pnp-ru","18":"manufacturers-datasensing-ru","20":"first","21":"onbackorder","22":"taxable","23":"shipping-taxable","24":"purchasable","25":"product-type-simple"},"acf":[],"yoast_head":"<!-- This site is optimized with the Yoast SEO Premium plugin v25.4 (Yoast SEO v25.4) - https:\/\/yoast.com\/wordpress\/plugins\/seo\/ -->\n<title>\u0424\u043e\u0442\u043e\u0434\u0430\u0442\u0447\u0438\u043a DMR\/0P-1H; 10-30DC; \u043c\u0435\u0442\u0430\u043b\u043b\u0438\u0447\u0435\u0441\u043a\u0438\u0439 \u043a\u043e\u0440\u043f\u0443\u0441 M12; \u043f\u0440\u0438\u0435\u043c\u043d\u0438\u043a; \u0430\u043a\u0441\u0438\u0430\u043b\u044c\u043d\u044b\u0439; 0...4000\u043c\u043c; PNP; \u0440\u0430\u0437\u044a\u0435\u043c M12 - Sakala T\u00f6\u00f6stusautomaatika O\u00dc<\/title>\n<meta name=\"robots\" content=\"index, follow, max-snippet:-1, max-image-preview:large, max-video-preview:-1\" \/>\n<link rel=\"canonical\" href=\"https:\/\/sakt.ee\/\u0422\u043e\u0443\u0434\/dmr-0p-1h-fotoandur-10-30dc-vastuvotja\/\" \/>\n<meta property=\"og:locale\" content=\"ru_RU\" \/>\n<meta property=\"og:type\" content=\"article\" \/>\n<meta property=\"og:title\" content=\"\u0424\u043e\u0442\u043e\u0434\u0430\u0442\u0447\u0438\u043a DMR\/0P-1H; 10-30DC; \u043c\u0435\u0442\u0430\u043b\u043b\u0438\u0447\u0435\u0441\u043a\u0438\u0439 \u043a\u043e\u0440\u043f\u0443\u0441 M12; \u043f\u0440\u0438\u0435\u043c\u043d\u0438\u043a; \u0430\u043a\u0441\u0438\u0430\u043b\u044c\u043d\u044b\u0439; 0...4000\u043c\u043c; PNP; \u0440\u0430\u0437\u044a\u0435\u043c M12\" \/>\n<meta property=\"og:url\" content=\"https:\/\/sakt.ee\/\u0422\u043e\u0443\u0434\/dmr-0p-1h-fotoandur-10-30dc-vastuvotja\/\" \/>\n<meta property=\"og:site_name\" content=\"Sakala T\u00f6\u00f6stusautomaatika O\u00dc\" \/>\n<meta property=\"article:modified_time\" content=\"2025-08-15T20:51:36+00:00\" \/>\n<meta property=\"og:image\" content=\"https:\/\/sakt.ee\/wp-content\/uploads\/2025\/05\/4627.jpg\" \/>\n\t<meta property=\"og:image:width\" content=\"1000\" \/>\n\t<meta property=\"og:image:height\" content=\"1000\" \/>\n\t<meta property=\"og:image:type\" content=\"image\/jpeg\" \/>\n<meta name=\"twitter:card\" content=\"summary_large_image\" \/>\n<meta name=\"twitter:label1\" content=\"\u0426\u0435\u043d\u0430\" \/>\n\t<meta name=\"twitter:data1\" content=\"61,65&euro; +KM\" \/>\n\t<meta name=\"twitter:label2\" content=\"\u0414\u043e\u0441\u0442\u0443\u043f\u043d\u043e\u0441\u0442\u044c\" \/>\n\t<meta name=\"twitter:data2\" content=\"\u041d\u0430 \u0437\u0430\u043a\u0430\u0437\" \/>\n<script type=\"application\/ld+json\" class=\"yoast-schema-graph\">{\"@context\":\"https:\/\/schema.org\",\"@graph\":[{\"@type\":\"WebPage\",\"@id\":\"https:\/\/sakt.ee\/\u0422\u043e\u0443\u0434\/dmr-0p-1h-fotoandur-10-30dc-vastuvotja\/\",\"url\":\"https:\/\/sakt.ee\/\u0422\u043e\u0443\u0434\/dmr-0p-1h-fotoandur-10-30dc-vastuvotja\/\",\"name\":\"\u0424\u043e\u0442\u043e\u0434\u0430\u0442\u0447\u0438\u043a DMR\/0P-1H; 10-30DC; \u043c\u0435\u0442\u0430\u043b\u043b\u0438\u0447\u0435\u0441\u043a\u0438\u0439 \u043a\u043e\u0440\u043f\u0443\u0441 M12; \u043f\u0440\u0438\u0435\u043c\u043d\u0438\u043a; \u0430\u043a\u0441\u0438\u0430\u043b\u044c\u043d\u044b\u0439; 0...4000\u043c\u043c; PNP; \u0440\u0430\u0437\u044a\u0435\u043c M12 - Sakala T\u00f6\u00f6stusautomaatika O\u00dc\",\"isPartOf\":{\"@id\":\"https:\/\/sakt.ee\/en\/#website\"},\"primaryImageOfPage\":{\"@id\":\"https:\/\/sakt.ee\/\u0422\u043e\u0443\u0434\/dmr-0p-1h-fotoandur-10-30dc-vastuvotja\/#primaryimage\"},\"image\":{\"@id\":\"https:\/\/sakt.ee\/\u0422\u043e\u0443\u0434\/dmr-0p-1h-fotoandur-10-30dc-vastuvotja\/#primaryimage\"},\"thumbnailUrl\":\"https:\/\/sakt.ee\/wp-content\/uploads\/2025\/05\/4627.jpg\",\"datePublished\":\"2025-05-16T17:36:29+00:00\",\"dateModified\":\"2025-08-15T20:51:36+00:00\",\"breadcrumb\":{\"@id\":\"https:\/\/sakt.ee\/\u0422\u043e\u0443\u0434\/dmr-0p-1h-fotoandur-10-30dc-vastuvotja\/#breadcrumb\"},\"inLanguage\":\"ru-RU\",\"potentialAction\":[{\"@type\":\"ReadAction\",\"target\":[\"https:\/\/sakt.ee\/\u0422\u043e\u0443\u0434\/dmr-0p-1h-fotoandur-10-30dc-vastuvotja\/\"]}]},{\"@type\":\"ImageObject\",\"inLanguage\":\"ru-RU\",\"@id\":\"https:\/\/sakt.ee\/\u0422\u043e\u0443\u0434\/dmr-0p-1h-fotoandur-10-30dc-vastuvotja\/#primaryimage\",\"url\":\"https:\/\/sakt.ee\/wp-content\/uploads\/2025\/05\/4627.jpg\",\"contentUrl\":\"https:\/\/sakt.ee\/wp-content\/uploads\/2025\/05\/4627.jpg\",\"width\":1000,\"height\":1000},{\"@type\":\"BreadcrumbList\",\"@id\":\"https:\/\/sakt.ee\/\u0422\u043e\u0443\u0434\/dmr-0p-1h-fotoandur-10-30dc-vastuvotja\/#breadcrumb\",\"itemListElement\":[{\"@type\":\"ListItem\",\"position\":1,\"name\":\"Home\",\"item\":\"https:\/\/sakt.ee\/\"},{\"@type\":\"ListItem\",\"position\":2,\"name\":\"\u041c\u0430\u0433\u0430\u0437\u0438\u043d\",\"item\":\"https:\/\/sakt.ee\/ru\/\u043c\u0430\u0433\u0430\u0437\u0438\u043d\/\"},{\"@type\":\"ListItem\",\"position\":3,\"name\":\"\u0424\u043e\u0442\u043e\u0434\u0430\u0442\u0447\u0438\u043a DMR\/0P-1H; 10-30DC; \u043c\u0435\u0442\u0430\u043b\u043b\u0438\u0447\u0435\u0441\u043a\u0438\u0439 \u043a\u043e\u0440\u043f\u0443\u0441 M12; \u043f\u0440\u0438\u0435\u043c\u043d\u0438\u043a; \u0430\u043a\u0441\u0438\u0430\u043b\u044c\u043d\u044b\u0439; 0&#8230;4000\u043c\u043c; PNP; \u0440\u0430\u0437\u044a\u0435\u043c M12\"}]},{\"@type\":\"WebSite\",\"@id\":\"https:\/\/sakt.ee\/en\/#website\",\"url\":\"https:\/\/sakt.ee\/en\/\",\"name\":\"Sakala T\u00f6\u00f6stusautomaatika O\u00dc\",\"description\":\"T\u00f6\u00f6stusautomaatika e-pood\",\"publisher\":{\"@id\":\"https:\/\/sakt.ee\/en\/#organization\"},\"potentialAction\":[{\"@type\":\"SearchAction\",\"target\":{\"@type\":\"EntryPoint\",\"urlTemplate\":\"https:\/\/sakt.ee\/en\/?s={search_term_string}\"},\"query-input\":{\"@type\":\"PropertyValueSpecification\",\"valueRequired\":true,\"valueName\":\"search_term_string\"}}],\"inLanguage\":\"ru-RU\"},{\"@type\":\"Organization\",\"@id\":\"https:\/\/sakt.ee\/en\/#organization\",\"name\":\"Sakala T\u00f6\u00f6stusautomaatika O\u00dc\",\"url\":\"https:\/\/sakt.ee\/en\/\",\"logo\":{\"@type\":\"ImageObject\",\"inLanguage\":\"ru-RU\",\"@id\":\"https:\/\/sakt.ee\/en\/#\/schema\/logo\/image\/\",\"url\":\"https:\/\/sakt.ee\/wp-content\/uploads\/2025\/05\/Sakala-Toostusautomaatika-favicon.png\",\"contentUrl\":\"https:\/\/sakt.ee\/wp-content\/uploads\/2025\/05\/Sakala-Toostusautomaatika-favicon.png\",\"width\":500,\"height\":500,\"caption\":\"Sakala T\u00f6\u00f6stusautomaatika O\u00dc\"},\"image\":{\"@id\":\"https:\/\/sakt.ee\/en\/#\/schema\/logo\/image\/\"}}]}<\/script>\n<meta property=\"product:price:amount\" content=\"61.65\" \/>\n<meta property=\"product:price:currency\" content=\"EUR\" \/>\n<meta property=\"og:availability\" content=\"backorder\" \/>\n<meta property=\"product:availability\" content=\"available for order\" \/>\n<meta property=\"product:retailer_item_id\" content=\"DMR\/0P-1H\" \/>\n<meta property=\"product:condition\" content=\"new\" \/>\n<!-- \/ Yoast SEO Premium plugin. -->","yoast_head_json":{"title":"\u0424\u043e\u0442\u043e\u0434\u0430\u0442\u0447\u0438\u043a DMR\/0P-1H; 10-30DC; \u043c\u0435\u0442\u0430\u043b\u043b\u0438\u0447\u0435\u0441\u043a\u0438\u0439 \u043a\u043e\u0440\u043f\u0443\u0441 M12; \u043f\u0440\u0438\u0435\u043c\u043d\u0438\u043a; \u0430\u043a\u0441\u0438\u0430\u043b\u044c\u043d\u044b\u0439; 0...4000\u043c\u043c; PNP; \u0440\u0430\u0437\u044a\u0435\u043c M12 - Sakala T\u00f6\u00f6stusautomaatika O\u00dc","robots":{"index":"index","follow":"follow","max-snippet":"max-snippet:-1","max-image-preview":"max-image-preview:large","max-video-preview":"max-video-preview:-1"},"canonical":"https:\/\/sakt.ee\/\u0422\u043e\u0443\u0434\/dmr-0p-1h-fotoandur-10-30dc-vastuvotja\/","og_locale":"ru_RU","og_type":"article","og_title":"\u0424\u043e\u0442\u043e\u0434\u0430\u0442\u0447\u0438\u043a DMR\/0P-1H; 10-30DC; \u043c\u0435\u0442\u0430\u043b\u043b\u0438\u0447\u0435\u0441\u043a\u0438\u0439 \u043a\u043e\u0440\u043f\u0443\u0441 M12; \u043f\u0440\u0438\u0435\u043c\u043d\u0438\u043a; \u0430\u043a\u0441\u0438\u0430\u043b\u044c\u043d\u044b\u0439; 0...4000\u043c\u043c; PNP; \u0440\u0430\u0437\u044a\u0435\u043c M12","og_url":"https:\/\/sakt.ee\/\u0422\u043e\u0443\u0434\/dmr-0p-1h-fotoandur-10-30dc-vastuvotja\/","og_site_name":"Sakala T\u00f6\u00f6stusautomaatika O\u00dc","article_modified_time":"2025-08-15T20:51:36+00:00","og_image":[{"width":1000,"height":1000,"url":"https:\/\/sakt.ee\/wp-content\/uploads\/2025\/05\/4627.jpg","type":"image\/jpeg"}],"twitter_card":"summary_large_image","twitter_misc":{"\u0426\u0435\u043d\u0430":"61,65&euro; +KM","\u0414\u043e\u0441\u0442\u0443\u043f\u043d\u043e\u0441\u0442\u044c":"\u041d\u0430 \u0437\u0430\u043a\u0430\u0437"},"schema":{"@context":"https:\/\/schema.org","@graph":[{"@type":"WebPage","@id":"https:\/\/sakt.ee\/\u0422\u043e\u0443\u0434\/dmr-0p-1h-fotoandur-10-30dc-vastuvotja\/","url":"https:\/\/sakt.ee\/\u0422\u043e\u0443\u0434\/dmr-0p-1h-fotoandur-10-30dc-vastuvotja\/","name":"\u0424\u043e\u0442\u043e\u0434\u0430\u0442\u0447\u0438\u043a DMR\/0P-1H; 10-30DC; \u043c\u0435\u0442\u0430\u043b\u043b\u0438\u0447\u0435\u0441\u043a\u0438\u0439 \u043a\u043e\u0440\u043f\u0443\u0441 M12; \u043f\u0440\u0438\u0435\u043c\u043d\u0438\u043a; \u0430\u043a\u0441\u0438\u0430\u043b\u044c\u043d\u044b\u0439; 0...4000\u043c\u043c; PNP; \u0440\u0430\u0437\u044a\u0435\u043c M12 - Sakala T\u00f6\u00f6stusautomaatika O\u00dc","isPartOf":{"@id":"https:\/\/sakt.ee\/en\/#website"},"primaryImageOfPage":{"@id":"https:\/\/sakt.ee\/\u0422\u043e\u0443\u0434\/dmr-0p-1h-fotoandur-10-30dc-vastuvotja\/#primaryimage"},"image":{"@id":"https:\/\/sakt.ee\/\u0422\u043e\u0443\u0434\/dmr-0p-1h-fotoandur-10-30dc-vastuvotja\/#primaryimage"},"thumbnailUrl":"https:\/\/sakt.ee\/wp-content\/uploads\/2025\/05\/4627.jpg","datePublished":"2025-05-16T17:36:29+00:00","dateModified":"2025-08-15T20:51:36+00:00","breadcrumb":{"@id":"https:\/\/sakt.ee\/\u0422\u043e\u0443\u0434\/dmr-0p-1h-fotoandur-10-30dc-vastuvotja\/#breadcrumb"},"inLanguage":"ru-RU","potentialAction":[{"@type":"ReadAction","target":["https:\/\/sakt.ee\/\u0422\u043e\u0443\u0434\/dmr-0p-1h-fotoandur-10-30dc-vastuvotja\/"]}]},{"@type":"ImageObject","inLanguage":"ru-RU","@id":"https:\/\/sakt.ee\/\u0422\u043e\u0443\u0434\/dmr-0p-1h-fotoandur-10-30dc-vastuvotja\/#primaryimage","url":"https:\/\/sakt.ee\/wp-content\/uploads\/2025\/05\/4627.jpg","contentUrl":"https:\/\/sakt.ee\/wp-content\/uploads\/2025\/05\/4627.jpg","width":1000,"height":1000},{"@type":"BreadcrumbList","@id":"https:\/\/sakt.ee\/\u0422\u043e\u0443\u0434\/dmr-0p-1h-fotoandur-10-30dc-vastuvotja\/#breadcrumb","itemListElement":[{"@type":"ListItem","position":1,"name":"Home","item":"https:\/\/sakt.ee\/"},{"@type":"ListItem","position":2,"name":"\u041c\u0430\u0433\u0430\u0437\u0438\u043d","item":"https:\/\/sakt.ee\/ru\/\u043c\u0430\u0433\u0430\u0437\u0438\u043d\/"},{"@type":"ListItem","position":3,"name":"\u0424\u043e\u0442\u043e\u0434\u0430\u0442\u0447\u0438\u043a DMR\/0P-1H; 10-30DC; \u043c\u0435\u0442\u0430\u043b\u043b\u0438\u0447\u0435\u0441\u043a\u0438\u0439 \u043a\u043e\u0440\u043f\u0443\u0441 M12; \u043f\u0440\u0438\u0435\u043c\u043d\u0438\u043a; \u0430\u043a\u0441\u0438\u0430\u043b\u044c\u043d\u044b\u0439; 0&#8230;4000\u043c\u043c; PNP; \u0440\u0430\u0437\u044a\u0435\u043c M12"}]},{"@type":"WebSite","@id":"https:\/\/sakt.ee\/en\/#website","url":"https:\/\/sakt.ee\/en\/","name":"Sakala T\u00f6\u00f6stusautomaatika O\u00dc","description":"T\u00f6\u00f6stusautomaatika e-pood","publisher":{"@id":"https:\/\/sakt.ee\/en\/#organization"},"potentialAction":[{"@type":"SearchAction","target":{"@type":"EntryPoint","urlTemplate":"https:\/\/sakt.ee\/en\/?s={search_term_string}"},"query-input":{"@type":"PropertyValueSpecification","valueRequired":true,"valueName":"search_term_string"}}],"inLanguage":"ru-RU"},{"@type":"Organization","@id":"https:\/\/sakt.ee\/en\/#organization","name":"Sakala T\u00f6\u00f6stusautomaatika O\u00dc","url":"https:\/\/sakt.ee\/en\/","logo":{"@type":"ImageObject","inLanguage":"ru-RU","@id":"https:\/\/sakt.ee\/en\/#\/schema\/logo\/image\/","url":"https:\/\/sakt.ee\/wp-content\/uploads\/2025\/05\/Sakala-Toostusautomaatika-favicon.png","contentUrl":"https:\/\/sakt.ee\/wp-content\/uploads\/2025\/05\/Sakala-Toostusautomaatika-favicon.png","width":500,"height":500,"caption":"Sakala T\u00f6\u00f6stusautomaatika O\u00dc"},"image":{"@id":"https:\/\/sakt.ee\/en\/#\/schema\/logo\/image\/"}}]},"product_price_amount":"61.65","product_price_currency":"EUR","og_availability":"backorder","product_availability":"available for order","product_retailer_item_id":"DMR\/0P-1H","product_condition":"new"},"_links":{"self":[{"href":"https:\/\/sakt.ee\/ru\/wp-json\/wp\/v2\/product\/37113","targetHints":{"allow":["GET"]}}],"collection":[{"href":"https:\/\/sakt.ee\/ru\/wp-json\/wp\/v2\/product"}],"about":[{"href":"https:\/\/sakt.ee\/ru\/wp-json\/wp\/v2\/types\/product"}],"version-history":[{"count":0,"href":"https:\/\/sakt.ee\/ru\/wp-json\/wp\/v2\/product\/37113\/revisions"}],"wp:featuredmedia":[{"embeddable":true,"href":"https:\/\/sakt.ee\/ru\/wp-json\/wp\/v2\/media\/21635"}],"wp:attachment":[{"href":"https:\/\/sakt.ee\/ru\/wp-json\/wp\/v2\/media?parent=37113"}],"wp:term":[{"taxonomy":"product_brand","embeddable":true,"href":"https:\/\/sakt.ee\/ru\/wp-json\/wp\/v2\/product_brand?post=37113"},{"taxonomy":"product_cat","embeddable":true,"href":"https:\/\/sakt.ee\/ru\/wp-json\/wp\/v2\/product_cat?post=37113"},{"taxonomy":"product_tag","embeddable":true,"href":"https:\/\/sakt.ee\/ru\/wp-json\/wp\/v2\/product_tag?post=37113"},{"taxonomy":"manufacturers","embeddable":true,"href":"https:\/\/sakt.ee\/ru\/wp-json\/wp\/v2\/manufacturers?post=37113"}],"curies":[{"name":"wp","href":"https:\/\/api.w.org\/{rel}","templated":true}]}}