{"id":36966,"date":"2025-05-16T17:10:29","date_gmt":"2025-05-16T17:10:29","guid":{"rendered":"https:\/\/sakt.ee\/product\/stn006230-24-%d1%82%d1%80%d0%b0%d0%bd%d1%81%d1%84%d0%be%d1%80%d0%bc%d0%b0%d1%82%d0%be%d1%80-%d0%b2%d1%85%d0%be%d0%b4-230ac-%d0%b2%d1%8b%d1%85%d0%be%d0%b4-24ac-2-5a\/"},"modified":"2025-12-17T19:12:19","modified_gmt":"2025-12-17T16:12:19","slug":"stn006230-24-%d1%82%d1%80%d0%b0%d0%bd%d1%81%d1%84%d0%be%d1%80%d0%bc%d0%b0%d1%82%d0%be%d1%80-%d0%b2%d1%85%d0%be%d0%b4-230ac-%d0%b2%d1%8b%d1%85%d0%be%d0%b4-24ac-2-5a","status":"publish","type":"product","link":"https:\/\/sakt.ee\/ru\/\u043c\u0430\u0433\u0430\u0437\u0438\u043d\/%d0%ba%d0%be%d0%bc%d0%bf%d0%be%d0%bd%d0%b5%d0%bd%d1%82%d1%8b-%d0%b0%d0%b2%d1%82%d0%be%d0%bc%d0%b0%d1%82%d0%b8%d0%ba%d0%b8\/%d0%b8%d1%81%d1%82%d0%be%d1%87%d0%bd%d0%b8%d0%ba%d0%b8-%d0%bf%d0%b8%d1%82%d0%b0%d0%bd%d0%b8%d1%8f-%d0%b8-%d1%82%d1%80%d0%b0%d0%bd%d1%81%d1%84%d0%be%d1%80%d0%bc%d0%b0%d1%82%d0%be%d1%80%d1%8b\/stn006230-24-%d1%82%d1%80%d0%b0%d0%bd%d1%81%d1%84%d0%be%d1%80%d0%bc%d0%b0%d1%82%d0%be%d1%80-%d0%b2%d1%85%d0%be%d0%b4-230ac-%d0%b2%d1%8b%d1%85%d0%be%d0%b4-24ac-2-5a\/","title":{"rendered":"STN0,06(230\/24) \u0442\u0440\u0430\u043d\u0441\u0444\u043e\u0440\u043c\u0430\u0442\u043e\u0440; \u0432\u0445\u043e\u0434 230AC; \u0432\u044b\u0445\u043e\u0434 24AC (2.5A)"},"content":{"rendered":"","protected":false},"excerpt":{"rendered":"","protected":false},"featured_media":21207,"template":"","meta":{"_acf_changed":false},"product_brand":[],"product_cat":[3114],"product_tag":[],"manufacturers":[7786],"class_list":{"0":"post-36966","1":"product","2":"type-product","3":"status-publish","4":"has-post-thumbnail","6":"product_cat-3114","7":"pa_kaitseklass-ip00-ru","8":"pa_paigaldus-3095","9":"pa_toide-230---","10":"pa_toode-3101","11":"pa_tootemperatuur-25-40c-ru","12":"pa_tootja-eaton","13":"pa_valjundpinge-24---","14":"pa_voimsus-006-","15":"manufacturers-eaton-ru","17":"first","18":"instock","19":"taxable","20":"shipping-taxable","21":"purchasable","22":"product-type-simple"},"acf":[],"yoast_head":"<!-- This site is optimized with the Yoast SEO Premium plugin v25.4 (Yoast SEO v25.4) - https:\/\/yoast.com\/wordpress\/plugins\/seo\/ -->\n<title>STN0,06(230\/24) \u0442\u0440\u0430\u043d\u0441\u0444\u043e\u0440\u043c\u0430\u0442\u043e\u0440; \u0432\u0445\u043e\u0434 230AC; \u0432\u044b\u0445\u043e\u0434 24AC (2.5A) - Sakala T\u00f6\u00f6stusautomaatika O\u00dc<\/title>\n<meta name=\"robots\" content=\"index, follow, max-snippet:-1, max-image-preview:large, max-video-preview:-1\" \/>\n<link rel=\"canonical\" href=\"https:\/\/sakt.ee\/ru\/\u043c\u0430\u0433\u0430\u0437\u0438\u043d\/\u043a\u043e\u043c\u043f\u043e\u043d\u0435\u043d\u0442\u044b-\u0430\u0432\u0442\u043e\u043c\u0430\u0442\u0438\u043a\u0438\/\u0438\u0441\u0442\u043e\u0447\u043d\u0438\u043a\u0438-\u043f\u0438\u0442\u0430\u043d\u0438\u044f-\u0438-\u0442\u0440\u0430\u043d\u0441\u0444\u043e\u0440\u043c\u0430\u0442\u043e\u0440\u044b\/stn006230-24-\u0442\u0440\u0430\u043d\u0441\u0444\u043e\u0440\u043c\u0430\u0442\u043e\u0440-\u0432\u0445\u043e\u0434-230ac-\u0432\u044b\u0445\u043e\u0434-24ac-2-5a\/\" \/>\n<meta property=\"og:locale\" content=\"ru_RU\" \/>\n<meta property=\"og:type\" content=\"article\" \/>\n<meta property=\"og:title\" content=\"STN0,06(230\/24) \u0442\u0440\u0430\u043d\u0441\u0444\u043e\u0440\u043c\u0430\u0442\u043e\u0440; \u0432\u0445\u043e\u0434 230AC; \u0432\u044b\u0445\u043e\u0434 24AC (2.5A)\" \/>\n<meta property=\"og:url\" content=\"https:\/\/sakt.ee\/ru\/\u043c\u0430\u0433\u0430\u0437\u0438\u043d\/\u043a\u043e\u043c\u043f\u043e\u043d\u0435\u043d\u0442\u044b-\u0430\u0432\u0442\u043e\u043c\u0430\u0442\u0438\u043a\u0438\/\u0438\u0441\u0442\u043e\u0447\u043d\u0438\u043a\u0438-\u043f\u0438\u0442\u0430\u043d\u0438\u044f-\u0438-\u0442\u0440\u0430\u043d\u0441\u0444\u043e\u0440\u043c\u0430\u0442\u043e\u0440\u044b\/stn006230-24-\u0442\u0440\u0430\u043d\u0441\u0444\u043e\u0440\u043c\u0430\u0442\u043e\u0440-\u0432\u0445\u043e\u0434-230ac-\u0432\u044b\u0445\u043e\u0434-24ac-2-5a\/\" \/>\n<meta property=\"og:site_name\" content=\"Sakala T\u00f6\u00f6stusautomaatika O\u00dc\" \/>\n<meta property=\"article:modified_time\" content=\"2025-12-17T16:12:19+00:00\" \/>\n<meta property=\"og:image\" content=\"https:\/\/sakt.ee\/wp-content\/uploads\/2025\/05\/2200.jpg\" \/>\n\t<meta property=\"og:image:width\" content=\"467\" \/>\n\t<meta property=\"og:image:height\" content=\"443\" \/>\n\t<meta property=\"og:image:type\" content=\"image\/jpeg\" \/>\n<meta name=\"twitter:card\" content=\"summary_large_image\" \/>\n<meta name=\"twitter:label1\" content=\"\u0426\u0435\u043d\u0430\" \/>\n\t<meta name=\"twitter:data1\" content=\"35,15&euro; +KM\" \/>\n\t<meta name=\"twitter:label2\" content=\"\u0414\u043e\u0441\u0442\u0443\u043f\u043d\u043e\u0441\u0442\u044c\" \/>\n\t<meta name=\"twitter:data2\" content=\"\u0412 \u043d\u0430\u043b\u0438\u0447\u0438\u0438\" \/>\n<script type=\"application\/ld+json\" class=\"yoast-schema-graph\">{\"@context\":\"https:\/\/schema.org\",\"@graph\":[{\"@type\":\"WebPage\",\"@id\":\"https:\/\/sakt.ee\/ru\/\u043c\u0430\u0433\u0430\u0437\u0438\u043d\/%d0%ba%d0%be%d0%bc%d0%bf%d0%be%d0%bd%d0%b5%d0%bd%d1%82%d1%8b-%d0%b0%d0%b2%d1%82%d0%be%d0%bc%d0%b0%d1%82%d0%b8%d0%ba%d0%b8\/%d0%b8%d1%81%d1%82%d0%be%d1%87%d0%bd%d0%b8%d0%ba%d0%b8-%d0%bf%d0%b8%d1%82%d0%b0%d0%bd%d0%b8%d1%8f-%d0%b8-%d1%82%d1%80%d0%b0%d0%bd%d1%81%d1%84%d0%be%d1%80%d0%bc%d0%b0%d1%82%d0%be%d1%80%d1%8b\/stn006230-24-%d1%82%d1%80%d0%b0%d0%bd%d1%81%d1%84%d0%be%d1%80%d0%bc%d0%b0%d1%82%d0%be%d1%80-%d0%b2%d1%85%d0%be%d0%b4-230ac-%d0%b2%d1%8b%d1%85%d0%be%d0%b4-24ac-2-5a\/\",\"url\":\"https:\/\/sakt.ee\/ru\/\u043c\u0430\u0433\u0430\u0437\u0438\u043d\/%d0%ba%d0%be%d0%bc%d0%bf%d0%be%d0%bd%d0%b5%d0%bd%d1%82%d1%8b-%d0%b0%d0%b2%d1%82%d0%be%d0%bc%d0%b0%d1%82%d0%b8%d0%ba%d0%b8\/%d0%b8%d1%81%d1%82%d0%be%d1%87%d0%bd%d0%b8%d0%ba%d0%b8-%d0%bf%d0%b8%d1%82%d0%b0%d0%bd%d0%b8%d1%8f-%d0%b8-%d1%82%d1%80%d0%b0%d0%bd%d1%81%d1%84%d0%be%d1%80%d0%bc%d0%b0%d1%82%d0%be%d1%80%d1%8b\/stn006230-24-%d1%82%d1%80%d0%b0%d0%bd%d1%81%d1%84%d0%be%d1%80%d0%bc%d0%b0%d1%82%d0%be%d1%80-%d0%b2%d1%85%d0%be%d0%b4-230ac-%d0%b2%d1%8b%d1%85%d0%be%d0%b4-24ac-2-5a\/\",\"name\":\"STN0,06(230\/24) \u0442\u0440\u0430\u043d\u0441\u0444\u043e\u0440\u043c\u0430\u0442\u043e\u0440; \u0432\u0445\u043e\u0434 230AC; \u0432\u044b\u0445\u043e\u0434 24AC (2.5A) - Sakala T\u00f6\u00f6stusautomaatika O\u00dc\",\"isPartOf\":{\"@id\":\"https:\/\/sakt.ee\/en\/#website\"},\"primaryImageOfPage\":{\"@id\":\"https:\/\/sakt.ee\/ru\/\u043c\u0430\u0433\u0430\u0437\u0438\u043d\/%d0%ba%d0%be%d0%bc%d0%bf%d0%be%d0%bd%d0%b5%d0%bd%d1%82%d1%8b-%d0%b0%d0%b2%d1%82%d0%be%d0%bc%d0%b0%d1%82%d0%b8%d0%ba%d0%b8\/%d0%b8%d1%81%d1%82%d0%be%d1%87%d0%bd%d0%b8%d0%ba%d0%b8-%d0%bf%d0%b8%d1%82%d0%b0%d0%bd%d0%b8%d1%8f-%d0%b8-%d1%82%d1%80%d0%b0%d0%bd%d1%81%d1%84%d0%be%d1%80%d0%bc%d0%b0%d1%82%d0%be%d1%80%d1%8b\/stn006230-24-%d1%82%d1%80%d0%b0%d0%bd%d1%81%d1%84%d0%be%d1%80%d0%bc%d0%b0%d1%82%d0%be%d1%80-%d0%b2%d1%85%d0%be%d0%b4-230ac-%d0%b2%d1%8b%d1%85%d0%be%d0%b4-24ac-2-5a\/#primaryimage\"},\"image\":{\"@id\":\"https:\/\/sakt.ee\/ru\/\u043c\u0430\u0433\u0430\u0437\u0438\u043d\/%d0%ba%d0%be%d0%bc%d0%bf%d0%be%d0%bd%d0%b5%d0%bd%d1%82%d1%8b-%d0%b0%d0%b2%d1%82%d0%be%d0%bc%d0%b0%d1%82%d0%b8%d0%ba%d0%b8\/%d0%b8%d1%81%d1%82%d0%be%d1%87%d0%bd%d0%b8%d0%ba%d0%b8-%d0%bf%d0%b8%d1%82%d0%b0%d0%bd%d0%b8%d1%8f-%d0%b8-%d1%82%d1%80%d0%b0%d0%bd%d1%81%d1%84%d0%be%d1%80%d0%bc%d0%b0%d1%82%d0%be%d1%80%d1%8b\/stn006230-24-%d1%82%d1%80%d0%b0%d0%bd%d1%81%d1%84%d0%be%d1%80%d0%bc%d0%b0%d1%82%d0%be%d1%80-%d0%b2%d1%85%d0%be%d0%b4-230ac-%d0%b2%d1%8b%d1%85%d0%be%d0%b4-24ac-2-5a\/#primaryimage\"},\"thumbnailUrl\":\"https:\/\/sakt.ee\/wp-content\/uploads\/2025\/05\/2200.jpg\",\"datePublished\":\"2025-05-16T17:10:29+00:00\",\"dateModified\":\"2025-12-17T16:12:19+00:00\",\"breadcrumb\":{\"@id\":\"https:\/\/sakt.ee\/ru\/\u043c\u0430\u0433\u0430\u0437\u0438\u043d\/%d0%ba%d0%be%d0%bc%d0%bf%d0%be%d0%bd%d0%b5%d0%bd%d1%82%d1%8b-%d0%b0%d0%b2%d1%82%d0%be%d0%bc%d0%b0%d1%82%d0%b8%d0%ba%d0%b8\/%d0%b8%d1%81%d1%82%d0%be%d1%87%d0%bd%d0%b8%d0%ba%d0%b8-%d0%bf%d0%b8%d1%82%d0%b0%d0%bd%d0%b8%d1%8f-%d0%b8-%d1%82%d1%80%d0%b0%d0%bd%d1%81%d1%84%d0%be%d1%80%d0%bc%d0%b0%d1%82%d0%be%d1%80%d1%8b\/stn006230-24-%d1%82%d1%80%d0%b0%d0%bd%d1%81%d1%84%d0%be%d1%80%d0%bc%d0%b0%d1%82%d0%be%d1%80-%d0%b2%d1%85%d0%be%d0%b4-230ac-%d0%b2%d1%8b%d1%85%d0%be%d0%b4-24ac-2-5a\/#breadcrumb\"},\"inLanguage\":\"ru-RU\",\"potentialAction\":[{\"@type\":\"ReadAction\",\"target\":[\"https:\/\/sakt.ee\/ru\/\u043c\u0430\u0433\u0430\u0437\u0438\u043d\/%d0%ba%d0%be%d0%bc%d0%bf%d0%be%d0%bd%d0%b5%d0%bd%d1%82%d1%8b-%d0%b0%d0%b2%d1%82%d0%be%d0%bc%d0%b0%d1%82%d0%b8%d0%ba%d0%b8\/%d0%b8%d1%81%d1%82%d0%be%d1%87%d0%bd%d0%b8%d0%ba%d0%b8-%d0%bf%d0%b8%d1%82%d0%b0%d0%bd%d0%b8%d1%8f-%d0%b8-%d1%82%d1%80%d0%b0%d0%bd%d1%81%d1%84%d0%be%d1%80%d0%bc%d0%b0%d1%82%d0%be%d1%80%d1%8b\/stn006230-24-%d1%82%d1%80%d0%b0%d0%bd%d1%81%d1%84%d0%be%d1%80%d0%bc%d0%b0%d1%82%d0%be%d1%80-%d0%b2%d1%85%d0%be%d0%b4-230ac-%d0%b2%d1%8b%d1%85%d0%be%d0%b4-24ac-2-5a\/\"]}]},{\"@type\":\"ImageObject\",\"inLanguage\":\"ru-RU\",\"@id\":\"https:\/\/sakt.ee\/ru\/\u043c\u0430\u0433\u0430\u0437\u0438\u043d\/%d0%ba%d0%be%d0%bc%d0%bf%d0%be%d0%bd%d0%b5%d0%bd%d1%82%d1%8b-%d0%b0%d0%b2%d1%82%d0%be%d0%bc%d0%b0%d1%82%d0%b8%d0%ba%d0%b8\/%d0%b8%d1%81%d1%82%d0%be%d1%87%d0%bd%d0%b8%d0%ba%d0%b8-%d0%bf%d0%b8%d1%82%d0%b0%d0%bd%d0%b8%d1%8f-%d0%b8-%d1%82%d1%80%d0%b0%d0%bd%d1%81%d1%84%d0%be%d1%80%d0%bc%d0%b0%d1%82%d0%be%d1%80%d1%8b\/stn006230-24-%d1%82%d1%80%d0%b0%d0%bd%d1%81%d1%84%d0%be%d1%80%d0%bc%d0%b0%d1%82%d0%be%d1%80-%d0%b2%d1%85%d0%be%d0%b4-230ac-%d0%b2%d1%8b%d1%85%d0%be%d0%b4-24ac-2-5a\/#primaryimage\",\"url\":\"https:\/\/sakt.ee\/wp-content\/uploads\/2025\/05\/2200.jpg\",\"contentUrl\":\"https:\/\/sakt.ee\/wp-content\/uploads\/2025\/05\/2200.jpg\",\"width\":467,\"height\":443},{\"@type\":\"BreadcrumbList\",\"@id\":\"https:\/\/sakt.ee\/ru\/\u043c\u0430\u0433\u0430\u0437\u0438\u043d\/%d0%ba%d0%be%d0%bc%d0%bf%d0%be%d0%bd%d0%b5%d0%bd%d1%82%d1%8b-%d0%b0%d0%b2%d1%82%d0%be%d0%bc%d0%b0%d1%82%d0%b8%d0%ba%d0%b8\/%d0%b8%d1%81%d1%82%d0%be%d1%87%d0%bd%d0%b8%d0%ba%d0%b8-%d0%bf%d0%b8%d1%82%d0%b0%d0%bd%d0%b8%d1%8f-%d0%b8-%d1%82%d1%80%d0%b0%d0%bd%d1%81%d1%84%d0%be%d1%80%d0%bc%d0%b0%d1%82%d0%be%d1%80%d1%8b\/stn006230-24-%d1%82%d1%80%d0%b0%d0%bd%d1%81%d1%84%d0%be%d1%80%d0%bc%d0%b0%d1%82%d0%be%d1%80-%d0%b2%d1%85%d0%be%d0%b4-230ac-%d0%b2%d1%8b%d1%85%d0%be%d0%b4-24ac-2-5a\/#breadcrumb\",\"itemListElement\":[{\"@type\":\"ListItem\",\"position\":1,\"name\":\"Home\",\"item\":\"https:\/\/sakt.ee\/\"},{\"@type\":\"ListItem\",\"position\":2,\"name\":\"\u041c\u0430\u0433\u0430\u0437\u0438\u043d\",\"item\":\"https:\/\/sakt.ee\/ru\/\u043c\u0430\u0433\u0430\u0437\u0438\u043d\/\"},{\"@type\":\"ListItem\",\"position\":3,\"name\":\"STN0,06(230\/24) \u0442\u0440\u0430\u043d\u0441\u0444\u043e\u0440\u043c\u0430\u0442\u043e\u0440; \u0432\u0445\u043e\u0434 230AC; \u0432\u044b\u0445\u043e\u0434 24AC (2.5A)\"}]},{\"@type\":\"WebSite\",\"@id\":\"https:\/\/sakt.ee\/en\/#website\",\"url\":\"https:\/\/sakt.ee\/en\/\",\"name\":\"Sakala T\u00f6\u00f6stusautomaatika O\u00dc\",\"description\":\"T\u00f6\u00f6stusautomaatika e-pood\",\"publisher\":{\"@id\":\"https:\/\/sakt.ee\/en\/#organization\"},\"potentialAction\":[{\"@type\":\"SearchAction\",\"target\":{\"@type\":\"EntryPoint\",\"urlTemplate\":\"https:\/\/sakt.ee\/en\/?s={search_term_string}\"},\"query-input\":{\"@type\":\"PropertyValueSpecification\",\"valueRequired\":true,\"valueName\":\"search_term_string\"}}],\"inLanguage\":\"ru-RU\"},{\"@type\":\"Organization\",\"@id\":\"https:\/\/sakt.ee\/en\/#organization\",\"name\":\"Sakala T\u00f6\u00f6stusautomaatika O\u00dc\",\"url\":\"https:\/\/sakt.ee\/en\/\",\"logo\":{\"@type\":\"ImageObject\",\"inLanguage\":\"ru-RU\",\"@id\":\"https:\/\/sakt.ee\/en\/#\/schema\/logo\/image\/\",\"url\":\"https:\/\/sakt.ee\/wp-content\/uploads\/2025\/05\/Sakala-Toostusautomaatika-favicon.png\",\"contentUrl\":\"https:\/\/sakt.ee\/wp-content\/uploads\/2025\/05\/Sakala-Toostusautomaatika-favicon.png\",\"width\":500,\"height\":500,\"caption\":\"Sakala T\u00f6\u00f6stusautomaatika O\u00dc\"},\"image\":{\"@id\":\"https:\/\/sakt.ee\/en\/#\/schema\/logo\/image\/\"}}]}<\/script>\n<meta property=\"product:price:amount\" content=\"35.15\" \/>\n<meta property=\"product:price:currency\" content=\"EUR\" \/>\n<meta property=\"og:availability\" content=\"instock\" \/>\n<meta property=\"product:availability\" content=\"instock\" \/>\n<meta property=\"product:retailer_item_id\" content=\"204935\" \/>\n<meta property=\"product:condition\" content=\"new\" \/>\n<!-- \/ Yoast SEO Premium plugin. -->","yoast_head_json":{"title":"STN0,06(230\/24) \u0442\u0440\u0430\u043d\u0441\u0444\u043e\u0440\u043c\u0430\u0442\u043e\u0440; \u0432\u0445\u043e\u0434 230AC; \u0432\u044b\u0445\u043e\u0434 24AC (2.5A) - Sakala T\u00f6\u00f6stusautomaatika O\u00dc","robots":{"index":"index","follow":"follow","max-snippet":"max-snippet:-1","max-image-preview":"max-image-preview:large","max-video-preview":"max-video-preview:-1"},"canonical":"https:\/\/sakt.ee\/ru\/\u043c\u0430\u0433\u0430\u0437\u0438\u043d\/\u043a\u043e\u043c\u043f\u043e\u043d\u0435\u043d\u0442\u044b-\u0430\u0432\u0442\u043e\u043c\u0430\u0442\u0438\u043a\u0438\/\u0438\u0441\u0442\u043e\u0447\u043d\u0438\u043a\u0438-\u043f\u0438\u0442\u0430\u043d\u0438\u044f-\u0438-\u0442\u0440\u0430\u043d\u0441\u0444\u043e\u0440\u043c\u0430\u0442\u043e\u0440\u044b\/stn006230-24-\u0442\u0440\u0430\u043d\u0441\u0444\u043e\u0440\u043c\u0430\u0442\u043e\u0440-\u0432\u0445\u043e\u0434-230ac-\u0432\u044b\u0445\u043e\u0434-24ac-2-5a\/","og_locale":"ru_RU","og_type":"article","og_title":"STN0,06(230\/24) \u0442\u0440\u0430\u043d\u0441\u0444\u043e\u0440\u043c\u0430\u0442\u043e\u0440; \u0432\u0445\u043e\u0434 230AC; \u0432\u044b\u0445\u043e\u0434 24AC (2.5A)","og_url":"https:\/\/sakt.ee\/ru\/\u043c\u0430\u0433\u0430\u0437\u0438\u043d\/\u043a\u043e\u043c\u043f\u043e\u043d\u0435\u043d\u0442\u044b-\u0430\u0432\u0442\u043e\u043c\u0430\u0442\u0438\u043a\u0438\/\u0438\u0441\u0442\u043e\u0447\u043d\u0438\u043a\u0438-\u043f\u0438\u0442\u0430\u043d\u0438\u044f-\u0438-\u0442\u0440\u0430\u043d\u0441\u0444\u043e\u0440\u043c\u0430\u0442\u043e\u0440\u044b\/stn006230-24-\u0442\u0440\u0430\u043d\u0441\u0444\u043e\u0440\u043c\u0430\u0442\u043e\u0440-\u0432\u0445\u043e\u0434-230ac-\u0432\u044b\u0445\u043e\u0434-24ac-2-5a\/","og_site_name":"Sakala T\u00f6\u00f6stusautomaatika O\u00dc","article_modified_time":"2025-12-17T16:12:19+00:00","og_image":[{"width":467,"height":443,"url":"https:\/\/sakt.ee\/wp-content\/uploads\/2025\/05\/2200.jpg","type":"image\/jpeg"}],"twitter_card":"summary_large_image","twitter_misc":{"\u0426\u0435\u043d\u0430":"35,15&euro; +KM","\u0414\u043e\u0441\u0442\u0443\u043f\u043d\u043e\u0441\u0442\u044c":"\u0412 \u043d\u0430\u043b\u0438\u0447\u0438\u0438"},"schema":{"@context":"https:\/\/schema.org","@graph":[{"@type":"WebPage","@id":"https:\/\/sakt.ee\/ru\/\u043c\u0430\u0433\u0430\u0437\u0438\u043d\/%d0%ba%d0%be%d0%bc%d0%bf%d0%be%d0%bd%d0%b5%d0%bd%d1%82%d1%8b-%d0%b0%d0%b2%d1%82%d0%be%d0%bc%d0%b0%d1%82%d0%b8%d0%ba%d0%b8\/%d0%b8%d1%81%d1%82%d0%be%d1%87%d0%bd%d0%b8%d0%ba%d0%b8-%d0%bf%d0%b8%d1%82%d0%b0%d0%bd%d0%b8%d1%8f-%d0%b8-%d1%82%d1%80%d0%b0%d0%bd%d1%81%d1%84%d0%be%d1%80%d0%bc%d0%b0%d1%82%d0%be%d1%80%d1%8b\/stn006230-24-%d1%82%d1%80%d0%b0%d0%bd%d1%81%d1%84%d0%be%d1%80%d0%bc%d0%b0%d1%82%d0%be%d1%80-%d0%b2%d1%85%d0%be%d0%b4-230ac-%d0%b2%d1%8b%d1%85%d0%be%d0%b4-24ac-2-5a\/","url":"https:\/\/sakt.ee\/ru\/\u043c\u0430\u0433\u0430\u0437\u0438\u043d\/%d0%ba%d0%be%d0%bc%d0%bf%d0%be%d0%bd%d0%b5%d0%bd%d1%82%d1%8b-%d0%b0%d0%b2%d1%82%d0%be%d0%bc%d0%b0%d1%82%d0%b8%d0%ba%d0%b8\/%d0%b8%d1%81%d1%82%d0%be%d1%87%d0%bd%d0%b8%d0%ba%d0%b8-%d0%bf%d0%b8%d1%82%d0%b0%d0%bd%d0%b8%d1%8f-%d0%b8-%d1%82%d1%80%d0%b0%d0%bd%d1%81%d1%84%d0%be%d1%80%d0%bc%d0%b0%d1%82%d0%be%d1%80%d1%8b\/stn006230-24-%d1%82%d1%80%d0%b0%d0%bd%d1%81%d1%84%d0%be%d1%80%d0%bc%d0%b0%d1%82%d0%be%d1%80-%d0%b2%d1%85%d0%be%d0%b4-230ac-%d0%b2%d1%8b%d1%85%d0%be%d0%b4-24ac-2-5a\/","name":"STN0,06(230\/24) \u0442\u0440\u0430\u043d\u0441\u0444\u043e\u0440\u043c\u0430\u0442\u043e\u0440; \u0432\u0445\u043e\u0434 230AC; \u0432\u044b\u0445\u043e\u0434 24AC (2.5A) - Sakala T\u00f6\u00f6stusautomaatika O\u00dc","isPartOf":{"@id":"https:\/\/sakt.ee\/en\/#website"},"primaryImageOfPage":{"@id":"https:\/\/sakt.ee\/ru\/\u043c\u0430\u0433\u0430\u0437\u0438\u043d\/%d0%ba%d0%be%d0%bc%d0%bf%d0%be%d0%bd%d0%b5%d0%bd%d1%82%d1%8b-%d0%b0%d0%b2%d1%82%d0%be%d0%bc%d0%b0%d1%82%d0%b8%d0%ba%d0%b8\/%d0%b8%d1%81%d1%82%d0%be%d1%87%d0%bd%d0%b8%d0%ba%d0%b8-%d0%bf%d0%b8%d1%82%d0%b0%d0%bd%d0%b8%d1%8f-%d0%b8-%d1%82%d1%80%d0%b0%d0%bd%d1%81%d1%84%d0%be%d1%80%d0%bc%d0%b0%d1%82%d0%be%d1%80%d1%8b\/stn006230-24-%d1%82%d1%80%d0%b0%d0%bd%d1%81%d1%84%d0%be%d1%80%d0%bc%d0%b0%d1%82%d0%be%d1%80-%d0%b2%d1%85%d0%be%d0%b4-230ac-%d0%b2%d1%8b%d1%85%d0%be%d0%b4-24ac-2-5a\/#primaryimage"},"image":{"@id":"https:\/\/sakt.ee\/ru\/\u043c\u0430\u0433\u0430\u0437\u0438\u043d\/%d0%ba%d0%be%d0%bc%d0%bf%d0%be%d0%bd%d0%b5%d0%bd%d1%82%d1%8b-%d0%b0%d0%b2%d1%82%d0%be%d0%bc%d0%b0%d1%82%d0%b8%d0%ba%d0%b8\/%d0%b8%d1%81%d1%82%d0%be%d1%87%d0%bd%d0%b8%d0%ba%d0%b8-%d0%bf%d0%b8%d1%82%d0%b0%d0%bd%d0%b8%d1%8f-%d0%b8-%d1%82%d1%80%d0%b0%d0%bd%d1%81%d1%84%d0%be%d1%80%d0%bc%d0%b0%d1%82%d0%be%d1%80%d1%8b\/stn006230-24-%d1%82%d1%80%d0%b0%d0%bd%d1%81%d1%84%d0%be%d1%80%d0%bc%d0%b0%d1%82%d0%be%d1%80-%d0%b2%d1%85%d0%be%d0%b4-230ac-%d0%b2%d1%8b%d1%85%d0%be%d0%b4-24ac-2-5a\/#primaryimage"},"thumbnailUrl":"https:\/\/sakt.ee\/wp-content\/uploads\/2025\/05\/2200.jpg","datePublished":"2025-05-16T17:10:29+00:00","dateModified":"2025-12-17T16:12:19+00:00","breadcrumb":{"@id":"https:\/\/sakt.ee\/ru\/\u043c\u0430\u0433\u0430\u0437\u0438\u043d\/%d0%ba%d0%be%d0%bc%d0%bf%d0%be%d0%bd%d0%b5%d0%bd%d1%82%d1%8b-%d0%b0%d0%b2%d1%82%d0%be%d0%bc%d0%b0%d1%82%d0%b8%d0%ba%d0%b8\/%d0%b8%d1%81%d1%82%d0%be%d1%87%d0%bd%d0%b8%d0%ba%d0%b8-%d0%bf%d0%b8%d1%82%d0%b0%d0%bd%d0%b8%d1%8f-%d0%b8-%d1%82%d1%80%d0%b0%d0%bd%d1%81%d1%84%d0%be%d1%80%d0%bc%d0%b0%d1%82%d0%be%d1%80%d1%8b\/stn006230-24-%d1%82%d1%80%d0%b0%d0%bd%d1%81%d1%84%d0%be%d1%80%d0%bc%d0%b0%d1%82%d0%be%d1%80-%d0%b2%d1%85%d0%be%d0%b4-230ac-%d0%b2%d1%8b%d1%85%d0%be%d0%b4-24ac-2-5a\/#breadcrumb"},"inLanguage":"ru-RU","potentialAction":[{"@type":"ReadAction","target":["https:\/\/sakt.ee\/ru\/\u043c\u0430\u0433\u0430\u0437\u0438\u043d\/%d0%ba%d0%be%d0%bc%d0%bf%d0%be%d0%bd%d0%b5%d0%bd%d1%82%d1%8b-%d0%b0%d0%b2%d1%82%d0%be%d0%bc%d0%b0%d1%82%d0%b8%d0%ba%d0%b8\/%d0%b8%d1%81%d1%82%d0%be%d1%87%d0%bd%d0%b8%d0%ba%d0%b8-%d0%bf%d0%b8%d1%82%d0%b0%d0%bd%d0%b8%d1%8f-%d0%b8-%d1%82%d1%80%d0%b0%d0%bd%d1%81%d1%84%d0%be%d1%80%d0%bc%d0%b0%d1%82%d0%be%d1%80%d1%8b\/stn006230-24-%d1%82%d1%80%d0%b0%d0%bd%d1%81%d1%84%d0%be%d1%80%d0%bc%d0%b0%d1%82%d0%be%d1%80-%d0%b2%d1%85%d0%be%d0%b4-230ac-%d0%b2%d1%8b%d1%85%d0%be%d0%b4-24ac-2-5a\/"]}]},{"@type":"ImageObject","inLanguage":"ru-RU","@id":"https:\/\/sakt.ee\/ru\/\u043c\u0430\u0433\u0430\u0437\u0438\u043d\/%d0%ba%d0%be%d0%bc%d0%bf%d0%be%d0%bd%d0%b5%d0%bd%d1%82%d1%8b-%d0%b0%d0%b2%d1%82%d0%be%d0%bc%d0%b0%d1%82%d0%b8%d0%ba%d0%b8\/%d0%b8%d1%81%d1%82%d0%be%d1%87%d0%bd%d0%b8%d0%ba%d0%b8-%d0%bf%d0%b8%d1%82%d0%b0%d0%bd%d0%b8%d1%8f-%d0%b8-%d1%82%d1%80%d0%b0%d0%bd%d1%81%d1%84%d0%be%d1%80%d0%bc%d0%b0%d1%82%d0%be%d1%80%d1%8b\/stn006230-24-%d1%82%d1%80%d0%b0%d0%bd%d1%81%d1%84%d0%be%d1%80%d0%bc%d0%b0%d1%82%d0%be%d1%80-%d0%b2%d1%85%d0%be%d0%b4-230ac-%d0%b2%d1%8b%d1%85%d0%be%d0%b4-24ac-2-5a\/#primaryimage","url":"https:\/\/sakt.ee\/wp-content\/uploads\/2025\/05\/2200.jpg","contentUrl":"https:\/\/sakt.ee\/wp-content\/uploads\/2025\/05\/2200.jpg","width":467,"height":443},{"@type":"BreadcrumbList","@id":"https:\/\/sakt.ee\/ru\/\u043c\u0430\u0433\u0430\u0437\u0438\u043d\/%d0%ba%d0%be%d0%bc%d0%bf%d0%be%d0%bd%d0%b5%d0%bd%d1%82%d1%8b-%d0%b0%d0%b2%d1%82%d0%be%d0%bc%d0%b0%d1%82%d0%b8%d0%ba%d0%b8\/%d0%b8%d1%81%d1%82%d0%be%d1%87%d0%bd%d0%b8%d0%ba%d0%b8-%d0%bf%d0%b8%d1%82%d0%b0%d0%bd%d0%b8%d1%8f-%d0%b8-%d1%82%d1%80%d0%b0%d0%bd%d1%81%d1%84%d0%be%d1%80%d0%bc%d0%b0%d1%82%d0%be%d1%80%d1%8b\/stn006230-24-%d1%82%d1%80%d0%b0%d0%bd%d1%81%d1%84%d0%be%d1%80%d0%bc%d0%b0%d1%82%d0%be%d1%80-%d0%b2%d1%85%d0%be%d0%b4-230ac-%d0%b2%d1%8b%d1%85%d0%be%d0%b4-24ac-2-5a\/#breadcrumb","itemListElement":[{"@type":"ListItem","position":1,"name":"Home","item":"https:\/\/sakt.ee\/"},{"@type":"ListItem","position":2,"name":"\u041c\u0430\u0433\u0430\u0437\u0438\u043d","item":"https:\/\/sakt.ee\/ru\/\u043c\u0430\u0433\u0430\u0437\u0438\u043d\/"},{"@type":"ListItem","position":3,"name":"STN0,06(230\/24) \u0442\u0440\u0430\u043d\u0441\u0444\u043e\u0440\u043c\u0430\u0442\u043e\u0440; \u0432\u0445\u043e\u0434 230AC; \u0432\u044b\u0445\u043e\u0434 24AC (2.5A)"}]},{"@type":"WebSite","@id":"https:\/\/sakt.ee\/en\/#website","url":"https:\/\/sakt.ee\/en\/","name":"Sakala T\u00f6\u00f6stusautomaatika O\u00dc","description":"T\u00f6\u00f6stusautomaatika e-pood","publisher":{"@id":"https:\/\/sakt.ee\/en\/#organization"},"potentialAction":[{"@type":"SearchAction","target":{"@type":"EntryPoint","urlTemplate":"https:\/\/sakt.ee\/en\/?s={search_term_string}"},"query-input":{"@type":"PropertyValueSpecification","valueRequired":true,"valueName":"search_term_string"}}],"inLanguage":"ru-RU"},{"@type":"Organization","@id":"https:\/\/sakt.ee\/en\/#organization","name":"Sakala T\u00f6\u00f6stusautomaatika O\u00dc","url":"https:\/\/sakt.ee\/en\/","logo":{"@type":"ImageObject","inLanguage":"ru-RU","@id":"https:\/\/sakt.ee\/en\/#\/schema\/logo\/image\/","url":"https:\/\/sakt.ee\/wp-content\/uploads\/2025\/05\/Sakala-Toostusautomaatika-favicon.png","contentUrl":"https:\/\/sakt.ee\/wp-content\/uploads\/2025\/05\/Sakala-Toostusautomaatika-favicon.png","width":500,"height":500,"caption":"Sakala T\u00f6\u00f6stusautomaatika O\u00dc"},"image":{"@id":"https:\/\/sakt.ee\/en\/#\/schema\/logo\/image\/"}}]},"product_price_amount":"35.15","product_price_currency":"EUR","og_availability":"instock","product_availability":"instock","product_retailer_item_id":"204935","product_condition":"new"},"_links":{"self":[{"href":"https:\/\/sakt.ee\/ru\/wp-json\/wp\/v2\/product\/36966","targetHints":{"allow":["GET"]}}],"collection":[{"href":"https:\/\/sakt.ee\/ru\/wp-json\/wp\/v2\/product"}],"about":[{"href":"https:\/\/sakt.ee\/ru\/wp-json\/wp\/v2\/types\/product"}],"version-history":[{"count":1,"href":"https:\/\/sakt.ee\/ru\/wp-json\/wp\/v2\/product\/36966\/revisions"}],"predecessor-version":[{"id":71489,"href":"https:\/\/sakt.ee\/ru\/wp-json\/wp\/v2\/product\/36966\/revisions\/71489"}],"wp:featuredmedia":[{"embeddable":true,"href":"https:\/\/sakt.ee\/ru\/wp-json\/wp\/v2\/media\/21207"}],"wp:attachment":[{"href":"https:\/\/sakt.ee\/ru\/wp-json\/wp\/v2\/media?parent=36966"}],"wp:term":[{"taxonomy":"product_brand","embeddable":true,"href":"https:\/\/sakt.ee\/ru\/wp-json\/wp\/v2\/product_brand?post=36966"},{"taxonomy":"product_cat","embeddable":true,"href":"https:\/\/sakt.ee\/ru\/wp-json\/wp\/v2\/product_cat?post=36966"},{"taxonomy":"product_tag","embeddable":true,"href":"https:\/\/sakt.ee\/ru\/wp-json\/wp\/v2\/product_tag?post=36966"},{"taxonomy":"manufacturers","embeddable":true,"href":"https:\/\/sakt.ee\/ru\/wp-json\/wp\/v2\/manufacturers?post=36966"}],"curies":[{"name":"wp","href":"https:\/\/api.w.org\/{rel}","templated":true}]}}