{"id":36918,"date":"2025-05-16T17:17:05","date_gmt":"2025-05-16T17:17:05","guid":{"rendered":"https:\/\/sakt.ee\/product\/%d1%80%d0%be%d0%b7%d0%b5%d1%82%d0%ba%d0%b0-z-sd230-%d0%b4%d0%bb%d1%8f-%d0%b3%d0%bd%d0%b5%d0%b7%d0%b4%d0%b0-din-16a\/"},"modified":"2025-11-13T12:56:47","modified_gmt":"2025-11-13T09:56:47","slug":"%d1%80%d0%be%d0%b7%d0%b5%d1%82%d0%ba%d0%b0-z-sd230-%d0%b4%d0%bb%d1%8f-%d0%b3%d0%bd%d0%b5%d0%b7%d0%b4%d0%b0-din-16a","status":"publish","type":"product","link":"https:\/\/sakt.ee\/ru\/\u043c\u0430\u0433\u0430\u0437\u0438\u043d\/%d0%b4%d0%b0%d1%82%d1%87%d0%b8%d0%ba%d0%b8-%d0%bf%d1%80%d0%be%d1%86%d0%b5%d1%81%d1%81%d0%b0\/%d0%b0%d0%ba%d1%81%d0%b5%d1%81%d1%81%d1%83%d0%b0%d1%80%d1%8b-%d0%b4%d0%bb%d1%8f-%d0%b4%d0%b0%d1%82%d1%87%d0%b8%d0%ba%d0%be%d0%b2\/%d1%88%d1%82%d0%b5%d0%ba%d0%ba%d0%b5%d1%80%d0%b0\/%d1%80%d0%be%d0%b7%d0%b5%d1%82%d0%ba%d0%b0-z-sd230-%d0%b4%d0%bb%d1%8f-%d0%b3%d0%bd%d0%b5%d0%b7%d0%b4%d0%b0-din-16a\/","title":{"rendered":"\u0420\u043e\u0437\u0435\u0442\u043a\u0430 Z-SD230; \u0434\u043b\u044f \u0433\u043d\u0435\u0437\u0434\u0430 DIN; 16A"},"content":{"rendered":"","protected":false},"excerpt":{"rendered":"","protected":false},"featured_media":21325,"template":"","meta":{"_acf_changed":false},"product_brand":[],"product_cat":[3755],"product_tag":[],"manufacturers":[7786],"class_list":{"0":"post-36918","1":"product","2":"type-product","3":"status-publish","4":"has-post-thumbnail","6":"product_cat-3755","7":"pa_kaitseklass-ip20-ru","8":"pa_nimivool-16a-ru","9":"pa_paigaldus-din-ru","10":"pa_toode-3754","11":"pa_tootja-eaton","12":"manufacturers-eaton-ru","14":"first","15":"instock","16":"taxable","17":"shipping-taxable","18":"purchasable","19":"product-type-simple"},"acf":[],"yoast_head":"<!-- This site is optimized with the Yoast SEO Premium plugin v25.4 (Yoast SEO v25.4) - https:\/\/yoast.com\/wordpress\/plugins\/seo\/ -->\n<title>\u0420\u043e\u0437\u0435\u0442\u043a\u0430 Z-SD230; \u0434\u043b\u044f \u0433\u043d\u0435\u0437\u0434\u0430 DIN; 16A - Sakala T\u00f6\u00f6stusautomaatika O\u00dc<\/title>\n<meta name=\"robots\" content=\"index, follow, max-snippet:-1, max-image-preview:large, max-video-preview:-1\" \/>\n<link rel=\"canonical\" href=\"https:\/\/sakt.ee\/\u0422\u043e\u0443\u0434\/z-sd230-pistikupesa-din-liistule-16a\/\" \/>\n<meta property=\"og:locale\" content=\"ru_RU\" \/>\n<meta property=\"og:type\" content=\"article\" \/>\n<meta property=\"og:title\" content=\"\u0420\u043e\u0437\u0435\u0442\u043a\u0430 Z-SD230; \u0434\u043b\u044f \u0433\u043d\u0435\u0437\u0434\u0430 DIN; 16A\" \/>\n<meta property=\"og:url\" content=\"https:\/\/sakt.ee\/\u0422\u043e\u0443\u0434\/z-sd230-pistikupesa-din-liistule-16a\/\" \/>\n<meta property=\"og:site_name\" content=\"Sakala T\u00f6\u00f6stusautomaatika O\u00dc\" \/>\n<meta property=\"article:modified_time\" content=\"2025-11-13T09:56:47+00:00\" \/>\n<meta property=\"og:image\" content=\"https:\/\/sakt.ee\/wp-content\/uploads\/2025\/05\/3427.jpg\" \/>\n\t<meta property=\"og:image:width\" content=\"969\" \/>\n\t<meta property=\"og:image:height\" content=\"1000\" \/>\n\t<meta property=\"og:image:type\" content=\"image\/jpeg\" \/>\n<meta name=\"twitter:card\" content=\"summary_large_image\" \/>\n<meta name=\"twitter:label1\" content=\"\u0426\u0435\u043d\u0430\" \/>\n\t<meta name=\"twitter:data1\" content=\"9,10&euro; +KM\" \/>\n\t<meta name=\"twitter:label2\" content=\"\u0414\u043e\u0441\u0442\u0443\u043f\u043d\u043e\u0441\u0442\u044c\" \/>\n\t<meta name=\"twitter:data2\" content=\"\u0412 \u043d\u0430\u043b\u0438\u0447\u0438\u0438\" \/>\n<script type=\"application\/ld+json\" class=\"yoast-schema-graph\">{\"@context\":\"https:\/\/schema.org\",\"@graph\":[{\"@type\":\"WebPage\",\"@id\":\"https:\/\/sakt.ee\/\u0422\u043e\u0443\u0434\/z-sd230-pistikupesa-din-liistule-16a\/\",\"url\":\"https:\/\/sakt.ee\/\u0422\u043e\u0443\u0434\/z-sd230-pistikupesa-din-liistule-16a\/\",\"name\":\"\u0420\u043e\u0437\u0435\u0442\u043a\u0430 Z-SD230; \u0434\u043b\u044f \u0433\u043d\u0435\u0437\u0434\u0430 DIN; 16A - Sakala T\u00f6\u00f6stusautomaatika O\u00dc\",\"isPartOf\":{\"@id\":\"https:\/\/sakt.ee\/en\/#website\"},\"primaryImageOfPage\":{\"@id\":\"https:\/\/sakt.ee\/\u0422\u043e\u0443\u0434\/z-sd230-pistikupesa-din-liistule-16a\/#primaryimage\"},\"image\":{\"@id\":\"https:\/\/sakt.ee\/\u0422\u043e\u0443\u0434\/z-sd230-pistikupesa-din-liistule-16a\/#primaryimage\"},\"thumbnailUrl\":\"https:\/\/sakt.ee\/wp-content\/uploads\/2025\/05\/3427.jpg\",\"datePublished\":\"2025-05-16T17:17:05+00:00\",\"dateModified\":\"2025-11-13T09:56:47+00:00\",\"breadcrumb\":{\"@id\":\"https:\/\/sakt.ee\/\u0422\u043e\u0443\u0434\/z-sd230-pistikupesa-din-liistule-16a\/#breadcrumb\"},\"inLanguage\":\"ru-RU\",\"potentialAction\":[{\"@type\":\"ReadAction\",\"target\":[\"https:\/\/sakt.ee\/\u0422\u043e\u0443\u0434\/z-sd230-pistikupesa-din-liistule-16a\/\"]}]},{\"@type\":\"ImageObject\",\"inLanguage\":\"ru-RU\",\"@id\":\"https:\/\/sakt.ee\/\u0422\u043e\u0443\u0434\/z-sd230-pistikupesa-din-liistule-16a\/#primaryimage\",\"url\":\"https:\/\/sakt.ee\/wp-content\/uploads\/2025\/05\/3427.jpg\",\"contentUrl\":\"https:\/\/sakt.ee\/wp-content\/uploads\/2025\/05\/3427.jpg\",\"width\":969,\"height\":1000},{\"@type\":\"BreadcrumbList\",\"@id\":\"https:\/\/sakt.ee\/\u0422\u043e\u0443\u0434\/z-sd230-pistikupesa-din-liistule-16a\/#breadcrumb\",\"itemListElement\":[{\"@type\":\"ListItem\",\"position\":1,\"name\":\"Home\",\"item\":\"https:\/\/sakt.ee\/\"},{\"@type\":\"ListItem\",\"position\":2,\"name\":\"\u041c\u0430\u0433\u0430\u0437\u0438\u043d\",\"item\":\"https:\/\/sakt.ee\/ru\/\u043c\u0430\u0433\u0430\u0437\u0438\u043d\/\"},{\"@type\":\"ListItem\",\"position\":3,\"name\":\"\u0420\u043e\u0437\u0435\u0442\u043a\u0430 Z-SD230; \u0434\u043b\u044f \u0433\u043d\u0435\u0437\u0434\u0430 DIN; 16A\"}]},{\"@type\":\"WebSite\",\"@id\":\"https:\/\/sakt.ee\/en\/#website\",\"url\":\"https:\/\/sakt.ee\/en\/\",\"name\":\"Sakala T\u00f6\u00f6stusautomaatika O\u00dc\",\"description\":\"T\u00f6\u00f6stusautomaatika e-pood\",\"publisher\":{\"@id\":\"https:\/\/sakt.ee\/en\/#organization\"},\"potentialAction\":[{\"@type\":\"SearchAction\",\"target\":{\"@type\":\"EntryPoint\",\"urlTemplate\":\"https:\/\/sakt.ee\/en\/?s={search_term_string}\"},\"query-input\":{\"@type\":\"PropertyValueSpecification\",\"valueRequired\":true,\"valueName\":\"search_term_string\"}}],\"inLanguage\":\"ru-RU\"},{\"@type\":\"Organization\",\"@id\":\"https:\/\/sakt.ee\/en\/#organization\",\"name\":\"Sakala T\u00f6\u00f6stusautomaatika O\u00dc\",\"url\":\"https:\/\/sakt.ee\/en\/\",\"logo\":{\"@type\":\"ImageObject\",\"inLanguage\":\"ru-RU\",\"@id\":\"https:\/\/sakt.ee\/en\/#\/schema\/logo\/image\/\",\"url\":\"https:\/\/sakt.ee\/wp-content\/uploads\/2025\/05\/Sakala-Toostusautomaatika-favicon.png\",\"contentUrl\":\"https:\/\/sakt.ee\/wp-content\/uploads\/2025\/05\/Sakala-Toostusautomaatika-favicon.png\",\"width\":500,\"height\":500,\"caption\":\"Sakala T\u00f6\u00f6stusautomaatika O\u00dc\"},\"image\":{\"@id\":\"https:\/\/sakt.ee\/en\/#\/schema\/logo\/image\/\"}}]}<\/script>\n<meta property=\"product:price:amount\" content=\"9.10\" \/>\n<meta property=\"product:price:currency\" content=\"EUR\" \/>\n<meta property=\"og:availability\" content=\"instock\" \/>\n<meta property=\"product:availability\" content=\"instock\" \/>\n<meta property=\"product:retailer_item_id\" content=\"266875\" \/>\n<meta property=\"product:condition\" content=\"new\" \/>\n<!-- \/ Yoast SEO Premium plugin. -->","yoast_head_json":{"title":"\u0420\u043e\u0437\u0435\u0442\u043a\u0430 Z-SD230; \u0434\u043b\u044f \u0433\u043d\u0435\u0437\u0434\u0430 DIN; 16A - Sakala T\u00f6\u00f6stusautomaatika O\u00dc","robots":{"index":"index","follow":"follow","max-snippet":"max-snippet:-1","max-image-preview":"max-image-preview:large","max-video-preview":"max-video-preview:-1"},"canonical":"https:\/\/sakt.ee\/\u0422\u043e\u0443\u0434\/z-sd230-pistikupesa-din-liistule-16a\/","og_locale":"ru_RU","og_type":"article","og_title":"\u0420\u043e\u0437\u0435\u0442\u043a\u0430 Z-SD230; \u0434\u043b\u044f \u0433\u043d\u0435\u0437\u0434\u0430 DIN; 16A","og_url":"https:\/\/sakt.ee\/\u0422\u043e\u0443\u0434\/z-sd230-pistikupesa-din-liistule-16a\/","og_site_name":"Sakala T\u00f6\u00f6stusautomaatika O\u00dc","article_modified_time":"2025-11-13T09:56:47+00:00","og_image":[{"width":969,"height":1000,"url":"https:\/\/sakt.ee\/wp-content\/uploads\/2025\/05\/3427.jpg","type":"image\/jpeg"}],"twitter_card":"summary_large_image","twitter_misc":{"\u0426\u0435\u043d\u0430":"9,10&euro; +KM","\u0414\u043e\u0441\u0442\u0443\u043f\u043d\u043e\u0441\u0442\u044c":"\u0412 \u043d\u0430\u043b\u0438\u0447\u0438\u0438"},"schema":{"@context":"https:\/\/schema.org","@graph":[{"@type":"WebPage","@id":"https:\/\/sakt.ee\/\u0422\u043e\u0443\u0434\/z-sd230-pistikupesa-din-liistule-16a\/","url":"https:\/\/sakt.ee\/\u0422\u043e\u0443\u0434\/z-sd230-pistikupesa-din-liistule-16a\/","name":"\u0420\u043e\u0437\u0435\u0442\u043a\u0430 Z-SD230; \u0434\u043b\u044f \u0433\u043d\u0435\u0437\u0434\u0430 DIN; 16A - Sakala T\u00f6\u00f6stusautomaatika O\u00dc","isPartOf":{"@id":"https:\/\/sakt.ee\/en\/#website"},"primaryImageOfPage":{"@id":"https:\/\/sakt.ee\/\u0422\u043e\u0443\u0434\/z-sd230-pistikupesa-din-liistule-16a\/#primaryimage"},"image":{"@id":"https:\/\/sakt.ee\/\u0422\u043e\u0443\u0434\/z-sd230-pistikupesa-din-liistule-16a\/#primaryimage"},"thumbnailUrl":"https:\/\/sakt.ee\/wp-content\/uploads\/2025\/05\/3427.jpg","datePublished":"2025-05-16T17:17:05+00:00","dateModified":"2025-11-13T09:56:47+00:00","breadcrumb":{"@id":"https:\/\/sakt.ee\/\u0422\u043e\u0443\u0434\/z-sd230-pistikupesa-din-liistule-16a\/#breadcrumb"},"inLanguage":"ru-RU","potentialAction":[{"@type":"ReadAction","target":["https:\/\/sakt.ee\/\u0422\u043e\u0443\u0434\/z-sd230-pistikupesa-din-liistule-16a\/"]}]},{"@type":"ImageObject","inLanguage":"ru-RU","@id":"https:\/\/sakt.ee\/\u0422\u043e\u0443\u0434\/z-sd230-pistikupesa-din-liistule-16a\/#primaryimage","url":"https:\/\/sakt.ee\/wp-content\/uploads\/2025\/05\/3427.jpg","contentUrl":"https:\/\/sakt.ee\/wp-content\/uploads\/2025\/05\/3427.jpg","width":969,"height":1000},{"@type":"BreadcrumbList","@id":"https:\/\/sakt.ee\/\u0422\u043e\u0443\u0434\/z-sd230-pistikupesa-din-liistule-16a\/#breadcrumb","itemListElement":[{"@type":"ListItem","position":1,"name":"Home","item":"https:\/\/sakt.ee\/"},{"@type":"ListItem","position":2,"name":"\u041c\u0430\u0433\u0430\u0437\u0438\u043d","item":"https:\/\/sakt.ee\/ru\/\u043c\u0430\u0433\u0430\u0437\u0438\u043d\/"},{"@type":"ListItem","position":3,"name":"\u0420\u043e\u0437\u0435\u0442\u043a\u0430 Z-SD230; \u0434\u043b\u044f \u0433\u043d\u0435\u0437\u0434\u0430 DIN; 16A"}]},{"@type":"WebSite","@id":"https:\/\/sakt.ee\/en\/#website","url":"https:\/\/sakt.ee\/en\/","name":"Sakala T\u00f6\u00f6stusautomaatika O\u00dc","description":"T\u00f6\u00f6stusautomaatika e-pood","publisher":{"@id":"https:\/\/sakt.ee\/en\/#organization"},"potentialAction":[{"@type":"SearchAction","target":{"@type":"EntryPoint","urlTemplate":"https:\/\/sakt.ee\/en\/?s={search_term_string}"},"query-input":{"@type":"PropertyValueSpecification","valueRequired":true,"valueName":"search_term_string"}}],"inLanguage":"ru-RU"},{"@type":"Organization","@id":"https:\/\/sakt.ee\/en\/#organization","name":"Sakala T\u00f6\u00f6stusautomaatika O\u00dc","url":"https:\/\/sakt.ee\/en\/","logo":{"@type":"ImageObject","inLanguage":"ru-RU","@id":"https:\/\/sakt.ee\/en\/#\/schema\/logo\/image\/","url":"https:\/\/sakt.ee\/wp-content\/uploads\/2025\/05\/Sakala-Toostusautomaatika-favicon.png","contentUrl":"https:\/\/sakt.ee\/wp-content\/uploads\/2025\/05\/Sakala-Toostusautomaatika-favicon.png","width":500,"height":500,"caption":"Sakala T\u00f6\u00f6stusautomaatika O\u00dc"},"image":{"@id":"https:\/\/sakt.ee\/en\/#\/schema\/logo\/image\/"}}]},"product_price_amount":"9.10","product_price_currency":"EUR","og_availability":"instock","product_availability":"instock","product_retailer_item_id":"266875","product_condition":"new"},"_links":{"self":[{"href":"https:\/\/sakt.ee\/ru\/wp-json\/wp\/v2\/product\/36918","targetHints":{"allow":["GET"]}}],"collection":[{"href":"https:\/\/sakt.ee\/ru\/wp-json\/wp\/v2\/product"}],"about":[{"href":"https:\/\/sakt.ee\/ru\/wp-json\/wp\/v2\/types\/product"}],"version-history":[{"count":0,"href":"https:\/\/sakt.ee\/ru\/wp-json\/wp\/v2\/product\/36918\/revisions"}],"wp:featuredmedia":[{"embeddable":true,"href":"https:\/\/sakt.ee\/ru\/wp-json\/wp\/v2\/media\/21325"}],"wp:attachment":[{"href":"https:\/\/sakt.ee\/ru\/wp-json\/wp\/v2\/media?parent=36918"}],"wp:term":[{"taxonomy":"product_brand","embeddable":true,"href":"https:\/\/sakt.ee\/ru\/wp-json\/wp\/v2\/product_brand?post=36918"},{"taxonomy":"product_cat","embeddable":true,"href":"https:\/\/sakt.ee\/ru\/wp-json\/wp\/v2\/product_cat?post=36918"},{"taxonomy":"product_tag","embeddable":true,"href":"https:\/\/sakt.ee\/ru\/wp-json\/wp\/v2\/product_tag?post=36918"},{"taxonomy":"manufacturers","embeddable":true,"href":"https:\/\/sakt.ee\/ru\/wp-json\/wp\/v2\/manufacturers?post=36918"}],"curies":[{"name":"wp","href":"https:\/\/api.w.org\/{rel}","templated":true}]}}