{"id":36659,"date":"2025-05-16T16:38:44","date_gmt":"2025-05-16T16:38:44","guid":{"rendered":"https:\/\/sakt.ee\/product\/m22s-wlk-r-%d0%ba%d1%80%d0%b0%d1%81%d0%bd%d1%8b%d0%b9-%d0%bf%d0%be%d0%b2%d0%be%d1%80%d0%be%d1%82%d0%bd%d1%8b%d0%b9-%d0%bf%d0%b5%d1%80%d0%b5%d0%ba%d0%bb%d1%8e%d1%87%d0%b0%d1%82%d0%b5%d0%bb%d1%8c-4"},"modified":"2025-08-13T10:38:48","modified_gmt":"2025-08-13T07:38:48","slug":"m22s-wlk-r-%d0%ba%d1%80%d0%b0%d1%81%d0%bd%d1%8b%d0%b9-%d0%bf%d0%be%d0%b2%d0%be%d1%80%d0%be%d1%82%d0%bd%d1%8b%d0%b9-%d0%bf%d0%b5%d1%80%d0%b5%d0%ba%d0%bb%d1%8e%d1%87%d0%b0%d1%82%d0%b5%d0%bb%d1%8c-40","status":"publish","type":"product","link":"https:\/\/sakt.ee\/ru\/\u043c\u0430\u0433\u0430\u0437\u0438\u043d\/%d0%ba%d0%be%d0%bc%d0%bf%d0%be%d0%bd%d0%b5%d0%bd%d1%82%d1%8b-%d0%b0%d0%b2%d1%82%d0%be%d0%bc%d0%b0%d1%82%d0%b8%d0%ba%d0%b8\/%d0%bc16-m22-%d0%bc%d0%be%d0%b4%d1%83%d0%bb%d1%8c%d0%bd%d1%8b%d0%b5-%d1%81%d0%b5%d1%80%d0%b8%d0%b8-%d0%ba%d0%bd%d0%be%d0%bf%d0%be%d0%ba-%d0%b8-%d1%81%d0%b2%d0%b5%d1%82%d0%be%d0%b2%d0%be%d0%b9-%d0%b8\/%d0%bf%d0%b5%d1%80%d0%b5%d0%ba%d0%bb%d1%8e%d1%87%d0%b0%d1%82%d0%b5%d0%bb%d0%b8-%d0%bf%d0%be%d0%b2%d0%be%d1%80%d0%be%d1%82%d0%bd%d1%8b%d0%b5\/m22s-wlk-r-%d0%ba%d1%80%d0%b0%d1%81%d0%bd%d1%8b%d0%b9-%d0%bf%d0%be%d0%b2%d0%be%d1%80%d0%be%d1%82%d0%bd%d1%8b%d0%b9-%d0%bf%d0%b5%d1%80%d0%b5%d0%ba%d0%bb%d1%8e%d1%87%d0%b0%d1%82%d0%b5%d0%bb%d1%8c-40\/","title":{"rendered":"M22S-WLK-R \u043a\u0440\u0430\u0441\u043d\u044b\u0439 \u043f\u043e\u0432\u043e\u0440\u043e\u0442\u043d\u044b\u0439 \u043f\u0435\u0440\u0435\u043a\u043b\u044e\u0447\u0430\u0442\u0435\u043b\u044c; 40\u00b0; \u0440\u0435\u0432\u0435\u0440\u0441\u0438\u0432\u043d\u044b\u0439; \u0434\u0432\u0443\u0445\u043f\u043e\u0437\u0438\u0446\u0438\u043e\u043d\u043d\u044b\u0439; \u0441 \u0447\u0435\u0440\u043d\u044b\u043c \u043a\u043e\u043b\u044c\u0446\u043e\u043c"},"content":{"rendered":"","protected":false},"excerpt":{"rendered":"","protected":false},"featured_media":20671,"template":"","meta":{"_acf_changed":false},"product_brand":[],"product_cat":[3424],"product_tag":[],"manufacturers":[7786],"class_list":{"0":"post-36659","1":"product","2":"type-product","3":"status-publish","4":"has-post-thumbnail","6":"product_cat-3424","7":"pa_funktsioon-3494","8":"pa_kaitseklass-ip66-ru","9":"pa_paigaldus-3100","10":"pa_positsioonide-arv-3421","11":"pa_seeria-m22-ru","12":"pa_tootemperatuur-20-70c-ru","13":"pa_tootja-eaton","14":"pa_varv-3446","15":"manufacturers-eaton-ru","17":"first","18":"instock","19":"taxable","20":"shipping-taxable","21":"purchasable","22":"product-type-simple"},"acf":[],"yoast_head":"<!-- This site is optimized with the Yoast SEO Premium plugin v25.4 (Yoast SEO v25.4) - https:\/\/yoast.com\/wordpress\/plugins\/seo\/ -->\n<title>M22S-WLK-R \u043a\u0440\u0430\u0441\u043d\u044b\u0439 \u043f\u043e\u0432\u043e\u0440\u043e\u0442\u043d\u044b\u0439 \u043f\u0435\u0440\u0435\u043a\u043b\u044e\u0447\u0430\u0442\u0435\u043b\u044c; 40\u00b0; \u0440\u0435\u0432\u0435\u0440\u0441\u0438\u0432\u043d\u044b\u0439; \u0434\u0432\u0443\u0445\u043f\u043e\u0437\u0438\u0446\u0438\u043e\u043d\u043d\u044b\u0439; \u0441 \u0447\u0435\u0440\u043d\u044b\u043c \u043a\u043e\u043b\u044c\u0446\u043e\u043c - Sakala T\u00f6\u00f6stusautomaatika O\u00dc<\/title>\n<meta name=\"robots\" content=\"index, follow, max-snippet:-1, max-image-preview:large, max-video-preview:-1\" \/>\n<link rel=\"canonical\" href=\"https:\/\/sakt.ee\/\u0422\u043e\u0443\u0434\/m22s-wlk-r-punane-poordluliti-40-tagastuv-kahepositsiooniline-musta-rongaga\/\" \/>\n<meta property=\"og:locale\" content=\"ru_RU\" \/>\n<meta property=\"og:type\" content=\"article\" \/>\n<meta property=\"og:title\" content=\"M22S-WLK-R \u043a\u0440\u0430\u0441\u043d\u044b\u0439 \u043f\u043e\u0432\u043e\u0440\u043e\u0442\u043d\u044b\u0439 \u043f\u0435\u0440\u0435\u043a\u043b\u044e\u0447\u0430\u0442\u0435\u043b\u044c; 40\u00b0; \u0440\u0435\u0432\u0435\u0440\u0441\u0438\u0432\u043d\u044b\u0439; \u0434\u0432\u0443\u0445\u043f\u043e\u0437\u0438\u0446\u0438\u043e\u043d\u043d\u044b\u0439; \u0441 \u0447\u0435\u0440\u043d\u044b\u043c \u043a\u043e\u043b\u044c\u0446\u043e\u043c\" \/>\n<meta property=\"og:url\" content=\"https:\/\/sakt.ee\/\u0422\u043e\u0443\u0434\/m22s-wlk-r-punane-poordluliti-40-tagastuv-kahepositsiooniline-musta-rongaga\/\" \/>\n<meta property=\"og:site_name\" content=\"Sakala T\u00f6\u00f6stusautomaatika O\u00dc\" \/>\n<meta property=\"article:modified_time\" content=\"2025-08-13T07:38:48+00:00\" \/>\n<meta property=\"og:image\" content=\"https:\/\/sakt.ee\/wp-content\/uploads\/2025\/05\/2549.jpg\" \/>\n\t<meta property=\"og:image:width\" content=\"242\" \/>\n\t<meta property=\"og:image:height\" content=\"245\" \/>\n\t<meta property=\"og:image:type\" content=\"image\/jpeg\" \/>\n<meta name=\"twitter:card\" content=\"summary_large_image\" \/>\n<meta name=\"twitter:label1\" content=\"\u0426\u0435\u043d\u0430\" \/>\n\t<meta name=\"twitter:data1\" content=\"7,50&euro; +KM\" \/>\n\t<meta name=\"twitter:label2\" content=\"\u0414\u043e\u0441\u0442\u0443\u043f\u043d\u043e\u0441\u0442\u044c\" \/>\n\t<meta name=\"twitter:data2\" content=\"\u0412 \u043d\u0430\u043b\u0438\u0447\u0438\u0438\" \/>\n<script type=\"application\/ld+json\" class=\"yoast-schema-graph\">{\"@context\":\"https:\/\/schema.org\",\"@graph\":[{\"@type\":\"WebPage\",\"@id\":\"https:\/\/sakt.ee\/\u0422\u043e\u0443\u0434\/m22s-wlk-r-punane-poordluliti-40-tagastuv-kahepositsiooniline-musta-rongaga\/\",\"url\":\"https:\/\/sakt.ee\/\u0422\u043e\u0443\u0434\/m22s-wlk-r-punane-poordluliti-40-tagastuv-kahepositsiooniline-musta-rongaga\/\",\"name\":\"M22S-WLK-R \u043a\u0440\u0430\u0441\u043d\u044b\u0439 \u043f\u043e\u0432\u043e\u0440\u043e\u0442\u043d\u044b\u0439 \u043f\u0435\u0440\u0435\u043a\u043b\u044e\u0447\u0430\u0442\u0435\u043b\u044c; 40\u00b0; \u0440\u0435\u0432\u0435\u0440\u0441\u0438\u0432\u043d\u044b\u0439; \u0434\u0432\u0443\u0445\u043f\u043e\u0437\u0438\u0446\u0438\u043e\u043d\u043d\u044b\u0439; \u0441 \u0447\u0435\u0440\u043d\u044b\u043c \u043a\u043e\u043b\u044c\u0446\u043e\u043c - Sakala T\u00f6\u00f6stusautomaatika O\u00dc\",\"isPartOf\":{\"@id\":\"https:\/\/sakt.ee\/en\/#website\"},\"primaryImageOfPage\":{\"@id\":\"https:\/\/sakt.ee\/\u0422\u043e\u0443\u0434\/m22s-wlk-r-punane-poordluliti-40-tagastuv-kahepositsiooniline-musta-rongaga\/#primaryimage\"},\"image\":{\"@id\":\"https:\/\/sakt.ee\/\u0422\u043e\u0443\u0434\/m22s-wlk-r-punane-poordluliti-40-tagastuv-kahepositsiooniline-musta-rongaga\/#primaryimage\"},\"thumbnailUrl\":\"https:\/\/sakt.ee\/wp-content\/uploads\/2025\/05\/2549.jpg\",\"datePublished\":\"2025-05-16T16:38:44+00:00\",\"dateModified\":\"2025-08-13T07:38:48+00:00\",\"breadcrumb\":{\"@id\":\"https:\/\/sakt.ee\/\u0422\u043e\u0443\u0434\/m22s-wlk-r-punane-poordluliti-40-tagastuv-kahepositsiooniline-musta-rongaga\/#breadcrumb\"},\"inLanguage\":\"ru-RU\",\"potentialAction\":[{\"@type\":\"ReadAction\",\"target\":[\"https:\/\/sakt.ee\/\u0422\u043e\u0443\u0434\/m22s-wlk-r-punane-poordluliti-40-tagastuv-kahepositsiooniline-musta-rongaga\/\"]}]},{\"@type\":\"ImageObject\",\"inLanguage\":\"ru-RU\",\"@id\":\"https:\/\/sakt.ee\/\u0422\u043e\u0443\u0434\/m22s-wlk-r-punane-poordluliti-40-tagastuv-kahepositsiooniline-musta-rongaga\/#primaryimage\",\"url\":\"https:\/\/sakt.ee\/wp-content\/uploads\/2025\/05\/2549.jpg\",\"contentUrl\":\"https:\/\/sakt.ee\/wp-content\/uploads\/2025\/05\/2549.jpg\",\"width\":242,\"height\":245},{\"@type\":\"BreadcrumbList\",\"@id\":\"https:\/\/sakt.ee\/\u0422\u043e\u0443\u0434\/m22s-wlk-r-punane-poordluliti-40-tagastuv-kahepositsiooniline-musta-rongaga\/#breadcrumb\",\"itemListElement\":[{\"@type\":\"ListItem\",\"position\":1,\"name\":\"Home\",\"item\":\"https:\/\/sakt.ee\/\"},{\"@type\":\"ListItem\",\"position\":2,\"name\":\"\u041c\u0430\u0433\u0430\u0437\u0438\u043d\",\"item\":\"https:\/\/sakt.ee\/ru\/\u043c\u0430\u0433\u0430\u0437\u0438\u043d\/\"},{\"@type\":\"ListItem\",\"position\":3,\"name\":\"M22S-WLK-R \u043a\u0440\u0430\u0441\u043d\u044b\u0439 \u043f\u043e\u0432\u043e\u0440\u043e\u0442\u043d\u044b\u0439 \u043f\u0435\u0440\u0435\u043a\u043b\u044e\u0447\u0430\u0442\u0435\u043b\u044c; 40\u00b0; \u0440\u0435\u0432\u0435\u0440\u0441\u0438\u0432\u043d\u044b\u0439; \u0434\u0432\u0443\u0445\u043f\u043e\u0437\u0438\u0446\u0438\u043e\u043d\u043d\u044b\u0439; \u0441 \u0447\u0435\u0440\u043d\u044b\u043c \u043a\u043e\u043b\u044c\u0446\u043e\u043c\"}]},{\"@type\":\"WebSite\",\"@id\":\"https:\/\/sakt.ee\/en\/#website\",\"url\":\"https:\/\/sakt.ee\/en\/\",\"name\":\"Sakala T\u00f6\u00f6stusautomaatika O\u00dc\",\"description\":\"T\u00f6\u00f6stusautomaatika e-pood\",\"publisher\":{\"@id\":\"https:\/\/sakt.ee\/en\/#organization\"},\"potentialAction\":[{\"@type\":\"SearchAction\",\"target\":{\"@type\":\"EntryPoint\",\"urlTemplate\":\"https:\/\/sakt.ee\/en\/?s={search_term_string}\"},\"query-input\":{\"@type\":\"PropertyValueSpecification\",\"valueRequired\":true,\"valueName\":\"search_term_string\"}}],\"inLanguage\":\"ru-RU\"},{\"@type\":\"Organization\",\"@id\":\"https:\/\/sakt.ee\/en\/#organization\",\"name\":\"Sakala T\u00f6\u00f6stusautomaatika O\u00dc\",\"url\":\"https:\/\/sakt.ee\/en\/\",\"logo\":{\"@type\":\"ImageObject\",\"inLanguage\":\"ru-RU\",\"@id\":\"https:\/\/sakt.ee\/en\/#\/schema\/logo\/image\/\",\"url\":\"https:\/\/sakt.ee\/wp-content\/uploads\/2025\/05\/Sakala-Toostusautomaatika-favicon.png\",\"contentUrl\":\"https:\/\/sakt.ee\/wp-content\/uploads\/2025\/05\/Sakala-Toostusautomaatika-favicon.png\",\"width\":500,\"height\":500,\"caption\":\"Sakala T\u00f6\u00f6stusautomaatika O\u00dc\"},\"image\":{\"@id\":\"https:\/\/sakt.ee\/en\/#\/schema\/logo\/image\/\"}}]}<\/script>\n<meta property=\"product:price:amount\" content=\"7.50\" \/>\n<meta property=\"product:price:currency\" content=\"EUR\" \/>\n<meta property=\"og:availability\" content=\"instock\" \/>\n<meta property=\"product:availability\" content=\"instock\" \/>\n<meta property=\"product:retailer_item_id\" content=\"216815\" \/>\n<meta property=\"product:condition\" content=\"new\" \/>\n<!-- \/ Yoast SEO Premium plugin. -->","yoast_head_json":{"title":"M22S-WLK-R \u043a\u0440\u0430\u0441\u043d\u044b\u0439 \u043f\u043e\u0432\u043e\u0440\u043e\u0442\u043d\u044b\u0439 \u043f\u0435\u0440\u0435\u043a\u043b\u044e\u0447\u0430\u0442\u0435\u043b\u044c; 40\u00b0; \u0440\u0435\u0432\u0435\u0440\u0441\u0438\u0432\u043d\u044b\u0439; \u0434\u0432\u0443\u0445\u043f\u043e\u0437\u0438\u0446\u0438\u043e\u043d\u043d\u044b\u0439; \u0441 \u0447\u0435\u0440\u043d\u044b\u043c \u043a\u043e\u043b\u044c\u0446\u043e\u043c - Sakala T\u00f6\u00f6stusautomaatika O\u00dc","robots":{"index":"index","follow":"follow","max-snippet":"max-snippet:-1","max-image-preview":"max-image-preview:large","max-video-preview":"max-video-preview:-1"},"canonical":"https:\/\/sakt.ee\/\u0422\u043e\u0443\u0434\/m22s-wlk-r-punane-poordluliti-40-tagastuv-kahepositsiooniline-musta-rongaga\/","og_locale":"ru_RU","og_type":"article","og_title":"M22S-WLK-R \u043a\u0440\u0430\u0441\u043d\u044b\u0439 \u043f\u043e\u0432\u043e\u0440\u043e\u0442\u043d\u044b\u0439 \u043f\u0435\u0440\u0435\u043a\u043b\u044e\u0447\u0430\u0442\u0435\u043b\u044c; 40\u00b0; \u0440\u0435\u0432\u0435\u0440\u0441\u0438\u0432\u043d\u044b\u0439; \u0434\u0432\u0443\u0445\u043f\u043e\u0437\u0438\u0446\u0438\u043e\u043d\u043d\u044b\u0439; \u0441 \u0447\u0435\u0440\u043d\u044b\u043c \u043a\u043e\u043b\u044c\u0446\u043e\u043c","og_url":"https:\/\/sakt.ee\/\u0422\u043e\u0443\u0434\/m22s-wlk-r-punane-poordluliti-40-tagastuv-kahepositsiooniline-musta-rongaga\/","og_site_name":"Sakala T\u00f6\u00f6stusautomaatika O\u00dc","article_modified_time":"2025-08-13T07:38:48+00:00","og_image":[{"width":242,"height":245,"url":"https:\/\/sakt.ee\/wp-content\/uploads\/2025\/05\/2549.jpg","type":"image\/jpeg"}],"twitter_card":"summary_large_image","twitter_misc":{"\u0426\u0435\u043d\u0430":"7,50&euro; +KM","\u0414\u043e\u0441\u0442\u0443\u043f\u043d\u043e\u0441\u0442\u044c":"\u0412 \u043d\u0430\u043b\u0438\u0447\u0438\u0438"},"schema":{"@context":"https:\/\/schema.org","@graph":[{"@type":"WebPage","@id":"https:\/\/sakt.ee\/\u0422\u043e\u0443\u0434\/m22s-wlk-r-punane-poordluliti-40-tagastuv-kahepositsiooniline-musta-rongaga\/","url":"https:\/\/sakt.ee\/\u0422\u043e\u0443\u0434\/m22s-wlk-r-punane-poordluliti-40-tagastuv-kahepositsiooniline-musta-rongaga\/","name":"M22S-WLK-R \u043a\u0440\u0430\u0441\u043d\u044b\u0439 \u043f\u043e\u0432\u043e\u0440\u043e\u0442\u043d\u044b\u0439 \u043f\u0435\u0440\u0435\u043a\u043b\u044e\u0447\u0430\u0442\u0435\u043b\u044c; 40\u00b0; \u0440\u0435\u0432\u0435\u0440\u0441\u0438\u0432\u043d\u044b\u0439; \u0434\u0432\u0443\u0445\u043f\u043e\u0437\u0438\u0446\u0438\u043e\u043d\u043d\u044b\u0439; \u0441 \u0447\u0435\u0440\u043d\u044b\u043c \u043a\u043e\u043b\u044c\u0446\u043e\u043c - Sakala T\u00f6\u00f6stusautomaatika O\u00dc","isPartOf":{"@id":"https:\/\/sakt.ee\/en\/#website"},"primaryImageOfPage":{"@id":"https:\/\/sakt.ee\/\u0422\u043e\u0443\u0434\/m22s-wlk-r-punane-poordluliti-40-tagastuv-kahepositsiooniline-musta-rongaga\/#primaryimage"},"image":{"@id":"https:\/\/sakt.ee\/\u0422\u043e\u0443\u0434\/m22s-wlk-r-punane-poordluliti-40-tagastuv-kahepositsiooniline-musta-rongaga\/#primaryimage"},"thumbnailUrl":"https:\/\/sakt.ee\/wp-content\/uploads\/2025\/05\/2549.jpg","datePublished":"2025-05-16T16:38:44+00:00","dateModified":"2025-08-13T07:38:48+00:00","breadcrumb":{"@id":"https:\/\/sakt.ee\/\u0422\u043e\u0443\u0434\/m22s-wlk-r-punane-poordluliti-40-tagastuv-kahepositsiooniline-musta-rongaga\/#breadcrumb"},"inLanguage":"ru-RU","potentialAction":[{"@type":"ReadAction","target":["https:\/\/sakt.ee\/\u0422\u043e\u0443\u0434\/m22s-wlk-r-punane-poordluliti-40-tagastuv-kahepositsiooniline-musta-rongaga\/"]}]},{"@type":"ImageObject","inLanguage":"ru-RU","@id":"https:\/\/sakt.ee\/\u0422\u043e\u0443\u0434\/m22s-wlk-r-punane-poordluliti-40-tagastuv-kahepositsiooniline-musta-rongaga\/#primaryimage","url":"https:\/\/sakt.ee\/wp-content\/uploads\/2025\/05\/2549.jpg","contentUrl":"https:\/\/sakt.ee\/wp-content\/uploads\/2025\/05\/2549.jpg","width":242,"height":245},{"@type":"BreadcrumbList","@id":"https:\/\/sakt.ee\/\u0422\u043e\u0443\u0434\/m22s-wlk-r-punane-poordluliti-40-tagastuv-kahepositsiooniline-musta-rongaga\/#breadcrumb","itemListElement":[{"@type":"ListItem","position":1,"name":"Home","item":"https:\/\/sakt.ee\/"},{"@type":"ListItem","position":2,"name":"\u041c\u0430\u0433\u0430\u0437\u0438\u043d","item":"https:\/\/sakt.ee\/ru\/\u043c\u0430\u0433\u0430\u0437\u0438\u043d\/"},{"@type":"ListItem","position":3,"name":"M22S-WLK-R \u043a\u0440\u0430\u0441\u043d\u044b\u0439 \u043f\u043e\u0432\u043e\u0440\u043e\u0442\u043d\u044b\u0439 \u043f\u0435\u0440\u0435\u043a\u043b\u044e\u0447\u0430\u0442\u0435\u043b\u044c; 40\u00b0; \u0440\u0435\u0432\u0435\u0440\u0441\u0438\u0432\u043d\u044b\u0439; \u0434\u0432\u0443\u0445\u043f\u043e\u0437\u0438\u0446\u0438\u043e\u043d\u043d\u044b\u0439; \u0441 \u0447\u0435\u0440\u043d\u044b\u043c \u043a\u043e\u043b\u044c\u0446\u043e\u043c"}]},{"@type":"WebSite","@id":"https:\/\/sakt.ee\/en\/#website","url":"https:\/\/sakt.ee\/en\/","name":"Sakala T\u00f6\u00f6stusautomaatika O\u00dc","description":"T\u00f6\u00f6stusautomaatika e-pood","publisher":{"@id":"https:\/\/sakt.ee\/en\/#organization"},"potentialAction":[{"@type":"SearchAction","target":{"@type":"EntryPoint","urlTemplate":"https:\/\/sakt.ee\/en\/?s={search_term_string}"},"query-input":{"@type":"PropertyValueSpecification","valueRequired":true,"valueName":"search_term_string"}}],"inLanguage":"ru-RU"},{"@type":"Organization","@id":"https:\/\/sakt.ee\/en\/#organization","name":"Sakala T\u00f6\u00f6stusautomaatika O\u00dc","url":"https:\/\/sakt.ee\/en\/","logo":{"@type":"ImageObject","inLanguage":"ru-RU","@id":"https:\/\/sakt.ee\/en\/#\/schema\/logo\/image\/","url":"https:\/\/sakt.ee\/wp-content\/uploads\/2025\/05\/Sakala-Toostusautomaatika-favicon.png","contentUrl":"https:\/\/sakt.ee\/wp-content\/uploads\/2025\/05\/Sakala-Toostusautomaatika-favicon.png","width":500,"height":500,"caption":"Sakala T\u00f6\u00f6stusautomaatika O\u00dc"},"image":{"@id":"https:\/\/sakt.ee\/en\/#\/schema\/logo\/image\/"}}]},"product_price_amount":"7.50","product_price_currency":"EUR","og_availability":"instock","product_availability":"instock","product_retailer_item_id":"216815","product_condition":"new"},"_links":{"self":[{"href":"https:\/\/sakt.ee\/ru\/wp-json\/wp\/v2\/product\/36659","targetHints":{"allow":["GET"]}}],"collection":[{"href":"https:\/\/sakt.ee\/ru\/wp-json\/wp\/v2\/product"}],"about":[{"href":"https:\/\/sakt.ee\/ru\/wp-json\/wp\/v2\/types\/product"}],"version-history":[{"count":0,"href":"https:\/\/sakt.ee\/ru\/wp-json\/wp\/v2\/product\/36659\/revisions"}],"wp:featuredmedia":[{"embeddable":true,"href":"https:\/\/sakt.ee\/ru\/wp-json\/wp\/v2\/media\/20671"}],"wp:attachment":[{"href":"https:\/\/sakt.ee\/ru\/wp-json\/wp\/v2\/media?parent=36659"}],"wp:term":[{"taxonomy":"product_brand","embeddable":true,"href":"https:\/\/sakt.ee\/ru\/wp-json\/wp\/v2\/product_brand?post=36659"},{"taxonomy":"product_cat","embeddable":true,"href":"https:\/\/sakt.ee\/ru\/wp-json\/wp\/v2\/product_cat?post=36659"},{"taxonomy":"product_tag","embeddable":true,"href":"https:\/\/sakt.ee\/ru\/wp-json\/wp\/v2\/product_tag?post=36659"},{"taxonomy":"manufacturers","embeddable":true,"href":"https:\/\/sakt.ee\/ru\/wp-json\/wp\/v2\/manufacturers?post=36659"}],"curies":[{"name":"wp","href":"https:\/\/api.w.org\/{rel}","templated":true}]}}