{"id":36449,"date":"2025-05-16T11:51:43","date_gmt":"2025-05-16T11:51:43","guid":{"rendered":"https:\/\/sakt.ee\/product\/%d0%b8%d0%bd%d0%b4%d1%83%d0%ba%d1%82%d0%b8%d0%b2%d0%bd%d1%8b%d0%b9-%d0%b4%d0%b0%d1%82%d1%87%d0%b8%d0%ba-is-30-h3-s2-10-30dc-%d0%bd%d0%b5-%d0%b7%d0%b0%d0%bf%d0%be%d0%b4%d0%bb%d0%b8%d1%86\/"},"modified":"2025-08-18T11:06:45","modified_gmt":"2025-08-18T08:06:45","slug":"%d0%b8%d0%bd%d0%b4%d1%83%d0%ba%d1%82%d0%b8%d0%b2%d0%bd%d1%8b%d0%b9-%d0%b4%d0%b0%d1%82%d1%87%d0%b8%d0%ba-is-30-h3-s2-10-30dc-%d0%bd%d0%b5-%d0%b7%d0%b0%d0%bf%d0%be%d0%b4%d0%bb%d0%b8%d1%86","status":"publish","type":"product","link":"https:\/\/sakt.ee\/ru\/\u043c\u0430\u0433\u0430\u0437\u0438\u043d\/%d0%b4%d0%b0%d1%82%d1%87%d0%b8%d0%ba%d0%b8-%d0%bf%d1%80%d0%be%d1%86%d0%b5%d1%81%d1%81%d0%b0\/%d0%b8%d0%bd%d0%b4%d1%83%d0%ba%d1%82%d0%b8%d0%b2%d0%bd%d1%8b%d0%b5-%d0%b4%d0%b0%d1%82%d1%87%d0%b8%d0%ba%d0%b8\/%d0%b8%d0%bd%d0%b4%d1%83%d0%ba%d1%82%d0%b8%d0%b2%d0%bd%d1%8b%d0%b9-%d0%b4%d0%b0%d1%82%d1%87%d0%b8%d0%ba-is-30-h3-s2-10-30dc-%d0%bd%d0%b5-%d0%b7%d0%b0%d0%bf%d0%be%d0%b4%d0%bb%d0%b8%d1%86\/","title":{"rendered":"\u0418\u043d\u0434\u0443\u043a\u0442\u0438\u0432\u043d\u044b\u0439 \u0434\u0430\u0442\u0447\u0438\u043a IS-30-H3-S2; 10-30DC; \u201c\u043d\u0435 \u0437\u0430\u043f\u043e\u0434\u043b\u0438\u0446\u043e\u201d; \u043a\u043e\u0440\u043e\u0442\u043a\u0438\u0439 \u043a\u043e\u0440\u043f\u0443\u0441; 20 \u043c\u043c; NPN; NO; \u0440\u0430\u0437\u044a\u0435\u043c M12; IP67"},"content":{"rendered":"","protected":false},"excerpt":{"rendered":"","protected":false},"featured_media":16405,"template":"","meta":{"_acf_changed":false},"product_brand":[],"product_cat":[3283],"product_tag":[],"manufacturers":[7811],"class_list":{"0":"post-36449","1":"product","2":"type-product","3":"status-publish","4":"has-post-thumbnail","6":"product_cat-3283","7":"pa_funktsionaalsus-3278","8":"pa_kaitseklass-ip67-ru","9":"pa_kontakt-1-no-ru","10":"pa_labimoot-30mm-ru","11":"pa_mootepiirkond-0-20mm-ru","12":"pa_pikkus-677mm-ru","13":"pa_toide-10-30---","14":"pa_tootemperatuur-25-70c-ru","15":"pa_tootja-datalogic","16":"pa_uhendustuup--m12","17":"pa_valjund-npn-ru","18":"manufacturers-datalogic-ru","20":"first","21":"instock","22":"taxable","23":"shipping-taxable","24":"purchasable","25":"product-type-simple"},"acf":[],"yoast_head":"<!-- This site is optimized with the Yoast SEO Premium plugin v25.4 (Yoast SEO v25.4) - https:\/\/yoast.com\/wordpress\/plugins\/seo\/ -->\n<title>\u0418\u043d\u0434\u0443\u043a\u0442\u0438\u0432\u043d\u044b\u0439 \u0434\u0430\u0442\u0447\u0438\u043a IS-30-H3-S2; 10-30DC; \u201c\u043d\u0435 \u0437\u0430\u043f\u043e\u0434\u043b\u0438\u0446\u043e\u201d; \u043a\u043e\u0440\u043e\u0442\u043a\u0438\u0439 \u043a\u043e\u0440\u043f\u0443\u0441; 20 \u043c\u043c; NPN; NO; \u0440\u0430\u0437\u044a\u0435\u043c M12; IP67 - Sakala T\u00f6\u00f6stusautomaatika O\u00dc<\/title>\n<meta name=\"robots\" content=\"index, follow, max-snippet:-1, max-image-preview:large, max-video-preview:-1\" \/>\n<link rel=\"canonical\" href=\"https:\/\/sakt.ee\/\u0422\u043e\u0443\u0434\/is-30-h3-s2-induktiivandur-10-30dc-non-flush-luhike-korpus-20mm-npn-no-m12-pistik-ip67\/\" \/>\n<meta property=\"og:locale\" content=\"ru_RU\" \/>\n<meta property=\"og:type\" content=\"article\" \/>\n<meta property=\"og:title\" content=\"\u0418\u043d\u0434\u0443\u043a\u0442\u0438\u0432\u043d\u044b\u0439 \u0434\u0430\u0442\u0447\u0438\u043a IS-30-H3-S2; 10-30DC; \u201c\u043d\u0435 \u0437\u0430\u043f\u043e\u0434\u043b\u0438\u0446\u043e\u201d; \u043a\u043e\u0440\u043e\u0442\u043a\u0438\u0439 \u043a\u043e\u0440\u043f\u0443\u0441; 20 \u043c\u043c; NPN; NO; \u0440\u0430\u0437\u044a\u0435\u043c M12; IP67\" \/>\n<meta property=\"og:url\" content=\"https:\/\/sakt.ee\/\u0422\u043e\u0443\u0434\/is-30-h3-s2-induktiivandur-10-30dc-non-flush-luhike-korpus-20mm-npn-no-m12-pistik-ip67\/\" \/>\n<meta property=\"og:site_name\" content=\"Sakala T\u00f6\u00f6stusautomaatika O\u00dc\" \/>\n<meta property=\"article:modified_time\" content=\"2025-08-18T08:06:45+00:00\" \/>\n<meta property=\"og:image\" content=\"https:\/\/sakt.ee\/wp-content\/uploads\/2025\/05\/741.jpg\" \/>\n\t<meta property=\"og:image:width\" content=\"246\" \/>\n\t<meta property=\"og:image:height\" content=\"304\" \/>\n\t<meta property=\"og:image:type\" content=\"image\/jpeg\" \/>\n<meta name=\"twitter:card\" content=\"summary_large_image\" \/>\n<meta name=\"twitter:label1\" content=\"\u0426\u0435\u043d\u0430\" \/>\n\t<meta name=\"twitter:data1\" content=\"35,00&euro; +KM\" \/>\n\t<meta name=\"twitter:label2\" content=\"\u0414\u043e\u0441\u0442\u0443\u043f\u043d\u043e\u0441\u0442\u044c\" \/>\n\t<meta name=\"twitter:data2\" content=\"\u0412 \u043d\u0430\u043b\u0438\u0447\u0438\u0438\" \/>\n<script type=\"application\/ld+json\" class=\"yoast-schema-graph\">{\"@context\":\"https:\/\/schema.org\",\"@graph\":[{\"@type\":\"WebPage\",\"@id\":\"https:\/\/sakt.ee\/\u0422\u043e\u0443\u0434\/is-30-h3-s2-induktiivandur-10-30dc-non-flush-luhike-korpus-20mm-npn-no-m12-pistik-ip67\/\",\"url\":\"https:\/\/sakt.ee\/\u0422\u043e\u0443\u0434\/is-30-h3-s2-induktiivandur-10-30dc-non-flush-luhike-korpus-20mm-npn-no-m12-pistik-ip67\/\",\"name\":\"\u0418\u043d\u0434\u0443\u043a\u0442\u0438\u0432\u043d\u044b\u0439 \u0434\u0430\u0442\u0447\u0438\u043a IS-30-H3-S2; 10-30DC; \u201c\u043d\u0435 \u0437\u0430\u043f\u043e\u0434\u043b\u0438\u0446\u043e\u201d; \u043a\u043e\u0440\u043e\u0442\u043a\u0438\u0439 \u043a\u043e\u0440\u043f\u0443\u0441; 20 \u043c\u043c; NPN; NO; \u0440\u0430\u0437\u044a\u0435\u043c M12; IP67 - Sakala T\u00f6\u00f6stusautomaatika O\u00dc\",\"isPartOf\":{\"@id\":\"https:\/\/sakt.ee\/en\/#website\"},\"primaryImageOfPage\":{\"@id\":\"https:\/\/sakt.ee\/\u0422\u043e\u0443\u0434\/is-30-h3-s2-induktiivandur-10-30dc-non-flush-luhike-korpus-20mm-npn-no-m12-pistik-ip67\/#primaryimage\"},\"image\":{\"@id\":\"https:\/\/sakt.ee\/\u0422\u043e\u0443\u0434\/is-30-h3-s2-induktiivandur-10-30dc-non-flush-luhike-korpus-20mm-npn-no-m12-pistik-ip67\/#primaryimage\"},\"thumbnailUrl\":\"https:\/\/sakt.ee\/wp-content\/uploads\/2025\/05\/741.jpg\",\"datePublished\":\"2025-05-16T11:51:43+00:00\",\"dateModified\":\"2025-08-18T08:06:45+00:00\",\"breadcrumb\":{\"@id\":\"https:\/\/sakt.ee\/\u0422\u043e\u0443\u0434\/is-30-h3-s2-induktiivandur-10-30dc-non-flush-luhike-korpus-20mm-npn-no-m12-pistik-ip67\/#breadcrumb\"},\"inLanguage\":\"ru-RU\",\"potentialAction\":[{\"@type\":\"ReadAction\",\"target\":[\"https:\/\/sakt.ee\/\u0422\u043e\u0443\u0434\/is-30-h3-s2-induktiivandur-10-30dc-non-flush-luhike-korpus-20mm-npn-no-m12-pistik-ip67\/\"]}]},{\"@type\":\"ImageObject\",\"inLanguage\":\"ru-RU\",\"@id\":\"https:\/\/sakt.ee\/\u0422\u043e\u0443\u0434\/is-30-h3-s2-induktiivandur-10-30dc-non-flush-luhike-korpus-20mm-npn-no-m12-pistik-ip67\/#primaryimage\",\"url\":\"https:\/\/sakt.ee\/wp-content\/uploads\/2025\/05\/741.jpg\",\"contentUrl\":\"https:\/\/sakt.ee\/wp-content\/uploads\/2025\/05\/741.jpg\",\"width\":246,\"height\":304},{\"@type\":\"BreadcrumbList\",\"@id\":\"https:\/\/sakt.ee\/\u0422\u043e\u0443\u0434\/is-30-h3-s2-induktiivandur-10-30dc-non-flush-luhike-korpus-20mm-npn-no-m12-pistik-ip67\/#breadcrumb\",\"itemListElement\":[{\"@type\":\"ListItem\",\"position\":1,\"name\":\"Home\",\"item\":\"https:\/\/sakt.ee\/\"},{\"@type\":\"ListItem\",\"position\":2,\"name\":\"\u041c\u0430\u0433\u0430\u0437\u0438\u043d\",\"item\":\"https:\/\/sakt.ee\/ru\/\u043c\u0430\u0433\u0430\u0437\u0438\u043d\/\"},{\"@type\":\"ListItem\",\"position\":3,\"name\":\"\u0418\u043d\u0434\u0443\u043a\u0442\u0438\u0432\u043d\u044b\u0439 \u0434\u0430\u0442\u0447\u0438\u043a IS-30-H3-S2; 10-30DC; \u201c\u043d\u0435 \u0437\u0430\u043f\u043e\u0434\u043b\u0438\u0446\u043e\u201d; \u043a\u043e\u0440\u043e\u0442\u043a\u0438\u0439 \u043a\u043e\u0440\u043f\u0443\u0441; 20 \u043c\u043c; NPN; NO; \u0440\u0430\u0437\u044a\u0435\u043c M12; IP67\"}]},{\"@type\":\"WebSite\",\"@id\":\"https:\/\/sakt.ee\/en\/#website\",\"url\":\"https:\/\/sakt.ee\/en\/\",\"name\":\"Sakala T\u00f6\u00f6stusautomaatika O\u00dc\",\"description\":\"T\u00f6\u00f6stusautomaatika e-pood\",\"publisher\":{\"@id\":\"https:\/\/sakt.ee\/en\/#organization\"},\"potentialAction\":[{\"@type\":\"SearchAction\",\"target\":{\"@type\":\"EntryPoint\",\"urlTemplate\":\"https:\/\/sakt.ee\/en\/?s={search_term_string}\"},\"query-input\":{\"@type\":\"PropertyValueSpecification\",\"valueRequired\":true,\"valueName\":\"search_term_string\"}}],\"inLanguage\":\"ru-RU\"},{\"@type\":\"Organization\",\"@id\":\"https:\/\/sakt.ee\/en\/#organization\",\"name\":\"Sakala T\u00f6\u00f6stusautomaatika O\u00dc\",\"url\":\"https:\/\/sakt.ee\/en\/\",\"logo\":{\"@type\":\"ImageObject\",\"inLanguage\":\"ru-RU\",\"@id\":\"https:\/\/sakt.ee\/en\/#\/schema\/logo\/image\/\",\"url\":\"https:\/\/sakt.ee\/wp-content\/uploads\/2025\/05\/Sakala-Toostusautomaatika-favicon.png\",\"contentUrl\":\"https:\/\/sakt.ee\/wp-content\/uploads\/2025\/05\/Sakala-Toostusautomaatika-favicon.png\",\"width\":500,\"height\":500,\"caption\":\"Sakala T\u00f6\u00f6stusautomaatika O\u00dc\"},\"image\":{\"@id\":\"https:\/\/sakt.ee\/en\/#\/schema\/logo\/image\/\"}}]}<\/script>\n<meta property=\"product:price:amount\" content=\"35.00\" \/>\n<meta property=\"product:price:currency\" content=\"EUR\" \/>\n<meta property=\"og:availability\" content=\"instock\" \/>\n<meta property=\"product:availability\" content=\"instock\" \/>\n<meta property=\"product:retailer_item_id\" content=\"95B063731\" \/>\n<meta property=\"product:condition\" content=\"new\" \/>\n<!-- \/ Yoast SEO Premium plugin. -->","yoast_head_json":{"title":"\u0418\u043d\u0434\u0443\u043a\u0442\u0438\u0432\u043d\u044b\u0439 \u0434\u0430\u0442\u0447\u0438\u043a IS-30-H3-S2; 10-30DC; \u201c\u043d\u0435 \u0437\u0430\u043f\u043e\u0434\u043b\u0438\u0446\u043e\u201d; \u043a\u043e\u0440\u043e\u0442\u043a\u0438\u0439 \u043a\u043e\u0440\u043f\u0443\u0441; 20 \u043c\u043c; NPN; NO; \u0440\u0430\u0437\u044a\u0435\u043c M12; IP67 - Sakala T\u00f6\u00f6stusautomaatika O\u00dc","robots":{"index":"index","follow":"follow","max-snippet":"max-snippet:-1","max-image-preview":"max-image-preview:large","max-video-preview":"max-video-preview:-1"},"canonical":"https:\/\/sakt.ee\/\u0422\u043e\u0443\u0434\/is-30-h3-s2-induktiivandur-10-30dc-non-flush-luhike-korpus-20mm-npn-no-m12-pistik-ip67\/","og_locale":"ru_RU","og_type":"article","og_title":"\u0418\u043d\u0434\u0443\u043a\u0442\u0438\u0432\u043d\u044b\u0439 \u0434\u0430\u0442\u0447\u0438\u043a IS-30-H3-S2; 10-30DC; \u201c\u043d\u0435 \u0437\u0430\u043f\u043e\u0434\u043b\u0438\u0446\u043e\u201d; \u043a\u043e\u0440\u043e\u0442\u043a\u0438\u0439 \u043a\u043e\u0440\u043f\u0443\u0441; 20 \u043c\u043c; NPN; NO; \u0440\u0430\u0437\u044a\u0435\u043c M12; IP67","og_url":"https:\/\/sakt.ee\/\u0422\u043e\u0443\u0434\/is-30-h3-s2-induktiivandur-10-30dc-non-flush-luhike-korpus-20mm-npn-no-m12-pistik-ip67\/","og_site_name":"Sakala T\u00f6\u00f6stusautomaatika O\u00dc","article_modified_time":"2025-08-18T08:06:45+00:00","og_image":[{"width":246,"height":304,"url":"https:\/\/sakt.ee\/wp-content\/uploads\/2025\/05\/741.jpg","type":"image\/jpeg"}],"twitter_card":"summary_large_image","twitter_misc":{"\u0426\u0435\u043d\u0430":"35,00&euro; +KM","\u0414\u043e\u0441\u0442\u0443\u043f\u043d\u043e\u0441\u0442\u044c":"\u0412 \u043d\u0430\u043b\u0438\u0447\u0438\u0438"},"schema":{"@context":"https:\/\/schema.org","@graph":[{"@type":"WebPage","@id":"https:\/\/sakt.ee\/\u0422\u043e\u0443\u0434\/is-30-h3-s2-induktiivandur-10-30dc-non-flush-luhike-korpus-20mm-npn-no-m12-pistik-ip67\/","url":"https:\/\/sakt.ee\/\u0422\u043e\u0443\u0434\/is-30-h3-s2-induktiivandur-10-30dc-non-flush-luhike-korpus-20mm-npn-no-m12-pistik-ip67\/","name":"\u0418\u043d\u0434\u0443\u043a\u0442\u0438\u0432\u043d\u044b\u0439 \u0434\u0430\u0442\u0447\u0438\u043a IS-30-H3-S2; 10-30DC; \u201c\u043d\u0435 \u0437\u0430\u043f\u043e\u0434\u043b\u0438\u0446\u043e\u201d; \u043a\u043e\u0440\u043e\u0442\u043a\u0438\u0439 \u043a\u043e\u0440\u043f\u0443\u0441; 20 \u043c\u043c; NPN; NO; \u0440\u0430\u0437\u044a\u0435\u043c M12; IP67 - Sakala T\u00f6\u00f6stusautomaatika O\u00dc","isPartOf":{"@id":"https:\/\/sakt.ee\/en\/#website"},"primaryImageOfPage":{"@id":"https:\/\/sakt.ee\/\u0422\u043e\u0443\u0434\/is-30-h3-s2-induktiivandur-10-30dc-non-flush-luhike-korpus-20mm-npn-no-m12-pistik-ip67\/#primaryimage"},"image":{"@id":"https:\/\/sakt.ee\/\u0422\u043e\u0443\u0434\/is-30-h3-s2-induktiivandur-10-30dc-non-flush-luhike-korpus-20mm-npn-no-m12-pistik-ip67\/#primaryimage"},"thumbnailUrl":"https:\/\/sakt.ee\/wp-content\/uploads\/2025\/05\/741.jpg","datePublished":"2025-05-16T11:51:43+00:00","dateModified":"2025-08-18T08:06:45+00:00","breadcrumb":{"@id":"https:\/\/sakt.ee\/\u0422\u043e\u0443\u0434\/is-30-h3-s2-induktiivandur-10-30dc-non-flush-luhike-korpus-20mm-npn-no-m12-pistik-ip67\/#breadcrumb"},"inLanguage":"ru-RU","potentialAction":[{"@type":"ReadAction","target":["https:\/\/sakt.ee\/\u0422\u043e\u0443\u0434\/is-30-h3-s2-induktiivandur-10-30dc-non-flush-luhike-korpus-20mm-npn-no-m12-pistik-ip67\/"]}]},{"@type":"ImageObject","inLanguage":"ru-RU","@id":"https:\/\/sakt.ee\/\u0422\u043e\u0443\u0434\/is-30-h3-s2-induktiivandur-10-30dc-non-flush-luhike-korpus-20mm-npn-no-m12-pistik-ip67\/#primaryimage","url":"https:\/\/sakt.ee\/wp-content\/uploads\/2025\/05\/741.jpg","contentUrl":"https:\/\/sakt.ee\/wp-content\/uploads\/2025\/05\/741.jpg","width":246,"height":304},{"@type":"BreadcrumbList","@id":"https:\/\/sakt.ee\/\u0422\u043e\u0443\u0434\/is-30-h3-s2-induktiivandur-10-30dc-non-flush-luhike-korpus-20mm-npn-no-m12-pistik-ip67\/#breadcrumb","itemListElement":[{"@type":"ListItem","position":1,"name":"Home","item":"https:\/\/sakt.ee\/"},{"@type":"ListItem","position":2,"name":"\u041c\u0430\u0433\u0430\u0437\u0438\u043d","item":"https:\/\/sakt.ee\/ru\/\u043c\u0430\u0433\u0430\u0437\u0438\u043d\/"},{"@type":"ListItem","position":3,"name":"\u0418\u043d\u0434\u0443\u043a\u0442\u0438\u0432\u043d\u044b\u0439 \u0434\u0430\u0442\u0447\u0438\u043a IS-30-H3-S2; 10-30DC; \u201c\u043d\u0435 \u0437\u0430\u043f\u043e\u0434\u043b\u0438\u0446\u043e\u201d; \u043a\u043e\u0440\u043e\u0442\u043a\u0438\u0439 \u043a\u043e\u0440\u043f\u0443\u0441; 20 \u043c\u043c; NPN; NO; \u0440\u0430\u0437\u044a\u0435\u043c M12; IP67"}]},{"@type":"WebSite","@id":"https:\/\/sakt.ee\/en\/#website","url":"https:\/\/sakt.ee\/en\/","name":"Sakala T\u00f6\u00f6stusautomaatika O\u00dc","description":"T\u00f6\u00f6stusautomaatika e-pood","publisher":{"@id":"https:\/\/sakt.ee\/en\/#organization"},"potentialAction":[{"@type":"SearchAction","target":{"@type":"EntryPoint","urlTemplate":"https:\/\/sakt.ee\/en\/?s={search_term_string}"},"query-input":{"@type":"PropertyValueSpecification","valueRequired":true,"valueName":"search_term_string"}}],"inLanguage":"ru-RU"},{"@type":"Organization","@id":"https:\/\/sakt.ee\/en\/#organization","name":"Sakala T\u00f6\u00f6stusautomaatika O\u00dc","url":"https:\/\/sakt.ee\/en\/","logo":{"@type":"ImageObject","inLanguage":"ru-RU","@id":"https:\/\/sakt.ee\/en\/#\/schema\/logo\/image\/","url":"https:\/\/sakt.ee\/wp-content\/uploads\/2025\/05\/Sakala-Toostusautomaatika-favicon.png","contentUrl":"https:\/\/sakt.ee\/wp-content\/uploads\/2025\/05\/Sakala-Toostusautomaatika-favicon.png","width":500,"height":500,"caption":"Sakala T\u00f6\u00f6stusautomaatika O\u00dc"},"image":{"@id":"https:\/\/sakt.ee\/en\/#\/schema\/logo\/image\/"}}]},"product_price_amount":"35.00","product_price_currency":"EUR","og_availability":"instock","product_availability":"instock","product_retailer_item_id":"95B063731","product_condition":"new"},"_links":{"self":[{"href":"https:\/\/sakt.ee\/ru\/wp-json\/wp\/v2\/product\/36449","targetHints":{"allow":["GET"]}}],"collection":[{"href":"https:\/\/sakt.ee\/ru\/wp-json\/wp\/v2\/product"}],"about":[{"href":"https:\/\/sakt.ee\/ru\/wp-json\/wp\/v2\/types\/product"}],"version-history":[{"count":0,"href":"https:\/\/sakt.ee\/ru\/wp-json\/wp\/v2\/product\/36449\/revisions"}],"wp:featuredmedia":[{"embeddable":true,"href":"https:\/\/sakt.ee\/ru\/wp-json\/wp\/v2\/media\/16405"}],"wp:attachment":[{"href":"https:\/\/sakt.ee\/ru\/wp-json\/wp\/v2\/media?parent=36449"}],"wp:term":[{"taxonomy":"product_brand","embeddable":true,"href":"https:\/\/sakt.ee\/ru\/wp-json\/wp\/v2\/product_brand?post=36449"},{"taxonomy":"product_cat","embeddable":true,"href":"https:\/\/sakt.ee\/ru\/wp-json\/wp\/v2\/product_cat?post=36449"},{"taxonomy":"product_tag","embeddable":true,"href":"https:\/\/sakt.ee\/ru\/wp-json\/wp\/v2\/product_tag?post=36449"},{"taxonomy":"manufacturers","embeddable":true,"href":"https:\/\/sakt.ee\/ru\/wp-json\/wp\/v2\/manufacturers?post=36449"}],"curies":[{"name":"wp","href":"https:\/\/api.w.org\/{rel}","templated":true}]}}