{"id":36378,"date":"2025-05-16T15:04:53","date_gmt":"2025-05-16T12:04:53","guid":{"rendered":"https:\/\/sakt.ee\/product\/s5n-pa-5-c01-pp-%d1%84%d0%be%d1%82%d0%be%d0%b4%d0%b0%d1%82%d1%87%d0%b8%d0%ba-10-30dc-%d0%bf%d0%bb%d0%b0%d1%81%d1%82%d0%b8%d0%ba%d0%be%d0%b2%d1%8b%d0%b9-%d0%ba%d0%be%d1%80%d0%bf%d1%83%d1%81-m18\/"},"modified":"2025-11-25T13:16:57","modified_gmt":"2025-11-25T10:16:57","slug":"s5n-pa-5-c01-pp-%d1%84%d0%be%d1%82%d0%be%d0%b4%d0%b0%d1%82%d1%87%d0%b8%d0%ba-10-30dc-%d0%bf%d0%bb%d0%b0%d1%81%d1%82%d0%b8%d0%ba%d0%be%d0%b2%d1%8b%d0%b9-%d0%ba%d0%be%d1%80%d0%bf%d1%83%d1%81-m18","status":"publish","type":"product","link":"https:\/\/sakt.ee\/ru\/\u043c\u0430\u0433\u0430\u0437\u0438\u043d\/%d0%b4%d0%b0%d1%82%d1%87%d0%b8%d0%ba%d0%b8-%d0%bf%d1%80%d0%be%d1%86%d0%b5%d1%81%d1%81%d0%b0\/%d1%84%d0%be%d1%82%d0%be%d0%b4%d0%b0%d1%82%d1%87%d0%b8%d0%ba%d0%b8\/%d0%be%d1%82%d1%80%d0%b0%d0%b6%d0%b0%d1%8e%d1%82%d1%81%d1%8f-%d0%be%d1%82-%d0%be%d0%b1%d1%8a%d0%b5%d0%ba%d1%82%d0%b0\/s5n-pa-5-c01-pp-%d1%84%d0%be%d1%82%d0%be%d0%b4%d0%b0%d1%82%d1%87%d0%b8%d0%ba-10-30dc-%d0%bf%d0%bb%d0%b0%d1%81%d1%82%d0%b8%d0%ba%d0%be%d0%b2%d1%8b%d0%b9-%d0%ba%d0%be%d1%80%d0%bf%d1%83%d1%81-m18\/","title":{"rendered":"S5N-PA-5-C01-PP \u0444\u043e\u0442\u043e\u0434\u0430\u0442\u0447\u0438\u043a; 10-30DC; \u043f\u043b\u0430\u0441\u0442\u0438\u043a\u043e\u0432\u044b\u0439 \u043a\u043e\u0440\u043f\u0443\u0441 M18; \u043e\u0442\u0440\u0430\u0436\u0435\u043d\u0438\u0435 \u043e\u0442 \u043e\u0431\u044a\u0435\u043a\u0442\u0430; \u043e\u0441\u0435\u0432\u043e\u0439; 0&#8230;700\u043c\u043c; PNP; NO\/NC; \u0434\u0438\u043c\u043c\u0435\u0440; \u0440\u0430\u0437\u044a\u0435\u043c M12"},"content":{"rendered":"","protected":false},"excerpt":{"rendered":"<p>\u0424\u043e\u0442\u043e\u044d\u043b\u0435\u043a\u0442\u0440\u0438\u0447\u0435\u0441\u043a\u0438\u0435 \u0434\u0430\u0442\u0447\u0438\u043a\u0438 M18 \u043f\u043e-\u043f\u0440\u0435\u0436\u043d\u0435\u043c\u0443 \u043f\u0440\u0435\u0434\u043b\u0430\u0433\u0430\u044e\u0442 \u0441\u0430\u043c\u044b\u0439 \u0448\u0438\u0440\u043e\u043a\u0438\u0439 \u0432\u044b\u0431\u043e\u0440 \u0432 \u0441\u0432\u043e\u0435\u043c \u0441\u0435\u0433\u043c\u0435\u043d\u0442\u0435: \u043e\u0442\u0440\u0430\u0436\u0430\u0442\u0435\u043b\u044c \u0438\u043b\u0438 \u0440\u0435\u0444\u043b\u0435\u043a\u0442\u043e\u0440, \u043f\u0435\u0440\u0435\u0434\u0430\u0442\u0447\u0438\u043a-\u043f\u0440\u0438\u0435\u043c\u043d\u0438\u043a, \u043e\u0441\u0435\u0432\u0430\u044f \u0438\u043b\u0438 \u0440\u0430\u0434\u0438\u0430\u043b\u044c\u043d\u0430\u044f \u043e\u043f\u0442\u0438\u043a\u0430, \u043a\u0430\u0431\u0435\u043b\u044c \u0438\u043b\u0438 \u0440\u0430\u0437\u044a\u0435\u043c M12, \u0432\u044b\u0445\u043e\u0434\u044b NPN \u0438\u043b\u0438 PNP NO\/NC. \u0414\u0430\u0442\u0447\u0438\u043a\u0438 S5N \u0432 \u0441\u043e\u0447\u0435\u0442\u0430\u043d\u0438\u0438 \u0441 \u043d\u043e\u0432\u043e\u0439 \u0443\u043d\u0438\u043a\u0430\u043b\u044c\u043d\u043e\u0439 \u0442\u0435\u0445\u043d\u043e\u043b\u043e\u0433\u0438\u0435\u0439 ASIC \u0434\u0435\u043b\u0430\u044e\u0442 \u0441\u0435\u043c\u0435\u0439\u0441\u0442\u0432\u043e M18 \u043f\u0435\u0440\u0432\u044b\u043c \u0441\u0435\u043c\u0435\u0439\u0441\u0442\u0432\u043e\u043c \u0434\u0430\u0442\u0447\u0438\u043a\u043e\u0432 IO-Link V1.1.<br \/>\nhttps:\/\/www.datalogic.com\/ <\/p>\n","protected":false},"featured_media":16631,"template":"","meta":{"_acf_changed":false},"product_brand":[],"product_cat":[3332],"product_tag":[],"manufacturers":[7811],"class_list":{"0":"post-36378","1":"product","2":"type-product","3":"status-publish","4":"has-post-thumbnail","6":"product_cat-3332","7":"pa_funktsionaalsus-3216","8":"pa_funktsioon-3330","9":"pa_kaitseklass-ip67-ru","10":"pa_kiir-3218","11":"pa_kontakt-1--1-","12":"pa_korpus-3193","13":"pa_kuju-3219","14":"pa_labimoot-18mm-ru","15":"pa_mootepiirkond-0-700mm-ru","16":"pa_seeria-s5n-ru","17":"pa_toide-10-30---","18":"pa_tootemperatuur-25-55c-ru","19":"pa_tootja-datalogic","20":"pa_uhendustuup--m12","21":"pa_valjund-pnp-ru","22":"manufacturers-datalogic-ru","24":"first","25":"instock","26":"taxable","27":"shipping-taxable","28":"purchasable","29":"product-type-simple"},"acf":[],"yoast_head":"<!-- This site is optimized with the Yoast SEO Premium plugin v25.4 (Yoast SEO v25.4) - https:\/\/yoast.com\/wordpress\/plugins\/seo\/ -->\n<title>S5N-PA-5-C01-PP \u0444\u043e\u0442\u043e\u0434\u0430\u0442\u0447\u0438\u043a; 10-30DC; \u043f\u043b\u0430\u0441\u0442\u0438\u043a\u043e\u0432\u044b\u0439 \u043a\u043e\u0440\u043f\u0443\u0441 M18; \u043e\u0442\u0440\u0430\u0436\u0435\u043d\u0438\u0435 \u043e\u0442 \u043e\u0431\u044a\u0435\u043a\u0442\u0430; \u043e\u0441\u0435\u0432\u043e\u0439; 0...700\u043c\u043c; PNP; NO\/NC; \u0434\u0438\u043c\u043c\u0435\u0440; \u0440\u0430\u0437\u044a\u0435\u043c M12 - Sakala T\u00f6\u00f6stusautomaatika O\u00dc<\/title>\n<meta name=\"robots\" content=\"index, follow, max-snippet:-1, max-image-preview:large, max-video-preview:-1\" \/>\n<link rel=\"canonical\" href=\"https:\/\/sakt.ee\/\u0422\u043e\u0443\u0434\/s5n-pa-5-c01-pp-fotoandur-10-30dc-m18-plastkorpus-objektilt-peegulduv-axial-0-700mm-pnp-no-nc-dimmer-m12-pistik\/\" \/>\n<meta property=\"og:locale\" content=\"ru_RU\" \/>\n<meta property=\"og:type\" content=\"article\" \/>\n<meta property=\"og:title\" content=\"S5N-PA-5-C01-PP \u0444\u043e\u0442\u043e\u0434\u0430\u0442\u0447\u0438\u043a; 10-30DC; \u043f\u043b\u0430\u0441\u0442\u0438\u043a\u043e\u0432\u044b\u0439 \u043a\u043e\u0440\u043f\u0443\u0441 M18; \u043e\u0442\u0440\u0430\u0436\u0435\u043d\u0438\u0435 \u043e\u0442 \u043e\u0431\u044a\u0435\u043a\u0442\u0430; \u043e\u0441\u0435\u0432\u043e\u0439; 0...700\u043c\u043c; PNP; NO\/NC; \u0434\u0438\u043c\u043c\u0435\u0440; \u0440\u0430\u0437\u044a\u0435\u043c M12\" \/>\n<meta property=\"og:description\" content=\"\u0424\u043e\u0442\u043e\u044d\u043b\u0435\u043a\u0442\u0440\u0438\u0447\u0435\u0441\u043a\u0438\u0435 \u0434\u0430\u0442\u0447\u0438\u043a\u0438 M18 \u043f\u043e-\u043f\u0440\u0435\u0436\u043d\u0435\u043c\u0443 \u043f\u0440\u0435\u0434\u043b\u0430\u0433\u0430\u044e\u0442 \u0441\u0430\u043c\u044b\u0439 \u0448\u0438\u0440\u043e\u043a\u0438\u0439 \u0432\u044b\u0431\u043e\u0440 \u0432 \u0441\u0432\u043e\u0435\u043c \u0441\u0435\u0433\u043c\u0435\u043d\u0442\u0435: \u043e\u0442\u0440\u0430\u0436\u0430\u0442\u0435\u043b\u044c \u0438\u043b\u0438 \u0440\u0435\u0444\u043b\u0435\u043a\u0442\u043e\u0440, \u043f\u0435\u0440\u0435\u0434\u0430\u0442\u0447\u0438\u043a-\u043f\u0440\u0438\u0435\u043c\u043d\u0438\u043a, \u043e\u0441\u0435\u0432\u0430\u044f \u0438\u043b\u0438 \u0440\u0430\u0434\u0438\u0430\u043b\u044c\u043d\u0430\u044f \u043e\u043f\u0442\u0438\u043a\u0430, \u043a\u0430\u0431\u0435\u043b\u044c \u0438\u043b\u0438 \u0440\u0430\u0437\u044a\u0435\u043c M12, \u0432\u044b\u0445\u043e\u0434\u044b NPN \u0438\u043b\u0438 PNP NO\/NC. \u0414\u0430\u0442\u0447\u0438\u043a\u0438 S5N \u0432 \u0441\u043e\u0447\u0435\u0442\u0430\u043d\u0438\u0438 \u0441 \u043d\u043e\u0432\u043e\u0439 \u0443\u043d\u0438\u043a\u0430\u043b\u044c\u043d\u043e\u0439 \u0442\u0435\u0445\u043d\u043e\u043b\u043e\u0433\u0438\u0435\u0439 ASIC \u0434\u0435\u043b\u0430\u044e\u0442 \u0441\u0435\u043c\u0435\u0439\u0441\u0442\u0432\u043e M18 \u043f\u0435\u0440\u0432\u044b\u043c \u0441\u0435\u043c\u0435\u0439\u0441\u0442\u0432\u043e\u043c \u0434\u0430\u0442\u0447\u0438\u043a\u043e\u0432 IO-Link V1.1. https:\/\/www.datalogic.com\/\" \/>\n<meta property=\"og:url\" content=\"https:\/\/sakt.ee\/\u0422\u043e\u0443\u0434\/s5n-pa-5-c01-pp-fotoandur-10-30dc-m18-plastkorpus-objektilt-peegulduv-axial-0-700mm-pnp-no-nc-dimmer-m12-pistik\/\" \/>\n<meta property=\"og:site_name\" content=\"Sakala T\u00f6\u00f6stusautomaatika O\u00dc\" \/>\n<meta property=\"article:modified_time\" content=\"2025-11-25T10:16:57+00:00\" \/>\n<meta property=\"og:image\" content=\"https:\/\/sakt.ee\/wp-content\/uploads\/2025\/05\/4875.jpg\" \/>\n\t<meta property=\"og:image:width\" content=\"340\" \/>\n\t<meta property=\"og:image:height\" content=\"316\" \/>\n\t<meta property=\"og:image:type\" content=\"image\/jpeg\" \/>\n<meta name=\"twitter:card\" content=\"summary_large_image\" \/>\n<meta name=\"twitter:label1\" content=\"\u0426\u0435\u043d\u0430\" \/>\n\t<meta name=\"twitter:data1\" content=\"66,60&euro; +KM\" \/>\n\t<meta name=\"twitter:label2\" content=\"\u0414\u043e\u0441\u0442\u0443\u043f\u043d\u043e\u0441\u0442\u044c\" \/>\n\t<meta name=\"twitter:data2\" content=\"\u0412 \u043d\u0430\u043b\u0438\u0447\u0438\u0438\" \/>\n<script type=\"application\/ld+json\" class=\"yoast-schema-graph\">{\"@context\":\"https:\/\/schema.org\",\"@graph\":[{\"@type\":\"WebPage\",\"@id\":\"https:\/\/sakt.ee\/\u0422\u043e\u0443\u0434\/s5n-pa-5-c01-pp-fotoandur-10-30dc-m18-plastkorpus-objektilt-peegulduv-axial-0-700mm-pnp-no-nc-dimmer-m12-pistik\/\",\"url\":\"https:\/\/sakt.ee\/\u0422\u043e\u0443\u0434\/s5n-pa-5-c01-pp-fotoandur-10-30dc-m18-plastkorpus-objektilt-peegulduv-axial-0-700mm-pnp-no-nc-dimmer-m12-pistik\/\",\"name\":\"S5N-PA-5-C01-PP \u0444\u043e\u0442\u043e\u0434\u0430\u0442\u0447\u0438\u043a; 10-30DC; \u043f\u043b\u0430\u0441\u0442\u0438\u043a\u043e\u0432\u044b\u0439 \u043a\u043e\u0440\u043f\u0443\u0441 M18; \u043e\u0442\u0440\u0430\u0436\u0435\u043d\u0438\u0435 \u043e\u0442 \u043e\u0431\u044a\u0435\u043a\u0442\u0430; \u043e\u0441\u0435\u0432\u043e\u0439; 0...700\u043c\u043c; PNP; NO\/NC; \u0434\u0438\u043c\u043c\u0435\u0440; \u0440\u0430\u0437\u044a\u0435\u043c M12 - Sakala T\u00f6\u00f6stusautomaatika O\u00dc\",\"isPartOf\":{\"@id\":\"https:\/\/sakt.ee\/en\/#website\"},\"primaryImageOfPage\":{\"@id\":\"https:\/\/sakt.ee\/\u0422\u043e\u0443\u0434\/s5n-pa-5-c01-pp-fotoandur-10-30dc-m18-plastkorpus-objektilt-peegulduv-axial-0-700mm-pnp-no-nc-dimmer-m12-pistik\/#primaryimage\"},\"image\":{\"@id\":\"https:\/\/sakt.ee\/\u0422\u043e\u0443\u0434\/s5n-pa-5-c01-pp-fotoandur-10-30dc-m18-plastkorpus-objektilt-peegulduv-axial-0-700mm-pnp-no-nc-dimmer-m12-pistik\/#primaryimage\"},\"thumbnailUrl\":\"https:\/\/sakt.ee\/wp-content\/uploads\/2025\/05\/4875.jpg\",\"datePublished\":\"2025-05-16T12:04:53+00:00\",\"dateModified\":\"2025-11-25T10:16:57+00:00\",\"breadcrumb\":{\"@id\":\"https:\/\/sakt.ee\/\u0422\u043e\u0443\u0434\/s5n-pa-5-c01-pp-fotoandur-10-30dc-m18-plastkorpus-objektilt-peegulduv-axial-0-700mm-pnp-no-nc-dimmer-m12-pistik\/#breadcrumb\"},\"inLanguage\":\"ru-RU\",\"potentialAction\":[{\"@type\":\"ReadAction\",\"target\":[\"https:\/\/sakt.ee\/\u0422\u043e\u0443\u0434\/s5n-pa-5-c01-pp-fotoandur-10-30dc-m18-plastkorpus-objektilt-peegulduv-axial-0-700mm-pnp-no-nc-dimmer-m12-pistik\/\"]}]},{\"@type\":\"ImageObject\",\"inLanguage\":\"ru-RU\",\"@id\":\"https:\/\/sakt.ee\/\u0422\u043e\u0443\u0434\/s5n-pa-5-c01-pp-fotoandur-10-30dc-m18-plastkorpus-objektilt-peegulduv-axial-0-700mm-pnp-no-nc-dimmer-m12-pistik\/#primaryimage\",\"url\":\"https:\/\/sakt.ee\/wp-content\/uploads\/2025\/05\/4875.jpg\",\"contentUrl\":\"https:\/\/sakt.ee\/wp-content\/uploads\/2025\/05\/4875.jpg\",\"width\":340,\"height\":316},{\"@type\":\"BreadcrumbList\",\"@id\":\"https:\/\/sakt.ee\/\u0422\u043e\u0443\u0434\/s5n-pa-5-c01-pp-fotoandur-10-30dc-m18-plastkorpus-objektilt-peegulduv-axial-0-700mm-pnp-no-nc-dimmer-m12-pistik\/#breadcrumb\",\"itemListElement\":[{\"@type\":\"ListItem\",\"position\":1,\"name\":\"Home\",\"item\":\"https:\/\/sakt.ee\/\"},{\"@type\":\"ListItem\",\"position\":2,\"name\":\"\u041c\u0430\u0433\u0430\u0437\u0438\u043d\",\"item\":\"https:\/\/sakt.ee\/ru\/\u043c\u0430\u0433\u0430\u0437\u0438\u043d\/\"},{\"@type\":\"ListItem\",\"position\":3,\"name\":\"S5N-PA-5-C01-PP \u0444\u043e\u0442\u043e\u0434\u0430\u0442\u0447\u0438\u043a; 10-30DC; \u043f\u043b\u0430\u0441\u0442\u0438\u043a\u043e\u0432\u044b\u0439 \u043a\u043e\u0440\u043f\u0443\u0441 M18; \u043e\u0442\u0440\u0430\u0436\u0435\u043d\u0438\u0435 \u043e\u0442 \u043e\u0431\u044a\u0435\u043a\u0442\u0430; \u043e\u0441\u0435\u0432\u043e\u0439; 0&#8230;700\u043c\u043c; PNP; NO\/NC; \u0434\u0438\u043c\u043c\u0435\u0440; \u0440\u0430\u0437\u044a\u0435\u043c M12\"}]},{\"@type\":\"WebSite\",\"@id\":\"https:\/\/sakt.ee\/en\/#website\",\"url\":\"https:\/\/sakt.ee\/en\/\",\"name\":\"Sakala T\u00f6\u00f6stusautomaatika O\u00dc\",\"description\":\"T\u00f6\u00f6stusautomaatika e-pood\",\"publisher\":{\"@id\":\"https:\/\/sakt.ee\/en\/#organization\"},\"potentialAction\":[{\"@type\":\"SearchAction\",\"target\":{\"@type\":\"EntryPoint\",\"urlTemplate\":\"https:\/\/sakt.ee\/en\/?s={search_term_string}\"},\"query-input\":{\"@type\":\"PropertyValueSpecification\",\"valueRequired\":true,\"valueName\":\"search_term_string\"}}],\"inLanguage\":\"ru-RU\"},{\"@type\":\"Organization\",\"@id\":\"https:\/\/sakt.ee\/en\/#organization\",\"name\":\"Sakala T\u00f6\u00f6stusautomaatika O\u00dc\",\"url\":\"https:\/\/sakt.ee\/en\/\",\"logo\":{\"@type\":\"ImageObject\",\"inLanguage\":\"ru-RU\",\"@id\":\"https:\/\/sakt.ee\/en\/#\/schema\/logo\/image\/\",\"url\":\"https:\/\/sakt.ee\/wp-content\/uploads\/2025\/05\/Sakala-Toostusautomaatika-favicon.png\",\"contentUrl\":\"https:\/\/sakt.ee\/wp-content\/uploads\/2025\/05\/Sakala-Toostusautomaatika-favicon.png\",\"width\":500,\"height\":500,\"caption\":\"Sakala T\u00f6\u00f6stusautomaatika O\u00dc\"},\"image\":{\"@id\":\"https:\/\/sakt.ee\/en\/#\/schema\/logo\/image\/\"}}]}<\/script>\n<meta property=\"product:price:amount\" content=\"66.60\" \/>\n<meta property=\"product:price:currency\" content=\"EUR\" \/>\n<meta property=\"og:availability\" content=\"instock\" \/>\n<meta property=\"product:availability\" content=\"instock\" \/>\n<meta property=\"product:retailer_item_id\" content=\"952001061\" \/>\n<meta property=\"product:condition\" content=\"new\" \/>\n<!-- \/ Yoast SEO Premium plugin. -->","yoast_head_json":{"title":"S5N-PA-5-C01-PP \u0444\u043e\u0442\u043e\u0434\u0430\u0442\u0447\u0438\u043a; 10-30DC; \u043f\u043b\u0430\u0441\u0442\u0438\u043a\u043e\u0432\u044b\u0439 \u043a\u043e\u0440\u043f\u0443\u0441 M18; \u043e\u0442\u0440\u0430\u0436\u0435\u043d\u0438\u0435 \u043e\u0442 \u043e\u0431\u044a\u0435\u043a\u0442\u0430; \u043e\u0441\u0435\u0432\u043e\u0439; 0...700\u043c\u043c; PNP; NO\/NC; \u0434\u0438\u043c\u043c\u0435\u0440; \u0440\u0430\u0437\u044a\u0435\u043c M12 - Sakala T\u00f6\u00f6stusautomaatika O\u00dc","robots":{"index":"index","follow":"follow","max-snippet":"max-snippet:-1","max-image-preview":"max-image-preview:large","max-video-preview":"max-video-preview:-1"},"canonical":"https:\/\/sakt.ee\/\u0422\u043e\u0443\u0434\/s5n-pa-5-c01-pp-fotoandur-10-30dc-m18-plastkorpus-objektilt-peegulduv-axial-0-700mm-pnp-no-nc-dimmer-m12-pistik\/","og_locale":"ru_RU","og_type":"article","og_title":"S5N-PA-5-C01-PP \u0444\u043e\u0442\u043e\u0434\u0430\u0442\u0447\u0438\u043a; 10-30DC; \u043f\u043b\u0430\u0441\u0442\u0438\u043a\u043e\u0432\u044b\u0439 \u043a\u043e\u0440\u043f\u0443\u0441 M18; \u043e\u0442\u0440\u0430\u0436\u0435\u043d\u0438\u0435 \u043e\u0442 \u043e\u0431\u044a\u0435\u043a\u0442\u0430; \u043e\u0441\u0435\u0432\u043e\u0439; 0...700\u043c\u043c; PNP; NO\/NC; \u0434\u0438\u043c\u043c\u0435\u0440; \u0440\u0430\u0437\u044a\u0435\u043c M12","og_description":"\u0424\u043e\u0442\u043e\u044d\u043b\u0435\u043a\u0442\u0440\u0438\u0447\u0435\u0441\u043a\u0438\u0435 \u0434\u0430\u0442\u0447\u0438\u043a\u0438 M18 \u043f\u043e-\u043f\u0440\u0435\u0436\u043d\u0435\u043c\u0443 \u043f\u0440\u0435\u0434\u043b\u0430\u0433\u0430\u044e\u0442 \u0441\u0430\u043c\u044b\u0439 \u0448\u0438\u0440\u043e\u043a\u0438\u0439 \u0432\u044b\u0431\u043e\u0440 \u0432 \u0441\u0432\u043e\u0435\u043c \u0441\u0435\u0433\u043c\u0435\u043d\u0442\u0435: \u043e\u0442\u0440\u0430\u0436\u0430\u0442\u0435\u043b\u044c \u0438\u043b\u0438 \u0440\u0435\u0444\u043b\u0435\u043a\u0442\u043e\u0440, \u043f\u0435\u0440\u0435\u0434\u0430\u0442\u0447\u0438\u043a-\u043f\u0440\u0438\u0435\u043c\u043d\u0438\u043a, \u043e\u0441\u0435\u0432\u0430\u044f \u0438\u043b\u0438 \u0440\u0430\u0434\u0438\u0430\u043b\u044c\u043d\u0430\u044f \u043e\u043f\u0442\u0438\u043a\u0430, \u043a\u0430\u0431\u0435\u043b\u044c \u0438\u043b\u0438 \u0440\u0430\u0437\u044a\u0435\u043c M12, \u0432\u044b\u0445\u043e\u0434\u044b NPN \u0438\u043b\u0438 PNP NO\/NC. \u0414\u0430\u0442\u0447\u0438\u043a\u0438 S5N \u0432 \u0441\u043e\u0447\u0435\u0442\u0430\u043d\u0438\u0438 \u0441 \u043d\u043e\u0432\u043e\u0439 \u0443\u043d\u0438\u043a\u0430\u043b\u044c\u043d\u043e\u0439 \u0442\u0435\u0445\u043d\u043e\u043b\u043e\u0433\u0438\u0435\u0439 ASIC \u0434\u0435\u043b\u0430\u044e\u0442 \u0441\u0435\u043c\u0435\u0439\u0441\u0442\u0432\u043e M18 \u043f\u0435\u0440\u0432\u044b\u043c \u0441\u0435\u043c\u0435\u0439\u0441\u0442\u0432\u043e\u043c \u0434\u0430\u0442\u0447\u0438\u043a\u043e\u0432 IO-Link V1.1. https:\/\/www.datalogic.com\/","og_url":"https:\/\/sakt.ee\/\u0422\u043e\u0443\u0434\/s5n-pa-5-c01-pp-fotoandur-10-30dc-m18-plastkorpus-objektilt-peegulduv-axial-0-700mm-pnp-no-nc-dimmer-m12-pistik\/","og_site_name":"Sakala T\u00f6\u00f6stusautomaatika O\u00dc","article_modified_time":"2025-11-25T10:16:57+00:00","og_image":[{"width":340,"height":316,"url":"https:\/\/sakt.ee\/wp-content\/uploads\/2025\/05\/4875.jpg","type":"image\/jpeg"}],"twitter_card":"summary_large_image","twitter_misc":{"\u0426\u0435\u043d\u0430":"66,60&euro; +KM","\u0414\u043e\u0441\u0442\u0443\u043f\u043d\u043e\u0441\u0442\u044c":"\u0412 \u043d\u0430\u043b\u0438\u0447\u0438\u0438"},"schema":{"@context":"https:\/\/schema.org","@graph":[{"@type":"WebPage","@id":"https:\/\/sakt.ee\/\u0422\u043e\u0443\u0434\/s5n-pa-5-c01-pp-fotoandur-10-30dc-m18-plastkorpus-objektilt-peegulduv-axial-0-700mm-pnp-no-nc-dimmer-m12-pistik\/","url":"https:\/\/sakt.ee\/\u0422\u043e\u0443\u0434\/s5n-pa-5-c01-pp-fotoandur-10-30dc-m18-plastkorpus-objektilt-peegulduv-axial-0-700mm-pnp-no-nc-dimmer-m12-pistik\/","name":"S5N-PA-5-C01-PP \u0444\u043e\u0442\u043e\u0434\u0430\u0442\u0447\u0438\u043a; 10-30DC; \u043f\u043b\u0430\u0441\u0442\u0438\u043a\u043e\u0432\u044b\u0439 \u043a\u043e\u0440\u043f\u0443\u0441 M18; \u043e\u0442\u0440\u0430\u0436\u0435\u043d\u0438\u0435 \u043e\u0442 \u043e\u0431\u044a\u0435\u043a\u0442\u0430; \u043e\u0441\u0435\u0432\u043e\u0439; 0...700\u043c\u043c; PNP; NO\/NC; \u0434\u0438\u043c\u043c\u0435\u0440; \u0440\u0430\u0437\u044a\u0435\u043c M12 - Sakala T\u00f6\u00f6stusautomaatika O\u00dc","isPartOf":{"@id":"https:\/\/sakt.ee\/en\/#website"},"primaryImageOfPage":{"@id":"https:\/\/sakt.ee\/\u0422\u043e\u0443\u0434\/s5n-pa-5-c01-pp-fotoandur-10-30dc-m18-plastkorpus-objektilt-peegulduv-axial-0-700mm-pnp-no-nc-dimmer-m12-pistik\/#primaryimage"},"image":{"@id":"https:\/\/sakt.ee\/\u0422\u043e\u0443\u0434\/s5n-pa-5-c01-pp-fotoandur-10-30dc-m18-plastkorpus-objektilt-peegulduv-axial-0-700mm-pnp-no-nc-dimmer-m12-pistik\/#primaryimage"},"thumbnailUrl":"https:\/\/sakt.ee\/wp-content\/uploads\/2025\/05\/4875.jpg","datePublished":"2025-05-16T12:04:53+00:00","dateModified":"2025-11-25T10:16:57+00:00","breadcrumb":{"@id":"https:\/\/sakt.ee\/\u0422\u043e\u0443\u0434\/s5n-pa-5-c01-pp-fotoandur-10-30dc-m18-plastkorpus-objektilt-peegulduv-axial-0-700mm-pnp-no-nc-dimmer-m12-pistik\/#breadcrumb"},"inLanguage":"ru-RU","potentialAction":[{"@type":"ReadAction","target":["https:\/\/sakt.ee\/\u0422\u043e\u0443\u0434\/s5n-pa-5-c01-pp-fotoandur-10-30dc-m18-plastkorpus-objektilt-peegulduv-axial-0-700mm-pnp-no-nc-dimmer-m12-pistik\/"]}]},{"@type":"ImageObject","inLanguage":"ru-RU","@id":"https:\/\/sakt.ee\/\u0422\u043e\u0443\u0434\/s5n-pa-5-c01-pp-fotoandur-10-30dc-m18-plastkorpus-objektilt-peegulduv-axial-0-700mm-pnp-no-nc-dimmer-m12-pistik\/#primaryimage","url":"https:\/\/sakt.ee\/wp-content\/uploads\/2025\/05\/4875.jpg","contentUrl":"https:\/\/sakt.ee\/wp-content\/uploads\/2025\/05\/4875.jpg","width":340,"height":316},{"@type":"BreadcrumbList","@id":"https:\/\/sakt.ee\/\u0422\u043e\u0443\u0434\/s5n-pa-5-c01-pp-fotoandur-10-30dc-m18-plastkorpus-objektilt-peegulduv-axial-0-700mm-pnp-no-nc-dimmer-m12-pistik\/#breadcrumb","itemListElement":[{"@type":"ListItem","position":1,"name":"Home","item":"https:\/\/sakt.ee\/"},{"@type":"ListItem","position":2,"name":"\u041c\u0430\u0433\u0430\u0437\u0438\u043d","item":"https:\/\/sakt.ee\/ru\/\u043c\u0430\u0433\u0430\u0437\u0438\u043d\/"},{"@type":"ListItem","position":3,"name":"S5N-PA-5-C01-PP \u0444\u043e\u0442\u043e\u0434\u0430\u0442\u0447\u0438\u043a; 10-30DC; \u043f\u043b\u0430\u0441\u0442\u0438\u043a\u043e\u0432\u044b\u0439 \u043a\u043e\u0440\u043f\u0443\u0441 M18; \u043e\u0442\u0440\u0430\u0436\u0435\u043d\u0438\u0435 \u043e\u0442 \u043e\u0431\u044a\u0435\u043a\u0442\u0430; \u043e\u0441\u0435\u0432\u043e\u0439; 0&#8230;700\u043c\u043c; PNP; NO\/NC; \u0434\u0438\u043c\u043c\u0435\u0440; \u0440\u0430\u0437\u044a\u0435\u043c M12"}]},{"@type":"WebSite","@id":"https:\/\/sakt.ee\/en\/#website","url":"https:\/\/sakt.ee\/en\/","name":"Sakala T\u00f6\u00f6stusautomaatika O\u00dc","description":"T\u00f6\u00f6stusautomaatika e-pood","publisher":{"@id":"https:\/\/sakt.ee\/en\/#organization"},"potentialAction":[{"@type":"SearchAction","target":{"@type":"EntryPoint","urlTemplate":"https:\/\/sakt.ee\/en\/?s={search_term_string}"},"query-input":{"@type":"PropertyValueSpecification","valueRequired":true,"valueName":"search_term_string"}}],"inLanguage":"ru-RU"},{"@type":"Organization","@id":"https:\/\/sakt.ee\/en\/#organization","name":"Sakala T\u00f6\u00f6stusautomaatika O\u00dc","url":"https:\/\/sakt.ee\/en\/","logo":{"@type":"ImageObject","inLanguage":"ru-RU","@id":"https:\/\/sakt.ee\/en\/#\/schema\/logo\/image\/","url":"https:\/\/sakt.ee\/wp-content\/uploads\/2025\/05\/Sakala-Toostusautomaatika-favicon.png","contentUrl":"https:\/\/sakt.ee\/wp-content\/uploads\/2025\/05\/Sakala-Toostusautomaatika-favicon.png","width":500,"height":500,"caption":"Sakala T\u00f6\u00f6stusautomaatika O\u00dc"},"image":{"@id":"https:\/\/sakt.ee\/en\/#\/schema\/logo\/image\/"}}]},"product_price_amount":"66.60","product_price_currency":"EUR","og_availability":"instock","product_availability":"instock","product_retailer_item_id":"952001061","product_condition":"new"},"_links":{"self":[{"href":"https:\/\/sakt.ee\/ru\/wp-json\/wp\/v2\/product\/36378","targetHints":{"allow":["GET"]}}],"collection":[{"href":"https:\/\/sakt.ee\/ru\/wp-json\/wp\/v2\/product"}],"about":[{"href":"https:\/\/sakt.ee\/ru\/wp-json\/wp\/v2\/types\/product"}],"version-history":[{"count":0,"href":"https:\/\/sakt.ee\/ru\/wp-json\/wp\/v2\/product\/36378\/revisions"}],"wp:featuredmedia":[{"embeddable":true,"href":"https:\/\/sakt.ee\/ru\/wp-json\/wp\/v2\/media\/16631"}],"wp:attachment":[{"href":"https:\/\/sakt.ee\/ru\/wp-json\/wp\/v2\/media?parent=36378"}],"wp:term":[{"taxonomy":"product_brand","embeddable":true,"href":"https:\/\/sakt.ee\/ru\/wp-json\/wp\/v2\/product_brand?post=36378"},{"taxonomy":"product_cat","embeddable":true,"href":"https:\/\/sakt.ee\/ru\/wp-json\/wp\/v2\/product_cat?post=36378"},{"taxonomy":"product_tag","embeddable":true,"href":"https:\/\/sakt.ee\/ru\/wp-json\/wp\/v2\/product_tag?post=36378"},{"taxonomy":"manufacturers","embeddable":true,"href":"https:\/\/sakt.ee\/ru\/wp-json\/wp\/v2\/manufacturers?post=36378"}],"curies":[{"name":"wp","href":"https:\/\/api.w.org\/{rel}","templated":true}]}}