{"id":45965,"date":"2018-04-20T16:30:52","date_gmt":"2018-04-20T16:30:52","guid":{"rendered":"https:\/\/sakt.ee\/%d1%83%d1%81%d0%bb%d1%83%d0%b3%d0%b8\/"},"modified":"2018-04-20T16:30:52","modified_gmt":"2018-04-20T16:30:52","slug":"%d1%83%d1%81%d0%bb%d1%83%d0%b3%d0%b8","status":"publish","type":"page","link":"https:\/\/sakt.ee\/ru\/%d1%83%d1%81%d0%bb%d1%83%d0%b3%d0%b8\/","title":{"rendered":"\u0423\u0441\u043b\u0443\u0433\u0438"},"content":{"rendered":"<p>[vc_row css=\".vc_custom_1512573788615{padding-top: 30px !important;padding-bottom: 90px !important;}\"][vc_column width=\"1\/6&#8243;][\/vc_column][vc_column width=\"2\/3&#8243;][wd_empty_spaces height_mobile=\"58&#8243; height_tablet=\"58&#8243; height_desktop=\"58&#8243;][wd_headings headings_title=\"{innovative consumption management processes }\" headings_title_tag=\"h4&#8243; headings_subtitle=\"Ut wisi enim ad minim veniam, quis nostrud exerci tation ullamcorperadipiscing elit, sed diam nonummy nibh suscipit lobortis nisl ut aliquip ex ea commodo consequat.\" headings_subtitle_tag=\"h3&#8243; headings_layout=\"t-only\" wd_heading_font_weight=\"900&#8243; wd_heading_color=\"#242424&#8243; wd_heading_text_transform=\"Uppercase\" wd_sub_heading_font_weight=\"400&#8243; wd_sub_heading_color=\"#878383&#8243; wd_heading_spacing=\"40&#8243; wd_sub_heading_font_size=\"12&#8243; wd_heading_font_size=\"27&#8243;][wd_empty_spaces height_mobile=\"30&#8243; height_tablet=\"30&#8243; height_desktop=\"30&#8243;][wd_headings headings_title=\"\" headings_title_tag=\"h4&#8243; headings_subtitle=\"Ut Wisi enum ad minim veniam,quis nostrud exercitation ullamcor peradipiscing ellit sed.diam nonumuy nibh Suscripit. lobortis nisl ut aliquip ex ea commodo consequant\" headings_subtitle_tag=\"p\" wd_heading_font_weight=\"300&#8243; wd_heading_color=\"#878383&#8243; wd_sub_heading_font_weight=\"300&#8243; wd_sub_heading_color=\"#878383&#8243; wd_sub_heading_line_height=\"26&#8243; heading_extraclass=\"padding_heading\" wd_heading_spacing=\"40&#8243; wd_sub_heading_font_size=\"16&#8243; wd_heading_font_size=\"15&#8243;][wd_empty_spaces height_mobile=\"10&#8243; height_tablet=\"10&#8243; height_desktop=\"40&#8243;][\/vc_column][vc_column width=\"1\/6&#8243;][\/vc_column][\/vc_row][vc_row el_class=\"__row-has-m\"][vc_column width=\"1\/3&#8243;][wd_image_with_text layout=\"4&#8243; title=\"\u041e\u0431\u0441\u043b\u0443\u0436\u0438\u0432\u0430\u043d\u0438\u0435 \u0438 \u0440\u0435\u043c\u043e\u043d\u0442 \u043e\u0431\u043e\u0440\u0443\u0434\u043e\u0432\u0430\u043d\u0438\u044f\" image=\"510&#8243; url=\"#\" text=\"\u041e\u043f\u0442\u0438\u043c\u0438\u0437\u0438\u0440\u0443\u0439\u0442\u0435 \u043f\u0440\u043e\u0446\u0435\u0441\u0441 \u0430\u0440\u0435\u043d\u0434\u044b \u0438 \u0432\u044b\u0441\u0442\u0430\u0432\u043b\u0435\u043d\u0438\u044f \u0441\u0447\u0435\u0442\u043e\u0432&#8230;\" icon=\"fa fa-rocket\"][wd_empty_spaces height_mobile=\"0&#8243; height_tablet=\"10&#8243; height_desktop=\"30&#8243;][wd_image_with_text layout=\"4&#8243; title=\"\u0418\u0437\u043c\u0435\u0440\u0435\u043d\u0438\u0435 \u043f\u0440\u0438\u0431\u044b\u043b\u044c\u043d\u044b\u0445 \u0440\u0435\u0437\u0443\u043b\u044c\u0442\u0430\u0442\u043e\u0432\" image=\"514&#8243; url=\"#\" text=\"\u0410\u0443\u0434\u0438\u0442 \u0438 \u0441\u043e\u043a\u0440\u0430\u0449\u0435\u043d\u0438\u0435 \u0440\u0430\u0441\u0445\u043e\u0434\u043e\u0432 \u043d\u0430 \u0430\u0440\u0435\u043d\u0434\u0443 \u0438 \u0442\u0440\u0430\u043d\u0441\u0430&#8230;\" icon=\"fa fa-refresh\"][\/vc_column][vc_column width=\"1\/3&#8243;][wd_image_with_text layout=\"4&#8243; title=\"\u0423\u043f\u0440\u0430\u0432\u043b\u044f\u0439\u0442\u0435 \u0441\u0432\u043e\u0438\u043c \u0430\u0432\u0442\u043e\u043f\u0430\u0440\u043a\u043e\u043c\" image=\"512&#8243; url=\"#\" text=\"\u0411\u0443\u0434\u044c\u0442\u0435 \u043f\u0440\u043e\u0430\u043a\u0442\u0438\u0432\u043d\u043e \u0438\u043d\u0444\u043e\u0440\u043c\u0438\u0440\u043e\u0432\u0430\u043d\u044b, \u043e\u043f\u0438\u0440\u0430\u044f\u0441\u044c \u043d\u0430 \u0431\u0438\u0437\u043d\u0435\u0441.\" icon=\"fa fa-snowflake-o\"][wd_empty_spaces height_mobile=\"0&#8243; height_tablet=\"10&#8243; height_desktop=\"30&#8243;][wd_image_with_text layout=\"4&#8243; title=\"\u041e\u0431\u0435\u0441\u043f\u0435\u0447\u044c\u0442\u0435 \u043c\u0430\u043a\u0441\u0438\u043c\u0430\u043b\u044c\u043d\u0443\u044e \u043f\u0440\u043e\u0438\u0437\u0432\u043e\u0434\u0438\u0442\u0435\u043b\u044c\u043d\u043e\u0441\u0442\u044c\" image=\"515&#8243; url=\"#\" text=\"\u041f\u0440\u0435\u0434\u043e\u0442\u0432\u0440\u0430\u0442\u0438\u0442\u0435 \u0434\u043e\u043f\u043e\u043b\u043d\u0438\u0442\u0435\u043b\u044c\u043d\u044b\u0435 \u0434\u043d\u0438 \u0430\u0440\u0435\u043d\u0434\u044b \u0438 \u0440\u0430\u0441\u0445\u043e\u0434\u044b \u043d\u0430 \u043d\u0435\u0438\u0441\u043f\u043e\u043b\u044c\u0437\u0443\u0435\u043c\u044b\u0435&#8230;\" icon=\"fa fa-home\"][\/vc_column][vc_column width=\"1\/3&#8243;][wd_image_with_text layout=\"4&#8243; title=\"\u041f\u043b\u0430\u043d \u0437\u0430\u0449\u0438\u0442\u044b \u0430\u0440\u0435\u043d\u0434\u044b (RPP)\" image=\"513&#8243; url=\"#\" text=\"\u0420\u0430\u0441\u043f\u0440\u0435\u0434\u0435\u043b\u0438\u0442\u0435 \u0440\u0430\u0441\u0445\u043e\u0434\u044b \u043c\u0435\u0436\u0434\u0443 \u0440\u0430\u0437\u043d\u044b\u043c\u0438 \u0440\u0430\u0431\u043e\u0442\u0430\u043c\u0438, \u0447\u0442\u043e\u0431\u044b \u043b\u0443\u0447\u0448\u0435 &#8230;\" icon=\"fa fa-cog\"][wd_empty_spaces height_mobile=\"0&#8243; height_tablet=\"10&#8243; height_desktop=\"30&#8243;][wd_image_with_text layout=\"4&#8243; title=\"\u0422\u043e\u0447\u043d\u043e\u0435 \u043e\u043f\u0440\u0435\u0434\u0435\u043b\u0435\u043d\u0438\u0435 \u043c\u0435\u0441\u0442\u043e\u043f\u043e\u043b\u043e\u0436\u0435\u043d\u0438\u044f\" image=\"516&#8243; url=\"#\" text=\"\u043d\u0430\u0431\u043e\u0440 \u0442\u0435\u043a\u0441\u0442\u0430, \u043e\u0441\u0442\u0430\u0432\u0430\u044f\u0441\u044c \u043f\u0440\u0430\u043a\u0442\u0438\u0447\u0435\u0441\u043a\u0438 \u043d\u0435\u0438\u0437\u043c\u0435\u043d\u043d\u044b\u043c\" icon=\"fa fa-bar-chart\"][\/vc_column][\/vc_row][vc_row full_width=\"stretch_row_content\" css=\".vc_custom_1524068416511{background-position: center !important;background-repeat: no-repeat !important;background-size: cover !important;}\" el_class=\"trucks\"][vc_column css=\".vc_custom_1522757496497{padding-top: 0px !important;}\"][wd_empty_spaces height_mobile=\"30&#8243; height_tablet=\"40&#8243; height_desktop=\"88&#8243;][vc_btn title=\"\u041d\u0430\u0439\u0442\u0438 \u0431\u043e\u043b\u044c\u0448\u0435\" style=\"custom\" custom_background=\"#febc01&#8243; custom_text=\"#000000&#8243; shape=\"round\" align=\"center\" el_class=\"find-more-btn\"][wd_empty_spaces height_mobile=\"80&#8243; height_tablet=\"80&#8243; height_desktop=\"95&#8243;][\/vc_column][\/vc_row][vc_row full_width=\"stretch_row\" el_class=\"gradient-row\"][vc_column css=\".vc_custom_1523273462671{padding-top: 0px !important;}\"][wd_empty_spaces height_mobile=\"40&#8243; height_tablet=\"40&#8243; height_desktop=\"40&#8243;][wd_headings headings_title=\"Industries We Serve\" headings_layout=\"t-only\" wd_heading_font_weight=\"800&#8243; wd_heading_color=\"#000000&#8243; wd_heading_text_transform=\"Uppercase\" wd_sub_heading_font_weight=\"400&#8243; wd_heading_font_size=\"32&#8243;][wd_empty_spaces height_mobile=\"50&#8243; height_tablet=\"50&#8243; height_desktop=\"50&#8243;][vc_row_inner][vc_column_inner width=\"1\/4&#8243;][wd_icon_text icon=\"fa-male\" layout=\"1&#8243; title=\"\u0411\u0430\u043d\u043a\u0438 \u0438 \u0444\u0438\u043d\u0430\u043d\u0441\u044b\" text=\"\u0411\u0430\u043d\u043a\u0438 \u0438 \u0444\u0438\u043d\u0430\u043d\u0441\u043e\u0432\u044b\u0435 \u0443\u0447\u0440\u0435\u0436\u0434\u0435\u043d\u0438\u044f \u0440\u0430\u0431\u043e\u0442\u0430\u044e\u0442 \u0432 \u0441\u043b\u043e\u0436\u043d\u043e\u0439 \u0438 \u0434\u0438\u043d\u0430\u043c\u0438\u0447\u043d\u043e\u0439 \u0441\u0440\u0435\u0434\u0435 \u0441&#8230;\"][\/vc_column_inner][vc_column_inner width=\"1\/4&#8243;][wd_icon_text icon=\"fa-road\" layout=\"1&#8243; title=\"\u0411\u0430\u043d\u043a\u0438 \u0438 \u0444\u0438\u043d\u0430\u043d\u0441\u044b\" text=\"\u0411\u0430\u043d\u043a\u0438 \u0438 \u0444\u0438\u043d\u0430\u043d\u0441\u043e\u0432\u044b\u0435 \u0443\u0447\u0440\u0435\u0436\u0434\u0435\u043d\u0438\u044f \u0440\u0430\u0431\u043e\u0442\u0430\u044e\u0442 \u0432 \u0441\u043b\u043e\u0436\u043d\u043e\u0439 \u0438 \u0434\u0438\u043d\u0430\u043c\u0438\u0447\u043d\u043e\u0439 \u0441\u0440\u0435\u0434\u0435 \u0441&#8230;\"][\/vc_column_inner][vc_column_inner width=\"1\/4&#8243;][wd_icon_text icon=\"fa-key\" layout=\"1&#8243; title=\"\u0411\u0430\u043d\u043a\u0438 \u0438 \u0444\u0438\u043d\u0430\u043d\u0441\u044b\" text=\"\u0411\u0430\u043d\u043a\u0438 \u0438 \u0444\u0438\u043d\u0430\u043d\u0441\u043e\u0432\u044b\u0435 \u0443\u0447\u0440\u0435\u0436\u0434\u0435\u043d\u0438\u044f \u0440\u0430\u0431\u043e\u0442\u0430\u044e\u0442 \u0432 \u0441\u043b\u043e\u0436\u043d\u043e\u0439 \u0438 \u0434\u0438\u043d\u0430\u043c\u0438\u0447\u043d\u043e\u0439 \u0441\u0440\u0435\u0434\u0435 \u0441&#8230;\"][\/vc_column_inner][vc_column_inner width=\"1\/4&#8243;][wd_icon_text icon=\"fa-map-marker\" layout=\"1&#8243; title=\"\u0411\u0430\u043d\u043a\u0438 \u0438 \u0444\u0438\u043d\u0430\u043d\u0441\u044b\" text=\"\u0411\u0430\u043d\u043a\u0438 \u0438 \u0444\u0438\u043d\u0430\u043d\u0441\u043e\u0432\u044b\u0435 \u0443\u0447\u0440\u0435\u0436\u0434\u0435\u043d\u0438\u044f \u0440\u0430\u0431\u043e\u0442\u0430\u044e\u0442 \u0432 \u0441\u043b\u043e\u0436\u043d\u043e\u0439 \u0438 \u0434\u0438\u043d\u0430\u043c\u0438\u0447\u043d\u043e\u0439 \u0441\u0440\u0435\u0434\u0435 \u0441&#8230;\"][\/vc_column_inner][\/vc_row_inner][\/vc_column][vc_column css=\".vc_custom_1524823822558{padding-top: 22px !important;}\"][vc_btn title=\"\u0412\u0441\u0435 \u043e\u0442\u0440\u0430\u0441\u043b\u0438 \u043f\u0440\u043e\u043c\u044b\u0448\u043b\u0435\u043d\u043d\u043e\u0441\u0442\u0438, \u043a\u043e\u0442\u043e\u0440\u044b\u0435 \u043c\u044b \u043e\u0431\u0441\u043b\u0443\u0436\u0438\u0432\u0430\u0435\u043c\" style=\"custom\" custom_background=\"#efae16&#8243; custom_text=\"#000000&#8243; shape=\"round\" align=\"center\" el_class=\"choose-us-btn\"][wd_empty_spaces height_mobile=\"90&#8243; height_tablet=\"90&#8243; height_desktop=\"145&#8243;][\/vc_column][\/vc_row][vc_row full_width=\"stretch_row\" css=\".vc_custom_1524661902962{background-color: #f8f7fd !important;}\"][vc_column css=\".vc_custom_1523273462671{padding-top: 0px !important;}\"][wd_empty_spaces height_mobile=\"80&#8243; height_tablet=\"80&#8243; height_desktop=\"80&#8243;][wd_headings headings_title=\"Meet Our Experts\" headings_subtitle=\"Sed alquet enim quis maximus , moleste erac nuns daptus\" headings_subtitle_tag=\"p\" wd_heading_font_weight=\"800&#8243; wd_heading_color=\"#000000&#8243; wd_heading_text_transform=\"Uppercase\" wd_sub_heading_font_weight=\"400&#8243; wd_heading_font_size=\"32&#8243;][wd_empty_spaces height_mobile=\"50&#8243; height_tablet=\"50&#8243; height_desktop=\"50&#8243;][vc_row_inner][vc_column_inner][wd_team columns=\"4&#8243; itemperpage=\"4&#8243;][\/vc_column_inner][\/vc_row_inner][wd_empty_spaces height_mobile=\"100&#8243; height_tablet=\"100&#8243; height_desktop=\"118&#8243;][\/vc_column][\/vc_row][vc_row full_width=\"stretch_row_content\" css=\".vc_custom_1524662330785{padding-top: 0px !important;}\" el_class=\"services_nop\"][vc_column css=\".vc_custom_1523280114132{padding-right: 0px !important;padding-left: 0px !important;}\"][backhoe_maps backhoe_map_height=\"315&#8243; backhoe_map_zoom=\"14&#8243; backhoe_map_style=\"wa_map_style2&#8243; maps=\"%5B%7B%22backhoe_map_latitude%22%3A%2240.691255%22%2C%22backhoe_map_longitude%22%3A%22-73.994516%22%2C%22backhoe_map_company_name%22%3A%22Envato%22%2C%22backhoe_map_company_description%22%3A%222%20Elizabeth%20St%2C%20Melbourne%20Victoria%203000%20Australia%22%7D%5D\"][\/vc_column][\/vc_row][vc_row el_class=\"quotes-row\"][vc_column width=\"1\/2&#8243;][wd_icon_text image_checkbox=\"yes\" layout=\"2&#8243; title=\"\u0423 \u0432\u0430\u0441 \u0435\u0441\u0442\u044c \u0431\u0438\u0437\u043d\u0435\u0441-\u043f\u0440\u043e\u0446\u0435\u0441\u0441, \u043a\u043e\u0442\u043e\u0440\u044b\u0439 \u0442\u0440\u0435\u0431\u0443\u0435\u0442 \u043f\u0435\u0440\u0435\u043e\u0441\u043c\u044b\u0441\u043b\u0435\u043d\u0438\u044f?\" text=\"\u041c\u044b \u043f\u043e\u043c\u043e\u0433\u0430\u0435\u043c \u0443\u043a\u0440\u0435\u043f\u043b\u044f\u0442\u044c \u0431\u0440\u0435\u043d\u0434\u044b \u043d\u0430\u0448\u0438\u0445 \u043a\u043b\u0438\u0435\u043d\u0442\u043e\u0432, \u0443\u043b\u0443\u0447\u0448\u0430\u044f \u0438\u0445 \u0440\u0430\u0431\u043e\u0442\u0443. \u041c\u044b \u043f\u0435\u0440\u0435\u043e\u0441\u043c\u044b\u0441\u043b\u0438\u0432\u0430\u0435\u043c \u043f\u0440\u043e\u0446\u0435\u0441\u0441 \u0438 \u0432\u043c\u0435\u0441\u0442\u0435 \u0440\u0430\u0431\u043e\u0442\u0430\u0435\u043c \u043d\u0430\u0434 \u0435\u0433\u043e \u0440\u0430\u0446\u0438\u043e\u043d\u0430\u043b\u0438\u0437\u0430\u0446\u0438\u0435\u0439, \u043f\u0435\u0440\u0435\u0441\u0442\u0440\u043e\u0439\u043a\u043e\u0439 \u0438 \u0441\u043e\u0437\u0434\u0430\u043d\u0438\u0435\u043c \u0431\u043e\u043b\u0435\u0435 \u0441\u043e\u0432\u0435\u0440\u0448\u0435\u043d\u043d\u043e\u0433\u043e \u043f\u0440\u043e\u0434\u0443\u043a\u0442\u0430, \u0447\u0435\u043c \u0440\u0430\u043d\u044c\u0448\u0435.\" image=\"265&#8243;][wd_empty_spaces height_mobile=\"30&#8243; height_tablet=\"30&#8243; height_desktop=\"0&#8243;][\/vc_column][vc_column width=\"1\/2&#8243;][wd_icon_text image_checkbox=\"yes\" layout=\"2&#8243; title=\"\u0423 \u0432\u0430\u0441 \u0435\u0441\u0442\u044c \u0431\u0438\u0437\u043d\u0435\u0441-\u043f\u0440\u043e\u0446\u0435\u0441\u0441, \u043a\u043e\u0442\u043e\u0440\u044b\u0439 \u0442\u0440\u0435\u0431\u0443\u0435\u0442 \u043f\u0435\u0440\u0435\u043e\u0441\u043c\u044b\u0441\u043b\u0435\u043d\u0438\u044f?\" text=\"\u041c\u044b \u043f\u043e\u043c\u043e\u0433\u0430\u0435\u043c \u0443\u043a\u0440\u0435\u043f\u043b\u044f\u0442\u044c \u0431\u0440\u0435\u043d\u0434\u044b \u043d\u0430\u0448\u0438\u0445 \u043a\u043b\u0438\u0435\u043d\u0442\u043e\u0432, \u0443\u043b\u0443\u0447\u0448\u0430\u044f \u0438\u0445 \u0440\u0430\u0431\u043e\u0442\u0443. \u041c\u044b \u043f\u0435\u0440\u0435\u043e\u0441\u043c\u044b\u0441\u043b\u0438\u0432\u0430\u0435\u043c \u043f\u0440\u043e\u0446\u0435\u0441\u0441 \u0438 \u0432\u043c\u0435\u0441\u0442\u0435 \u0440\u0430\u0431\u043e\u0442\u0430\u0435\u043c \u043d\u0430\u0434 \u0435\u0433\u043e \u0440\u0430\u0446\u0438\u043e\u043d\u0430\u043b\u0438\u0437\u0430\u0446\u0438\u0435\u0439, \u043f\u0435\u0440\u0435\u0441\u0442\u0440\u043e\u0439\u043a\u043e\u0439 \u0438 \u0441\u043e\u0437\u0434\u0430\u043d\u0438\u0435\u043c \u0431\u043e\u043b\u0435\u0435 \u0441\u043e\u0432\u0435\u0440\u0448\u0435\u043d\u043d\u043e\u0433\u043e \u043f\u0440\u043e\u0434\u0443\u043a\u0442\u0430, \u0447\u0435\u043c \u0440\u0430\u043d\u044c\u0448\u0435.\" image=\"265&#8243;][\/vc_column][\/vc_row][vc_row][vc_column][wd_empty_spaces height_mobile=\"70&#8243; height_tablet=\"70&#8243; height_desktop=\"0&#8243;][\/vc_column][\/vc_row]<\/p>\n","protected":false},"excerpt":{"rendered":"<p>[vc_row css=\".vc_custom_1512573788615{padding-top: 30px !important;padding-bottom: 90px !important;}\"][vc_column width=\"1\/6&#8243;][\/vc_column][vc_column width=\"2\/3&#8243;][wd_empty_spaces height_mobile=\"58&#8243; height_tablet=\"58&#8243; height_desktop=\"58&#8243;][wd_headings headings_title=\"{innovative consumption management processes }\" headings_title_tag=\"h4&#8243; headings_subtitle=\"Ut wisi enim<\/p>\n","protected":false},"author":1,"featured_media":0,"parent":0,"menu_order":0,"comment_status":"closed","ping_status":"closed","template":"","meta":{"_acf_changed":false,"footnotes":""},"class_list":["post-45965","page","type-page","status-publish","hentry"],"acf":[],"yoast_head":"<!-- This site is optimized with the Yoast SEO Premium plugin v25.4 (Yoast SEO v25.4) - https:\/\/yoast.com\/wordpress\/plugins\/seo\/ -->\n<title>\u0423\u0441\u043b\u0443\u0433\u0438 - Sakala T\u00f6\u00f6stusautomaatika O\u00dc<\/title>\n<meta name=\"robots\" content=\"index, follow, max-snippet:-1, max-image-preview:large, max-video-preview:-1\" \/>\n<link rel=\"canonical\" href=\"https:\/\/sakt.ee\/services\/\" \/>\n<meta property=\"og:locale\" content=\"ru_RU\" \/>\n<meta property=\"og:type\" content=\"article\" \/>\n<meta property=\"og:title\" content=\"\u0423\u0441\u043b\u0443\u0433\u0438\" \/>\n<meta property=\"og:description\" content=\"[vc_row css=&quot;.vc_custom_1512573788615{padding-top: 30px !important;padding-bottom: 90px !important;}&quot;][vc_column width=&quot;1\/6&#8243;][\/vc_column][vc_column width=&quot;2\/3&#8243;][wd_empty_spaces height_mobile=&quot;58&#8243; height_tablet=&quot;58&#8243; height_desktop=&quot;58&#8243;][wd_headings headings_title=&quot;{innovative consumption management processes }&quot; headings_title_tag=&quot;h4&#8243; headings_subtitle=&quot;Ut wisi enim\" \/>\n<meta property=\"og:url\" content=\"https:\/\/sakt.ee\/services\/\" \/>\n<meta property=\"og:site_name\" content=\"Sakala T\u00f6\u00f6stusautomaatika O\u00dc\" \/>\n<meta name=\"twitter:card\" content=\"summary_large_image\" \/>\n<meta name=\"twitter:label1\" content=\"\u041f\u0440\u0438\u043c\u0435\u0440\u043d\u043e\u0435 \u0432\u0440\u0435\u043c\u044f \u0434\u043b\u044f \u0447\u0442\u0435\u043d\u0438\u044f\" \/>\n\t<meta name=\"twitter:data1\" content=\"4 \u043c\u0438\u043d\u0443\u0442\u044b\" \/>\n<script type=\"application\/ld+json\" class=\"yoast-schema-graph\">{\"@context\":\"https:\/\/schema.org\",\"@graph\":[{\"@type\":\"WebPage\",\"@id\":\"https:\/\/sakt.ee\/services\/\",\"url\":\"https:\/\/sakt.ee\/services\/\",\"name\":\"\u0423\u0441\u043b\u0443\u0433\u0438 - Sakala T\u00f6\u00f6stusautomaatika O\u00dc\",\"isPartOf\":{\"@id\":\"https:\/\/sakt.ee\/en\/#website\"},\"datePublished\":\"2018-04-20T16:30:52+00:00\",\"breadcrumb\":{\"@id\":\"https:\/\/sakt.ee\/services\/#breadcrumb\"},\"inLanguage\":\"ru-RU\",\"potentialAction\":[{\"@type\":\"ReadAction\",\"target\":[\"https:\/\/sakt.ee\/services\/\"]}]},{\"@type\":\"BreadcrumbList\",\"@id\":\"https:\/\/sakt.ee\/services\/#breadcrumb\",\"itemListElement\":[{\"@type\":\"ListItem\",\"position\":1,\"name\":\"Home\",\"item\":\"https:\/\/sakt.ee\/\"},{\"@type\":\"ListItem\",\"position\":2,\"name\":\"\u0423\u0441\u043b\u0443\u0433\u0438\"}]},{\"@type\":\"WebSite\",\"@id\":\"https:\/\/sakt.ee\/en\/#website\",\"url\":\"https:\/\/sakt.ee\/en\/\",\"name\":\"Sakala T\u00f6\u00f6stusautomaatika O\u00dc\",\"description\":\"T\u00f6\u00f6stusautomaatika e-pood\",\"publisher\":{\"@id\":\"https:\/\/sakt.ee\/en\/#organization\"},\"potentialAction\":[{\"@type\":\"SearchAction\",\"target\":{\"@type\":\"EntryPoint\",\"urlTemplate\":\"https:\/\/sakt.ee\/en\/?s={search_term_string}\"},\"query-input\":{\"@type\":\"PropertyValueSpecification\",\"valueRequired\":true,\"valueName\":\"search_term_string\"}}],\"inLanguage\":\"ru-RU\"},{\"@type\":\"Organization\",\"@id\":\"https:\/\/sakt.ee\/en\/#organization\",\"name\":\"Sakala T\u00f6\u00f6stusautomaatika O\u00dc\",\"url\":\"https:\/\/sakt.ee\/en\/\",\"logo\":{\"@type\":\"ImageObject\",\"inLanguage\":\"ru-RU\",\"@id\":\"https:\/\/sakt.ee\/en\/#\/schema\/logo\/image\/\",\"url\":\"https:\/\/sakt.ee\/wp-content\/uploads\/2025\/05\/Sakala-Toostusautomaatika-favicon.png\",\"contentUrl\":\"https:\/\/sakt.ee\/wp-content\/uploads\/2025\/05\/Sakala-Toostusautomaatika-favicon.png\",\"width\":500,\"height\":500,\"caption\":\"Sakala T\u00f6\u00f6stusautomaatika O\u00dc\"},\"image\":{\"@id\":\"https:\/\/sakt.ee\/en\/#\/schema\/logo\/image\/\"}}]}<\/script>\n<!-- \/ Yoast SEO Premium plugin. -->","yoast_head_json":{"title":"\u0423\u0441\u043b\u0443\u0433\u0438 - Sakala T\u00f6\u00f6stusautomaatika O\u00dc","robots":{"index":"index","follow":"follow","max-snippet":"max-snippet:-1","max-image-preview":"max-image-preview:large","max-video-preview":"max-video-preview:-1"},"canonical":"https:\/\/sakt.ee\/services\/","og_locale":"ru_RU","og_type":"article","og_title":"\u0423\u0441\u043b\u0443\u0433\u0438","og_description":"[vc_row css=\".vc_custom_1512573788615{padding-top: 30px !important;padding-bottom: 90px !important;}\"][vc_column width=\"1\/6&#8243;][\/vc_column][vc_column width=\"2\/3&#8243;][wd_empty_spaces height_mobile=\"58&#8243; height_tablet=\"58&#8243; height_desktop=\"58&#8243;][wd_headings headings_title=\"{innovative consumption management processes }\" headings_title_tag=\"h4&#8243; headings_subtitle=\"Ut wisi enim","og_url":"https:\/\/sakt.ee\/services\/","og_site_name":"Sakala T\u00f6\u00f6stusautomaatika O\u00dc","twitter_card":"summary_large_image","twitter_misc":{"\u041f\u0440\u0438\u043c\u0435\u0440\u043d\u043e\u0435 \u0432\u0440\u0435\u043c\u044f \u0434\u043b\u044f \u0447\u0442\u0435\u043d\u0438\u044f":"4 \u043c\u0438\u043d\u0443\u0442\u044b"},"schema":{"@context":"https:\/\/schema.org","@graph":[{"@type":"WebPage","@id":"https:\/\/sakt.ee\/services\/","url":"https:\/\/sakt.ee\/services\/","name":"\u0423\u0441\u043b\u0443\u0433\u0438 - Sakala T\u00f6\u00f6stusautomaatika O\u00dc","isPartOf":{"@id":"https:\/\/sakt.ee\/en\/#website"},"datePublished":"2018-04-20T16:30:52+00:00","breadcrumb":{"@id":"https:\/\/sakt.ee\/services\/#breadcrumb"},"inLanguage":"ru-RU","potentialAction":[{"@type":"ReadAction","target":["https:\/\/sakt.ee\/services\/"]}]},{"@type":"BreadcrumbList","@id":"https:\/\/sakt.ee\/services\/#breadcrumb","itemListElement":[{"@type":"ListItem","position":1,"name":"Home","item":"https:\/\/sakt.ee\/"},{"@type":"ListItem","position":2,"name":"\u0423\u0441\u043b\u0443\u0433\u0438"}]},{"@type":"WebSite","@id":"https:\/\/sakt.ee\/en\/#website","url":"https:\/\/sakt.ee\/en\/","name":"Sakala T\u00f6\u00f6stusautomaatika O\u00dc","description":"T\u00f6\u00f6stusautomaatika e-pood","publisher":{"@id":"https:\/\/sakt.ee\/en\/#organization"},"potentialAction":[{"@type":"SearchAction","target":{"@type":"EntryPoint","urlTemplate":"https:\/\/sakt.ee\/en\/?s={search_term_string}"},"query-input":{"@type":"PropertyValueSpecification","valueRequired":true,"valueName":"search_term_string"}}],"inLanguage":"ru-RU"},{"@type":"Organization","@id":"https:\/\/sakt.ee\/en\/#organization","name":"Sakala T\u00f6\u00f6stusautomaatika O\u00dc","url":"https:\/\/sakt.ee\/en\/","logo":{"@type":"ImageObject","inLanguage":"ru-RU","@id":"https:\/\/sakt.ee\/en\/#\/schema\/logo\/image\/","url":"https:\/\/sakt.ee\/wp-content\/uploads\/2025\/05\/Sakala-Toostusautomaatika-favicon.png","contentUrl":"https:\/\/sakt.ee\/wp-content\/uploads\/2025\/05\/Sakala-Toostusautomaatika-favicon.png","width":500,"height":500,"caption":"Sakala T\u00f6\u00f6stusautomaatika O\u00dc"},"image":{"@id":"https:\/\/sakt.ee\/en\/#\/schema\/logo\/image\/"}}]}},"_links":{"self":[{"href":"https:\/\/sakt.ee\/ru\/wp-json\/wp\/v2\/pages\/45965","targetHints":{"allow":["GET"]}}],"collection":[{"href":"https:\/\/sakt.ee\/ru\/wp-json\/wp\/v2\/pages"}],"about":[{"href":"https:\/\/sakt.ee\/ru\/wp-json\/wp\/v2\/types\/page"}],"author":[{"embeddable":true,"href":"https:\/\/sakt.ee\/ru\/wp-json\/wp\/v2\/users\/1"}],"replies":[{"embeddable":true,"href":"https:\/\/sakt.ee\/ru\/wp-json\/wp\/v2\/comments?post=45965"}],"version-history":[{"count":0,"href":"https:\/\/sakt.ee\/ru\/wp-json\/wp\/v2\/pages\/45965\/revisions"}],"wp:attachment":[{"href":"https:\/\/sakt.ee\/ru\/wp-json\/wp\/v2\/media?parent=45965"}],"curies":[{"name":"wp","href":"https:\/\/api.w.org\/{rel}","templated":true}]}}