{"id":71030,"date":"2025-12-03T12:00:34","date_gmt":"2025-12-03T09:00:34","guid":{"rendered":"https:\/\/sakt.ee\/pood\/uncategorized\/i4f-signal-converter-and-isolator-18-265ac-dc-universal-input-and-output-din-rack-ip30\/"},"modified":"2025-12-03T12:00:34","modified_gmt":"2025-12-03T09:00:34","slug":"i4f-signal-converter-and-isolator-18-265ac-dc-universal-input-and-output-din-rack-ip30","status":"publish","type":"product","link":"https:\/\/sakt.ee\/en\/pood\/process-sensors\/transmitters\/i4f-signal-converter-and-isolator-18-265ac-dc-universal-input-and-output-din-rack-ip30\/","title":{"rendered":"I4F signal converter and isolator, 18-265AC\/DC, universal input and output, DIN-rack, IP30"},"content":{"rendered":"","protected":false},"excerpt":{"rendered":"","protected":false},"featured_media":72140,"template":"","meta":{"_acf_changed":false},"product_brand":[],"product_cat":[7247],"product_tag":[],"manufacturers":[7827],"class_list":{"0":"post-71030","1":"product","2":"type-product","3":"status-publish","4":"has-post-thumbnail","6":"product_cat-transmitters","7":"pa_kaitseklass-ip30","8":"pa_paigaldus-din","9":"pa_sisend-universaalne","10":"pa_toide-18-265v-ac-dc","11":"pa_tootemperatuur-0-50c","12":"pa_valjund-4-20ma-0-10v-dc","13":"manufacturers-fema-en","15":"first","16":"instock","17":"taxable","18":"shipping-taxable","19":"purchasable","20":"product-type-simple"},"acf":[],"yoast_head":"<!-- This site is optimized with the Yoast SEO Premium plugin v25.4 (Yoast SEO v25.4) - https:\/\/yoast.com\/wordpress\/plugins\/seo\/ -->\n<title>I4F signal converter and isolator, 18-265AC\/DC, universal input and output, DIN-rack, IP30 - Sakala T\u00f6\u00f6stusautomaatika O\u00dc<\/title>\n<meta name=\"robots\" content=\"index, follow, max-snippet:-1, max-image-preview:large, max-video-preview:-1\" \/>\n<link rel=\"canonical\" href=\"https:\/\/sakt.ee\/en\/pood\/temperature-converters\/i4f-signal-converter-and-isolator-18-265ac-dc-universal-input-and-output-din-rack-ip30\/\" \/>\n<meta property=\"og:locale\" content=\"en_US\" \/>\n<meta property=\"og:type\" content=\"article\" \/>\n<meta property=\"og:title\" content=\"I4F signal converter and isolator, 18-265AC\/DC, universal input and output, DIN-rack, IP30\" \/>\n<meta property=\"og:url\" content=\"https:\/\/sakt.ee\/en\/pood\/temperature-converters\/i4f-signal-converter-and-isolator-18-265ac-dc-universal-input-and-output-din-rack-ip30\/\" \/>\n<meta property=\"og:site_name\" content=\"Sakala T\u00f6\u00f6stusautomaatika O\u00dc\" \/>\n<meta name=\"twitter:card\" content=\"summary_large_image\" \/>\n<meta name=\"twitter:label1\" content=\"Price\" \/>\n\t<meta name=\"twitter:data1\" content=\"163,40&euro; +VAT\" \/>\n\t<meta name=\"twitter:label2\" content=\"Availability\" \/>\n\t<meta name=\"twitter:data2\" content=\"In stock\" \/>\n<script type=\"application\/ld+json\" class=\"yoast-schema-graph\">{\"@context\":\"https:\/\/schema.org\",\"@graph\":[{\"@type\":\"WebPage\",\"@id\":\"https:\/\/sakt.ee\/en\/pood\/temperature-converters\/i4f-signal-converter-and-isolator-18-265ac-dc-universal-input-and-output-din-rack-ip30\/\",\"url\":\"https:\/\/sakt.ee\/en\/pood\/temperature-converters\/i4f-signal-converter-and-isolator-18-265ac-dc-universal-input-and-output-din-rack-ip30\/\",\"name\":\"I4F signal converter and isolator, 18-265AC\/DC, universal input and output, DIN-rack, IP30 - Sakala T\u00f6\u00f6stusautomaatika O\u00dc\",\"isPartOf\":{\"@id\":\"https:\/\/sakt.ee\/en\/#website\"},\"primaryImageOfPage\":{\"@id\":\"https:\/\/sakt.ee\/en\/pood\/temperature-converters\/i4f-signal-converter-and-isolator-18-265ac-dc-universal-input-and-output-din-rack-ip30\/#primaryimage\"},\"image\":{\"@id\":\"https:\/\/sakt.ee\/en\/pood\/temperature-converters\/i4f-signal-converter-and-isolator-18-265ac-dc-universal-input-and-output-din-rack-ip30\/#primaryimage\"},\"thumbnailUrl\":\"https:\/\/sakt.ee\/wp-content\/uploads\/2026\/02\/I4F.png\",\"datePublished\":\"2025-12-03T09:00:34+00:00\",\"breadcrumb\":{\"@id\":\"https:\/\/sakt.ee\/en\/pood\/temperature-converters\/i4f-signal-converter-and-isolator-18-265ac-dc-universal-input-and-output-din-rack-ip30\/#breadcrumb\"},\"inLanguage\":\"en-US\",\"potentialAction\":[{\"@type\":\"ReadAction\",\"target\":[\"https:\/\/sakt.ee\/en\/pood\/temperature-converters\/i4f-signal-converter-and-isolator-18-265ac-dc-universal-input-and-output-din-rack-ip30\/\"]}]},{\"@type\":\"ImageObject\",\"inLanguage\":\"en-US\",\"@id\":\"https:\/\/sakt.ee\/en\/pood\/temperature-converters\/i4f-signal-converter-and-isolator-18-265ac-dc-universal-input-and-output-din-rack-ip30\/#primaryimage\",\"url\":\"https:\/\/sakt.ee\/wp-content\/uploads\/2026\/02\/I4F.png\",\"contentUrl\":\"https:\/\/sakt.ee\/wp-content\/uploads\/2026\/02\/I4F.png\",\"width\":847,\"height\":665},{\"@type\":\"BreadcrumbList\",\"@id\":\"https:\/\/sakt.ee\/en\/pood\/temperature-converters\/i4f-signal-converter-and-isolator-18-265ac-dc-universal-input-and-output-din-rack-ip30\/#breadcrumb\",\"itemListElement\":[{\"@type\":\"ListItem\",\"position\":1,\"name\":\"Home\",\"item\":\"https:\/\/sakt.ee\/\"},{\"@type\":\"ListItem\",\"position\":2,\"name\":\"Shop\",\"item\":\"https:\/\/sakt.ee\/en\/shop\/\"},{\"@type\":\"ListItem\",\"position\":3,\"name\":\"I4F signal converter and isolator, 18-265AC\/DC, universal input and output, DIN-rack, IP30\"}]},{\"@type\":\"WebSite\",\"@id\":\"https:\/\/sakt.ee\/en\/#website\",\"url\":\"https:\/\/sakt.ee\/en\/\",\"name\":\"Sakala T\u00f6\u00f6stusautomaatika O\u00dc\",\"description\":\"T\u00f6\u00f6stusautomaatika e-pood\",\"publisher\":{\"@id\":\"https:\/\/sakt.ee\/en\/#organization\"},\"potentialAction\":[{\"@type\":\"SearchAction\",\"target\":{\"@type\":\"EntryPoint\",\"urlTemplate\":\"https:\/\/sakt.ee\/en\/?s={search_term_string}\"},\"query-input\":{\"@type\":\"PropertyValueSpecification\",\"valueRequired\":true,\"valueName\":\"search_term_string\"}}],\"inLanguage\":\"en-US\"},{\"@type\":\"Organization\",\"@id\":\"https:\/\/sakt.ee\/en\/#organization\",\"name\":\"Sakala T\u00f6\u00f6stusautomaatika O\u00dc\",\"url\":\"https:\/\/sakt.ee\/en\/\",\"logo\":{\"@type\":\"ImageObject\",\"inLanguage\":\"en-US\",\"@id\":\"https:\/\/sakt.ee\/en\/#\/schema\/logo\/image\/\",\"url\":\"https:\/\/sakt.ee\/wp-content\/uploads\/2025\/05\/Sakala-Toostusautomaatika-favicon.png\",\"contentUrl\":\"https:\/\/sakt.ee\/wp-content\/uploads\/2025\/05\/Sakala-Toostusautomaatika-favicon.png\",\"width\":500,\"height\":500,\"caption\":\"Sakala T\u00f6\u00f6stusautomaatika O\u00dc\"},\"image\":{\"@id\":\"https:\/\/sakt.ee\/en\/#\/schema\/logo\/image\/\"}}]}<\/script>\n<meta property=\"product:price:amount\" content=\"163.40\" \/>\n<meta property=\"product:price:currency\" content=\"EUR\" \/>\n<meta property=\"og:availability\" content=\"instock\" \/>\n<meta property=\"product:availability\" content=\"instock\" \/>\n<meta property=\"product:retailer_item_id\" content=\"2.41050\" \/>\n<meta property=\"product:condition\" content=\"new\" \/>\n<!-- \/ Yoast SEO Premium plugin. -->","yoast_head_json":{"title":"I4F signal converter and isolator, 18-265AC\/DC, universal input and output, DIN-rack, IP30 - Sakala T\u00f6\u00f6stusautomaatika O\u00dc","robots":{"index":"index","follow":"follow","max-snippet":"max-snippet:-1","max-image-preview":"max-image-preview:large","max-video-preview":"max-video-preview:-1"},"canonical":"https:\/\/sakt.ee\/en\/pood\/temperature-converters\/i4f-signal-converter-and-isolator-18-265ac-dc-universal-input-and-output-din-rack-ip30\/","og_locale":"en_US","og_type":"article","og_title":"I4F signal converter and isolator, 18-265AC\/DC, universal input and output, DIN-rack, IP30","og_url":"https:\/\/sakt.ee\/en\/pood\/temperature-converters\/i4f-signal-converter-and-isolator-18-265ac-dc-universal-input-and-output-din-rack-ip30\/","og_site_name":"Sakala T\u00f6\u00f6stusautomaatika O\u00dc","twitter_card":"summary_large_image","twitter_misc":{"Price":"163,40&euro; +VAT","Availability":"In stock"},"schema":{"@context":"https:\/\/schema.org","@graph":[{"@type":"WebPage","@id":"https:\/\/sakt.ee\/en\/pood\/temperature-converters\/i4f-signal-converter-and-isolator-18-265ac-dc-universal-input-and-output-din-rack-ip30\/","url":"https:\/\/sakt.ee\/en\/pood\/temperature-converters\/i4f-signal-converter-and-isolator-18-265ac-dc-universal-input-and-output-din-rack-ip30\/","name":"I4F signal converter and isolator, 18-265AC\/DC, universal input and output, DIN-rack, IP30 - Sakala T\u00f6\u00f6stusautomaatika O\u00dc","isPartOf":{"@id":"https:\/\/sakt.ee\/en\/#website"},"primaryImageOfPage":{"@id":"https:\/\/sakt.ee\/en\/pood\/temperature-converters\/i4f-signal-converter-and-isolator-18-265ac-dc-universal-input-and-output-din-rack-ip30\/#primaryimage"},"image":{"@id":"https:\/\/sakt.ee\/en\/pood\/temperature-converters\/i4f-signal-converter-and-isolator-18-265ac-dc-universal-input-and-output-din-rack-ip30\/#primaryimage"},"thumbnailUrl":"https:\/\/sakt.ee\/wp-content\/uploads\/2026\/02\/I4F.png","datePublished":"2025-12-03T09:00:34+00:00","breadcrumb":{"@id":"https:\/\/sakt.ee\/en\/pood\/temperature-converters\/i4f-signal-converter-and-isolator-18-265ac-dc-universal-input-and-output-din-rack-ip30\/#breadcrumb"},"inLanguage":"en-US","potentialAction":[{"@type":"ReadAction","target":["https:\/\/sakt.ee\/en\/pood\/temperature-converters\/i4f-signal-converter-and-isolator-18-265ac-dc-universal-input-and-output-din-rack-ip30\/"]}]},{"@type":"ImageObject","inLanguage":"en-US","@id":"https:\/\/sakt.ee\/en\/pood\/temperature-converters\/i4f-signal-converter-and-isolator-18-265ac-dc-universal-input-and-output-din-rack-ip30\/#primaryimage","url":"https:\/\/sakt.ee\/wp-content\/uploads\/2026\/02\/I4F.png","contentUrl":"https:\/\/sakt.ee\/wp-content\/uploads\/2026\/02\/I4F.png","width":847,"height":665},{"@type":"BreadcrumbList","@id":"https:\/\/sakt.ee\/en\/pood\/temperature-converters\/i4f-signal-converter-and-isolator-18-265ac-dc-universal-input-and-output-din-rack-ip30\/#breadcrumb","itemListElement":[{"@type":"ListItem","position":1,"name":"Home","item":"https:\/\/sakt.ee\/"},{"@type":"ListItem","position":2,"name":"Shop","item":"https:\/\/sakt.ee\/en\/shop\/"},{"@type":"ListItem","position":3,"name":"I4F signal converter and isolator, 18-265AC\/DC, universal input and output, DIN-rack, IP30"}]},{"@type":"WebSite","@id":"https:\/\/sakt.ee\/en\/#website","url":"https:\/\/sakt.ee\/en\/","name":"Sakala T\u00f6\u00f6stusautomaatika O\u00dc","description":"T\u00f6\u00f6stusautomaatika e-pood","publisher":{"@id":"https:\/\/sakt.ee\/en\/#organization"},"potentialAction":[{"@type":"SearchAction","target":{"@type":"EntryPoint","urlTemplate":"https:\/\/sakt.ee\/en\/?s={search_term_string}"},"query-input":{"@type":"PropertyValueSpecification","valueRequired":true,"valueName":"search_term_string"}}],"inLanguage":"en-US"},{"@type":"Organization","@id":"https:\/\/sakt.ee\/en\/#organization","name":"Sakala T\u00f6\u00f6stusautomaatika O\u00dc","url":"https:\/\/sakt.ee\/en\/","logo":{"@type":"ImageObject","inLanguage":"en-US","@id":"https:\/\/sakt.ee\/en\/#\/schema\/logo\/image\/","url":"https:\/\/sakt.ee\/wp-content\/uploads\/2025\/05\/Sakala-Toostusautomaatika-favicon.png","contentUrl":"https:\/\/sakt.ee\/wp-content\/uploads\/2025\/05\/Sakala-Toostusautomaatika-favicon.png","width":500,"height":500,"caption":"Sakala T\u00f6\u00f6stusautomaatika O\u00dc"},"image":{"@id":"https:\/\/sakt.ee\/en\/#\/schema\/logo\/image\/"}}]},"product_price_amount":"163.40","product_price_currency":"EUR","og_availability":"instock","product_availability":"instock","product_retailer_item_id":"2.41050","product_condition":"new"},"_links":{"self":[{"href":"https:\/\/sakt.ee\/en\/wp-json\/wp\/v2\/product\/71030","targetHints":{"allow":["GET"]}}],"collection":[{"href":"https:\/\/sakt.ee\/en\/wp-json\/wp\/v2\/product"}],"about":[{"href":"https:\/\/sakt.ee\/en\/wp-json\/wp\/v2\/types\/product"}],"version-history":[{"count":0,"href":"https:\/\/sakt.ee\/en\/wp-json\/wp\/v2\/product\/71030\/revisions"}],"wp:featuredmedia":[{"embeddable":true,"href":"https:\/\/sakt.ee\/en\/wp-json\/wp\/v2\/media\/72140"}],"wp:attachment":[{"href":"https:\/\/sakt.ee\/en\/wp-json\/wp\/v2\/media?parent=71030"}],"wp:term":[{"taxonomy":"product_brand","embeddable":true,"href":"https:\/\/sakt.ee\/en\/wp-json\/wp\/v2\/product_brand?post=71030"},{"taxonomy":"product_cat","embeddable":true,"href":"https:\/\/sakt.ee\/en\/wp-json\/wp\/v2\/product_cat?post=71030"},{"taxonomy":"product_tag","embeddable":true,"href":"https:\/\/sakt.ee\/en\/wp-json\/wp\/v2\/product_tag?post=71030"},{"taxonomy":"manufacturers","embeddable":true,"href":"https:\/\/sakt.ee\/en\/wp-json\/wp\/v2\/manufacturers?post=71030"}],"curies":[{"name":"wp","href":"https:\/\/api.w.org\/{rel}","templated":true}]}}