{"id":56717,"date":"2025-05-17T07:28:20","date_gmt":"2025-05-17T07:28:20","guid":{"rendered":"https:\/\/sakt.ee\/?post_type=product&#038;p=56717"},"modified":"2025-12-13T16:45:39","modified_gmt":"2025-12-13T13:45:39","slug":"esm-3712-hcn-temperature-controller-24ac-dc-on-off-heating-cooling-relay-16a-alarm-5a-50c-400c-buzzer-ip65-20-2","status":"publish","type":"product","link":"https:\/\/sakt.ee\/en\/pood\/controllers-indicators\/controllers\/esm-3712-hcn-temperature-controller-24ac-dc-on-off-heating-cooling-relay-16a-alarm-5a-50c-400c-buzzer-ip65-20-2\/","title":{"rendered":"ESM-3712-HCN Temperature controller, 24AC\/DC, ON\/OFF, heating\/cooling, relay (16A), alarm (5A), -50C&#8230;+400C, buzzer, IP65\/20"},"content":{"rendered":"","protected":false},"excerpt":{"rendered":"<p>The control form of the temperature controller is ON\/OFF. The controller has both cooling and heating functions. The display of the controller has 4 red LED digits of size 14mm. Controller input: PT-100 (-50 &#8230; + 400C). Controller outputs: relay (16A) and relay (5A for alarm). The controller has a hysteresis function.      NB! Hysteresis range 1-20 degrees Front panel IP65, rear IP20.<\/p>\n<p><a href=\"https:\/\/www.emkoelektronik.com.tr\/\">https:\/\/www.emkoelektronik.com.tr\/<\/a><\/p>\n","protected":false},"featured_media":33519,"template":"","meta":{"_acf_changed":false},"product_brand":[],"product_cat":[4596],"product_tag":[],"manufacturers":[7793],"class_list":{"0":"post-56717","1":"product","2":"type-product","3":"status-publish","4":"has-post-thumbnail","6":"product_cat-controllers","7":"pa_funktsioon-heating-cooling","8":"pa_helitugevus-83db-en","9":"pa_kaal-200g-en","10":"pa_kaitseklass-ip65-20-en","11":"pa_korgus-35mm-en","12":"pa_laius-77mm-en","13":"pa_nimivool-16a-en","14":"pa_paigaldus-panel","15":"pa_ridade-arv-1-row","16":"pa_seeria-esm-en","17":"pa_sisend-pt100-en","18":"pa_sugavus-70mm-en","19":"pa_toide-24v-ac-dc-en","20":"pa_toonide-arv-1-en","21":"pa_tootemperatuur-0-50c-en","22":"pa_tootja-emko","23":"pa_valjund-2-x-relay","24":"manufacturers-emko-en","26":"first","27":"instock","28":"taxable","29":"shipping-taxable","30":"purchasable","31":"product-type-simple"},"acf":[],"yoast_head":"<!-- This site is optimized with the Yoast SEO Premium plugin v25.4 (Yoast SEO v25.4) - https:\/\/yoast.com\/wordpress\/plugins\/seo\/ -->\n<title>ESM-3712-HCN Temperature controller, 24AC\/DC, ON\/OFF, heating\/cooling, relay (16A), alarm (5A), -50C...+400C, buzzer, IP65\/20 - Sakala T\u00f6\u00f6stusautomaatika O\u00dc<\/title>\n<meta name=\"robots\" content=\"index, follow, max-snippet:-1, max-image-preview:large, max-video-preview:-1\" \/>\n<link rel=\"canonical\" href=\"https:\/\/sakt.ee\/en\/pood\/controllers-indicators\/controllers\/esm-3712-hcn-temperature-controller-24ac-dc-on-off-heating-cooling-relay-16a-alarm-5a-50c-400c-buzzer-ip65-20-2\/\" \/>\n<meta property=\"og:locale\" content=\"en_US\" \/>\n<meta property=\"og:type\" content=\"article\" \/>\n<meta property=\"og:title\" content=\"ESM-3712-HCN Temperature controller, 24AC\/DC, ON\/OFF, heating\/cooling, relay (16A), alarm (5A), -50C...+400C, buzzer, IP65\/20\" \/>\n<meta property=\"og:description\" content=\"The control form of the temperature controller is ON\/OFF. The controller has both cooling and heating functions. The display of the controller has 4 red LED digits of size 14mm. Controller input: PT-100 (-50 ... + 400C). Controller outputs: relay (16A) and relay (5A for alarm). The controller has a hysteresis function.   NB! Hysteresis range 1-20 degrees Front panel IP65, rear IP20.https:\/\/www.emkoelektronik.com.tr\/\" \/>\n<meta property=\"og:url\" content=\"https:\/\/sakt.ee\/en\/pood\/controllers-indicators\/controllers\/esm-3712-hcn-temperature-controller-24ac-dc-on-off-heating-cooling-relay-16a-alarm-5a-50c-400c-buzzer-ip65-20-2\/\" \/>\n<meta property=\"og:site_name\" content=\"Sakala T\u00f6\u00f6stusautomaatika O\u00dc\" \/>\n<meta property=\"article:modified_time\" content=\"2025-12-13T13:45:39+00:00\" \/>\n<meta property=\"og:image\" content=\"https:\/\/sakt.ee\/wp-content\/uploads\/2025\/05\/7004.jpg\" \/>\n\t<meta property=\"og:image:width\" content=\"300\" \/>\n\t<meta property=\"og:image:height\" content=\"240\" \/>\n\t<meta property=\"og:image:type\" content=\"image\/jpeg\" \/>\n<meta name=\"twitter:card\" content=\"summary_large_image\" \/>\n<meta name=\"twitter:label1\" content=\"Price\" \/>\n\t<meta name=\"twitter:data1\" content=\"58,40&euro; +VAT\" \/>\n\t<meta name=\"twitter:label2\" content=\"Availability\" \/>\n\t<meta name=\"twitter:data2\" content=\"In stock\" \/>\n<script type=\"application\/ld+json\" class=\"yoast-schema-graph\">{\"@context\":\"https:\/\/schema.org\",\"@graph\":[{\"@type\":\"WebPage\",\"@id\":\"https:\/\/sakt.ee\/en\/pood\/controllers-indicators\/controllers\/esm-3712-hcn-temperature-controller-24ac-dc-on-off-heating-cooling-relay-16a-alarm-5a-50c-400c-buzzer-ip65-20-2\/\",\"url\":\"https:\/\/sakt.ee\/en\/pood\/controllers-indicators\/controllers\/esm-3712-hcn-temperature-controller-24ac-dc-on-off-heating-cooling-relay-16a-alarm-5a-50c-400c-buzzer-ip65-20-2\/\",\"name\":\"ESM-3712-HCN Temperature controller, 24AC\/DC, ON\/OFF, heating\/cooling, relay (16A), alarm (5A), -50C...+400C, buzzer, IP65\/20 - Sakala T\u00f6\u00f6stusautomaatika O\u00dc\",\"isPartOf\":{\"@id\":\"https:\/\/sakt.ee\/en\/#website\"},\"primaryImageOfPage\":{\"@id\":\"https:\/\/sakt.ee\/en\/pood\/controllers-indicators\/controllers\/esm-3712-hcn-temperature-controller-24ac-dc-on-off-heating-cooling-relay-16a-alarm-5a-50c-400c-buzzer-ip65-20-2\/#primaryimage\"},\"image\":{\"@id\":\"https:\/\/sakt.ee\/en\/pood\/controllers-indicators\/controllers\/esm-3712-hcn-temperature-controller-24ac-dc-on-off-heating-cooling-relay-16a-alarm-5a-50c-400c-buzzer-ip65-20-2\/#primaryimage\"},\"thumbnailUrl\":\"https:\/\/sakt.ee\/wp-content\/uploads\/2025\/05\/7004.jpg\",\"datePublished\":\"2025-05-17T07:28:20+00:00\",\"dateModified\":\"2025-12-13T13:45:39+00:00\",\"breadcrumb\":{\"@id\":\"https:\/\/sakt.ee\/en\/pood\/controllers-indicators\/controllers\/esm-3712-hcn-temperature-controller-24ac-dc-on-off-heating-cooling-relay-16a-alarm-5a-50c-400c-buzzer-ip65-20-2\/#breadcrumb\"},\"inLanguage\":\"en-US\",\"potentialAction\":[{\"@type\":\"ReadAction\",\"target\":[\"https:\/\/sakt.ee\/en\/pood\/controllers-indicators\/controllers\/esm-3712-hcn-temperature-controller-24ac-dc-on-off-heating-cooling-relay-16a-alarm-5a-50c-400c-buzzer-ip65-20-2\/\"]}]},{\"@type\":\"ImageObject\",\"inLanguage\":\"en-US\",\"@id\":\"https:\/\/sakt.ee\/en\/pood\/controllers-indicators\/controllers\/esm-3712-hcn-temperature-controller-24ac-dc-on-off-heating-cooling-relay-16a-alarm-5a-50c-400c-buzzer-ip65-20-2\/#primaryimage\",\"url\":\"https:\/\/sakt.ee\/wp-content\/uploads\/2025\/05\/7004.jpg\",\"contentUrl\":\"https:\/\/sakt.ee\/wp-content\/uploads\/2025\/05\/7004.jpg\",\"width\":300,\"height\":240},{\"@type\":\"BreadcrumbList\",\"@id\":\"https:\/\/sakt.ee\/en\/pood\/controllers-indicators\/controllers\/esm-3712-hcn-temperature-controller-24ac-dc-on-off-heating-cooling-relay-16a-alarm-5a-50c-400c-buzzer-ip65-20-2\/#breadcrumb\",\"itemListElement\":[{\"@type\":\"ListItem\",\"position\":1,\"name\":\"Home\",\"item\":\"https:\/\/sakt.ee\/\"},{\"@type\":\"ListItem\",\"position\":2,\"name\":\"Shop\",\"item\":\"https:\/\/sakt.ee\/en\/shop\/\"},{\"@type\":\"ListItem\",\"position\":3,\"name\":\"ESM-3712-HCN Temperature controller, 24AC\/DC, ON\/OFF, heating\/cooling, relay (16A), alarm (5A), -50C&#8230;+400C, buzzer, IP65\/20\"}]},{\"@type\":\"WebSite\",\"@id\":\"https:\/\/sakt.ee\/en\/#website\",\"url\":\"https:\/\/sakt.ee\/en\/\",\"name\":\"Sakala T\u00f6\u00f6stusautomaatika O\u00dc\",\"description\":\"T\u00f6\u00f6stusautomaatika e-pood\",\"publisher\":{\"@id\":\"https:\/\/sakt.ee\/en\/#organization\"},\"potentialAction\":[{\"@type\":\"SearchAction\",\"target\":{\"@type\":\"EntryPoint\",\"urlTemplate\":\"https:\/\/sakt.ee\/en\/?s={search_term_string}\"},\"query-input\":{\"@type\":\"PropertyValueSpecification\",\"valueRequired\":true,\"valueName\":\"search_term_string\"}}],\"inLanguage\":\"en-US\"},{\"@type\":\"Organization\",\"@id\":\"https:\/\/sakt.ee\/en\/#organization\",\"name\":\"Sakala T\u00f6\u00f6stusautomaatika O\u00dc\",\"url\":\"https:\/\/sakt.ee\/en\/\",\"logo\":{\"@type\":\"ImageObject\",\"inLanguage\":\"en-US\",\"@id\":\"https:\/\/sakt.ee\/en\/#\/schema\/logo\/image\/\",\"url\":\"https:\/\/sakt.ee\/wp-content\/uploads\/2025\/05\/Sakala-Toostusautomaatika-favicon.png\",\"contentUrl\":\"https:\/\/sakt.ee\/wp-content\/uploads\/2025\/05\/Sakala-Toostusautomaatika-favicon.png\",\"width\":500,\"height\":500,\"caption\":\"Sakala T\u00f6\u00f6stusautomaatika O\u00dc\"},\"image\":{\"@id\":\"https:\/\/sakt.ee\/en\/#\/schema\/logo\/image\/\"}}]}<\/script>\n<meta property=\"product:price:amount\" content=\"58.40\" \/>\n<meta property=\"product:price:currency\" content=\"EUR\" \/>\n<meta property=\"og:availability\" content=\"instock\" \/>\n<meta property=\"product:availability\" content=\"instock\" \/>\n<meta property=\"product:retailer_item_id\" content=\"ESM-3712-HCN.2.11.0.1\/01.00\/2.0.0.0\" \/>\n<meta property=\"product:condition\" content=\"new\" \/>\n<!-- \/ Yoast SEO Premium plugin. -->","yoast_head_json":{"title":"ESM-3712-HCN Temperature controller, 24AC\/DC, ON\/OFF, heating\/cooling, relay (16A), alarm (5A), -50C...+400C, buzzer, IP65\/20 - Sakala T\u00f6\u00f6stusautomaatika O\u00dc","robots":{"index":"index","follow":"follow","max-snippet":"max-snippet:-1","max-image-preview":"max-image-preview:large","max-video-preview":"max-video-preview:-1"},"canonical":"https:\/\/sakt.ee\/en\/pood\/controllers-indicators\/controllers\/esm-3712-hcn-temperature-controller-24ac-dc-on-off-heating-cooling-relay-16a-alarm-5a-50c-400c-buzzer-ip65-20-2\/","og_locale":"en_US","og_type":"article","og_title":"ESM-3712-HCN Temperature controller, 24AC\/DC, ON\/OFF, heating\/cooling, relay (16A), alarm (5A), -50C...+400C, buzzer, IP65\/20","og_description":"The control form of the temperature controller is ON\/OFF. The controller has both cooling and heating functions. The display of the controller has 4 red LED digits of size 14mm. Controller input: PT-100 (-50 ... + 400C). Controller outputs: relay (16A) and relay (5A for alarm). The controller has a hysteresis function.   NB! Hysteresis range 1-20 degrees Front panel IP65, rear IP20.https:\/\/www.emkoelektronik.com.tr\/","og_url":"https:\/\/sakt.ee\/en\/pood\/controllers-indicators\/controllers\/esm-3712-hcn-temperature-controller-24ac-dc-on-off-heating-cooling-relay-16a-alarm-5a-50c-400c-buzzer-ip65-20-2\/","og_site_name":"Sakala T\u00f6\u00f6stusautomaatika O\u00dc","article_modified_time":"2025-12-13T13:45:39+00:00","og_image":[{"width":300,"height":240,"url":"https:\/\/sakt.ee\/wp-content\/uploads\/2025\/05\/7004.jpg","type":"image\/jpeg"}],"twitter_card":"summary_large_image","twitter_misc":{"Price":"58,40&euro; +VAT","Availability":"In stock"},"schema":{"@context":"https:\/\/schema.org","@graph":[{"@type":"WebPage","@id":"https:\/\/sakt.ee\/en\/pood\/controllers-indicators\/controllers\/esm-3712-hcn-temperature-controller-24ac-dc-on-off-heating-cooling-relay-16a-alarm-5a-50c-400c-buzzer-ip65-20-2\/","url":"https:\/\/sakt.ee\/en\/pood\/controllers-indicators\/controllers\/esm-3712-hcn-temperature-controller-24ac-dc-on-off-heating-cooling-relay-16a-alarm-5a-50c-400c-buzzer-ip65-20-2\/","name":"ESM-3712-HCN Temperature controller, 24AC\/DC, ON\/OFF, heating\/cooling, relay (16A), alarm (5A), -50C...+400C, buzzer, IP65\/20 - Sakala T\u00f6\u00f6stusautomaatika O\u00dc","isPartOf":{"@id":"https:\/\/sakt.ee\/en\/#website"},"primaryImageOfPage":{"@id":"https:\/\/sakt.ee\/en\/pood\/controllers-indicators\/controllers\/esm-3712-hcn-temperature-controller-24ac-dc-on-off-heating-cooling-relay-16a-alarm-5a-50c-400c-buzzer-ip65-20-2\/#primaryimage"},"image":{"@id":"https:\/\/sakt.ee\/en\/pood\/controllers-indicators\/controllers\/esm-3712-hcn-temperature-controller-24ac-dc-on-off-heating-cooling-relay-16a-alarm-5a-50c-400c-buzzer-ip65-20-2\/#primaryimage"},"thumbnailUrl":"https:\/\/sakt.ee\/wp-content\/uploads\/2025\/05\/7004.jpg","datePublished":"2025-05-17T07:28:20+00:00","dateModified":"2025-12-13T13:45:39+00:00","breadcrumb":{"@id":"https:\/\/sakt.ee\/en\/pood\/controllers-indicators\/controllers\/esm-3712-hcn-temperature-controller-24ac-dc-on-off-heating-cooling-relay-16a-alarm-5a-50c-400c-buzzer-ip65-20-2\/#breadcrumb"},"inLanguage":"en-US","potentialAction":[{"@type":"ReadAction","target":["https:\/\/sakt.ee\/en\/pood\/controllers-indicators\/controllers\/esm-3712-hcn-temperature-controller-24ac-dc-on-off-heating-cooling-relay-16a-alarm-5a-50c-400c-buzzer-ip65-20-2\/"]}]},{"@type":"ImageObject","inLanguage":"en-US","@id":"https:\/\/sakt.ee\/en\/pood\/controllers-indicators\/controllers\/esm-3712-hcn-temperature-controller-24ac-dc-on-off-heating-cooling-relay-16a-alarm-5a-50c-400c-buzzer-ip65-20-2\/#primaryimage","url":"https:\/\/sakt.ee\/wp-content\/uploads\/2025\/05\/7004.jpg","contentUrl":"https:\/\/sakt.ee\/wp-content\/uploads\/2025\/05\/7004.jpg","width":300,"height":240},{"@type":"BreadcrumbList","@id":"https:\/\/sakt.ee\/en\/pood\/controllers-indicators\/controllers\/esm-3712-hcn-temperature-controller-24ac-dc-on-off-heating-cooling-relay-16a-alarm-5a-50c-400c-buzzer-ip65-20-2\/#breadcrumb","itemListElement":[{"@type":"ListItem","position":1,"name":"Home","item":"https:\/\/sakt.ee\/"},{"@type":"ListItem","position":2,"name":"Shop","item":"https:\/\/sakt.ee\/en\/shop\/"},{"@type":"ListItem","position":3,"name":"ESM-3712-HCN Temperature controller, 24AC\/DC, ON\/OFF, heating\/cooling, relay (16A), alarm (5A), -50C&#8230;+400C, buzzer, IP65\/20"}]},{"@type":"WebSite","@id":"https:\/\/sakt.ee\/en\/#website","url":"https:\/\/sakt.ee\/en\/","name":"Sakala T\u00f6\u00f6stusautomaatika O\u00dc","description":"T\u00f6\u00f6stusautomaatika e-pood","publisher":{"@id":"https:\/\/sakt.ee\/en\/#organization"},"potentialAction":[{"@type":"SearchAction","target":{"@type":"EntryPoint","urlTemplate":"https:\/\/sakt.ee\/en\/?s={search_term_string}"},"query-input":{"@type":"PropertyValueSpecification","valueRequired":true,"valueName":"search_term_string"}}],"inLanguage":"en-US"},{"@type":"Organization","@id":"https:\/\/sakt.ee\/en\/#organization","name":"Sakala T\u00f6\u00f6stusautomaatika O\u00dc","url":"https:\/\/sakt.ee\/en\/","logo":{"@type":"ImageObject","inLanguage":"en-US","@id":"https:\/\/sakt.ee\/en\/#\/schema\/logo\/image\/","url":"https:\/\/sakt.ee\/wp-content\/uploads\/2025\/05\/Sakala-Toostusautomaatika-favicon.png","contentUrl":"https:\/\/sakt.ee\/wp-content\/uploads\/2025\/05\/Sakala-Toostusautomaatika-favicon.png","width":500,"height":500,"caption":"Sakala T\u00f6\u00f6stusautomaatika O\u00dc"},"image":{"@id":"https:\/\/sakt.ee\/en\/#\/schema\/logo\/image\/"}}]},"product_price_amount":"58.40","product_price_currency":"EUR","og_availability":"instock","product_availability":"instock","product_retailer_item_id":"ESM-3712-HCN.2.11.0.1\/01.00\/2.0.0.0","product_condition":"new"},"_links":{"self":[{"href":"https:\/\/sakt.ee\/en\/wp-json\/wp\/v2\/product\/56717","targetHints":{"allow":["GET"]}}],"collection":[{"href":"https:\/\/sakt.ee\/en\/wp-json\/wp\/v2\/product"}],"about":[{"href":"https:\/\/sakt.ee\/en\/wp-json\/wp\/v2\/types\/product"}],"version-history":[{"count":1,"href":"https:\/\/sakt.ee\/en\/wp-json\/wp\/v2\/product\/56717\/revisions"}],"predecessor-version":[{"id":71322,"href":"https:\/\/sakt.ee\/en\/wp-json\/wp\/v2\/product\/56717\/revisions\/71322"}],"wp:featuredmedia":[{"embeddable":true,"href":"https:\/\/sakt.ee\/en\/wp-json\/wp\/v2\/media\/33519"}],"wp:attachment":[{"href":"https:\/\/sakt.ee\/en\/wp-json\/wp\/v2\/media?parent=56717"}],"wp:term":[{"taxonomy":"product_brand","embeddable":true,"href":"https:\/\/sakt.ee\/en\/wp-json\/wp\/v2\/product_brand?post=56717"},{"taxonomy":"product_cat","embeddable":true,"href":"https:\/\/sakt.ee\/en\/wp-json\/wp\/v2\/product_cat?post=56717"},{"taxonomy":"product_tag","embeddable":true,"href":"https:\/\/sakt.ee\/en\/wp-json\/wp\/v2\/product_tag?post=56717"},{"taxonomy":"manufacturers","embeddable":true,"href":"https:\/\/sakt.ee\/en\/wp-json\/wp\/v2\/manufacturers?post=56717"}],"curies":[{"name":"wp","href":"https:\/\/api.w.org\/{rel}","templated":true}]}}