{"id":44015,"date":"2025-05-17T08:25:57","date_gmt":"2025-05-17T08:25:57","guid":{"rendered":"https:\/\/sakt.ee\/product\/srd-25-spring-clamp-blue\/"},"modified":"2025-11-09T23:46:29","modified_gmt":"2025-11-09T20:46:29","slug":"srd-25-spring-clamp-blue","status":"publish","type":"product","link":"https:\/\/sakt.ee\/en\/pood\/terminals\/spring-terminals\/srd-25-spring-clamp-blue\/","title":{"rendered":"SRD 2,5 spring clamp; blue"},"content":{"rendered":"","protected":false},"excerpt":{"rendered":"","protected":false},"featured_media":34357,"template":"","meta":{"_acf_changed":false},"product_brand":[],"product_cat":[4940],"product_tag":[],"manufacturers":[7807],"class_list":{"0":"post-44015","1":"product","2":"type-product","3":"status-publish","4":"has-post-thumbnail","6":"product_cat-spring-terminals","7":"pa_klemmi-ristloige-25mm-en","8":"pa_maksimaalne-lulitusvool-24a-en","9":"pa_seeria-srd-en","10":"pa_tasapindade-arv-1-en","11":"pa_toode-vedruklemm-en","12":"pa_tootemperatuur-60-130c-en","13":"pa_tootja-klemsan","14":"pa_varv-blue","15":"manufacturers-klemsan-en","17":"first","18":"instock","19":"taxable","20":"shipping-taxable","21":"purchasable","22":"product-type-simple"},"acf":[],"yoast_head":"<!-- This site is optimized with the Yoast SEO Premium plugin v25.4 (Yoast SEO v25.4) - https:\/\/yoast.com\/wordpress\/plugins\/seo\/ -->\n<title>SRD 2,5 spring clamp; blue - Sakala T\u00f6\u00f6stusautomaatika O\u00dc<\/title>\n<meta name=\"robots\" content=\"index, follow, max-snippet:-1, max-image-preview:large, max-video-preview:-1\" \/>\n<link rel=\"canonical\" href=\"https:\/\/sakt.ee\/pood\/riviklemmid\/vedruklemmid\/srd-25-vedruklemm-sinine\/\" \/>\n<meta property=\"og:locale\" content=\"en_US\" \/>\n<meta property=\"og:type\" content=\"article\" \/>\n<meta property=\"og:title\" content=\"SRD 2,5 spring clamp; blue\" \/>\n<meta property=\"og:url\" content=\"https:\/\/sakt.ee\/pood\/riviklemmid\/vedruklemmid\/srd-25-vedruklemm-sinine\/\" \/>\n<meta property=\"og:site_name\" content=\"Sakala T\u00f6\u00f6stusautomaatika O\u00dc\" \/>\n<meta property=\"article:modified_time\" content=\"2025-11-09T20:46:29+00:00\" \/>\n<meta property=\"og:image\" content=\"https:\/\/sakt.ee\/wp-content\/uploads\/2025\/05\/7473.jpg\" \/>\n\t<meta property=\"og:image:width\" content=\"1024\" \/>\n\t<meta property=\"og:image:height\" content=\"768\" \/>\n\t<meta property=\"og:image:type\" content=\"image\/jpeg\" \/>\n<meta name=\"twitter:card\" content=\"summary_large_image\" \/>\n<meta name=\"twitter:label1\" content=\"Price\" \/>\n\t<meta name=\"twitter:data1\" content=\"0,36&euro; +VAT\" \/>\n\t<meta name=\"twitter:label2\" content=\"Availability\" \/>\n\t<meta name=\"twitter:data2\" content=\"In stock\" \/>\n<script type=\"application\/ld+json\" class=\"yoast-schema-graph\">{\"@context\":\"https:\/\/schema.org\",\"@graph\":[{\"@type\":\"WebPage\",\"@id\":\"https:\/\/sakt.ee\/pood\/riviklemmid\/vedruklemmid\/srd-25-vedruklemm-sinine\/\",\"url\":\"https:\/\/sakt.ee\/pood\/riviklemmid\/vedruklemmid\/srd-25-vedruklemm-sinine\/\",\"name\":\"SRD 2,5 spring clamp; blue - Sakala T\u00f6\u00f6stusautomaatika O\u00dc\",\"isPartOf\":{\"@id\":\"https:\/\/sakt.ee\/en\/#website\"},\"primaryImageOfPage\":{\"@id\":\"https:\/\/sakt.ee\/pood\/riviklemmid\/vedruklemmid\/srd-25-vedruklemm-sinine\/#primaryimage\"},\"image\":{\"@id\":\"https:\/\/sakt.ee\/pood\/riviklemmid\/vedruklemmid\/srd-25-vedruklemm-sinine\/#primaryimage\"},\"thumbnailUrl\":\"https:\/\/sakt.ee\/wp-content\/uploads\/2025\/05\/7473.jpg\",\"datePublished\":\"2025-05-17T08:25:57+00:00\",\"dateModified\":\"2025-11-09T20:46:29+00:00\",\"breadcrumb\":{\"@id\":\"https:\/\/sakt.ee\/pood\/riviklemmid\/vedruklemmid\/srd-25-vedruklemm-sinine\/#breadcrumb\"},\"inLanguage\":\"en-US\",\"potentialAction\":[{\"@type\":\"ReadAction\",\"target\":[\"https:\/\/sakt.ee\/pood\/riviklemmid\/vedruklemmid\/srd-25-vedruklemm-sinine\/\"]}]},{\"@type\":\"ImageObject\",\"inLanguage\":\"en-US\",\"@id\":\"https:\/\/sakt.ee\/pood\/riviklemmid\/vedruklemmid\/srd-25-vedruklemm-sinine\/#primaryimage\",\"url\":\"https:\/\/sakt.ee\/wp-content\/uploads\/2025\/05\/7473.jpg\",\"contentUrl\":\"https:\/\/sakt.ee\/wp-content\/uploads\/2025\/05\/7473.jpg\",\"width\":1024,\"height\":768},{\"@type\":\"BreadcrumbList\",\"@id\":\"https:\/\/sakt.ee\/pood\/riviklemmid\/vedruklemmid\/srd-25-vedruklemm-sinine\/#breadcrumb\",\"itemListElement\":[{\"@type\":\"ListItem\",\"position\":1,\"name\":\"Home\",\"item\":\"https:\/\/sakt.ee\/\"},{\"@type\":\"ListItem\",\"position\":2,\"name\":\"Shop\",\"item\":\"https:\/\/sakt.ee\/en\/shop\/\"},{\"@type\":\"ListItem\",\"position\":3,\"name\":\"SRD 2,5 spring clamp; blue\"}]},{\"@type\":\"WebSite\",\"@id\":\"https:\/\/sakt.ee\/en\/#website\",\"url\":\"https:\/\/sakt.ee\/en\/\",\"name\":\"Sakala T\u00f6\u00f6stusautomaatika O\u00dc\",\"description\":\"T\u00f6\u00f6stusautomaatika e-pood\",\"publisher\":{\"@id\":\"https:\/\/sakt.ee\/en\/#organization\"},\"potentialAction\":[{\"@type\":\"SearchAction\",\"target\":{\"@type\":\"EntryPoint\",\"urlTemplate\":\"https:\/\/sakt.ee\/en\/?s={search_term_string}\"},\"query-input\":{\"@type\":\"PropertyValueSpecification\",\"valueRequired\":true,\"valueName\":\"search_term_string\"}}],\"inLanguage\":\"en-US\"},{\"@type\":\"Organization\",\"@id\":\"https:\/\/sakt.ee\/en\/#organization\",\"name\":\"Sakala T\u00f6\u00f6stusautomaatika O\u00dc\",\"url\":\"https:\/\/sakt.ee\/en\/\",\"logo\":{\"@type\":\"ImageObject\",\"inLanguage\":\"en-US\",\"@id\":\"https:\/\/sakt.ee\/en\/#\/schema\/logo\/image\/\",\"url\":\"https:\/\/sakt.ee\/wp-content\/uploads\/2025\/05\/Sakala-Toostusautomaatika-favicon.png\",\"contentUrl\":\"https:\/\/sakt.ee\/wp-content\/uploads\/2025\/05\/Sakala-Toostusautomaatika-favicon.png\",\"width\":500,\"height\":500,\"caption\":\"Sakala T\u00f6\u00f6stusautomaatika O\u00dc\"},\"image\":{\"@id\":\"https:\/\/sakt.ee\/en\/#\/schema\/logo\/image\/\"}}]}<\/script>\n<meta property=\"product:price:amount\" content=\"0.36\" \/>\n<meta property=\"product:price:currency\" content=\"EUR\" \/>\n<meta property=\"og:availability\" content=\"instock\" \/>\n<meta property=\"product:availability\" content=\"instock\" \/>\n<meta property=\"product:retailer_item_id\" content=\"311051\" \/>\n<meta property=\"product:condition\" content=\"new\" \/>\n<!-- \/ Yoast SEO Premium plugin. -->","yoast_head_json":{"title":"SRD 2,5 spring clamp; blue - Sakala T\u00f6\u00f6stusautomaatika O\u00dc","robots":{"index":"index","follow":"follow","max-snippet":"max-snippet:-1","max-image-preview":"max-image-preview:large","max-video-preview":"max-video-preview:-1"},"canonical":"https:\/\/sakt.ee\/pood\/riviklemmid\/vedruklemmid\/srd-25-vedruklemm-sinine\/","og_locale":"en_US","og_type":"article","og_title":"SRD 2,5 spring clamp; blue","og_url":"https:\/\/sakt.ee\/pood\/riviklemmid\/vedruklemmid\/srd-25-vedruklemm-sinine\/","og_site_name":"Sakala T\u00f6\u00f6stusautomaatika O\u00dc","article_modified_time":"2025-11-09T20:46:29+00:00","og_image":[{"width":1024,"height":768,"url":"https:\/\/sakt.ee\/wp-content\/uploads\/2025\/05\/7473.jpg","type":"image\/jpeg"}],"twitter_card":"summary_large_image","twitter_misc":{"Price":"0,36&euro; +VAT","Availability":"In stock"},"schema":{"@context":"https:\/\/schema.org","@graph":[{"@type":"WebPage","@id":"https:\/\/sakt.ee\/pood\/riviklemmid\/vedruklemmid\/srd-25-vedruklemm-sinine\/","url":"https:\/\/sakt.ee\/pood\/riviklemmid\/vedruklemmid\/srd-25-vedruklemm-sinine\/","name":"SRD 2,5 spring clamp; blue - Sakala T\u00f6\u00f6stusautomaatika O\u00dc","isPartOf":{"@id":"https:\/\/sakt.ee\/en\/#website"},"primaryImageOfPage":{"@id":"https:\/\/sakt.ee\/pood\/riviklemmid\/vedruklemmid\/srd-25-vedruklemm-sinine\/#primaryimage"},"image":{"@id":"https:\/\/sakt.ee\/pood\/riviklemmid\/vedruklemmid\/srd-25-vedruklemm-sinine\/#primaryimage"},"thumbnailUrl":"https:\/\/sakt.ee\/wp-content\/uploads\/2025\/05\/7473.jpg","datePublished":"2025-05-17T08:25:57+00:00","dateModified":"2025-11-09T20:46:29+00:00","breadcrumb":{"@id":"https:\/\/sakt.ee\/pood\/riviklemmid\/vedruklemmid\/srd-25-vedruklemm-sinine\/#breadcrumb"},"inLanguage":"en-US","potentialAction":[{"@type":"ReadAction","target":["https:\/\/sakt.ee\/pood\/riviklemmid\/vedruklemmid\/srd-25-vedruklemm-sinine\/"]}]},{"@type":"ImageObject","inLanguage":"en-US","@id":"https:\/\/sakt.ee\/pood\/riviklemmid\/vedruklemmid\/srd-25-vedruklemm-sinine\/#primaryimage","url":"https:\/\/sakt.ee\/wp-content\/uploads\/2025\/05\/7473.jpg","contentUrl":"https:\/\/sakt.ee\/wp-content\/uploads\/2025\/05\/7473.jpg","width":1024,"height":768},{"@type":"BreadcrumbList","@id":"https:\/\/sakt.ee\/pood\/riviklemmid\/vedruklemmid\/srd-25-vedruklemm-sinine\/#breadcrumb","itemListElement":[{"@type":"ListItem","position":1,"name":"Home","item":"https:\/\/sakt.ee\/"},{"@type":"ListItem","position":2,"name":"Shop","item":"https:\/\/sakt.ee\/en\/shop\/"},{"@type":"ListItem","position":3,"name":"SRD 2,5 spring clamp; blue"}]},{"@type":"WebSite","@id":"https:\/\/sakt.ee\/en\/#website","url":"https:\/\/sakt.ee\/en\/","name":"Sakala T\u00f6\u00f6stusautomaatika O\u00dc","description":"T\u00f6\u00f6stusautomaatika e-pood","publisher":{"@id":"https:\/\/sakt.ee\/en\/#organization"},"potentialAction":[{"@type":"SearchAction","target":{"@type":"EntryPoint","urlTemplate":"https:\/\/sakt.ee\/en\/?s={search_term_string}"},"query-input":{"@type":"PropertyValueSpecification","valueRequired":true,"valueName":"search_term_string"}}],"inLanguage":"en-US"},{"@type":"Organization","@id":"https:\/\/sakt.ee\/en\/#organization","name":"Sakala T\u00f6\u00f6stusautomaatika O\u00dc","url":"https:\/\/sakt.ee\/en\/","logo":{"@type":"ImageObject","inLanguage":"en-US","@id":"https:\/\/sakt.ee\/en\/#\/schema\/logo\/image\/","url":"https:\/\/sakt.ee\/wp-content\/uploads\/2025\/05\/Sakala-Toostusautomaatika-favicon.png","contentUrl":"https:\/\/sakt.ee\/wp-content\/uploads\/2025\/05\/Sakala-Toostusautomaatika-favicon.png","width":500,"height":500,"caption":"Sakala T\u00f6\u00f6stusautomaatika O\u00dc"},"image":{"@id":"https:\/\/sakt.ee\/en\/#\/schema\/logo\/image\/"}}]},"product_price_amount":"0.36","product_price_currency":"EUR","og_availability":"instock","product_availability":"instock","product_retailer_item_id":"311051","product_condition":"new"},"_links":{"self":[{"href":"https:\/\/sakt.ee\/en\/wp-json\/wp\/v2\/product\/44015","targetHints":{"allow":["GET"]}}],"collection":[{"href":"https:\/\/sakt.ee\/en\/wp-json\/wp\/v2\/product"}],"about":[{"href":"https:\/\/sakt.ee\/en\/wp-json\/wp\/v2\/types\/product"}],"version-history":[{"count":0,"href":"https:\/\/sakt.ee\/en\/wp-json\/wp\/v2\/product\/44015\/revisions"}],"wp:featuredmedia":[{"embeddable":true,"href":"https:\/\/sakt.ee\/en\/wp-json\/wp\/v2\/media\/34357"}],"wp:attachment":[{"href":"https:\/\/sakt.ee\/en\/wp-json\/wp\/v2\/media?parent=44015"}],"wp:term":[{"taxonomy":"product_brand","embeddable":true,"href":"https:\/\/sakt.ee\/en\/wp-json\/wp\/v2\/product_brand?post=44015"},{"taxonomy":"product_cat","embeddable":true,"href":"https:\/\/sakt.ee\/en\/wp-json\/wp\/v2\/product_cat?post=44015"},{"taxonomy":"product_tag","embeddable":true,"href":"https:\/\/sakt.ee\/en\/wp-json\/wp\/v2\/product_tag?post=44015"},{"taxonomy":"manufacturers","embeddable":true,"href":"https:\/\/sakt.ee\/en\/wp-json\/wp\/v2\/manufacturers?post=44015"}],"curies":[{"name":"wp","href":"https:\/\/api.w.org\/{rel}","templated":true}]}}