{"id":43963,"date":"2025-05-17T11:34:41","date_gmt":"2025-05-17T08:34:41","guid":{"rendered":"https:\/\/sakt.ee\/product\/m22-cled230-w-white-led-light-85-264ac-front-mounted-spring-clamp-connection\/"},"modified":"2025-11-18T21:59:28","modified_gmt":"2025-11-18T18:59:28","slug":"m22-cled230-w-white-led-light-85-264ac-front-mounted-spring-clamp-connection","status":"publish","type":"product","link":"https:\/\/sakt.ee\/en\/pood\/automatic-components\/m16-m22-module-series-buttons-and-indication-lights\/led-s\/m22-cled230-w-white-led-light-85-264ac-front-mounted-spring-clamp-connection\/","title":{"rendered":"M22-CLED230-W white LED light; 85-264AC; front mounted; spring clamp connection"},"content":{"rendered":"","protected":false},"excerpt":{"rendered":"","protected":false},"featured_media":0,"template":"","meta":{"_acf_changed":false},"product_brand":[],"product_cat":[5164],"product_tag":[],"manufacturers":[],"class_list":{"0":"post-43963","1":"product","2":"type-product","3":"status-publish","5":"product_cat-led-s","7":"first","8":"onbackorder","9":"taxable","10":"shipping-taxable","11":"purchasable","12":"product-type-simple"},"acf":[],"yoast_head":"<!-- This site is optimized with the Yoast SEO Premium plugin v25.4 (Yoast SEO v25.4) - https:\/\/yoast.com\/wordpress\/plugins\/seo\/ -->\n<title>M22-CLED230-W white LED light; 85-264AC; front mounted; spring clamp connection - Sakala T\u00f6\u00f6stusautomaatika O\u00dc<\/title>\n<meta name=\"robots\" content=\"index, follow, max-snippet:-1, max-image-preview:large, max-video-preview:-1\" \/>\n<link rel=\"canonical\" href=\"https:\/\/sakt.ee\/en\/pood\/automatic-components\/m16-m22-module-series-buttons-and-indication-lights\/led-s\/m22-cled230-w-white-led-light-85-264ac-front-mounted-spring-clamp-connection\/\" \/>\n<meta property=\"og:locale\" content=\"en_US\" \/>\n<meta property=\"og:type\" content=\"article\" \/>\n<meta property=\"og:title\" content=\"M22-CLED230-W white LED light; 85-264AC; front mounted; spring clamp connection\" \/>\n<meta property=\"og:url\" content=\"https:\/\/sakt.ee\/en\/pood\/automatic-components\/m16-m22-module-series-buttons-and-indication-lights\/led-s\/m22-cled230-w-white-led-light-85-264ac-front-mounted-spring-clamp-connection\/\" \/>\n<meta property=\"og:site_name\" content=\"Sakala T\u00f6\u00f6stusautomaatika O\u00dc\" \/>\n<meta property=\"article:modified_time\" content=\"2025-11-18T18:59:28+00:00\" \/>\n<meta name=\"twitter:card\" content=\"summary_large_image\" \/>\n<meta name=\"twitter:label1\" content=\"Price\" \/>\n\t<meta name=\"twitter:data1\" content=\"6,15&euro; +VAT\" \/>\n\t<meta name=\"twitter:label2\" content=\"Availability\" \/>\n\t<meta name=\"twitter:data2\" content=\"On backorder\" \/>\n<script type=\"application\/ld+json\" class=\"yoast-schema-graph\">{\"@context\":\"https:\/\/schema.org\",\"@graph\":[{\"@type\":\"WebPage\",\"@id\":\"https:\/\/sakt.ee\/en\/pood\/automatic-components\/m16-m22-module-series-buttons-and-indication-lights\/led-s\/m22-cled230-w-white-led-light-85-264ac-front-mounted-spring-clamp-connection\/\",\"url\":\"https:\/\/sakt.ee\/en\/pood\/automatic-components\/m16-m22-module-series-buttons-and-indication-lights\/led-s\/m22-cled230-w-white-led-light-85-264ac-front-mounted-spring-clamp-connection\/\",\"name\":\"M22-CLED230-W white LED light; 85-264AC; front mounted; spring clamp connection - Sakala T\u00f6\u00f6stusautomaatika O\u00dc\",\"isPartOf\":{\"@id\":\"https:\/\/sakt.ee\/en\/#website\"},\"datePublished\":\"2025-05-17T08:34:41+00:00\",\"dateModified\":\"2025-11-18T18:59:28+00:00\",\"breadcrumb\":{\"@id\":\"https:\/\/sakt.ee\/en\/pood\/automatic-components\/m16-m22-module-series-buttons-and-indication-lights\/led-s\/m22-cled230-w-white-led-light-85-264ac-front-mounted-spring-clamp-connection\/#breadcrumb\"},\"inLanguage\":\"en-US\",\"potentialAction\":[{\"@type\":\"ReadAction\",\"target\":[\"https:\/\/sakt.ee\/en\/pood\/automatic-components\/m16-m22-module-series-buttons-and-indication-lights\/led-s\/m22-cled230-w-white-led-light-85-264ac-front-mounted-spring-clamp-connection\/\"]}]},{\"@type\":\"BreadcrumbList\",\"@id\":\"https:\/\/sakt.ee\/en\/pood\/automatic-components\/m16-m22-module-series-buttons-and-indication-lights\/led-s\/m22-cled230-w-white-led-light-85-264ac-front-mounted-spring-clamp-connection\/#breadcrumb\",\"itemListElement\":[{\"@type\":\"ListItem\",\"position\":1,\"name\":\"Home\",\"item\":\"https:\/\/sakt.ee\/\"},{\"@type\":\"ListItem\",\"position\":2,\"name\":\"Shop\",\"item\":\"https:\/\/sakt.ee\/en\/shop\/\"},{\"@type\":\"ListItem\",\"position\":3,\"name\":\"M22-CLED230-W white LED light; 85-264AC; front mounted; spring clamp connection\"}]},{\"@type\":\"WebSite\",\"@id\":\"https:\/\/sakt.ee\/en\/#website\",\"url\":\"https:\/\/sakt.ee\/en\/\",\"name\":\"Sakala T\u00f6\u00f6stusautomaatika O\u00dc\",\"description\":\"T\u00f6\u00f6stusautomaatika e-pood\",\"publisher\":{\"@id\":\"https:\/\/sakt.ee\/en\/#organization\"},\"potentialAction\":[{\"@type\":\"SearchAction\",\"target\":{\"@type\":\"EntryPoint\",\"urlTemplate\":\"https:\/\/sakt.ee\/en\/?s={search_term_string}\"},\"query-input\":{\"@type\":\"PropertyValueSpecification\",\"valueRequired\":true,\"valueName\":\"search_term_string\"}}],\"inLanguage\":\"en-US\"},{\"@type\":\"Organization\",\"@id\":\"https:\/\/sakt.ee\/en\/#organization\",\"name\":\"Sakala T\u00f6\u00f6stusautomaatika O\u00dc\",\"url\":\"https:\/\/sakt.ee\/en\/\",\"logo\":{\"@type\":\"ImageObject\",\"inLanguage\":\"en-US\",\"@id\":\"https:\/\/sakt.ee\/en\/#\/schema\/logo\/image\/\",\"url\":\"https:\/\/sakt.ee\/wp-content\/uploads\/2025\/05\/Sakala-Toostusautomaatika-favicon.png\",\"contentUrl\":\"https:\/\/sakt.ee\/wp-content\/uploads\/2025\/05\/Sakala-Toostusautomaatika-favicon.png\",\"width\":500,\"height\":500,\"caption\":\"Sakala T\u00f6\u00f6stusautomaatika O\u00dc\"},\"image\":{\"@id\":\"https:\/\/sakt.ee\/en\/#\/schema\/logo\/image\/\"}}]}<\/script>\n<meta property=\"product:price:amount\" content=\"6.15\" \/>\n<meta property=\"product:price:currency\" content=\"EUR\" \/>\n<meta property=\"og:availability\" content=\"backorder\" \/>\n<meta property=\"product:availability\" content=\"available for order\" \/>\n<meta property=\"product:retailer_item_id\" content=\"216575\" \/>\n<meta property=\"product:condition\" content=\"new\" \/>\n<!-- \/ Yoast SEO Premium plugin. -->","yoast_head_json":{"title":"M22-CLED230-W white LED light; 85-264AC; front mounted; spring clamp connection - Sakala T\u00f6\u00f6stusautomaatika O\u00dc","robots":{"index":"index","follow":"follow","max-snippet":"max-snippet:-1","max-image-preview":"max-image-preview:large","max-video-preview":"max-video-preview:-1"},"canonical":"https:\/\/sakt.ee\/en\/pood\/automatic-components\/m16-m22-module-series-buttons-and-indication-lights\/led-s\/m22-cled230-w-white-led-light-85-264ac-front-mounted-spring-clamp-connection\/","og_locale":"en_US","og_type":"article","og_title":"M22-CLED230-W white LED light; 85-264AC; front mounted; spring clamp connection","og_url":"https:\/\/sakt.ee\/en\/pood\/automatic-components\/m16-m22-module-series-buttons-and-indication-lights\/led-s\/m22-cled230-w-white-led-light-85-264ac-front-mounted-spring-clamp-connection\/","og_site_name":"Sakala T\u00f6\u00f6stusautomaatika O\u00dc","article_modified_time":"2025-11-18T18:59:28+00:00","twitter_card":"summary_large_image","twitter_misc":{"Price":"6,15&euro; +VAT","Availability":"On backorder"},"schema":{"@context":"https:\/\/schema.org","@graph":[{"@type":"WebPage","@id":"https:\/\/sakt.ee\/en\/pood\/automatic-components\/m16-m22-module-series-buttons-and-indication-lights\/led-s\/m22-cled230-w-white-led-light-85-264ac-front-mounted-spring-clamp-connection\/","url":"https:\/\/sakt.ee\/en\/pood\/automatic-components\/m16-m22-module-series-buttons-and-indication-lights\/led-s\/m22-cled230-w-white-led-light-85-264ac-front-mounted-spring-clamp-connection\/","name":"M22-CLED230-W white LED light; 85-264AC; front mounted; spring clamp connection - Sakala T\u00f6\u00f6stusautomaatika O\u00dc","isPartOf":{"@id":"https:\/\/sakt.ee\/en\/#website"},"datePublished":"2025-05-17T08:34:41+00:00","dateModified":"2025-11-18T18:59:28+00:00","breadcrumb":{"@id":"https:\/\/sakt.ee\/en\/pood\/automatic-components\/m16-m22-module-series-buttons-and-indication-lights\/led-s\/m22-cled230-w-white-led-light-85-264ac-front-mounted-spring-clamp-connection\/#breadcrumb"},"inLanguage":"en-US","potentialAction":[{"@type":"ReadAction","target":["https:\/\/sakt.ee\/en\/pood\/automatic-components\/m16-m22-module-series-buttons-and-indication-lights\/led-s\/m22-cled230-w-white-led-light-85-264ac-front-mounted-spring-clamp-connection\/"]}]},{"@type":"BreadcrumbList","@id":"https:\/\/sakt.ee\/en\/pood\/automatic-components\/m16-m22-module-series-buttons-and-indication-lights\/led-s\/m22-cled230-w-white-led-light-85-264ac-front-mounted-spring-clamp-connection\/#breadcrumb","itemListElement":[{"@type":"ListItem","position":1,"name":"Home","item":"https:\/\/sakt.ee\/"},{"@type":"ListItem","position":2,"name":"Shop","item":"https:\/\/sakt.ee\/en\/shop\/"},{"@type":"ListItem","position":3,"name":"M22-CLED230-W white LED light; 85-264AC; front mounted; spring clamp connection"}]},{"@type":"WebSite","@id":"https:\/\/sakt.ee\/en\/#website","url":"https:\/\/sakt.ee\/en\/","name":"Sakala T\u00f6\u00f6stusautomaatika O\u00dc","description":"T\u00f6\u00f6stusautomaatika e-pood","publisher":{"@id":"https:\/\/sakt.ee\/en\/#organization"},"potentialAction":[{"@type":"SearchAction","target":{"@type":"EntryPoint","urlTemplate":"https:\/\/sakt.ee\/en\/?s={search_term_string}"},"query-input":{"@type":"PropertyValueSpecification","valueRequired":true,"valueName":"search_term_string"}}],"inLanguage":"en-US"},{"@type":"Organization","@id":"https:\/\/sakt.ee\/en\/#organization","name":"Sakala T\u00f6\u00f6stusautomaatika O\u00dc","url":"https:\/\/sakt.ee\/en\/","logo":{"@type":"ImageObject","inLanguage":"en-US","@id":"https:\/\/sakt.ee\/en\/#\/schema\/logo\/image\/","url":"https:\/\/sakt.ee\/wp-content\/uploads\/2025\/05\/Sakala-Toostusautomaatika-favicon.png","contentUrl":"https:\/\/sakt.ee\/wp-content\/uploads\/2025\/05\/Sakala-Toostusautomaatika-favicon.png","width":500,"height":500,"caption":"Sakala T\u00f6\u00f6stusautomaatika O\u00dc"},"image":{"@id":"https:\/\/sakt.ee\/en\/#\/schema\/logo\/image\/"}}]},"product_price_amount":"6.15","product_price_currency":"EUR","og_availability":"backorder","product_availability":"available for order","product_retailer_item_id":"216575","product_condition":"new"},"_links":{"self":[{"href":"https:\/\/sakt.ee\/en\/wp-json\/wp\/v2\/product\/43963","targetHints":{"allow":["GET"]}}],"collection":[{"href":"https:\/\/sakt.ee\/en\/wp-json\/wp\/v2\/product"}],"about":[{"href":"https:\/\/sakt.ee\/en\/wp-json\/wp\/v2\/types\/product"}],"version-history":[{"count":0,"href":"https:\/\/sakt.ee\/en\/wp-json\/wp\/v2\/product\/43963\/revisions"}],"wp:attachment":[{"href":"https:\/\/sakt.ee\/en\/wp-json\/wp\/v2\/media?parent=43963"}],"wp:term":[{"taxonomy":"product_brand","embeddable":true,"href":"https:\/\/sakt.ee\/en\/wp-json\/wp\/v2\/product_brand?post=43963"},{"taxonomy":"product_cat","embeddable":true,"href":"https:\/\/sakt.ee\/en\/wp-json\/wp\/v2\/product_cat?post=43963"},{"taxonomy":"product_tag","embeddable":true,"href":"https:\/\/sakt.ee\/en\/wp-json\/wp\/v2\/product_tag?post=43963"},{"taxonomy":"manufacturers","embeddable":true,"href":"https:\/\/sakt.ee\/en\/wp-json\/wp\/v2\/manufacturers?post=43963"}],"curies":[{"name":"wp","href":"https:\/\/api.w.org\/{rel}","templated":true}]}}