{"id":43911,"date":"2025-05-17T08:46:50","date_gmt":"2025-05-17T08:46:50","guid":{"rendered":"https:\/\/sakt.ee\/product\/pt1000-50-180c-5x50mm-class-b-3-core-10m-silicone-rubber\/"},"modified":"2025-07-12T12:03:45","modified_gmt":"2025-07-12T12:03:45","slug":"pt1000-50-180c-5x50mm-class-b-3-core-10m-silicone-rubber","status":"publish","type":"product","link":"https:\/\/sakt.ee\/en\/pood\/process-sensors\/temperature-sensors\/wired-temperature-sensors\/pt1000-50-180c-5x50mm-class-b-3-core-10m-silicone-rubber\/","title":{"rendered":"PT1000; -50&#8230;+180C; 5x50mm; class B; 3-core; 10m silicone rubber"},"content":{"rendered":"","protected":false},"excerpt":{"rendered":"","protected":false},"featured_media":34649,"template":"","meta":{"_acf_changed":false},"product_brand":[],"product_cat":[4147],"product_tag":[],"manufacturers":[7788],"class_list":{"0":"post-43911","1":"product","2":"type-product","3":"status-publish","4":"has-post-thumbnail","6":"product_cat-wired-temperature-sensors","7":"pa_juhtmete-arv-3-en","8":"pa_kaabli-pikkus-10m-en","9":"pa_labimoot-5mm-en","10":"pa_materjal-silicone","11":"pa_mootepiirkond-50-180c-en","12":"pa_pikkus-50mm-en","13":"pa_tapsusklass-b-en","14":"pa_toode-pt1000-andur-en","15":"pa_tootja-resitermica","16":"manufacturers-resitermica-en","18":"first","19":"instock","20":"taxable","21":"shipping-taxable","22":"purchasable","23":"product-type-simple"},"acf":[],"yoast_head":"<!-- This site is optimized with the Yoast SEO Premium plugin v25.4 (Yoast SEO v25.4) - https:\/\/yoast.com\/wordpress\/plugins\/seo\/ -->\n<title>PT1000; -50...+180C; 5x50mm; class B; 3-core; 10m silicone rubber - Sakala T\u00f6\u00f6stusautomaatika O\u00dc<\/title>\n<meta name=\"robots\" content=\"index, follow, max-snippet:-1, max-image-preview:large, max-video-preview:-1\" \/>\n<link rel=\"canonical\" href=\"https:\/\/sakt.ee\/en\/pood\/process-sensors\/temperature-sensors\/wired-temperature-sensors\/pt1000-50-180c-5x50mm-class-b-3-core-10m-silicone-rubber\/\" \/>\n<meta property=\"og:locale\" content=\"en_US\" \/>\n<meta property=\"og:type\" content=\"article\" \/>\n<meta property=\"og:title\" content=\"PT1000; -50...+180C; 5x50mm; class B; 3-core; 10m silicone rubber\" \/>\n<meta property=\"og:url\" content=\"https:\/\/sakt.ee\/en\/pood\/process-sensors\/temperature-sensors\/wired-temperature-sensors\/pt1000-50-180c-5x50mm-class-b-3-core-10m-silicone-rubber\/\" \/>\n<meta property=\"og:site_name\" content=\"Sakala T\u00f6\u00f6stusautomaatika O\u00dc\" \/>\n<meta property=\"article:modified_time\" content=\"2025-07-12T12:03:45+00:00\" \/>\n<meta property=\"og:image\" content=\"https:\/\/sakt.ee\/wp-content\/uploads\/2025\/05\/7614.jpg\" \/>\n\t<meta property=\"og:image:width\" content=\"1024\" \/>\n\t<meta property=\"og:image:height\" content=\"1024\" \/>\n\t<meta property=\"og:image:type\" content=\"image\/jpeg\" \/>\n<meta name=\"twitter:card\" content=\"summary_large_image\" \/>\n<meta name=\"twitter:label1\" content=\"Price\" \/>\n\t<meta name=\"twitter:data1\" content=\"40,00&euro; +VAT\" \/>\n\t<meta name=\"twitter:label2\" content=\"Availability\" \/>\n\t<meta name=\"twitter:data2\" content=\"In stock\" \/>\n<script type=\"application\/ld+json\" class=\"yoast-schema-graph\">{\"@context\":\"https:\/\/schema.org\",\"@graph\":[{\"@type\":\"WebPage\",\"@id\":\"https:\/\/sakt.ee\/en\/pood\/process-sensors\/temperature-sensors\/wired-temperature-sensors\/pt1000-50-180c-5x50mm-class-b-3-core-10m-silicone-rubber\/\",\"url\":\"https:\/\/sakt.ee\/en\/pood\/process-sensors\/temperature-sensors\/wired-temperature-sensors\/pt1000-50-180c-5x50mm-class-b-3-core-10m-silicone-rubber\/\",\"name\":\"PT1000; -50...+180C; 5x50mm; class B; 3-core; 10m silicone rubber - Sakala T\u00f6\u00f6stusautomaatika O\u00dc\",\"isPartOf\":{\"@id\":\"https:\/\/sakt.ee\/en\/#website\"},\"primaryImageOfPage\":{\"@id\":\"https:\/\/sakt.ee\/en\/pood\/process-sensors\/temperature-sensors\/wired-temperature-sensors\/pt1000-50-180c-5x50mm-class-b-3-core-10m-silicone-rubber\/#primaryimage\"},\"image\":{\"@id\":\"https:\/\/sakt.ee\/en\/pood\/process-sensors\/temperature-sensors\/wired-temperature-sensors\/pt1000-50-180c-5x50mm-class-b-3-core-10m-silicone-rubber\/#primaryimage\"},\"thumbnailUrl\":\"https:\/\/sakt.ee\/wp-content\/uploads\/2025\/05\/7614.jpg\",\"datePublished\":\"2025-05-17T08:46:50+00:00\",\"dateModified\":\"2025-07-12T12:03:45+00:00\",\"breadcrumb\":{\"@id\":\"https:\/\/sakt.ee\/en\/pood\/process-sensors\/temperature-sensors\/wired-temperature-sensors\/pt1000-50-180c-5x50mm-class-b-3-core-10m-silicone-rubber\/#breadcrumb\"},\"inLanguage\":\"en-US\",\"potentialAction\":[{\"@type\":\"ReadAction\",\"target\":[\"https:\/\/sakt.ee\/en\/pood\/process-sensors\/temperature-sensors\/wired-temperature-sensors\/pt1000-50-180c-5x50mm-class-b-3-core-10m-silicone-rubber\/\"]}]},{\"@type\":\"ImageObject\",\"inLanguage\":\"en-US\",\"@id\":\"https:\/\/sakt.ee\/en\/pood\/process-sensors\/temperature-sensors\/wired-temperature-sensors\/pt1000-50-180c-5x50mm-class-b-3-core-10m-silicone-rubber\/#primaryimage\",\"url\":\"https:\/\/sakt.ee\/wp-content\/uploads\/2025\/05\/7614.jpg\",\"contentUrl\":\"https:\/\/sakt.ee\/wp-content\/uploads\/2025\/05\/7614.jpg\",\"width\":1024,\"height\":1024},{\"@type\":\"BreadcrumbList\",\"@id\":\"https:\/\/sakt.ee\/en\/pood\/process-sensors\/temperature-sensors\/wired-temperature-sensors\/pt1000-50-180c-5x50mm-class-b-3-core-10m-silicone-rubber\/#breadcrumb\",\"itemListElement\":[{\"@type\":\"ListItem\",\"position\":1,\"name\":\"Home\",\"item\":\"https:\/\/sakt.ee\/\"},{\"@type\":\"ListItem\",\"position\":2,\"name\":\"Shop\",\"item\":\"https:\/\/sakt.ee\/en\/shop\/\"},{\"@type\":\"ListItem\",\"position\":3,\"name\":\"PT1000; -50&#8230;+180C; 5x50mm; class B; 3-core; 10m silicone rubber\"}]},{\"@type\":\"WebSite\",\"@id\":\"https:\/\/sakt.ee\/en\/#website\",\"url\":\"https:\/\/sakt.ee\/en\/\",\"name\":\"Sakala T\u00f6\u00f6stusautomaatika O\u00dc\",\"description\":\"T\u00f6\u00f6stusautomaatika e-pood\",\"publisher\":{\"@id\":\"https:\/\/sakt.ee\/en\/#organization\"},\"potentialAction\":[{\"@type\":\"SearchAction\",\"target\":{\"@type\":\"EntryPoint\",\"urlTemplate\":\"https:\/\/sakt.ee\/en\/?s={search_term_string}\"},\"query-input\":{\"@type\":\"PropertyValueSpecification\",\"valueRequired\":true,\"valueName\":\"search_term_string\"}}],\"inLanguage\":\"en-US\"},{\"@type\":\"Organization\",\"@id\":\"https:\/\/sakt.ee\/en\/#organization\",\"name\":\"Sakala T\u00f6\u00f6stusautomaatika O\u00dc\",\"url\":\"https:\/\/sakt.ee\/en\/\",\"logo\":{\"@type\":\"ImageObject\",\"inLanguage\":\"en-US\",\"@id\":\"https:\/\/sakt.ee\/en\/#\/schema\/logo\/image\/\",\"url\":\"https:\/\/sakt.ee\/wp-content\/uploads\/2025\/05\/Sakala-Toostusautomaatika-favicon.png\",\"contentUrl\":\"https:\/\/sakt.ee\/wp-content\/uploads\/2025\/05\/Sakala-Toostusautomaatika-favicon.png\",\"width\":500,\"height\":500,\"caption\":\"Sakala T\u00f6\u00f6stusautomaatika O\u00dc\"},\"image\":{\"@id\":\"https:\/\/sakt.ee\/en\/#\/schema\/logo\/image\/\"}}]}<\/script>\n<meta property=\"product:price:amount\" content=\"40.00\" \/>\n<meta property=\"product:price:currency\" content=\"EUR\" \/>\n<meta property=\"og:availability\" content=\"instock\" \/>\n<meta property=\"product:availability\" content=\"instock\" \/>\n<meta property=\"product:retailer_item_id\" content=\"SPT1K.3W.5.50\/CS10\" \/>\n<meta property=\"product:condition\" content=\"new\" \/>\n<!-- \/ Yoast SEO Premium plugin. -->","yoast_head_json":{"title":"PT1000; -50...+180C; 5x50mm; class B; 3-core; 10m silicone rubber - Sakala T\u00f6\u00f6stusautomaatika O\u00dc","robots":{"index":"index","follow":"follow","max-snippet":"max-snippet:-1","max-image-preview":"max-image-preview:large","max-video-preview":"max-video-preview:-1"},"canonical":"https:\/\/sakt.ee\/en\/pood\/process-sensors\/temperature-sensors\/wired-temperature-sensors\/pt1000-50-180c-5x50mm-class-b-3-core-10m-silicone-rubber\/","og_locale":"en_US","og_type":"article","og_title":"PT1000; -50...+180C; 5x50mm; class B; 3-core; 10m silicone rubber","og_url":"https:\/\/sakt.ee\/en\/pood\/process-sensors\/temperature-sensors\/wired-temperature-sensors\/pt1000-50-180c-5x50mm-class-b-3-core-10m-silicone-rubber\/","og_site_name":"Sakala T\u00f6\u00f6stusautomaatika O\u00dc","article_modified_time":"2025-07-12T12:03:45+00:00","og_image":[{"width":1024,"height":1024,"url":"https:\/\/sakt.ee\/wp-content\/uploads\/2025\/05\/7614.jpg","type":"image\/jpeg"}],"twitter_card":"summary_large_image","twitter_misc":{"Price":"40,00&euro; +VAT","Availability":"In stock"},"schema":{"@context":"https:\/\/schema.org","@graph":[{"@type":"WebPage","@id":"https:\/\/sakt.ee\/en\/pood\/process-sensors\/temperature-sensors\/wired-temperature-sensors\/pt1000-50-180c-5x50mm-class-b-3-core-10m-silicone-rubber\/","url":"https:\/\/sakt.ee\/en\/pood\/process-sensors\/temperature-sensors\/wired-temperature-sensors\/pt1000-50-180c-5x50mm-class-b-3-core-10m-silicone-rubber\/","name":"PT1000; -50...+180C; 5x50mm; class B; 3-core; 10m silicone rubber - Sakala T\u00f6\u00f6stusautomaatika O\u00dc","isPartOf":{"@id":"https:\/\/sakt.ee\/en\/#website"},"primaryImageOfPage":{"@id":"https:\/\/sakt.ee\/en\/pood\/process-sensors\/temperature-sensors\/wired-temperature-sensors\/pt1000-50-180c-5x50mm-class-b-3-core-10m-silicone-rubber\/#primaryimage"},"image":{"@id":"https:\/\/sakt.ee\/en\/pood\/process-sensors\/temperature-sensors\/wired-temperature-sensors\/pt1000-50-180c-5x50mm-class-b-3-core-10m-silicone-rubber\/#primaryimage"},"thumbnailUrl":"https:\/\/sakt.ee\/wp-content\/uploads\/2025\/05\/7614.jpg","datePublished":"2025-05-17T08:46:50+00:00","dateModified":"2025-07-12T12:03:45+00:00","breadcrumb":{"@id":"https:\/\/sakt.ee\/en\/pood\/process-sensors\/temperature-sensors\/wired-temperature-sensors\/pt1000-50-180c-5x50mm-class-b-3-core-10m-silicone-rubber\/#breadcrumb"},"inLanguage":"en-US","potentialAction":[{"@type":"ReadAction","target":["https:\/\/sakt.ee\/en\/pood\/process-sensors\/temperature-sensors\/wired-temperature-sensors\/pt1000-50-180c-5x50mm-class-b-3-core-10m-silicone-rubber\/"]}]},{"@type":"ImageObject","inLanguage":"en-US","@id":"https:\/\/sakt.ee\/en\/pood\/process-sensors\/temperature-sensors\/wired-temperature-sensors\/pt1000-50-180c-5x50mm-class-b-3-core-10m-silicone-rubber\/#primaryimage","url":"https:\/\/sakt.ee\/wp-content\/uploads\/2025\/05\/7614.jpg","contentUrl":"https:\/\/sakt.ee\/wp-content\/uploads\/2025\/05\/7614.jpg","width":1024,"height":1024},{"@type":"BreadcrumbList","@id":"https:\/\/sakt.ee\/en\/pood\/process-sensors\/temperature-sensors\/wired-temperature-sensors\/pt1000-50-180c-5x50mm-class-b-3-core-10m-silicone-rubber\/#breadcrumb","itemListElement":[{"@type":"ListItem","position":1,"name":"Home","item":"https:\/\/sakt.ee\/"},{"@type":"ListItem","position":2,"name":"Shop","item":"https:\/\/sakt.ee\/en\/shop\/"},{"@type":"ListItem","position":3,"name":"PT1000; -50&#8230;+180C; 5x50mm; class B; 3-core; 10m silicone rubber"}]},{"@type":"WebSite","@id":"https:\/\/sakt.ee\/en\/#website","url":"https:\/\/sakt.ee\/en\/","name":"Sakala T\u00f6\u00f6stusautomaatika O\u00dc","description":"T\u00f6\u00f6stusautomaatika e-pood","publisher":{"@id":"https:\/\/sakt.ee\/en\/#organization"},"potentialAction":[{"@type":"SearchAction","target":{"@type":"EntryPoint","urlTemplate":"https:\/\/sakt.ee\/en\/?s={search_term_string}"},"query-input":{"@type":"PropertyValueSpecification","valueRequired":true,"valueName":"search_term_string"}}],"inLanguage":"en-US"},{"@type":"Organization","@id":"https:\/\/sakt.ee\/en\/#organization","name":"Sakala T\u00f6\u00f6stusautomaatika O\u00dc","url":"https:\/\/sakt.ee\/en\/","logo":{"@type":"ImageObject","inLanguage":"en-US","@id":"https:\/\/sakt.ee\/en\/#\/schema\/logo\/image\/","url":"https:\/\/sakt.ee\/wp-content\/uploads\/2025\/05\/Sakala-Toostusautomaatika-favicon.png","contentUrl":"https:\/\/sakt.ee\/wp-content\/uploads\/2025\/05\/Sakala-Toostusautomaatika-favicon.png","width":500,"height":500,"caption":"Sakala T\u00f6\u00f6stusautomaatika O\u00dc"},"image":{"@id":"https:\/\/sakt.ee\/en\/#\/schema\/logo\/image\/"}}]},"product_price_amount":"40.00","product_price_currency":"EUR","og_availability":"instock","product_availability":"instock","product_retailer_item_id":"SPT1K.3W.5.50\/CS10","product_condition":"new"},"_links":{"self":[{"href":"https:\/\/sakt.ee\/en\/wp-json\/wp\/v2\/product\/43911","targetHints":{"allow":["GET"]}}],"collection":[{"href":"https:\/\/sakt.ee\/en\/wp-json\/wp\/v2\/product"}],"about":[{"href":"https:\/\/sakt.ee\/en\/wp-json\/wp\/v2\/types\/product"}],"version-history":[{"count":0,"href":"https:\/\/sakt.ee\/en\/wp-json\/wp\/v2\/product\/43911\/revisions"}],"wp:featuredmedia":[{"embeddable":true,"href":"https:\/\/sakt.ee\/en\/wp-json\/wp\/v2\/media\/34649"}],"wp:attachment":[{"href":"https:\/\/sakt.ee\/en\/wp-json\/wp\/v2\/media?parent=43911"}],"wp:term":[{"taxonomy":"product_brand","embeddable":true,"href":"https:\/\/sakt.ee\/en\/wp-json\/wp\/v2\/product_brand?post=43911"},{"taxonomy":"product_cat","embeddable":true,"href":"https:\/\/sakt.ee\/en\/wp-json\/wp\/v2\/product_cat?post=43911"},{"taxonomy":"product_tag","embeddable":true,"href":"https:\/\/sakt.ee\/en\/wp-json\/wp\/v2\/product_tag?post=43911"},{"taxonomy":"manufacturers","embeddable":true,"href":"https:\/\/sakt.ee\/en\/wp-json\/wp\/v2\/manufacturers?post=43911"}],"curies":[{"name":"wp","href":"https:\/\/api.w.org\/{rel}","templated":true}]}}