{"id":43878,"date":"2025-05-17T06:18:07","date_gmt":"2025-05-17T06:18:07","guid":{"rendered":"https:\/\/sakt.ee\/product\/rst2-p-process-controller-24-230ac-dc-universal-input-2-x-relay-5a-ip65-20\/"},"modified":"2025-12-04T11:17:28","modified_gmt":"2025-12-04T08:17:28","slug":"rst2-p-process-controller-24-230ac-dc-universal-input-2-x-relay-5a-ip65-20","status":"publish","type":"product","link":"https:\/\/sakt.ee\/en\/pood\/controllers-indicators\/controllers\/rst2-p-process-controller-24-230ac-dc-universal-input-2-x-relay-5a-ip65-20\/","title":{"rendered":"RST2-P process controller; 24..230AC\/DC; universal input; 2 x relay (5A); IP65\/20"},"content":{"rendered":"","protected":false},"excerpt":{"rendered":"<p>The control form of the controller is ON\/OFF or PID.<br \/>\nThe display of the controller has 4 white LED digits of size 9,6mm and 5 red LED digits of size 7,1mm.<br \/>\nInput: PT100, PT500, PT1000, thermocouples K, J, S, R, T, E, N, B, Ni100, Ni120; PTC1K, NTC10K, 4-20mA, 0&#8230;10V, potentiometer 1&#8230;150 Kohm.<br \/>\nProgrammable by phone (NFC).<br \/>\nDownload the app here:<br \/>\nhttps:\/\/play.google.com\/RST<\/p>\n","protected":false},"featured_media":32577,"template":"","meta":{"_acf_changed":false},"product_brand":[],"product_cat":[4596],"product_tag":[],"manufacturers":[7788],"class_list":{"0":"post-43878","1":"product","2":"type-product","3":"status-publish","4":"has-post-thumbnail","6":"product_cat-controllers","7":"pa_kaitseklass-ip65-20-en","8":"pa_korgus-35mm-en","9":"pa_laius-77mm-en","10":"pa_nimivool-5a-en","11":"pa_paigaldus-panel","12":"pa_ridade-arv-2-rows","13":"pa_sisend-universal","14":"pa_sugavus-53mm-en","15":"pa_toide-24-230v-ac-dc-en","16":"pa_tootemperatuur-0-45c-en","17":"pa_tootja-resitermica","18":"pa_valjund-2-x-relay","19":"manufacturers-resitermica-en","21":"first","22":"instock","23":"taxable","24":"shipping-taxable","25":"purchasable","26":"product-type-simple"},"acf":[],"yoast_head":"<!-- This site is optimized with the Yoast SEO Premium plugin v25.4 (Yoast SEO v25.4) - https:\/\/yoast.com\/wordpress\/plugins\/seo\/ -->\n<title>RST2-P process controller; 24..230AC\/DC; universal input; 2 x relay (5A); IP65\/20 - Sakala T\u00f6\u00f6stusautomaatika O\u00dc<\/title>\n<meta name=\"robots\" content=\"index, follow, max-snippet:-1, max-image-preview:large, max-video-preview:-1\" \/>\n<link rel=\"canonical\" href=\"https:\/\/sakt.ee\/en\/pood\/controllers-indicators\/controllers\/rst2-p-process-controller-24-230ac-dc-universal-input-2-x-relay-5a-ip65-20\/\" \/>\n<meta property=\"og:locale\" content=\"en_US\" \/>\n<meta property=\"og:type\" content=\"article\" \/>\n<meta property=\"og:title\" content=\"RST2-P process controller; 24..230AC\/DC; universal input; 2 x relay (5A); IP65\/20\" \/>\n<meta property=\"og:description\" content=\"The control form of the controller is ON\/OFF or PID. The display of the controller has 4 white LED digits of size 9,6mm and 5 red LED digits of size 7,1mm. Input: PT100, PT500, PT1000, thermocouples K, J, S, R, T, E, N, B, Ni100, Ni120; PTC1K, NTC10K, 4-20mA, 0...10V, potentiometer 1...150 Kohm. Programmable by phone (NFC). Download the app here: https:\/\/play.google.com\/RST\" \/>\n<meta property=\"og:url\" content=\"https:\/\/sakt.ee\/en\/pood\/controllers-indicators\/controllers\/rst2-p-process-controller-24-230ac-dc-universal-input-2-x-relay-5a-ip65-20\/\" \/>\n<meta property=\"og:site_name\" content=\"Sakala T\u00f6\u00f6stusautomaatika O\u00dc\" \/>\n<meta property=\"article:modified_time\" content=\"2025-12-04T08:17:28+00:00\" \/>\n<meta property=\"og:image\" content=\"https:\/\/sakt.ee\/wp-content\/uploads\/2025\/05\/5524.jpg\" \/>\n\t<meta property=\"og:image:width\" content=\"608\" \/>\n\t<meta property=\"og:image:height\" content=\"345\" \/>\n\t<meta property=\"og:image:type\" content=\"image\/jpeg\" \/>\n<meta name=\"twitter:card\" content=\"summary_large_image\" \/>\n<meta name=\"twitter:label1\" content=\"Price\" \/>\n\t<meta name=\"twitter:data1\" content=\"105,00&euro; +VAT\" \/>\n\t<meta name=\"twitter:label2\" content=\"Availability\" \/>\n\t<meta name=\"twitter:data2\" content=\"In stock\" \/>\n<script type=\"application\/ld+json\" class=\"yoast-schema-graph\">{\"@context\":\"https:\/\/schema.org\",\"@graph\":[{\"@type\":\"WebPage\",\"@id\":\"https:\/\/sakt.ee\/en\/pood\/controllers-indicators\/controllers\/rst2-p-process-controller-24-230ac-dc-universal-input-2-x-relay-5a-ip65-20\/\",\"url\":\"https:\/\/sakt.ee\/en\/pood\/controllers-indicators\/controllers\/rst2-p-process-controller-24-230ac-dc-universal-input-2-x-relay-5a-ip65-20\/\",\"name\":\"RST2-P process controller; 24..230AC\/DC; universal input; 2 x relay (5A); IP65\/20 - Sakala T\u00f6\u00f6stusautomaatika O\u00dc\",\"isPartOf\":{\"@id\":\"https:\/\/sakt.ee\/en\/#website\"},\"primaryImageOfPage\":{\"@id\":\"https:\/\/sakt.ee\/en\/pood\/controllers-indicators\/controllers\/rst2-p-process-controller-24-230ac-dc-universal-input-2-x-relay-5a-ip65-20\/#primaryimage\"},\"image\":{\"@id\":\"https:\/\/sakt.ee\/en\/pood\/controllers-indicators\/controllers\/rst2-p-process-controller-24-230ac-dc-universal-input-2-x-relay-5a-ip65-20\/#primaryimage\"},\"thumbnailUrl\":\"https:\/\/sakt.ee\/wp-content\/uploads\/2025\/05\/5524.jpg\",\"datePublished\":\"2025-05-17T06:18:07+00:00\",\"dateModified\":\"2025-12-04T08:17:28+00:00\",\"breadcrumb\":{\"@id\":\"https:\/\/sakt.ee\/en\/pood\/controllers-indicators\/controllers\/rst2-p-process-controller-24-230ac-dc-universal-input-2-x-relay-5a-ip65-20\/#breadcrumb\"},\"inLanguage\":\"en-US\",\"potentialAction\":[{\"@type\":\"ReadAction\",\"target\":[\"https:\/\/sakt.ee\/en\/pood\/controllers-indicators\/controllers\/rst2-p-process-controller-24-230ac-dc-universal-input-2-x-relay-5a-ip65-20\/\"]}]},{\"@type\":\"ImageObject\",\"inLanguage\":\"en-US\",\"@id\":\"https:\/\/sakt.ee\/en\/pood\/controllers-indicators\/controllers\/rst2-p-process-controller-24-230ac-dc-universal-input-2-x-relay-5a-ip65-20\/#primaryimage\",\"url\":\"https:\/\/sakt.ee\/wp-content\/uploads\/2025\/05\/5524.jpg\",\"contentUrl\":\"https:\/\/sakt.ee\/wp-content\/uploads\/2025\/05\/5524.jpg\",\"width\":608,\"height\":345},{\"@type\":\"BreadcrumbList\",\"@id\":\"https:\/\/sakt.ee\/en\/pood\/controllers-indicators\/controllers\/rst2-p-process-controller-24-230ac-dc-universal-input-2-x-relay-5a-ip65-20\/#breadcrumb\",\"itemListElement\":[{\"@type\":\"ListItem\",\"position\":1,\"name\":\"Home\",\"item\":\"https:\/\/sakt.ee\/\"},{\"@type\":\"ListItem\",\"position\":2,\"name\":\"Shop\",\"item\":\"https:\/\/sakt.ee\/en\/shop\/\"},{\"@type\":\"ListItem\",\"position\":3,\"name\":\"RST2-P process controller; 24..230AC\/DC; universal input; 2 x relay (5A); IP65\/20\"}]},{\"@type\":\"WebSite\",\"@id\":\"https:\/\/sakt.ee\/en\/#website\",\"url\":\"https:\/\/sakt.ee\/en\/\",\"name\":\"Sakala T\u00f6\u00f6stusautomaatika O\u00dc\",\"description\":\"T\u00f6\u00f6stusautomaatika e-pood\",\"publisher\":{\"@id\":\"https:\/\/sakt.ee\/en\/#organization\"},\"potentialAction\":[{\"@type\":\"SearchAction\",\"target\":{\"@type\":\"EntryPoint\",\"urlTemplate\":\"https:\/\/sakt.ee\/en\/?s={search_term_string}\"},\"query-input\":{\"@type\":\"PropertyValueSpecification\",\"valueRequired\":true,\"valueName\":\"search_term_string\"}}],\"inLanguage\":\"en-US\"},{\"@type\":\"Organization\",\"@id\":\"https:\/\/sakt.ee\/en\/#organization\",\"name\":\"Sakala T\u00f6\u00f6stusautomaatika O\u00dc\",\"url\":\"https:\/\/sakt.ee\/en\/\",\"logo\":{\"@type\":\"ImageObject\",\"inLanguage\":\"en-US\",\"@id\":\"https:\/\/sakt.ee\/en\/#\/schema\/logo\/image\/\",\"url\":\"https:\/\/sakt.ee\/wp-content\/uploads\/2025\/05\/Sakala-Toostusautomaatika-favicon.png\",\"contentUrl\":\"https:\/\/sakt.ee\/wp-content\/uploads\/2025\/05\/Sakala-Toostusautomaatika-favicon.png\",\"width\":500,\"height\":500,\"caption\":\"Sakala T\u00f6\u00f6stusautomaatika O\u00dc\"},\"image\":{\"@id\":\"https:\/\/sakt.ee\/en\/#\/schema\/logo\/image\/\"}}]}<\/script>\n<meta property=\"product:price:amount\" content=\"105.00\" \/>\n<meta property=\"product:price:currency\" content=\"EUR\" \/>\n<meta property=\"og:availability\" content=\"instock\" \/>\n<meta property=\"product:availability\" content=\"instock\" \/>\n<meta property=\"product:retailer_item_id\" content=\"RST2-P\" \/>\n<meta property=\"product:condition\" content=\"new\" \/>\n<!-- \/ Yoast SEO Premium plugin. -->","yoast_head_json":{"title":"RST2-P process controller; 24..230AC\/DC; universal input; 2 x relay (5A); IP65\/20 - Sakala T\u00f6\u00f6stusautomaatika O\u00dc","robots":{"index":"index","follow":"follow","max-snippet":"max-snippet:-1","max-image-preview":"max-image-preview:large","max-video-preview":"max-video-preview:-1"},"canonical":"https:\/\/sakt.ee\/en\/pood\/controllers-indicators\/controllers\/rst2-p-process-controller-24-230ac-dc-universal-input-2-x-relay-5a-ip65-20\/","og_locale":"en_US","og_type":"article","og_title":"RST2-P process controller; 24..230AC\/DC; universal input; 2 x relay (5A); IP65\/20","og_description":"The control form of the controller is ON\/OFF or PID. The display of the controller has 4 white LED digits of size 9,6mm and 5 red LED digits of size 7,1mm. Input: PT100, PT500, PT1000, thermocouples K, J, S, R, T, E, N, B, Ni100, Ni120; PTC1K, NTC10K, 4-20mA, 0...10V, potentiometer 1...150 Kohm. Programmable by phone (NFC). Download the app here: https:\/\/play.google.com\/RST","og_url":"https:\/\/sakt.ee\/en\/pood\/controllers-indicators\/controllers\/rst2-p-process-controller-24-230ac-dc-universal-input-2-x-relay-5a-ip65-20\/","og_site_name":"Sakala T\u00f6\u00f6stusautomaatika O\u00dc","article_modified_time":"2025-12-04T08:17:28+00:00","og_image":[{"width":608,"height":345,"url":"https:\/\/sakt.ee\/wp-content\/uploads\/2025\/05\/5524.jpg","type":"image\/jpeg"}],"twitter_card":"summary_large_image","twitter_misc":{"Price":"105,00&euro; +VAT","Availability":"In stock"},"schema":{"@context":"https:\/\/schema.org","@graph":[{"@type":"WebPage","@id":"https:\/\/sakt.ee\/en\/pood\/controllers-indicators\/controllers\/rst2-p-process-controller-24-230ac-dc-universal-input-2-x-relay-5a-ip65-20\/","url":"https:\/\/sakt.ee\/en\/pood\/controllers-indicators\/controllers\/rst2-p-process-controller-24-230ac-dc-universal-input-2-x-relay-5a-ip65-20\/","name":"RST2-P process controller; 24..230AC\/DC; universal input; 2 x relay (5A); IP65\/20 - Sakala T\u00f6\u00f6stusautomaatika O\u00dc","isPartOf":{"@id":"https:\/\/sakt.ee\/en\/#website"},"primaryImageOfPage":{"@id":"https:\/\/sakt.ee\/en\/pood\/controllers-indicators\/controllers\/rst2-p-process-controller-24-230ac-dc-universal-input-2-x-relay-5a-ip65-20\/#primaryimage"},"image":{"@id":"https:\/\/sakt.ee\/en\/pood\/controllers-indicators\/controllers\/rst2-p-process-controller-24-230ac-dc-universal-input-2-x-relay-5a-ip65-20\/#primaryimage"},"thumbnailUrl":"https:\/\/sakt.ee\/wp-content\/uploads\/2025\/05\/5524.jpg","datePublished":"2025-05-17T06:18:07+00:00","dateModified":"2025-12-04T08:17:28+00:00","breadcrumb":{"@id":"https:\/\/sakt.ee\/en\/pood\/controllers-indicators\/controllers\/rst2-p-process-controller-24-230ac-dc-universal-input-2-x-relay-5a-ip65-20\/#breadcrumb"},"inLanguage":"en-US","potentialAction":[{"@type":"ReadAction","target":["https:\/\/sakt.ee\/en\/pood\/controllers-indicators\/controllers\/rst2-p-process-controller-24-230ac-dc-universal-input-2-x-relay-5a-ip65-20\/"]}]},{"@type":"ImageObject","inLanguage":"en-US","@id":"https:\/\/sakt.ee\/en\/pood\/controllers-indicators\/controllers\/rst2-p-process-controller-24-230ac-dc-universal-input-2-x-relay-5a-ip65-20\/#primaryimage","url":"https:\/\/sakt.ee\/wp-content\/uploads\/2025\/05\/5524.jpg","contentUrl":"https:\/\/sakt.ee\/wp-content\/uploads\/2025\/05\/5524.jpg","width":608,"height":345},{"@type":"BreadcrumbList","@id":"https:\/\/sakt.ee\/en\/pood\/controllers-indicators\/controllers\/rst2-p-process-controller-24-230ac-dc-universal-input-2-x-relay-5a-ip65-20\/#breadcrumb","itemListElement":[{"@type":"ListItem","position":1,"name":"Home","item":"https:\/\/sakt.ee\/"},{"@type":"ListItem","position":2,"name":"Shop","item":"https:\/\/sakt.ee\/en\/shop\/"},{"@type":"ListItem","position":3,"name":"RST2-P process controller; 24..230AC\/DC; universal input; 2 x relay (5A); IP65\/20"}]},{"@type":"WebSite","@id":"https:\/\/sakt.ee\/en\/#website","url":"https:\/\/sakt.ee\/en\/","name":"Sakala T\u00f6\u00f6stusautomaatika O\u00dc","description":"T\u00f6\u00f6stusautomaatika e-pood","publisher":{"@id":"https:\/\/sakt.ee\/en\/#organization"},"potentialAction":[{"@type":"SearchAction","target":{"@type":"EntryPoint","urlTemplate":"https:\/\/sakt.ee\/en\/?s={search_term_string}"},"query-input":{"@type":"PropertyValueSpecification","valueRequired":true,"valueName":"search_term_string"}}],"inLanguage":"en-US"},{"@type":"Organization","@id":"https:\/\/sakt.ee\/en\/#organization","name":"Sakala T\u00f6\u00f6stusautomaatika O\u00dc","url":"https:\/\/sakt.ee\/en\/","logo":{"@type":"ImageObject","inLanguage":"en-US","@id":"https:\/\/sakt.ee\/en\/#\/schema\/logo\/image\/","url":"https:\/\/sakt.ee\/wp-content\/uploads\/2025\/05\/Sakala-Toostusautomaatika-favicon.png","contentUrl":"https:\/\/sakt.ee\/wp-content\/uploads\/2025\/05\/Sakala-Toostusautomaatika-favicon.png","width":500,"height":500,"caption":"Sakala T\u00f6\u00f6stusautomaatika O\u00dc"},"image":{"@id":"https:\/\/sakt.ee\/en\/#\/schema\/logo\/image\/"}}]},"product_price_amount":"105.00","product_price_currency":"EUR","og_availability":"instock","product_availability":"instock","product_retailer_item_id":"RST2-P","product_condition":"new"},"_links":{"self":[{"href":"https:\/\/sakt.ee\/en\/wp-json\/wp\/v2\/product\/43878","targetHints":{"allow":["GET"]}}],"collection":[{"href":"https:\/\/sakt.ee\/en\/wp-json\/wp\/v2\/product"}],"about":[{"href":"https:\/\/sakt.ee\/en\/wp-json\/wp\/v2\/types\/product"}],"version-history":[{"count":0,"href":"https:\/\/sakt.ee\/en\/wp-json\/wp\/v2\/product\/43878\/revisions"}],"wp:featuredmedia":[{"embeddable":true,"href":"https:\/\/sakt.ee\/en\/wp-json\/wp\/v2\/media\/32577"}],"wp:attachment":[{"href":"https:\/\/sakt.ee\/en\/wp-json\/wp\/v2\/media?parent=43878"}],"wp:term":[{"taxonomy":"product_brand","embeddable":true,"href":"https:\/\/sakt.ee\/en\/wp-json\/wp\/v2\/product_brand?post=43878"},{"taxonomy":"product_cat","embeddable":true,"href":"https:\/\/sakt.ee\/en\/wp-json\/wp\/v2\/product_cat?post=43878"},{"taxonomy":"product_tag","embeddable":true,"href":"https:\/\/sakt.ee\/en\/wp-json\/wp\/v2\/product_tag?post=43878"},{"taxonomy":"manufacturers","embeddable":true,"href":"https:\/\/sakt.ee\/en\/wp-json\/wp\/v2\/manufacturers?post=43878"}],"curies":[{"name":"wp","href":"https:\/\/api.w.org\/{rel}","templated":true}]}}