{"id":43506,"date":"2025-05-17T08:39:25","date_gmt":"2025-05-17T05:39:25","guid":{"rendered":"https:\/\/sakt.ee\/product\/jumo-imago-500-multichannel-controller-110-240ac-recording-function\/"},"modified":"2025-11-04T11:51:26","modified_gmt":"2025-11-04T08:51:26","slug":"jumo-imago-500-multichannel-controller-110-240ac-recording-function","status":"publish","type":"product","link":"https:\/\/sakt.ee\/en\/pood\/controllers-indicators\/controllers\/jumo-imago-500-multichannel-controller-110-240ac-recording-function\/","title":{"rendered":"Jumo Imago 500 multichannel controller; 110-240AC; recording function"},"content":{"rendered":"<p>144 \u00d7 130 mm format (installation dimensions 92 \u00d7 92 mm)<br \/>\n5&#8243; colour screen<br \/>\nTwo-state controller, three-state controller, three-step controller, position controller, continuous controller<br \/>\nControl of C-level, differential, ratio, and humidity<br \/>\n8 control channels (4 cascade controllers)<br \/>\nInputs and outputs can be expanded in a modular structure<br \/>\nExtendable by 2 relay modules (8 relays each)<br \/>\nModbus and PROFIBUS DP interface<br \/>\nUser configurable screen masks<br \/>\n50 programs with 100 sections and real time clock<br \/>\n16 control contacts<br \/>\nMath and logic functions<br \/>\n16 limit value monitoring functions<br \/>\nRecording function<br \/>\nTeleservice through external modem<br \/>\nConfiguration with setup program<\/p>\n","protected":false},"excerpt":{"rendered":"<p>144 \u00d7 130 mm format (installation dimensions 92 \u00d7 92 mm) 5&#8243; colour screen Two-state controller, three-state controller, three-step controller,<\/p>\n","protected":false},"featured_media":32077,"template":"","meta":{"_acf_changed":false},"product_brand":[],"product_cat":[4596],"product_tag":[],"manufacturers":[7843],"class_list":{"0":"post-43506","1":"product","2":"type-product","3":"status-publish","4":"has-post-thumbnail","6":"product_cat-controllers","7":"pa_kaitseklass-ip65-en","8":"pa_korgus-130mm-en","9":"pa_laius-144mm-en","10":"pa_paigaldus-panel","11":"pa_toide-110-240v-ac-en","12":"pa_tootemperatuur-5-50c-en","13":"pa_tootja-jumo","14":"manufacturers-jumo-en","16":"first","17":"instock","18":"sale","19":"taxable","20":"shipping-taxable","21":"purchasable","22":"product-type-simple"},"acf":[],"yoast_head":"<!-- This site is optimized with the Yoast SEO Premium plugin v25.4 (Yoast SEO v25.4) - https:\/\/yoast.com\/wordpress\/plugins\/seo\/ -->\n<title>Jumo Imago 500 multichannel controller; 110-240AC; recording function - Sakala T\u00f6\u00f6stusautomaatika O\u00dc<\/title>\n<meta name=\"robots\" content=\"index, follow, max-snippet:-1, max-image-preview:large, max-video-preview:-1\" \/>\n<link rel=\"canonical\" href=\"https:\/\/sakt.ee\/en\/pood\/controllers-indicators\/controllers\/jumo-imago-500-multichannel-controller-110-240ac-recording-function\/\" \/>\n<meta property=\"og:locale\" content=\"en_US\" \/>\n<meta property=\"og:type\" content=\"article\" \/>\n<meta property=\"og:title\" content=\"Jumo Imago 500 multichannel controller; 110-240AC; recording function\" \/>\n<meta property=\"og:description\" content=\"144 \u00d7 130 mm format (installation dimensions 92 \u00d7 92 mm) 5&#8243; colour screen Two-state controller, three-state controller, three-step controller,\" \/>\n<meta property=\"og:url\" content=\"https:\/\/sakt.ee\/en\/pood\/controllers-indicators\/controllers\/jumo-imago-500-multichannel-controller-110-240ac-recording-function\/\" \/>\n<meta property=\"og:site_name\" content=\"Sakala T\u00f6\u00f6stusautomaatika O\u00dc\" \/>\n<meta property=\"article:modified_time\" content=\"2025-11-04T08:51:26+00:00\" \/>\n<meta property=\"og:image\" content=\"https:\/\/sakt.ee\/wp-content\/uploads\/2025\/05\/5092.jpg\" \/>\n\t<meta property=\"og:image:width\" content=\"200\" \/>\n\t<meta property=\"og:image:height\" content=\"180\" \/>\n\t<meta property=\"og:image:type\" content=\"image\/jpeg\" \/>\n<meta name=\"twitter:card\" content=\"summary_large_image\" \/>\n<meta name=\"twitter:label1\" content=\"Price\" \/>\n\t<meta name=\"twitter:data1\" content=\"955,00&euro; +VAT\" \/>\n\t<meta name=\"twitter:label2\" content=\"Availability\" \/>\n\t<meta name=\"twitter:data2\" content=\"In stock\" \/>\n<script type=\"application\/ld+json\" class=\"yoast-schema-graph\">{\"@context\":\"https:\/\/schema.org\",\"@graph\":[{\"@type\":\"WebPage\",\"@id\":\"https:\/\/sakt.ee\/en\/pood\/controllers-indicators\/controllers\/jumo-imago-500-multichannel-controller-110-240ac-recording-function\/\",\"url\":\"https:\/\/sakt.ee\/en\/pood\/controllers-indicators\/controllers\/jumo-imago-500-multichannel-controller-110-240ac-recording-function\/\",\"name\":\"Jumo Imago 500 multichannel controller; 110-240AC; recording function - Sakala T\u00f6\u00f6stusautomaatika O\u00dc\",\"isPartOf\":{\"@id\":\"https:\/\/sakt.ee\/en\/#website\"},\"primaryImageOfPage\":{\"@id\":\"https:\/\/sakt.ee\/en\/pood\/controllers-indicators\/controllers\/jumo-imago-500-multichannel-controller-110-240ac-recording-function\/#primaryimage\"},\"image\":{\"@id\":\"https:\/\/sakt.ee\/en\/pood\/controllers-indicators\/controllers\/jumo-imago-500-multichannel-controller-110-240ac-recording-function\/#primaryimage\"},\"thumbnailUrl\":\"https:\/\/sakt.ee\/wp-content\/uploads\/2025\/05\/5092.jpg\",\"datePublished\":\"2025-05-17T05:39:25+00:00\",\"dateModified\":\"2025-11-04T08:51:26+00:00\",\"breadcrumb\":{\"@id\":\"https:\/\/sakt.ee\/en\/pood\/controllers-indicators\/controllers\/jumo-imago-500-multichannel-controller-110-240ac-recording-function\/#breadcrumb\"},\"inLanguage\":\"en-US\",\"potentialAction\":[{\"@type\":\"ReadAction\",\"target\":[\"https:\/\/sakt.ee\/en\/pood\/controllers-indicators\/controllers\/jumo-imago-500-multichannel-controller-110-240ac-recording-function\/\"]}]},{\"@type\":\"ImageObject\",\"inLanguage\":\"en-US\",\"@id\":\"https:\/\/sakt.ee\/en\/pood\/controllers-indicators\/controllers\/jumo-imago-500-multichannel-controller-110-240ac-recording-function\/#primaryimage\",\"url\":\"https:\/\/sakt.ee\/wp-content\/uploads\/2025\/05\/5092.jpg\",\"contentUrl\":\"https:\/\/sakt.ee\/wp-content\/uploads\/2025\/05\/5092.jpg\",\"width\":200,\"height\":180},{\"@type\":\"BreadcrumbList\",\"@id\":\"https:\/\/sakt.ee\/en\/pood\/controllers-indicators\/controllers\/jumo-imago-500-multichannel-controller-110-240ac-recording-function\/#breadcrumb\",\"itemListElement\":[{\"@type\":\"ListItem\",\"position\":1,\"name\":\"Home\",\"item\":\"https:\/\/sakt.ee\/\"},{\"@type\":\"ListItem\",\"position\":2,\"name\":\"Shop\",\"item\":\"https:\/\/sakt.ee\/en\/shop\/\"},{\"@type\":\"ListItem\",\"position\":3,\"name\":\"Jumo Imago 500 multichannel controller; 110-240AC; recording function\"}]},{\"@type\":\"WebSite\",\"@id\":\"https:\/\/sakt.ee\/en\/#website\",\"url\":\"https:\/\/sakt.ee\/en\/\",\"name\":\"Sakala T\u00f6\u00f6stusautomaatika O\u00dc\",\"description\":\"T\u00f6\u00f6stusautomaatika e-pood\",\"publisher\":{\"@id\":\"https:\/\/sakt.ee\/en\/#organization\"},\"potentialAction\":[{\"@type\":\"SearchAction\",\"target\":{\"@type\":\"EntryPoint\",\"urlTemplate\":\"https:\/\/sakt.ee\/en\/?s={search_term_string}\"},\"query-input\":{\"@type\":\"PropertyValueSpecification\",\"valueRequired\":true,\"valueName\":\"search_term_string\"}}],\"inLanguage\":\"en-US\"},{\"@type\":\"Organization\",\"@id\":\"https:\/\/sakt.ee\/en\/#organization\",\"name\":\"Sakala T\u00f6\u00f6stusautomaatika O\u00dc\",\"url\":\"https:\/\/sakt.ee\/en\/\",\"logo\":{\"@type\":\"ImageObject\",\"inLanguage\":\"en-US\",\"@id\":\"https:\/\/sakt.ee\/en\/#\/schema\/logo\/image\/\",\"url\":\"https:\/\/sakt.ee\/wp-content\/uploads\/2025\/05\/Sakala-Toostusautomaatika-favicon.png\",\"contentUrl\":\"https:\/\/sakt.ee\/wp-content\/uploads\/2025\/05\/Sakala-Toostusautomaatika-favicon.png\",\"width\":500,\"height\":500,\"caption\":\"Sakala T\u00f6\u00f6stusautomaatika O\u00dc\"},\"image\":{\"@id\":\"https:\/\/sakt.ee\/en\/#\/schema\/logo\/image\/\"}}]}<\/script>\n<meta property=\"product:price:amount\" content=\"955.00\" \/>\n<meta property=\"product:price:currency\" content=\"EUR\" \/>\n<meta property=\"og:availability\" content=\"instock\" \/>\n<meta property=\"product:availability\" content=\"instock\" \/>\n<meta property=\"product:retailer_item_id\" content=\"703590\/282-8888-800000-23-00\/061\" \/>\n<meta property=\"product:condition\" content=\"new\" \/>\n<!-- \/ Yoast SEO Premium plugin. -->","yoast_head_json":{"title":"Jumo Imago 500 multichannel controller; 110-240AC; recording function - Sakala T\u00f6\u00f6stusautomaatika O\u00dc","robots":{"index":"index","follow":"follow","max-snippet":"max-snippet:-1","max-image-preview":"max-image-preview:large","max-video-preview":"max-video-preview:-1"},"canonical":"https:\/\/sakt.ee\/en\/pood\/controllers-indicators\/controllers\/jumo-imago-500-multichannel-controller-110-240ac-recording-function\/","og_locale":"en_US","og_type":"article","og_title":"Jumo Imago 500 multichannel controller; 110-240AC; recording function","og_description":"144 \u00d7 130 mm format (installation dimensions 92 \u00d7 92 mm) 5&#8243; colour screen Two-state controller, three-state controller, three-step controller,","og_url":"https:\/\/sakt.ee\/en\/pood\/controllers-indicators\/controllers\/jumo-imago-500-multichannel-controller-110-240ac-recording-function\/","og_site_name":"Sakala T\u00f6\u00f6stusautomaatika O\u00dc","article_modified_time":"2025-11-04T08:51:26+00:00","og_image":[{"width":200,"height":180,"url":"https:\/\/sakt.ee\/wp-content\/uploads\/2025\/05\/5092.jpg","type":"image\/jpeg"}],"twitter_card":"summary_large_image","twitter_misc":{"Price":"955,00&euro; +VAT","Availability":"In stock"},"schema":{"@context":"https:\/\/schema.org","@graph":[{"@type":"WebPage","@id":"https:\/\/sakt.ee\/en\/pood\/controllers-indicators\/controllers\/jumo-imago-500-multichannel-controller-110-240ac-recording-function\/","url":"https:\/\/sakt.ee\/en\/pood\/controllers-indicators\/controllers\/jumo-imago-500-multichannel-controller-110-240ac-recording-function\/","name":"Jumo Imago 500 multichannel controller; 110-240AC; recording function - Sakala T\u00f6\u00f6stusautomaatika O\u00dc","isPartOf":{"@id":"https:\/\/sakt.ee\/en\/#website"},"primaryImageOfPage":{"@id":"https:\/\/sakt.ee\/en\/pood\/controllers-indicators\/controllers\/jumo-imago-500-multichannel-controller-110-240ac-recording-function\/#primaryimage"},"image":{"@id":"https:\/\/sakt.ee\/en\/pood\/controllers-indicators\/controllers\/jumo-imago-500-multichannel-controller-110-240ac-recording-function\/#primaryimage"},"thumbnailUrl":"https:\/\/sakt.ee\/wp-content\/uploads\/2025\/05\/5092.jpg","datePublished":"2025-05-17T05:39:25+00:00","dateModified":"2025-11-04T08:51:26+00:00","breadcrumb":{"@id":"https:\/\/sakt.ee\/en\/pood\/controllers-indicators\/controllers\/jumo-imago-500-multichannel-controller-110-240ac-recording-function\/#breadcrumb"},"inLanguage":"en-US","potentialAction":[{"@type":"ReadAction","target":["https:\/\/sakt.ee\/en\/pood\/controllers-indicators\/controllers\/jumo-imago-500-multichannel-controller-110-240ac-recording-function\/"]}]},{"@type":"ImageObject","inLanguage":"en-US","@id":"https:\/\/sakt.ee\/en\/pood\/controllers-indicators\/controllers\/jumo-imago-500-multichannel-controller-110-240ac-recording-function\/#primaryimage","url":"https:\/\/sakt.ee\/wp-content\/uploads\/2025\/05\/5092.jpg","contentUrl":"https:\/\/sakt.ee\/wp-content\/uploads\/2025\/05\/5092.jpg","width":200,"height":180},{"@type":"BreadcrumbList","@id":"https:\/\/sakt.ee\/en\/pood\/controllers-indicators\/controllers\/jumo-imago-500-multichannel-controller-110-240ac-recording-function\/#breadcrumb","itemListElement":[{"@type":"ListItem","position":1,"name":"Home","item":"https:\/\/sakt.ee\/"},{"@type":"ListItem","position":2,"name":"Shop","item":"https:\/\/sakt.ee\/en\/shop\/"},{"@type":"ListItem","position":3,"name":"Jumo Imago 500 multichannel controller; 110-240AC; recording function"}]},{"@type":"WebSite","@id":"https:\/\/sakt.ee\/en\/#website","url":"https:\/\/sakt.ee\/en\/","name":"Sakala T\u00f6\u00f6stusautomaatika O\u00dc","description":"T\u00f6\u00f6stusautomaatika e-pood","publisher":{"@id":"https:\/\/sakt.ee\/en\/#organization"},"potentialAction":[{"@type":"SearchAction","target":{"@type":"EntryPoint","urlTemplate":"https:\/\/sakt.ee\/en\/?s={search_term_string}"},"query-input":{"@type":"PropertyValueSpecification","valueRequired":true,"valueName":"search_term_string"}}],"inLanguage":"en-US"},{"@type":"Organization","@id":"https:\/\/sakt.ee\/en\/#organization","name":"Sakala T\u00f6\u00f6stusautomaatika O\u00dc","url":"https:\/\/sakt.ee\/en\/","logo":{"@type":"ImageObject","inLanguage":"en-US","@id":"https:\/\/sakt.ee\/en\/#\/schema\/logo\/image\/","url":"https:\/\/sakt.ee\/wp-content\/uploads\/2025\/05\/Sakala-Toostusautomaatika-favicon.png","contentUrl":"https:\/\/sakt.ee\/wp-content\/uploads\/2025\/05\/Sakala-Toostusautomaatika-favicon.png","width":500,"height":500,"caption":"Sakala T\u00f6\u00f6stusautomaatika O\u00dc"},"image":{"@id":"https:\/\/sakt.ee\/en\/#\/schema\/logo\/image\/"}}]},"product_price_amount":"955.00","product_price_currency":"EUR","og_availability":"instock","product_availability":"instock","product_retailer_item_id":"703590\/282-8888-800000-23-00\/061","product_condition":"new"},"_links":{"self":[{"href":"https:\/\/sakt.ee\/en\/wp-json\/wp\/v2\/product\/43506","targetHints":{"allow":["GET"]}}],"collection":[{"href":"https:\/\/sakt.ee\/en\/wp-json\/wp\/v2\/product"}],"about":[{"href":"https:\/\/sakt.ee\/en\/wp-json\/wp\/v2\/types\/product"}],"version-history":[{"count":0,"href":"https:\/\/sakt.ee\/en\/wp-json\/wp\/v2\/product\/43506\/revisions"}],"wp:featuredmedia":[{"embeddable":true,"href":"https:\/\/sakt.ee\/en\/wp-json\/wp\/v2\/media\/32077"}],"wp:attachment":[{"href":"https:\/\/sakt.ee\/en\/wp-json\/wp\/v2\/media?parent=43506"}],"wp:term":[{"taxonomy":"product_brand","embeddable":true,"href":"https:\/\/sakt.ee\/en\/wp-json\/wp\/v2\/product_brand?post=43506"},{"taxonomy":"product_cat","embeddable":true,"href":"https:\/\/sakt.ee\/en\/wp-json\/wp\/v2\/product_cat?post=43506"},{"taxonomy":"product_tag","embeddable":true,"href":"https:\/\/sakt.ee\/en\/wp-json\/wp\/v2\/product_tag?post=43506"},{"taxonomy":"manufacturers","embeddable":true,"href":"https:\/\/sakt.ee\/en\/wp-json\/wp\/v2\/manufacturers?post=43506"}],"curies":[{"name":"wp","href":"https:\/\/api.w.org\/{rel}","templated":true}]}}