{"id":43382,"date":"2025-05-17T06:01:37","date_gmt":"2025-05-17T06:01:37","guid":{"rendered":"https:\/\/sakt.ee\/product\/snt-audible-orange-signal-light-85-260ac-dc-o100mm-max-105db-10-tones-ip65\/"},"modified":"2025-11-26T14:22:37","modified_gmt":"2025-11-26T11:22:37","slug":"snt-audible-orange-signal-light-85-260ac-dc-o100mm-max-105db-10-tones-ip65","status":"publish","type":"product","link":"https:\/\/sakt.ee\/en\/pood\/signal-systems\/sound-signalisation\/snt-audible-orange-signal-light-85-260ac-dc-o100mm-max-105db-10-tones-ip65\/","title":{"rendered":"SNT audible + orange signal light; 85-260AC\/DC; \u00d8100mm; max 105dB; 10 tones; IP65"},"content":{"rendered":"","protected":false},"excerpt":{"rendered":"","protected":false},"featured_media":32375,"template":"","meta":{"_acf_changed":false},"product_brand":[],"product_cat":[3472],"product_tag":[],"manufacturers":[7825],"class_list":{"0":"post-43382","1":"product","2":"type-product","3":"status-publish","4":"has-post-thumbnail","6":"product_cat-sound-signalisation","7":"pa_helitugevus-105-db-max-en","8":"pa_kaitseklass-ip65-en","9":"pa_korgus-141mm-en","10":"pa_korpus-plastics","11":"pa_labimoot-100mm-en","12":"pa_paigaldus-above","13":"pa_seeria-snt-en","14":"pa_toide-85-260v-ac-dc-en","15":"pa_toode-signal-light-with-sound","16":"pa_toonide-arv-10-en","17":"pa_tootemperatuur-20-50c-en","18":"pa_tootja-mucco","19":"pa_valgusefekt-continuous-flashing-strobe-rotating","20":"pa_varv-orange","21":"manufacturers-mucco-sinyalteknik-en","23":"first","24":"instock","25":"taxable","26":"shipping-taxable","27":"purchasable","28":"product-type-simple"},"acf":[],"yoast_head":"<!-- This site is optimized with the Yoast SEO Premium plugin v25.4 (Yoast SEO v25.4) - https:\/\/yoast.com\/wordpress\/plugins\/seo\/ -->\n<title>SNT audible + orange signal light; 85-260AC\/DC; \u00d8100mm; max 105dB; 10 tones; IP65 - Sakala T\u00f6\u00f6stusautomaatika O\u00dc<\/title>\n<meta name=\"robots\" content=\"index, follow, max-snippet:-1, max-image-preview:large, max-video-preview:-1\" \/>\n<link rel=\"canonical\" href=\"https:\/\/sakt.ee\/en\/pood\/signal-systems\/sound-signalisation\/snt-audible-orange-signal-light-85-260ac-dc-o100mm-max-105db-10-tones-ip65\/\" \/>\n<meta property=\"og:locale\" content=\"en_US\" \/>\n<meta property=\"og:type\" content=\"article\" \/>\n<meta property=\"og:title\" content=\"SNT audible + orange signal light; 85-260AC\/DC; \u00d8100mm; max 105dB; 10 tones; IP65\" \/>\n<meta property=\"og:url\" content=\"https:\/\/sakt.ee\/en\/pood\/signal-systems\/sound-signalisation\/snt-audible-orange-signal-light-85-260ac-dc-o100mm-max-105db-10-tones-ip65\/\" \/>\n<meta property=\"og:site_name\" content=\"Sakala T\u00f6\u00f6stusautomaatika O\u00dc\" \/>\n<meta property=\"article:modified_time\" content=\"2025-11-26T11:22:37+00:00\" \/>\n<meta property=\"og:image\" content=\"https:\/\/sakt.ee\/wp-content\/uploads\/2025\/05\/5344.jpg\" \/>\n\t<meta property=\"og:image:width\" content=\"600\" \/>\n\t<meta property=\"og:image:height\" content=\"780\" \/>\n\t<meta property=\"og:image:type\" content=\"image\/jpeg\" \/>\n<meta name=\"twitter:card\" content=\"summary_large_image\" \/>\n<meta name=\"twitter:label1\" content=\"Price\" \/>\n\t<meta name=\"twitter:data1\" content=\"80,00&euro; +VAT\" \/>\n\t<meta name=\"twitter:label2\" content=\"Availability\" \/>\n\t<meta name=\"twitter:data2\" content=\"In stock\" \/>\n<script type=\"application\/ld+json\" class=\"yoast-schema-graph\">{\"@context\":\"https:\/\/schema.org\",\"@graph\":[{\"@type\":\"WebPage\",\"@id\":\"https:\/\/sakt.ee\/en\/pood\/signal-systems\/sound-signalisation\/snt-audible-orange-signal-light-85-260ac-dc-o100mm-max-105db-10-tones-ip65\/\",\"url\":\"https:\/\/sakt.ee\/en\/pood\/signal-systems\/sound-signalisation\/snt-audible-orange-signal-light-85-260ac-dc-o100mm-max-105db-10-tones-ip65\/\",\"name\":\"SNT audible + orange signal light; 85-260AC\/DC; \u00d8100mm; max 105dB; 10 tones; IP65 - Sakala T\u00f6\u00f6stusautomaatika O\u00dc\",\"isPartOf\":{\"@id\":\"https:\/\/sakt.ee\/en\/#website\"},\"primaryImageOfPage\":{\"@id\":\"https:\/\/sakt.ee\/en\/pood\/signal-systems\/sound-signalisation\/snt-audible-orange-signal-light-85-260ac-dc-o100mm-max-105db-10-tones-ip65\/#primaryimage\"},\"image\":{\"@id\":\"https:\/\/sakt.ee\/en\/pood\/signal-systems\/sound-signalisation\/snt-audible-orange-signal-light-85-260ac-dc-o100mm-max-105db-10-tones-ip65\/#primaryimage\"},\"thumbnailUrl\":\"https:\/\/sakt.ee\/wp-content\/uploads\/2025\/05\/5344.jpg\",\"datePublished\":\"2025-05-17T06:01:37+00:00\",\"dateModified\":\"2025-11-26T11:22:37+00:00\",\"breadcrumb\":{\"@id\":\"https:\/\/sakt.ee\/en\/pood\/signal-systems\/sound-signalisation\/snt-audible-orange-signal-light-85-260ac-dc-o100mm-max-105db-10-tones-ip65\/#breadcrumb\"},\"inLanguage\":\"en-US\",\"potentialAction\":[{\"@type\":\"ReadAction\",\"target\":[\"https:\/\/sakt.ee\/en\/pood\/signal-systems\/sound-signalisation\/snt-audible-orange-signal-light-85-260ac-dc-o100mm-max-105db-10-tones-ip65\/\"]}]},{\"@type\":\"ImageObject\",\"inLanguage\":\"en-US\",\"@id\":\"https:\/\/sakt.ee\/en\/pood\/signal-systems\/sound-signalisation\/snt-audible-orange-signal-light-85-260ac-dc-o100mm-max-105db-10-tones-ip65\/#primaryimage\",\"url\":\"https:\/\/sakt.ee\/wp-content\/uploads\/2025\/05\/5344.jpg\",\"contentUrl\":\"https:\/\/sakt.ee\/wp-content\/uploads\/2025\/05\/5344.jpg\",\"width\":600,\"height\":780},{\"@type\":\"BreadcrumbList\",\"@id\":\"https:\/\/sakt.ee\/en\/pood\/signal-systems\/sound-signalisation\/snt-audible-orange-signal-light-85-260ac-dc-o100mm-max-105db-10-tones-ip65\/#breadcrumb\",\"itemListElement\":[{\"@type\":\"ListItem\",\"position\":1,\"name\":\"Home\",\"item\":\"https:\/\/sakt.ee\/\"},{\"@type\":\"ListItem\",\"position\":2,\"name\":\"Shop\",\"item\":\"https:\/\/sakt.ee\/en\/shop\/\"},{\"@type\":\"ListItem\",\"position\":3,\"name\":\"SNT audible + orange signal light; 85-260AC\/DC; \u00d8100mm; max 105dB; 10 tones; IP65\"}]},{\"@type\":\"WebSite\",\"@id\":\"https:\/\/sakt.ee\/en\/#website\",\"url\":\"https:\/\/sakt.ee\/en\/\",\"name\":\"Sakala T\u00f6\u00f6stusautomaatika O\u00dc\",\"description\":\"T\u00f6\u00f6stusautomaatika e-pood\",\"publisher\":{\"@id\":\"https:\/\/sakt.ee\/en\/#organization\"},\"potentialAction\":[{\"@type\":\"SearchAction\",\"target\":{\"@type\":\"EntryPoint\",\"urlTemplate\":\"https:\/\/sakt.ee\/en\/?s={search_term_string}\"},\"query-input\":{\"@type\":\"PropertyValueSpecification\",\"valueRequired\":true,\"valueName\":\"search_term_string\"}}],\"inLanguage\":\"en-US\"},{\"@type\":\"Organization\",\"@id\":\"https:\/\/sakt.ee\/en\/#organization\",\"name\":\"Sakala T\u00f6\u00f6stusautomaatika O\u00dc\",\"url\":\"https:\/\/sakt.ee\/en\/\",\"logo\":{\"@type\":\"ImageObject\",\"inLanguage\":\"en-US\",\"@id\":\"https:\/\/sakt.ee\/en\/#\/schema\/logo\/image\/\",\"url\":\"https:\/\/sakt.ee\/wp-content\/uploads\/2025\/05\/Sakala-Toostusautomaatika-favicon.png\",\"contentUrl\":\"https:\/\/sakt.ee\/wp-content\/uploads\/2025\/05\/Sakala-Toostusautomaatika-favicon.png\",\"width\":500,\"height\":500,\"caption\":\"Sakala T\u00f6\u00f6stusautomaatika O\u00dc\"},\"image\":{\"@id\":\"https:\/\/sakt.ee\/en\/#\/schema\/logo\/image\/\"}}]}<\/script>\n<meta property=\"product:price:amount\" content=\"80.00\" \/>\n<meta property=\"product:price:currency\" content=\"EUR\" \/>\n<meta property=\"og:availability\" content=\"instock\" \/>\n<meta property=\"product:availability\" content=\"instock\" \/>\n<meta property=\"product:retailer_item_id\" content=\"SNT-120-B-3\" \/>\n<meta property=\"product:condition\" content=\"new\" \/>\n<!-- \/ Yoast SEO Premium plugin. -->","yoast_head_json":{"title":"SNT audible + orange signal light; 85-260AC\/DC; \u00d8100mm; max 105dB; 10 tones; IP65 - Sakala T\u00f6\u00f6stusautomaatika O\u00dc","robots":{"index":"index","follow":"follow","max-snippet":"max-snippet:-1","max-image-preview":"max-image-preview:large","max-video-preview":"max-video-preview:-1"},"canonical":"https:\/\/sakt.ee\/en\/pood\/signal-systems\/sound-signalisation\/snt-audible-orange-signal-light-85-260ac-dc-o100mm-max-105db-10-tones-ip65\/","og_locale":"en_US","og_type":"article","og_title":"SNT audible + orange signal light; 85-260AC\/DC; \u00d8100mm; max 105dB; 10 tones; IP65","og_url":"https:\/\/sakt.ee\/en\/pood\/signal-systems\/sound-signalisation\/snt-audible-orange-signal-light-85-260ac-dc-o100mm-max-105db-10-tones-ip65\/","og_site_name":"Sakala T\u00f6\u00f6stusautomaatika O\u00dc","article_modified_time":"2025-11-26T11:22:37+00:00","og_image":[{"width":600,"height":780,"url":"https:\/\/sakt.ee\/wp-content\/uploads\/2025\/05\/5344.jpg","type":"image\/jpeg"}],"twitter_card":"summary_large_image","twitter_misc":{"Price":"80,00&euro; +VAT","Availability":"In stock"},"schema":{"@context":"https:\/\/schema.org","@graph":[{"@type":"WebPage","@id":"https:\/\/sakt.ee\/en\/pood\/signal-systems\/sound-signalisation\/snt-audible-orange-signal-light-85-260ac-dc-o100mm-max-105db-10-tones-ip65\/","url":"https:\/\/sakt.ee\/en\/pood\/signal-systems\/sound-signalisation\/snt-audible-orange-signal-light-85-260ac-dc-o100mm-max-105db-10-tones-ip65\/","name":"SNT audible + orange signal light; 85-260AC\/DC; \u00d8100mm; max 105dB; 10 tones; IP65 - Sakala T\u00f6\u00f6stusautomaatika O\u00dc","isPartOf":{"@id":"https:\/\/sakt.ee\/en\/#website"},"primaryImageOfPage":{"@id":"https:\/\/sakt.ee\/en\/pood\/signal-systems\/sound-signalisation\/snt-audible-orange-signal-light-85-260ac-dc-o100mm-max-105db-10-tones-ip65\/#primaryimage"},"image":{"@id":"https:\/\/sakt.ee\/en\/pood\/signal-systems\/sound-signalisation\/snt-audible-orange-signal-light-85-260ac-dc-o100mm-max-105db-10-tones-ip65\/#primaryimage"},"thumbnailUrl":"https:\/\/sakt.ee\/wp-content\/uploads\/2025\/05\/5344.jpg","datePublished":"2025-05-17T06:01:37+00:00","dateModified":"2025-11-26T11:22:37+00:00","breadcrumb":{"@id":"https:\/\/sakt.ee\/en\/pood\/signal-systems\/sound-signalisation\/snt-audible-orange-signal-light-85-260ac-dc-o100mm-max-105db-10-tones-ip65\/#breadcrumb"},"inLanguage":"en-US","potentialAction":[{"@type":"ReadAction","target":["https:\/\/sakt.ee\/en\/pood\/signal-systems\/sound-signalisation\/snt-audible-orange-signal-light-85-260ac-dc-o100mm-max-105db-10-tones-ip65\/"]}]},{"@type":"ImageObject","inLanguage":"en-US","@id":"https:\/\/sakt.ee\/en\/pood\/signal-systems\/sound-signalisation\/snt-audible-orange-signal-light-85-260ac-dc-o100mm-max-105db-10-tones-ip65\/#primaryimage","url":"https:\/\/sakt.ee\/wp-content\/uploads\/2025\/05\/5344.jpg","contentUrl":"https:\/\/sakt.ee\/wp-content\/uploads\/2025\/05\/5344.jpg","width":600,"height":780},{"@type":"BreadcrumbList","@id":"https:\/\/sakt.ee\/en\/pood\/signal-systems\/sound-signalisation\/snt-audible-orange-signal-light-85-260ac-dc-o100mm-max-105db-10-tones-ip65\/#breadcrumb","itemListElement":[{"@type":"ListItem","position":1,"name":"Home","item":"https:\/\/sakt.ee\/"},{"@type":"ListItem","position":2,"name":"Shop","item":"https:\/\/sakt.ee\/en\/shop\/"},{"@type":"ListItem","position":3,"name":"SNT audible + orange signal light; 85-260AC\/DC; \u00d8100mm; max 105dB; 10 tones; IP65"}]},{"@type":"WebSite","@id":"https:\/\/sakt.ee\/en\/#website","url":"https:\/\/sakt.ee\/en\/","name":"Sakala T\u00f6\u00f6stusautomaatika O\u00dc","description":"T\u00f6\u00f6stusautomaatika e-pood","publisher":{"@id":"https:\/\/sakt.ee\/en\/#organization"},"potentialAction":[{"@type":"SearchAction","target":{"@type":"EntryPoint","urlTemplate":"https:\/\/sakt.ee\/en\/?s={search_term_string}"},"query-input":{"@type":"PropertyValueSpecification","valueRequired":true,"valueName":"search_term_string"}}],"inLanguage":"en-US"},{"@type":"Organization","@id":"https:\/\/sakt.ee\/en\/#organization","name":"Sakala T\u00f6\u00f6stusautomaatika O\u00dc","url":"https:\/\/sakt.ee\/en\/","logo":{"@type":"ImageObject","inLanguage":"en-US","@id":"https:\/\/sakt.ee\/en\/#\/schema\/logo\/image\/","url":"https:\/\/sakt.ee\/wp-content\/uploads\/2025\/05\/Sakala-Toostusautomaatika-favicon.png","contentUrl":"https:\/\/sakt.ee\/wp-content\/uploads\/2025\/05\/Sakala-Toostusautomaatika-favicon.png","width":500,"height":500,"caption":"Sakala T\u00f6\u00f6stusautomaatika O\u00dc"},"image":{"@id":"https:\/\/sakt.ee\/en\/#\/schema\/logo\/image\/"}}]},"product_price_amount":"80.00","product_price_currency":"EUR","og_availability":"instock","product_availability":"instock","product_retailer_item_id":"SNT-120-B-3","product_condition":"new"},"_links":{"self":[{"href":"https:\/\/sakt.ee\/en\/wp-json\/wp\/v2\/product\/43382","targetHints":{"allow":["GET"]}}],"collection":[{"href":"https:\/\/sakt.ee\/en\/wp-json\/wp\/v2\/product"}],"about":[{"href":"https:\/\/sakt.ee\/en\/wp-json\/wp\/v2\/types\/product"}],"version-history":[{"count":0,"href":"https:\/\/sakt.ee\/en\/wp-json\/wp\/v2\/product\/43382\/revisions"}],"wp:featuredmedia":[{"embeddable":true,"href":"https:\/\/sakt.ee\/en\/wp-json\/wp\/v2\/media\/32375"}],"wp:attachment":[{"href":"https:\/\/sakt.ee\/en\/wp-json\/wp\/v2\/media?parent=43382"}],"wp:term":[{"taxonomy":"product_brand","embeddable":true,"href":"https:\/\/sakt.ee\/en\/wp-json\/wp\/v2\/product_brand?post=43382"},{"taxonomy":"product_cat","embeddable":true,"href":"https:\/\/sakt.ee\/en\/wp-json\/wp\/v2\/product_cat?post=43382"},{"taxonomy":"product_tag","embeddable":true,"href":"https:\/\/sakt.ee\/en\/wp-json\/wp\/v2\/product_tag?post=43382"},{"taxonomy":"manufacturers","embeddable":true,"href":"https:\/\/sakt.ee\/en\/wp-json\/wp\/v2\/manufacturers?post=43382"}],"curies":[{"name":"wp","href":"https:\/\/api.w.org\/{rel}","templated":true}]}}