{"id":43373,"date":"2025-05-17T06:03:09","date_gmt":"2025-05-17T06:03:09","guid":{"rendered":"https:\/\/sakt.ee\/product\/pt100-0-200c-with-magnet-o13mm-90-degree-class-b-3-core-5m-teflon\/"},"modified":"2025-08-13T19:20:58","modified_gmt":"2025-08-13T16:20:58","slug":"pt100-0-200c-with-magnet-o13mm-90-degree-class-b-3-core-5m-teflon","status":"publish","type":"product","link":"https:\/\/sakt.ee\/en\/pood\/process-sensors\/temperature-sensors\/wired-temperature-sensors\/pt100-0-200c-with-magnet-o13mm-90-degree-class-b-3-core-5m-teflon\/","title":{"rendered":"PT100; 0&#8230;+200C; with magnet; \u00d813mm; 90-degree; class B; 3-core; 5m Teflon"},"content":{"rendered":"","protected":false},"excerpt":{"rendered":"","protected":false},"featured_media":32391,"template":"","meta":{"_acf_changed":false},"product_brand":[],"product_cat":[4147],"product_tag":[],"manufacturers":[7966],"class_list":{"0":"post-43373","1":"product","2":"type-product","3":"status-publish","4":"has-post-thumbnail","6":"product_cat-wired-temperature-sensors","7":"pa_juhtmete-arv-3-en","8":"pa_kaabli-pikkus-5m-en","9":"pa_labimoot-13mm-en","10":"pa_materjal-teflon-en","11":"pa_mootepiirkond-0-200c-en","12":"pa_tapsusklass-b-en","13":"pa_toode-pt100-andur-en","14":"pa_tootja-herten","15":"manufacturers-herten","17":"first","18":"instock","19":"taxable","20":"shipping-taxable","21":"purchasable","22":"product-type-simple"},"acf":[],"yoast_head":"<!-- This site is optimized with the Yoast SEO Premium plugin v25.4 (Yoast SEO v25.4) - https:\/\/yoast.com\/wordpress\/plugins\/seo\/ -->\n<title>PT100; 0...+200C; with magnet; \u00d813mm; 90-degree; class B; 3-core; 5m Teflon - Sakala T\u00f6\u00f6stusautomaatika O\u00dc<\/title>\n<meta name=\"robots\" content=\"index, follow, max-snippet:-1, max-image-preview:large, max-video-preview:-1\" \/>\n<link rel=\"canonical\" href=\"https:\/\/sakt.ee\/en\/pood\/process-sensors\/temperature-sensors\/wired-temperature-sensors\/pt100-0-200c-with-magnet-o13mm-90-degree-class-b-3-core-5m-teflon\/\" \/>\n<meta property=\"og:locale\" content=\"en_US\" \/>\n<meta property=\"og:type\" content=\"article\" \/>\n<meta property=\"og:title\" content=\"PT100; 0...+200C; with magnet; \u00d813mm; 90-degree; class B; 3-core; 5m Teflon\" \/>\n<meta property=\"og:url\" content=\"https:\/\/sakt.ee\/en\/pood\/process-sensors\/temperature-sensors\/wired-temperature-sensors\/pt100-0-200c-with-magnet-o13mm-90-degree-class-b-3-core-5m-teflon\/\" \/>\n<meta property=\"og:site_name\" content=\"Sakala T\u00f6\u00f6stusautomaatika O\u00dc\" \/>\n<meta property=\"article:modified_time\" content=\"2025-08-13T16:20:58+00:00\" \/>\n<meta property=\"og:image\" content=\"https:\/\/sakt.ee\/wp-content\/uploads\/2025\/05\/5887.jpg\" \/>\n\t<meta property=\"og:image:width\" content=\"2550\" \/>\n\t<meta property=\"og:image:height\" content=\"2372\" \/>\n\t<meta property=\"og:image:type\" content=\"image\/jpeg\" \/>\n<meta name=\"twitter:card\" content=\"summary_large_image\" \/>\n<meta name=\"twitter:label1\" content=\"Price\" \/>\n\t<meta name=\"twitter:data1\" content=\"70,00&euro; +VAT\" \/>\n\t<meta name=\"twitter:label2\" content=\"Availability\" \/>\n\t<meta name=\"twitter:data2\" content=\"In stock\" \/>\n<script type=\"application\/ld+json\" class=\"yoast-schema-graph\">{\"@context\":\"https:\/\/schema.org\",\"@graph\":[{\"@type\":\"WebPage\",\"@id\":\"https:\/\/sakt.ee\/en\/pood\/process-sensors\/temperature-sensors\/wired-temperature-sensors\/pt100-0-200c-with-magnet-o13mm-90-degree-class-b-3-core-5m-teflon\/\",\"url\":\"https:\/\/sakt.ee\/en\/pood\/process-sensors\/temperature-sensors\/wired-temperature-sensors\/pt100-0-200c-with-magnet-o13mm-90-degree-class-b-3-core-5m-teflon\/\",\"name\":\"PT100; 0...+200C; with magnet; \u00d813mm; 90-degree; class B; 3-core; 5m Teflon - Sakala T\u00f6\u00f6stusautomaatika O\u00dc\",\"isPartOf\":{\"@id\":\"https:\/\/sakt.ee\/en\/#website\"},\"primaryImageOfPage\":{\"@id\":\"https:\/\/sakt.ee\/en\/pood\/process-sensors\/temperature-sensors\/wired-temperature-sensors\/pt100-0-200c-with-magnet-o13mm-90-degree-class-b-3-core-5m-teflon\/#primaryimage\"},\"image\":{\"@id\":\"https:\/\/sakt.ee\/en\/pood\/process-sensors\/temperature-sensors\/wired-temperature-sensors\/pt100-0-200c-with-magnet-o13mm-90-degree-class-b-3-core-5m-teflon\/#primaryimage\"},\"thumbnailUrl\":\"https:\/\/sakt.ee\/wp-content\/uploads\/2025\/05\/5887.jpg\",\"datePublished\":\"2025-05-17T06:03:09+00:00\",\"dateModified\":\"2025-08-13T16:20:58+00:00\",\"breadcrumb\":{\"@id\":\"https:\/\/sakt.ee\/en\/pood\/process-sensors\/temperature-sensors\/wired-temperature-sensors\/pt100-0-200c-with-magnet-o13mm-90-degree-class-b-3-core-5m-teflon\/#breadcrumb\"},\"inLanguage\":\"en-US\",\"potentialAction\":[{\"@type\":\"ReadAction\",\"target\":[\"https:\/\/sakt.ee\/en\/pood\/process-sensors\/temperature-sensors\/wired-temperature-sensors\/pt100-0-200c-with-magnet-o13mm-90-degree-class-b-3-core-5m-teflon\/\"]}]},{\"@type\":\"ImageObject\",\"inLanguage\":\"en-US\",\"@id\":\"https:\/\/sakt.ee\/en\/pood\/process-sensors\/temperature-sensors\/wired-temperature-sensors\/pt100-0-200c-with-magnet-o13mm-90-degree-class-b-3-core-5m-teflon\/#primaryimage\",\"url\":\"https:\/\/sakt.ee\/wp-content\/uploads\/2025\/05\/5887.jpg\",\"contentUrl\":\"https:\/\/sakt.ee\/wp-content\/uploads\/2025\/05\/5887.jpg\",\"width\":2550,\"height\":2372},{\"@type\":\"BreadcrumbList\",\"@id\":\"https:\/\/sakt.ee\/en\/pood\/process-sensors\/temperature-sensors\/wired-temperature-sensors\/pt100-0-200c-with-magnet-o13mm-90-degree-class-b-3-core-5m-teflon\/#breadcrumb\",\"itemListElement\":[{\"@type\":\"ListItem\",\"position\":1,\"name\":\"Home\",\"item\":\"https:\/\/sakt.ee\/\"},{\"@type\":\"ListItem\",\"position\":2,\"name\":\"Shop\",\"item\":\"https:\/\/sakt.ee\/en\/shop\/\"},{\"@type\":\"ListItem\",\"position\":3,\"name\":\"PT100; 0&#8230;+200C; with magnet; \u00d813mm; 90-degree; class B; 3-core; 5m Teflon\"}]},{\"@type\":\"WebSite\",\"@id\":\"https:\/\/sakt.ee\/en\/#website\",\"url\":\"https:\/\/sakt.ee\/en\/\",\"name\":\"Sakala T\u00f6\u00f6stusautomaatika O\u00dc\",\"description\":\"T\u00f6\u00f6stusautomaatika e-pood\",\"publisher\":{\"@id\":\"https:\/\/sakt.ee\/en\/#organization\"},\"potentialAction\":[{\"@type\":\"SearchAction\",\"target\":{\"@type\":\"EntryPoint\",\"urlTemplate\":\"https:\/\/sakt.ee\/en\/?s={search_term_string}\"},\"query-input\":{\"@type\":\"PropertyValueSpecification\",\"valueRequired\":true,\"valueName\":\"search_term_string\"}}],\"inLanguage\":\"en-US\"},{\"@type\":\"Organization\",\"@id\":\"https:\/\/sakt.ee\/en\/#organization\",\"name\":\"Sakala T\u00f6\u00f6stusautomaatika O\u00dc\",\"url\":\"https:\/\/sakt.ee\/en\/\",\"logo\":{\"@type\":\"ImageObject\",\"inLanguage\":\"en-US\",\"@id\":\"https:\/\/sakt.ee\/en\/#\/schema\/logo\/image\/\",\"url\":\"https:\/\/sakt.ee\/wp-content\/uploads\/2025\/05\/Sakala-Toostusautomaatika-favicon.png\",\"contentUrl\":\"https:\/\/sakt.ee\/wp-content\/uploads\/2025\/05\/Sakala-Toostusautomaatika-favicon.png\",\"width\":500,\"height\":500,\"caption\":\"Sakala T\u00f6\u00f6stusautomaatika O\u00dc\"},\"image\":{\"@id\":\"https:\/\/sakt.ee\/en\/#\/schema\/logo\/image\/\"}}]}<\/script>\n<meta property=\"product:price:amount\" content=\"70.00\" \/>\n<meta property=\"product:price:currency\" content=\"EUR\" \/>\n<meta property=\"og:availability\" content=\"instock\" \/>\n<meta property=\"product:availability\" content=\"instock\" \/>\n<meta property=\"product:retailer_item_id\" content=\"PFH17971\" \/>\n<meta property=\"product:condition\" content=\"new\" \/>\n<!-- \/ Yoast SEO Premium plugin. -->","yoast_head_json":{"title":"PT100; 0...+200C; with magnet; \u00d813mm; 90-degree; class B; 3-core; 5m Teflon - Sakala T\u00f6\u00f6stusautomaatika O\u00dc","robots":{"index":"index","follow":"follow","max-snippet":"max-snippet:-1","max-image-preview":"max-image-preview:large","max-video-preview":"max-video-preview:-1"},"canonical":"https:\/\/sakt.ee\/en\/pood\/process-sensors\/temperature-sensors\/wired-temperature-sensors\/pt100-0-200c-with-magnet-o13mm-90-degree-class-b-3-core-5m-teflon\/","og_locale":"en_US","og_type":"article","og_title":"PT100; 0...+200C; with magnet; \u00d813mm; 90-degree; class B; 3-core; 5m Teflon","og_url":"https:\/\/sakt.ee\/en\/pood\/process-sensors\/temperature-sensors\/wired-temperature-sensors\/pt100-0-200c-with-magnet-o13mm-90-degree-class-b-3-core-5m-teflon\/","og_site_name":"Sakala T\u00f6\u00f6stusautomaatika O\u00dc","article_modified_time":"2025-08-13T16:20:58+00:00","og_image":[{"width":2550,"height":2372,"url":"https:\/\/sakt.ee\/wp-content\/uploads\/2025\/05\/5887.jpg","type":"image\/jpeg"}],"twitter_card":"summary_large_image","twitter_misc":{"Price":"70,00&euro; +VAT","Availability":"In stock"},"schema":{"@context":"https:\/\/schema.org","@graph":[{"@type":"WebPage","@id":"https:\/\/sakt.ee\/en\/pood\/process-sensors\/temperature-sensors\/wired-temperature-sensors\/pt100-0-200c-with-magnet-o13mm-90-degree-class-b-3-core-5m-teflon\/","url":"https:\/\/sakt.ee\/en\/pood\/process-sensors\/temperature-sensors\/wired-temperature-sensors\/pt100-0-200c-with-magnet-o13mm-90-degree-class-b-3-core-5m-teflon\/","name":"PT100; 0...+200C; with magnet; \u00d813mm; 90-degree; class B; 3-core; 5m Teflon - Sakala T\u00f6\u00f6stusautomaatika O\u00dc","isPartOf":{"@id":"https:\/\/sakt.ee\/en\/#website"},"primaryImageOfPage":{"@id":"https:\/\/sakt.ee\/en\/pood\/process-sensors\/temperature-sensors\/wired-temperature-sensors\/pt100-0-200c-with-magnet-o13mm-90-degree-class-b-3-core-5m-teflon\/#primaryimage"},"image":{"@id":"https:\/\/sakt.ee\/en\/pood\/process-sensors\/temperature-sensors\/wired-temperature-sensors\/pt100-0-200c-with-magnet-o13mm-90-degree-class-b-3-core-5m-teflon\/#primaryimage"},"thumbnailUrl":"https:\/\/sakt.ee\/wp-content\/uploads\/2025\/05\/5887.jpg","datePublished":"2025-05-17T06:03:09+00:00","dateModified":"2025-08-13T16:20:58+00:00","breadcrumb":{"@id":"https:\/\/sakt.ee\/en\/pood\/process-sensors\/temperature-sensors\/wired-temperature-sensors\/pt100-0-200c-with-magnet-o13mm-90-degree-class-b-3-core-5m-teflon\/#breadcrumb"},"inLanguage":"en-US","potentialAction":[{"@type":"ReadAction","target":["https:\/\/sakt.ee\/en\/pood\/process-sensors\/temperature-sensors\/wired-temperature-sensors\/pt100-0-200c-with-magnet-o13mm-90-degree-class-b-3-core-5m-teflon\/"]}]},{"@type":"ImageObject","inLanguage":"en-US","@id":"https:\/\/sakt.ee\/en\/pood\/process-sensors\/temperature-sensors\/wired-temperature-sensors\/pt100-0-200c-with-magnet-o13mm-90-degree-class-b-3-core-5m-teflon\/#primaryimage","url":"https:\/\/sakt.ee\/wp-content\/uploads\/2025\/05\/5887.jpg","contentUrl":"https:\/\/sakt.ee\/wp-content\/uploads\/2025\/05\/5887.jpg","width":2550,"height":2372},{"@type":"BreadcrumbList","@id":"https:\/\/sakt.ee\/en\/pood\/process-sensors\/temperature-sensors\/wired-temperature-sensors\/pt100-0-200c-with-magnet-o13mm-90-degree-class-b-3-core-5m-teflon\/#breadcrumb","itemListElement":[{"@type":"ListItem","position":1,"name":"Home","item":"https:\/\/sakt.ee\/"},{"@type":"ListItem","position":2,"name":"Shop","item":"https:\/\/sakt.ee\/en\/shop\/"},{"@type":"ListItem","position":3,"name":"PT100; 0&#8230;+200C; with magnet; \u00d813mm; 90-degree; class B; 3-core; 5m Teflon"}]},{"@type":"WebSite","@id":"https:\/\/sakt.ee\/en\/#website","url":"https:\/\/sakt.ee\/en\/","name":"Sakala T\u00f6\u00f6stusautomaatika O\u00dc","description":"T\u00f6\u00f6stusautomaatika e-pood","publisher":{"@id":"https:\/\/sakt.ee\/en\/#organization"},"potentialAction":[{"@type":"SearchAction","target":{"@type":"EntryPoint","urlTemplate":"https:\/\/sakt.ee\/en\/?s={search_term_string}"},"query-input":{"@type":"PropertyValueSpecification","valueRequired":true,"valueName":"search_term_string"}}],"inLanguage":"en-US"},{"@type":"Organization","@id":"https:\/\/sakt.ee\/en\/#organization","name":"Sakala T\u00f6\u00f6stusautomaatika O\u00dc","url":"https:\/\/sakt.ee\/en\/","logo":{"@type":"ImageObject","inLanguage":"en-US","@id":"https:\/\/sakt.ee\/en\/#\/schema\/logo\/image\/","url":"https:\/\/sakt.ee\/wp-content\/uploads\/2025\/05\/Sakala-Toostusautomaatika-favicon.png","contentUrl":"https:\/\/sakt.ee\/wp-content\/uploads\/2025\/05\/Sakala-Toostusautomaatika-favicon.png","width":500,"height":500,"caption":"Sakala T\u00f6\u00f6stusautomaatika O\u00dc"},"image":{"@id":"https:\/\/sakt.ee\/en\/#\/schema\/logo\/image\/"}}]},"product_price_amount":"70.00","product_price_currency":"EUR","og_availability":"instock","product_availability":"instock","product_retailer_item_id":"PFH17971","product_condition":"new"},"_links":{"self":[{"href":"https:\/\/sakt.ee\/en\/wp-json\/wp\/v2\/product\/43373","targetHints":{"allow":["GET"]}}],"collection":[{"href":"https:\/\/sakt.ee\/en\/wp-json\/wp\/v2\/product"}],"about":[{"href":"https:\/\/sakt.ee\/en\/wp-json\/wp\/v2\/types\/product"}],"version-history":[{"count":0,"href":"https:\/\/sakt.ee\/en\/wp-json\/wp\/v2\/product\/43373\/revisions"}],"wp:featuredmedia":[{"embeddable":true,"href":"https:\/\/sakt.ee\/en\/wp-json\/wp\/v2\/media\/32391"}],"wp:attachment":[{"href":"https:\/\/sakt.ee\/en\/wp-json\/wp\/v2\/media?parent=43373"}],"wp:term":[{"taxonomy":"product_brand","embeddable":true,"href":"https:\/\/sakt.ee\/en\/wp-json\/wp\/v2\/product_brand?post=43373"},{"taxonomy":"product_cat","embeddable":true,"href":"https:\/\/sakt.ee\/en\/wp-json\/wp\/v2\/product_cat?post=43373"},{"taxonomy":"product_tag","embeddable":true,"href":"https:\/\/sakt.ee\/en\/wp-json\/wp\/v2\/product_tag?post=43373"},{"taxonomy":"manufacturers","embeddable":true,"href":"https:\/\/sakt.ee\/en\/wp-json\/wp\/v2\/manufacturers?post=43373"}],"curies":[{"name":"wp","href":"https:\/\/api.w.org\/{rel}","templated":true}]}}