{"id":43328,"date":"2025-05-17T06:10:16","date_gmt":"2025-05-17T06:10:16","guid":{"rendered":"https:\/\/sakt.ee\/product\/lr-signal-tower-bracket-extension-o22mm-800mm-aluminium\/"},"modified":"2025-08-13T19:22:00","modified_gmt":"2025-08-13T16:22:00","slug":"lr-signal-tower-bracket-extension-o22mm-800mm-aluminium","status":"publish","type":"product","link":"https:\/\/sakt.ee\/en\/pood\/signal-systems\/signal-towers\/lr-signal-tower-bracket-extension-o22mm-800mm-aluminium\/","title":{"rendered":"LR signal tower bracket, extension, \u00d822mm, 800mm, aluminium"},"content":{"rendered":"","protected":false},"excerpt":{"rendered":"","protected":false},"featured_media":32489,"template":"","meta":{"_acf_changed":false},"product_brand":[],"product_cat":[4267],"product_tag":[],"manufacturers":[7961],"class_list":{"0":"post-43328","1":"product","2":"type-product","3":"status-publish","4":"has-post-thumbnail","6":"product_cat-signal-towers","7":"pa_labimoot-22mm-en","8":"pa_materjal-aluminium","9":"pa_pikkus-800mm-en","10":"pa_seeria-lr-en","11":"pa_toode-accessories","12":"pa_tootja-patlite","13":"manufacturers-patlite","15":"first","16":"onbackorder","17":"taxable","18":"shipping-taxable","19":"purchasable","20":"product-type-simple"},"acf":[],"yoast_head":"<!-- This site is optimized with the Yoast SEO Premium plugin v25.4 (Yoast SEO v25.4) - https:\/\/yoast.com\/wordpress\/plugins\/seo\/ -->\n<title>LR signal tower bracket, extension, \u00d822mm, 800mm, aluminium - Sakala T\u00f6\u00f6stusautomaatika O\u00dc<\/title>\n<meta name=\"robots\" content=\"index, follow, max-snippet:-1, max-image-preview:large, max-video-preview:-1\" \/>\n<link rel=\"canonical\" href=\"https:\/\/sakt.ee\/en\/pood\/signal-systems\/signal-towers\/lr-signal-tower-bracket-extension-o22mm-800mm-aluminium\/\" \/>\n<meta property=\"og:locale\" content=\"en_US\" \/>\n<meta property=\"og:type\" content=\"article\" \/>\n<meta property=\"og:title\" content=\"LR signal tower bracket, extension, \u00d822mm, 800mm, aluminium\" \/>\n<meta property=\"og:url\" content=\"https:\/\/sakt.ee\/en\/pood\/signal-systems\/signal-towers\/lr-signal-tower-bracket-extension-o22mm-800mm-aluminium\/\" \/>\n<meta property=\"og:site_name\" content=\"Sakala T\u00f6\u00f6stusautomaatika O\u00dc\" \/>\n<meta property=\"article:modified_time\" content=\"2025-08-13T16:22:00+00:00\" \/>\n<meta property=\"og:image\" content=\"https:\/\/sakt.ee\/wp-content\/uploads\/2025\/05\/5405.jpg\" \/>\n\t<meta property=\"og:image:width\" content=\"280\" \/>\n\t<meta property=\"og:image:height\" content=\"210\" \/>\n\t<meta property=\"og:image:type\" content=\"image\/jpeg\" \/>\n<meta name=\"twitter:card\" content=\"summary_large_image\" \/>\n<meta name=\"twitter:label1\" content=\"Price\" \/>\n\t<meta name=\"twitter:data1\" content=\"27,80&euro; +VAT\" \/>\n\t<meta name=\"twitter:label2\" content=\"Availability\" \/>\n\t<meta name=\"twitter:data2\" content=\"On backorder\" \/>\n<script type=\"application\/ld+json\" class=\"yoast-schema-graph\">{\"@context\":\"https:\/\/schema.org\",\"@graph\":[{\"@type\":\"WebPage\",\"@id\":\"https:\/\/sakt.ee\/en\/pood\/signal-systems\/signal-towers\/lr-signal-tower-bracket-extension-o22mm-800mm-aluminium\/\",\"url\":\"https:\/\/sakt.ee\/en\/pood\/signal-systems\/signal-towers\/lr-signal-tower-bracket-extension-o22mm-800mm-aluminium\/\",\"name\":\"LR signal tower bracket, extension, \u00d822mm, 800mm, aluminium - Sakala T\u00f6\u00f6stusautomaatika O\u00dc\",\"isPartOf\":{\"@id\":\"https:\/\/sakt.ee\/en\/#website\"},\"primaryImageOfPage\":{\"@id\":\"https:\/\/sakt.ee\/en\/pood\/signal-systems\/signal-towers\/lr-signal-tower-bracket-extension-o22mm-800mm-aluminium\/#primaryimage\"},\"image\":{\"@id\":\"https:\/\/sakt.ee\/en\/pood\/signal-systems\/signal-towers\/lr-signal-tower-bracket-extension-o22mm-800mm-aluminium\/#primaryimage\"},\"thumbnailUrl\":\"https:\/\/sakt.ee\/wp-content\/uploads\/2025\/05\/5405.jpg\",\"datePublished\":\"2025-05-17T06:10:16+00:00\",\"dateModified\":\"2025-08-13T16:22:00+00:00\",\"breadcrumb\":{\"@id\":\"https:\/\/sakt.ee\/en\/pood\/signal-systems\/signal-towers\/lr-signal-tower-bracket-extension-o22mm-800mm-aluminium\/#breadcrumb\"},\"inLanguage\":\"en-US\",\"potentialAction\":[{\"@type\":\"ReadAction\",\"target\":[\"https:\/\/sakt.ee\/en\/pood\/signal-systems\/signal-towers\/lr-signal-tower-bracket-extension-o22mm-800mm-aluminium\/\"]}]},{\"@type\":\"ImageObject\",\"inLanguage\":\"en-US\",\"@id\":\"https:\/\/sakt.ee\/en\/pood\/signal-systems\/signal-towers\/lr-signal-tower-bracket-extension-o22mm-800mm-aluminium\/#primaryimage\",\"url\":\"https:\/\/sakt.ee\/wp-content\/uploads\/2025\/05\/5405.jpg\",\"contentUrl\":\"https:\/\/sakt.ee\/wp-content\/uploads\/2025\/05\/5405.jpg\",\"width\":280,\"height\":210},{\"@type\":\"BreadcrumbList\",\"@id\":\"https:\/\/sakt.ee\/en\/pood\/signal-systems\/signal-towers\/lr-signal-tower-bracket-extension-o22mm-800mm-aluminium\/#breadcrumb\",\"itemListElement\":[{\"@type\":\"ListItem\",\"position\":1,\"name\":\"Home\",\"item\":\"https:\/\/sakt.ee\/\"},{\"@type\":\"ListItem\",\"position\":2,\"name\":\"Shop\",\"item\":\"https:\/\/sakt.ee\/en\/shop\/\"},{\"@type\":\"ListItem\",\"position\":3,\"name\":\"LR signal tower bracket, extension, \u00d822mm, 800mm, aluminium\"}]},{\"@type\":\"WebSite\",\"@id\":\"https:\/\/sakt.ee\/en\/#website\",\"url\":\"https:\/\/sakt.ee\/en\/\",\"name\":\"Sakala T\u00f6\u00f6stusautomaatika O\u00dc\",\"description\":\"T\u00f6\u00f6stusautomaatika e-pood\",\"publisher\":{\"@id\":\"https:\/\/sakt.ee\/en\/#organization\"},\"potentialAction\":[{\"@type\":\"SearchAction\",\"target\":{\"@type\":\"EntryPoint\",\"urlTemplate\":\"https:\/\/sakt.ee\/en\/?s={search_term_string}\"},\"query-input\":{\"@type\":\"PropertyValueSpecification\",\"valueRequired\":true,\"valueName\":\"search_term_string\"}}],\"inLanguage\":\"en-US\"},{\"@type\":\"Organization\",\"@id\":\"https:\/\/sakt.ee\/en\/#organization\",\"name\":\"Sakala T\u00f6\u00f6stusautomaatika O\u00dc\",\"url\":\"https:\/\/sakt.ee\/en\/\",\"logo\":{\"@type\":\"ImageObject\",\"inLanguage\":\"en-US\",\"@id\":\"https:\/\/sakt.ee\/en\/#\/schema\/logo\/image\/\",\"url\":\"https:\/\/sakt.ee\/wp-content\/uploads\/2025\/05\/Sakala-Toostusautomaatika-favicon.png\",\"contentUrl\":\"https:\/\/sakt.ee\/wp-content\/uploads\/2025\/05\/Sakala-Toostusautomaatika-favicon.png\",\"width\":500,\"height\":500,\"caption\":\"Sakala T\u00f6\u00f6stusautomaatika O\u00dc\"},\"image\":{\"@id\":\"https:\/\/sakt.ee\/en\/#\/schema\/logo\/image\/\"}}]}<\/script>\n<meta property=\"product:price:amount\" content=\"27.80\" \/>\n<meta property=\"product:price:currency\" content=\"EUR\" \/>\n<meta property=\"og:availability\" content=\"backorder\" \/>\n<meta property=\"product:availability\" content=\"available for order\" \/>\n<meta property=\"product:retailer_item_id\" content=\"POLE-800A21\" \/>\n<meta property=\"product:condition\" content=\"new\" \/>\n<!-- \/ Yoast SEO Premium plugin. -->","yoast_head_json":{"title":"LR signal tower bracket, extension, \u00d822mm, 800mm, aluminium - Sakala T\u00f6\u00f6stusautomaatika O\u00dc","robots":{"index":"index","follow":"follow","max-snippet":"max-snippet:-1","max-image-preview":"max-image-preview:large","max-video-preview":"max-video-preview:-1"},"canonical":"https:\/\/sakt.ee\/en\/pood\/signal-systems\/signal-towers\/lr-signal-tower-bracket-extension-o22mm-800mm-aluminium\/","og_locale":"en_US","og_type":"article","og_title":"LR signal tower bracket, extension, \u00d822mm, 800mm, aluminium","og_url":"https:\/\/sakt.ee\/en\/pood\/signal-systems\/signal-towers\/lr-signal-tower-bracket-extension-o22mm-800mm-aluminium\/","og_site_name":"Sakala T\u00f6\u00f6stusautomaatika O\u00dc","article_modified_time":"2025-08-13T16:22:00+00:00","og_image":[{"width":280,"height":210,"url":"https:\/\/sakt.ee\/wp-content\/uploads\/2025\/05\/5405.jpg","type":"image\/jpeg"}],"twitter_card":"summary_large_image","twitter_misc":{"Price":"27,80&euro; +VAT","Availability":"On backorder"},"schema":{"@context":"https:\/\/schema.org","@graph":[{"@type":"WebPage","@id":"https:\/\/sakt.ee\/en\/pood\/signal-systems\/signal-towers\/lr-signal-tower-bracket-extension-o22mm-800mm-aluminium\/","url":"https:\/\/sakt.ee\/en\/pood\/signal-systems\/signal-towers\/lr-signal-tower-bracket-extension-o22mm-800mm-aluminium\/","name":"LR signal tower bracket, extension, \u00d822mm, 800mm, aluminium - Sakala T\u00f6\u00f6stusautomaatika O\u00dc","isPartOf":{"@id":"https:\/\/sakt.ee\/en\/#website"},"primaryImageOfPage":{"@id":"https:\/\/sakt.ee\/en\/pood\/signal-systems\/signal-towers\/lr-signal-tower-bracket-extension-o22mm-800mm-aluminium\/#primaryimage"},"image":{"@id":"https:\/\/sakt.ee\/en\/pood\/signal-systems\/signal-towers\/lr-signal-tower-bracket-extension-o22mm-800mm-aluminium\/#primaryimage"},"thumbnailUrl":"https:\/\/sakt.ee\/wp-content\/uploads\/2025\/05\/5405.jpg","datePublished":"2025-05-17T06:10:16+00:00","dateModified":"2025-08-13T16:22:00+00:00","breadcrumb":{"@id":"https:\/\/sakt.ee\/en\/pood\/signal-systems\/signal-towers\/lr-signal-tower-bracket-extension-o22mm-800mm-aluminium\/#breadcrumb"},"inLanguage":"en-US","potentialAction":[{"@type":"ReadAction","target":["https:\/\/sakt.ee\/en\/pood\/signal-systems\/signal-towers\/lr-signal-tower-bracket-extension-o22mm-800mm-aluminium\/"]}]},{"@type":"ImageObject","inLanguage":"en-US","@id":"https:\/\/sakt.ee\/en\/pood\/signal-systems\/signal-towers\/lr-signal-tower-bracket-extension-o22mm-800mm-aluminium\/#primaryimage","url":"https:\/\/sakt.ee\/wp-content\/uploads\/2025\/05\/5405.jpg","contentUrl":"https:\/\/sakt.ee\/wp-content\/uploads\/2025\/05\/5405.jpg","width":280,"height":210},{"@type":"BreadcrumbList","@id":"https:\/\/sakt.ee\/en\/pood\/signal-systems\/signal-towers\/lr-signal-tower-bracket-extension-o22mm-800mm-aluminium\/#breadcrumb","itemListElement":[{"@type":"ListItem","position":1,"name":"Home","item":"https:\/\/sakt.ee\/"},{"@type":"ListItem","position":2,"name":"Shop","item":"https:\/\/sakt.ee\/en\/shop\/"},{"@type":"ListItem","position":3,"name":"LR signal tower bracket, extension, \u00d822mm, 800mm, aluminium"}]},{"@type":"WebSite","@id":"https:\/\/sakt.ee\/en\/#website","url":"https:\/\/sakt.ee\/en\/","name":"Sakala T\u00f6\u00f6stusautomaatika O\u00dc","description":"T\u00f6\u00f6stusautomaatika e-pood","publisher":{"@id":"https:\/\/sakt.ee\/en\/#organization"},"potentialAction":[{"@type":"SearchAction","target":{"@type":"EntryPoint","urlTemplate":"https:\/\/sakt.ee\/en\/?s={search_term_string}"},"query-input":{"@type":"PropertyValueSpecification","valueRequired":true,"valueName":"search_term_string"}}],"inLanguage":"en-US"},{"@type":"Organization","@id":"https:\/\/sakt.ee\/en\/#organization","name":"Sakala T\u00f6\u00f6stusautomaatika O\u00dc","url":"https:\/\/sakt.ee\/en\/","logo":{"@type":"ImageObject","inLanguage":"en-US","@id":"https:\/\/sakt.ee\/en\/#\/schema\/logo\/image\/","url":"https:\/\/sakt.ee\/wp-content\/uploads\/2025\/05\/Sakala-Toostusautomaatika-favicon.png","contentUrl":"https:\/\/sakt.ee\/wp-content\/uploads\/2025\/05\/Sakala-Toostusautomaatika-favicon.png","width":500,"height":500,"caption":"Sakala T\u00f6\u00f6stusautomaatika O\u00dc"},"image":{"@id":"https:\/\/sakt.ee\/en\/#\/schema\/logo\/image\/"}}]},"product_price_amount":"27.80","product_price_currency":"EUR","og_availability":"backorder","product_availability":"available for order","product_retailer_item_id":"POLE-800A21","product_condition":"new"},"_links":{"self":[{"href":"https:\/\/sakt.ee\/en\/wp-json\/wp\/v2\/product\/43328","targetHints":{"allow":["GET"]}}],"collection":[{"href":"https:\/\/sakt.ee\/en\/wp-json\/wp\/v2\/product"}],"about":[{"href":"https:\/\/sakt.ee\/en\/wp-json\/wp\/v2\/types\/product"}],"version-history":[{"count":0,"href":"https:\/\/sakt.ee\/en\/wp-json\/wp\/v2\/product\/43328\/revisions"}],"wp:featuredmedia":[{"embeddable":true,"href":"https:\/\/sakt.ee\/en\/wp-json\/wp\/v2\/media\/32489"}],"wp:attachment":[{"href":"https:\/\/sakt.ee\/en\/wp-json\/wp\/v2\/media?parent=43328"}],"wp:term":[{"taxonomy":"product_brand","embeddable":true,"href":"https:\/\/sakt.ee\/en\/wp-json\/wp\/v2\/product_brand?post=43328"},{"taxonomy":"product_cat","embeddable":true,"href":"https:\/\/sakt.ee\/en\/wp-json\/wp\/v2\/product_cat?post=43328"},{"taxonomy":"product_tag","embeddable":true,"href":"https:\/\/sakt.ee\/en\/wp-json\/wp\/v2\/product_tag?post=43328"},{"taxonomy":"manufacturers","embeddable":true,"href":"https:\/\/sakt.ee\/en\/wp-json\/wp\/v2\/manufacturers?post=43328"}],"curies":[{"name":"wp","href":"https:\/\/api.w.org\/{rel}","templated":true}]}}